{"id":17414,"date":"2020-05-11T08:48:01","date_gmt":"2020-05-11T08:48:01","guid":{"rendered":"https:\/\/sindicom.hr\/katalog\/ventil-za-vrata-knorr-setra-org\/"},"modified":"2025-10-27T12:06:10","modified_gmt":"2025-10-27T12:06:10","slug":"ventil-za-vrata-knorr-setra-org","status":"publish","type":"product","link":"https:\/\/sindicom.hr\/en\/katalog\/ventil-za-vrata-knorr-setra-org\/","title":{"rendered":"VENTIL ZA VRATA 24V BUS MAN LIONS NEOPLAN TRAVEGO SETRA KNORR OE"},"content":{"rendered":"<p>0481007501100 KNORR  0481007501 KNORR  0481007503 KNORR  0481007503000 KNORR  2406255000 SOLARIS  2406.255.000 SOLARIS  2406 255 000 SOLARIS  0007601457 MERCEDES  A0007601457 MERCEDES  A 000 760 14 57 MERCEDES  6707600078 MERCEDES  A6707600078 MERCEDES  A 670 760 00 78 MERCEDES  36749206002 MAN  36.74920-6002 MAN  N1011047782 NEOPLAN  N1011047358 NEOPLAN  A30700104 ELEKTROMAGNET  1487213003 ELEKTROMAGNET  A30700104 SOLENOID COIL  1487213003 SOLENOID COIL  11047782 MERCEDES  42530280 MERCEDES  Magnetventil  Electrovanne  Solenoid Valve  V\u00e1lvula Solenoide  Valvola elettromagnetica  Zaw\u00f3r elektromagnetyczny  Bus-Magnett\u00fcrventil  Elettrovalvola porta bus  Bus solenoid door valve  \u00c9lectrovanne de porte de busfit  Autobus MAN Lions Coach  Autobus MAN Lions Star  Autobus Neoplan Skyliner  Autobus Neoplan Tourliner<\/p>\n","protected":false},"excerpt":{"rendered":"<p><img decoding=\"async\" class=\"alignnone size-medium wp-image-17705\" src=\"https:\/\/sindicom.hr\/wp-content\/uploads\/2020\/05\/knorr-bremse-300x300.png\" alt=\"\" width=\"300\" height=\"300\" srcset=\"https:\/\/sindicom.hr\/wp-content\/uploads\/2020\/05\/knorr-bremse-64x64.png 64w, https:\/\/sindicom.hr\/wp-content\/uploads\/2020\/05\/knorr-bremse-66x66.png 66w, https:\/\/sindicom.hr\/wp-content\/uploads\/2020\/05\/knorr-bremse-100x100.png 100w, https:\/\/sindicom.hr\/wp-content\/uploads\/2020\/05\/knorr-bremse-150x150.png 150w, https:\/\/sindicom.hr\/wp-content\/uploads\/2020\/05\/knorr-bremse-200x200.png 200w, https:\/\/sindicom.hr\/wp-content\/uploads\/2020\/05\/knorr-bremse.png 300w\" sizes=\"(max-width: 300px) 100vw, 300px\" \/><\/p>\n","protected":false},"featured_media":46711,"template":"","meta":{"inline_featured_image":false},"product_brand":[],"product_cat":[15,96,97,236,105,113,104,99,102,107,254,186],"product_tag":[],"class_list":{"0":"post-17414","1":"product","2":"type-product","3":"status-publish","4":"has-post-thumbnail","6":"product_cat-all-products","7":"product_cat-busevi","8":"product_cat-man","9":"product_cat-man-lions","10":"product_cat-mercedes","11":"product_cat-mercedes-teretna-vozila","12":"product_cat-neoplan","13":"product_cat-setra","14":"product_cat-solaris","15":"product_cat-teretna-vozila","16":"product_cat-travego","17":"product_cat-ventili-vrata","19":"first","20":"instock","21":"shipping-taxable","22":"purchasable","23":"product-type-simple"},"yoast_head":"<!-- This site is optimized with the Yoast SEO plugin v26.2 - https:\/\/yoast.com\/wordpress\/plugins\/seo\/ -->\n<title>VENTIL ZA VRATA 24V BUS MAN LIONS NEOPLAN TRAVEGO SETRA KNORR OE - Sindicom<\/title>\n<meta name=\"robots\" content=\"index, follow, max-snippet:-1, max-image-preview:large, max-video-preview:-1\" \/>\n<link rel=\"canonical\" href=\"https:\/\/sindicom.hr\/en\/katalog\/ventil-za-vrata-knorr-setra-org\/\" \/>\n<meta property=\"og:locale\" content=\"en_US\" \/>\n<meta property=\"og:type\" content=\"article\" \/>\n<meta property=\"og:title\" content=\"VENTIL ZA VRATA 24V BUS MAN LIONS NEOPLAN TRAVEGO SETRA KNORR OE - Sindicom\" \/>\n<meta property=\"og:url\" content=\"https:\/\/sindicom.hr\/en\/katalog\/ventil-za-vrata-knorr-setra-org\/\" \/>\n<meta property=\"og:site_name\" content=\"Sindicom\" \/>\n<meta property=\"article:publisher\" content=\"https:\/\/www.facebook.com\/Sindicom-doo-170277286366043\/\" \/>\n<meta property=\"article:modified_time\" content=\"2025-10-27T12:06:10+00:00\" \/>\n<meta property=\"og:image\" content=\"https:\/\/sindicom.hr\/wp-content\/uploads\/2020\/05\/0481007501100.webp\" \/>\n\t<meta property=\"og:image:width\" content=\"600\" \/>\n\t<meta property=\"og:image:height\" content=\"600\" \/>\n\t<meta property=\"og:image:type\" content=\"image\/webp\" \/>\n<meta name=\"twitter:card\" content=\"summary_large_image\" \/>\n<meta name=\"twitter:label1\" content=\"Est. reading time\" \/>\n\t<meta name=\"twitter:data1\" content=\"1 minute\" \/>\n<script type=\"application\/ld+json\" class=\"yoast-schema-graph\">{\"@context\":\"https:\/\/schema.org\",\"@graph\":[{\"@type\":\"WebPage\",\"@id\":\"https:\/\/sindicom.hr\/en\/katalog\/ventil-za-vrata-knorr-setra-org\/\",\"url\":\"https:\/\/sindicom.hr\/en\/katalog\/ventil-za-vrata-knorr-setra-org\/\",\"name\":\"VENTIL ZA VRATA 24V BUS MAN LIONS NEOPLAN TRAVEGO SETRA KNORR OE - Sindicom\",\"isPartOf\":{\"@id\":\"https:\/\/sindicom.hr\/en\/#website\"},\"primaryImageOfPage\":{\"@id\":\"https:\/\/sindicom.hr\/en\/katalog\/ventil-za-vrata-knorr-setra-org\/#primaryimage\"},\"image\":{\"@id\":\"https:\/\/sindicom.hr\/en\/katalog\/ventil-za-vrata-knorr-setra-org\/#primaryimage\"},\"thumbnailUrl\":\"https:\/\/sindicom.hr\/wp-content\/uploads\/2020\/05\/0481007501100.webp\",\"datePublished\":\"2020-05-11T08:48:01+00:00\",\"dateModified\":\"2025-10-27T12:06:10+00:00\",\"breadcrumb\":{\"@id\":\"https:\/\/sindicom.hr\/en\/katalog\/ventil-za-vrata-knorr-setra-org\/#breadcrumb\"},\"inLanguage\":\"en-US\",\"potentialAction\":[{\"@type\":\"ReadAction\",\"target\":[\"https:\/\/sindicom.hr\/en\/katalog\/ventil-za-vrata-knorr-setra-org\/\"]}]},{\"@type\":\"ImageObject\",\"inLanguage\":\"en-US\",\"@id\":\"https:\/\/sindicom.hr\/en\/katalog\/ventil-za-vrata-knorr-setra-org\/#primaryimage\",\"url\":\"https:\/\/sindicom.hr\/wp-content\/uploads\/2020\/05\/0481007501100.webp\",\"contentUrl\":\"https:\/\/sindicom.hr\/wp-content\/uploads\/2020\/05\/0481007501100.webp\",\"width\":600,\"height\":600},{\"@type\":\"BreadcrumbList\",\"@id\":\"https:\/\/sindicom.hr\/en\/katalog\/ventil-za-vrata-knorr-setra-org\/#breadcrumb\",\"itemListElement\":[{\"@type\":\"ListItem\",\"position\":1,\"name\":\"Po\u010detna stranica\",\"item\":\"https:\/\/sindicom.hr\/en\/\"},{\"@type\":\"ListItem\",\"position\":2,\"name\":\"Katalog dijelova\",\"item\":\"https:\/\/sindicom.hr\/en\/catalog\/\"},{\"@type\":\"ListItem\",\"position\":3,\"name\":\"VENTIL ZA VRATA 24V BUS MAN LIONS NEOPLAN TRAVEGO SETRA KNORR OE\"}]},{\"@type\":\"WebSite\",\"@id\":\"https:\/\/sindicom.hr\/en\/#website\",\"url\":\"https:\/\/sindicom.hr\/en\/\",\"name\":\"SINDICOM\",\"description\":\"Trade and repair of pneumatic brakes, air and hydraulic systems for trucks and buses\",\"publisher\":{\"@id\":\"https:\/\/sindicom.hr\/en\/#organization\"},\"potentialAction\":[{\"@type\":\"SearchAction\",\"target\":{\"@type\":\"EntryPoint\",\"urlTemplate\":\"https:\/\/sindicom.hr\/en\/?s={search_term_string}\"},\"query-input\":{\"@type\":\"PropertyValueSpecification\",\"valueRequired\":true,\"valueName\":\"search_term_string\"}}],\"inLanguage\":\"en-US\"},{\"@type\":\"Organization\",\"@id\":\"https:\/\/sindicom.hr\/en\/#organization\",\"name\":\"SINDICOM d.o.o.\",\"url\":\"https:\/\/sindicom.hr\/en\/\",\"logo\":{\"@type\":\"ImageObject\",\"inLanguage\":\"en-US\",\"@id\":\"https:\/\/sindicom.hr\/en\/#\/schema\/logo\/image\/\",\"url\":\"https:\/\/sindicom.hr\/wp-content\/uploads\/2019\/11\/sindicom_logo_veliki1.jpg.png\",\"contentUrl\":\"https:\/\/sindicom.hr\/wp-content\/uploads\/2019\/11\/sindicom_logo_veliki1.jpg.png\",\"width\":732,\"height\":706,\"caption\":\"SINDICOM d.o.o.\"},\"image\":{\"@id\":\"https:\/\/sindicom.hr\/en\/#\/schema\/logo\/image\/\"},\"sameAs\":[\"https:\/\/www.facebook.com\/Sindicom-doo-170277286366043\/\",\"https:\/\/instagram.com\/sindicomdoo\"]}]}<\/script>\n<!-- \/ Yoast SEO plugin. -->","yoast_head_json":{"title":"VENTIL ZA VRATA 24V BUS MAN LIONS NEOPLAN TRAVEGO SETRA KNORR OE - Sindicom","robots":{"index":"index","follow":"follow","max-snippet":"max-snippet:-1","max-image-preview":"max-image-preview:large","max-video-preview":"max-video-preview:-1"},"canonical":"https:\/\/sindicom.hr\/en\/katalog\/ventil-za-vrata-knorr-setra-org\/","og_locale":"en_US","og_type":"article","og_title":"VENTIL ZA VRATA 24V BUS MAN LIONS NEOPLAN TRAVEGO SETRA KNORR OE - Sindicom","og_url":"https:\/\/sindicom.hr\/en\/katalog\/ventil-za-vrata-knorr-setra-org\/","og_site_name":"Sindicom","article_publisher":"https:\/\/www.facebook.com\/Sindicom-doo-170277286366043\/","article_modified_time":"2025-10-27T12:06:10+00:00","og_image":[{"width":600,"height":600,"url":"https:\/\/sindicom.hr\/wp-content\/uploads\/2020\/05\/0481007501100.webp","type":"image\/webp"}],"twitter_card":"summary_large_image","twitter_misc":{"Est. reading time":"1 minute"},"schema":{"@context":"https:\/\/schema.org","@graph":[{"@type":"WebPage","@id":"https:\/\/sindicom.hr\/en\/katalog\/ventil-za-vrata-knorr-setra-org\/","url":"https:\/\/sindicom.hr\/en\/katalog\/ventil-za-vrata-knorr-setra-org\/","name":"VENTIL ZA VRATA 24V BUS MAN LIONS NEOPLAN TRAVEGO SETRA KNORR OE - Sindicom","isPartOf":{"@id":"https:\/\/sindicom.hr\/en\/#website"},"primaryImageOfPage":{"@id":"https:\/\/sindicom.hr\/en\/katalog\/ventil-za-vrata-knorr-setra-org\/#primaryimage"},"image":{"@id":"https:\/\/sindicom.hr\/en\/katalog\/ventil-za-vrata-knorr-setra-org\/#primaryimage"},"thumbnailUrl":"https:\/\/sindicom.hr\/wp-content\/uploads\/2020\/05\/0481007501100.webp","datePublished":"2020-05-11T08:48:01+00:00","dateModified":"2025-10-27T12:06:10+00:00","breadcrumb":{"@id":"https:\/\/sindicom.hr\/en\/katalog\/ventil-za-vrata-knorr-setra-org\/#breadcrumb"},"inLanguage":"en-US","potentialAction":[{"@type":"ReadAction","target":["https:\/\/sindicom.hr\/en\/katalog\/ventil-za-vrata-knorr-setra-org\/"]}]},{"@type":"ImageObject","inLanguage":"en-US","@id":"https:\/\/sindicom.hr\/en\/katalog\/ventil-za-vrata-knorr-setra-org\/#primaryimage","url":"https:\/\/sindicom.hr\/wp-content\/uploads\/2020\/05\/0481007501100.webp","contentUrl":"https:\/\/sindicom.hr\/wp-content\/uploads\/2020\/05\/0481007501100.webp","width":600,"height":600},{"@type":"BreadcrumbList","@id":"https:\/\/sindicom.hr\/en\/katalog\/ventil-za-vrata-knorr-setra-org\/#breadcrumb","itemListElement":[{"@type":"ListItem","position":1,"name":"Po\u010detna stranica","item":"https:\/\/sindicom.hr\/en\/"},{"@type":"ListItem","position":2,"name":"Katalog dijelova","item":"https:\/\/sindicom.hr\/en\/catalog\/"},{"@type":"ListItem","position":3,"name":"VENTIL ZA VRATA 24V BUS MAN LIONS NEOPLAN TRAVEGO SETRA KNORR OE"}]},{"@type":"WebSite","@id":"https:\/\/sindicom.hr\/en\/#website","url":"https:\/\/sindicom.hr\/en\/","name":"SINDICOM","description":"Trade and repair of pneumatic brakes, air and hydraulic systems for trucks and buses","publisher":{"@id":"https:\/\/sindicom.hr\/en\/#organization"},"potentialAction":[{"@type":"SearchAction","target":{"@type":"EntryPoint","urlTemplate":"https:\/\/sindicom.hr\/en\/?s={search_term_string}"},"query-input":{"@type":"PropertyValueSpecification","valueRequired":true,"valueName":"search_term_string"}}],"inLanguage":"en-US"},{"@type":"Organization","@id":"https:\/\/sindicom.hr\/en\/#organization","name":"SINDICOM d.o.o.","url":"https:\/\/sindicom.hr\/en\/","logo":{"@type":"ImageObject","inLanguage":"en-US","@id":"https:\/\/sindicom.hr\/en\/#\/schema\/logo\/image\/","url":"https:\/\/sindicom.hr\/wp-content\/uploads\/2019\/11\/sindicom_logo_veliki1.jpg.png","contentUrl":"https:\/\/sindicom.hr\/wp-content\/uploads\/2019\/11\/sindicom_logo_veliki1.jpg.png","width":732,"height":706,"caption":"SINDICOM d.o.o."},"image":{"@id":"https:\/\/sindicom.hr\/en\/#\/schema\/logo\/image\/"},"sameAs":["https:\/\/www.facebook.com\/Sindicom-doo-170277286366043\/","https:\/\/instagram.com\/sindicomdoo"]}]}},"_links":{"self":[{"href":"https:\/\/sindicom.hr\/en\/wp-json\/wp\/v2\/product\/17414","targetHints":{"allow":["GET"]}}],"collection":[{"href":"https:\/\/sindicom.hr\/en\/wp-json\/wp\/v2\/product"}],"about":[{"href":"https:\/\/sindicom.hr\/en\/wp-json\/wp\/v2\/types\/product"}],"wp:featuredmedia":[{"embeddable":true,"href":"https:\/\/sindicom.hr\/en\/wp-json\/wp\/v2\/media\/46711"}],"wp:attachment":[{"href":"https:\/\/sindicom.hr\/en\/wp-json\/wp\/v2\/media?parent=17414"}],"wp:term":[{"taxonomy":"product_brand","embeddable":true,"href":"https:\/\/sindicom.hr\/en\/wp-json\/wp\/v2\/product_brand?post=17414"},{"taxonomy":"product_cat","embeddable":true,"href":"https:\/\/sindicom.hr\/en\/wp-json\/wp\/v2\/product_cat?post=17414"},{"taxonomy":"product_tag","embeddable":true,"href":"https:\/\/sindicom.hr\/en\/wp-json\/wp\/v2\/product_tag?post=17414"}],"curies":[{"name":"wp","href":"https:\/\/api.w.org\/{rel}","templated":true}]}}