{"id":17456,"date":"2020-05-11T08:48:31","date_gmt":"2020-05-11T08:48:31","guid":{"rendered":"https:\/\/sindicom.hr\/katalog\/zastitne-manzete-kocione-celjusti-brembo-iveco-68-mm-nabijajuce-zamj\/"},"modified":"2025-10-27T12:06:23","modified_gmt":"2025-10-27T12:06:23","slug":"zastitne-manzete-kocione-celjusti-brembo-iveco-68-mm-nabijajuce-zamj","status":"publish","type":"product","link":"https:\/\/sindicom.hr\/en\/katalog\/zastitne-manzete-kocione-celjusti-brembo-iveco-68-mm-nabijajuce-zamj\/","title":{"rendered":"SET ZA\u0160TITNIH MAN\u017dETA KO\u010cIONE \u010cELJUSTI 68 mm TVRDE NABIJAJU\u0106E BREMBO IVECO ZAMJ."},"content":{"rendered":"<p>268002 FRENKIT  93162044 IVECO  4832624 IVECO  4832625 IVECO  93161034 IVECO  93161471 IVECO  98469208 IVECO  98469209 IVECO  42532302 IVECO  42533007 IVECO  42534117 IVECO  42532303 IVECO  42533008 IVECO  42534118 IVECO  500352574 IVECO  500352575 IVECO  Brake Caliper repair kit  Bremssattel Reparatursatz  Kit de r\u00e9paration d&#8217;\u00e9trier de frein  Kit de reparaci\u00f3n de pinza de freno  Kit di riparazione della pinza del freno  Installation location: front. installation side: right\/left. IVECO EUROCARGO I-III 3.9D\/5.9D 01.91-09.15<\/p>\n","protected":false},"excerpt":{"rendered":"<p><img decoding=\"async\" class=\"alignnone size-medium wp-image-17694\" src=\"https:\/\/sindicom.hr\/wp-content\/uploads\/2020\/05\/aftermarket-300x300.png\" alt=\"\" width=\"300\" height=\"300\" srcset=\"https:\/\/sindicom.hr\/wp-content\/uploads\/2020\/05\/aftermarket-64x64.png 64w, https:\/\/sindicom.hr\/wp-content\/uploads\/2020\/05\/aftermarket-66x66.png 66w, https:\/\/sindicom.hr\/wp-content\/uploads\/2020\/05\/aftermarket-100x100.png 100w, https:\/\/sindicom.hr\/wp-content\/uploads\/2020\/05\/aftermarket-150x150.png 150w, https:\/\/sindicom.hr\/wp-content\/uploads\/2020\/05\/aftermarket-200x200.png 200w, https:\/\/sindicom.hr\/wp-content\/uploads\/2020\/05\/aftermarket.png 300w\" sizes=\"(max-width: 300px) 100vw, 300px\" \/><\/p>\n","protected":false},"featured_media":37883,"template":"","meta":{"inline_featured_image":false},"product_brand":[],"product_cat":[15,120],"product_tag":[],"class_list":{"0":"post-17456","1":"product","2":"type-product","3":"status-publish","4":"has-post-thumbnail","6":"product_cat-all-products","7":"product_cat-reparaturni-setovi","9":"first","10":"instock","11":"shipping-taxable","12":"purchasable","13":"product-type-simple"},"yoast_head":"<!-- This site is optimized with the Yoast SEO plugin v26.2 - https:\/\/yoast.com\/wordpress\/plugins\/seo\/ -->\n<title>SET ZA\u0160TITNIH MAN\u017dETA KO\u010cIONE \u010cELJUSTI 68 mm TVRDE NABIJAJU\u0106E BREMBO IVECO ZAMJ. - Sindicom<\/title>\n<meta name=\"robots\" content=\"index, follow, max-snippet:-1, max-image-preview:large, max-video-preview:-1\" \/>\n<link rel=\"canonical\" href=\"https:\/\/sindicom.hr\/en\/katalog\/zastitne-manzete-kocione-celjusti-brembo-iveco-68-mm-nabijajuce-zamj\/\" \/>\n<meta property=\"og:locale\" content=\"en_US\" \/>\n<meta property=\"og:type\" content=\"article\" \/>\n<meta property=\"og:title\" content=\"SET ZA\u0160TITNIH MAN\u017dETA KO\u010cIONE \u010cELJUSTI 68 mm TVRDE NABIJAJU\u0106E BREMBO IVECO ZAMJ. - Sindicom\" \/>\n<meta property=\"og:url\" content=\"https:\/\/sindicom.hr\/en\/katalog\/zastitne-manzete-kocione-celjusti-brembo-iveco-68-mm-nabijajuce-zamj\/\" \/>\n<meta property=\"og:site_name\" content=\"Sindicom\" \/>\n<meta property=\"article:publisher\" content=\"https:\/\/www.facebook.com\/Sindicom-doo-170277286366043\/\" \/>\n<meta property=\"article:modified_time\" content=\"2025-10-27T12:06:23+00:00\" \/>\n<meta property=\"og:image\" content=\"https:\/\/sindicom.hr\/wp-content\/uploads\/2020\/05\/268002-FRENKIT-93161034-IVECO-93161471.webp\" \/>\n\t<meta property=\"og:image:width\" content=\"600\" \/>\n\t<meta property=\"og:image:height\" content=\"600\" \/>\n\t<meta property=\"og:image:type\" content=\"image\/webp\" \/>\n<meta name=\"twitter:card\" content=\"summary_large_image\" \/>\n<meta name=\"twitter:label1\" content=\"Est. reading time\" \/>\n\t<meta name=\"twitter:data1\" content=\"1 minute\" \/>\n<script type=\"application\/ld+json\" class=\"yoast-schema-graph\">{\"@context\":\"https:\/\/schema.org\",\"@graph\":[{\"@type\":\"WebPage\",\"@id\":\"https:\/\/sindicom.hr\/en\/katalog\/zastitne-manzete-kocione-celjusti-brembo-iveco-68-mm-nabijajuce-zamj\/\",\"url\":\"https:\/\/sindicom.hr\/en\/katalog\/zastitne-manzete-kocione-celjusti-brembo-iveco-68-mm-nabijajuce-zamj\/\",\"name\":\"SET ZA\u0160TITNIH MAN\u017dETA KO\u010cIONE \u010cELJUSTI 68 mm TVRDE NABIJAJU\u0106E BREMBO IVECO ZAMJ. - Sindicom\",\"isPartOf\":{\"@id\":\"https:\/\/sindicom.hr\/en\/#website\"},\"primaryImageOfPage\":{\"@id\":\"https:\/\/sindicom.hr\/en\/katalog\/zastitne-manzete-kocione-celjusti-brembo-iveco-68-mm-nabijajuce-zamj\/#primaryimage\"},\"image\":{\"@id\":\"https:\/\/sindicom.hr\/en\/katalog\/zastitne-manzete-kocione-celjusti-brembo-iveco-68-mm-nabijajuce-zamj\/#primaryimage\"},\"thumbnailUrl\":\"https:\/\/sindicom.hr\/wp-content\/uploads\/2020\/05\/268002-FRENKIT-93161034-IVECO-93161471.webp\",\"datePublished\":\"2020-05-11T08:48:31+00:00\",\"dateModified\":\"2025-10-27T12:06:23+00:00\",\"breadcrumb\":{\"@id\":\"https:\/\/sindicom.hr\/en\/katalog\/zastitne-manzete-kocione-celjusti-brembo-iveco-68-mm-nabijajuce-zamj\/#breadcrumb\"},\"inLanguage\":\"en-US\",\"potentialAction\":[{\"@type\":\"ReadAction\",\"target\":[\"https:\/\/sindicom.hr\/en\/katalog\/zastitne-manzete-kocione-celjusti-brembo-iveco-68-mm-nabijajuce-zamj\/\"]}]},{\"@type\":\"ImageObject\",\"inLanguage\":\"en-US\",\"@id\":\"https:\/\/sindicom.hr\/en\/katalog\/zastitne-manzete-kocione-celjusti-brembo-iveco-68-mm-nabijajuce-zamj\/#primaryimage\",\"url\":\"https:\/\/sindicom.hr\/wp-content\/uploads\/2020\/05\/268002-FRENKIT-93161034-IVECO-93161471.webp\",\"contentUrl\":\"https:\/\/sindicom.hr\/wp-content\/uploads\/2020\/05\/268002-FRENKIT-93161034-IVECO-93161471.webp\",\"width\":600,\"height\":600},{\"@type\":\"BreadcrumbList\",\"@id\":\"https:\/\/sindicom.hr\/en\/katalog\/zastitne-manzete-kocione-celjusti-brembo-iveco-68-mm-nabijajuce-zamj\/#breadcrumb\",\"itemListElement\":[{\"@type\":\"ListItem\",\"position\":1,\"name\":\"Po\u010detna stranica\",\"item\":\"https:\/\/sindicom.hr\/en\/\"},{\"@type\":\"ListItem\",\"position\":2,\"name\":\"Katalog dijelova\",\"item\":\"https:\/\/sindicom.hr\/en\/catalog\/\"},{\"@type\":\"ListItem\",\"position\":3,\"name\":\"SET ZA\u0160TITNIH MAN\u017dETA KO\u010cIONE \u010cELJUSTI 68 mm BREMBO IVECO NABIJAJU\u0106E ZAMJ.\"}]},{\"@type\":\"WebSite\",\"@id\":\"https:\/\/sindicom.hr\/en\/#website\",\"url\":\"https:\/\/sindicom.hr\/en\/\",\"name\":\"SINDICOM\",\"description\":\"Trade and repair of pneumatic brakes, air and hydraulic systems for trucks and buses\",\"publisher\":{\"@id\":\"https:\/\/sindicom.hr\/en\/#organization\"},\"potentialAction\":[{\"@type\":\"SearchAction\",\"target\":{\"@type\":\"EntryPoint\",\"urlTemplate\":\"https:\/\/sindicom.hr\/en\/?s={search_term_string}\"},\"query-input\":{\"@type\":\"PropertyValueSpecification\",\"valueRequired\":true,\"valueName\":\"search_term_string\"}}],\"inLanguage\":\"en-US\"},{\"@type\":\"Organization\",\"@id\":\"https:\/\/sindicom.hr\/en\/#organization\",\"name\":\"SINDICOM d.o.o.\",\"url\":\"https:\/\/sindicom.hr\/en\/\",\"logo\":{\"@type\":\"ImageObject\",\"inLanguage\":\"en-US\",\"@id\":\"https:\/\/sindicom.hr\/en\/#\/schema\/logo\/image\/\",\"url\":\"https:\/\/sindicom.hr\/wp-content\/uploads\/2019\/11\/sindicom_logo_veliki1.jpg.png\",\"contentUrl\":\"https:\/\/sindicom.hr\/wp-content\/uploads\/2019\/11\/sindicom_logo_veliki1.jpg.png\",\"width\":732,\"height\":706,\"caption\":\"SINDICOM d.o.o.\"},\"image\":{\"@id\":\"https:\/\/sindicom.hr\/en\/#\/schema\/logo\/image\/\"},\"sameAs\":[\"https:\/\/www.facebook.com\/Sindicom-doo-170277286366043\/\",\"https:\/\/instagram.com\/sindicomdoo\"]}]}<\/script>\n<!-- \/ Yoast SEO plugin. -->","yoast_head_json":{"title":"SET ZA\u0160TITNIH MAN\u017dETA KO\u010cIONE \u010cELJUSTI 68 mm TVRDE NABIJAJU\u0106E BREMBO IVECO ZAMJ. - Sindicom","robots":{"index":"index","follow":"follow","max-snippet":"max-snippet:-1","max-image-preview":"max-image-preview:large","max-video-preview":"max-video-preview:-1"},"canonical":"https:\/\/sindicom.hr\/en\/katalog\/zastitne-manzete-kocione-celjusti-brembo-iveco-68-mm-nabijajuce-zamj\/","og_locale":"en_US","og_type":"article","og_title":"SET ZA\u0160TITNIH MAN\u017dETA KO\u010cIONE \u010cELJUSTI 68 mm TVRDE NABIJAJU\u0106E BREMBO IVECO ZAMJ. - Sindicom","og_url":"https:\/\/sindicom.hr\/en\/katalog\/zastitne-manzete-kocione-celjusti-brembo-iveco-68-mm-nabijajuce-zamj\/","og_site_name":"Sindicom","article_publisher":"https:\/\/www.facebook.com\/Sindicom-doo-170277286366043\/","article_modified_time":"2025-10-27T12:06:23+00:00","og_image":[{"width":600,"height":600,"url":"https:\/\/sindicom.hr\/wp-content\/uploads\/2020\/05\/268002-FRENKIT-93161034-IVECO-93161471.webp","type":"image\/webp"}],"twitter_card":"summary_large_image","twitter_misc":{"Est. reading time":"1 minute"},"schema":{"@context":"https:\/\/schema.org","@graph":[{"@type":"WebPage","@id":"https:\/\/sindicom.hr\/en\/katalog\/zastitne-manzete-kocione-celjusti-brembo-iveco-68-mm-nabijajuce-zamj\/","url":"https:\/\/sindicom.hr\/en\/katalog\/zastitne-manzete-kocione-celjusti-brembo-iveco-68-mm-nabijajuce-zamj\/","name":"SET ZA\u0160TITNIH MAN\u017dETA KO\u010cIONE \u010cELJUSTI 68 mm TVRDE NABIJAJU\u0106E BREMBO IVECO ZAMJ. - Sindicom","isPartOf":{"@id":"https:\/\/sindicom.hr\/en\/#website"},"primaryImageOfPage":{"@id":"https:\/\/sindicom.hr\/en\/katalog\/zastitne-manzete-kocione-celjusti-brembo-iveco-68-mm-nabijajuce-zamj\/#primaryimage"},"image":{"@id":"https:\/\/sindicom.hr\/en\/katalog\/zastitne-manzete-kocione-celjusti-brembo-iveco-68-mm-nabijajuce-zamj\/#primaryimage"},"thumbnailUrl":"https:\/\/sindicom.hr\/wp-content\/uploads\/2020\/05\/268002-FRENKIT-93161034-IVECO-93161471.webp","datePublished":"2020-05-11T08:48:31+00:00","dateModified":"2025-10-27T12:06:23+00:00","breadcrumb":{"@id":"https:\/\/sindicom.hr\/en\/katalog\/zastitne-manzete-kocione-celjusti-brembo-iveco-68-mm-nabijajuce-zamj\/#breadcrumb"},"inLanguage":"en-US","potentialAction":[{"@type":"ReadAction","target":["https:\/\/sindicom.hr\/en\/katalog\/zastitne-manzete-kocione-celjusti-brembo-iveco-68-mm-nabijajuce-zamj\/"]}]},{"@type":"ImageObject","inLanguage":"en-US","@id":"https:\/\/sindicom.hr\/en\/katalog\/zastitne-manzete-kocione-celjusti-brembo-iveco-68-mm-nabijajuce-zamj\/#primaryimage","url":"https:\/\/sindicom.hr\/wp-content\/uploads\/2020\/05\/268002-FRENKIT-93161034-IVECO-93161471.webp","contentUrl":"https:\/\/sindicom.hr\/wp-content\/uploads\/2020\/05\/268002-FRENKIT-93161034-IVECO-93161471.webp","width":600,"height":600},{"@type":"BreadcrumbList","@id":"https:\/\/sindicom.hr\/en\/katalog\/zastitne-manzete-kocione-celjusti-brembo-iveco-68-mm-nabijajuce-zamj\/#breadcrumb","itemListElement":[{"@type":"ListItem","position":1,"name":"Po\u010detna stranica","item":"https:\/\/sindicom.hr\/en\/"},{"@type":"ListItem","position":2,"name":"Katalog dijelova","item":"https:\/\/sindicom.hr\/en\/catalog\/"},{"@type":"ListItem","position":3,"name":"SET ZA\u0160TITNIH MAN\u017dETA KO\u010cIONE \u010cELJUSTI 68 mm BREMBO IVECO NABIJAJU\u0106E ZAMJ."}]},{"@type":"WebSite","@id":"https:\/\/sindicom.hr\/en\/#website","url":"https:\/\/sindicom.hr\/en\/","name":"SINDICOM","description":"Trade and repair of pneumatic brakes, air and hydraulic systems for trucks and buses","publisher":{"@id":"https:\/\/sindicom.hr\/en\/#organization"},"potentialAction":[{"@type":"SearchAction","target":{"@type":"EntryPoint","urlTemplate":"https:\/\/sindicom.hr\/en\/?s={search_term_string}"},"query-input":{"@type":"PropertyValueSpecification","valueRequired":true,"valueName":"search_term_string"}}],"inLanguage":"en-US"},{"@type":"Organization","@id":"https:\/\/sindicom.hr\/en\/#organization","name":"SINDICOM d.o.o.","url":"https:\/\/sindicom.hr\/en\/","logo":{"@type":"ImageObject","inLanguage":"en-US","@id":"https:\/\/sindicom.hr\/en\/#\/schema\/logo\/image\/","url":"https:\/\/sindicom.hr\/wp-content\/uploads\/2019\/11\/sindicom_logo_veliki1.jpg.png","contentUrl":"https:\/\/sindicom.hr\/wp-content\/uploads\/2019\/11\/sindicom_logo_veliki1.jpg.png","width":732,"height":706,"caption":"SINDICOM d.o.o."},"image":{"@id":"https:\/\/sindicom.hr\/en\/#\/schema\/logo\/image\/"},"sameAs":["https:\/\/www.facebook.com\/Sindicom-doo-170277286366043\/","https:\/\/instagram.com\/sindicomdoo"]}]}},"_links":{"self":[{"href":"https:\/\/sindicom.hr\/en\/wp-json\/wp\/v2\/product\/17456","targetHints":{"allow":["GET"]}}],"collection":[{"href":"https:\/\/sindicom.hr\/en\/wp-json\/wp\/v2\/product"}],"about":[{"href":"https:\/\/sindicom.hr\/en\/wp-json\/wp\/v2\/types\/product"}],"wp:featuredmedia":[{"embeddable":true,"href":"https:\/\/sindicom.hr\/en\/wp-json\/wp\/v2\/media\/37883"}],"wp:attachment":[{"href":"https:\/\/sindicom.hr\/en\/wp-json\/wp\/v2\/media?parent=17456"}],"wp:term":[{"taxonomy":"product_brand","embeddable":true,"href":"https:\/\/sindicom.hr\/en\/wp-json\/wp\/v2\/product_brand?post=17456"},{"taxonomy":"product_cat","embeddable":true,"href":"https:\/\/sindicom.hr\/en\/wp-json\/wp\/v2\/product_cat?post=17456"},{"taxonomy":"product_tag","embeddable":true,"href":"https:\/\/sindicom.hr\/en\/wp-json\/wp\/v2\/product_tag?post=17456"}],"curies":[{"name":"wp","href":"https:\/\/api.w.org\/{rel}","templated":true}]}}