{"id":17519,"date":"2020-05-11T08:48:54","date_gmt":"2020-05-11T08:48:54","guid":{"rendered":"https:\/\/sindicom.hr\/katalog\/ventil-sjedala-iveco-crno-smedi-priklj-org\/"},"modified":"2025-10-27T12:06:41","modified_gmt":"2025-10-27T12:06:41","slug":"ventil-sjedala-iveco-crno-smedi-priklj-org","status":"publish","type":"product","link":"https:\/\/sindicom.hr\/en\/katalog\/ventil-sjedala-iveco-crno-smedi-priklj-org\/","title":{"rendered":"VENTIL SJEDALA CRNO SME\u0110I PRIKLJU\u010cAK ISRINGHAUSEN IVECO OE"},"content":{"rendered":"<p>914514-34\/00 ISRI  9145143400 ISRI  914514-34 ISRI  914514-14 ISRI  914514-15 ISRI  91451414 ISRI  91451415 ISRI  914514-34\/00 ISRINGHAUSEN  9145143400 ISRINGHAUSEN  914514-34 ISRINGHAUSEN  914514-14 ISRINGHAUSEN  914514-15 ISRINGHAUSEN  91451414 ISRINGHAUSEN  91451415 ISRINGHAUSEN  93161392 IVECO  93162091 IVECO  42555092 IVECO  209107  RI-06208  Repair kit  Spares Kit  Reparatieset  Reparatursatz  Reparationssat  Kit di riparazione  Kit de r\u00e9paration  Kit de reparaci\u00f3n  Zestaw naprawczy  ISRI ISRINGHAUSEN Sitzverstellventil  ISRI ISRINGHAUSEN seat adjustment valve  ISRI ISRINGHAUSEN \u00fcl\u00e9s\u00e1ll\u00edt\u00f3 szelep  ISRI ISRINGHAUSEN zittingverstelklep  V\u00e1lvula de ajuste del asiento ISRINGHAUSEN  Soupape de r\u00e9glage de siege ISRI ISRINGHAUSEN  Valvola di regolazione del sedile ISRI ISRINGHAUSEN  SJEDALO. SJEDALA. SJEDI\u0160TE. SJEDI\u0160TA. SJEDELA. SJEDELO. SEAT. SEATS. SITTING. SIT. SEDE\u017d<\/p>\n","protected":false},"excerpt":{"rendered":"<p><img decoding=\"async\" class=\"alignnone size-medium wp-image-18038\" src=\"https:\/\/sindicom.hr\/wp-content\/uploads\/2020\/05\/iveco-300x300.png\" alt=\"\" width=\"300\" height=\"300\" srcset=\"https:\/\/sindicom.hr\/wp-content\/uploads\/2020\/05\/iveco-64x64.png 64w, https:\/\/sindicom.hr\/wp-content\/uploads\/2020\/05\/iveco-66x66.png 66w, https:\/\/sindicom.hr\/wp-content\/uploads\/2020\/05\/iveco-100x100.png 100w, https:\/\/sindicom.hr\/wp-content\/uploads\/2020\/05\/iveco-150x150.png 150w, https:\/\/sindicom.hr\/wp-content\/uploads\/2020\/05\/iveco-200x200.png 200w, https:\/\/sindicom.hr\/wp-content\/uploads\/2020\/05\/iveco.png 300w\" sizes=\"(max-width: 300px) 100vw, 300px\" \/><\/p>\n","protected":false},"featured_media":38006,"template":"","meta":{"inline_featured_image":false},"product_brand":[],"product_cat":[15,190],"product_tag":[],"class_list":{"0":"post-17519","1":"product","2":"type-product","3":"status-publish","4":"has-post-thumbnail","6":"product_cat-all-products","7":"product_cat-ventili-sjedala","9":"first","10":"instock","11":"shipping-taxable","12":"purchasable","13":"product-type-simple"},"yoast_head":"<!-- This site is optimized with the Yoast SEO plugin v26.2 - https:\/\/yoast.com\/wordpress\/plugins\/seo\/ -->\n<title>VENTIL SJEDALA CRNO SME\u0110I PRIKLJU\u010cAK ISRINGHAUSEN IVECO OE - Sindicom<\/title>\n<meta name=\"robots\" content=\"index, follow, max-snippet:-1, max-image-preview:large, max-video-preview:-1\" \/>\n<link rel=\"canonical\" href=\"https:\/\/sindicom.hr\/en\/katalog\/ventil-sjedala-iveco-crno-smedi-priklj-org\/\" \/>\n<meta property=\"og:locale\" content=\"en_US\" \/>\n<meta property=\"og:type\" content=\"article\" \/>\n<meta property=\"og:title\" content=\"VENTIL SJEDALA CRNO SME\u0110I PRIKLJU\u010cAK ISRINGHAUSEN IVECO OE - Sindicom\" \/>\n<meta property=\"og:url\" content=\"https:\/\/sindicom.hr\/en\/katalog\/ventil-sjedala-iveco-crno-smedi-priklj-org\/\" \/>\n<meta property=\"og:site_name\" content=\"Sindicom\" \/>\n<meta property=\"article:publisher\" content=\"https:\/\/www.facebook.com\/Sindicom-doo-170277286366043\/\" \/>\n<meta property=\"article:modified_time\" content=\"2025-10-27T12:06:41+00:00\" \/>\n<meta property=\"og:image\" content=\"https:\/\/sindicom.hr\/wp-content\/uploads\/2020\/05\/ISRI-9145143400-ISRI-914514-34.webp\" \/>\n\t<meta property=\"og:image:width\" content=\"600\" \/>\n\t<meta property=\"og:image:height\" content=\"600\" \/>\n\t<meta property=\"og:image:type\" content=\"image\/webp\" \/>\n<meta name=\"twitter:card\" content=\"summary_large_image\" \/>\n<meta name=\"twitter:label1\" content=\"Est. reading time\" \/>\n\t<meta name=\"twitter:data1\" content=\"1 minute\" \/>\n<script type=\"application\/ld+json\" class=\"yoast-schema-graph\">{\"@context\":\"https:\/\/schema.org\",\"@graph\":[{\"@type\":\"WebPage\",\"@id\":\"https:\/\/sindicom.hr\/en\/katalog\/ventil-sjedala-iveco-crno-smedi-priklj-org\/\",\"url\":\"https:\/\/sindicom.hr\/en\/katalog\/ventil-sjedala-iveco-crno-smedi-priklj-org\/\",\"name\":\"VENTIL SJEDALA CRNO SME\u0110I PRIKLJU\u010cAK ISRINGHAUSEN IVECO OE - Sindicom\",\"isPartOf\":{\"@id\":\"https:\/\/sindicom.hr\/en\/#website\"},\"primaryImageOfPage\":{\"@id\":\"https:\/\/sindicom.hr\/en\/katalog\/ventil-sjedala-iveco-crno-smedi-priklj-org\/#primaryimage\"},\"image\":{\"@id\":\"https:\/\/sindicom.hr\/en\/katalog\/ventil-sjedala-iveco-crno-smedi-priklj-org\/#primaryimage\"},\"thumbnailUrl\":\"https:\/\/sindicom.hr\/wp-content\/uploads\/2020\/05\/ISRI-9145143400-ISRI-914514-34.webp\",\"datePublished\":\"2020-05-11T08:48:54+00:00\",\"dateModified\":\"2025-10-27T12:06:41+00:00\",\"breadcrumb\":{\"@id\":\"https:\/\/sindicom.hr\/en\/katalog\/ventil-sjedala-iveco-crno-smedi-priklj-org\/#breadcrumb\"},\"inLanguage\":\"en-US\",\"potentialAction\":[{\"@type\":\"ReadAction\",\"target\":[\"https:\/\/sindicom.hr\/en\/katalog\/ventil-sjedala-iveco-crno-smedi-priklj-org\/\"]}]},{\"@type\":\"ImageObject\",\"inLanguage\":\"en-US\",\"@id\":\"https:\/\/sindicom.hr\/en\/katalog\/ventil-sjedala-iveco-crno-smedi-priklj-org\/#primaryimage\",\"url\":\"https:\/\/sindicom.hr\/wp-content\/uploads\/2020\/05\/ISRI-9145143400-ISRI-914514-34.webp\",\"contentUrl\":\"https:\/\/sindicom.hr\/wp-content\/uploads\/2020\/05\/ISRI-9145143400-ISRI-914514-34.webp\",\"width\":600,\"height\":600},{\"@type\":\"BreadcrumbList\",\"@id\":\"https:\/\/sindicom.hr\/en\/katalog\/ventil-sjedala-iveco-crno-smedi-priklj-org\/#breadcrumb\",\"itemListElement\":[{\"@type\":\"ListItem\",\"position\":1,\"name\":\"Po\u010detna stranica\",\"item\":\"https:\/\/sindicom.hr\/en\/\"},{\"@type\":\"ListItem\",\"position\":2,\"name\":\"Katalog dijelova\",\"item\":\"https:\/\/sindicom.hr\/en\/catalog\/\"},{\"@type\":\"ListItem\",\"position\":3,\"name\":\"VENTIL SJEDALA CRNO SME\u0110I PRIKLJU\u010cAK ISRINGHAUSEN IVECO OE\"}]},{\"@type\":\"WebSite\",\"@id\":\"https:\/\/sindicom.hr\/en\/#website\",\"url\":\"https:\/\/sindicom.hr\/en\/\",\"name\":\"SINDICOM\",\"description\":\"Trade and repair of pneumatic brakes, air and hydraulic systems for trucks and buses\",\"publisher\":{\"@id\":\"https:\/\/sindicom.hr\/en\/#organization\"},\"potentialAction\":[{\"@type\":\"SearchAction\",\"target\":{\"@type\":\"EntryPoint\",\"urlTemplate\":\"https:\/\/sindicom.hr\/en\/?s={search_term_string}\"},\"query-input\":{\"@type\":\"PropertyValueSpecification\",\"valueRequired\":true,\"valueName\":\"search_term_string\"}}],\"inLanguage\":\"en-US\"},{\"@type\":\"Organization\",\"@id\":\"https:\/\/sindicom.hr\/en\/#organization\",\"name\":\"SINDICOM d.o.o.\",\"url\":\"https:\/\/sindicom.hr\/en\/\",\"logo\":{\"@type\":\"ImageObject\",\"inLanguage\":\"en-US\",\"@id\":\"https:\/\/sindicom.hr\/en\/#\/schema\/logo\/image\/\",\"url\":\"https:\/\/sindicom.hr\/wp-content\/uploads\/2019\/11\/sindicom_logo_veliki1.jpg.png\",\"contentUrl\":\"https:\/\/sindicom.hr\/wp-content\/uploads\/2019\/11\/sindicom_logo_veliki1.jpg.png\",\"width\":732,\"height\":706,\"caption\":\"SINDICOM d.o.o.\"},\"image\":{\"@id\":\"https:\/\/sindicom.hr\/en\/#\/schema\/logo\/image\/\"},\"sameAs\":[\"https:\/\/www.facebook.com\/Sindicom-doo-170277286366043\/\",\"https:\/\/instagram.com\/sindicomdoo\"]}]}<\/script>\n<!-- \/ Yoast SEO plugin. -->","yoast_head_json":{"title":"VENTIL SJEDALA CRNO SME\u0110I PRIKLJU\u010cAK ISRINGHAUSEN IVECO OE - Sindicom","robots":{"index":"index","follow":"follow","max-snippet":"max-snippet:-1","max-image-preview":"max-image-preview:large","max-video-preview":"max-video-preview:-1"},"canonical":"https:\/\/sindicom.hr\/en\/katalog\/ventil-sjedala-iveco-crno-smedi-priklj-org\/","og_locale":"en_US","og_type":"article","og_title":"VENTIL SJEDALA CRNO SME\u0110I PRIKLJU\u010cAK ISRINGHAUSEN IVECO OE - Sindicom","og_url":"https:\/\/sindicom.hr\/en\/katalog\/ventil-sjedala-iveco-crno-smedi-priklj-org\/","og_site_name":"Sindicom","article_publisher":"https:\/\/www.facebook.com\/Sindicom-doo-170277286366043\/","article_modified_time":"2025-10-27T12:06:41+00:00","og_image":[{"width":600,"height":600,"url":"https:\/\/sindicom.hr\/wp-content\/uploads\/2020\/05\/ISRI-9145143400-ISRI-914514-34.webp","type":"image\/webp"}],"twitter_card":"summary_large_image","twitter_misc":{"Est. reading time":"1 minute"},"schema":{"@context":"https:\/\/schema.org","@graph":[{"@type":"WebPage","@id":"https:\/\/sindicom.hr\/en\/katalog\/ventil-sjedala-iveco-crno-smedi-priklj-org\/","url":"https:\/\/sindicom.hr\/en\/katalog\/ventil-sjedala-iveco-crno-smedi-priklj-org\/","name":"VENTIL SJEDALA CRNO SME\u0110I PRIKLJU\u010cAK ISRINGHAUSEN IVECO OE - Sindicom","isPartOf":{"@id":"https:\/\/sindicom.hr\/en\/#website"},"primaryImageOfPage":{"@id":"https:\/\/sindicom.hr\/en\/katalog\/ventil-sjedala-iveco-crno-smedi-priklj-org\/#primaryimage"},"image":{"@id":"https:\/\/sindicom.hr\/en\/katalog\/ventil-sjedala-iveco-crno-smedi-priklj-org\/#primaryimage"},"thumbnailUrl":"https:\/\/sindicom.hr\/wp-content\/uploads\/2020\/05\/ISRI-9145143400-ISRI-914514-34.webp","datePublished":"2020-05-11T08:48:54+00:00","dateModified":"2025-10-27T12:06:41+00:00","breadcrumb":{"@id":"https:\/\/sindicom.hr\/en\/katalog\/ventil-sjedala-iveco-crno-smedi-priklj-org\/#breadcrumb"},"inLanguage":"en-US","potentialAction":[{"@type":"ReadAction","target":["https:\/\/sindicom.hr\/en\/katalog\/ventil-sjedala-iveco-crno-smedi-priklj-org\/"]}]},{"@type":"ImageObject","inLanguage":"en-US","@id":"https:\/\/sindicom.hr\/en\/katalog\/ventil-sjedala-iveco-crno-smedi-priklj-org\/#primaryimage","url":"https:\/\/sindicom.hr\/wp-content\/uploads\/2020\/05\/ISRI-9145143400-ISRI-914514-34.webp","contentUrl":"https:\/\/sindicom.hr\/wp-content\/uploads\/2020\/05\/ISRI-9145143400-ISRI-914514-34.webp","width":600,"height":600},{"@type":"BreadcrumbList","@id":"https:\/\/sindicom.hr\/en\/katalog\/ventil-sjedala-iveco-crno-smedi-priklj-org\/#breadcrumb","itemListElement":[{"@type":"ListItem","position":1,"name":"Po\u010detna stranica","item":"https:\/\/sindicom.hr\/en\/"},{"@type":"ListItem","position":2,"name":"Katalog dijelova","item":"https:\/\/sindicom.hr\/en\/catalog\/"},{"@type":"ListItem","position":3,"name":"VENTIL SJEDALA CRNO SME\u0110I PRIKLJU\u010cAK ISRINGHAUSEN IVECO OE"}]},{"@type":"WebSite","@id":"https:\/\/sindicom.hr\/en\/#website","url":"https:\/\/sindicom.hr\/en\/","name":"SINDICOM","description":"Trade and repair of pneumatic brakes, air and hydraulic systems for trucks and buses","publisher":{"@id":"https:\/\/sindicom.hr\/en\/#organization"},"potentialAction":[{"@type":"SearchAction","target":{"@type":"EntryPoint","urlTemplate":"https:\/\/sindicom.hr\/en\/?s={search_term_string}"},"query-input":{"@type":"PropertyValueSpecification","valueRequired":true,"valueName":"search_term_string"}}],"inLanguage":"en-US"},{"@type":"Organization","@id":"https:\/\/sindicom.hr\/en\/#organization","name":"SINDICOM d.o.o.","url":"https:\/\/sindicom.hr\/en\/","logo":{"@type":"ImageObject","inLanguage":"en-US","@id":"https:\/\/sindicom.hr\/en\/#\/schema\/logo\/image\/","url":"https:\/\/sindicom.hr\/wp-content\/uploads\/2019\/11\/sindicom_logo_veliki1.jpg.png","contentUrl":"https:\/\/sindicom.hr\/wp-content\/uploads\/2019\/11\/sindicom_logo_veliki1.jpg.png","width":732,"height":706,"caption":"SINDICOM d.o.o."},"image":{"@id":"https:\/\/sindicom.hr\/en\/#\/schema\/logo\/image\/"},"sameAs":["https:\/\/www.facebook.com\/Sindicom-doo-170277286366043\/","https:\/\/instagram.com\/sindicomdoo"]}]}},"_links":{"self":[{"href":"https:\/\/sindicom.hr\/en\/wp-json\/wp\/v2\/product\/17519","targetHints":{"allow":["GET"]}}],"collection":[{"href":"https:\/\/sindicom.hr\/en\/wp-json\/wp\/v2\/product"}],"about":[{"href":"https:\/\/sindicom.hr\/en\/wp-json\/wp\/v2\/types\/product"}],"wp:featuredmedia":[{"embeddable":true,"href":"https:\/\/sindicom.hr\/en\/wp-json\/wp\/v2\/media\/38006"}],"wp:attachment":[{"href":"https:\/\/sindicom.hr\/en\/wp-json\/wp\/v2\/media?parent=17519"}],"wp:term":[{"taxonomy":"product_brand","embeddable":true,"href":"https:\/\/sindicom.hr\/en\/wp-json\/wp\/v2\/product_brand?post=17519"},{"taxonomy":"product_cat","embeddable":true,"href":"https:\/\/sindicom.hr\/en\/wp-json\/wp\/v2\/product_cat?post=17519"},{"taxonomy":"product_tag","embeddable":true,"href":"https:\/\/sindicom.hr\/en\/wp-json\/wp\/v2\/product_tag?post=17519"}],"curies":[{"name":"wp","href":"https:\/\/api.w.org\/{rel}","templated":true}]}}