{"id":17555,"date":"2020-05-11T08:49:08","date_gmt":"2020-05-11T08:49:08","guid":{"rendered":"https:\/\/sindicom.hr\/katalog\/isusivac-zraka-aps-apu-jedinica-wabco-scania-org\/"},"modified":"2025-10-27T12:06:54","modified_gmt":"2025-10-27T12:06:54","slug":"isusivac-zraka-aps-apu-jedinica-wabco-scania-org","status":"publish","type":"product","link":"https:\/\/sindicom.hr\/en\/katalog\/isusivac-zraka-aps-apu-jedinica-wabco-scania-org\/","title":{"rendered":"ISU\u0160IVA\u010c ZRAKA APS EAPU JEDINICA SCANIA R S EURO 6 WABCO OE"},"content":{"rendered":"<p>9325102270 WABCO  9325102290 WABCO  9325102220 WABCO  9325102230 WABCO  9325102240 WABCO  9325102250 WABCO  2246508 SCANIA  2440300 SCANIA  2594140 SCANIA  2594142 SCANIA  2594163 SCANIA  2651888 SCANIA  2671939 SCANIA  2795851 SCANIA  2897061 SCANIA  Sicurezza aerea elettronica (EAPU)  Electronic Air Processing Unit (EAPU) E-APU  Elektronische Luftaufbereitungseinheit (EAPU)  Elektronikus l\u00e9gkezel\u0151 egys\u00e9g (EAPU) E-APU  Elektronisk luftbehandlingsenhed (EAPU) E-APU  Unita elettronica di elaborazione dell&#8217;aria (EAPU) E-APU  Unit\u00e9 de traitement d&#8217;air \u00e9lectronique (EAPU) E-APU  Unidad de procesamiento electr\u00f3nico de aire (EAPU) E-APU<\/p>\n","protected":false},"excerpt":{"rendered":"<p><img decoding=\"async\" class=\"alignnone size-medium wp-image-17720\" src=\"https:\/\/sindicom.hr\/wp-content\/uploads\/2020\/05\/wabco-300x300.png\" alt=\"\" width=\"300\" height=\"300\" srcset=\"https:\/\/sindicom.hr\/wp-content\/uploads\/2020\/05\/wabco-64x64.png 64w, https:\/\/sindicom.hr\/wp-content\/uploads\/2020\/05\/wabco-66x66.png 66w, https:\/\/sindicom.hr\/wp-content\/uploads\/2020\/05\/wabco-100x100.png 100w, https:\/\/sindicom.hr\/wp-content\/uploads\/2020\/05\/wabco-150x150.png 150w, https:\/\/sindicom.hr\/wp-content\/uploads\/2020\/05\/wabco-200x200.png 200w, https:\/\/sindicom.hr\/wp-content\/uploads\/2020\/05\/wabco.png 300w\" sizes=\"(max-width: 300px) 100vw, 300px\" \/><\/p>\n","protected":false},"featured_media":38216,"template":"","meta":{"inline_featured_image":false},"product_brand":[],"product_cat":[15,33,34,109,107],"product_tag":[],"class_list":{"0":"post-17555","1":"product","2":"type-product","3":"status-publish","4":"has-post-thumbnail","6":"product_cat-all-products","7":"product_cat-isusivaci-zraka","8":"product_cat-jedinice-za-obradu-zraka","9":"product_cat-scania-teretna-vozila","10":"product_cat-teretna-vozila","12":"first","13":"instock","14":"shipping-taxable","15":"purchasable","16":"product-type-simple"},"yoast_head":"<!-- This site is optimized with the Yoast SEO plugin v26.2 - https:\/\/yoast.com\/wordpress\/plugins\/seo\/ -->\n<title>ISU\u0160IVA\u010c ZRAKA APS EAPU JEDINICA SCANIA R S EURO 6 WABCO OE - Sindicom<\/title>\n<meta name=\"robots\" content=\"index, follow, max-snippet:-1, max-image-preview:large, max-video-preview:-1\" \/>\n<link rel=\"canonical\" href=\"https:\/\/sindicom.hr\/en\/katalog\/isusivac-zraka-aps-apu-jedinica-wabco-scania-org\/\" \/>\n<meta property=\"og:locale\" content=\"en_US\" \/>\n<meta property=\"og:type\" content=\"article\" \/>\n<meta property=\"og:title\" content=\"ISU\u0160IVA\u010c ZRAKA APS EAPU JEDINICA SCANIA R S EURO 6 WABCO OE - Sindicom\" \/>\n<meta property=\"og:url\" content=\"https:\/\/sindicom.hr\/en\/katalog\/isusivac-zraka-aps-apu-jedinica-wabco-scania-org\/\" \/>\n<meta property=\"og:site_name\" content=\"Sindicom\" \/>\n<meta property=\"article:publisher\" content=\"https:\/\/www.facebook.com\/Sindicom-doo-170277286366043\/\" \/>\n<meta property=\"article:modified_time\" content=\"2025-10-27T12:06:54+00:00\" \/>\n<meta property=\"og:image\" content=\"https:\/\/sindicom.hr\/wp-content\/uploads\/2020\/05\/9325102270-WABCO-9325102290-WABCO.webp\" \/>\n\t<meta property=\"og:image:width\" content=\"600\" \/>\n\t<meta property=\"og:image:height\" content=\"600\" \/>\n\t<meta property=\"og:image:type\" content=\"image\/webp\" \/>\n<meta name=\"twitter:card\" content=\"summary_large_image\" \/>\n<meta name=\"twitter:label1\" content=\"Est. reading time\" \/>\n\t<meta name=\"twitter:data1\" content=\"1 minute\" \/>\n<script type=\"application\/ld+json\" class=\"yoast-schema-graph\">{\"@context\":\"https:\/\/schema.org\",\"@graph\":[{\"@type\":\"WebPage\",\"@id\":\"https:\/\/sindicom.hr\/en\/katalog\/isusivac-zraka-aps-apu-jedinica-wabco-scania-org\/\",\"url\":\"https:\/\/sindicom.hr\/en\/katalog\/isusivac-zraka-aps-apu-jedinica-wabco-scania-org\/\",\"name\":\"ISU\u0160IVA\u010c ZRAKA APS EAPU JEDINICA SCANIA R S EURO 6 WABCO OE - Sindicom\",\"isPartOf\":{\"@id\":\"https:\/\/sindicom.hr\/en\/#website\"},\"primaryImageOfPage\":{\"@id\":\"https:\/\/sindicom.hr\/en\/katalog\/isusivac-zraka-aps-apu-jedinica-wabco-scania-org\/#primaryimage\"},\"image\":{\"@id\":\"https:\/\/sindicom.hr\/en\/katalog\/isusivac-zraka-aps-apu-jedinica-wabco-scania-org\/#primaryimage\"},\"thumbnailUrl\":\"https:\/\/sindicom.hr\/wp-content\/uploads\/2020\/05\/9325102270-WABCO-9325102290-WABCO.webp\",\"datePublished\":\"2020-05-11T08:49:08+00:00\",\"dateModified\":\"2025-10-27T12:06:54+00:00\",\"breadcrumb\":{\"@id\":\"https:\/\/sindicom.hr\/en\/katalog\/isusivac-zraka-aps-apu-jedinica-wabco-scania-org\/#breadcrumb\"},\"inLanguage\":\"en-US\",\"potentialAction\":[{\"@type\":\"ReadAction\",\"target\":[\"https:\/\/sindicom.hr\/en\/katalog\/isusivac-zraka-aps-apu-jedinica-wabco-scania-org\/\"]}]},{\"@type\":\"ImageObject\",\"inLanguage\":\"en-US\",\"@id\":\"https:\/\/sindicom.hr\/en\/katalog\/isusivac-zraka-aps-apu-jedinica-wabco-scania-org\/#primaryimage\",\"url\":\"https:\/\/sindicom.hr\/wp-content\/uploads\/2020\/05\/9325102270-WABCO-9325102290-WABCO.webp\",\"contentUrl\":\"https:\/\/sindicom.hr\/wp-content\/uploads\/2020\/05\/9325102270-WABCO-9325102290-WABCO.webp\",\"width\":600,\"height\":600},{\"@type\":\"BreadcrumbList\",\"@id\":\"https:\/\/sindicom.hr\/en\/katalog\/isusivac-zraka-aps-apu-jedinica-wabco-scania-org\/#breadcrumb\",\"itemListElement\":[{\"@type\":\"ListItem\",\"position\":1,\"name\":\"Po\u010detna stranica\",\"item\":\"https:\/\/sindicom.hr\/en\/\"},{\"@type\":\"ListItem\",\"position\":2,\"name\":\"Katalog dijelova\",\"item\":\"https:\/\/sindicom.hr\/en\/catalog\/\"},{\"@type\":\"ListItem\",\"position\":3,\"name\":\"ISU\u0160IVA\u010c ZRAKA APS EAPU JEDINICA SCANIA R S EURO 6 WABCO OE\"}]},{\"@type\":\"WebSite\",\"@id\":\"https:\/\/sindicom.hr\/en\/#website\",\"url\":\"https:\/\/sindicom.hr\/en\/\",\"name\":\"SINDICOM\",\"description\":\"Trade and repair of pneumatic brakes, air and hydraulic systems for trucks and buses\",\"publisher\":{\"@id\":\"https:\/\/sindicom.hr\/en\/#organization\"},\"potentialAction\":[{\"@type\":\"SearchAction\",\"target\":{\"@type\":\"EntryPoint\",\"urlTemplate\":\"https:\/\/sindicom.hr\/en\/?s={search_term_string}\"},\"query-input\":{\"@type\":\"PropertyValueSpecification\",\"valueRequired\":true,\"valueName\":\"search_term_string\"}}],\"inLanguage\":\"en-US\"},{\"@type\":\"Organization\",\"@id\":\"https:\/\/sindicom.hr\/en\/#organization\",\"name\":\"SINDICOM d.o.o.\",\"url\":\"https:\/\/sindicom.hr\/en\/\",\"logo\":{\"@type\":\"ImageObject\",\"inLanguage\":\"en-US\",\"@id\":\"https:\/\/sindicom.hr\/en\/#\/schema\/logo\/image\/\",\"url\":\"https:\/\/sindicom.hr\/wp-content\/uploads\/2019\/11\/sindicom_logo_veliki1.jpg.png\",\"contentUrl\":\"https:\/\/sindicom.hr\/wp-content\/uploads\/2019\/11\/sindicom_logo_veliki1.jpg.png\",\"width\":732,\"height\":706,\"caption\":\"SINDICOM d.o.o.\"},\"image\":{\"@id\":\"https:\/\/sindicom.hr\/en\/#\/schema\/logo\/image\/\"},\"sameAs\":[\"https:\/\/www.facebook.com\/Sindicom-doo-170277286366043\/\",\"https:\/\/instagram.com\/sindicomdoo\"]}]}<\/script>\n<!-- \/ Yoast SEO plugin. -->","yoast_head_json":{"title":"ISU\u0160IVA\u010c ZRAKA APS EAPU JEDINICA SCANIA R S EURO 6 WABCO OE - Sindicom","robots":{"index":"index","follow":"follow","max-snippet":"max-snippet:-1","max-image-preview":"max-image-preview:large","max-video-preview":"max-video-preview:-1"},"canonical":"https:\/\/sindicom.hr\/en\/katalog\/isusivac-zraka-aps-apu-jedinica-wabco-scania-org\/","og_locale":"en_US","og_type":"article","og_title":"ISU\u0160IVA\u010c ZRAKA APS EAPU JEDINICA SCANIA R S EURO 6 WABCO OE - Sindicom","og_url":"https:\/\/sindicom.hr\/en\/katalog\/isusivac-zraka-aps-apu-jedinica-wabco-scania-org\/","og_site_name":"Sindicom","article_publisher":"https:\/\/www.facebook.com\/Sindicom-doo-170277286366043\/","article_modified_time":"2025-10-27T12:06:54+00:00","og_image":[{"width":600,"height":600,"url":"https:\/\/sindicom.hr\/wp-content\/uploads\/2020\/05\/9325102270-WABCO-9325102290-WABCO.webp","type":"image\/webp"}],"twitter_card":"summary_large_image","twitter_misc":{"Est. reading time":"1 minute"},"schema":{"@context":"https:\/\/schema.org","@graph":[{"@type":"WebPage","@id":"https:\/\/sindicom.hr\/en\/katalog\/isusivac-zraka-aps-apu-jedinica-wabco-scania-org\/","url":"https:\/\/sindicom.hr\/en\/katalog\/isusivac-zraka-aps-apu-jedinica-wabco-scania-org\/","name":"ISU\u0160IVA\u010c ZRAKA APS EAPU JEDINICA SCANIA R S EURO 6 WABCO OE - Sindicom","isPartOf":{"@id":"https:\/\/sindicom.hr\/en\/#website"},"primaryImageOfPage":{"@id":"https:\/\/sindicom.hr\/en\/katalog\/isusivac-zraka-aps-apu-jedinica-wabco-scania-org\/#primaryimage"},"image":{"@id":"https:\/\/sindicom.hr\/en\/katalog\/isusivac-zraka-aps-apu-jedinica-wabco-scania-org\/#primaryimage"},"thumbnailUrl":"https:\/\/sindicom.hr\/wp-content\/uploads\/2020\/05\/9325102270-WABCO-9325102290-WABCO.webp","datePublished":"2020-05-11T08:49:08+00:00","dateModified":"2025-10-27T12:06:54+00:00","breadcrumb":{"@id":"https:\/\/sindicom.hr\/en\/katalog\/isusivac-zraka-aps-apu-jedinica-wabco-scania-org\/#breadcrumb"},"inLanguage":"en-US","potentialAction":[{"@type":"ReadAction","target":["https:\/\/sindicom.hr\/en\/katalog\/isusivac-zraka-aps-apu-jedinica-wabco-scania-org\/"]}]},{"@type":"ImageObject","inLanguage":"en-US","@id":"https:\/\/sindicom.hr\/en\/katalog\/isusivac-zraka-aps-apu-jedinica-wabco-scania-org\/#primaryimage","url":"https:\/\/sindicom.hr\/wp-content\/uploads\/2020\/05\/9325102270-WABCO-9325102290-WABCO.webp","contentUrl":"https:\/\/sindicom.hr\/wp-content\/uploads\/2020\/05\/9325102270-WABCO-9325102290-WABCO.webp","width":600,"height":600},{"@type":"BreadcrumbList","@id":"https:\/\/sindicom.hr\/en\/katalog\/isusivac-zraka-aps-apu-jedinica-wabco-scania-org\/#breadcrumb","itemListElement":[{"@type":"ListItem","position":1,"name":"Po\u010detna stranica","item":"https:\/\/sindicom.hr\/en\/"},{"@type":"ListItem","position":2,"name":"Katalog dijelova","item":"https:\/\/sindicom.hr\/en\/catalog\/"},{"@type":"ListItem","position":3,"name":"ISU\u0160IVA\u010c ZRAKA APS EAPU JEDINICA SCANIA R S EURO 6 WABCO OE"}]},{"@type":"WebSite","@id":"https:\/\/sindicom.hr\/en\/#website","url":"https:\/\/sindicom.hr\/en\/","name":"SINDICOM","description":"Trade and repair of pneumatic brakes, air and hydraulic systems for trucks and buses","publisher":{"@id":"https:\/\/sindicom.hr\/en\/#organization"},"potentialAction":[{"@type":"SearchAction","target":{"@type":"EntryPoint","urlTemplate":"https:\/\/sindicom.hr\/en\/?s={search_term_string}"},"query-input":{"@type":"PropertyValueSpecification","valueRequired":true,"valueName":"search_term_string"}}],"inLanguage":"en-US"},{"@type":"Organization","@id":"https:\/\/sindicom.hr\/en\/#organization","name":"SINDICOM d.o.o.","url":"https:\/\/sindicom.hr\/en\/","logo":{"@type":"ImageObject","inLanguage":"en-US","@id":"https:\/\/sindicom.hr\/en\/#\/schema\/logo\/image\/","url":"https:\/\/sindicom.hr\/wp-content\/uploads\/2019\/11\/sindicom_logo_veliki1.jpg.png","contentUrl":"https:\/\/sindicom.hr\/wp-content\/uploads\/2019\/11\/sindicom_logo_veliki1.jpg.png","width":732,"height":706,"caption":"SINDICOM d.o.o."},"image":{"@id":"https:\/\/sindicom.hr\/en\/#\/schema\/logo\/image\/"},"sameAs":["https:\/\/www.facebook.com\/Sindicom-doo-170277286366043\/","https:\/\/instagram.com\/sindicomdoo"]}]}},"_links":{"self":[{"href":"https:\/\/sindicom.hr\/en\/wp-json\/wp\/v2\/product\/17555","targetHints":{"allow":["GET"]}}],"collection":[{"href":"https:\/\/sindicom.hr\/en\/wp-json\/wp\/v2\/product"}],"about":[{"href":"https:\/\/sindicom.hr\/en\/wp-json\/wp\/v2\/types\/product"}],"wp:featuredmedia":[{"embeddable":true,"href":"https:\/\/sindicom.hr\/en\/wp-json\/wp\/v2\/media\/38216"}],"wp:attachment":[{"href":"https:\/\/sindicom.hr\/en\/wp-json\/wp\/v2\/media?parent=17555"}],"wp:term":[{"taxonomy":"product_brand","embeddable":true,"href":"https:\/\/sindicom.hr\/en\/wp-json\/wp\/v2\/product_brand?post=17555"},{"taxonomy":"product_cat","embeddable":true,"href":"https:\/\/sindicom.hr\/en\/wp-json\/wp\/v2\/product_cat?post=17555"},{"taxonomy":"product_tag","embeddable":true,"href":"https:\/\/sindicom.hr\/en\/wp-json\/wp\/v2\/product_tag?post=17555"}],"curies":[{"name":"wp","href":"https:\/\/api.w.org\/{rel}","templated":true}]}}