{"id":17637,"date":"2020-05-11T08:50:02","date_gmt":"2020-05-11T08:50:02","guid":{"rendered":"https:\/\/sindicom.hr\/katalog\/elektromagnetni-ventil-herion-vaden-zamj\/"},"modified":"2025-10-27T12:07:19","modified_gmt":"2025-10-27T12:07:19","slug":"elektromagnetni-ventil-herion-vaden-zamj","status":"publish","type":"product","link":"https:\/\/sindicom.hr\/en\/katalog\/elektromagnetni-ventil-herion-vaden-zamj\/","title":{"rendered":"ELEKTROMAGNETNI VENTIL 24V DC HERION NORGREN KONGSBERG ZAMJ."},"content":{"rendered":"<p>303.11.0039 VADEN  628456AM KONGSBERG  A4052640389 MERCEDES  1020333 NORGREN  1020381 NORGREN  1025470 NORGREN  627494AM KONGSBERG  629139AM KONGSBERG  626583AM KONGSBERG  629138AM KONGSBERG  4052640389 MERCEDES  A4052640389 MERCEDES  A 405 264 03 89 MERCEDES  9452600057 MERCEDES  A9452600057 MERCEDES  A 945 260 00 57 MERCEDES  9452614057 MERCEDES  A9452614057 MERCEDES  A 945 261 40 57 MERCEDES  9605503255 MERCEDES  A9605503255 MERCEDES  A 960 550 32 55 MERCEDES  9605504355 MERCEDES  A9605504355 MERCEDES  A 960 550 43 55 MERCEDES  9605504855 MERCEDES  A9605504855 MERCEDES  A 960 550 48 55 MERCEDES  9605504655 MERCEDES  A9605504655 MERCEDES  A 960 550 46 55 MERCEDES  9702601157 MERCEDES  A9702601157 MERCEDES  A 970 260 11 57 MERCEDES  9452601957 MERCEDES  A9452601957 MERCEDES  A 945 260 19 57 MERCEDES  0012609163 MERCEDES  A0012609163 MERCEDES  A 001 260 91 63 MERCEDES  9605530141 MERCEDES  A9605530141 MERCEDES  A 960 553 01 41 MERCEDES  4.62616 DT  175981 FEBI  80420 AUGER  96211 AUGER  280.965 C.E.I  2880199 COJALI  2880202 COJALI  BA25039 SENSOR  303110039 VADEN  303110034 VADEN  303.11.0034 VADEN  Magnetspule  Solenoid coil  Solenoide spoel  Electromagnetic coil  Bobina del solenoide  Bobine de sol\u00e9noide  Bobina de solenoide  M\u00e1gnesszelep tekercs  Gearbox Housing Solenoid coil valve  Getriebegeh\u00e4use Magnetspule Ventil  Elettrovalvola della bobina dell&#8217;alloggiamento della trasmissione<\/p>\n","protected":false},"excerpt":{"rendered":"<p><img decoding=\"async\" class=\"alignnone size-medium wp-image-17694\" src=\"https:\/\/sindicom.hr\/wp-content\/uploads\/2020\/05\/aftermarket-300x300.png\" alt=\"\" width=\"300\" height=\"300\" srcset=\"https:\/\/sindicom.hr\/wp-content\/uploads\/2020\/05\/aftermarket-64x64.png 64w, https:\/\/sindicom.hr\/wp-content\/uploads\/2020\/05\/aftermarket-66x66.png 66w, https:\/\/sindicom.hr\/wp-content\/uploads\/2020\/05\/aftermarket-100x100.png 100w, https:\/\/sindicom.hr\/wp-content\/uploads\/2020\/05\/aftermarket-150x150.png 150w, https:\/\/sindicom.hr\/wp-content\/uploads\/2020\/05\/aftermarket-200x200.png 200w, https:\/\/sindicom.hr\/wp-content\/uploads\/2020\/05\/aftermarket.png 300w\" sizes=\"(max-width: 300px) 100vw, 300px\" \/><\/p>\n","protected":false},"featured_media":38498,"template":"","meta":{"inline_featured_image":false},"product_brand":[],"product_cat":[15,96,212,88,101,105,113,99,107,129],"product_tag":[],"class_list":{"0":"post-17637","1":"product","2":"type-product","3":"status-publish","4":"has-post-thumbnail","6":"product_cat-all-products","7":"product_cat-busevi","8":"product_cat-elektromagneti-electromagnets","9":"product_cat-elektromagnetni-ventili","10":"product_cat-evobus","11":"product_cat-mercedes","12":"product_cat-mercedes-teretna-vozila","13":"product_cat-setra","14":"product_cat-teretna-vozila","15":"product_cat-tourismo","17":"first","18":"instock","19":"shipping-taxable","20":"purchasable","21":"product-type-simple"},"yoast_head":"<!-- This site is optimized with the Yoast SEO plugin v26.2 - https:\/\/yoast.com\/wordpress\/plugins\/seo\/ -->\n<title>ELEKTROMAGNETNI VENTIL 24V DC HERION NORGREN KONGSBERG ZAMJ. - Sindicom<\/title>\n<meta name=\"robots\" content=\"index, follow, max-snippet:-1, max-image-preview:large, max-video-preview:-1\" \/>\n<link rel=\"canonical\" href=\"https:\/\/sindicom.hr\/en\/katalog\/elektromagnetni-ventil-herion-vaden-zamj\/\" \/>\n<meta property=\"og:locale\" content=\"en_US\" \/>\n<meta property=\"og:type\" content=\"article\" \/>\n<meta property=\"og:title\" content=\"ELEKTROMAGNETNI VENTIL 24V DC HERION NORGREN KONGSBERG ZAMJ. - Sindicom\" \/>\n<meta property=\"og:url\" content=\"https:\/\/sindicom.hr\/en\/katalog\/elektromagnetni-ventil-herion-vaden-zamj\/\" \/>\n<meta property=\"og:site_name\" content=\"Sindicom\" \/>\n<meta property=\"article:publisher\" content=\"https:\/\/www.facebook.com\/Sindicom-doo-170277286366043\/\" \/>\n<meta property=\"article:modified_time\" content=\"2025-10-27T12:07:19+00:00\" \/>\n<meta property=\"og:image\" content=\"https:\/\/sindicom.hr\/wp-content\/uploads\/2020\/05\/BA25039-SENSOR-303110039-VADEN.webp\" \/>\n\t<meta property=\"og:image:width\" content=\"600\" \/>\n\t<meta property=\"og:image:height\" content=\"600\" \/>\n\t<meta property=\"og:image:type\" content=\"image\/webp\" \/>\n<meta name=\"twitter:card\" content=\"summary_large_image\" \/>\n<meta name=\"twitter:label1\" content=\"Est. reading time\" \/>\n\t<meta name=\"twitter:data1\" content=\"2 minutes\" \/>\n<script type=\"application\/ld+json\" class=\"yoast-schema-graph\">{\"@context\":\"https:\/\/schema.org\",\"@graph\":[{\"@type\":\"WebPage\",\"@id\":\"https:\/\/sindicom.hr\/en\/katalog\/elektromagnetni-ventil-herion-vaden-zamj\/\",\"url\":\"https:\/\/sindicom.hr\/en\/katalog\/elektromagnetni-ventil-herion-vaden-zamj\/\",\"name\":\"ELEKTROMAGNETNI VENTIL 24V DC HERION NORGREN KONGSBERG ZAMJ. - Sindicom\",\"isPartOf\":{\"@id\":\"https:\/\/sindicom.hr\/en\/#website\"},\"primaryImageOfPage\":{\"@id\":\"https:\/\/sindicom.hr\/en\/katalog\/elektromagnetni-ventil-herion-vaden-zamj\/#primaryimage\"},\"image\":{\"@id\":\"https:\/\/sindicom.hr\/en\/katalog\/elektromagnetni-ventil-herion-vaden-zamj\/#primaryimage\"},\"thumbnailUrl\":\"https:\/\/sindicom.hr\/wp-content\/uploads\/2020\/05\/BA25039-SENSOR-303110039-VADEN.webp\",\"datePublished\":\"2020-05-11T08:50:02+00:00\",\"dateModified\":\"2025-10-27T12:07:19+00:00\",\"breadcrumb\":{\"@id\":\"https:\/\/sindicom.hr\/en\/katalog\/elektromagnetni-ventil-herion-vaden-zamj\/#breadcrumb\"},\"inLanguage\":\"en-US\",\"potentialAction\":[{\"@type\":\"ReadAction\",\"target\":[\"https:\/\/sindicom.hr\/en\/katalog\/elektromagnetni-ventil-herion-vaden-zamj\/\"]}]},{\"@type\":\"ImageObject\",\"inLanguage\":\"en-US\",\"@id\":\"https:\/\/sindicom.hr\/en\/katalog\/elektromagnetni-ventil-herion-vaden-zamj\/#primaryimage\",\"url\":\"https:\/\/sindicom.hr\/wp-content\/uploads\/2020\/05\/BA25039-SENSOR-303110039-VADEN.webp\",\"contentUrl\":\"https:\/\/sindicom.hr\/wp-content\/uploads\/2020\/05\/BA25039-SENSOR-303110039-VADEN.webp\",\"width\":600,\"height\":600},{\"@type\":\"BreadcrumbList\",\"@id\":\"https:\/\/sindicom.hr\/en\/katalog\/elektromagnetni-ventil-herion-vaden-zamj\/#breadcrumb\",\"itemListElement\":[{\"@type\":\"ListItem\",\"position\":1,\"name\":\"Po\u010detna stranica\",\"item\":\"https:\/\/sindicom.hr\/en\/\"},{\"@type\":\"ListItem\",\"position\":2,\"name\":\"Katalog dijelova\",\"item\":\"https:\/\/sindicom.hr\/en\/catalog\/\"},{\"@type\":\"ListItem\",\"position\":3,\"name\":\"ELEKTROMAGNETNI VENTIL 24V DC HERION NORGREN KONGSBERG ZAMJ.\"}]},{\"@type\":\"WebSite\",\"@id\":\"https:\/\/sindicom.hr\/en\/#website\",\"url\":\"https:\/\/sindicom.hr\/en\/\",\"name\":\"SINDICOM\",\"description\":\"Trade and repair of pneumatic brakes, air and hydraulic systems for trucks and buses\",\"publisher\":{\"@id\":\"https:\/\/sindicom.hr\/en\/#organization\"},\"potentialAction\":[{\"@type\":\"SearchAction\",\"target\":{\"@type\":\"EntryPoint\",\"urlTemplate\":\"https:\/\/sindicom.hr\/en\/?s={search_term_string}\"},\"query-input\":{\"@type\":\"PropertyValueSpecification\",\"valueRequired\":true,\"valueName\":\"search_term_string\"}}],\"inLanguage\":\"en-US\"},{\"@type\":\"Organization\",\"@id\":\"https:\/\/sindicom.hr\/en\/#organization\",\"name\":\"SINDICOM d.o.o.\",\"url\":\"https:\/\/sindicom.hr\/en\/\",\"logo\":{\"@type\":\"ImageObject\",\"inLanguage\":\"en-US\",\"@id\":\"https:\/\/sindicom.hr\/en\/#\/schema\/logo\/image\/\",\"url\":\"https:\/\/sindicom.hr\/wp-content\/uploads\/2019\/11\/sindicom_logo_veliki1.jpg.png\",\"contentUrl\":\"https:\/\/sindicom.hr\/wp-content\/uploads\/2019\/11\/sindicom_logo_veliki1.jpg.png\",\"width\":732,\"height\":706,\"caption\":\"SINDICOM d.o.o.\"},\"image\":{\"@id\":\"https:\/\/sindicom.hr\/en\/#\/schema\/logo\/image\/\"},\"sameAs\":[\"https:\/\/www.facebook.com\/Sindicom-doo-170277286366043\/\",\"https:\/\/instagram.com\/sindicomdoo\"]}]}<\/script>\n<!-- \/ Yoast SEO plugin. -->","yoast_head_json":{"title":"ELEKTROMAGNETNI VENTIL 24V DC HERION NORGREN KONGSBERG ZAMJ. - Sindicom","robots":{"index":"index","follow":"follow","max-snippet":"max-snippet:-1","max-image-preview":"max-image-preview:large","max-video-preview":"max-video-preview:-1"},"canonical":"https:\/\/sindicom.hr\/en\/katalog\/elektromagnetni-ventil-herion-vaden-zamj\/","og_locale":"en_US","og_type":"article","og_title":"ELEKTROMAGNETNI VENTIL 24V DC HERION NORGREN KONGSBERG ZAMJ. - Sindicom","og_url":"https:\/\/sindicom.hr\/en\/katalog\/elektromagnetni-ventil-herion-vaden-zamj\/","og_site_name":"Sindicom","article_publisher":"https:\/\/www.facebook.com\/Sindicom-doo-170277286366043\/","article_modified_time":"2025-10-27T12:07:19+00:00","og_image":[{"width":600,"height":600,"url":"https:\/\/sindicom.hr\/wp-content\/uploads\/2020\/05\/BA25039-SENSOR-303110039-VADEN.webp","type":"image\/webp"}],"twitter_card":"summary_large_image","twitter_misc":{"Est. reading time":"2 minutes"},"schema":{"@context":"https:\/\/schema.org","@graph":[{"@type":"WebPage","@id":"https:\/\/sindicom.hr\/en\/katalog\/elektromagnetni-ventil-herion-vaden-zamj\/","url":"https:\/\/sindicom.hr\/en\/katalog\/elektromagnetni-ventil-herion-vaden-zamj\/","name":"ELEKTROMAGNETNI VENTIL 24V DC HERION NORGREN KONGSBERG ZAMJ. - Sindicom","isPartOf":{"@id":"https:\/\/sindicom.hr\/en\/#website"},"primaryImageOfPage":{"@id":"https:\/\/sindicom.hr\/en\/katalog\/elektromagnetni-ventil-herion-vaden-zamj\/#primaryimage"},"image":{"@id":"https:\/\/sindicom.hr\/en\/katalog\/elektromagnetni-ventil-herion-vaden-zamj\/#primaryimage"},"thumbnailUrl":"https:\/\/sindicom.hr\/wp-content\/uploads\/2020\/05\/BA25039-SENSOR-303110039-VADEN.webp","datePublished":"2020-05-11T08:50:02+00:00","dateModified":"2025-10-27T12:07:19+00:00","breadcrumb":{"@id":"https:\/\/sindicom.hr\/en\/katalog\/elektromagnetni-ventil-herion-vaden-zamj\/#breadcrumb"},"inLanguage":"en-US","potentialAction":[{"@type":"ReadAction","target":["https:\/\/sindicom.hr\/en\/katalog\/elektromagnetni-ventil-herion-vaden-zamj\/"]}]},{"@type":"ImageObject","inLanguage":"en-US","@id":"https:\/\/sindicom.hr\/en\/katalog\/elektromagnetni-ventil-herion-vaden-zamj\/#primaryimage","url":"https:\/\/sindicom.hr\/wp-content\/uploads\/2020\/05\/BA25039-SENSOR-303110039-VADEN.webp","contentUrl":"https:\/\/sindicom.hr\/wp-content\/uploads\/2020\/05\/BA25039-SENSOR-303110039-VADEN.webp","width":600,"height":600},{"@type":"BreadcrumbList","@id":"https:\/\/sindicom.hr\/en\/katalog\/elektromagnetni-ventil-herion-vaden-zamj\/#breadcrumb","itemListElement":[{"@type":"ListItem","position":1,"name":"Po\u010detna stranica","item":"https:\/\/sindicom.hr\/en\/"},{"@type":"ListItem","position":2,"name":"Katalog dijelova","item":"https:\/\/sindicom.hr\/en\/catalog\/"},{"@type":"ListItem","position":3,"name":"ELEKTROMAGNETNI VENTIL 24V DC HERION NORGREN KONGSBERG ZAMJ."}]},{"@type":"WebSite","@id":"https:\/\/sindicom.hr\/en\/#website","url":"https:\/\/sindicom.hr\/en\/","name":"SINDICOM","description":"Trade and repair of pneumatic brakes, air and hydraulic systems for trucks and buses","publisher":{"@id":"https:\/\/sindicom.hr\/en\/#organization"},"potentialAction":[{"@type":"SearchAction","target":{"@type":"EntryPoint","urlTemplate":"https:\/\/sindicom.hr\/en\/?s={search_term_string}"},"query-input":{"@type":"PropertyValueSpecification","valueRequired":true,"valueName":"search_term_string"}}],"inLanguage":"en-US"},{"@type":"Organization","@id":"https:\/\/sindicom.hr\/en\/#organization","name":"SINDICOM d.o.o.","url":"https:\/\/sindicom.hr\/en\/","logo":{"@type":"ImageObject","inLanguage":"en-US","@id":"https:\/\/sindicom.hr\/en\/#\/schema\/logo\/image\/","url":"https:\/\/sindicom.hr\/wp-content\/uploads\/2019\/11\/sindicom_logo_veliki1.jpg.png","contentUrl":"https:\/\/sindicom.hr\/wp-content\/uploads\/2019\/11\/sindicom_logo_veliki1.jpg.png","width":732,"height":706,"caption":"SINDICOM d.o.o."},"image":{"@id":"https:\/\/sindicom.hr\/en\/#\/schema\/logo\/image\/"},"sameAs":["https:\/\/www.facebook.com\/Sindicom-doo-170277286366043\/","https:\/\/instagram.com\/sindicomdoo"]}]}},"_links":{"self":[{"href":"https:\/\/sindicom.hr\/en\/wp-json\/wp\/v2\/product\/17637","targetHints":{"allow":["GET"]}}],"collection":[{"href":"https:\/\/sindicom.hr\/en\/wp-json\/wp\/v2\/product"}],"about":[{"href":"https:\/\/sindicom.hr\/en\/wp-json\/wp\/v2\/types\/product"}],"wp:featuredmedia":[{"embeddable":true,"href":"https:\/\/sindicom.hr\/en\/wp-json\/wp\/v2\/media\/38498"}],"wp:attachment":[{"href":"https:\/\/sindicom.hr\/en\/wp-json\/wp\/v2\/media?parent=17637"}],"wp:term":[{"taxonomy":"product_brand","embeddable":true,"href":"https:\/\/sindicom.hr\/en\/wp-json\/wp\/v2\/product_brand?post=17637"},{"taxonomy":"product_cat","embeddable":true,"href":"https:\/\/sindicom.hr\/en\/wp-json\/wp\/v2\/product_cat?post=17637"},{"taxonomy":"product_tag","embeddable":true,"href":"https:\/\/sindicom.hr\/en\/wp-json\/wp\/v2\/product_tag?post=17637"}],"curies":[{"name":"wp","href":"https:\/\/api.w.org\/{rel}","templated":true}]}}