{"id":18519,"date":"2020-08-12T09:21:15","date_gmt":"2020-08-12T09:21:15","guid":{"rendered":"https:\/\/sindicom.hr\/katalog\/cilindar-i-klip-kompresora-fi-100-mm-visina-91-mm-vaden\/"},"modified":"2025-10-27T11:49:17","modified_gmt":"2025-10-27T11:49:17","slug":"cilindar-i-klip-kompresora-fi-100-mm-visina-91-mm-vaden","status":"publish","type":"product","link":"https:\/\/sindicom.hr\/en\/katalog\/cilindar-i-klip-kompresora-fi-100-mm-visina-91-mm-vaden\/","title":{"rendered":"CILINDAR I KLIP KOMPRESORA FI 100 mm VISINA 84 mm MERCEDES VADEN"},"content":{"rendered":"<p>7000105500 VADEN  7000105600 VADEN  7000105300 VADEN  5411300108 MERCEDES  A5411300108 MERCEDES  A 541 130 01 08 MERCEDES  A0011311311 KARIKE MERCEDES  A0011311411 KARIKE MERCEDES  A0011311511 KARIKE MERCEDES  A 001 131 13 11 KARIKE MERCEDES  A 001 131 14 11 KARIKE MERCEDES  A 001 131 15 11 KARIKE MERCEDES  A 001 131 13 11 PISTON MERCEDES  A 001 131 14 11 PISTON MERCEDES  A 001 131 15 11 PISTON MERCEDES  4421310107 KLIP MERCEDES  A4421310107 KLIP MERCEDES  A 442 131 01 07 KLIP MERCEDES  89537110 KO\u0160ULJICA MERCEDES  5411303619 MERCEDES  5411310602 KO\u0160ULJICA MERCEDES  A5411310602 KO\u0160ULJICA MERCEDES  A5411300108 MERCEDES  A5411310602 MERCEDES  A 541 130 01 08 MERCEDES A 541 131 06 02 MERCEDES  0340130038 MEYLE  034 013 0038 MEYLE  800018110000 KARIKE KOLBENSCHMIDT  94919962 SKLOP KOLBENSCHMIDT  011310500001 OE GERMANY  23948 FEBI  7000105500 VADEN  79690 AUGER  0042695 MAHLE  4.61654 DT  Cylinder liner with piston. diameter 100 mm Mercedes oe<\/p>\n","protected":false},"excerpt":{"rendered":"<p>7000105500 VADEN 7000105600 VADEN 7000105300 VADEN 5411300108 MERCEDES A5411300108 MERCEDES  [&#8230;]<\/p>\n","protected":false},"featured_media":0,"template":"","meta":{"inline_featured_image":false},"product_brand":[],"product_cat":[140],"product_tag":[],"class_list":{"0":"post-18519","1":"product","2":"type-product","3":"status-publish","5":"product_cat-radni-strojevi","7":"first","8":"instock","9":"shipping-taxable","10":"purchasable","11":"product-type-simple"},"yoast_head":"<!-- This site is optimized with the Yoast SEO plugin v26.2 - https:\/\/yoast.com\/wordpress\/plugins\/seo\/ -->\n<title>CILINDAR I KLIP KOMPRESORA FI 100 mm VISINA 84 mm MERCEDES VADEN - Sindicom<\/title>\n<meta name=\"robots\" content=\"index, follow, max-snippet:-1, max-image-preview:large, max-video-preview:-1\" \/>\n<link rel=\"canonical\" href=\"https:\/\/sindicom.hr\/en\/katalog\/cilindar-i-klip-kompresora-fi-100-mm-visina-91-mm-vaden\/\" \/>\n<meta property=\"og:locale\" content=\"en_US\" \/>\n<meta property=\"og:type\" content=\"article\" \/>\n<meta property=\"og:title\" content=\"CILINDAR I KLIP KOMPRESORA FI 100 mm VISINA 84 mm MERCEDES VADEN - Sindicom\" \/>\n<meta property=\"og:description\" content=\"7000105500 VADEN 7000105600 VADEN 7000105300 VADEN 5411300108 MERCEDES A5411300108 MERCEDES [...]\" \/>\n<meta property=\"og:url\" content=\"https:\/\/sindicom.hr\/en\/katalog\/cilindar-i-klip-kompresora-fi-100-mm-visina-91-mm-vaden\/\" \/>\n<meta property=\"og:site_name\" content=\"Sindicom\" \/>\n<meta property=\"article:publisher\" content=\"https:\/\/www.facebook.com\/Sindicom-doo-170277286366043\/\" \/>\n<meta property=\"article:modified_time\" content=\"2025-10-27T11:49:17+00:00\" \/>\n<meta name=\"twitter:card\" content=\"summary_large_image\" \/>\n<script type=\"application\/ld+json\" class=\"yoast-schema-graph\">{\"@context\":\"https:\/\/schema.org\",\"@graph\":[{\"@type\":\"WebPage\",\"@id\":\"https:\/\/sindicom.hr\/en\/katalog\/cilindar-i-klip-kompresora-fi-100-mm-visina-91-mm-vaden\/\",\"url\":\"https:\/\/sindicom.hr\/en\/katalog\/cilindar-i-klip-kompresora-fi-100-mm-visina-91-mm-vaden\/\",\"name\":\"CILINDAR I KLIP KOMPRESORA FI 100 mm VISINA 84 mm MERCEDES VADEN - Sindicom\",\"isPartOf\":{\"@id\":\"https:\/\/sindicom.hr\/en\/#website\"},\"datePublished\":\"2020-08-12T09:21:15+00:00\",\"dateModified\":\"2025-10-27T11:49:17+00:00\",\"breadcrumb\":{\"@id\":\"https:\/\/sindicom.hr\/en\/katalog\/cilindar-i-klip-kompresora-fi-100-mm-visina-91-mm-vaden\/#breadcrumb\"},\"inLanguage\":\"en-US\",\"potentialAction\":[{\"@type\":\"ReadAction\",\"target\":[\"https:\/\/sindicom.hr\/en\/katalog\/cilindar-i-klip-kompresora-fi-100-mm-visina-91-mm-vaden\/\"]}]},{\"@type\":\"BreadcrumbList\",\"@id\":\"https:\/\/sindicom.hr\/en\/katalog\/cilindar-i-klip-kompresora-fi-100-mm-visina-91-mm-vaden\/#breadcrumb\",\"itemListElement\":[{\"@type\":\"ListItem\",\"position\":1,\"name\":\"Po\u010detna stranica\",\"item\":\"https:\/\/sindicom.hr\/en\/\"},{\"@type\":\"ListItem\",\"position\":2,\"name\":\"Katalog dijelova\",\"item\":\"https:\/\/sindicom.hr\/en\/catalog\/\"},{\"@type\":\"ListItem\",\"position\":3,\"name\":\"CILINDAR I KLIP KOMPRESORA FI 100 mm VISINA 84 mm MERCEDES VADEN\"}]},{\"@type\":\"WebSite\",\"@id\":\"https:\/\/sindicom.hr\/en\/#website\",\"url\":\"https:\/\/sindicom.hr\/en\/\",\"name\":\"SINDICOM\",\"description\":\"Trade and repair of pneumatic brakes, air and hydraulic systems for trucks and buses\",\"publisher\":{\"@id\":\"https:\/\/sindicom.hr\/en\/#organization\"},\"potentialAction\":[{\"@type\":\"SearchAction\",\"target\":{\"@type\":\"EntryPoint\",\"urlTemplate\":\"https:\/\/sindicom.hr\/en\/?s={search_term_string}\"},\"query-input\":{\"@type\":\"PropertyValueSpecification\",\"valueRequired\":true,\"valueName\":\"search_term_string\"}}],\"inLanguage\":\"en-US\"},{\"@type\":\"Organization\",\"@id\":\"https:\/\/sindicom.hr\/en\/#organization\",\"name\":\"SINDICOM d.o.o.\",\"url\":\"https:\/\/sindicom.hr\/en\/\",\"logo\":{\"@type\":\"ImageObject\",\"inLanguage\":\"en-US\",\"@id\":\"https:\/\/sindicom.hr\/en\/#\/schema\/logo\/image\/\",\"url\":\"https:\/\/sindicom.hr\/wp-content\/uploads\/2019\/11\/sindicom_logo_veliki1.jpg.png\",\"contentUrl\":\"https:\/\/sindicom.hr\/wp-content\/uploads\/2019\/11\/sindicom_logo_veliki1.jpg.png\",\"width\":732,\"height\":706,\"caption\":\"SINDICOM d.o.o.\"},\"image\":{\"@id\":\"https:\/\/sindicom.hr\/en\/#\/schema\/logo\/image\/\"},\"sameAs\":[\"https:\/\/www.facebook.com\/Sindicom-doo-170277286366043\/\",\"https:\/\/instagram.com\/sindicomdoo\"]}]}<\/script>\n<!-- \/ Yoast SEO plugin. -->","yoast_head_json":{"title":"CILINDAR I KLIP KOMPRESORA FI 100 mm VISINA 84 mm MERCEDES VADEN - Sindicom","robots":{"index":"index","follow":"follow","max-snippet":"max-snippet:-1","max-image-preview":"max-image-preview:large","max-video-preview":"max-video-preview:-1"},"canonical":"https:\/\/sindicom.hr\/en\/katalog\/cilindar-i-klip-kompresora-fi-100-mm-visina-91-mm-vaden\/","og_locale":"en_US","og_type":"article","og_title":"CILINDAR I KLIP KOMPRESORA FI 100 mm VISINA 84 mm MERCEDES VADEN - Sindicom","og_description":"7000105500 VADEN 7000105600 VADEN 7000105300 VADEN 5411300108 MERCEDES A5411300108 MERCEDES [...]","og_url":"https:\/\/sindicom.hr\/en\/katalog\/cilindar-i-klip-kompresora-fi-100-mm-visina-91-mm-vaden\/","og_site_name":"Sindicom","article_publisher":"https:\/\/www.facebook.com\/Sindicom-doo-170277286366043\/","article_modified_time":"2025-10-27T11:49:17+00:00","twitter_card":"summary_large_image","schema":{"@context":"https:\/\/schema.org","@graph":[{"@type":"WebPage","@id":"https:\/\/sindicom.hr\/en\/katalog\/cilindar-i-klip-kompresora-fi-100-mm-visina-91-mm-vaden\/","url":"https:\/\/sindicom.hr\/en\/katalog\/cilindar-i-klip-kompresora-fi-100-mm-visina-91-mm-vaden\/","name":"CILINDAR I KLIP KOMPRESORA FI 100 mm VISINA 84 mm MERCEDES VADEN - Sindicom","isPartOf":{"@id":"https:\/\/sindicom.hr\/en\/#website"},"datePublished":"2020-08-12T09:21:15+00:00","dateModified":"2025-10-27T11:49:17+00:00","breadcrumb":{"@id":"https:\/\/sindicom.hr\/en\/katalog\/cilindar-i-klip-kompresora-fi-100-mm-visina-91-mm-vaden\/#breadcrumb"},"inLanguage":"en-US","potentialAction":[{"@type":"ReadAction","target":["https:\/\/sindicom.hr\/en\/katalog\/cilindar-i-klip-kompresora-fi-100-mm-visina-91-mm-vaden\/"]}]},{"@type":"BreadcrumbList","@id":"https:\/\/sindicom.hr\/en\/katalog\/cilindar-i-klip-kompresora-fi-100-mm-visina-91-mm-vaden\/#breadcrumb","itemListElement":[{"@type":"ListItem","position":1,"name":"Po\u010detna stranica","item":"https:\/\/sindicom.hr\/en\/"},{"@type":"ListItem","position":2,"name":"Katalog dijelova","item":"https:\/\/sindicom.hr\/en\/catalog\/"},{"@type":"ListItem","position":3,"name":"CILINDAR I KLIP KOMPRESORA FI 100 mm VISINA 84 mm MERCEDES VADEN"}]},{"@type":"WebSite","@id":"https:\/\/sindicom.hr\/en\/#website","url":"https:\/\/sindicom.hr\/en\/","name":"SINDICOM","description":"Trade and repair of pneumatic brakes, air and hydraulic systems for trucks and buses","publisher":{"@id":"https:\/\/sindicom.hr\/en\/#organization"},"potentialAction":[{"@type":"SearchAction","target":{"@type":"EntryPoint","urlTemplate":"https:\/\/sindicom.hr\/en\/?s={search_term_string}"},"query-input":{"@type":"PropertyValueSpecification","valueRequired":true,"valueName":"search_term_string"}}],"inLanguage":"en-US"},{"@type":"Organization","@id":"https:\/\/sindicom.hr\/en\/#organization","name":"SINDICOM d.o.o.","url":"https:\/\/sindicom.hr\/en\/","logo":{"@type":"ImageObject","inLanguage":"en-US","@id":"https:\/\/sindicom.hr\/en\/#\/schema\/logo\/image\/","url":"https:\/\/sindicom.hr\/wp-content\/uploads\/2019\/11\/sindicom_logo_veliki1.jpg.png","contentUrl":"https:\/\/sindicom.hr\/wp-content\/uploads\/2019\/11\/sindicom_logo_veliki1.jpg.png","width":732,"height":706,"caption":"SINDICOM d.o.o."},"image":{"@id":"https:\/\/sindicom.hr\/en\/#\/schema\/logo\/image\/"},"sameAs":["https:\/\/www.facebook.com\/Sindicom-doo-170277286366043\/","https:\/\/instagram.com\/sindicomdoo"]}]}},"_links":{"self":[{"href":"https:\/\/sindicom.hr\/en\/wp-json\/wp\/v2\/product\/18519","targetHints":{"allow":["GET"]}}],"collection":[{"href":"https:\/\/sindicom.hr\/en\/wp-json\/wp\/v2\/product"}],"about":[{"href":"https:\/\/sindicom.hr\/en\/wp-json\/wp\/v2\/types\/product"}],"wp:attachment":[{"href":"https:\/\/sindicom.hr\/en\/wp-json\/wp\/v2\/media?parent=18519"}],"wp:term":[{"taxonomy":"product_brand","embeddable":true,"href":"https:\/\/sindicom.hr\/en\/wp-json\/wp\/v2\/product_brand?post=18519"},{"taxonomy":"product_cat","embeddable":true,"href":"https:\/\/sindicom.hr\/en\/wp-json\/wp\/v2\/product_cat?post=18519"},{"taxonomy":"product_tag","embeddable":true,"href":"https:\/\/sindicom.hr\/en\/wp-json\/wp\/v2\/product_tag?post=18519"}],"curies":[{"name":"wp","href":"https:\/\/api.w.org\/{rel}","templated":true}]}}