{"id":18991,"date":"2020-12-16T13:55:51","date_gmt":"2020-12-16T13:55:51","guid":{"rendered":"https:\/\/sindicom.hr\/?post_type=product&#038;p=18991"},"modified":"2025-10-27T12:08:08","modified_gmt":"2025-10-27T12:08:08","slug":"nosac-zracnog-jastuka-prikolice-kiperice-weweler-schmitz-org","status":"publish","type":"product","link":"https:\/\/sindicom.hr\/en\/katalog\/nosac-zracnog-jastuka-prikolice-kiperice-weweler-schmitz-org\/","title":{"rendered":"NOSA\u010c ZRA\u010cNOG JASTUKA PRIKOLICE KIPERICE WEWELER SCHMITZ OE"},"content":{"rendered":"<p>017049 SCHMITZ  S017049 SCHMITZ  JAE2010702040 WEWELER  JAE2010702040 JOST  JAE2010702040 ROCKINGER  JAE 20 107 020 40 JOST  JAE 20 107 020 40 ROCKINGER  WEWELER SCHMITZ TRAILER AIRBAG SUPPORT  WEWELER SCHMITZ DUMP TRAILER AIRBAG BRACKET  WEWELER SCHMITZ ANH\u00c4NGER-AIRBAG-UNTERST\u00dcTZUNG  WEWELER SCHMITZ AIRBAG-TR\u00c4GER F\u00dcR VERBRAUCHERANH\u00c4NGER<\/p>\n","protected":false},"excerpt":{"rendered":"<p><img decoding=\"async\" class=\"alignnone size-medium wp-image-18046\" src=\"https:\/\/sindicom.hr\/wp-content\/uploads\/2020\/05\/schmitz-300x300.png\" alt=\"\" width=\"300\" height=\"300\" srcset=\"https:\/\/sindicom.hr\/wp-content\/uploads\/2020\/05\/schmitz-64x64.png 64w, https:\/\/sindicom.hr\/wp-content\/uploads\/2020\/05\/schmitz-66x66.png 66w, https:\/\/sindicom.hr\/wp-content\/uploads\/2020\/05\/schmitz-100x100.png 100w, https:\/\/sindicom.hr\/wp-content\/uploads\/2020\/05\/schmitz-150x150.png 150w, https:\/\/sindicom.hr\/wp-content\/uploads\/2020\/05\/schmitz-200x200.png 200w, https:\/\/sindicom.hr\/wp-content\/uploads\/2020\/05\/schmitz.png 300w\" sizes=\"(max-width: 300px) 100vw, 300px\" \/><\/p>\n","protected":false},"featured_media":18993,"template":"","meta":{"inline_featured_image":false},"product_brand":[],"product_cat":[15,114,118],"product_tag":[],"class_list":{"0":"post-18991","1":"product","2":"type-product","3":"status-publish","4":"has-post-thumbnail","6":"product_cat-all-products","7":"product_cat-prikolice","8":"product_cat-schmitz","10":"first","11":"instock","12":"shipping-taxable","13":"purchasable","14":"product-type-simple"},"yoast_head":"<!-- This site is optimized with the Yoast SEO plugin v26.2 - https:\/\/yoast.com\/wordpress\/plugins\/seo\/ -->\n<title>NOSA\u010c ZRA\u010cNOG JASTUKA PRIKOLICE KIPERICE WEWELER SCHMITZ OE - Sindicom<\/title>\n<meta name=\"robots\" content=\"index, follow, max-snippet:-1, max-image-preview:large, max-video-preview:-1\" \/>\n<link rel=\"canonical\" href=\"https:\/\/sindicom.hr\/en\/katalog\/nosac-zracnog-jastuka-prikolice-kiperice-weweler-schmitz-org\/\" \/>\n<meta property=\"og:locale\" content=\"en_US\" \/>\n<meta property=\"og:type\" content=\"article\" \/>\n<meta property=\"og:title\" content=\"NOSA\u010c ZRA\u010cNOG JASTUKA PRIKOLICE KIPERICE WEWELER SCHMITZ OE - Sindicom\" \/>\n<meta property=\"og:url\" content=\"https:\/\/sindicom.hr\/en\/katalog\/nosac-zracnog-jastuka-prikolice-kiperice-weweler-schmitz-org\/\" \/>\n<meta property=\"og:site_name\" content=\"Sindicom\" \/>\n<meta property=\"article:publisher\" content=\"https:\/\/www.facebook.com\/Sindicom-doo-170277286366043\/\" \/>\n<meta property=\"article:modified_time\" content=\"2025-10-27T12:08:08+00:00\" \/>\n<meta property=\"og:image\" content=\"https:\/\/sindicom.hr\/wp-content\/uploads\/2020\/12\/017049-1.jpg\" \/>\n\t<meta property=\"og:image:width\" content=\"450\" \/>\n\t<meta property=\"og:image:height\" content=\"450\" \/>\n\t<meta property=\"og:image:type\" content=\"image\/jpeg\" \/>\n<meta name=\"twitter:card\" content=\"summary_large_image\" \/>\n<meta name=\"twitter:label1\" content=\"Est. reading time\" \/>\n\t<meta name=\"twitter:data1\" content=\"1 minute\" \/>\n<script type=\"application\/ld+json\" class=\"yoast-schema-graph\">{\"@context\":\"https:\/\/schema.org\",\"@graph\":[{\"@type\":\"WebPage\",\"@id\":\"https:\/\/sindicom.hr\/en\/katalog\/nosac-zracnog-jastuka-prikolice-kiperice-weweler-schmitz-org\/\",\"url\":\"https:\/\/sindicom.hr\/en\/katalog\/nosac-zracnog-jastuka-prikolice-kiperice-weweler-schmitz-org\/\",\"name\":\"NOSA\u010c ZRA\u010cNOG JASTUKA PRIKOLICE KIPERICE WEWELER SCHMITZ OE - Sindicom\",\"isPartOf\":{\"@id\":\"https:\/\/sindicom.hr\/en\/#website\"},\"primaryImageOfPage\":{\"@id\":\"https:\/\/sindicom.hr\/en\/katalog\/nosac-zracnog-jastuka-prikolice-kiperice-weweler-schmitz-org\/#primaryimage\"},\"image\":{\"@id\":\"https:\/\/sindicom.hr\/en\/katalog\/nosac-zracnog-jastuka-prikolice-kiperice-weweler-schmitz-org\/#primaryimage\"},\"thumbnailUrl\":\"https:\/\/sindicom.hr\/wp-content\/uploads\/2020\/12\/017049-1.jpg\",\"datePublished\":\"2020-12-16T13:55:51+00:00\",\"dateModified\":\"2025-10-27T12:08:08+00:00\",\"breadcrumb\":{\"@id\":\"https:\/\/sindicom.hr\/en\/katalog\/nosac-zracnog-jastuka-prikolice-kiperice-weweler-schmitz-org\/#breadcrumb\"},\"inLanguage\":\"en-US\",\"potentialAction\":[{\"@type\":\"ReadAction\",\"target\":[\"https:\/\/sindicom.hr\/en\/katalog\/nosac-zracnog-jastuka-prikolice-kiperice-weweler-schmitz-org\/\"]}]},{\"@type\":\"ImageObject\",\"inLanguage\":\"en-US\",\"@id\":\"https:\/\/sindicom.hr\/en\/katalog\/nosac-zracnog-jastuka-prikolice-kiperice-weweler-schmitz-org\/#primaryimage\",\"url\":\"https:\/\/sindicom.hr\/wp-content\/uploads\/2020\/12\/017049-1.jpg\",\"contentUrl\":\"https:\/\/sindicom.hr\/wp-content\/uploads\/2020\/12\/017049-1.jpg\",\"width\":450,\"height\":450},{\"@type\":\"BreadcrumbList\",\"@id\":\"https:\/\/sindicom.hr\/en\/katalog\/nosac-zracnog-jastuka-prikolice-kiperice-weweler-schmitz-org\/#breadcrumb\",\"itemListElement\":[{\"@type\":\"ListItem\",\"position\":1,\"name\":\"Po\u010detna stranica\",\"item\":\"https:\/\/sindicom.hr\/en\/\"},{\"@type\":\"ListItem\",\"position\":2,\"name\":\"Katalog dijelova\",\"item\":\"https:\/\/sindicom.hr\/en\/catalog\/\"},{\"@type\":\"ListItem\",\"position\":3,\"name\":\"NOSA\u010c ZRA\u010cNOG JASTUKA PRIKOLICE KIPERICE WEWELER SCHMITZ OE\"}]},{\"@type\":\"WebSite\",\"@id\":\"https:\/\/sindicom.hr\/en\/#website\",\"url\":\"https:\/\/sindicom.hr\/en\/\",\"name\":\"SINDICOM\",\"description\":\"Trade and repair of pneumatic brakes, air and hydraulic systems for trucks and buses\",\"publisher\":{\"@id\":\"https:\/\/sindicom.hr\/en\/#organization\"},\"potentialAction\":[{\"@type\":\"SearchAction\",\"target\":{\"@type\":\"EntryPoint\",\"urlTemplate\":\"https:\/\/sindicom.hr\/en\/?s={search_term_string}\"},\"query-input\":{\"@type\":\"PropertyValueSpecification\",\"valueRequired\":true,\"valueName\":\"search_term_string\"}}],\"inLanguage\":\"en-US\"},{\"@type\":\"Organization\",\"@id\":\"https:\/\/sindicom.hr\/en\/#organization\",\"name\":\"SINDICOM d.o.o.\",\"url\":\"https:\/\/sindicom.hr\/en\/\",\"logo\":{\"@type\":\"ImageObject\",\"inLanguage\":\"en-US\",\"@id\":\"https:\/\/sindicom.hr\/en\/#\/schema\/logo\/image\/\",\"url\":\"https:\/\/sindicom.hr\/wp-content\/uploads\/2019\/11\/sindicom_logo_veliki1.jpg.png\",\"contentUrl\":\"https:\/\/sindicom.hr\/wp-content\/uploads\/2019\/11\/sindicom_logo_veliki1.jpg.png\",\"width\":732,\"height\":706,\"caption\":\"SINDICOM d.o.o.\"},\"image\":{\"@id\":\"https:\/\/sindicom.hr\/en\/#\/schema\/logo\/image\/\"},\"sameAs\":[\"https:\/\/www.facebook.com\/Sindicom-doo-170277286366043\/\",\"https:\/\/instagram.com\/sindicomdoo\"]}]}<\/script>\n<!-- \/ Yoast SEO plugin. -->","yoast_head_json":{"title":"NOSA\u010c ZRA\u010cNOG JASTUKA PRIKOLICE KIPERICE WEWELER SCHMITZ OE - Sindicom","robots":{"index":"index","follow":"follow","max-snippet":"max-snippet:-1","max-image-preview":"max-image-preview:large","max-video-preview":"max-video-preview:-1"},"canonical":"https:\/\/sindicom.hr\/en\/katalog\/nosac-zracnog-jastuka-prikolice-kiperice-weweler-schmitz-org\/","og_locale":"en_US","og_type":"article","og_title":"NOSA\u010c ZRA\u010cNOG JASTUKA PRIKOLICE KIPERICE WEWELER SCHMITZ OE - Sindicom","og_url":"https:\/\/sindicom.hr\/en\/katalog\/nosac-zracnog-jastuka-prikolice-kiperice-weweler-schmitz-org\/","og_site_name":"Sindicom","article_publisher":"https:\/\/www.facebook.com\/Sindicom-doo-170277286366043\/","article_modified_time":"2025-10-27T12:08:08+00:00","og_image":[{"width":450,"height":450,"url":"https:\/\/sindicom.hr\/wp-content\/uploads\/2020\/12\/017049-1.jpg","type":"image\/jpeg"}],"twitter_card":"summary_large_image","twitter_misc":{"Est. reading time":"1 minute"},"schema":{"@context":"https:\/\/schema.org","@graph":[{"@type":"WebPage","@id":"https:\/\/sindicom.hr\/en\/katalog\/nosac-zracnog-jastuka-prikolice-kiperice-weweler-schmitz-org\/","url":"https:\/\/sindicom.hr\/en\/katalog\/nosac-zracnog-jastuka-prikolice-kiperice-weweler-schmitz-org\/","name":"NOSA\u010c ZRA\u010cNOG JASTUKA PRIKOLICE KIPERICE WEWELER SCHMITZ OE - Sindicom","isPartOf":{"@id":"https:\/\/sindicom.hr\/en\/#website"},"primaryImageOfPage":{"@id":"https:\/\/sindicom.hr\/en\/katalog\/nosac-zracnog-jastuka-prikolice-kiperice-weweler-schmitz-org\/#primaryimage"},"image":{"@id":"https:\/\/sindicom.hr\/en\/katalog\/nosac-zracnog-jastuka-prikolice-kiperice-weweler-schmitz-org\/#primaryimage"},"thumbnailUrl":"https:\/\/sindicom.hr\/wp-content\/uploads\/2020\/12\/017049-1.jpg","datePublished":"2020-12-16T13:55:51+00:00","dateModified":"2025-10-27T12:08:08+00:00","breadcrumb":{"@id":"https:\/\/sindicom.hr\/en\/katalog\/nosac-zracnog-jastuka-prikolice-kiperice-weweler-schmitz-org\/#breadcrumb"},"inLanguage":"en-US","potentialAction":[{"@type":"ReadAction","target":["https:\/\/sindicom.hr\/en\/katalog\/nosac-zracnog-jastuka-prikolice-kiperice-weweler-schmitz-org\/"]}]},{"@type":"ImageObject","inLanguage":"en-US","@id":"https:\/\/sindicom.hr\/en\/katalog\/nosac-zracnog-jastuka-prikolice-kiperice-weweler-schmitz-org\/#primaryimage","url":"https:\/\/sindicom.hr\/wp-content\/uploads\/2020\/12\/017049-1.jpg","contentUrl":"https:\/\/sindicom.hr\/wp-content\/uploads\/2020\/12\/017049-1.jpg","width":450,"height":450},{"@type":"BreadcrumbList","@id":"https:\/\/sindicom.hr\/en\/katalog\/nosac-zracnog-jastuka-prikolice-kiperice-weweler-schmitz-org\/#breadcrumb","itemListElement":[{"@type":"ListItem","position":1,"name":"Po\u010detna stranica","item":"https:\/\/sindicom.hr\/en\/"},{"@type":"ListItem","position":2,"name":"Katalog dijelova","item":"https:\/\/sindicom.hr\/en\/catalog\/"},{"@type":"ListItem","position":3,"name":"NOSA\u010c ZRA\u010cNOG JASTUKA PRIKOLICE KIPERICE WEWELER SCHMITZ OE"}]},{"@type":"WebSite","@id":"https:\/\/sindicom.hr\/en\/#website","url":"https:\/\/sindicom.hr\/en\/","name":"SINDICOM","description":"Trade and repair of pneumatic brakes, air and hydraulic systems for trucks and buses","publisher":{"@id":"https:\/\/sindicom.hr\/en\/#organization"},"potentialAction":[{"@type":"SearchAction","target":{"@type":"EntryPoint","urlTemplate":"https:\/\/sindicom.hr\/en\/?s={search_term_string}"},"query-input":{"@type":"PropertyValueSpecification","valueRequired":true,"valueName":"search_term_string"}}],"inLanguage":"en-US"},{"@type":"Organization","@id":"https:\/\/sindicom.hr\/en\/#organization","name":"SINDICOM d.o.o.","url":"https:\/\/sindicom.hr\/en\/","logo":{"@type":"ImageObject","inLanguage":"en-US","@id":"https:\/\/sindicom.hr\/en\/#\/schema\/logo\/image\/","url":"https:\/\/sindicom.hr\/wp-content\/uploads\/2019\/11\/sindicom_logo_veliki1.jpg.png","contentUrl":"https:\/\/sindicom.hr\/wp-content\/uploads\/2019\/11\/sindicom_logo_veliki1.jpg.png","width":732,"height":706,"caption":"SINDICOM d.o.o."},"image":{"@id":"https:\/\/sindicom.hr\/en\/#\/schema\/logo\/image\/"},"sameAs":["https:\/\/www.facebook.com\/Sindicom-doo-170277286366043\/","https:\/\/instagram.com\/sindicomdoo"]}]}},"_links":{"self":[{"href":"https:\/\/sindicom.hr\/en\/wp-json\/wp\/v2\/product\/18991","targetHints":{"allow":["GET"]}}],"collection":[{"href":"https:\/\/sindicom.hr\/en\/wp-json\/wp\/v2\/product"}],"about":[{"href":"https:\/\/sindicom.hr\/en\/wp-json\/wp\/v2\/types\/product"}],"wp:featuredmedia":[{"embeddable":true,"href":"https:\/\/sindicom.hr\/en\/wp-json\/wp\/v2\/media\/18993"}],"wp:attachment":[{"href":"https:\/\/sindicom.hr\/en\/wp-json\/wp\/v2\/media?parent=18991"}],"wp:term":[{"taxonomy":"product_brand","embeddable":true,"href":"https:\/\/sindicom.hr\/en\/wp-json\/wp\/v2\/product_brand?post=18991"},{"taxonomy":"product_cat","embeddable":true,"href":"https:\/\/sindicom.hr\/en\/wp-json\/wp\/v2\/product_cat?post=18991"},{"taxonomy":"product_tag","embeddable":true,"href":"https:\/\/sindicom.hr\/en\/wp-json\/wp\/v2\/product_tag?post=18991"}],"curies":[{"name":"wp","href":"https:\/\/api.w.org\/{rel}","templated":true}]}}