{"id":20147,"date":"2021-01-21T15:11:44","date_gmt":"2021-01-21T15:11:44","guid":{"rendered":"https:\/\/sindicom.hr\/katalog\/kocione-plocice-za-bpw-eco2-valeo-org\/"},"modified":"2025-10-27T12:08:08","modified_gmt":"2025-10-27T12:08:08","slug":"kocione-plocice-za-bpw-eco2-valeo-org","status":"publish","type":"product","link":"https:\/\/sindicom.hr\/en\/katalog\/kocione-plocice-za-bpw-eco2-valeo-org\/","title":{"rendered":"KO\u010cIONE PLO\u010cICE ZA KO\u010cIONU \u010cELJUST BPW TSB4309 ECO2+ VALEO OE"},"content":{"rendered":"<p>882253 VALEO  29228300148200 BPW  05.092.90.13.0 BPW  0509290130 BPW  09.000.61.79.1 BPW  0900061791 BPW  09.801.07.57.0 BPW  0980107570 BPW  09.801.07.96.0 BPW  0980107960 BPW  09.801.07.97.1 BPW  0980107971 BPW  GDB5105 TRW  292280090100 SAF  05P1858 BPW  05P1858K BPW  29228 TEXTAR  2922801 TEXTAR  29228 00 901 00 TEXTAR  8200 BPW  6610513 KOGEL  GDB5105 TRW  SYN3107K JURATEK  TSB4309 HALDEX  0536272020 BPW  Brake pads<\/p>\n","protected":false},"excerpt":{"rendered":"<p><img decoding=\"async\" class=\"alignnone size-medium wp-image-42100\" src=\"https:\/\/sindicom.hr\/wp-content\/uploads\/2021\/01\/VALEO-300x143.png\" alt=\"\" width=\"300\" height=\"143\" srcset=\"https:\/\/sindicom.hr\/wp-content\/uploads\/2021\/01\/VALEO-64x30.png 64w, https:\/\/sindicom.hr\/wp-content\/uploads\/2021\/01\/VALEO-200x95.png 200w, https:\/\/sindicom.hr\/wp-content\/uploads\/2021\/01\/VALEO-300x143.png 300w, https:\/\/sindicom.hr\/wp-content\/uploads\/2021\/01\/VALEO.png 326w\" sizes=\"(max-width: 300px) 100vw, 300px\" \/><\/p>\n","protected":false},"featured_media":36554,"template":"","meta":{"inline_featured_image":false},"product_brand":[],"product_cat":[15,78],"product_tag":[],"class_list":{"0":"post-20147","1":"product","2":"type-product","3":"status-publish","4":"has-post-thumbnail","6":"product_cat-all-products","7":"product_cat-kocione-disk-plocice","9":"first","10":"instock","11":"shipping-taxable","12":"purchasable","13":"product-type-simple"},"yoast_head":"<!-- This site is optimized with the Yoast SEO plugin v26.2 - https:\/\/yoast.com\/wordpress\/plugins\/seo\/ -->\n<title>KO\u010cIONE PLO\u010cICE ZA KO\u010cIONU \u010cELJUST BPW TSB4309 ECO2+ VALEO OE - Sindicom<\/title>\n<meta name=\"robots\" content=\"index, follow, max-snippet:-1, max-image-preview:large, max-video-preview:-1\" \/>\n<link rel=\"canonical\" href=\"https:\/\/sindicom.hr\/en\/katalog\/kocione-plocice-za-bpw-eco2-valeo-org\/\" \/>\n<meta property=\"og:locale\" content=\"en_US\" \/>\n<meta property=\"og:type\" content=\"article\" \/>\n<meta property=\"og:title\" content=\"KO\u010cIONE PLO\u010cICE ZA KO\u010cIONU \u010cELJUST BPW TSB4309 ECO2+ VALEO OE - Sindicom\" \/>\n<meta property=\"og:url\" content=\"https:\/\/sindicom.hr\/en\/katalog\/kocione-plocice-za-bpw-eco2-valeo-org\/\" \/>\n<meta property=\"og:site_name\" content=\"Sindicom\" \/>\n<meta property=\"article:publisher\" content=\"https:\/\/www.facebook.com\/Sindicom-doo-170277286366043\/\" \/>\n<meta property=\"article:modified_time\" content=\"2025-10-27T12:08:08+00:00\" \/>\n<meta property=\"og:image\" content=\"https:\/\/sindicom.hr\/wp-content\/uploads\/2021\/01\/VAL882253-VALEO-882253-VALEO.webp\" \/>\n\t<meta property=\"og:image:width\" content=\"600\" \/>\n\t<meta property=\"og:image:height\" content=\"600\" \/>\n\t<meta property=\"og:image:type\" content=\"image\/webp\" \/>\n<meta name=\"twitter:card\" content=\"summary_large_image\" \/>\n<meta name=\"twitter:label1\" content=\"Est. reading time\" \/>\n\t<meta name=\"twitter:data1\" content=\"1 minute\" \/>\n<script type=\"application\/ld+json\" class=\"yoast-schema-graph\">{\"@context\":\"https:\/\/schema.org\",\"@graph\":[{\"@type\":\"WebPage\",\"@id\":\"https:\/\/sindicom.hr\/en\/katalog\/kocione-plocice-za-bpw-eco2-valeo-org\/\",\"url\":\"https:\/\/sindicom.hr\/en\/katalog\/kocione-plocice-za-bpw-eco2-valeo-org\/\",\"name\":\"KO\u010cIONE PLO\u010cICE ZA KO\u010cIONU \u010cELJUST BPW TSB4309 ECO2+ VALEO OE - Sindicom\",\"isPartOf\":{\"@id\":\"https:\/\/sindicom.hr\/en\/#website\"},\"primaryImageOfPage\":{\"@id\":\"https:\/\/sindicom.hr\/en\/katalog\/kocione-plocice-za-bpw-eco2-valeo-org\/#primaryimage\"},\"image\":{\"@id\":\"https:\/\/sindicom.hr\/en\/katalog\/kocione-plocice-za-bpw-eco2-valeo-org\/#primaryimage\"},\"thumbnailUrl\":\"https:\/\/sindicom.hr\/wp-content\/uploads\/2021\/01\/VAL882253-VALEO-882253-VALEO.webp\",\"datePublished\":\"2021-01-21T15:11:44+00:00\",\"dateModified\":\"2025-10-27T12:08:08+00:00\",\"breadcrumb\":{\"@id\":\"https:\/\/sindicom.hr\/en\/katalog\/kocione-plocice-za-bpw-eco2-valeo-org\/#breadcrumb\"},\"inLanguage\":\"en-US\",\"potentialAction\":[{\"@type\":\"ReadAction\",\"target\":[\"https:\/\/sindicom.hr\/en\/katalog\/kocione-plocice-za-bpw-eco2-valeo-org\/\"]}]},{\"@type\":\"ImageObject\",\"inLanguage\":\"en-US\",\"@id\":\"https:\/\/sindicom.hr\/en\/katalog\/kocione-plocice-za-bpw-eco2-valeo-org\/#primaryimage\",\"url\":\"https:\/\/sindicom.hr\/wp-content\/uploads\/2021\/01\/VAL882253-VALEO-882253-VALEO.webp\",\"contentUrl\":\"https:\/\/sindicom.hr\/wp-content\/uploads\/2021\/01\/VAL882253-VALEO-882253-VALEO.webp\",\"width\":600,\"height\":600},{\"@type\":\"BreadcrumbList\",\"@id\":\"https:\/\/sindicom.hr\/en\/katalog\/kocione-plocice-za-bpw-eco2-valeo-org\/#breadcrumb\",\"itemListElement\":[{\"@type\":\"ListItem\",\"position\":1,\"name\":\"Po\u010detna stranica\",\"item\":\"https:\/\/sindicom.hr\/en\/\"},{\"@type\":\"ListItem\",\"position\":2,\"name\":\"Katalog dijelova\",\"item\":\"https:\/\/sindicom.hr\/en\/catalog\/\"},{\"@type\":\"ListItem\",\"position\":3,\"name\":\"KO\u010cIONE PLO\u010cICE ZA KO\u010cIONU \u010cELJUST BPW TSB4309 ECO2+ VALEO OE\"}]},{\"@type\":\"WebSite\",\"@id\":\"https:\/\/sindicom.hr\/en\/#website\",\"url\":\"https:\/\/sindicom.hr\/en\/\",\"name\":\"SINDICOM\",\"description\":\"Trade and repair of pneumatic brakes, air and hydraulic systems for trucks and buses\",\"publisher\":{\"@id\":\"https:\/\/sindicom.hr\/en\/#organization\"},\"potentialAction\":[{\"@type\":\"SearchAction\",\"target\":{\"@type\":\"EntryPoint\",\"urlTemplate\":\"https:\/\/sindicom.hr\/en\/?s={search_term_string}\"},\"query-input\":{\"@type\":\"PropertyValueSpecification\",\"valueRequired\":true,\"valueName\":\"search_term_string\"}}],\"inLanguage\":\"en-US\"},{\"@type\":\"Organization\",\"@id\":\"https:\/\/sindicom.hr\/en\/#organization\",\"name\":\"SINDICOM d.o.o.\",\"url\":\"https:\/\/sindicom.hr\/en\/\",\"logo\":{\"@type\":\"ImageObject\",\"inLanguage\":\"en-US\",\"@id\":\"https:\/\/sindicom.hr\/en\/#\/schema\/logo\/image\/\",\"url\":\"https:\/\/sindicom.hr\/wp-content\/uploads\/2019\/11\/sindicom_logo_veliki1.jpg.png\",\"contentUrl\":\"https:\/\/sindicom.hr\/wp-content\/uploads\/2019\/11\/sindicom_logo_veliki1.jpg.png\",\"width\":732,\"height\":706,\"caption\":\"SINDICOM d.o.o.\"},\"image\":{\"@id\":\"https:\/\/sindicom.hr\/en\/#\/schema\/logo\/image\/\"},\"sameAs\":[\"https:\/\/www.facebook.com\/Sindicom-doo-170277286366043\/\",\"https:\/\/instagram.com\/sindicomdoo\"]}]}<\/script>\n<!-- \/ Yoast SEO plugin. -->","yoast_head_json":{"title":"KO\u010cIONE PLO\u010cICE ZA KO\u010cIONU \u010cELJUST BPW TSB4309 ECO2+ VALEO OE - Sindicom","robots":{"index":"index","follow":"follow","max-snippet":"max-snippet:-1","max-image-preview":"max-image-preview:large","max-video-preview":"max-video-preview:-1"},"canonical":"https:\/\/sindicom.hr\/en\/katalog\/kocione-plocice-za-bpw-eco2-valeo-org\/","og_locale":"en_US","og_type":"article","og_title":"KO\u010cIONE PLO\u010cICE ZA KO\u010cIONU \u010cELJUST BPW TSB4309 ECO2+ VALEO OE - Sindicom","og_url":"https:\/\/sindicom.hr\/en\/katalog\/kocione-plocice-za-bpw-eco2-valeo-org\/","og_site_name":"Sindicom","article_publisher":"https:\/\/www.facebook.com\/Sindicom-doo-170277286366043\/","article_modified_time":"2025-10-27T12:08:08+00:00","og_image":[{"width":600,"height":600,"url":"https:\/\/sindicom.hr\/wp-content\/uploads\/2021\/01\/VAL882253-VALEO-882253-VALEO.webp","type":"image\/webp"}],"twitter_card":"summary_large_image","twitter_misc":{"Est. reading time":"1 minute"},"schema":{"@context":"https:\/\/schema.org","@graph":[{"@type":"WebPage","@id":"https:\/\/sindicom.hr\/en\/katalog\/kocione-plocice-za-bpw-eco2-valeo-org\/","url":"https:\/\/sindicom.hr\/en\/katalog\/kocione-plocice-za-bpw-eco2-valeo-org\/","name":"KO\u010cIONE PLO\u010cICE ZA KO\u010cIONU \u010cELJUST BPW TSB4309 ECO2+ VALEO OE - Sindicom","isPartOf":{"@id":"https:\/\/sindicom.hr\/en\/#website"},"primaryImageOfPage":{"@id":"https:\/\/sindicom.hr\/en\/katalog\/kocione-plocice-za-bpw-eco2-valeo-org\/#primaryimage"},"image":{"@id":"https:\/\/sindicom.hr\/en\/katalog\/kocione-plocice-za-bpw-eco2-valeo-org\/#primaryimage"},"thumbnailUrl":"https:\/\/sindicom.hr\/wp-content\/uploads\/2021\/01\/VAL882253-VALEO-882253-VALEO.webp","datePublished":"2021-01-21T15:11:44+00:00","dateModified":"2025-10-27T12:08:08+00:00","breadcrumb":{"@id":"https:\/\/sindicom.hr\/en\/katalog\/kocione-plocice-za-bpw-eco2-valeo-org\/#breadcrumb"},"inLanguage":"en-US","potentialAction":[{"@type":"ReadAction","target":["https:\/\/sindicom.hr\/en\/katalog\/kocione-plocice-za-bpw-eco2-valeo-org\/"]}]},{"@type":"ImageObject","inLanguage":"en-US","@id":"https:\/\/sindicom.hr\/en\/katalog\/kocione-plocice-za-bpw-eco2-valeo-org\/#primaryimage","url":"https:\/\/sindicom.hr\/wp-content\/uploads\/2021\/01\/VAL882253-VALEO-882253-VALEO.webp","contentUrl":"https:\/\/sindicom.hr\/wp-content\/uploads\/2021\/01\/VAL882253-VALEO-882253-VALEO.webp","width":600,"height":600},{"@type":"BreadcrumbList","@id":"https:\/\/sindicom.hr\/en\/katalog\/kocione-plocice-za-bpw-eco2-valeo-org\/#breadcrumb","itemListElement":[{"@type":"ListItem","position":1,"name":"Po\u010detna stranica","item":"https:\/\/sindicom.hr\/en\/"},{"@type":"ListItem","position":2,"name":"Katalog dijelova","item":"https:\/\/sindicom.hr\/en\/catalog\/"},{"@type":"ListItem","position":3,"name":"KO\u010cIONE PLO\u010cICE ZA KO\u010cIONU \u010cELJUST BPW TSB4309 ECO2+ VALEO OE"}]},{"@type":"WebSite","@id":"https:\/\/sindicom.hr\/en\/#website","url":"https:\/\/sindicom.hr\/en\/","name":"SINDICOM","description":"Trade and repair of pneumatic brakes, air and hydraulic systems for trucks and buses","publisher":{"@id":"https:\/\/sindicom.hr\/en\/#organization"},"potentialAction":[{"@type":"SearchAction","target":{"@type":"EntryPoint","urlTemplate":"https:\/\/sindicom.hr\/en\/?s={search_term_string}"},"query-input":{"@type":"PropertyValueSpecification","valueRequired":true,"valueName":"search_term_string"}}],"inLanguage":"en-US"},{"@type":"Organization","@id":"https:\/\/sindicom.hr\/en\/#organization","name":"SINDICOM d.o.o.","url":"https:\/\/sindicom.hr\/en\/","logo":{"@type":"ImageObject","inLanguage":"en-US","@id":"https:\/\/sindicom.hr\/en\/#\/schema\/logo\/image\/","url":"https:\/\/sindicom.hr\/wp-content\/uploads\/2019\/11\/sindicom_logo_veliki1.jpg.png","contentUrl":"https:\/\/sindicom.hr\/wp-content\/uploads\/2019\/11\/sindicom_logo_veliki1.jpg.png","width":732,"height":706,"caption":"SINDICOM d.o.o."},"image":{"@id":"https:\/\/sindicom.hr\/en\/#\/schema\/logo\/image\/"},"sameAs":["https:\/\/www.facebook.com\/Sindicom-doo-170277286366043\/","https:\/\/instagram.com\/sindicomdoo"]}]}},"_links":{"self":[{"href":"https:\/\/sindicom.hr\/en\/wp-json\/wp\/v2\/product\/20147","targetHints":{"allow":["GET"]}}],"collection":[{"href":"https:\/\/sindicom.hr\/en\/wp-json\/wp\/v2\/product"}],"about":[{"href":"https:\/\/sindicom.hr\/en\/wp-json\/wp\/v2\/types\/product"}],"wp:featuredmedia":[{"embeddable":true,"href":"https:\/\/sindicom.hr\/en\/wp-json\/wp\/v2\/media\/36554"}],"wp:attachment":[{"href":"https:\/\/sindicom.hr\/en\/wp-json\/wp\/v2\/media?parent=20147"}],"wp:term":[{"taxonomy":"product_brand","embeddable":true,"href":"https:\/\/sindicom.hr\/en\/wp-json\/wp\/v2\/product_brand?post=20147"},{"taxonomy":"product_cat","embeddable":true,"href":"https:\/\/sindicom.hr\/en\/wp-json\/wp\/v2\/product_cat?post=20147"},{"taxonomy":"product_tag","embeddable":true,"href":"https:\/\/sindicom.hr\/en\/wp-json\/wp\/v2\/product_tag?post=20147"}],"curies":[{"name":"wp","href":"https:\/\/api.w.org\/{rel}","templated":true}]}}