{"id":21277,"date":"2021-03-18T11:42:25","date_gmt":"2021-03-18T11:42:25","guid":{"rendered":"https:\/\/sindicom.hr\/?post_type=product&#038;p=21277"},"modified":"2025-10-27T11:56:23","modified_gmt":"2025-10-27T11:56:23","slug":"set-kocionog-cilindra-fte-org","status":"publish","type":"product","link":"https:\/\/sindicom.hr\/en\/katalog\/set-kocionog-cilindra-fte-org\/","title":{"rendered":"SET KO\u010cIONOG CILINDRA U KOTA\u010cU 65 mm KNOTT ATLAS LIEBHERR FTE VALEO OE"},"content":{"rendered":"<p>RK6511 FTE  RK6514K FTE  9898083 VALEO  9710181 VALEO  R6503A1 FTE  9898082 VALEO  R6503.A.1 FTE  S6015 FAG FTE  S 6015 FAG FTE  1695818 FAUN  0501298994 ZF  0501.298.994 ZF  0501202681 ZF  0501.202.681 ZF  0501298995 ZF  0501.298.995 ZF  16165001 WABCO  42017200 TEXTAR  SP3342 KNOTT  22 216 KNOTT  22216 KNOTT  22 326 KNOTT  22326 KNOTT  24 557 KNOTT  24557 KNOTT  22 559 KNOTT  22559 KNOTT  9617-1 KNOTT  44125 KNOTT  9620-1 KNOTT  955661 DEMAG  95566100 DEMAG  955650 DEMAG  95565000 DEMAG  1692541 FAUN  21692541 FAUN  5000957 LIEBHERR  5000854 LIEBHERR  3639790 ATLAS WEYHAUSEN  3 639 790 ATLAS WEYHAUSEN  0501298994 ATLAS WEYHAUSEN  2x Nutring H6530 FTE  2x Runddichtring H6535R FTE  2x Schutzkappe R6550 FTE FAG Sch\u00e4fer Schafer  2x U-ring H6530 FTE  2x O-ring H6535R FTE  2x protective cap R6550 FTE FAG Sch\u00e4fer Schafer  Repair kit  Reparatieset  Reparatursatz  Kit di riparazione  Kit de r\u00e9paration  Kit de reparaci\u00f3n  Passend f\u00fcr Atlas Weyhausen. B\u00fcssing. Faun. ZF  Suitable for Atlas Weyhausen. B\u00fcssing. Faun. ZF<\/p>\n","protected":false},"excerpt":{"rendered":"<p><img decoding=\"async\" class=\"alignnone size-medium wp-image-12355\" src=\"https:\/\/sindicom.hr\/wp-content\/uploads\/2019\/06\/FTE-VALEO-300x169.jpg\" alt=\"\" width=\"300\" height=\"169\" srcset=\"https:\/\/sindicom.hr\/wp-content\/uploads\/2019\/06\/FTE-VALEO-64x36.jpg 64w, https:\/\/sindicom.hr\/wp-content\/uploads\/2019\/06\/FTE-VALEO-200x112.jpg 200w, https:\/\/sindicom.hr\/wp-content\/uploads\/2019\/06\/FTE-VALEO-300x169.jpg 300w, https:\/\/sindicom.hr\/wp-content\/uploads\/2019\/06\/FTE-VALEO-400x225.jpg 400w, https:\/\/sindicom.hr\/wp-content\/uploads\/2019\/06\/FTE-VALEO-500x281.jpg 500w, https:\/\/sindicom.hr\/wp-content\/uploads\/2019\/06\/FTE-VALEO-600x337.jpg 600w, https:\/\/sindicom.hr\/wp-content\/uploads\/2019\/06\/FTE-VALEO-700x394.jpg 700w, https:\/\/sindicom.hr\/wp-content\/uploads\/2019\/06\/FTE-VALEO-768x432.jpg 768w, https:\/\/sindicom.hr\/wp-content\/uploads\/2019\/06\/FTE-VALEO-800x450.jpg 800w, https:\/\/sindicom.hr\/wp-content\/uploads\/2019\/06\/FTE-VALEO-1024x576.jpg 1024w, https:\/\/sindicom.hr\/wp-content\/uploads\/2019\/06\/FTE-VALEO.jpg 1067w\" sizes=\"(max-width: 300px) 100vw, 300px\" \/><\/p>\n","protected":false},"featured_media":45947,"template":"","meta":{"inline_featured_image":false},"product_brand":[],"product_cat":[15,231,141,140,120,107],"product_tag":[],"class_list":{"0":"post-21277","1":"product","2":"type-product","3":"status-publish","4":"has-post-thumbnail","6":"product_cat-all-products","7":"product_cat-atlas","8":"product_cat-liebherr","9":"product_cat-radni-strojevi","10":"product_cat-reparaturni-setovi","11":"product_cat-teretna-vozila","13":"first","14":"instock","15":"shipping-taxable","16":"purchasable","17":"product-type-simple"},"yoast_head":"<!-- This site is optimized with the Yoast SEO plugin v26.2 - https:\/\/yoast.com\/wordpress\/plugins\/seo\/ -->\n<title>SET KO\u010cIONOG CILINDRA U KOTA\u010cU 65 mm KNOTT ATLAS LIEBHERR FTE VALEO OE - Sindicom<\/title>\n<meta name=\"robots\" content=\"index, follow, max-snippet:-1, max-image-preview:large, max-video-preview:-1\" \/>\n<link rel=\"canonical\" href=\"https:\/\/sindicom.hr\/en\/katalog\/set-kocionog-cilindra-fte-org\/\" \/>\n<meta property=\"og:locale\" content=\"en_US\" \/>\n<meta property=\"og:type\" content=\"article\" \/>\n<meta property=\"og:title\" content=\"SET KO\u010cIONOG CILINDRA U KOTA\u010cU 65 mm KNOTT ATLAS LIEBHERR FTE VALEO OE - Sindicom\" \/>\n<meta property=\"og:url\" content=\"https:\/\/sindicom.hr\/en\/katalog\/set-kocionog-cilindra-fte-org\/\" \/>\n<meta property=\"og:site_name\" content=\"Sindicom\" \/>\n<meta property=\"article:publisher\" content=\"https:\/\/www.facebook.com\/Sindicom-doo-170277286366043\/\" \/>\n<meta property=\"article:modified_time\" content=\"2025-10-27T11:56:23+00:00\" \/>\n<meta property=\"og:image\" content=\"https:\/\/sindicom.hr\/wp-content\/uploads\/2021\/03\/RK6511-1.webp\" \/>\n\t<meta property=\"og:image:width\" content=\"600\" \/>\n\t<meta property=\"og:image:height\" content=\"600\" \/>\n\t<meta property=\"og:image:type\" content=\"image\/webp\" \/>\n<meta name=\"twitter:card\" content=\"summary_large_image\" \/>\n<meta name=\"twitter:label1\" content=\"Est. reading time\" \/>\n\t<meta name=\"twitter:data1\" content=\"1 minute\" \/>\n<script type=\"application\/ld+json\" class=\"yoast-schema-graph\">{\"@context\":\"https:\/\/schema.org\",\"@graph\":[{\"@type\":\"WebPage\",\"@id\":\"https:\/\/sindicom.hr\/en\/katalog\/set-kocionog-cilindra-fte-org\/\",\"url\":\"https:\/\/sindicom.hr\/en\/katalog\/set-kocionog-cilindra-fte-org\/\",\"name\":\"SET KO\u010cIONOG CILINDRA U KOTA\u010cU 65 mm KNOTT ATLAS LIEBHERR FTE VALEO OE - Sindicom\",\"isPartOf\":{\"@id\":\"https:\/\/sindicom.hr\/en\/#website\"},\"primaryImageOfPage\":{\"@id\":\"https:\/\/sindicom.hr\/en\/katalog\/set-kocionog-cilindra-fte-org\/#primaryimage\"},\"image\":{\"@id\":\"https:\/\/sindicom.hr\/en\/katalog\/set-kocionog-cilindra-fte-org\/#primaryimage\"},\"thumbnailUrl\":\"https:\/\/sindicom.hr\/wp-content\/uploads\/2021\/03\/RK6511-1.webp\",\"datePublished\":\"2021-03-18T11:42:25+00:00\",\"dateModified\":\"2025-10-27T11:56:23+00:00\",\"breadcrumb\":{\"@id\":\"https:\/\/sindicom.hr\/en\/katalog\/set-kocionog-cilindra-fte-org\/#breadcrumb\"},\"inLanguage\":\"en-US\",\"potentialAction\":[{\"@type\":\"ReadAction\",\"target\":[\"https:\/\/sindicom.hr\/en\/katalog\/set-kocionog-cilindra-fte-org\/\"]}]},{\"@type\":\"ImageObject\",\"inLanguage\":\"en-US\",\"@id\":\"https:\/\/sindicom.hr\/en\/katalog\/set-kocionog-cilindra-fte-org\/#primaryimage\",\"url\":\"https:\/\/sindicom.hr\/wp-content\/uploads\/2021\/03\/RK6511-1.webp\",\"contentUrl\":\"https:\/\/sindicom.hr\/wp-content\/uploads\/2021\/03\/RK6511-1.webp\",\"width\":600,\"height\":600},{\"@type\":\"BreadcrumbList\",\"@id\":\"https:\/\/sindicom.hr\/en\/katalog\/set-kocionog-cilindra-fte-org\/#breadcrumb\",\"itemListElement\":[{\"@type\":\"ListItem\",\"position\":1,\"name\":\"Po\u010detna stranica\",\"item\":\"https:\/\/sindicom.hr\/en\/\"},{\"@type\":\"ListItem\",\"position\":2,\"name\":\"Katalog dijelova\",\"item\":\"https:\/\/sindicom.hr\/en\/catalog\/\"},{\"@type\":\"ListItem\",\"position\":3,\"name\":\"SET KO\u010cIONOG CILINDRA U KOTA\u010cU 65 mm KNOTT ATLAS LIEBHERR FTE VALEO OE\"}]},{\"@type\":\"WebSite\",\"@id\":\"https:\/\/sindicom.hr\/en\/#website\",\"url\":\"https:\/\/sindicom.hr\/en\/\",\"name\":\"SINDICOM\",\"description\":\"Trade and repair of pneumatic brakes, air and hydraulic systems for trucks and buses\",\"publisher\":{\"@id\":\"https:\/\/sindicom.hr\/en\/#organization\"},\"potentialAction\":[{\"@type\":\"SearchAction\",\"target\":{\"@type\":\"EntryPoint\",\"urlTemplate\":\"https:\/\/sindicom.hr\/en\/?s={search_term_string}\"},\"query-input\":{\"@type\":\"PropertyValueSpecification\",\"valueRequired\":true,\"valueName\":\"search_term_string\"}}],\"inLanguage\":\"en-US\"},{\"@type\":\"Organization\",\"@id\":\"https:\/\/sindicom.hr\/en\/#organization\",\"name\":\"SINDICOM d.o.o.\",\"url\":\"https:\/\/sindicom.hr\/en\/\",\"logo\":{\"@type\":\"ImageObject\",\"inLanguage\":\"en-US\",\"@id\":\"https:\/\/sindicom.hr\/en\/#\/schema\/logo\/image\/\",\"url\":\"https:\/\/sindicom.hr\/wp-content\/uploads\/2019\/11\/sindicom_logo_veliki1.jpg.png\",\"contentUrl\":\"https:\/\/sindicom.hr\/wp-content\/uploads\/2019\/11\/sindicom_logo_veliki1.jpg.png\",\"width\":732,\"height\":706,\"caption\":\"SINDICOM d.o.o.\"},\"image\":{\"@id\":\"https:\/\/sindicom.hr\/en\/#\/schema\/logo\/image\/\"},\"sameAs\":[\"https:\/\/www.facebook.com\/Sindicom-doo-170277286366043\/\",\"https:\/\/instagram.com\/sindicomdoo\"]}]}<\/script>\n<!-- \/ Yoast SEO plugin. -->","yoast_head_json":{"title":"SET KO\u010cIONOG CILINDRA U KOTA\u010cU 65 mm KNOTT ATLAS LIEBHERR FTE VALEO OE - Sindicom","robots":{"index":"index","follow":"follow","max-snippet":"max-snippet:-1","max-image-preview":"max-image-preview:large","max-video-preview":"max-video-preview:-1"},"canonical":"https:\/\/sindicom.hr\/en\/katalog\/set-kocionog-cilindra-fte-org\/","og_locale":"en_US","og_type":"article","og_title":"SET KO\u010cIONOG CILINDRA U KOTA\u010cU 65 mm KNOTT ATLAS LIEBHERR FTE VALEO OE - Sindicom","og_url":"https:\/\/sindicom.hr\/en\/katalog\/set-kocionog-cilindra-fte-org\/","og_site_name":"Sindicom","article_publisher":"https:\/\/www.facebook.com\/Sindicom-doo-170277286366043\/","article_modified_time":"2025-10-27T11:56:23+00:00","og_image":[{"width":600,"height":600,"url":"https:\/\/sindicom.hr\/wp-content\/uploads\/2021\/03\/RK6511-1.webp","type":"image\/webp"}],"twitter_card":"summary_large_image","twitter_misc":{"Est. reading time":"1 minute"},"schema":{"@context":"https:\/\/schema.org","@graph":[{"@type":"WebPage","@id":"https:\/\/sindicom.hr\/en\/katalog\/set-kocionog-cilindra-fte-org\/","url":"https:\/\/sindicom.hr\/en\/katalog\/set-kocionog-cilindra-fte-org\/","name":"SET KO\u010cIONOG CILINDRA U KOTA\u010cU 65 mm KNOTT ATLAS LIEBHERR FTE VALEO OE - Sindicom","isPartOf":{"@id":"https:\/\/sindicom.hr\/en\/#website"},"primaryImageOfPage":{"@id":"https:\/\/sindicom.hr\/en\/katalog\/set-kocionog-cilindra-fte-org\/#primaryimage"},"image":{"@id":"https:\/\/sindicom.hr\/en\/katalog\/set-kocionog-cilindra-fte-org\/#primaryimage"},"thumbnailUrl":"https:\/\/sindicom.hr\/wp-content\/uploads\/2021\/03\/RK6511-1.webp","datePublished":"2021-03-18T11:42:25+00:00","dateModified":"2025-10-27T11:56:23+00:00","breadcrumb":{"@id":"https:\/\/sindicom.hr\/en\/katalog\/set-kocionog-cilindra-fte-org\/#breadcrumb"},"inLanguage":"en-US","potentialAction":[{"@type":"ReadAction","target":["https:\/\/sindicom.hr\/en\/katalog\/set-kocionog-cilindra-fte-org\/"]}]},{"@type":"ImageObject","inLanguage":"en-US","@id":"https:\/\/sindicom.hr\/en\/katalog\/set-kocionog-cilindra-fte-org\/#primaryimage","url":"https:\/\/sindicom.hr\/wp-content\/uploads\/2021\/03\/RK6511-1.webp","contentUrl":"https:\/\/sindicom.hr\/wp-content\/uploads\/2021\/03\/RK6511-1.webp","width":600,"height":600},{"@type":"BreadcrumbList","@id":"https:\/\/sindicom.hr\/en\/katalog\/set-kocionog-cilindra-fte-org\/#breadcrumb","itemListElement":[{"@type":"ListItem","position":1,"name":"Po\u010detna stranica","item":"https:\/\/sindicom.hr\/en\/"},{"@type":"ListItem","position":2,"name":"Katalog dijelova","item":"https:\/\/sindicom.hr\/en\/catalog\/"},{"@type":"ListItem","position":3,"name":"SET KO\u010cIONOG CILINDRA U KOTA\u010cU 65 mm KNOTT ATLAS LIEBHERR FTE VALEO OE"}]},{"@type":"WebSite","@id":"https:\/\/sindicom.hr\/en\/#website","url":"https:\/\/sindicom.hr\/en\/","name":"SINDICOM","description":"Trade and repair of pneumatic brakes, air and hydraulic systems for trucks and buses","publisher":{"@id":"https:\/\/sindicom.hr\/en\/#organization"},"potentialAction":[{"@type":"SearchAction","target":{"@type":"EntryPoint","urlTemplate":"https:\/\/sindicom.hr\/en\/?s={search_term_string}"},"query-input":{"@type":"PropertyValueSpecification","valueRequired":true,"valueName":"search_term_string"}}],"inLanguage":"en-US"},{"@type":"Organization","@id":"https:\/\/sindicom.hr\/en\/#organization","name":"SINDICOM d.o.o.","url":"https:\/\/sindicom.hr\/en\/","logo":{"@type":"ImageObject","inLanguage":"en-US","@id":"https:\/\/sindicom.hr\/en\/#\/schema\/logo\/image\/","url":"https:\/\/sindicom.hr\/wp-content\/uploads\/2019\/11\/sindicom_logo_veliki1.jpg.png","contentUrl":"https:\/\/sindicom.hr\/wp-content\/uploads\/2019\/11\/sindicom_logo_veliki1.jpg.png","width":732,"height":706,"caption":"SINDICOM d.o.o."},"image":{"@id":"https:\/\/sindicom.hr\/en\/#\/schema\/logo\/image\/"},"sameAs":["https:\/\/www.facebook.com\/Sindicom-doo-170277286366043\/","https:\/\/instagram.com\/sindicomdoo"]}]}},"_links":{"self":[{"href":"https:\/\/sindicom.hr\/en\/wp-json\/wp\/v2\/product\/21277","targetHints":{"allow":["GET"]}}],"collection":[{"href":"https:\/\/sindicom.hr\/en\/wp-json\/wp\/v2\/product"}],"about":[{"href":"https:\/\/sindicom.hr\/en\/wp-json\/wp\/v2\/types\/product"}],"wp:featuredmedia":[{"embeddable":true,"href":"https:\/\/sindicom.hr\/en\/wp-json\/wp\/v2\/media\/45947"}],"wp:attachment":[{"href":"https:\/\/sindicom.hr\/en\/wp-json\/wp\/v2\/media?parent=21277"}],"wp:term":[{"taxonomy":"product_brand","embeddable":true,"href":"https:\/\/sindicom.hr\/en\/wp-json\/wp\/v2\/product_brand?post=21277"},{"taxonomy":"product_cat","embeddable":true,"href":"https:\/\/sindicom.hr\/en\/wp-json\/wp\/v2\/product_cat?post=21277"},{"taxonomy":"product_tag","embeddable":true,"href":"https:\/\/sindicom.hr\/en\/wp-json\/wp\/v2\/product_tag?post=21277"}],"curies":[{"name":"wp","href":"https:\/\/api.w.org\/{rel}","templated":true}]}}