{"id":21444,"date":"2021-03-23T11:11:22","date_gmt":"2021-03-23T11:11:22","guid":{"rendered":"https:\/\/sindicom.hr\/?post_type=product&#038;p=21444"},"modified":"2025-10-27T11:56:45","modified_gmt":"2025-10-27T11:56:45","slug":"ventil-sjedala-norgren-recaro-setra-travego-touring-mercedes-org","status":"publish","type":"product","link":"https:\/\/sindicom.hr\/en\/katalog\/ventil-sjedala-norgren-recaro-setra-travego-touring-mercedes-org\/","title":{"rendered":"VENTIL SJEDALA 24V DC RECARO BUS MERCEDES SETRA TRAVEGO TOURING NORGREN OE"},"content":{"rendered":"<p>370142 NORGREN  370142 IMI NORGREN  370142 RECARO NORGREN  9016020 IMI NORGREN  90-16020 IMI NORGREN  83781156505 MAN  83.78115.6505 MAN  83.78115-6505 MAN  83781156505 NEOPLAN  83.78115-6505 NEOPLAN  83781156505 SETRA  83.78115-6505 SETRA  0008003478 MERCEDES  A0008003478 MERCEDES  0008004278 SETRA  A0008004278 SETRA  0008004278 MERCEDES  A0008004278 MERCEDES  A 000 800 42 78 MERCEDES  0009109138 MERCEDES  A0009109138 MERCEDES  A 000 910 91 38 MERCEDES  0009109138 SETRA  A0009109138 SETRA  IMI NORGREN  Sitzverstellventil  IMI NORGREN  seat adjustment valve  IMI NORGREN  \u00fcl\u00e9s\u00e1ll\u00edt\u00f3 szelep  IMI NORGREN  zittingverstelklep  IMI NORGREN V\u00e1lvula de ajuste del asiento  IMI NORGREN Soupape de r\u00e9glage de siege  IMI NORGREN Valvola di regolazione del sedile  VENTIL ZUM EINSTELLEN VON RECARO-SITZEN  VALVOLA PER LA REGOLAZIONE DEI SEDILI RECARO  VALVE FOR ADJUSTING RECARO SEATS SETRA S315 S415 TOURISMO TRAVEGO INTEGRO VAN HOOL NEOPLAN MAN  SEDE\u017d SJEDALO SJEDALA SJEDI\u0160TE SJEDI\u0160TA SJEDELA SJEDELO SEAT SEATS SITTING SIT<\/p>\n","protected":false},"excerpt":{"rendered":"<p><img decoding=\"async\" class=\"alignnone size-medium wp-image-145\" src=\"https:\/\/sindicom.hr\/wp-content\/uploads\/2019\/06\/Norgren-300x82.jpg\" alt=\"\" width=\"300\" height=\"82\" srcset=\"https:\/\/sindicom.hr\/wp-content\/uploads\/2019\/06\/Norgren-64x18.jpg 64w, https:\/\/sindicom.hr\/wp-content\/uploads\/2019\/06\/Norgren-300x82.jpg 300w, https:\/\/sindicom.hr\/wp-content\/uploads\/2019\/06\/Norgren-500x137.jpg 500w, https:\/\/sindicom.hr\/wp-content\/uploads\/2019\/06\/Norgren-700x192.jpg 700w, https:\/\/sindicom.hr\/wp-content\/uploads\/2019\/06\/Norgren-768x211.jpg 768w, https:\/\/sindicom.hr\/wp-content\/uploads\/2019\/06\/Norgren.jpg 966w\" sizes=\"(max-width: 300px) 100vw, 300px\" \/><\/p>\n","protected":false},"featured_media":42184,"template":"","meta":{"inline_featured_image":false},"product_brand":[],"product_cat":[15,96,101,247,97,236,105,104,99,102,277,129,254,235,190,183],"product_tag":[],"class_list":{"0":"post-21444","1":"product","2":"type-product","3":"status-publish","4":"has-post-thumbnail","6":"product_cat-all-products","7":"product_cat-busevi","8":"product_cat-evobus","9":"product_cat-imi-norgren-rezervni-dijelovi-imi-norgren-spare-parts","10":"product_cat-man","11":"product_cat-man-lions","12":"product_cat-mercedes","13":"product_cat-neoplan","14":"product_cat-setra","15":"product_cat-solaris","16":"product_cat-tourino","17":"product_cat-tourismo","18":"product_cat-travego","19":"product_cat-urbino","20":"product_cat-ventili-sjedala","21":"product_cat-zracni-ventili","23":"first","24":"instock","25":"shipping-taxable","26":"purchasable","27":"product-type-simple"},"yoast_head":"<!-- This site is optimized with the Yoast SEO plugin v26.2 - https:\/\/yoast.com\/wordpress\/plugins\/seo\/ -->\n<title>VENTIL SJEDALA 24V DC RECARO BUS MERCEDES SETRA TRAVEGO TOURING NORGREN OE - Sindicom<\/title>\n<meta name=\"robots\" content=\"index, follow, max-snippet:-1, max-image-preview:large, max-video-preview:-1\" \/>\n<link rel=\"canonical\" href=\"https:\/\/sindicom.hr\/en\/katalog\/ventil-sjedala-norgren-recaro-setra-travego-touring-mercedes-org\/\" \/>\n<meta property=\"og:locale\" content=\"en_US\" \/>\n<meta property=\"og:type\" content=\"article\" \/>\n<meta property=\"og:title\" content=\"VENTIL SJEDALA 24V DC RECARO BUS MERCEDES SETRA TRAVEGO TOURING NORGREN OE - Sindicom\" \/>\n<meta property=\"og:url\" content=\"https:\/\/sindicom.hr\/en\/katalog\/ventil-sjedala-norgren-recaro-setra-travego-touring-mercedes-org\/\" \/>\n<meta property=\"og:site_name\" content=\"Sindicom\" \/>\n<meta property=\"article:publisher\" content=\"https:\/\/www.facebook.com\/Sindicom-doo-170277286366043\/\" \/>\n<meta property=\"article:modified_time\" content=\"2025-10-27T11:56:45+00:00\" \/>\n<meta property=\"og:image\" content=\"https:\/\/sindicom.hr\/wp-content\/uploads\/2021\/03\/370142.webp\" \/>\n\t<meta property=\"og:image:width\" content=\"600\" \/>\n\t<meta property=\"og:image:height\" content=\"600\" \/>\n\t<meta property=\"og:image:type\" content=\"image\/webp\" \/>\n<meta name=\"twitter:card\" content=\"summary_large_image\" \/>\n<meta name=\"twitter:label1\" content=\"Est. reading time\" \/>\n\t<meta name=\"twitter:data1\" content=\"1 minute\" \/>\n<script type=\"application\/ld+json\" class=\"yoast-schema-graph\">{\"@context\":\"https:\/\/schema.org\",\"@graph\":[{\"@type\":\"WebPage\",\"@id\":\"https:\/\/sindicom.hr\/en\/katalog\/ventil-sjedala-norgren-recaro-setra-travego-touring-mercedes-org\/\",\"url\":\"https:\/\/sindicom.hr\/en\/katalog\/ventil-sjedala-norgren-recaro-setra-travego-touring-mercedes-org\/\",\"name\":\"VENTIL SJEDALA 24V DC RECARO BUS MERCEDES SETRA TRAVEGO TOURING NORGREN OE - Sindicom\",\"isPartOf\":{\"@id\":\"https:\/\/sindicom.hr\/en\/#website\"},\"primaryImageOfPage\":{\"@id\":\"https:\/\/sindicom.hr\/en\/katalog\/ventil-sjedala-norgren-recaro-setra-travego-touring-mercedes-org\/#primaryimage\"},\"image\":{\"@id\":\"https:\/\/sindicom.hr\/en\/katalog\/ventil-sjedala-norgren-recaro-setra-travego-touring-mercedes-org\/#primaryimage\"},\"thumbnailUrl\":\"https:\/\/sindicom.hr\/wp-content\/uploads\/2021\/03\/370142.webp\",\"datePublished\":\"2021-03-23T11:11:22+00:00\",\"dateModified\":\"2025-10-27T11:56:45+00:00\",\"breadcrumb\":{\"@id\":\"https:\/\/sindicom.hr\/en\/katalog\/ventil-sjedala-norgren-recaro-setra-travego-touring-mercedes-org\/#breadcrumb\"},\"inLanguage\":\"en-US\",\"potentialAction\":[{\"@type\":\"ReadAction\",\"target\":[\"https:\/\/sindicom.hr\/en\/katalog\/ventil-sjedala-norgren-recaro-setra-travego-touring-mercedes-org\/\"]}]},{\"@type\":\"ImageObject\",\"inLanguage\":\"en-US\",\"@id\":\"https:\/\/sindicom.hr\/en\/katalog\/ventil-sjedala-norgren-recaro-setra-travego-touring-mercedes-org\/#primaryimage\",\"url\":\"https:\/\/sindicom.hr\/wp-content\/uploads\/2021\/03\/370142.webp\",\"contentUrl\":\"https:\/\/sindicom.hr\/wp-content\/uploads\/2021\/03\/370142.webp\",\"width\":600,\"height\":600},{\"@type\":\"BreadcrumbList\",\"@id\":\"https:\/\/sindicom.hr\/en\/katalog\/ventil-sjedala-norgren-recaro-setra-travego-touring-mercedes-org\/#breadcrumb\",\"itemListElement\":[{\"@type\":\"ListItem\",\"position\":1,\"name\":\"Po\u010detna stranica\",\"item\":\"https:\/\/sindicom.hr\/en\/\"},{\"@type\":\"ListItem\",\"position\":2,\"name\":\"Katalog dijelova\",\"item\":\"https:\/\/sindicom.hr\/en\/catalog\/\"},{\"@type\":\"ListItem\",\"position\":3,\"name\":\"VENTIL SJEDALA 24V DC RECARO BUS MERCEDES SETRA TRAVEGO TOURING NORGREN OE\"}]},{\"@type\":\"WebSite\",\"@id\":\"https:\/\/sindicom.hr\/en\/#website\",\"url\":\"https:\/\/sindicom.hr\/en\/\",\"name\":\"SINDICOM\",\"description\":\"Trade and repair of pneumatic brakes, air and hydraulic systems for trucks and buses\",\"publisher\":{\"@id\":\"https:\/\/sindicom.hr\/en\/#organization\"},\"potentialAction\":[{\"@type\":\"SearchAction\",\"target\":{\"@type\":\"EntryPoint\",\"urlTemplate\":\"https:\/\/sindicom.hr\/en\/?s={search_term_string}\"},\"query-input\":{\"@type\":\"PropertyValueSpecification\",\"valueRequired\":true,\"valueName\":\"search_term_string\"}}],\"inLanguage\":\"en-US\"},{\"@type\":\"Organization\",\"@id\":\"https:\/\/sindicom.hr\/en\/#organization\",\"name\":\"SINDICOM d.o.o.\",\"url\":\"https:\/\/sindicom.hr\/en\/\",\"logo\":{\"@type\":\"ImageObject\",\"inLanguage\":\"en-US\",\"@id\":\"https:\/\/sindicom.hr\/en\/#\/schema\/logo\/image\/\",\"url\":\"https:\/\/sindicom.hr\/wp-content\/uploads\/2019\/11\/sindicom_logo_veliki1.jpg.png\",\"contentUrl\":\"https:\/\/sindicom.hr\/wp-content\/uploads\/2019\/11\/sindicom_logo_veliki1.jpg.png\",\"width\":732,\"height\":706,\"caption\":\"SINDICOM d.o.o.\"},\"image\":{\"@id\":\"https:\/\/sindicom.hr\/en\/#\/schema\/logo\/image\/\"},\"sameAs\":[\"https:\/\/www.facebook.com\/Sindicom-doo-170277286366043\/\",\"https:\/\/instagram.com\/sindicomdoo\"]}]}<\/script>\n<!-- \/ Yoast SEO plugin. -->","yoast_head_json":{"title":"VENTIL SJEDALA 24V DC RECARO BUS MERCEDES SETRA TRAVEGO TOURING NORGREN OE - Sindicom","robots":{"index":"index","follow":"follow","max-snippet":"max-snippet:-1","max-image-preview":"max-image-preview:large","max-video-preview":"max-video-preview:-1"},"canonical":"https:\/\/sindicom.hr\/en\/katalog\/ventil-sjedala-norgren-recaro-setra-travego-touring-mercedes-org\/","og_locale":"en_US","og_type":"article","og_title":"VENTIL SJEDALA 24V DC RECARO BUS MERCEDES SETRA TRAVEGO TOURING NORGREN OE - Sindicom","og_url":"https:\/\/sindicom.hr\/en\/katalog\/ventil-sjedala-norgren-recaro-setra-travego-touring-mercedes-org\/","og_site_name":"Sindicom","article_publisher":"https:\/\/www.facebook.com\/Sindicom-doo-170277286366043\/","article_modified_time":"2025-10-27T11:56:45+00:00","og_image":[{"width":600,"height":600,"url":"https:\/\/sindicom.hr\/wp-content\/uploads\/2021\/03\/370142.webp","type":"image\/webp"}],"twitter_card":"summary_large_image","twitter_misc":{"Est. reading time":"1 minute"},"schema":{"@context":"https:\/\/schema.org","@graph":[{"@type":"WebPage","@id":"https:\/\/sindicom.hr\/en\/katalog\/ventil-sjedala-norgren-recaro-setra-travego-touring-mercedes-org\/","url":"https:\/\/sindicom.hr\/en\/katalog\/ventil-sjedala-norgren-recaro-setra-travego-touring-mercedes-org\/","name":"VENTIL SJEDALA 24V DC RECARO BUS MERCEDES SETRA TRAVEGO TOURING NORGREN OE - Sindicom","isPartOf":{"@id":"https:\/\/sindicom.hr\/en\/#website"},"primaryImageOfPage":{"@id":"https:\/\/sindicom.hr\/en\/katalog\/ventil-sjedala-norgren-recaro-setra-travego-touring-mercedes-org\/#primaryimage"},"image":{"@id":"https:\/\/sindicom.hr\/en\/katalog\/ventil-sjedala-norgren-recaro-setra-travego-touring-mercedes-org\/#primaryimage"},"thumbnailUrl":"https:\/\/sindicom.hr\/wp-content\/uploads\/2021\/03\/370142.webp","datePublished":"2021-03-23T11:11:22+00:00","dateModified":"2025-10-27T11:56:45+00:00","breadcrumb":{"@id":"https:\/\/sindicom.hr\/en\/katalog\/ventil-sjedala-norgren-recaro-setra-travego-touring-mercedes-org\/#breadcrumb"},"inLanguage":"en-US","potentialAction":[{"@type":"ReadAction","target":["https:\/\/sindicom.hr\/en\/katalog\/ventil-sjedala-norgren-recaro-setra-travego-touring-mercedes-org\/"]}]},{"@type":"ImageObject","inLanguage":"en-US","@id":"https:\/\/sindicom.hr\/en\/katalog\/ventil-sjedala-norgren-recaro-setra-travego-touring-mercedes-org\/#primaryimage","url":"https:\/\/sindicom.hr\/wp-content\/uploads\/2021\/03\/370142.webp","contentUrl":"https:\/\/sindicom.hr\/wp-content\/uploads\/2021\/03\/370142.webp","width":600,"height":600},{"@type":"BreadcrumbList","@id":"https:\/\/sindicom.hr\/en\/katalog\/ventil-sjedala-norgren-recaro-setra-travego-touring-mercedes-org\/#breadcrumb","itemListElement":[{"@type":"ListItem","position":1,"name":"Po\u010detna stranica","item":"https:\/\/sindicom.hr\/en\/"},{"@type":"ListItem","position":2,"name":"Katalog dijelova","item":"https:\/\/sindicom.hr\/en\/catalog\/"},{"@type":"ListItem","position":3,"name":"VENTIL SJEDALA 24V DC RECARO BUS MERCEDES SETRA TRAVEGO TOURING NORGREN OE"}]},{"@type":"WebSite","@id":"https:\/\/sindicom.hr\/en\/#website","url":"https:\/\/sindicom.hr\/en\/","name":"SINDICOM","description":"Trade and repair of pneumatic brakes, air and hydraulic systems for trucks and buses","publisher":{"@id":"https:\/\/sindicom.hr\/en\/#organization"},"potentialAction":[{"@type":"SearchAction","target":{"@type":"EntryPoint","urlTemplate":"https:\/\/sindicom.hr\/en\/?s={search_term_string}"},"query-input":{"@type":"PropertyValueSpecification","valueRequired":true,"valueName":"search_term_string"}}],"inLanguage":"en-US"},{"@type":"Organization","@id":"https:\/\/sindicom.hr\/en\/#organization","name":"SINDICOM d.o.o.","url":"https:\/\/sindicom.hr\/en\/","logo":{"@type":"ImageObject","inLanguage":"en-US","@id":"https:\/\/sindicom.hr\/en\/#\/schema\/logo\/image\/","url":"https:\/\/sindicom.hr\/wp-content\/uploads\/2019\/11\/sindicom_logo_veliki1.jpg.png","contentUrl":"https:\/\/sindicom.hr\/wp-content\/uploads\/2019\/11\/sindicom_logo_veliki1.jpg.png","width":732,"height":706,"caption":"SINDICOM d.o.o."},"image":{"@id":"https:\/\/sindicom.hr\/en\/#\/schema\/logo\/image\/"},"sameAs":["https:\/\/www.facebook.com\/Sindicom-doo-170277286366043\/","https:\/\/instagram.com\/sindicomdoo"]}]}},"_links":{"self":[{"href":"https:\/\/sindicom.hr\/en\/wp-json\/wp\/v2\/product\/21444","targetHints":{"allow":["GET"]}}],"collection":[{"href":"https:\/\/sindicom.hr\/en\/wp-json\/wp\/v2\/product"}],"about":[{"href":"https:\/\/sindicom.hr\/en\/wp-json\/wp\/v2\/types\/product"}],"wp:featuredmedia":[{"embeddable":true,"href":"https:\/\/sindicom.hr\/en\/wp-json\/wp\/v2\/media\/42184"}],"wp:attachment":[{"href":"https:\/\/sindicom.hr\/en\/wp-json\/wp\/v2\/media?parent=21444"}],"wp:term":[{"taxonomy":"product_brand","embeddable":true,"href":"https:\/\/sindicom.hr\/en\/wp-json\/wp\/v2\/product_brand?post=21444"},{"taxonomy":"product_cat","embeddable":true,"href":"https:\/\/sindicom.hr\/en\/wp-json\/wp\/v2\/product_cat?post=21444"},{"taxonomy":"product_tag","embeddable":true,"href":"https:\/\/sindicom.hr\/en\/wp-json\/wp\/v2\/product_tag?post=21444"}],"curies":[{"name":"wp","href":"https:\/\/api.w.org\/{rel}","templated":true}]}}