{"id":23131,"date":"2021-04-21T14:17:04","date_gmt":"2021-04-21T14:17:04","guid":{"rendered":"https:\/\/sindicom.hr\/katalog\/pneumatski-ventil-3-2-1-4-redukcije-az-pneumatica\/"},"modified":"2025-10-27T12:08:27","modified_gmt":"2025-10-27T12:08:27","slug":"pneumatski-ventil-3-2-1-4-redukcije-az-pneumatica","status":"publish","type":"product","link":"https:\/\/sindicom.hr\/en\/katalog\/pneumatski-ventil-3-2-1-4-redukcije-az-pneumatica\/","title":{"rendered":"PNEUMATSKI VENTIL 3\/2 REDUKCIJE G1\/4 KIPER PRIKOLICA HALDEX AZ PNEUMATICA"},"content":{"rendered":"<p>322MCA AZ PNEUMATICA  322MC AZ PNEUMATICA  01.022.4 AZ PNEUMATICA  01.023.4 AZ PNEUMATICA  VPNEU001 HALDEX  580001 GRAU  580001 HALDEX  111045 HALDEX  322 MCA AZ PNEUMATICA  Magnetventil  Electrovanne  M\u00e1gnesszelep  Solenoid Valve  Magneetventiel  V\u00e1lvula Solenoide  Valvola elettromagnetica  Zaw\u00f3r elektromagnetyczny  3\/2 Solenoid valve  Tipper\/dump trailer solenoid valve  3\/2 1\/4&#8243; NO pneumatic pilot &#8211; spring return Multi way valve<\/p>\n","protected":false},"excerpt":{"rendered":"<p><img decoding=\"async\" class=\"alignnone size-medium wp-image-26146\" src=\"https:\/\/sindicom.hr\/wp-content\/uploads\/2022\/10\/az-pneumatica-300x300.jpg\" alt=\"\" width=\"300\" height=\"300\" srcset=\"https:\/\/sindicom.hr\/wp-content\/uploads\/2022\/10\/az-pneumatica-64x64.jpg 64w, https:\/\/sindicom.hr\/wp-content\/uploads\/2022\/10\/az-pneumatica-66x66.jpg 66w, https:\/\/sindicom.hr\/wp-content\/uploads\/2022\/10\/az-pneumatica-100x100.jpg 100w, https:\/\/sindicom.hr\/wp-content\/uploads\/2022\/10\/az-pneumatica-150x150.jpg 150w, https:\/\/sindicom.hr\/wp-content\/uploads\/2022\/10\/az-pneumatica-200x200.jpg 200w, https:\/\/sindicom.hr\/wp-content\/uploads\/2022\/10\/az-pneumatica.jpg 300w\" sizes=\"(max-width: 300px) 100vw, 300px\" \/><\/p>\n<p>&nbsp;<\/p>\n","protected":false},"featured_media":30087,"template":"","meta":{"inline_featured_image":false},"product_brand":[],"product_cat":[15,88,114],"product_tag":[],"class_list":{"0":"post-23131","1":"product","2":"type-product","3":"status-publish","4":"has-post-thumbnail","6":"product_cat-all-products","7":"product_cat-elektromagnetni-ventili","8":"product_cat-prikolice","10":"first","11":"instock","12":"shipping-taxable","13":"purchasable","14":"product-type-simple"},"yoast_head":"<!-- This site is optimized with the Yoast SEO plugin v26.2 - https:\/\/yoast.com\/wordpress\/plugins\/seo\/ -->\n<title>PNEUMATSKI VENTIL 3\/2 REDUKCIJE G1\/4 KIPER PRIKOLICA HALDEX AZ PNEUMATICA - Sindicom<\/title>\n<meta name=\"robots\" content=\"index, follow, max-snippet:-1, max-image-preview:large, max-video-preview:-1\" \/>\n<link rel=\"canonical\" href=\"https:\/\/sindicom.hr\/en\/katalog\/pneumatski-ventil-3-2-1-4-redukcije-az-pneumatica\/\" \/>\n<meta property=\"og:locale\" content=\"en_US\" \/>\n<meta property=\"og:type\" content=\"article\" \/>\n<meta property=\"og:title\" content=\"PNEUMATSKI VENTIL 3\/2 REDUKCIJE G1\/4 KIPER PRIKOLICA HALDEX AZ PNEUMATICA - Sindicom\" \/>\n<meta property=\"og:description\" content=\"&nbsp;\" \/>\n<meta property=\"og:url\" content=\"https:\/\/sindicom.hr\/en\/katalog\/pneumatski-ventil-3-2-1-4-redukcije-az-pneumatica\/\" \/>\n<meta property=\"og:site_name\" content=\"Sindicom\" \/>\n<meta property=\"article:publisher\" content=\"https:\/\/www.facebook.com\/Sindicom-doo-170277286366043\/\" \/>\n<meta property=\"article:modified_time\" content=\"2025-10-27T12:08:27+00:00\" \/>\n<meta property=\"og:image\" content=\"https:\/\/sindicom.hr\/wp-content\/uploads\/2021\/04\/322MCA.webp\" \/>\n\t<meta property=\"og:image:width\" content=\"600\" \/>\n\t<meta property=\"og:image:height\" content=\"600\" \/>\n\t<meta property=\"og:image:type\" content=\"image\/webp\" \/>\n<meta name=\"twitter:card\" content=\"summary_large_image\" \/>\n<meta name=\"twitter:label1\" content=\"Est. reading time\" \/>\n\t<meta name=\"twitter:data1\" content=\"1 minute\" \/>\n<script type=\"application\/ld+json\" class=\"yoast-schema-graph\">{\"@context\":\"https:\/\/schema.org\",\"@graph\":[{\"@type\":\"WebPage\",\"@id\":\"https:\/\/sindicom.hr\/en\/katalog\/pneumatski-ventil-3-2-1-4-redukcije-az-pneumatica\/\",\"url\":\"https:\/\/sindicom.hr\/en\/katalog\/pneumatski-ventil-3-2-1-4-redukcije-az-pneumatica\/\",\"name\":\"PNEUMATSKI VENTIL 3\/2 REDUKCIJE G1\/4 KIPER PRIKOLICA HALDEX AZ PNEUMATICA - Sindicom\",\"isPartOf\":{\"@id\":\"https:\/\/sindicom.hr\/en\/#website\"},\"primaryImageOfPage\":{\"@id\":\"https:\/\/sindicom.hr\/en\/katalog\/pneumatski-ventil-3-2-1-4-redukcije-az-pneumatica\/#primaryimage\"},\"image\":{\"@id\":\"https:\/\/sindicom.hr\/en\/katalog\/pneumatski-ventil-3-2-1-4-redukcije-az-pneumatica\/#primaryimage\"},\"thumbnailUrl\":\"https:\/\/sindicom.hr\/wp-content\/uploads\/2021\/04\/322MCA.webp\",\"datePublished\":\"2021-04-21T14:17:04+00:00\",\"dateModified\":\"2025-10-27T12:08:27+00:00\",\"breadcrumb\":{\"@id\":\"https:\/\/sindicom.hr\/en\/katalog\/pneumatski-ventil-3-2-1-4-redukcije-az-pneumatica\/#breadcrumb\"},\"inLanguage\":\"en-US\",\"potentialAction\":[{\"@type\":\"ReadAction\",\"target\":[\"https:\/\/sindicom.hr\/en\/katalog\/pneumatski-ventil-3-2-1-4-redukcije-az-pneumatica\/\"]}]},{\"@type\":\"ImageObject\",\"inLanguage\":\"en-US\",\"@id\":\"https:\/\/sindicom.hr\/en\/katalog\/pneumatski-ventil-3-2-1-4-redukcije-az-pneumatica\/#primaryimage\",\"url\":\"https:\/\/sindicom.hr\/wp-content\/uploads\/2021\/04\/322MCA.webp\",\"contentUrl\":\"https:\/\/sindicom.hr\/wp-content\/uploads\/2021\/04\/322MCA.webp\",\"width\":600,\"height\":600},{\"@type\":\"BreadcrumbList\",\"@id\":\"https:\/\/sindicom.hr\/en\/katalog\/pneumatski-ventil-3-2-1-4-redukcije-az-pneumatica\/#breadcrumb\",\"itemListElement\":[{\"@type\":\"ListItem\",\"position\":1,\"name\":\"Po\u010detna stranica\",\"item\":\"https:\/\/sindicom.hr\/en\/\"},{\"@type\":\"ListItem\",\"position\":2,\"name\":\"Katalog dijelova\",\"item\":\"https:\/\/sindicom.hr\/en\/catalog\/\"},{\"@type\":\"ListItem\",\"position\":3,\"name\":\"PNEUMATSKI VENTIL 3\/2 REDUKCIJE G1\/4 KIPER PRIKOLICA HALDEX AZ PNEUMATICA\"}]},{\"@type\":\"WebSite\",\"@id\":\"https:\/\/sindicom.hr\/en\/#website\",\"url\":\"https:\/\/sindicom.hr\/en\/\",\"name\":\"SINDICOM\",\"description\":\"Trade and repair of pneumatic brakes, air and hydraulic systems for trucks and buses\",\"publisher\":{\"@id\":\"https:\/\/sindicom.hr\/en\/#organization\"},\"potentialAction\":[{\"@type\":\"SearchAction\",\"target\":{\"@type\":\"EntryPoint\",\"urlTemplate\":\"https:\/\/sindicom.hr\/en\/?s={search_term_string}\"},\"query-input\":{\"@type\":\"PropertyValueSpecification\",\"valueRequired\":true,\"valueName\":\"search_term_string\"}}],\"inLanguage\":\"en-US\"},{\"@type\":\"Organization\",\"@id\":\"https:\/\/sindicom.hr\/en\/#organization\",\"name\":\"SINDICOM d.o.o.\",\"url\":\"https:\/\/sindicom.hr\/en\/\",\"logo\":{\"@type\":\"ImageObject\",\"inLanguage\":\"en-US\",\"@id\":\"https:\/\/sindicom.hr\/en\/#\/schema\/logo\/image\/\",\"url\":\"https:\/\/sindicom.hr\/wp-content\/uploads\/2019\/11\/sindicom_logo_veliki1.jpg.png\",\"contentUrl\":\"https:\/\/sindicom.hr\/wp-content\/uploads\/2019\/11\/sindicom_logo_veliki1.jpg.png\",\"width\":732,\"height\":706,\"caption\":\"SINDICOM d.o.o.\"},\"image\":{\"@id\":\"https:\/\/sindicom.hr\/en\/#\/schema\/logo\/image\/\"},\"sameAs\":[\"https:\/\/www.facebook.com\/Sindicom-doo-170277286366043\/\",\"https:\/\/instagram.com\/sindicomdoo\"]}]}<\/script>\n<!-- \/ Yoast SEO plugin. -->","yoast_head_json":{"title":"PNEUMATSKI VENTIL 3\/2 REDUKCIJE G1\/4 KIPER PRIKOLICA HALDEX AZ PNEUMATICA - Sindicom","robots":{"index":"index","follow":"follow","max-snippet":"max-snippet:-1","max-image-preview":"max-image-preview:large","max-video-preview":"max-video-preview:-1"},"canonical":"https:\/\/sindicom.hr\/en\/katalog\/pneumatski-ventil-3-2-1-4-redukcije-az-pneumatica\/","og_locale":"en_US","og_type":"article","og_title":"PNEUMATSKI VENTIL 3\/2 REDUKCIJE G1\/4 KIPER PRIKOLICA HALDEX AZ PNEUMATICA - Sindicom","og_description":"&nbsp;","og_url":"https:\/\/sindicom.hr\/en\/katalog\/pneumatski-ventil-3-2-1-4-redukcije-az-pneumatica\/","og_site_name":"Sindicom","article_publisher":"https:\/\/www.facebook.com\/Sindicom-doo-170277286366043\/","article_modified_time":"2025-10-27T12:08:27+00:00","og_image":[{"width":600,"height":600,"url":"https:\/\/sindicom.hr\/wp-content\/uploads\/2021\/04\/322MCA.webp","type":"image\/webp"}],"twitter_card":"summary_large_image","twitter_misc":{"Est. reading time":"1 minute"},"schema":{"@context":"https:\/\/schema.org","@graph":[{"@type":"WebPage","@id":"https:\/\/sindicom.hr\/en\/katalog\/pneumatski-ventil-3-2-1-4-redukcije-az-pneumatica\/","url":"https:\/\/sindicom.hr\/en\/katalog\/pneumatski-ventil-3-2-1-4-redukcije-az-pneumatica\/","name":"PNEUMATSKI VENTIL 3\/2 REDUKCIJE G1\/4 KIPER PRIKOLICA HALDEX AZ PNEUMATICA - Sindicom","isPartOf":{"@id":"https:\/\/sindicom.hr\/en\/#website"},"primaryImageOfPage":{"@id":"https:\/\/sindicom.hr\/en\/katalog\/pneumatski-ventil-3-2-1-4-redukcije-az-pneumatica\/#primaryimage"},"image":{"@id":"https:\/\/sindicom.hr\/en\/katalog\/pneumatski-ventil-3-2-1-4-redukcije-az-pneumatica\/#primaryimage"},"thumbnailUrl":"https:\/\/sindicom.hr\/wp-content\/uploads\/2021\/04\/322MCA.webp","datePublished":"2021-04-21T14:17:04+00:00","dateModified":"2025-10-27T12:08:27+00:00","breadcrumb":{"@id":"https:\/\/sindicom.hr\/en\/katalog\/pneumatski-ventil-3-2-1-4-redukcije-az-pneumatica\/#breadcrumb"},"inLanguage":"en-US","potentialAction":[{"@type":"ReadAction","target":["https:\/\/sindicom.hr\/en\/katalog\/pneumatski-ventil-3-2-1-4-redukcije-az-pneumatica\/"]}]},{"@type":"ImageObject","inLanguage":"en-US","@id":"https:\/\/sindicom.hr\/en\/katalog\/pneumatski-ventil-3-2-1-4-redukcije-az-pneumatica\/#primaryimage","url":"https:\/\/sindicom.hr\/wp-content\/uploads\/2021\/04\/322MCA.webp","contentUrl":"https:\/\/sindicom.hr\/wp-content\/uploads\/2021\/04\/322MCA.webp","width":600,"height":600},{"@type":"BreadcrumbList","@id":"https:\/\/sindicom.hr\/en\/katalog\/pneumatski-ventil-3-2-1-4-redukcije-az-pneumatica\/#breadcrumb","itemListElement":[{"@type":"ListItem","position":1,"name":"Po\u010detna stranica","item":"https:\/\/sindicom.hr\/en\/"},{"@type":"ListItem","position":2,"name":"Katalog dijelova","item":"https:\/\/sindicom.hr\/en\/catalog\/"},{"@type":"ListItem","position":3,"name":"PNEUMATSKI VENTIL 3\/2 REDUKCIJE G1\/4 KIPER PRIKOLICA HALDEX AZ PNEUMATICA"}]},{"@type":"WebSite","@id":"https:\/\/sindicom.hr\/en\/#website","url":"https:\/\/sindicom.hr\/en\/","name":"SINDICOM","description":"Trade and repair of pneumatic brakes, air and hydraulic systems for trucks and buses","publisher":{"@id":"https:\/\/sindicom.hr\/en\/#organization"},"potentialAction":[{"@type":"SearchAction","target":{"@type":"EntryPoint","urlTemplate":"https:\/\/sindicom.hr\/en\/?s={search_term_string}"},"query-input":{"@type":"PropertyValueSpecification","valueRequired":true,"valueName":"search_term_string"}}],"inLanguage":"en-US"},{"@type":"Organization","@id":"https:\/\/sindicom.hr\/en\/#organization","name":"SINDICOM d.o.o.","url":"https:\/\/sindicom.hr\/en\/","logo":{"@type":"ImageObject","inLanguage":"en-US","@id":"https:\/\/sindicom.hr\/en\/#\/schema\/logo\/image\/","url":"https:\/\/sindicom.hr\/wp-content\/uploads\/2019\/11\/sindicom_logo_veliki1.jpg.png","contentUrl":"https:\/\/sindicom.hr\/wp-content\/uploads\/2019\/11\/sindicom_logo_veliki1.jpg.png","width":732,"height":706,"caption":"SINDICOM d.o.o."},"image":{"@id":"https:\/\/sindicom.hr\/en\/#\/schema\/logo\/image\/"},"sameAs":["https:\/\/www.facebook.com\/Sindicom-doo-170277286366043\/","https:\/\/instagram.com\/sindicomdoo"]}]}},"_links":{"self":[{"href":"https:\/\/sindicom.hr\/en\/wp-json\/wp\/v2\/product\/23131","targetHints":{"allow":["GET"]}}],"collection":[{"href":"https:\/\/sindicom.hr\/en\/wp-json\/wp\/v2\/product"}],"about":[{"href":"https:\/\/sindicom.hr\/en\/wp-json\/wp\/v2\/types\/product"}],"wp:featuredmedia":[{"embeddable":true,"href":"https:\/\/sindicom.hr\/en\/wp-json\/wp\/v2\/media\/30087"}],"wp:attachment":[{"href":"https:\/\/sindicom.hr\/en\/wp-json\/wp\/v2\/media?parent=23131"}],"wp:term":[{"taxonomy":"product_brand","embeddable":true,"href":"https:\/\/sindicom.hr\/en\/wp-json\/wp\/v2\/product_brand?post=23131"},{"taxonomy":"product_cat","embeddable":true,"href":"https:\/\/sindicom.hr\/en\/wp-json\/wp\/v2\/product_cat?post=23131"},{"taxonomy":"product_tag","embeddable":true,"href":"https:\/\/sindicom.hr\/en\/wp-json\/wp\/v2\/product_tag?post=23131"}],"curies":[{"name":"wp","href":"https:\/\/api.w.org\/{rel}","templated":true}]}}