{"id":25290,"date":"2022-01-07T12:10:11","date_gmt":"2022-01-07T12:10:11","guid":{"rendered":"https:\/\/sindicom.hr\/katalog\/brzoispusni-ventil-m22-ulaz-2xm16-izlaz-volvo-wabco-org\/"},"modified":"2025-10-27T11:47:53","modified_gmt":"2025-10-27T11:47:53","slug":"brzoispusni-ventil-m22-ulaz-2xm16-izlaz-volvo-wabco-org","status":"publish","type":"product","link":"https:\/\/sindicom.hr\/en\/katalog\/brzoispusni-ventil-m22-ulaz-2xm16-izlaz-volvo-wabco-org\/","title":{"rendered":"BRZOISPUSNI VENTIL M22 ULAZ 2xM16 IZLAZ VOLVO RENAULT WABCO OE"},"content":{"rendered":"<p>9735000470 WABCO  9735000190 WABCO  9735000180 WABCO  KX1294\/1 KNORR  K192828N00 KNORR  1505867 DAF  8123281 VOLVO  1135002 VOLVO  3173152 VOLVO  6883355 VOLVO  8120601 VOLVO  1581929 VOLVO  1135002 VOLVO  1581929 VOLVO  3173152 VOLVO  6883355 VOLVO  8120601 VOLVO  8123281 VOLVO  61582103 IVECO  2089931 SCANIA  1505867 PACCAR  CF352208 FRUEHAUF  5000785730 RENAULT  2.44093 DT  177954 FEBI  52708 AUGER  2221200 COJALI  2221209 COJALI  Quick Release Valve  Rychloup\u00ednac\u00ed ventil  Valvola di rilascio rapido  Schnellablassventil  V\u00e1lvula de liberaci\u00f3n r\u00e1pida  Valve a d\u00e9gagement rapide  DAF 95. DB. SB; IVECO 370. CITYCLASS. EUROCARGO I-III. MAGIRUS. ZETA; MAN EM. G. G90. HOCL. NM. SL. SM. SR; MERCEDES CAPACITY 6BT5.9-WS315M<\/p>\n","protected":false},"excerpt":{"rendered":"<p><img decoding=\"async\" class=\"alignnone size-medium wp-image-17720\" src=\"https:\/\/sindicom.hr\/wp-content\/uploads\/2020\/05\/wabco-300x300.png\" alt=\"\" width=\"300\" height=\"300\" srcset=\"https:\/\/sindicom.hr\/wp-content\/uploads\/2020\/05\/wabco-64x64.png 64w, https:\/\/sindicom.hr\/wp-content\/uploads\/2020\/05\/wabco-66x66.png 66w, https:\/\/sindicom.hr\/wp-content\/uploads\/2020\/05\/wabco-100x100.png 100w, https:\/\/sindicom.hr\/wp-content\/uploads\/2020\/05\/wabco-150x150.png 150w, https:\/\/sindicom.hr\/wp-content\/uploads\/2020\/05\/wabco-200x200.png 200w, https:\/\/sindicom.hr\/wp-content\/uploads\/2020\/05\/wabco.png 300w\" sizes=\"(max-width: 300px) 100vw, 300px\" \/><\/p>\n","protected":false},"featured_media":35732,"template":"","meta":{"inline_featured_image":false},"product_brand":[],"product_cat":[15,76],"product_tag":[],"class_list":{"0":"post-25290","1":"product","2":"type-product","3":"status-publish","4":"has-post-thumbnail","6":"product_cat-all-products","7":"product_cat-brzoispusni-ventili","9":"first","10":"instock","11":"shipping-taxable","12":"purchasable","13":"product-type-simple"},"yoast_head":"<!-- This site is optimized with the Yoast SEO plugin v26.2 - https:\/\/yoast.com\/wordpress\/plugins\/seo\/ -->\n<title>BRZOISPUSNI VENTIL M22 ULAZ 2xM16 IZLAZ VOLVO RENAULT WABCO OE - Sindicom<\/title>\n<meta name=\"robots\" content=\"index, follow, max-snippet:-1, max-image-preview:large, max-video-preview:-1\" \/>\n<link rel=\"canonical\" href=\"https:\/\/sindicom.hr\/en\/katalog\/brzoispusni-ventil-m22-ulaz-2xm16-izlaz-volvo-wabco-org\/\" \/>\n<meta property=\"og:locale\" content=\"en_US\" \/>\n<meta property=\"og:type\" content=\"article\" \/>\n<meta property=\"og:title\" content=\"BRZOISPUSNI VENTIL M22 ULAZ 2xM16 IZLAZ VOLVO RENAULT WABCO OE - Sindicom\" \/>\n<meta property=\"og:url\" content=\"https:\/\/sindicom.hr\/en\/katalog\/brzoispusni-ventil-m22-ulaz-2xm16-izlaz-volvo-wabco-org\/\" \/>\n<meta property=\"og:site_name\" content=\"Sindicom\" \/>\n<meta property=\"article:publisher\" content=\"https:\/\/www.facebook.com\/Sindicom-doo-170277286366043\/\" \/>\n<meta property=\"article:modified_time\" content=\"2025-10-27T11:47:53+00:00\" \/>\n<meta property=\"og:image\" content=\"https:\/\/sindicom.hr\/wp-content\/uploads\/2022\/01\/9735000470-WABCO.webp\" \/>\n\t<meta property=\"og:image:width\" content=\"600\" \/>\n\t<meta property=\"og:image:height\" content=\"600\" \/>\n\t<meta property=\"og:image:type\" content=\"image\/webp\" \/>\n<meta name=\"twitter:card\" content=\"summary_large_image\" \/>\n<meta name=\"twitter:label1\" content=\"Est. reading time\" \/>\n\t<meta name=\"twitter:data1\" content=\"1 minute\" \/>\n<script type=\"application\/ld+json\" class=\"yoast-schema-graph\">{\"@context\":\"https:\/\/schema.org\",\"@graph\":[{\"@type\":\"WebPage\",\"@id\":\"https:\/\/sindicom.hr\/en\/katalog\/brzoispusni-ventil-m22-ulaz-2xm16-izlaz-volvo-wabco-org\/\",\"url\":\"https:\/\/sindicom.hr\/en\/katalog\/brzoispusni-ventil-m22-ulaz-2xm16-izlaz-volvo-wabco-org\/\",\"name\":\"BRZOISPUSNI VENTIL M22 ULAZ 2xM16 IZLAZ VOLVO RENAULT WABCO OE - Sindicom\",\"isPartOf\":{\"@id\":\"https:\/\/sindicom.hr\/en\/#website\"},\"primaryImageOfPage\":{\"@id\":\"https:\/\/sindicom.hr\/en\/katalog\/brzoispusni-ventil-m22-ulaz-2xm16-izlaz-volvo-wabco-org\/#primaryimage\"},\"image\":{\"@id\":\"https:\/\/sindicom.hr\/en\/katalog\/brzoispusni-ventil-m22-ulaz-2xm16-izlaz-volvo-wabco-org\/#primaryimage\"},\"thumbnailUrl\":\"https:\/\/sindicom.hr\/wp-content\/uploads\/2022\/01\/9735000470-WABCO.webp\",\"datePublished\":\"2022-01-07T12:10:11+00:00\",\"dateModified\":\"2025-10-27T11:47:53+00:00\",\"breadcrumb\":{\"@id\":\"https:\/\/sindicom.hr\/en\/katalog\/brzoispusni-ventil-m22-ulaz-2xm16-izlaz-volvo-wabco-org\/#breadcrumb\"},\"inLanguage\":\"en-US\",\"potentialAction\":[{\"@type\":\"ReadAction\",\"target\":[\"https:\/\/sindicom.hr\/en\/katalog\/brzoispusni-ventil-m22-ulaz-2xm16-izlaz-volvo-wabco-org\/\"]}]},{\"@type\":\"ImageObject\",\"inLanguage\":\"en-US\",\"@id\":\"https:\/\/sindicom.hr\/en\/katalog\/brzoispusni-ventil-m22-ulaz-2xm16-izlaz-volvo-wabco-org\/#primaryimage\",\"url\":\"https:\/\/sindicom.hr\/wp-content\/uploads\/2022\/01\/9735000470-WABCO.webp\",\"contentUrl\":\"https:\/\/sindicom.hr\/wp-content\/uploads\/2022\/01\/9735000470-WABCO.webp\",\"width\":600,\"height\":600},{\"@type\":\"BreadcrumbList\",\"@id\":\"https:\/\/sindicom.hr\/en\/katalog\/brzoispusni-ventil-m22-ulaz-2xm16-izlaz-volvo-wabco-org\/#breadcrumb\",\"itemListElement\":[{\"@type\":\"ListItem\",\"position\":1,\"name\":\"Po\u010detna stranica\",\"item\":\"https:\/\/sindicom.hr\/en\/\"},{\"@type\":\"ListItem\",\"position\":2,\"name\":\"Katalog dijelova\",\"item\":\"https:\/\/sindicom.hr\/en\/catalog\/\"},{\"@type\":\"ListItem\",\"position\":3,\"name\":\"BRZOISPUSNI VENTIL M22 ULAZ 2xM16 IZLAZ VOLVO RENAULT WABCO OE\"}]},{\"@type\":\"WebSite\",\"@id\":\"https:\/\/sindicom.hr\/en\/#website\",\"url\":\"https:\/\/sindicom.hr\/en\/\",\"name\":\"SINDICOM\",\"description\":\"Trade and repair of pneumatic brakes, air and hydraulic systems for trucks and buses\",\"publisher\":{\"@id\":\"https:\/\/sindicom.hr\/en\/#organization\"},\"potentialAction\":[{\"@type\":\"SearchAction\",\"target\":{\"@type\":\"EntryPoint\",\"urlTemplate\":\"https:\/\/sindicom.hr\/en\/?s={search_term_string}\"},\"query-input\":{\"@type\":\"PropertyValueSpecification\",\"valueRequired\":true,\"valueName\":\"search_term_string\"}}],\"inLanguage\":\"en-US\"},{\"@type\":\"Organization\",\"@id\":\"https:\/\/sindicom.hr\/en\/#organization\",\"name\":\"SINDICOM d.o.o.\",\"url\":\"https:\/\/sindicom.hr\/en\/\",\"logo\":{\"@type\":\"ImageObject\",\"inLanguage\":\"en-US\",\"@id\":\"https:\/\/sindicom.hr\/en\/#\/schema\/logo\/image\/\",\"url\":\"https:\/\/sindicom.hr\/wp-content\/uploads\/2019\/11\/sindicom_logo_veliki1.jpg.png\",\"contentUrl\":\"https:\/\/sindicom.hr\/wp-content\/uploads\/2019\/11\/sindicom_logo_veliki1.jpg.png\",\"width\":732,\"height\":706,\"caption\":\"SINDICOM d.o.o.\"},\"image\":{\"@id\":\"https:\/\/sindicom.hr\/en\/#\/schema\/logo\/image\/\"},\"sameAs\":[\"https:\/\/www.facebook.com\/Sindicom-doo-170277286366043\/\",\"https:\/\/instagram.com\/sindicomdoo\"]}]}<\/script>\n<!-- \/ Yoast SEO plugin. -->","yoast_head_json":{"title":"BRZOISPUSNI VENTIL M22 ULAZ 2xM16 IZLAZ VOLVO RENAULT WABCO OE - Sindicom","robots":{"index":"index","follow":"follow","max-snippet":"max-snippet:-1","max-image-preview":"max-image-preview:large","max-video-preview":"max-video-preview:-1"},"canonical":"https:\/\/sindicom.hr\/en\/katalog\/brzoispusni-ventil-m22-ulaz-2xm16-izlaz-volvo-wabco-org\/","og_locale":"en_US","og_type":"article","og_title":"BRZOISPUSNI VENTIL M22 ULAZ 2xM16 IZLAZ VOLVO RENAULT WABCO OE - Sindicom","og_url":"https:\/\/sindicom.hr\/en\/katalog\/brzoispusni-ventil-m22-ulaz-2xm16-izlaz-volvo-wabco-org\/","og_site_name":"Sindicom","article_publisher":"https:\/\/www.facebook.com\/Sindicom-doo-170277286366043\/","article_modified_time":"2025-10-27T11:47:53+00:00","og_image":[{"width":600,"height":600,"url":"https:\/\/sindicom.hr\/wp-content\/uploads\/2022\/01\/9735000470-WABCO.webp","type":"image\/webp"}],"twitter_card":"summary_large_image","twitter_misc":{"Est. reading time":"1 minute"},"schema":{"@context":"https:\/\/schema.org","@graph":[{"@type":"WebPage","@id":"https:\/\/sindicom.hr\/en\/katalog\/brzoispusni-ventil-m22-ulaz-2xm16-izlaz-volvo-wabco-org\/","url":"https:\/\/sindicom.hr\/en\/katalog\/brzoispusni-ventil-m22-ulaz-2xm16-izlaz-volvo-wabco-org\/","name":"BRZOISPUSNI VENTIL M22 ULAZ 2xM16 IZLAZ VOLVO RENAULT WABCO OE - Sindicom","isPartOf":{"@id":"https:\/\/sindicom.hr\/en\/#website"},"primaryImageOfPage":{"@id":"https:\/\/sindicom.hr\/en\/katalog\/brzoispusni-ventil-m22-ulaz-2xm16-izlaz-volvo-wabco-org\/#primaryimage"},"image":{"@id":"https:\/\/sindicom.hr\/en\/katalog\/brzoispusni-ventil-m22-ulaz-2xm16-izlaz-volvo-wabco-org\/#primaryimage"},"thumbnailUrl":"https:\/\/sindicom.hr\/wp-content\/uploads\/2022\/01\/9735000470-WABCO.webp","datePublished":"2022-01-07T12:10:11+00:00","dateModified":"2025-10-27T11:47:53+00:00","breadcrumb":{"@id":"https:\/\/sindicom.hr\/en\/katalog\/brzoispusni-ventil-m22-ulaz-2xm16-izlaz-volvo-wabco-org\/#breadcrumb"},"inLanguage":"en-US","potentialAction":[{"@type":"ReadAction","target":["https:\/\/sindicom.hr\/en\/katalog\/brzoispusni-ventil-m22-ulaz-2xm16-izlaz-volvo-wabco-org\/"]}]},{"@type":"ImageObject","inLanguage":"en-US","@id":"https:\/\/sindicom.hr\/en\/katalog\/brzoispusni-ventil-m22-ulaz-2xm16-izlaz-volvo-wabco-org\/#primaryimage","url":"https:\/\/sindicom.hr\/wp-content\/uploads\/2022\/01\/9735000470-WABCO.webp","contentUrl":"https:\/\/sindicom.hr\/wp-content\/uploads\/2022\/01\/9735000470-WABCO.webp","width":600,"height":600},{"@type":"BreadcrumbList","@id":"https:\/\/sindicom.hr\/en\/katalog\/brzoispusni-ventil-m22-ulaz-2xm16-izlaz-volvo-wabco-org\/#breadcrumb","itemListElement":[{"@type":"ListItem","position":1,"name":"Po\u010detna stranica","item":"https:\/\/sindicom.hr\/en\/"},{"@type":"ListItem","position":2,"name":"Katalog dijelova","item":"https:\/\/sindicom.hr\/en\/catalog\/"},{"@type":"ListItem","position":3,"name":"BRZOISPUSNI VENTIL M22 ULAZ 2xM16 IZLAZ VOLVO RENAULT WABCO OE"}]},{"@type":"WebSite","@id":"https:\/\/sindicom.hr\/en\/#website","url":"https:\/\/sindicom.hr\/en\/","name":"SINDICOM","description":"Trade and repair of pneumatic brakes, air and hydraulic systems for trucks and buses","publisher":{"@id":"https:\/\/sindicom.hr\/en\/#organization"},"potentialAction":[{"@type":"SearchAction","target":{"@type":"EntryPoint","urlTemplate":"https:\/\/sindicom.hr\/en\/?s={search_term_string}"},"query-input":{"@type":"PropertyValueSpecification","valueRequired":true,"valueName":"search_term_string"}}],"inLanguage":"en-US"},{"@type":"Organization","@id":"https:\/\/sindicom.hr\/en\/#organization","name":"SINDICOM d.o.o.","url":"https:\/\/sindicom.hr\/en\/","logo":{"@type":"ImageObject","inLanguage":"en-US","@id":"https:\/\/sindicom.hr\/en\/#\/schema\/logo\/image\/","url":"https:\/\/sindicom.hr\/wp-content\/uploads\/2019\/11\/sindicom_logo_veliki1.jpg.png","contentUrl":"https:\/\/sindicom.hr\/wp-content\/uploads\/2019\/11\/sindicom_logo_veliki1.jpg.png","width":732,"height":706,"caption":"SINDICOM d.o.o."},"image":{"@id":"https:\/\/sindicom.hr\/en\/#\/schema\/logo\/image\/"},"sameAs":["https:\/\/www.facebook.com\/Sindicom-doo-170277286366043\/","https:\/\/instagram.com\/sindicomdoo"]}]}},"_links":{"self":[{"href":"https:\/\/sindicom.hr\/en\/wp-json\/wp\/v2\/product\/25290","targetHints":{"allow":["GET"]}}],"collection":[{"href":"https:\/\/sindicom.hr\/en\/wp-json\/wp\/v2\/product"}],"about":[{"href":"https:\/\/sindicom.hr\/en\/wp-json\/wp\/v2\/types\/product"}],"wp:featuredmedia":[{"embeddable":true,"href":"https:\/\/sindicom.hr\/en\/wp-json\/wp\/v2\/media\/35732"}],"wp:attachment":[{"href":"https:\/\/sindicom.hr\/en\/wp-json\/wp\/v2\/media?parent=25290"}],"wp:term":[{"taxonomy":"product_brand","embeddable":true,"href":"https:\/\/sindicom.hr\/en\/wp-json\/wp\/v2\/product_brand?post=25290"},{"taxonomy":"product_cat","embeddable":true,"href":"https:\/\/sindicom.hr\/en\/wp-json\/wp\/v2\/product_cat?post=25290"},{"taxonomy":"product_tag","embeddable":true,"href":"https:\/\/sindicom.hr\/en\/wp-json\/wp\/v2\/product_tag?post=25290"}],"curies":[{"name":"wp","href":"https:\/\/api.w.org\/{rel}","templated":true}]}}