{"id":25391,"date":"2022-01-07T12:32:59","date_gmt":"2022-01-07T12:32:59","guid":{"rendered":"https:\/\/sindicom.hr\/katalog\/set-kocione-celjusti-v-g-1000-desni-kpl-wabco-zamj\/"},"modified":"2025-10-27T12:08:49","modified_gmt":"2025-10-27T12:08:49","slug":"set-kocione-celjusti-v-g-1000-desni-kpl-wabco-zamj","status":"publish","type":"product","link":"https:\/\/sindicom.hr\/en\/katalog\/set-kocione-celjusti-v-g-1000-desni-kpl-wabco-zamj\/","title":{"rendered":"SET KO\u010cIONE \u010cELJUSTI V-G 1000 DESNI MAN WABCO KPL. ZAMJ."},"content":{"rendered":"<p>19646 TTT  12999729 WABCO  12999729VT WABCO  40100002 WABCO  40100006 WABCO  40 100 002 WABCO  40 100 006 WABCO  6401000020 WABCO  6401000060 WABCO  81508049018 MAN  81.50804-9018 MAN  81508046018 MAN  81.50804-6018 MAN  81508046048 MAN  81.50804-6048 MAN  81508049018 MAN  81.50804-9018 MAN  81508006023 MAN  81.50800-6023 MAN  81508005023 MAN  81.50800-5023 MAN  16050 TTT  17216 TTT  17459 TTT  17486 TTT  17487 TTT  19626 TTT  19636 TTT  19640 TTT  095.600 SAMPA  095600 SAMPA  Brake Caliper repair kit  Bremssattel Reparatursatz  Kit de r\u00e9paration d&#8217;\u00e9trier de frein  Kit de reparaci\u00f3n de pinza de freno  Kit di riparazione della pinza del freno  V-G 1000  Type V-G 1000  Disc Brake repair kit 1000 V-G<\/p>\n","protected":false},"excerpt":{"rendered":"<p><img decoding=\"async\" class=\"alignnone size-medium wp-image-17694\" src=\"https:\/\/sindicom.hr\/wp-content\/uploads\/2020\/05\/aftermarket-300x300.png\" alt=\"\" width=\"300\" height=\"300\" srcset=\"https:\/\/sindicom.hr\/wp-content\/uploads\/2020\/05\/aftermarket-64x64.png 64w, https:\/\/sindicom.hr\/wp-content\/uploads\/2020\/05\/aftermarket-66x66.png 66w, https:\/\/sindicom.hr\/wp-content\/uploads\/2020\/05\/aftermarket-100x100.png 100w, https:\/\/sindicom.hr\/wp-content\/uploads\/2020\/05\/aftermarket-150x150.png 150w, https:\/\/sindicom.hr\/wp-content\/uploads\/2020\/05\/aftermarket-200x200.png 200w, https:\/\/sindicom.hr\/wp-content\/uploads\/2020\/05\/aftermarket.png 300w\" sizes=\"(max-width: 300px) 100vw, 300px\" \/><\/p>\n","protected":false},"featured_media":34697,"template":"","meta":{"inline_featured_image":false},"product_brand":[],"product_cat":[15,108,120,132,107],"product_tag":[],"class_list":{"0":"post-25391","1":"product","2":"type-product","3":"status-publish","4":"has-post-thumbnail","6":"product_cat-all-products","7":"product_cat-man-teretna-vozila","8":"product_cat-reparaturni-setovi","9":"product_cat-reparaturni-setovi-kocionih-celjusti","10":"product_cat-teretna-vozila","12":"first","13":"instock","14":"shipping-taxable","15":"purchasable","16":"product-type-simple"},"yoast_head":"<!-- This site is optimized with the Yoast SEO plugin v26.2 - https:\/\/yoast.com\/wordpress\/plugins\/seo\/ -->\n<title>SET KO\u010cIONE \u010cELJUSTI V-G 1000 DESNI MAN WABCO KPL. ZAMJ. - Sindicom<\/title>\n<meta name=\"robots\" content=\"index, follow, max-snippet:-1, max-image-preview:large, max-video-preview:-1\" \/>\n<link rel=\"canonical\" href=\"https:\/\/sindicom.hr\/en\/katalog\/set-kocione-celjusti-v-g-1000-desni-kpl-wabco-zamj\/\" \/>\n<meta property=\"og:locale\" content=\"en_US\" \/>\n<meta property=\"og:type\" content=\"article\" \/>\n<meta property=\"og:title\" content=\"SET KO\u010cIONE \u010cELJUSTI V-G 1000 DESNI MAN WABCO KPL. ZAMJ. - Sindicom\" \/>\n<meta property=\"og:url\" content=\"https:\/\/sindicom.hr\/en\/katalog\/set-kocione-celjusti-v-g-1000-desni-kpl-wabco-zamj\/\" \/>\n<meta property=\"og:site_name\" content=\"Sindicom\" \/>\n<meta property=\"article:publisher\" content=\"https:\/\/www.facebook.com\/Sindicom-doo-170277286366043\/\" \/>\n<meta property=\"article:modified_time\" content=\"2025-10-27T12:08:49+00:00\" \/>\n<meta property=\"og:image\" content=\"https:\/\/sindicom.hr\/wp-content\/uploads\/2022\/01\/19646-TTT-095.600.webp\" \/>\n\t<meta property=\"og:image:width\" content=\"600\" \/>\n\t<meta property=\"og:image:height\" content=\"600\" \/>\n\t<meta property=\"og:image:type\" content=\"image\/webp\" \/>\n<meta name=\"twitter:card\" content=\"summary_large_image\" \/>\n<meta name=\"twitter:label1\" content=\"Est. reading time\" \/>\n\t<meta name=\"twitter:data1\" content=\"1 minute\" \/>\n<script type=\"application\/ld+json\" class=\"yoast-schema-graph\">{\"@context\":\"https:\/\/schema.org\",\"@graph\":[{\"@type\":\"WebPage\",\"@id\":\"https:\/\/sindicom.hr\/en\/katalog\/set-kocione-celjusti-v-g-1000-desni-kpl-wabco-zamj\/\",\"url\":\"https:\/\/sindicom.hr\/en\/katalog\/set-kocione-celjusti-v-g-1000-desni-kpl-wabco-zamj\/\",\"name\":\"SET KO\u010cIONE \u010cELJUSTI V-G 1000 DESNI MAN WABCO KPL. ZAMJ. - Sindicom\",\"isPartOf\":{\"@id\":\"https:\/\/sindicom.hr\/en\/#website\"},\"primaryImageOfPage\":{\"@id\":\"https:\/\/sindicom.hr\/en\/katalog\/set-kocione-celjusti-v-g-1000-desni-kpl-wabco-zamj\/#primaryimage\"},\"image\":{\"@id\":\"https:\/\/sindicom.hr\/en\/katalog\/set-kocione-celjusti-v-g-1000-desni-kpl-wabco-zamj\/#primaryimage\"},\"thumbnailUrl\":\"https:\/\/sindicom.hr\/wp-content\/uploads\/2022\/01\/19646-TTT-095.600.webp\",\"datePublished\":\"2022-01-07T12:32:59+00:00\",\"dateModified\":\"2025-10-27T12:08:49+00:00\",\"breadcrumb\":{\"@id\":\"https:\/\/sindicom.hr\/en\/katalog\/set-kocione-celjusti-v-g-1000-desni-kpl-wabco-zamj\/#breadcrumb\"},\"inLanguage\":\"en-US\",\"potentialAction\":[{\"@type\":\"ReadAction\",\"target\":[\"https:\/\/sindicom.hr\/en\/katalog\/set-kocione-celjusti-v-g-1000-desni-kpl-wabco-zamj\/\"]}]},{\"@type\":\"ImageObject\",\"inLanguage\":\"en-US\",\"@id\":\"https:\/\/sindicom.hr\/en\/katalog\/set-kocione-celjusti-v-g-1000-desni-kpl-wabco-zamj\/#primaryimage\",\"url\":\"https:\/\/sindicom.hr\/wp-content\/uploads\/2022\/01\/19646-TTT-095.600.webp\",\"contentUrl\":\"https:\/\/sindicom.hr\/wp-content\/uploads\/2022\/01\/19646-TTT-095.600.webp\",\"width\":600,\"height\":600},{\"@type\":\"BreadcrumbList\",\"@id\":\"https:\/\/sindicom.hr\/en\/katalog\/set-kocione-celjusti-v-g-1000-desni-kpl-wabco-zamj\/#breadcrumb\",\"itemListElement\":[{\"@type\":\"ListItem\",\"position\":1,\"name\":\"Po\u010detna stranica\",\"item\":\"https:\/\/sindicom.hr\/en\/\"},{\"@type\":\"ListItem\",\"position\":2,\"name\":\"Katalog dijelova\",\"item\":\"https:\/\/sindicom.hr\/en\/catalog\/\"},{\"@type\":\"ListItem\",\"position\":3,\"name\":\"SET KO\u010cIONE \u010cELJUSTI V-G 1000 DESNI MAN WABCO KPL. ZAMJ.\"}]},{\"@type\":\"WebSite\",\"@id\":\"https:\/\/sindicom.hr\/en\/#website\",\"url\":\"https:\/\/sindicom.hr\/en\/\",\"name\":\"SINDICOM\",\"description\":\"Trade and repair of pneumatic brakes, air and hydraulic systems for trucks and buses\",\"publisher\":{\"@id\":\"https:\/\/sindicom.hr\/en\/#organization\"},\"potentialAction\":[{\"@type\":\"SearchAction\",\"target\":{\"@type\":\"EntryPoint\",\"urlTemplate\":\"https:\/\/sindicom.hr\/en\/?s={search_term_string}\"},\"query-input\":{\"@type\":\"PropertyValueSpecification\",\"valueRequired\":true,\"valueName\":\"search_term_string\"}}],\"inLanguage\":\"en-US\"},{\"@type\":\"Organization\",\"@id\":\"https:\/\/sindicom.hr\/en\/#organization\",\"name\":\"SINDICOM d.o.o.\",\"url\":\"https:\/\/sindicom.hr\/en\/\",\"logo\":{\"@type\":\"ImageObject\",\"inLanguage\":\"en-US\",\"@id\":\"https:\/\/sindicom.hr\/en\/#\/schema\/logo\/image\/\",\"url\":\"https:\/\/sindicom.hr\/wp-content\/uploads\/2019\/11\/sindicom_logo_veliki1.jpg.png\",\"contentUrl\":\"https:\/\/sindicom.hr\/wp-content\/uploads\/2019\/11\/sindicom_logo_veliki1.jpg.png\",\"width\":732,\"height\":706,\"caption\":\"SINDICOM d.o.o.\"},\"image\":{\"@id\":\"https:\/\/sindicom.hr\/en\/#\/schema\/logo\/image\/\"},\"sameAs\":[\"https:\/\/www.facebook.com\/Sindicom-doo-170277286366043\/\",\"https:\/\/instagram.com\/sindicomdoo\"]}]}<\/script>\n<!-- \/ Yoast SEO plugin. -->","yoast_head_json":{"title":"SET KO\u010cIONE \u010cELJUSTI V-G 1000 DESNI MAN WABCO KPL. ZAMJ. - Sindicom","robots":{"index":"index","follow":"follow","max-snippet":"max-snippet:-1","max-image-preview":"max-image-preview:large","max-video-preview":"max-video-preview:-1"},"canonical":"https:\/\/sindicom.hr\/en\/katalog\/set-kocione-celjusti-v-g-1000-desni-kpl-wabco-zamj\/","og_locale":"en_US","og_type":"article","og_title":"SET KO\u010cIONE \u010cELJUSTI V-G 1000 DESNI MAN WABCO KPL. ZAMJ. - Sindicom","og_url":"https:\/\/sindicom.hr\/en\/katalog\/set-kocione-celjusti-v-g-1000-desni-kpl-wabco-zamj\/","og_site_name":"Sindicom","article_publisher":"https:\/\/www.facebook.com\/Sindicom-doo-170277286366043\/","article_modified_time":"2025-10-27T12:08:49+00:00","og_image":[{"width":600,"height":600,"url":"https:\/\/sindicom.hr\/wp-content\/uploads\/2022\/01\/19646-TTT-095.600.webp","type":"image\/webp"}],"twitter_card":"summary_large_image","twitter_misc":{"Est. reading time":"1 minute"},"schema":{"@context":"https:\/\/schema.org","@graph":[{"@type":"WebPage","@id":"https:\/\/sindicom.hr\/en\/katalog\/set-kocione-celjusti-v-g-1000-desni-kpl-wabco-zamj\/","url":"https:\/\/sindicom.hr\/en\/katalog\/set-kocione-celjusti-v-g-1000-desni-kpl-wabco-zamj\/","name":"SET KO\u010cIONE \u010cELJUSTI V-G 1000 DESNI MAN WABCO KPL. ZAMJ. - Sindicom","isPartOf":{"@id":"https:\/\/sindicom.hr\/en\/#website"},"primaryImageOfPage":{"@id":"https:\/\/sindicom.hr\/en\/katalog\/set-kocione-celjusti-v-g-1000-desni-kpl-wabco-zamj\/#primaryimage"},"image":{"@id":"https:\/\/sindicom.hr\/en\/katalog\/set-kocione-celjusti-v-g-1000-desni-kpl-wabco-zamj\/#primaryimage"},"thumbnailUrl":"https:\/\/sindicom.hr\/wp-content\/uploads\/2022\/01\/19646-TTT-095.600.webp","datePublished":"2022-01-07T12:32:59+00:00","dateModified":"2025-10-27T12:08:49+00:00","breadcrumb":{"@id":"https:\/\/sindicom.hr\/en\/katalog\/set-kocione-celjusti-v-g-1000-desni-kpl-wabco-zamj\/#breadcrumb"},"inLanguage":"en-US","potentialAction":[{"@type":"ReadAction","target":["https:\/\/sindicom.hr\/en\/katalog\/set-kocione-celjusti-v-g-1000-desni-kpl-wabco-zamj\/"]}]},{"@type":"ImageObject","inLanguage":"en-US","@id":"https:\/\/sindicom.hr\/en\/katalog\/set-kocione-celjusti-v-g-1000-desni-kpl-wabco-zamj\/#primaryimage","url":"https:\/\/sindicom.hr\/wp-content\/uploads\/2022\/01\/19646-TTT-095.600.webp","contentUrl":"https:\/\/sindicom.hr\/wp-content\/uploads\/2022\/01\/19646-TTT-095.600.webp","width":600,"height":600},{"@type":"BreadcrumbList","@id":"https:\/\/sindicom.hr\/en\/katalog\/set-kocione-celjusti-v-g-1000-desni-kpl-wabco-zamj\/#breadcrumb","itemListElement":[{"@type":"ListItem","position":1,"name":"Po\u010detna stranica","item":"https:\/\/sindicom.hr\/en\/"},{"@type":"ListItem","position":2,"name":"Katalog dijelova","item":"https:\/\/sindicom.hr\/en\/catalog\/"},{"@type":"ListItem","position":3,"name":"SET KO\u010cIONE \u010cELJUSTI V-G 1000 DESNI MAN WABCO KPL. ZAMJ."}]},{"@type":"WebSite","@id":"https:\/\/sindicom.hr\/en\/#website","url":"https:\/\/sindicom.hr\/en\/","name":"SINDICOM","description":"Trade and repair of pneumatic brakes, air and hydraulic systems for trucks and buses","publisher":{"@id":"https:\/\/sindicom.hr\/en\/#organization"},"potentialAction":[{"@type":"SearchAction","target":{"@type":"EntryPoint","urlTemplate":"https:\/\/sindicom.hr\/en\/?s={search_term_string}"},"query-input":{"@type":"PropertyValueSpecification","valueRequired":true,"valueName":"search_term_string"}}],"inLanguage":"en-US"},{"@type":"Organization","@id":"https:\/\/sindicom.hr\/en\/#organization","name":"SINDICOM d.o.o.","url":"https:\/\/sindicom.hr\/en\/","logo":{"@type":"ImageObject","inLanguage":"en-US","@id":"https:\/\/sindicom.hr\/en\/#\/schema\/logo\/image\/","url":"https:\/\/sindicom.hr\/wp-content\/uploads\/2019\/11\/sindicom_logo_veliki1.jpg.png","contentUrl":"https:\/\/sindicom.hr\/wp-content\/uploads\/2019\/11\/sindicom_logo_veliki1.jpg.png","width":732,"height":706,"caption":"SINDICOM d.o.o."},"image":{"@id":"https:\/\/sindicom.hr\/en\/#\/schema\/logo\/image\/"},"sameAs":["https:\/\/www.facebook.com\/Sindicom-doo-170277286366043\/","https:\/\/instagram.com\/sindicomdoo"]}]}},"_links":{"self":[{"href":"https:\/\/sindicom.hr\/en\/wp-json\/wp\/v2\/product\/25391","targetHints":{"allow":["GET"]}}],"collection":[{"href":"https:\/\/sindicom.hr\/en\/wp-json\/wp\/v2\/product"}],"about":[{"href":"https:\/\/sindicom.hr\/en\/wp-json\/wp\/v2\/types\/product"}],"wp:featuredmedia":[{"embeddable":true,"href":"https:\/\/sindicom.hr\/en\/wp-json\/wp\/v2\/media\/34697"}],"wp:attachment":[{"href":"https:\/\/sindicom.hr\/en\/wp-json\/wp\/v2\/media?parent=25391"}],"wp:term":[{"taxonomy":"product_brand","embeddable":true,"href":"https:\/\/sindicom.hr\/en\/wp-json\/wp\/v2\/product_brand?post=25391"},{"taxonomy":"product_cat","embeddable":true,"href":"https:\/\/sindicom.hr\/en\/wp-json\/wp\/v2\/product_cat?post=25391"},{"taxonomy":"product_tag","embeddable":true,"href":"https:\/\/sindicom.hr\/en\/wp-json\/wp\/v2\/product_tag?post=25391"}],"curies":[{"name":"wp","href":"https:\/\/api.w.org\/{rel}","templated":true}]}}