{"id":25426,"date":"2022-01-07T12:33:16","date_gmt":"2022-01-07T12:33:16","guid":{"rendered":"https:\/\/sindicom.hr\/katalog\/spiralna-cijev-kompresora-zraka-mercedes-org\/"},"modified":"2025-10-27T12:09:01","modified_gmt":"2025-10-27T12:09:01","slug":"spiralna-cijev-kompresora-zraka-mercedes-org","status":"publish","type":"product","link":"https:\/\/sindicom.hr\/en\/katalog\/spiralna-cijev-kompresora-zraka-mercedes-org\/","title":{"rendered":"SPIRALNA CIJEV KOMPRESORA ZRAKA MERCEDES OE"},"content":{"rendered":"<p>9464205532 MERCEDES  A9464205532 MERCEDES  A 946 420 55 32 MERCEDES  26348ME  PMC-16-0010  PMC160010  0101005 VADEN  0101004 VADEN  Air compressor Brake hose. Coolant tube. Pipe  Luftkompressor Bremsschlauch. K\u00fchlmittelrohr. Rohr  Compresor de aire Manguera de freno. Tubo de refrigerante. Tuber\u00eda  Przew\u00f3d hamulcowy spr\u0119\u017carki powietrza. przew\u00f3d p\u0142ynu ch\u0142odz\u0105cego. rura  Compresseur d&#8217;air Tuyau de frein. tube de liquide de refroidissement. tuyau  Compressore d&#8217;aria Tubo flessibile del freno. Tubo del liquido di raffreddamento. Tubo<\/p>\n","protected":false},"excerpt":{"rendered":"<p>9464205532 MERCEDES A9464205532 MERCEDES A 946 420 55 32 MERCEDES  [&#8230;]<\/p>\n","protected":false},"featured_media":0,"template":"","meta":{"inline_featured_image":false},"product_brand":[],"product_cat":[140],"product_tag":[],"class_list":{"0":"post-25426","1":"product","2":"type-product","3":"status-publish","5":"product_cat-radni-strojevi","7":"first","8":"instock","9":"shipping-taxable","10":"purchasable","11":"product-type-simple"},"yoast_head":"<!-- This site is optimized with the Yoast SEO plugin v26.2 - https:\/\/yoast.com\/wordpress\/plugins\/seo\/ -->\n<title>SPIRALNA CIJEV KOMPRESORA ZRAKA MERCEDES OE - Sindicom<\/title>\n<meta name=\"robots\" content=\"index, follow, max-snippet:-1, max-image-preview:large, max-video-preview:-1\" \/>\n<link rel=\"canonical\" href=\"https:\/\/sindicom.hr\/en\/katalog\/spiralna-cijev-kompresora-zraka-mercedes-org\/\" \/>\n<meta property=\"og:locale\" content=\"en_US\" \/>\n<meta property=\"og:type\" content=\"article\" \/>\n<meta property=\"og:title\" content=\"SPIRALNA CIJEV KOMPRESORA ZRAKA MERCEDES OE - Sindicom\" \/>\n<meta property=\"og:description\" content=\"9464205532 MERCEDES A9464205532 MERCEDES A 946 420 55 32 MERCEDES [...]\" \/>\n<meta property=\"og:url\" content=\"https:\/\/sindicom.hr\/en\/katalog\/spiralna-cijev-kompresora-zraka-mercedes-org\/\" \/>\n<meta property=\"og:site_name\" content=\"Sindicom\" \/>\n<meta property=\"article:publisher\" content=\"https:\/\/www.facebook.com\/Sindicom-doo-170277286366043\/\" \/>\n<meta property=\"article:modified_time\" content=\"2025-10-27T12:09:01+00:00\" \/>\n<meta name=\"twitter:card\" content=\"summary_large_image\" \/>\n<script type=\"application\/ld+json\" class=\"yoast-schema-graph\">{\"@context\":\"https:\/\/schema.org\",\"@graph\":[{\"@type\":\"WebPage\",\"@id\":\"https:\/\/sindicom.hr\/en\/katalog\/spiralna-cijev-kompresora-zraka-mercedes-org\/\",\"url\":\"https:\/\/sindicom.hr\/en\/katalog\/spiralna-cijev-kompresora-zraka-mercedes-org\/\",\"name\":\"SPIRALNA CIJEV KOMPRESORA ZRAKA MERCEDES OE - Sindicom\",\"isPartOf\":{\"@id\":\"https:\/\/sindicom.hr\/en\/#website\"},\"datePublished\":\"2022-01-07T12:33:16+00:00\",\"dateModified\":\"2025-10-27T12:09:01+00:00\",\"breadcrumb\":{\"@id\":\"https:\/\/sindicom.hr\/en\/katalog\/spiralna-cijev-kompresora-zraka-mercedes-org\/#breadcrumb\"},\"inLanguage\":\"en-US\",\"potentialAction\":[{\"@type\":\"ReadAction\",\"target\":[\"https:\/\/sindicom.hr\/en\/katalog\/spiralna-cijev-kompresora-zraka-mercedes-org\/\"]}]},{\"@type\":\"BreadcrumbList\",\"@id\":\"https:\/\/sindicom.hr\/en\/katalog\/spiralna-cijev-kompresora-zraka-mercedes-org\/#breadcrumb\",\"itemListElement\":[{\"@type\":\"ListItem\",\"position\":1,\"name\":\"Po\u010detna stranica\",\"item\":\"https:\/\/sindicom.hr\/en\/\"},{\"@type\":\"ListItem\",\"position\":2,\"name\":\"Katalog dijelova\",\"item\":\"https:\/\/sindicom.hr\/en\/catalog\/\"},{\"@type\":\"ListItem\",\"position\":3,\"name\":\"SPIRALNA CIJEV KOMPRESORA ZRAKA MERCEDES OE\"}]},{\"@type\":\"WebSite\",\"@id\":\"https:\/\/sindicom.hr\/en\/#website\",\"url\":\"https:\/\/sindicom.hr\/en\/\",\"name\":\"SINDICOM\",\"description\":\"Trade and repair of pneumatic brakes, air and hydraulic systems for trucks and buses\",\"publisher\":{\"@id\":\"https:\/\/sindicom.hr\/en\/#organization\"},\"potentialAction\":[{\"@type\":\"SearchAction\",\"target\":{\"@type\":\"EntryPoint\",\"urlTemplate\":\"https:\/\/sindicom.hr\/en\/?s={search_term_string}\"},\"query-input\":{\"@type\":\"PropertyValueSpecification\",\"valueRequired\":true,\"valueName\":\"search_term_string\"}}],\"inLanguage\":\"en-US\"},{\"@type\":\"Organization\",\"@id\":\"https:\/\/sindicom.hr\/en\/#organization\",\"name\":\"SINDICOM d.o.o.\",\"url\":\"https:\/\/sindicom.hr\/en\/\",\"logo\":{\"@type\":\"ImageObject\",\"inLanguage\":\"en-US\",\"@id\":\"https:\/\/sindicom.hr\/en\/#\/schema\/logo\/image\/\",\"url\":\"https:\/\/sindicom.hr\/wp-content\/uploads\/2019\/11\/sindicom_logo_veliki1.jpg.png\",\"contentUrl\":\"https:\/\/sindicom.hr\/wp-content\/uploads\/2019\/11\/sindicom_logo_veliki1.jpg.png\",\"width\":732,\"height\":706,\"caption\":\"SINDICOM d.o.o.\"},\"image\":{\"@id\":\"https:\/\/sindicom.hr\/en\/#\/schema\/logo\/image\/\"},\"sameAs\":[\"https:\/\/www.facebook.com\/Sindicom-doo-170277286366043\/\",\"https:\/\/instagram.com\/sindicomdoo\"]}]}<\/script>\n<!-- \/ Yoast SEO plugin. -->","yoast_head_json":{"title":"SPIRALNA CIJEV KOMPRESORA ZRAKA MERCEDES OE - Sindicom","robots":{"index":"index","follow":"follow","max-snippet":"max-snippet:-1","max-image-preview":"max-image-preview:large","max-video-preview":"max-video-preview:-1"},"canonical":"https:\/\/sindicom.hr\/en\/katalog\/spiralna-cijev-kompresora-zraka-mercedes-org\/","og_locale":"en_US","og_type":"article","og_title":"SPIRALNA CIJEV KOMPRESORA ZRAKA MERCEDES OE - Sindicom","og_description":"9464205532 MERCEDES A9464205532 MERCEDES A 946 420 55 32 MERCEDES [...]","og_url":"https:\/\/sindicom.hr\/en\/katalog\/spiralna-cijev-kompresora-zraka-mercedes-org\/","og_site_name":"Sindicom","article_publisher":"https:\/\/www.facebook.com\/Sindicom-doo-170277286366043\/","article_modified_time":"2025-10-27T12:09:01+00:00","twitter_card":"summary_large_image","schema":{"@context":"https:\/\/schema.org","@graph":[{"@type":"WebPage","@id":"https:\/\/sindicom.hr\/en\/katalog\/spiralna-cijev-kompresora-zraka-mercedes-org\/","url":"https:\/\/sindicom.hr\/en\/katalog\/spiralna-cijev-kompresora-zraka-mercedes-org\/","name":"SPIRALNA CIJEV KOMPRESORA ZRAKA MERCEDES OE - Sindicom","isPartOf":{"@id":"https:\/\/sindicom.hr\/en\/#website"},"datePublished":"2022-01-07T12:33:16+00:00","dateModified":"2025-10-27T12:09:01+00:00","breadcrumb":{"@id":"https:\/\/sindicom.hr\/en\/katalog\/spiralna-cijev-kompresora-zraka-mercedes-org\/#breadcrumb"},"inLanguage":"en-US","potentialAction":[{"@type":"ReadAction","target":["https:\/\/sindicom.hr\/en\/katalog\/spiralna-cijev-kompresora-zraka-mercedes-org\/"]}]},{"@type":"BreadcrumbList","@id":"https:\/\/sindicom.hr\/en\/katalog\/spiralna-cijev-kompresora-zraka-mercedes-org\/#breadcrumb","itemListElement":[{"@type":"ListItem","position":1,"name":"Po\u010detna stranica","item":"https:\/\/sindicom.hr\/en\/"},{"@type":"ListItem","position":2,"name":"Katalog dijelova","item":"https:\/\/sindicom.hr\/en\/catalog\/"},{"@type":"ListItem","position":3,"name":"SPIRALNA CIJEV KOMPRESORA ZRAKA MERCEDES OE"}]},{"@type":"WebSite","@id":"https:\/\/sindicom.hr\/en\/#website","url":"https:\/\/sindicom.hr\/en\/","name":"SINDICOM","description":"Trade and repair of pneumatic brakes, air and hydraulic systems for trucks and buses","publisher":{"@id":"https:\/\/sindicom.hr\/en\/#organization"},"potentialAction":[{"@type":"SearchAction","target":{"@type":"EntryPoint","urlTemplate":"https:\/\/sindicom.hr\/en\/?s={search_term_string}"},"query-input":{"@type":"PropertyValueSpecification","valueRequired":true,"valueName":"search_term_string"}}],"inLanguage":"en-US"},{"@type":"Organization","@id":"https:\/\/sindicom.hr\/en\/#organization","name":"SINDICOM d.o.o.","url":"https:\/\/sindicom.hr\/en\/","logo":{"@type":"ImageObject","inLanguage":"en-US","@id":"https:\/\/sindicom.hr\/en\/#\/schema\/logo\/image\/","url":"https:\/\/sindicom.hr\/wp-content\/uploads\/2019\/11\/sindicom_logo_veliki1.jpg.png","contentUrl":"https:\/\/sindicom.hr\/wp-content\/uploads\/2019\/11\/sindicom_logo_veliki1.jpg.png","width":732,"height":706,"caption":"SINDICOM d.o.o."},"image":{"@id":"https:\/\/sindicom.hr\/en\/#\/schema\/logo\/image\/"},"sameAs":["https:\/\/www.facebook.com\/Sindicom-doo-170277286366043\/","https:\/\/instagram.com\/sindicomdoo"]}]}},"_links":{"self":[{"href":"https:\/\/sindicom.hr\/en\/wp-json\/wp\/v2\/product\/25426","targetHints":{"allow":["GET"]}}],"collection":[{"href":"https:\/\/sindicom.hr\/en\/wp-json\/wp\/v2\/product"}],"about":[{"href":"https:\/\/sindicom.hr\/en\/wp-json\/wp\/v2\/types\/product"}],"wp:attachment":[{"href":"https:\/\/sindicom.hr\/en\/wp-json\/wp\/v2\/media?parent=25426"}],"wp:term":[{"taxonomy":"product_brand","embeddable":true,"href":"https:\/\/sindicom.hr\/en\/wp-json\/wp\/v2\/product_brand?post=25426"},{"taxonomy":"product_cat","embeddable":true,"href":"https:\/\/sindicom.hr\/en\/wp-json\/wp\/v2\/product_cat?post=25426"},{"taxonomy":"product_tag","embeddable":true,"href":"https:\/\/sindicom.hr\/en\/wp-json\/wp\/v2\/product_tag?post=25426"}],"curies":[{"name":"wp","href":"https:\/\/api.w.org\/{rel}","templated":true}]}}