{"id":25447,"date":"2022-01-07T12:33:25","date_gmt":"2022-01-07T12:33:25","guid":{"rendered":"https:\/\/sindicom.hr\/katalog\/kontrolni-ventil-brze-spore-man-fuller-norgren-org\/"},"modified":"2025-10-27T12:09:08","modified_gmt":"2025-10-27T12:09:08","slug":"kontrolni-ventil-brze-spore-man-fuller-norgren-org","status":"publish","type":"product","link":"https:\/\/sindicom.hr\/en\/katalog\/kontrolni-ventil-brze-spore-man-fuller-norgren-org\/","title":{"rendered":"KONTROLNI VENTIL BRZINA NA MJENJA\u010cU BRZE SPORE MAN L2000 M2000 FULLER NORGREN OE"},"content":{"rendered":"<p>F96387 FULLER  81521706154 MAN  81.52170-6154 MAN  81320500070 MAN  81.32050-0070 MAN  03195002 EATON  03195002 NORGREN  22EB3006 NORGREN  Control valve on gerbox for fast slow shifting MAN L2000 M2000 FULLER EATON NORGREN OE  Valvola di controllo sul cambio per cambi rapidi e lenti MAN L2000 M2000 FULLER EATON NORGREN OE  Riadiaci ventil na prevodovke pre r\u00fdchle a pomal\u00e9 radenie MAN L2000 M2000 FULLER EATON NORGREN OE  Vez\u00e9rl\u0151szelep a hajt\u00f3m\u0171h\u00e1zon a gyors. lass\u00fa v\u00e1lt\u00e1sokhoz MAN L2000 M2000 FULLER EATON NORGREN OE  Steuerventil am Getriebe f\u00fcr schnelles und langsames Schalten MAN L2000 M2000 FULLER EATON NORGREN OE  V\u00e1lvula de control en la caja de cambios para cambios r\u00e1pidos y lentos MAN L2000 M2000 FULLER EATON NORGREN OE  Soupape de commande sur bo\u00eete de vitesses pour changement de vitesse rapide et lent MAN L2000 M2000 FULLER EATON NORGREN OE<\/p>\n","protected":false},"excerpt":{"rendered":"<p><img decoding=\"async\" class=\"alignnone size-medium wp-image-18040\" src=\"https:\/\/sindicom.hr\/wp-content\/uploads\/2020\/05\/man-300x300.png\" alt=\"\" width=\"300\" height=\"300\" srcset=\"https:\/\/sindicom.hr\/wp-content\/uploads\/2020\/05\/man-64x64.png 64w, https:\/\/sindicom.hr\/wp-content\/uploads\/2020\/05\/man-66x66.png 66w, https:\/\/sindicom.hr\/wp-content\/uploads\/2020\/05\/man-100x100.png 100w, https:\/\/sindicom.hr\/wp-content\/uploads\/2020\/05\/man-150x150.png 150w, https:\/\/sindicom.hr\/wp-content\/uploads\/2020\/05\/man-200x200.png 200w, https:\/\/sindicom.hr\/wp-content\/uploads\/2020\/05\/man.png 300w\" sizes=\"(max-width: 300px) 100vw, 300px\" \/><img decoding=\"async\" class=\"alignnone size-medium wp-image-17711\" src=\"https:\/\/sindicom.hr\/wp-content\/uploads\/2020\/05\/norgreen-300x300.png\" alt=\"\" width=\"300\" height=\"300\" srcset=\"https:\/\/sindicom.hr\/wp-content\/uploads\/2020\/05\/norgreen-64x64.png 64w, https:\/\/sindicom.hr\/wp-content\/uploads\/2020\/05\/norgreen-66x66.png 66w, https:\/\/sindicom.hr\/wp-content\/uploads\/2020\/05\/norgreen-100x100.png 100w, https:\/\/sindicom.hr\/wp-content\/uploads\/2020\/05\/norgreen-150x150.png 150w, https:\/\/sindicom.hr\/wp-content\/uploads\/2020\/05\/norgreen-200x200.png 200w, https:\/\/sindicom.hr\/wp-content\/uploads\/2020\/05\/norgreen.png 300w\" sizes=\"(max-width: 300px) 100vw, 300px\" \/><\/p>\n","protected":false},"featured_media":46687,"template":"","meta":{"inline_featured_image":false},"product_brand":[],"product_cat":[15,108,107,49,131,183],"product_tag":[],"class_list":{"0":"post-25447","1":"product","2":"type-product","3":"status-publish","4":"has-post-thumbnail","6":"product_cat-all-products","7":"product_cat-man-teretna-vozila","8":"product_cat-teretna-vozila","9":"product_cat-ventili-brzina","10":"product_cat-ventili-mjenjaca","11":"product_cat-zracni-ventili","13":"first","14":"instock","15":"shipping-taxable","16":"purchasable","17":"product-type-simple"},"yoast_head":"<!-- This site is optimized with the Yoast SEO plugin v26.2 - https:\/\/yoast.com\/wordpress\/plugins\/seo\/ -->\n<title>KONTROLNI VENTIL BRZINA NA MJENJA\u010cU BRZE SPORE MAN L2000 M2000 FULLER NORGREN OE - Sindicom<\/title>\n<meta name=\"robots\" content=\"index, follow, max-snippet:-1, max-image-preview:large, max-video-preview:-1\" \/>\n<link rel=\"canonical\" href=\"https:\/\/sindicom.hr\/en\/katalog\/kontrolni-ventil-brze-spore-man-fuller-norgren-org\/\" \/>\n<meta property=\"og:locale\" content=\"en_US\" \/>\n<meta property=\"og:type\" content=\"article\" \/>\n<meta property=\"og:title\" content=\"KONTROLNI VENTIL BRZINA NA MJENJA\u010cU BRZE SPORE MAN L2000 M2000 FULLER NORGREN OE - Sindicom\" \/>\n<meta property=\"og:url\" content=\"https:\/\/sindicom.hr\/en\/katalog\/kontrolni-ventil-brze-spore-man-fuller-norgren-org\/\" \/>\n<meta property=\"og:site_name\" content=\"Sindicom\" \/>\n<meta property=\"article:publisher\" content=\"https:\/\/www.facebook.com\/Sindicom-doo-170277286366043\/\" \/>\n<meta property=\"article:modified_time\" content=\"2025-10-27T12:09:08+00:00\" \/>\n<meta property=\"og:image\" content=\"https:\/\/sindicom.hr\/wp-content\/uploads\/2022\/01\/F96387-FULLER.webp\" \/>\n\t<meta property=\"og:image:width\" content=\"600\" \/>\n\t<meta property=\"og:image:height\" content=\"600\" \/>\n\t<meta property=\"og:image:type\" content=\"image\/webp\" \/>\n<meta name=\"twitter:card\" content=\"summary_large_image\" \/>\n<meta name=\"twitter:label1\" content=\"Est. reading time\" \/>\n\t<meta name=\"twitter:data1\" content=\"1 minute\" \/>\n<script type=\"application\/ld+json\" class=\"yoast-schema-graph\">{\"@context\":\"https:\/\/schema.org\",\"@graph\":[{\"@type\":\"WebPage\",\"@id\":\"https:\/\/sindicom.hr\/en\/katalog\/kontrolni-ventil-brze-spore-man-fuller-norgren-org\/\",\"url\":\"https:\/\/sindicom.hr\/en\/katalog\/kontrolni-ventil-brze-spore-man-fuller-norgren-org\/\",\"name\":\"KONTROLNI VENTIL BRZINA NA MJENJA\u010cU BRZE SPORE MAN L2000 M2000 FULLER NORGREN OE - Sindicom\",\"isPartOf\":{\"@id\":\"https:\/\/sindicom.hr\/en\/#website\"},\"primaryImageOfPage\":{\"@id\":\"https:\/\/sindicom.hr\/en\/katalog\/kontrolni-ventil-brze-spore-man-fuller-norgren-org\/#primaryimage\"},\"image\":{\"@id\":\"https:\/\/sindicom.hr\/en\/katalog\/kontrolni-ventil-brze-spore-man-fuller-norgren-org\/#primaryimage\"},\"thumbnailUrl\":\"https:\/\/sindicom.hr\/wp-content\/uploads\/2022\/01\/F96387-FULLER.webp\",\"datePublished\":\"2022-01-07T12:33:25+00:00\",\"dateModified\":\"2025-10-27T12:09:08+00:00\",\"breadcrumb\":{\"@id\":\"https:\/\/sindicom.hr\/en\/katalog\/kontrolni-ventil-brze-spore-man-fuller-norgren-org\/#breadcrumb\"},\"inLanguage\":\"en-US\",\"potentialAction\":[{\"@type\":\"ReadAction\",\"target\":[\"https:\/\/sindicom.hr\/en\/katalog\/kontrolni-ventil-brze-spore-man-fuller-norgren-org\/\"]}]},{\"@type\":\"ImageObject\",\"inLanguage\":\"en-US\",\"@id\":\"https:\/\/sindicom.hr\/en\/katalog\/kontrolni-ventil-brze-spore-man-fuller-norgren-org\/#primaryimage\",\"url\":\"https:\/\/sindicom.hr\/wp-content\/uploads\/2022\/01\/F96387-FULLER.webp\",\"contentUrl\":\"https:\/\/sindicom.hr\/wp-content\/uploads\/2022\/01\/F96387-FULLER.webp\",\"width\":600,\"height\":600},{\"@type\":\"BreadcrumbList\",\"@id\":\"https:\/\/sindicom.hr\/en\/katalog\/kontrolni-ventil-brze-spore-man-fuller-norgren-org\/#breadcrumb\",\"itemListElement\":[{\"@type\":\"ListItem\",\"position\":1,\"name\":\"Po\u010detna stranica\",\"item\":\"https:\/\/sindicom.hr\/en\/\"},{\"@type\":\"ListItem\",\"position\":2,\"name\":\"Katalog dijelova\",\"item\":\"https:\/\/sindicom.hr\/en\/catalog\/\"},{\"@type\":\"ListItem\",\"position\":3,\"name\":\"KONTROLNI VENTIL BRZINA NA MJENJA\u010cU BRZE SPORE MAN L2000 M2000 FULLER NORGREN OE\"}]},{\"@type\":\"WebSite\",\"@id\":\"https:\/\/sindicom.hr\/en\/#website\",\"url\":\"https:\/\/sindicom.hr\/en\/\",\"name\":\"SINDICOM\",\"description\":\"Trade and repair of pneumatic brakes, air and hydraulic systems for trucks and buses\",\"publisher\":{\"@id\":\"https:\/\/sindicom.hr\/en\/#organization\"},\"potentialAction\":[{\"@type\":\"SearchAction\",\"target\":{\"@type\":\"EntryPoint\",\"urlTemplate\":\"https:\/\/sindicom.hr\/en\/?s={search_term_string}\"},\"query-input\":{\"@type\":\"PropertyValueSpecification\",\"valueRequired\":true,\"valueName\":\"search_term_string\"}}],\"inLanguage\":\"en-US\"},{\"@type\":\"Organization\",\"@id\":\"https:\/\/sindicom.hr\/en\/#organization\",\"name\":\"SINDICOM d.o.o.\",\"url\":\"https:\/\/sindicom.hr\/en\/\",\"logo\":{\"@type\":\"ImageObject\",\"inLanguage\":\"en-US\",\"@id\":\"https:\/\/sindicom.hr\/en\/#\/schema\/logo\/image\/\",\"url\":\"https:\/\/sindicom.hr\/wp-content\/uploads\/2019\/11\/sindicom_logo_veliki1.jpg.png\",\"contentUrl\":\"https:\/\/sindicom.hr\/wp-content\/uploads\/2019\/11\/sindicom_logo_veliki1.jpg.png\",\"width\":732,\"height\":706,\"caption\":\"SINDICOM d.o.o.\"},\"image\":{\"@id\":\"https:\/\/sindicom.hr\/en\/#\/schema\/logo\/image\/\"},\"sameAs\":[\"https:\/\/www.facebook.com\/Sindicom-doo-170277286366043\/\",\"https:\/\/instagram.com\/sindicomdoo\"]}]}<\/script>\n<!-- \/ Yoast SEO plugin. -->","yoast_head_json":{"title":"KONTROLNI VENTIL BRZINA NA MJENJA\u010cU BRZE SPORE MAN L2000 M2000 FULLER NORGREN OE - Sindicom","robots":{"index":"index","follow":"follow","max-snippet":"max-snippet:-1","max-image-preview":"max-image-preview:large","max-video-preview":"max-video-preview:-1"},"canonical":"https:\/\/sindicom.hr\/en\/katalog\/kontrolni-ventil-brze-spore-man-fuller-norgren-org\/","og_locale":"en_US","og_type":"article","og_title":"KONTROLNI VENTIL BRZINA NA MJENJA\u010cU BRZE SPORE MAN L2000 M2000 FULLER NORGREN OE - Sindicom","og_url":"https:\/\/sindicom.hr\/en\/katalog\/kontrolni-ventil-brze-spore-man-fuller-norgren-org\/","og_site_name":"Sindicom","article_publisher":"https:\/\/www.facebook.com\/Sindicom-doo-170277286366043\/","article_modified_time":"2025-10-27T12:09:08+00:00","og_image":[{"width":600,"height":600,"url":"https:\/\/sindicom.hr\/wp-content\/uploads\/2022\/01\/F96387-FULLER.webp","type":"image\/webp"}],"twitter_card":"summary_large_image","twitter_misc":{"Est. reading time":"1 minute"},"schema":{"@context":"https:\/\/schema.org","@graph":[{"@type":"WebPage","@id":"https:\/\/sindicom.hr\/en\/katalog\/kontrolni-ventil-brze-spore-man-fuller-norgren-org\/","url":"https:\/\/sindicom.hr\/en\/katalog\/kontrolni-ventil-brze-spore-man-fuller-norgren-org\/","name":"KONTROLNI VENTIL BRZINA NA MJENJA\u010cU BRZE SPORE MAN L2000 M2000 FULLER NORGREN OE - Sindicom","isPartOf":{"@id":"https:\/\/sindicom.hr\/en\/#website"},"primaryImageOfPage":{"@id":"https:\/\/sindicom.hr\/en\/katalog\/kontrolni-ventil-brze-spore-man-fuller-norgren-org\/#primaryimage"},"image":{"@id":"https:\/\/sindicom.hr\/en\/katalog\/kontrolni-ventil-brze-spore-man-fuller-norgren-org\/#primaryimage"},"thumbnailUrl":"https:\/\/sindicom.hr\/wp-content\/uploads\/2022\/01\/F96387-FULLER.webp","datePublished":"2022-01-07T12:33:25+00:00","dateModified":"2025-10-27T12:09:08+00:00","breadcrumb":{"@id":"https:\/\/sindicom.hr\/en\/katalog\/kontrolni-ventil-brze-spore-man-fuller-norgren-org\/#breadcrumb"},"inLanguage":"en-US","potentialAction":[{"@type":"ReadAction","target":["https:\/\/sindicom.hr\/en\/katalog\/kontrolni-ventil-brze-spore-man-fuller-norgren-org\/"]}]},{"@type":"ImageObject","inLanguage":"en-US","@id":"https:\/\/sindicom.hr\/en\/katalog\/kontrolni-ventil-brze-spore-man-fuller-norgren-org\/#primaryimage","url":"https:\/\/sindicom.hr\/wp-content\/uploads\/2022\/01\/F96387-FULLER.webp","contentUrl":"https:\/\/sindicom.hr\/wp-content\/uploads\/2022\/01\/F96387-FULLER.webp","width":600,"height":600},{"@type":"BreadcrumbList","@id":"https:\/\/sindicom.hr\/en\/katalog\/kontrolni-ventil-brze-spore-man-fuller-norgren-org\/#breadcrumb","itemListElement":[{"@type":"ListItem","position":1,"name":"Po\u010detna stranica","item":"https:\/\/sindicom.hr\/en\/"},{"@type":"ListItem","position":2,"name":"Katalog dijelova","item":"https:\/\/sindicom.hr\/en\/catalog\/"},{"@type":"ListItem","position":3,"name":"KONTROLNI VENTIL BRZINA NA MJENJA\u010cU BRZE SPORE MAN L2000 M2000 FULLER NORGREN OE"}]},{"@type":"WebSite","@id":"https:\/\/sindicom.hr\/en\/#website","url":"https:\/\/sindicom.hr\/en\/","name":"SINDICOM","description":"Trade and repair of pneumatic brakes, air and hydraulic systems for trucks and buses","publisher":{"@id":"https:\/\/sindicom.hr\/en\/#organization"},"potentialAction":[{"@type":"SearchAction","target":{"@type":"EntryPoint","urlTemplate":"https:\/\/sindicom.hr\/en\/?s={search_term_string}"},"query-input":{"@type":"PropertyValueSpecification","valueRequired":true,"valueName":"search_term_string"}}],"inLanguage":"en-US"},{"@type":"Organization","@id":"https:\/\/sindicom.hr\/en\/#organization","name":"SINDICOM d.o.o.","url":"https:\/\/sindicom.hr\/en\/","logo":{"@type":"ImageObject","inLanguage":"en-US","@id":"https:\/\/sindicom.hr\/en\/#\/schema\/logo\/image\/","url":"https:\/\/sindicom.hr\/wp-content\/uploads\/2019\/11\/sindicom_logo_veliki1.jpg.png","contentUrl":"https:\/\/sindicom.hr\/wp-content\/uploads\/2019\/11\/sindicom_logo_veliki1.jpg.png","width":732,"height":706,"caption":"SINDICOM d.o.o."},"image":{"@id":"https:\/\/sindicom.hr\/en\/#\/schema\/logo\/image\/"},"sameAs":["https:\/\/www.facebook.com\/Sindicom-doo-170277286366043\/","https:\/\/instagram.com\/sindicomdoo"]}]}},"_links":{"self":[{"href":"https:\/\/sindicom.hr\/en\/wp-json\/wp\/v2\/product\/25447","targetHints":{"allow":["GET"]}}],"collection":[{"href":"https:\/\/sindicom.hr\/en\/wp-json\/wp\/v2\/product"}],"about":[{"href":"https:\/\/sindicom.hr\/en\/wp-json\/wp\/v2\/types\/product"}],"wp:featuredmedia":[{"embeddable":true,"href":"https:\/\/sindicom.hr\/en\/wp-json\/wp\/v2\/media\/46687"}],"wp:attachment":[{"href":"https:\/\/sindicom.hr\/en\/wp-json\/wp\/v2\/media?parent=25447"}],"wp:term":[{"taxonomy":"product_brand","embeddable":true,"href":"https:\/\/sindicom.hr\/en\/wp-json\/wp\/v2\/product_brand?post=25447"},{"taxonomy":"product_cat","embeddable":true,"href":"https:\/\/sindicom.hr\/en\/wp-json\/wp\/v2\/product_cat?post=25447"},{"taxonomy":"product_tag","embeddable":true,"href":"https:\/\/sindicom.hr\/en\/wp-json\/wp\/v2\/product_tag?post=25447"}],"curies":[{"name":"wp","href":"https:\/\/api.w.org\/{rel}","templated":true}]}}