{"id":25468,"date":"2022-01-07T12:33:34","date_gmt":"2022-01-07T12:33:34","guid":{"rendered":"https:\/\/sindicom.hr\/katalog\/kociona-celjust-bez-nosaca-saf-knorr-org\/"},"modified":"2025-10-27T12:09:15","modified_gmt":"2025-10-27T12:09:15","slug":"kociona-celjust-bez-nosaca-saf-knorr-org","status":"publish","type":"product","link":"https:\/\/sindicom.hr\/en\/katalog\/kociona-celjust-bez-nosaca-saf-knorr-org\/","title":{"rendered":"KO\u010cIONA \u010cELJUST BEZ NOSA\u010cA SAF KNORR ORG."},"content":{"rendered":"<p>K097530K50 KNORR  SBS2220 KNORR  ST7001 KNORR  ST7002 KNORR  ST7003RC KNORR  1227596 SCHMITZ  3080008800 SAF  3080008820 SAF  3080008850 SAF  K069395 KNORR  K097530K62 KNORR  95621 HALDEX  1227593  95621C HALDEX  2305917  DBT22LT HALDEX  719001023 GIGANT  550017645  550017648  719001011  1509103549  JAE0250410183 JOST  JAS0210410201  K090766 KNORR<\/p>\n","protected":false},"excerpt":{"rendered":"<p>K097530K50 KNORR SBS2220 KNORR ST7001 KNORR ST7002 KNORR ST7003RC KNORR  [&#8230;]<\/p>\n","protected":false},"featured_media":0,"template":"","meta":{"inline_featured_image":false},"product_brand":[],"product_cat":[140],"product_tag":[],"class_list":{"0":"post-25468","1":"product","2":"type-product","3":"status-publish","5":"product_cat-radni-strojevi","7":"first","8":"instock","9":"shipping-taxable","10":"purchasable","11":"product-type-simple"},"yoast_head":"<!-- This site is optimized with the Yoast SEO plugin v26.2 - https:\/\/yoast.com\/wordpress\/plugins\/seo\/ -->\n<title>KO\u010cIONA \u010cELJUST BEZ NOSA\u010cA SAF KNORR ORG. - Sindicom<\/title>\n<meta name=\"robots\" content=\"index, follow, max-snippet:-1, max-image-preview:large, max-video-preview:-1\" \/>\n<link rel=\"canonical\" href=\"https:\/\/sindicom.hr\/en\/katalog\/kociona-celjust-bez-nosaca-saf-knorr-org\/\" \/>\n<meta property=\"og:locale\" content=\"en_US\" \/>\n<meta property=\"og:type\" content=\"article\" \/>\n<meta property=\"og:title\" content=\"KO\u010cIONA \u010cELJUST BEZ NOSA\u010cA SAF KNORR ORG. - Sindicom\" \/>\n<meta property=\"og:description\" content=\"K097530K50 KNORR SBS2220 KNORR ST7001 KNORR ST7002 KNORR ST7003RC KNORR [...]\" \/>\n<meta property=\"og:url\" content=\"https:\/\/sindicom.hr\/en\/katalog\/kociona-celjust-bez-nosaca-saf-knorr-org\/\" \/>\n<meta property=\"og:site_name\" content=\"Sindicom\" \/>\n<meta property=\"article:publisher\" content=\"https:\/\/www.facebook.com\/Sindicom-doo-170277286366043\/\" \/>\n<meta property=\"article:modified_time\" content=\"2025-10-27T12:09:15+00:00\" \/>\n<meta name=\"twitter:card\" content=\"summary_large_image\" \/>\n<script type=\"application\/ld+json\" class=\"yoast-schema-graph\">{\"@context\":\"https:\/\/schema.org\",\"@graph\":[{\"@type\":\"WebPage\",\"@id\":\"https:\/\/sindicom.hr\/en\/katalog\/kociona-celjust-bez-nosaca-saf-knorr-org\/\",\"url\":\"https:\/\/sindicom.hr\/en\/katalog\/kociona-celjust-bez-nosaca-saf-knorr-org\/\",\"name\":\"KO\u010cIONA \u010cELJUST BEZ NOSA\u010cA SAF KNORR ORG. - Sindicom\",\"isPartOf\":{\"@id\":\"https:\/\/sindicom.hr\/en\/#website\"},\"datePublished\":\"2022-01-07T12:33:34+00:00\",\"dateModified\":\"2025-10-27T12:09:15+00:00\",\"breadcrumb\":{\"@id\":\"https:\/\/sindicom.hr\/en\/katalog\/kociona-celjust-bez-nosaca-saf-knorr-org\/#breadcrumb\"},\"inLanguage\":\"en-US\",\"potentialAction\":[{\"@type\":\"ReadAction\",\"target\":[\"https:\/\/sindicom.hr\/en\/katalog\/kociona-celjust-bez-nosaca-saf-knorr-org\/\"]}]},{\"@type\":\"BreadcrumbList\",\"@id\":\"https:\/\/sindicom.hr\/en\/katalog\/kociona-celjust-bez-nosaca-saf-knorr-org\/#breadcrumb\",\"itemListElement\":[{\"@type\":\"ListItem\",\"position\":1,\"name\":\"Po\u010detna stranica\",\"item\":\"https:\/\/sindicom.hr\/en\/\"},{\"@type\":\"ListItem\",\"position\":2,\"name\":\"Katalog dijelova\",\"item\":\"https:\/\/sindicom.hr\/en\/catalog\/\"},{\"@type\":\"ListItem\",\"position\":3,\"name\":\"KO\u010cIONA \u010cELJUST BEZ NOSA\u010cA SAF KNORR ORG.\"}]},{\"@type\":\"WebSite\",\"@id\":\"https:\/\/sindicom.hr\/en\/#website\",\"url\":\"https:\/\/sindicom.hr\/en\/\",\"name\":\"SINDICOM\",\"description\":\"Trade and repair of pneumatic brakes, air and hydraulic systems for trucks and buses\",\"publisher\":{\"@id\":\"https:\/\/sindicom.hr\/en\/#organization\"},\"potentialAction\":[{\"@type\":\"SearchAction\",\"target\":{\"@type\":\"EntryPoint\",\"urlTemplate\":\"https:\/\/sindicom.hr\/en\/?s={search_term_string}\"},\"query-input\":{\"@type\":\"PropertyValueSpecification\",\"valueRequired\":true,\"valueName\":\"search_term_string\"}}],\"inLanguage\":\"en-US\"},{\"@type\":\"Organization\",\"@id\":\"https:\/\/sindicom.hr\/en\/#organization\",\"name\":\"SINDICOM d.o.o.\",\"url\":\"https:\/\/sindicom.hr\/en\/\",\"logo\":{\"@type\":\"ImageObject\",\"inLanguage\":\"en-US\",\"@id\":\"https:\/\/sindicom.hr\/en\/#\/schema\/logo\/image\/\",\"url\":\"https:\/\/sindicom.hr\/wp-content\/uploads\/2019\/11\/sindicom_logo_veliki1.jpg.png\",\"contentUrl\":\"https:\/\/sindicom.hr\/wp-content\/uploads\/2019\/11\/sindicom_logo_veliki1.jpg.png\",\"width\":732,\"height\":706,\"caption\":\"SINDICOM d.o.o.\"},\"image\":{\"@id\":\"https:\/\/sindicom.hr\/en\/#\/schema\/logo\/image\/\"},\"sameAs\":[\"https:\/\/www.facebook.com\/Sindicom-doo-170277286366043\/\",\"https:\/\/instagram.com\/sindicomdoo\"]}]}<\/script>\n<!-- \/ Yoast SEO plugin. -->","yoast_head_json":{"title":"KO\u010cIONA \u010cELJUST BEZ NOSA\u010cA SAF KNORR ORG. - Sindicom","robots":{"index":"index","follow":"follow","max-snippet":"max-snippet:-1","max-image-preview":"max-image-preview:large","max-video-preview":"max-video-preview:-1"},"canonical":"https:\/\/sindicom.hr\/en\/katalog\/kociona-celjust-bez-nosaca-saf-knorr-org\/","og_locale":"en_US","og_type":"article","og_title":"KO\u010cIONA \u010cELJUST BEZ NOSA\u010cA SAF KNORR ORG. - Sindicom","og_description":"K097530K50 KNORR SBS2220 KNORR ST7001 KNORR ST7002 KNORR ST7003RC KNORR [...]","og_url":"https:\/\/sindicom.hr\/en\/katalog\/kociona-celjust-bez-nosaca-saf-knorr-org\/","og_site_name":"Sindicom","article_publisher":"https:\/\/www.facebook.com\/Sindicom-doo-170277286366043\/","article_modified_time":"2025-10-27T12:09:15+00:00","twitter_card":"summary_large_image","schema":{"@context":"https:\/\/schema.org","@graph":[{"@type":"WebPage","@id":"https:\/\/sindicom.hr\/en\/katalog\/kociona-celjust-bez-nosaca-saf-knorr-org\/","url":"https:\/\/sindicom.hr\/en\/katalog\/kociona-celjust-bez-nosaca-saf-knorr-org\/","name":"KO\u010cIONA \u010cELJUST BEZ NOSA\u010cA SAF KNORR ORG. - Sindicom","isPartOf":{"@id":"https:\/\/sindicom.hr\/en\/#website"},"datePublished":"2022-01-07T12:33:34+00:00","dateModified":"2025-10-27T12:09:15+00:00","breadcrumb":{"@id":"https:\/\/sindicom.hr\/en\/katalog\/kociona-celjust-bez-nosaca-saf-knorr-org\/#breadcrumb"},"inLanguage":"en-US","potentialAction":[{"@type":"ReadAction","target":["https:\/\/sindicom.hr\/en\/katalog\/kociona-celjust-bez-nosaca-saf-knorr-org\/"]}]},{"@type":"BreadcrumbList","@id":"https:\/\/sindicom.hr\/en\/katalog\/kociona-celjust-bez-nosaca-saf-knorr-org\/#breadcrumb","itemListElement":[{"@type":"ListItem","position":1,"name":"Po\u010detna stranica","item":"https:\/\/sindicom.hr\/en\/"},{"@type":"ListItem","position":2,"name":"Katalog dijelova","item":"https:\/\/sindicom.hr\/en\/catalog\/"},{"@type":"ListItem","position":3,"name":"KO\u010cIONA \u010cELJUST BEZ NOSA\u010cA SAF KNORR ORG."}]},{"@type":"WebSite","@id":"https:\/\/sindicom.hr\/en\/#website","url":"https:\/\/sindicom.hr\/en\/","name":"SINDICOM","description":"Trade and repair of pneumatic brakes, air and hydraulic systems for trucks and buses","publisher":{"@id":"https:\/\/sindicom.hr\/en\/#organization"},"potentialAction":[{"@type":"SearchAction","target":{"@type":"EntryPoint","urlTemplate":"https:\/\/sindicom.hr\/en\/?s={search_term_string}"},"query-input":{"@type":"PropertyValueSpecification","valueRequired":true,"valueName":"search_term_string"}}],"inLanguage":"en-US"},{"@type":"Organization","@id":"https:\/\/sindicom.hr\/en\/#organization","name":"SINDICOM d.o.o.","url":"https:\/\/sindicom.hr\/en\/","logo":{"@type":"ImageObject","inLanguage":"en-US","@id":"https:\/\/sindicom.hr\/en\/#\/schema\/logo\/image\/","url":"https:\/\/sindicom.hr\/wp-content\/uploads\/2019\/11\/sindicom_logo_veliki1.jpg.png","contentUrl":"https:\/\/sindicom.hr\/wp-content\/uploads\/2019\/11\/sindicom_logo_veliki1.jpg.png","width":732,"height":706,"caption":"SINDICOM d.o.o."},"image":{"@id":"https:\/\/sindicom.hr\/en\/#\/schema\/logo\/image\/"},"sameAs":["https:\/\/www.facebook.com\/Sindicom-doo-170277286366043\/","https:\/\/instagram.com\/sindicomdoo"]}]}},"_links":{"self":[{"href":"https:\/\/sindicom.hr\/en\/wp-json\/wp\/v2\/product\/25468","targetHints":{"allow":["GET"]}}],"collection":[{"href":"https:\/\/sindicom.hr\/en\/wp-json\/wp\/v2\/product"}],"about":[{"href":"https:\/\/sindicom.hr\/en\/wp-json\/wp\/v2\/types\/product"}],"wp:attachment":[{"href":"https:\/\/sindicom.hr\/en\/wp-json\/wp\/v2\/media?parent=25468"}],"wp:term":[{"taxonomy":"product_brand","embeddable":true,"href":"https:\/\/sindicom.hr\/en\/wp-json\/wp\/v2\/product_brand?post=25468"},{"taxonomy":"product_cat","embeddable":true,"href":"https:\/\/sindicom.hr\/en\/wp-json\/wp\/v2\/product_cat?post=25468"},{"taxonomy":"product_tag","embeddable":true,"href":"https:\/\/sindicom.hr\/en\/wp-json\/wp\/v2\/product_tag?post=25468"}],"curies":[{"name":"wp","href":"https:\/\/api.w.org\/{rel}","templated":true}]}}