{"id":25609,"date":"2022-03-31T11:41:38","date_gmt":"2022-03-31T11:41:38","guid":{"rendered":"https:\/\/sindicom.hr\/?post_type=product&#038;p=25609"},"modified":"2025-10-27T12:09:19","modified_gmt":"2025-10-27T12:09:19","slug":"elektronika-ebs-ecu-standard-solaris-wabco-org","status":"publish","type":"product","link":"https:\/\/sindicom.hr\/en\/katalog\/elektronika-ebs-ecu-standard-solaris-wabco-org\/","title":{"rendered":"EBS ELEKTRONIKA ECU STANDARD BOVA VDL SOLARIS WABCO OE"},"content":{"rendered":"<p>4461350410 WABCO  1102.960.940 SOLARIS  1102960940 SOLARIS  20297654 VDL  759010009 VDL  500590628 IVECO  11167590 VAN HOOL  16H1208520AA OTOKAR  Centralina elettronica EBS  Electronic Control Unit EBS  Elektronische Steuereinheit EBS  Unit\u00e9 de contr\u00f4le \u00e9lectronique EBS  Unidad de control electr\u00f3nico EBS<\/p>\n","protected":false},"excerpt":{"rendered":"<p>4461350410 WABCO 1102.960.940 SOLARIS 1102960940 SOLARIS 20297654 VDL 759010009 VDL  [&#8230;]<\/p>\n","protected":false},"featured_media":0,"template":"","meta":{"inline_featured_image":false},"product_brand":[],"product_cat":[15],"product_tag":[],"class_list":{"0":"post-25609","1":"product","2":"type-product","3":"status-publish","5":"product_cat-all-products","7":"first","8":"instock","9":"shipping-taxable","10":"purchasable","11":"product-type-simple"},"yoast_head":"<!-- This site is optimized with the Yoast SEO plugin v26.2 - https:\/\/yoast.com\/wordpress\/plugins\/seo\/ -->\n<title>EBS ELEKTRONIKA ECU STANDARD BOVA VDL SOLARIS WABCO OE - Sindicom<\/title>\n<meta name=\"robots\" content=\"index, follow, max-snippet:-1, max-image-preview:large, max-video-preview:-1\" \/>\n<link rel=\"canonical\" href=\"https:\/\/sindicom.hr\/en\/katalog\/elektronika-ebs-ecu-standard-solaris-wabco-org\/\" \/>\n<meta property=\"og:locale\" content=\"en_US\" \/>\n<meta property=\"og:type\" content=\"article\" \/>\n<meta property=\"og:title\" content=\"EBS ELEKTRONIKA ECU STANDARD BOVA VDL SOLARIS WABCO OE - Sindicom\" \/>\n<meta property=\"og:description\" content=\"4461350410 WABCO 1102.960.940 SOLARIS 1102960940 SOLARIS 20297654 VDL 759010009 VDL [...]\" \/>\n<meta property=\"og:url\" content=\"https:\/\/sindicom.hr\/en\/katalog\/elektronika-ebs-ecu-standard-solaris-wabco-org\/\" \/>\n<meta property=\"og:site_name\" content=\"Sindicom\" \/>\n<meta property=\"article:publisher\" content=\"https:\/\/www.facebook.com\/Sindicom-doo-170277286366043\/\" \/>\n<meta property=\"article:modified_time\" content=\"2025-10-27T12:09:19+00:00\" \/>\n<meta name=\"twitter:card\" content=\"summary_large_image\" \/>\n<script type=\"application\/ld+json\" class=\"yoast-schema-graph\">{\"@context\":\"https:\/\/schema.org\",\"@graph\":[{\"@type\":\"WebPage\",\"@id\":\"https:\/\/sindicom.hr\/en\/katalog\/elektronika-ebs-ecu-standard-solaris-wabco-org\/\",\"url\":\"https:\/\/sindicom.hr\/en\/katalog\/elektronika-ebs-ecu-standard-solaris-wabco-org\/\",\"name\":\"EBS ELEKTRONIKA ECU STANDARD BOVA VDL SOLARIS WABCO OE - Sindicom\",\"isPartOf\":{\"@id\":\"https:\/\/sindicom.hr\/en\/#website\"},\"datePublished\":\"2022-03-31T11:41:38+00:00\",\"dateModified\":\"2025-10-27T12:09:19+00:00\",\"breadcrumb\":{\"@id\":\"https:\/\/sindicom.hr\/en\/katalog\/elektronika-ebs-ecu-standard-solaris-wabco-org\/#breadcrumb\"},\"inLanguage\":\"en-US\",\"potentialAction\":[{\"@type\":\"ReadAction\",\"target\":[\"https:\/\/sindicom.hr\/en\/katalog\/elektronika-ebs-ecu-standard-solaris-wabco-org\/\"]}]},{\"@type\":\"BreadcrumbList\",\"@id\":\"https:\/\/sindicom.hr\/en\/katalog\/elektronika-ebs-ecu-standard-solaris-wabco-org\/#breadcrumb\",\"itemListElement\":[{\"@type\":\"ListItem\",\"position\":1,\"name\":\"Po\u010detna stranica\",\"item\":\"https:\/\/sindicom.hr\/en\/\"},{\"@type\":\"ListItem\",\"position\":2,\"name\":\"Katalog dijelova\",\"item\":\"https:\/\/sindicom.hr\/en\/catalog\/\"},{\"@type\":\"ListItem\",\"position\":3,\"name\":\"EBS ELEKTRONIKA ECU STANDARD BOVA VDL SOLARIS WABCO OE\"}]},{\"@type\":\"WebSite\",\"@id\":\"https:\/\/sindicom.hr\/en\/#website\",\"url\":\"https:\/\/sindicom.hr\/en\/\",\"name\":\"SINDICOM\",\"description\":\"Trade and repair of pneumatic brakes, air and hydraulic systems for trucks and buses\",\"publisher\":{\"@id\":\"https:\/\/sindicom.hr\/en\/#organization\"},\"potentialAction\":[{\"@type\":\"SearchAction\",\"target\":{\"@type\":\"EntryPoint\",\"urlTemplate\":\"https:\/\/sindicom.hr\/en\/?s={search_term_string}\"},\"query-input\":{\"@type\":\"PropertyValueSpecification\",\"valueRequired\":true,\"valueName\":\"search_term_string\"}}],\"inLanguage\":\"en-US\"},{\"@type\":\"Organization\",\"@id\":\"https:\/\/sindicom.hr\/en\/#organization\",\"name\":\"SINDICOM d.o.o.\",\"url\":\"https:\/\/sindicom.hr\/en\/\",\"logo\":{\"@type\":\"ImageObject\",\"inLanguage\":\"en-US\",\"@id\":\"https:\/\/sindicom.hr\/en\/#\/schema\/logo\/image\/\",\"url\":\"https:\/\/sindicom.hr\/wp-content\/uploads\/2019\/11\/sindicom_logo_veliki1.jpg.png\",\"contentUrl\":\"https:\/\/sindicom.hr\/wp-content\/uploads\/2019\/11\/sindicom_logo_veliki1.jpg.png\",\"width\":732,\"height\":706,\"caption\":\"SINDICOM d.o.o.\"},\"image\":{\"@id\":\"https:\/\/sindicom.hr\/en\/#\/schema\/logo\/image\/\"},\"sameAs\":[\"https:\/\/www.facebook.com\/Sindicom-doo-170277286366043\/\",\"https:\/\/instagram.com\/sindicomdoo\"]}]}<\/script>\n<!-- \/ Yoast SEO plugin. -->","yoast_head_json":{"title":"EBS ELEKTRONIKA ECU STANDARD BOVA VDL SOLARIS WABCO OE - Sindicom","robots":{"index":"index","follow":"follow","max-snippet":"max-snippet:-1","max-image-preview":"max-image-preview:large","max-video-preview":"max-video-preview:-1"},"canonical":"https:\/\/sindicom.hr\/en\/katalog\/elektronika-ebs-ecu-standard-solaris-wabco-org\/","og_locale":"en_US","og_type":"article","og_title":"EBS ELEKTRONIKA ECU STANDARD BOVA VDL SOLARIS WABCO OE - Sindicom","og_description":"4461350410 WABCO 1102.960.940 SOLARIS 1102960940 SOLARIS 20297654 VDL 759010009 VDL [...]","og_url":"https:\/\/sindicom.hr\/en\/katalog\/elektronika-ebs-ecu-standard-solaris-wabco-org\/","og_site_name":"Sindicom","article_publisher":"https:\/\/www.facebook.com\/Sindicom-doo-170277286366043\/","article_modified_time":"2025-10-27T12:09:19+00:00","twitter_card":"summary_large_image","schema":{"@context":"https:\/\/schema.org","@graph":[{"@type":"WebPage","@id":"https:\/\/sindicom.hr\/en\/katalog\/elektronika-ebs-ecu-standard-solaris-wabco-org\/","url":"https:\/\/sindicom.hr\/en\/katalog\/elektronika-ebs-ecu-standard-solaris-wabco-org\/","name":"EBS ELEKTRONIKA ECU STANDARD BOVA VDL SOLARIS WABCO OE - Sindicom","isPartOf":{"@id":"https:\/\/sindicom.hr\/en\/#website"},"datePublished":"2022-03-31T11:41:38+00:00","dateModified":"2025-10-27T12:09:19+00:00","breadcrumb":{"@id":"https:\/\/sindicom.hr\/en\/katalog\/elektronika-ebs-ecu-standard-solaris-wabco-org\/#breadcrumb"},"inLanguage":"en-US","potentialAction":[{"@type":"ReadAction","target":["https:\/\/sindicom.hr\/en\/katalog\/elektronika-ebs-ecu-standard-solaris-wabco-org\/"]}]},{"@type":"BreadcrumbList","@id":"https:\/\/sindicom.hr\/en\/katalog\/elektronika-ebs-ecu-standard-solaris-wabco-org\/#breadcrumb","itemListElement":[{"@type":"ListItem","position":1,"name":"Po\u010detna stranica","item":"https:\/\/sindicom.hr\/en\/"},{"@type":"ListItem","position":2,"name":"Katalog dijelova","item":"https:\/\/sindicom.hr\/en\/catalog\/"},{"@type":"ListItem","position":3,"name":"EBS ELEKTRONIKA ECU STANDARD BOVA VDL SOLARIS WABCO OE"}]},{"@type":"WebSite","@id":"https:\/\/sindicom.hr\/en\/#website","url":"https:\/\/sindicom.hr\/en\/","name":"SINDICOM","description":"Trade and repair of pneumatic brakes, air and hydraulic systems for trucks and buses","publisher":{"@id":"https:\/\/sindicom.hr\/en\/#organization"},"potentialAction":[{"@type":"SearchAction","target":{"@type":"EntryPoint","urlTemplate":"https:\/\/sindicom.hr\/en\/?s={search_term_string}"},"query-input":{"@type":"PropertyValueSpecification","valueRequired":true,"valueName":"search_term_string"}}],"inLanguage":"en-US"},{"@type":"Organization","@id":"https:\/\/sindicom.hr\/en\/#organization","name":"SINDICOM d.o.o.","url":"https:\/\/sindicom.hr\/en\/","logo":{"@type":"ImageObject","inLanguage":"en-US","@id":"https:\/\/sindicom.hr\/en\/#\/schema\/logo\/image\/","url":"https:\/\/sindicom.hr\/wp-content\/uploads\/2019\/11\/sindicom_logo_veliki1.jpg.png","contentUrl":"https:\/\/sindicom.hr\/wp-content\/uploads\/2019\/11\/sindicom_logo_veliki1.jpg.png","width":732,"height":706,"caption":"SINDICOM d.o.o."},"image":{"@id":"https:\/\/sindicom.hr\/en\/#\/schema\/logo\/image\/"},"sameAs":["https:\/\/www.facebook.com\/Sindicom-doo-170277286366043\/","https:\/\/instagram.com\/sindicomdoo"]}]}},"_links":{"self":[{"href":"https:\/\/sindicom.hr\/en\/wp-json\/wp\/v2\/product\/25609","targetHints":{"allow":["GET"]}}],"collection":[{"href":"https:\/\/sindicom.hr\/en\/wp-json\/wp\/v2\/product"}],"about":[{"href":"https:\/\/sindicom.hr\/en\/wp-json\/wp\/v2\/types\/product"}],"wp:attachment":[{"href":"https:\/\/sindicom.hr\/en\/wp-json\/wp\/v2\/media?parent=25609"}],"wp:term":[{"taxonomy":"product_brand","embeddable":true,"href":"https:\/\/sindicom.hr\/en\/wp-json\/wp\/v2\/product_brand?post=25609"},{"taxonomy":"product_cat","embeddable":true,"href":"https:\/\/sindicom.hr\/en\/wp-json\/wp\/v2\/product_cat?post=25609"},{"taxonomy":"product_tag","embeddable":true,"href":"https:\/\/sindicom.hr\/en\/wp-json\/wp\/v2\/product_tag?post=25609"}],"curies":[{"name":"wp","href":"https:\/\/api.w.org\/{rel}","templated":true}]}}