{"id":25893,"date":"2022-09-13T12:12:35","date_gmt":"2022-09-13T12:12:35","guid":{"rendered":"https:\/\/sindicom.hr\/?post_type=product&#038;p=25893"},"modified":"2026-01-26T14:13:36","modified_gmt":"2026-01-26T14:13:36","slug":"manzeta-cilindra-vrata-iwn-100-mm-mercedes-setra-org","status":"publish","type":"product","link":"https:\/\/sindicom.hr\/en\/katalog\/manzeta-cilindra-vrata-iwn-100-mm-mercedes-setra-org\/","title":{"rendered":"MAN\u017dETA CILINDRA VRATA 100x90x4 mm 100 mm 100\/110 mm BUS SETRA MERCEDES IWN OE"},"content":{"rendered":"<p>A0017605703 MERCEDES<br \/>\n0017605703 MERCEDES<br \/>\nA 001 760 57 03 MERCEDES<br \/>\nA0007608803 MERCEDES<br \/>\n0007608803 MERCEDES<br \/>\nA 000 760 88 03 MERCEDES<br \/>\nA0017609203 MERCEDES<br \/>\n0017609203 MERCEDES<br \/>\nA 001 760 92 03 MERCEDES<br \/>\nA0017605603 MERCEDES<br \/>\n0017605603 MERCEDES<br \/>\nA 001 760 56 03 MERCEDES<br \/>\nA0017609203 MERCEDES<br \/>\n0007608803 MERCEDES<br \/>\nA 001 760 92 03 MERCEDES<br \/>\nA0007608803 MERCEDES<br \/>\nA001.760.02.03 MERCEDES<br \/>\nA.001.760.56.03 MERCEDES<br \/>\n0017600203 MERCEDES<br \/>\nA0017600203 MERCEDES<br \/>\nA001.760.02.03 MERCEDES<br \/>\nA 001 760 02 03 MERCEDES<br \/>\nDHZ-100\/110 IWN<br \/>\nBoot<br \/>\nNutring<br \/>\nPinze freno<br \/>\nRubber cuff<br \/>\nRubber seal<br \/>\nManschette<br \/>\nBremsmanschetten<br \/>\nAjt\u00f3henger t\u00f6m\u00edt\u00e9s 100x90x4,25 mm<br \/>\nCuff gasket door cylinder 100x90x4.25 mm<br \/>\nSeal gasket door cylinder 100x90x4,25 mm<br \/>\nT\u00fcrzylinderdichtung abdichten 100x90x4,25 mm<br \/>\nManschettendichtung T\u00fcrzylinder 100x90x4,25 mm<br \/>\nGuarnizione di tenuta cilindro porta 100x90x4,25 mm<br \/>\nGuarnizione bracciale porta cilindro 100x90x4,25 mm<\/p>\n","protected":false},"excerpt":{"rendered":"<p><img decoding=\"async\" class=\"alignnone size-medium wp-image-17709\" src=\"https:\/\/sindicom.hr\/wp-content\/uploads\/2020\/05\/mercedes-300x300.png\" alt=\"\" width=\"300\" height=\"300\" srcset=\"https:\/\/sindicom.hr\/wp-content\/uploads\/2020\/05\/mercedes-64x64.png 64w, https:\/\/sindicom.hr\/wp-content\/uploads\/2020\/05\/mercedes-66x66.png 66w, https:\/\/sindicom.hr\/wp-content\/uploads\/2020\/05\/mercedes-100x100.png 100w, https:\/\/sindicom.hr\/wp-content\/uploads\/2020\/05\/mercedes-150x150.png 150w, https:\/\/sindicom.hr\/wp-content\/uploads\/2020\/05\/mercedes-200x200.png 200w, https:\/\/sindicom.hr\/wp-content\/uploads\/2020\/05\/mercedes.png 300w\" sizes=\"(max-width: 300px) 100vw, 300px\" \/><\/p>\n","protected":false},"featured_media":43030,"template":"","meta":{"inline_featured_image":false},"product_brand":[],"product_cat":[15,96,101,240,113,105,278,120,99,107,129],"product_tag":[],"class_list":{"0":"post-25893","1":"product","2":"type-product","3":"status-publish","4":"has-post-thumbnail","6":"product_cat-all-products","7":"product_cat-busevi","8":"product_cat-evobus","9":"product_cat-manzeta-manschette","10":"product_cat-mercedes-teretna-vozila","11":"product_cat-mercedes","12":"product_cat-ostali-rezervni-dijelovi-other-spare-parts-andere-ersatzteile-altri-ricambi","13":"product_cat-reparaturni-setovi","14":"product_cat-setra","15":"product_cat-teretna-vozila","16":"product_cat-tourismo","18":"first","19":"instock","20":"shipping-taxable","21":"purchasable","22":"product-type-simple"},"yoast_head":"<!-- This site is optimized with the Yoast SEO plugin v26.2 - https:\/\/yoast.com\/wordpress\/plugins\/seo\/ -->\n<title>MAN\u017dETA CILINDRA VRATA 100x90x4 mm 100 mm 100\/110 mm BUS SETRA MERCEDES IWN OE - Sindicom<\/title>\n<meta name=\"robots\" content=\"index, follow, max-snippet:-1, max-image-preview:large, max-video-preview:-1\" \/>\n<link rel=\"canonical\" href=\"https:\/\/sindicom.hr\/en\/katalog\/manzeta-cilindra-vrata-iwn-100-mm-mercedes-setra-org\/\" \/>\n<meta property=\"og:locale\" content=\"en_US\" \/>\n<meta property=\"og:type\" content=\"article\" \/>\n<meta property=\"og:title\" content=\"MAN\u017dETA CILINDRA VRATA 100x90x4 mm 100 mm 100\/110 mm BUS SETRA MERCEDES IWN OE - Sindicom\" \/>\n<meta property=\"og:url\" content=\"https:\/\/sindicom.hr\/en\/katalog\/manzeta-cilindra-vrata-iwn-100-mm-mercedes-setra-org\/\" \/>\n<meta property=\"og:site_name\" content=\"Sindicom\" \/>\n<meta property=\"article:publisher\" content=\"https:\/\/www.facebook.com\/Sindicom-doo-170277286366043\/\" \/>\n<meta property=\"article:modified_time\" content=\"2026-01-26T14:13:36+00:00\" \/>\n<meta property=\"og:image\" content=\"https:\/\/sindicom.hr\/wp-content\/uploads\/2022\/09\/A0017605703.webp\" \/>\n\t<meta property=\"og:image:width\" content=\"600\" \/>\n\t<meta property=\"og:image:height\" content=\"600\" \/>\n\t<meta property=\"og:image:type\" content=\"image\/webp\" \/>\n<meta name=\"twitter:card\" content=\"summary_large_image\" \/>\n<meta name=\"twitter:label1\" content=\"Est. reading time\" \/>\n\t<meta name=\"twitter:data1\" content=\"1 minute\" \/>\n<script type=\"application\/ld+json\" class=\"yoast-schema-graph\">{\"@context\":\"https:\/\/schema.org\",\"@graph\":[{\"@type\":\"WebPage\",\"@id\":\"https:\/\/sindicom.hr\/en\/katalog\/manzeta-cilindra-vrata-iwn-100-mm-mercedes-setra-org\/\",\"url\":\"https:\/\/sindicom.hr\/en\/katalog\/manzeta-cilindra-vrata-iwn-100-mm-mercedes-setra-org\/\",\"name\":\"MAN\u017dETA CILINDRA VRATA 100x90x4 mm 100 mm 100\/110 mm BUS SETRA MERCEDES IWN OE - Sindicom\",\"isPartOf\":{\"@id\":\"https:\/\/sindicom.hr\/en\/#website\"},\"primaryImageOfPage\":{\"@id\":\"https:\/\/sindicom.hr\/en\/katalog\/manzeta-cilindra-vrata-iwn-100-mm-mercedes-setra-org\/#primaryimage\"},\"image\":{\"@id\":\"https:\/\/sindicom.hr\/en\/katalog\/manzeta-cilindra-vrata-iwn-100-mm-mercedes-setra-org\/#primaryimage\"},\"thumbnailUrl\":\"https:\/\/sindicom.hr\/wp-content\/uploads\/2022\/09\/A0017605703.webp\",\"datePublished\":\"2022-09-13T12:12:35+00:00\",\"dateModified\":\"2026-01-26T14:13:36+00:00\",\"breadcrumb\":{\"@id\":\"https:\/\/sindicom.hr\/en\/katalog\/manzeta-cilindra-vrata-iwn-100-mm-mercedes-setra-org\/#breadcrumb\"},\"inLanguage\":\"en-US\",\"potentialAction\":[{\"@type\":\"ReadAction\",\"target\":[\"https:\/\/sindicom.hr\/en\/katalog\/manzeta-cilindra-vrata-iwn-100-mm-mercedes-setra-org\/\"]}]},{\"@type\":\"ImageObject\",\"inLanguage\":\"en-US\",\"@id\":\"https:\/\/sindicom.hr\/en\/katalog\/manzeta-cilindra-vrata-iwn-100-mm-mercedes-setra-org\/#primaryimage\",\"url\":\"https:\/\/sindicom.hr\/wp-content\/uploads\/2022\/09\/A0017605703.webp\",\"contentUrl\":\"https:\/\/sindicom.hr\/wp-content\/uploads\/2022\/09\/A0017605703.webp\",\"width\":600,\"height\":600},{\"@type\":\"BreadcrumbList\",\"@id\":\"https:\/\/sindicom.hr\/en\/katalog\/manzeta-cilindra-vrata-iwn-100-mm-mercedes-setra-org\/#breadcrumb\",\"itemListElement\":[{\"@type\":\"ListItem\",\"position\":1,\"name\":\"Po\u010detna stranica\",\"item\":\"https:\/\/sindicom.hr\/en\/\"},{\"@type\":\"ListItem\",\"position\":2,\"name\":\"Katalog dijelova\",\"item\":\"https:\/\/sindicom.hr\/en\/catalog\/\"},{\"@type\":\"ListItem\",\"position\":3,\"name\":\"MAN\u017dETA CILINDRA VRATA 100x90x4 mm 100 mm 100\/110 mm BUS SETRA MERCEDES IWN OE\"}]},{\"@type\":\"WebSite\",\"@id\":\"https:\/\/sindicom.hr\/en\/#website\",\"url\":\"https:\/\/sindicom.hr\/en\/\",\"name\":\"SINDICOM\",\"description\":\"Trade and repair of pneumatic brakes, air and hydraulic systems for trucks and buses\",\"publisher\":{\"@id\":\"https:\/\/sindicom.hr\/en\/#organization\"},\"potentialAction\":[{\"@type\":\"SearchAction\",\"target\":{\"@type\":\"EntryPoint\",\"urlTemplate\":\"https:\/\/sindicom.hr\/en\/?s={search_term_string}\"},\"query-input\":{\"@type\":\"PropertyValueSpecification\",\"valueRequired\":true,\"valueName\":\"search_term_string\"}}],\"inLanguage\":\"en-US\"},{\"@type\":\"Organization\",\"@id\":\"https:\/\/sindicom.hr\/en\/#organization\",\"name\":\"SINDICOM d.o.o.\",\"url\":\"https:\/\/sindicom.hr\/en\/\",\"logo\":{\"@type\":\"ImageObject\",\"inLanguage\":\"en-US\",\"@id\":\"https:\/\/sindicom.hr\/en\/#\/schema\/logo\/image\/\",\"url\":\"https:\/\/sindicom.hr\/wp-content\/uploads\/2019\/11\/sindicom_logo_veliki1.jpg.png\",\"contentUrl\":\"https:\/\/sindicom.hr\/wp-content\/uploads\/2019\/11\/sindicom_logo_veliki1.jpg.png\",\"width\":732,\"height\":706,\"caption\":\"SINDICOM d.o.o.\"},\"image\":{\"@id\":\"https:\/\/sindicom.hr\/en\/#\/schema\/logo\/image\/\"},\"sameAs\":[\"https:\/\/www.facebook.com\/Sindicom-doo-170277286366043\/\",\"https:\/\/instagram.com\/sindicomdoo\"]}]}<\/script>\n<!-- \/ Yoast SEO plugin. -->","yoast_head_json":{"title":"MAN\u017dETA CILINDRA VRATA 100x90x4 mm 100 mm 100\/110 mm BUS SETRA MERCEDES IWN OE - Sindicom","robots":{"index":"index","follow":"follow","max-snippet":"max-snippet:-1","max-image-preview":"max-image-preview:large","max-video-preview":"max-video-preview:-1"},"canonical":"https:\/\/sindicom.hr\/en\/katalog\/manzeta-cilindra-vrata-iwn-100-mm-mercedes-setra-org\/","og_locale":"en_US","og_type":"article","og_title":"MAN\u017dETA CILINDRA VRATA 100x90x4 mm 100 mm 100\/110 mm BUS SETRA MERCEDES IWN OE - Sindicom","og_url":"https:\/\/sindicom.hr\/en\/katalog\/manzeta-cilindra-vrata-iwn-100-mm-mercedes-setra-org\/","og_site_name":"Sindicom","article_publisher":"https:\/\/www.facebook.com\/Sindicom-doo-170277286366043\/","article_modified_time":"2026-01-26T14:13:36+00:00","og_image":[{"width":600,"height":600,"url":"https:\/\/sindicom.hr\/wp-content\/uploads\/2022\/09\/A0017605703.webp","type":"image\/webp"}],"twitter_card":"summary_large_image","twitter_misc":{"Est. reading time":"1 minute"},"schema":{"@context":"https:\/\/schema.org","@graph":[{"@type":"WebPage","@id":"https:\/\/sindicom.hr\/en\/katalog\/manzeta-cilindra-vrata-iwn-100-mm-mercedes-setra-org\/","url":"https:\/\/sindicom.hr\/en\/katalog\/manzeta-cilindra-vrata-iwn-100-mm-mercedes-setra-org\/","name":"MAN\u017dETA CILINDRA VRATA 100x90x4 mm 100 mm 100\/110 mm BUS SETRA MERCEDES IWN OE - Sindicom","isPartOf":{"@id":"https:\/\/sindicom.hr\/en\/#website"},"primaryImageOfPage":{"@id":"https:\/\/sindicom.hr\/en\/katalog\/manzeta-cilindra-vrata-iwn-100-mm-mercedes-setra-org\/#primaryimage"},"image":{"@id":"https:\/\/sindicom.hr\/en\/katalog\/manzeta-cilindra-vrata-iwn-100-mm-mercedes-setra-org\/#primaryimage"},"thumbnailUrl":"https:\/\/sindicom.hr\/wp-content\/uploads\/2022\/09\/A0017605703.webp","datePublished":"2022-09-13T12:12:35+00:00","dateModified":"2026-01-26T14:13:36+00:00","breadcrumb":{"@id":"https:\/\/sindicom.hr\/en\/katalog\/manzeta-cilindra-vrata-iwn-100-mm-mercedes-setra-org\/#breadcrumb"},"inLanguage":"en-US","potentialAction":[{"@type":"ReadAction","target":["https:\/\/sindicom.hr\/en\/katalog\/manzeta-cilindra-vrata-iwn-100-mm-mercedes-setra-org\/"]}]},{"@type":"ImageObject","inLanguage":"en-US","@id":"https:\/\/sindicom.hr\/en\/katalog\/manzeta-cilindra-vrata-iwn-100-mm-mercedes-setra-org\/#primaryimage","url":"https:\/\/sindicom.hr\/wp-content\/uploads\/2022\/09\/A0017605703.webp","contentUrl":"https:\/\/sindicom.hr\/wp-content\/uploads\/2022\/09\/A0017605703.webp","width":600,"height":600},{"@type":"BreadcrumbList","@id":"https:\/\/sindicom.hr\/en\/katalog\/manzeta-cilindra-vrata-iwn-100-mm-mercedes-setra-org\/#breadcrumb","itemListElement":[{"@type":"ListItem","position":1,"name":"Po\u010detna stranica","item":"https:\/\/sindicom.hr\/en\/"},{"@type":"ListItem","position":2,"name":"Katalog dijelova","item":"https:\/\/sindicom.hr\/en\/catalog\/"},{"@type":"ListItem","position":3,"name":"MAN\u017dETA CILINDRA VRATA 100x90x4 mm 100 mm 100\/110 mm BUS SETRA MERCEDES IWN OE"}]},{"@type":"WebSite","@id":"https:\/\/sindicom.hr\/en\/#website","url":"https:\/\/sindicom.hr\/en\/","name":"SINDICOM","description":"Trade and repair of pneumatic brakes, air and hydraulic systems for trucks and buses","publisher":{"@id":"https:\/\/sindicom.hr\/en\/#organization"},"potentialAction":[{"@type":"SearchAction","target":{"@type":"EntryPoint","urlTemplate":"https:\/\/sindicom.hr\/en\/?s={search_term_string}"},"query-input":{"@type":"PropertyValueSpecification","valueRequired":true,"valueName":"search_term_string"}}],"inLanguage":"en-US"},{"@type":"Organization","@id":"https:\/\/sindicom.hr\/en\/#organization","name":"SINDICOM d.o.o.","url":"https:\/\/sindicom.hr\/en\/","logo":{"@type":"ImageObject","inLanguage":"en-US","@id":"https:\/\/sindicom.hr\/en\/#\/schema\/logo\/image\/","url":"https:\/\/sindicom.hr\/wp-content\/uploads\/2019\/11\/sindicom_logo_veliki1.jpg.png","contentUrl":"https:\/\/sindicom.hr\/wp-content\/uploads\/2019\/11\/sindicom_logo_veliki1.jpg.png","width":732,"height":706,"caption":"SINDICOM d.o.o."},"image":{"@id":"https:\/\/sindicom.hr\/en\/#\/schema\/logo\/image\/"},"sameAs":["https:\/\/www.facebook.com\/Sindicom-doo-170277286366043\/","https:\/\/instagram.com\/sindicomdoo"]}]}},"_links":{"self":[{"href":"https:\/\/sindicom.hr\/en\/wp-json\/wp\/v2\/product\/25893","targetHints":{"allow":["GET"]}}],"collection":[{"href":"https:\/\/sindicom.hr\/en\/wp-json\/wp\/v2\/product"}],"about":[{"href":"https:\/\/sindicom.hr\/en\/wp-json\/wp\/v2\/types\/product"}],"wp:featuredmedia":[{"embeddable":true,"href":"https:\/\/sindicom.hr\/en\/wp-json\/wp\/v2\/media\/43030"}],"wp:attachment":[{"href":"https:\/\/sindicom.hr\/en\/wp-json\/wp\/v2\/media?parent=25893"}],"wp:term":[{"taxonomy":"product_brand","embeddable":true,"href":"https:\/\/sindicom.hr\/en\/wp-json\/wp\/v2\/product_brand?post=25893"},{"taxonomy":"product_cat","embeddable":true,"href":"https:\/\/sindicom.hr\/en\/wp-json\/wp\/v2\/product_cat?post=25893"},{"taxonomy":"product_tag","embeddable":true,"href":"https:\/\/sindicom.hr\/en\/wp-json\/wp\/v2\/product_tag?post=25893"}],"curies":[{"name":"wp","href":"https:\/\/api.w.org\/{rel}","templated":true}]}}