{"id":25943,"date":"2022-09-13T13:03:46","date_gmt":"2022-09-13T13:03:46","guid":{"rendered":"https:\/\/sindicom.hr\/?post_type=product&#038;p=25943"},"modified":"2025-10-27T11:46:31","modified_gmt":"2025-10-27T11:46:31","slug":"kociona-celjust-lijeva-bez-nosaca-st7-knorr-rep-kaucija","status":"publish","type":"product","link":"https:\/\/sindicom.hr\/en\/katalog\/kociona-celjust-lijeva-bez-nosaca-st7-knorr-rep-kaucija\/","title":{"rendered":"KO\u010cIONA \u010cELJUST LIJEVA BEZ NOSA\u010cA ST7 LV SAF KNORR BREMSE REP. KAUCIJA"},"content":{"rendered":"<p>ST7012 KNORR  ST7013 KNORR  ST7013RC KNORR  ST7011 KNORR  95620 HALDEX  95620C HALDEX  96545 HALDEX  2305916 HALDEX  DBT22LT HALDEX  9285421 HALDEX  1511101531 HALDEX  JAS0210410101 HALDEX  SBS2220 SAF  SBS 2220 HO SAF  03080008100 SAF  03080008101 SAF  03080008700 SAF  05400102500 SAF  5400102500 SAF  5400.1025.00 SAF  3080009750 SAF  3080.0097.50 SAF  3080008151 SAF  3080.0081.51 SAF  03.080.0081.01 SAF  03.080.0087.00 SAF  3.080.0081.00 SAF  03.080.0081.00 SAF  3 080 0081 00 SAF  05400102500 SAF  5400102500 SAF  5.400.1025.00 SAF  05.400.1025.00 SAF  05 400 1025 00 SAF  0 54 001 0250 0 SAF  3080009800 SAF  3.080.0098.00 SAF  3 080 0098 00 SAF  03080009800 SAF  03.080.0098.00 SAF  03 080 0098 00 SAF  03080009850 SAF  3.080.0098.50 SAF  03 080 0098 50 SAF  719001022 GIGANT  719001024 GIGANT  719001010 GIGANT  719001004 GIGANT  550017644 KRONE  550017647 KRONE  0719001022 KRONE  K069394 KNORR  K069396 KNORR  K097531 KNORR  K097531 KNORR  K097531K50 KNORR  K097531K62 KNORR  K090767N64 KNORR  3080008700 SAF  3080008720 SAF  03080008700 SAF  03080008720 SAF  03.080.0087.00 SAF  03.080.0087.20 SAF  03 080 0087 00 SAF  03 080 0087 20 SAF  1227597 SCHMITZ  1533526 SCHMITZ  Air Disc Brake caliper  Luftscheibenbremse Bremssattel  Pinza del freno a disco pneumatico  \u00c9trier de frein a disque pneumatique  Pinza de freno de disco de aire  Brake caliper  Bremssattel  Pinza freno<\/p>\n","protected":false},"excerpt":{"rendered":"<p><img decoding=\"async\" class=\"alignnone size-medium wp-image-17705\" src=\"https:\/\/sindicom.hr\/wp-content\/uploads\/2020\/05\/knorr-bremse-300x300.png\" alt=\"\" width=\"300\" height=\"300\" srcset=\"https:\/\/sindicom.hr\/wp-content\/uploads\/2020\/05\/knorr-bremse-64x64.png 64w, https:\/\/sindicom.hr\/wp-content\/uploads\/2020\/05\/knorr-bremse-66x66.png 66w, https:\/\/sindicom.hr\/wp-content\/uploads\/2020\/05\/knorr-bremse-100x100.png 100w, https:\/\/sindicom.hr\/wp-content\/uploads\/2020\/05\/knorr-bremse-150x150.png 150w, https:\/\/sindicom.hr\/wp-content\/uploads\/2020\/05\/knorr-bremse-200x200.png 200w, https:\/\/sindicom.hr\/wp-content\/uploads\/2020\/05\/knorr-bremse.png 300w\" sizes=\"(max-width: 300px) 100vw, 300px\" \/><\/p>\n","protected":false},"featured_media":43641,"template":"","meta":{"inline_featured_image":false},"product_brand":[],"product_cat":[59,114,118],"product_tag":[],"class_list":{"0":"post-25943","1":"product","2":"type-product","3":"status-publish","4":"has-post-thumbnail","6":"product_cat-kocione-celjusti","7":"product_cat-prikolice","8":"product_cat-schmitz","10":"first","11":"instock","12":"shipping-taxable","13":"purchasable","14":"product-type-simple"},"yoast_head":"<!-- This site is optimized with the Yoast SEO plugin v26.2 - https:\/\/yoast.com\/wordpress\/plugins\/seo\/ -->\n<title>KO\u010cIONA \u010cELJUST LIJEVA BEZ NOSA\u010cA ST7 LV SAF KNORR BREMSE REP. KAUCIJA - Sindicom<\/title>\n<meta name=\"robots\" content=\"index, follow, max-snippet:-1, max-image-preview:large, max-video-preview:-1\" \/>\n<link rel=\"canonical\" href=\"https:\/\/sindicom.hr\/en\/katalog\/kociona-celjust-lijeva-bez-nosaca-st7-knorr-rep-kaucija\/\" \/>\n<meta property=\"og:locale\" content=\"en_US\" \/>\n<meta property=\"og:type\" content=\"article\" \/>\n<meta property=\"og:title\" content=\"KO\u010cIONA \u010cELJUST LIJEVA BEZ NOSA\u010cA ST7 LV SAF KNORR BREMSE REP. KAUCIJA - Sindicom\" \/>\n<meta property=\"og:url\" content=\"https:\/\/sindicom.hr\/en\/katalog\/kociona-celjust-lijeva-bez-nosaca-st7-knorr-rep-kaucija\/\" \/>\n<meta property=\"og:site_name\" content=\"Sindicom\" \/>\n<meta property=\"article:publisher\" content=\"https:\/\/www.facebook.com\/Sindicom-doo-170277286366043\/\" \/>\n<meta property=\"article:modified_time\" content=\"2025-10-27T11:46:31+00:00\" \/>\n<meta property=\"og:image\" content=\"https:\/\/sindicom.hr\/wp-content\/uploads\/2022\/09\/ST7012-KNORR-95620-HALDEX-95620C-1.webp\" \/>\n\t<meta property=\"og:image:width\" content=\"600\" \/>\n\t<meta property=\"og:image:height\" content=\"600\" \/>\n\t<meta property=\"og:image:type\" content=\"image\/webp\" \/>\n<meta name=\"twitter:card\" content=\"summary_large_image\" \/>\n<meta name=\"twitter:label1\" content=\"Est. reading time\" \/>\n\t<meta name=\"twitter:data1\" content=\"1 minute\" \/>\n<script type=\"application\/ld+json\" class=\"yoast-schema-graph\">{\"@context\":\"https:\/\/schema.org\",\"@graph\":[{\"@type\":\"WebPage\",\"@id\":\"https:\/\/sindicom.hr\/en\/katalog\/kociona-celjust-lijeva-bez-nosaca-st7-knorr-rep-kaucija\/\",\"url\":\"https:\/\/sindicom.hr\/en\/katalog\/kociona-celjust-lijeva-bez-nosaca-st7-knorr-rep-kaucija\/\",\"name\":\"KO\u010cIONA \u010cELJUST LIJEVA BEZ NOSA\u010cA ST7 LV SAF KNORR BREMSE REP. KAUCIJA - Sindicom\",\"isPartOf\":{\"@id\":\"https:\/\/sindicom.hr\/en\/#website\"},\"primaryImageOfPage\":{\"@id\":\"https:\/\/sindicom.hr\/en\/katalog\/kociona-celjust-lijeva-bez-nosaca-st7-knorr-rep-kaucija\/#primaryimage\"},\"image\":{\"@id\":\"https:\/\/sindicom.hr\/en\/katalog\/kociona-celjust-lijeva-bez-nosaca-st7-knorr-rep-kaucija\/#primaryimage\"},\"thumbnailUrl\":\"https:\/\/sindicom.hr\/wp-content\/uploads\/2022\/09\/ST7012-KNORR-95620-HALDEX-95620C-1.webp\",\"datePublished\":\"2022-09-13T13:03:46+00:00\",\"dateModified\":\"2025-10-27T11:46:31+00:00\",\"breadcrumb\":{\"@id\":\"https:\/\/sindicom.hr\/en\/katalog\/kociona-celjust-lijeva-bez-nosaca-st7-knorr-rep-kaucija\/#breadcrumb\"},\"inLanguage\":\"en-US\",\"potentialAction\":[{\"@type\":\"ReadAction\",\"target\":[\"https:\/\/sindicom.hr\/en\/katalog\/kociona-celjust-lijeva-bez-nosaca-st7-knorr-rep-kaucija\/\"]}]},{\"@type\":\"ImageObject\",\"inLanguage\":\"en-US\",\"@id\":\"https:\/\/sindicom.hr\/en\/katalog\/kociona-celjust-lijeva-bez-nosaca-st7-knorr-rep-kaucija\/#primaryimage\",\"url\":\"https:\/\/sindicom.hr\/wp-content\/uploads\/2022\/09\/ST7012-KNORR-95620-HALDEX-95620C-1.webp\",\"contentUrl\":\"https:\/\/sindicom.hr\/wp-content\/uploads\/2022\/09\/ST7012-KNORR-95620-HALDEX-95620C-1.webp\",\"width\":600,\"height\":600},{\"@type\":\"BreadcrumbList\",\"@id\":\"https:\/\/sindicom.hr\/en\/katalog\/kociona-celjust-lijeva-bez-nosaca-st7-knorr-rep-kaucija\/#breadcrumb\",\"itemListElement\":[{\"@type\":\"ListItem\",\"position\":1,\"name\":\"Po\u010detna stranica\",\"item\":\"https:\/\/sindicom.hr\/en\/\"},{\"@type\":\"ListItem\",\"position\":2,\"name\":\"Katalog dijelova\",\"item\":\"https:\/\/sindicom.hr\/en\/catalog\/\"},{\"@type\":\"ListItem\",\"position\":3,\"name\":\"KO\u010cIONA \u010cELJUST LIJEVA BEZ NOSA\u010cA ST7 LV SAF KNORR BREMSE REP. KAUCIJA\"}]},{\"@type\":\"WebSite\",\"@id\":\"https:\/\/sindicom.hr\/en\/#website\",\"url\":\"https:\/\/sindicom.hr\/en\/\",\"name\":\"SINDICOM\",\"description\":\"Trade and repair of pneumatic brakes, air and hydraulic systems for trucks and buses\",\"publisher\":{\"@id\":\"https:\/\/sindicom.hr\/en\/#organization\"},\"potentialAction\":[{\"@type\":\"SearchAction\",\"target\":{\"@type\":\"EntryPoint\",\"urlTemplate\":\"https:\/\/sindicom.hr\/en\/?s={search_term_string}\"},\"query-input\":{\"@type\":\"PropertyValueSpecification\",\"valueRequired\":true,\"valueName\":\"search_term_string\"}}],\"inLanguage\":\"en-US\"},{\"@type\":\"Organization\",\"@id\":\"https:\/\/sindicom.hr\/en\/#organization\",\"name\":\"SINDICOM d.o.o.\",\"url\":\"https:\/\/sindicom.hr\/en\/\",\"logo\":{\"@type\":\"ImageObject\",\"inLanguage\":\"en-US\",\"@id\":\"https:\/\/sindicom.hr\/en\/#\/schema\/logo\/image\/\",\"url\":\"https:\/\/sindicom.hr\/wp-content\/uploads\/2019\/11\/sindicom_logo_veliki1.jpg.png\",\"contentUrl\":\"https:\/\/sindicom.hr\/wp-content\/uploads\/2019\/11\/sindicom_logo_veliki1.jpg.png\",\"width\":732,\"height\":706,\"caption\":\"SINDICOM d.o.o.\"},\"image\":{\"@id\":\"https:\/\/sindicom.hr\/en\/#\/schema\/logo\/image\/\"},\"sameAs\":[\"https:\/\/www.facebook.com\/Sindicom-doo-170277286366043\/\",\"https:\/\/instagram.com\/sindicomdoo\"]}]}<\/script>\n<!-- \/ Yoast SEO plugin. -->","yoast_head_json":{"title":"KO\u010cIONA \u010cELJUST LIJEVA BEZ NOSA\u010cA ST7 LV SAF KNORR BREMSE REP. KAUCIJA - Sindicom","robots":{"index":"index","follow":"follow","max-snippet":"max-snippet:-1","max-image-preview":"max-image-preview:large","max-video-preview":"max-video-preview:-1"},"canonical":"https:\/\/sindicom.hr\/en\/katalog\/kociona-celjust-lijeva-bez-nosaca-st7-knorr-rep-kaucija\/","og_locale":"en_US","og_type":"article","og_title":"KO\u010cIONA \u010cELJUST LIJEVA BEZ NOSA\u010cA ST7 LV SAF KNORR BREMSE REP. KAUCIJA - Sindicom","og_url":"https:\/\/sindicom.hr\/en\/katalog\/kociona-celjust-lijeva-bez-nosaca-st7-knorr-rep-kaucija\/","og_site_name":"Sindicom","article_publisher":"https:\/\/www.facebook.com\/Sindicom-doo-170277286366043\/","article_modified_time":"2025-10-27T11:46:31+00:00","og_image":[{"width":600,"height":600,"url":"https:\/\/sindicom.hr\/wp-content\/uploads\/2022\/09\/ST7012-KNORR-95620-HALDEX-95620C-1.webp","type":"image\/webp"}],"twitter_card":"summary_large_image","twitter_misc":{"Est. reading time":"1 minute"},"schema":{"@context":"https:\/\/schema.org","@graph":[{"@type":"WebPage","@id":"https:\/\/sindicom.hr\/en\/katalog\/kociona-celjust-lijeva-bez-nosaca-st7-knorr-rep-kaucija\/","url":"https:\/\/sindicom.hr\/en\/katalog\/kociona-celjust-lijeva-bez-nosaca-st7-knorr-rep-kaucija\/","name":"KO\u010cIONA \u010cELJUST LIJEVA BEZ NOSA\u010cA ST7 LV SAF KNORR BREMSE REP. KAUCIJA - Sindicom","isPartOf":{"@id":"https:\/\/sindicom.hr\/en\/#website"},"primaryImageOfPage":{"@id":"https:\/\/sindicom.hr\/en\/katalog\/kociona-celjust-lijeva-bez-nosaca-st7-knorr-rep-kaucija\/#primaryimage"},"image":{"@id":"https:\/\/sindicom.hr\/en\/katalog\/kociona-celjust-lijeva-bez-nosaca-st7-knorr-rep-kaucija\/#primaryimage"},"thumbnailUrl":"https:\/\/sindicom.hr\/wp-content\/uploads\/2022\/09\/ST7012-KNORR-95620-HALDEX-95620C-1.webp","datePublished":"2022-09-13T13:03:46+00:00","dateModified":"2025-10-27T11:46:31+00:00","breadcrumb":{"@id":"https:\/\/sindicom.hr\/en\/katalog\/kociona-celjust-lijeva-bez-nosaca-st7-knorr-rep-kaucija\/#breadcrumb"},"inLanguage":"en-US","potentialAction":[{"@type":"ReadAction","target":["https:\/\/sindicom.hr\/en\/katalog\/kociona-celjust-lijeva-bez-nosaca-st7-knorr-rep-kaucija\/"]}]},{"@type":"ImageObject","inLanguage":"en-US","@id":"https:\/\/sindicom.hr\/en\/katalog\/kociona-celjust-lijeva-bez-nosaca-st7-knorr-rep-kaucija\/#primaryimage","url":"https:\/\/sindicom.hr\/wp-content\/uploads\/2022\/09\/ST7012-KNORR-95620-HALDEX-95620C-1.webp","contentUrl":"https:\/\/sindicom.hr\/wp-content\/uploads\/2022\/09\/ST7012-KNORR-95620-HALDEX-95620C-1.webp","width":600,"height":600},{"@type":"BreadcrumbList","@id":"https:\/\/sindicom.hr\/en\/katalog\/kociona-celjust-lijeva-bez-nosaca-st7-knorr-rep-kaucija\/#breadcrumb","itemListElement":[{"@type":"ListItem","position":1,"name":"Po\u010detna stranica","item":"https:\/\/sindicom.hr\/en\/"},{"@type":"ListItem","position":2,"name":"Katalog dijelova","item":"https:\/\/sindicom.hr\/en\/catalog\/"},{"@type":"ListItem","position":3,"name":"KO\u010cIONA \u010cELJUST LIJEVA BEZ NOSA\u010cA ST7 LV SAF KNORR BREMSE REP. KAUCIJA"}]},{"@type":"WebSite","@id":"https:\/\/sindicom.hr\/en\/#website","url":"https:\/\/sindicom.hr\/en\/","name":"SINDICOM","description":"Trade and repair of pneumatic brakes, air and hydraulic systems for trucks and buses","publisher":{"@id":"https:\/\/sindicom.hr\/en\/#organization"},"potentialAction":[{"@type":"SearchAction","target":{"@type":"EntryPoint","urlTemplate":"https:\/\/sindicom.hr\/en\/?s={search_term_string}"},"query-input":{"@type":"PropertyValueSpecification","valueRequired":true,"valueName":"search_term_string"}}],"inLanguage":"en-US"},{"@type":"Organization","@id":"https:\/\/sindicom.hr\/en\/#organization","name":"SINDICOM d.o.o.","url":"https:\/\/sindicom.hr\/en\/","logo":{"@type":"ImageObject","inLanguage":"en-US","@id":"https:\/\/sindicom.hr\/en\/#\/schema\/logo\/image\/","url":"https:\/\/sindicom.hr\/wp-content\/uploads\/2019\/11\/sindicom_logo_veliki1.jpg.png","contentUrl":"https:\/\/sindicom.hr\/wp-content\/uploads\/2019\/11\/sindicom_logo_veliki1.jpg.png","width":732,"height":706,"caption":"SINDICOM d.o.o."},"image":{"@id":"https:\/\/sindicom.hr\/en\/#\/schema\/logo\/image\/"},"sameAs":["https:\/\/www.facebook.com\/Sindicom-doo-170277286366043\/","https:\/\/instagram.com\/sindicomdoo"]}]}},"_links":{"self":[{"href":"https:\/\/sindicom.hr\/en\/wp-json\/wp\/v2\/product\/25943","targetHints":{"allow":["GET"]}}],"collection":[{"href":"https:\/\/sindicom.hr\/en\/wp-json\/wp\/v2\/product"}],"about":[{"href":"https:\/\/sindicom.hr\/en\/wp-json\/wp\/v2\/types\/product"}],"wp:featuredmedia":[{"embeddable":true,"href":"https:\/\/sindicom.hr\/en\/wp-json\/wp\/v2\/media\/43641"}],"wp:attachment":[{"href":"https:\/\/sindicom.hr\/en\/wp-json\/wp\/v2\/media?parent=25943"}],"wp:term":[{"taxonomy":"product_brand","embeddable":true,"href":"https:\/\/sindicom.hr\/en\/wp-json\/wp\/v2\/product_brand?post=25943"},{"taxonomy":"product_cat","embeddable":true,"href":"https:\/\/sindicom.hr\/en\/wp-json\/wp\/v2\/product_cat?post=25943"},{"taxonomy":"product_tag","embeddable":true,"href":"https:\/\/sindicom.hr\/en\/wp-json\/wp\/v2\/product_tag?post=25943"}],"curies":[{"name":"wp","href":"https:\/\/api.w.org\/{rel}","templated":true}]}}