{"id":26002,"date":"2022-09-13T17:14:17","date_gmt":"2022-09-13T17:14:17","guid":{"rendered":"https:\/\/sindicom.hr\/?post_type=product&#038;p=26002"},"modified":"2025-10-27T12:09:58","modified_gmt":"2025-10-27T12:09:58","slug":"set-isusivaca-zraka-aps-apu-jedinice-scania-r-s-euro-6-wabco-zamj","status":"publish","type":"product","link":"https:\/\/sindicom.hr\/en\/katalog\/set-isusivaca-zraka-aps-apu-jedinice-scania-r-s-euro-6-wabco-zamj\/","title":{"rendered":"SET ISU\u0160IVA\u010cA ZRAKA APS APU JEDINICE S ODU\u0160KOM SCANIA R S EURO 6 WABCO KPL. ZAMJ."},"content":{"rendered":"<p>2203110 COJALI  9325109052 WABCO  9325109132 WABCO  9325102072 WABCO  9325102070 WABCO  9325102060 WABCO  9325102050 WABCO  9325102030 WABCO  9325102020 WABCO  9325102000 WABCO  2551090 SCANIA  2591905 SCANIA  2897060 SCANIA  2795850 SCANIA  2440299 SCANIA  2564986 SCANIA  2591905 SCANIA  2594138 SCANIA  2598599 SCANIA  2551090 SCANIA  2591905 SCANIA  2897060 SCANIA  2795850 SCANIA  2651887 SCANIA  2440299 SCANIA  2608040 SCANIA  2591905 SCANIA  2897062 SCANIA  30804000402 VADEN  308.04.0004.02 VADEN  Repair kit  Spares Kit  Reparatieset  Reparatursatz  Reparationssat  Kit di riparazione  Kit de r\u00e9paration  Kit de reparaci\u00f3n  Zestaw naprawczy  Electronic Air Processing Unit (EAPU) E-APU repair kit<\/p>\n","protected":false},"excerpt":{"rendered":"<p><img decoding=\"async\" class=\"alignnone size-medium wp-image-17694\" src=\"https:\/\/sindicom.hr\/wp-content\/uploads\/2020\/05\/aftermarket-300x300.png\" alt=\"\" width=\"300\" height=\"300\" srcset=\"https:\/\/sindicom.hr\/wp-content\/uploads\/2020\/05\/aftermarket-64x64.png 64w, https:\/\/sindicom.hr\/wp-content\/uploads\/2020\/05\/aftermarket-66x66.png 66w, https:\/\/sindicom.hr\/wp-content\/uploads\/2020\/05\/aftermarket-100x100.png 100w, https:\/\/sindicom.hr\/wp-content\/uploads\/2020\/05\/aftermarket-150x150.png 150w, https:\/\/sindicom.hr\/wp-content\/uploads\/2020\/05\/aftermarket-200x200.png 200w, https:\/\/sindicom.hr\/wp-content\/uploads\/2020\/05\/aftermarket.png 300w\" sizes=\"(max-width: 300px) 100vw, 300px\" \/><\/p>\n","protected":false},"featured_media":42139,"template":"","meta":{"inline_featured_image":false},"product_brand":[],"product_cat":[120,109,107],"product_tag":[],"class_list":{"0":"post-26002","1":"product","2":"type-product","3":"status-publish","4":"has-post-thumbnail","6":"product_cat-reparaturni-setovi","7":"product_cat-scania-teretna-vozila","8":"product_cat-teretna-vozila","10":"first","11":"instock","12":"shipping-taxable","13":"purchasable","14":"product-type-simple"},"yoast_head":"<!-- This site is optimized with the Yoast SEO plugin v26.2 - https:\/\/yoast.com\/wordpress\/plugins\/seo\/ -->\n<title>SET ISU\u0160IVA\u010cA ZRAKA APS APU JEDINICE S ODU\u0160KOM SCANIA R S EURO 6 WABCO KPL. ZAMJ. - Sindicom<\/title>\n<meta name=\"robots\" content=\"index, follow, max-snippet:-1, max-image-preview:large, max-video-preview:-1\" \/>\n<link rel=\"canonical\" href=\"https:\/\/sindicom.hr\/en\/katalog\/set-isusivaca-zraka-aps-apu-jedinice-scania-r-s-euro-6-wabco-zamj\/\" \/>\n<meta property=\"og:locale\" content=\"en_US\" \/>\n<meta property=\"og:type\" content=\"article\" \/>\n<meta property=\"og:title\" content=\"SET ISU\u0160IVA\u010cA ZRAKA APS APU JEDINICE S ODU\u0160KOM SCANIA R S EURO 6 WABCO KPL. ZAMJ. - Sindicom\" \/>\n<meta property=\"og:url\" content=\"https:\/\/sindicom.hr\/en\/katalog\/set-isusivaca-zraka-aps-apu-jedinice-scania-r-s-euro-6-wabco-zamj\/\" \/>\n<meta property=\"og:site_name\" content=\"Sindicom\" \/>\n<meta property=\"article:publisher\" content=\"https:\/\/www.facebook.com\/Sindicom-doo-170277286366043\/\" \/>\n<meta property=\"article:modified_time\" content=\"2025-10-27T12:09:58+00:00\" \/>\n<meta property=\"og:image\" content=\"https:\/\/sindicom.hr\/wp-content\/uploads\/2022\/09\/2203110-COJALI.webp\" \/>\n\t<meta property=\"og:image:width\" content=\"600\" \/>\n\t<meta property=\"og:image:height\" content=\"600\" \/>\n\t<meta property=\"og:image:type\" content=\"image\/webp\" \/>\n<meta name=\"twitter:card\" content=\"summary_large_image\" \/>\n<meta name=\"twitter:label1\" content=\"Est. reading time\" \/>\n\t<meta name=\"twitter:data1\" content=\"1 minute\" \/>\n<script type=\"application\/ld+json\" class=\"yoast-schema-graph\">{\"@context\":\"https:\/\/schema.org\",\"@graph\":[{\"@type\":\"WebPage\",\"@id\":\"https:\/\/sindicom.hr\/en\/katalog\/set-isusivaca-zraka-aps-apu-jedinice-scania-r-s-euro-6-wabco-zamj\/\",\"url\":\"https:\/\/sindicom.hr\/en\/katalog\/set-isusivaca-zraka-aps-apu-jedinice-scania-r-s-euro-6-wabco-zamj\/\",\"name\":\"SET ISU\u0160IVA\u010cA ZRAKA APS APU JEDINICE S ODU\u0160KOM SCANIA R S EURO 6 WABCO KPL. ZAMJ. - Sindicom\",\"isPartOf\":{\"@id\":\"https:\/\/sindicom.hr\/en\/#website\"},\"primaryImageOfPage\":{\"@id\":\"https:\/\/sindicom.hr\/en\/katalog\/set-isusivaca-zraka-aps-apu-jedinice-scania-r-s-euro-6-wabco-zamj\/#primaryimage\"},\"image\":{\"@id\":\"https:\/\/sindicom.hr\/en\/katalog\/set-isusivaca-zraka-aps-apu-jedinice-scania-r-s-euro-6-wabco-zamj\/#primaryimage\"},\"thumbnailUrl\":\"https:\/\/sindicom.hr\/wp-content\/uploads\/2022\/09\/2203110-COJALI.webp\",\"datePublished\":\"2022-09-13T17:14:17+00:00\",\"dateModified\":\"2025-10-27T12:09:58+00:00\",\"breadcrumb\":{\"@id\":\"https:\/\/sindicom.hr\/en\/katalog\/set-isusivaca-zraka-aps-apu-jedinice-scania-r-s-euro-6-wabco-zamj\/#breadcrumb\"},\"inLanguage\":\"en-US\",\"potentialAction\":[{\"@type\":\"ReadAction\",\"target\":[\"https:\/\/sindicom.hr\/en\/katalog\/set-isusivaca-zraka-aps-apu-jedinice-scania-r-s-euro-6-wabco-zamj\/\"]}]},{\"@type\":\"ImageObject\",\"inLanguage\":\"en-US\",\"@id\":\"https:\/\/sindicom.hr\/en\/katalog\/set-isusivaca-zraka-aps-apu-jedinice-scania-r-s-euro-6-wabco-zamj\/#primaryimage\",\"url\":\"https:\/\/sindicom.hr\/wp-content\/uploads\/2022\/09\/2203110-COJALI.webp\",\"contentUrl\":\"https:\/\/sindicom.hr\/wp-content\/uploads\/2022\/09\/2203110-COJALI.webp\",\"width\":600,\"height\":600},{\"@type\":\"BreadcrumbList\",\"@id\":\"https:\/\/sindicom.hr\/en\/katalog\/set-isusivaca-zraka-aps-apu-jedinice-scania-r-s-euro-6-wabco-zamj\/#breadcrumb\",\"itemListElement\":[{\"@type\":\"ListItem\",\"position\":1,\"name\":\"Po\u010detna stranica\",\"item\":\"https:\/\/sindicom.hr\/en\/\"},{\"@type\":\"ListItem\",\"position\":2,\"name\":\"Katalog dijelova\",\"item\":\"https:\/\/sindicom.hr\/en\/catalog\/\"},{\"@type\":\"ListItem\",\"position\":3,\"name\":\"SET ISU\u0160IVA\u010cA ZRAKA APS APU JEDINICE S ODU\u0160KOM SCANIA R S EURO 6 WABCO KPL. ZAMJ.\"}]},{\"@type\":\"WebSite\",\"@id\":\"https:\/\/sindicom.hr\/en\/#website\",\"url\":\"https:\/\/sindicom.hr\/en\/\",\"name\":\"SINDICOM\",\"description\":\"Trade and repair of pneumatic brakes, air and hydraulic systems for trucks and buses\",\"publisher\":{\"@id\":\"https:\/\/sindicom.hr\/en\/#organization\"},\"potentialAction\":[{\"@type\":\"SearchAction\",\"target\":{\"@type\":\"EntryPoint\",\"urlTemplate\":\"https:\/\/sindicom.hr\/en\/?s={search_term_string}\"},\"query-input\":{\"@type\":\"PropertyValueSpecification\",\"valueRequired\":true,\"valueName\":\"search_term_string\"}}],\"inLanguage\":\"en-US\"},{\"@type\":\"Organization\",\"@id\":\"https:\/\/sindicom.hr\/en\/#organization\",\"name\":\"SINDICOM d.o.o.\",\"url\":\"https:\/\/sindicom.hr\/en\/\",\"logo\":{\"@type\":\"ImageObject\",\"inLanguage\":\"en-US\",\"@id\":\"https:\/\/sindicom.hr\/en\/#\/schema\/logo\/image\/\",\"url\":\"https:\/\/sindicom.hr\/wp-content\/uploads\/2019\/11\/sindicom_logo_veliki1.jpg.png\",\"contentUrl\":\"https:\/\/sindicom.hr\/wp-content\/uploads\/2019\/11\/sindicom_logo_veliki1.jpg.png\",\"width\":732,\"height\":706,\"caption\":\"SINDICOM d.o.o.\"},\"image\":{\"@id\":\"https:\/\/sindicom.hr\/en\/#\/schema\/logo\/image\/\"},\"sameAs\":[\"https:\/\/www.facebook.com\/Sindicom-doo-170277286366043\/\",\"https:\/\/instagram.com\/sindicomdoo\"]}]}<\/script>\n<!-- \/ Yoast SEO plugin. -->","yoast_head_json":{"title":"SET ISU\u0160IVA\u010cA ZRAKA APS APU JEDINICE S ODU\u0160KOM SCANIA R S EURO 6 WABCO KPL. ZAMJ. - Sindicom","robots":{"index":"index","follow":"follow","max-snippet":"max-snippet:-1","max-image-preview":"max-image-preview:large","max-video-preview":"max-video-preview:-1"},"canonical":"https:\/\/sindicom.hr\/en\/katalog\/set-isusivaca-zraka-aps-apu-jedinice-scania-r-s-euro-6-wabco-zamj\/","og_locale":"en_US","og_type":"article","og_title":"SET ISU\u0160IVA\u010cA ZRAKA APS APU JEDINICE S ODU\u0160KOM SCANIA R S EURO 6 WABCO KPL. ZAMJ. - Sindicom","og_url":"https:\/\/sindicom.hr\/en\/katalog\/set-isusivaca-zraka-aps-apu-jedinice-scania-r-s-euro-6-wabco-zamj\/","og_site_name":"Sindicom","article_publisher":"https:\/\/www.facebook.com\/Sindicom-doo-170277286366043\/","article_modified_time":"2025-10-27T12:09:58+00:00","og_image":[{"width":600,"height":600,"url":"https:\/\/sindicom.hr\/wp-content\/uploads\/2022\/09\/2203110-COJALI.webp","type":"image\/webp"}],"twitter_card":"summary_large_image","twitter_misc":{"Est. reading time":"1 minute"},"schema":{"@context":"https:\/\/schema.org","@graph":[{"@type":"WebPage","@id":"https:\/\/sindicom.hr\/en\/katalog\/set-isusivaca-zraka-aps-apu-jedinice-scania-r-s-euro-6-wabco-zamj\/","url":"https:\/\/sindicom.hr\/en\/katalog\/set-isusivaca-zraka-aps-apu-jedinice-scania-r-s-euro-6-wabco-zamj\/","name":"SET ISU\u0160IVA\u010cA ZRAKA APS APU JEDINICE S ODU\u0160KOM SCANIA R S EURO 6 WABCO KPL. ZAMJ. - Sindicom","isPartOf":{"@id":"https:\/\/sindicom.hr\/en\/#website"},"primaryImageOfPage":{"@id":"https:\/\/sindicom.hr\/en\/katalog\/set-isusivaca-zraka-aps-apu-jedinice-scania-r-s-euro-6-wabco-zamj\/#primaryimage"},"image":{"@id":"https:\/\/sindicom.hr\/en\/katalog\/set-isusivaca-zraka-aps-apu-jedinice-scania-r-s-euro-6-wabco-zamj\/#primaryimage"},"thumbnailUrl":"https:\/\/sindicom.hr\/wp-content\/uploads\/2022\/09\/2203110-COJALI.webp","datePublished":"2022-09-13T17:14:17+00:00","dateModified":"2025-10-27T12:09:58+00:00","breadcrumb":{"@id":"https:\/\/sindicom.hr\/en\/katalog\/set-isusivaca-zraka-aps-apu-jedinice-scania-r-s-euro-6-wabco-zamj\/#breadcrumb"},"inLanguage":"en-US","potentialAction":[{"@type":"ReadAction","target":["https:\/\/sindicom.hr\/en\/katalog\/set-isusivaca-zraka-aps-apu-jedinice-scania-r-s-euro-6-wabco-zamj\/"]}]},{"@type":"ImageObject","inLanguage":"en-US","@id":"https:\/\/sindicom.hr\/en\/katalog\/set-isusivaca-zraka-aps-apu-jedinice-scania-r-s-euro-6-wabco-zamj\/#primaryimage","url":"https:\/\/sindicom.hr\/wp-content\/uploads\/2022\/09\/2203110-COJALI.webp","contentUrl":"https:\/\/sindicom.hr\/wp-content\/uploads\/2022\/09\/2203110-COJALI.webp","width":600,"height":600},{"@type":"BreadcrumbList","@id":"https:\/\/sindicom.hr\/en\/katalog\/set-isusivaca-zraka-aps-apu-jedinice-scania-r-s-euro-6-wabco-zamj\/#breadcrumb","itemListElement":[{"@type":"ListItem","position":1,"name":"Po\u010detna stranica","item":"https:\/\/sindicom.hr\/en\/"},{"@type":"ListItem","position":2,"name":"Katalog dijelova","item":"https:\/\/sindicom.hr\/en\/catalog\/"},{"@type":"ListItem","position":3,"name":"SET ISU\u0160IVA\u010cA ZRAKA APS APU JEDINICE S ODU\u0160KOM SCANIA R S EURO 6 WABCO KPL. ZAMJ."}]},{"@type":"WebSite","@id":"https:\/\/sindicom.hr\/en\/#website","url":"https:\/\/sindicom.hr\/en\/","name":"SINDICOM","description":"Trade and repair of pneumatic brakes, air and hydraulic systems for trucks and buses","publisher":{"@id":"https:\/\/sindicom.hr\/en\/#organization"},"potentialAction":[{"@type":"SearchAction","target":{"@type":"EntryPoint","urlTemplate":"https:\/\/sindicom.hr\/en\/?s={search_term_string}"},"query-input":{"@type":"PropertyValueSpecification","valueRequired":true,"valueName":"search_term_string"}}],"inLanguage":"en-US"},{"@type":"Organization","@id":"https:\/\/sindicom.hr\/en\/#organization","name":"SINDICOM d.o.o.","url":"https:\/\/sindicom.hr\/en\/","logo":{"@type":"ImageObject","inLanguage":"en-US","@id":"https:\/\/sindicom.hr\/en\/#\/schema\/logo\/image\/","url":"https:\/\/sindicom.hr\/wp-content\/uploads\/2019\/11\/sindicom_logo_veliki1.jpg.png","contentUrl":"https:\/\/sindicom.hr\/wp-content\/uploads\/2019\/11\/sindicom_logo_veliki1.jpg.png","width":732,"height":706,"caption":"SINDICOM d.o.o."},"image":{"@id":"https:\/\/sindicom.hr\/en\/#\/schema\/logo\/image\/"},"sameAs":["https:\/\/www.facebook.com\/Sindicom-doo-170277286366043\/","https:\/\/instagram.com\/sindicomdoo"]}]}},"_links":{"self":[{"href":"https:\/\/sindicom.hr\/en\/wp-json\/wp\/v2\/product\/26002","targetHints":{"allow":["GET"]}}],"collection":[{"href":"https:\/\/sindicom.hr\/en\/wp-json\/wp\/v2\/product"}],"about":[{"href":"https:\/\/sindicom.hr\/en\/wp-json\/wp\/v2\/types\/product"}],"wp:featuredmedia":[{"embeddable":true,"href":"https:\/\/sindicom.hr\/en\/wp-json\/wp\/v2\/media\/42139"}],"wp:attachment":[{"href":"https:\/\/sindicom.hr\/en\/wp-json\/wp\/v2\/media?parent=26002"}],"wp:term":[{"taxonomy":"product_brand","embeddable":true,"href":"https:\/\/sindicom.hr\/en\/wp-json\/wp\/v2\/product_brand?post=26002"},{"taxonomy":"product_cat","embeddable":true,"href":"https:\/\/sindicom.hr\/en\/wp-json\/wp\/v2\/product_cat?post=26002"},{"taxonomy":"product_tag","embeddable":true,"href":"https:\/\/sindicom.hr\/en\/wp-json\/wp\/v2\/product_tag?post=26002"}],"curies":[{"name":"wp","href":"https:\/\/api.w.org\/{rel}","templated":true}]}}