{"id":26053,"date":"2022-09-13T18:29:46","date_gmt":"2022-09-13T18:29:46","guid":{"rendered":"https:\/\/sindicom.hr\/?post_type=product&#038;p=26053"},"modified":"2026-04-09T07:12:50","modified_gmt":"2026-04-09T07:12:50","slug":"senzor-pritiska-goriva-na-common-rail-grani-man-bosch-org","status":"publish","type":"product","link":"https:\/\/sindicom.hr\/en\/katalog\/senzor-pritiska-goriva-na-common-rail-grani-man-bosch-org\/","title":{"rendered":"SENZOR PRITISKA GORIVA NA COMMON RAIL GRANI MAN BOSCH OE"},"content":{"rendered":"<p>0281002937 BOSCH<br \/>\n0281002534 BOSCH<br \/>\n0281002706 BOSCH<br \/>\n0281006053 BOSCH<br \/>\n0445214031 BOSCH<br \/>\n0445214045 BOSCH<br \/>\n0445214046 BOSCH<br \/>\n93185626 GMC<br \/>\nT410762 PERKINS<br \/>\nT4 10762 PERKINS<br \/>\n04297148 DEUTZ<br \/>\nV837069410 FENDT<br \/>\n504152959 FIAT<br \/>\n55195078 FIAT<br \/>\n5802186887 FIAT<br \/>\n1581708 FORD<br \/>\n504152959 IVECO<br \/>\n8099063 IVECO<br \/>\n5001867660 RVI<br \/>\n7420792328 RVI<br \/>\n51274210229 MAN<br \/>\n51274210230 MAN<br \/>\n51274210236 MAN<br \/>\n1576084E51 SUZUKI<br \/>\n15760-84E51 SUZUKI<br \/>\n3843100 VOLVO PENTA<br \/>\nF339202710260 FENDT<br \/>\nF 339202710260 FENDT<br \/>\nL4700-1111A02-A38 YUCHAI DIESEL<br \/>\n9116 MEAT&amp;DORIA<br \/>\n9382 MEAT&amp;DORIA<br \/>\n98090 MEAT&amp;DORIA<br \/>\n7.11225.31.0 PIERBURG<br \/>\n81.043 SIDAT<br \/>\n367094 VALEO<br \/>\n391230071 WE PARTS<br \/>\n392030006 WE PARTS<br \/>\n215810015400 MAGNETTI MARELLI<br \/>\nSensor<br \/>\nSenzor<br \/>\n\u00c9rz\u00e9kel\u0151<br \/>\nTrycksensor<br \/>\nDruksensor<br \/>\nDrucksensor<br \/>\nPressure sensor<br \/>\nPressure Switch<br \/>\nSensor De Presi\u00f3n<br \/>\nSensor de presion<br \/>\nCapteur de pression<br \/>\nSensore di pressione<br \/>\nPressure Sensor Fuel<br \/>\nBr\u00e4nslesensor<br \/>\nSensor De Presi\u00f3n De Combustible<\/p>\n","protected":false},"excerpt":{"rendered":"<p><img decoding=\"async\" class=\"alignnone size-medium wp-image-17699\" src=\"https:\/\/sindicom.hr\/wp-content\/uploads\/2020\/05\/bosch-300x300.png\" alt=\"\" width=\"300\" height=\"300\" srcset=\"https:\/\/sindicom.hr\/wp-content\/uploads\/2020\/05\/bosch-64x64.png 64w, https:\/\/sindicom.hr\/wp-content\/uploads\/2020\/05\/bosch-66x66.png 66w, https:\/\/sindicom.hr\/wp-content\/uploads\/2020\/05\/bosch-100x100.png 100w, https:\/\/sindicom.hr\/wp-content\/uploads\/2020\/05\/bosch-150x150.png 150w, https:\/\/sindicom.hr\/wp-content\/uploads\/2020\/05\/bosch-200x200.png 200w, https:\/\/sindicom.hr\/wp-content\/uploads\/2020\/05\/bosch.png 300w\" sizes=\"(max-width: 300px) 100vw, 300px\" \/><\/p>\n","protected":false},"featured_media":53481,"template":"","meta":{"inline_featured_image":false},"product_brand":[],"product_cat":[15,138,139,110,108,278,140,191,107,136,111],"product_tag":[],"class_list":{"0":"post-26053","1":"product","2":"type-product","3":"status-publish","4":"has-post-thumbnail","6":"product_cat-all-products","7":"product_cat-deutz","8":"product_cat-fendt","9":"product_cat-iveco-teretna-vozila","10":"product_cat-man-teretna-vozila","11":"product_cat-ostali-rezervni-dijelovi-other-spare-parts-andere-ersatzteile-altri-ricambi","12":"product_cat-radni-strojevi","13":"product_cat-senzori","14":"product_cat-teretna-vozila","15":"product_cat-traktori","16":"product_cat-volvo","18":"first","19":"instock","20":"shipping-taxable","21":"purchasable","22":"product-type-simple"},"yoast_head":"<!-- This site is optimized with the Yoast SEO plugin v26.2 - https:\/\/yoast.com\/wordpress\/plugins\/seo\/ -->\n<title>SENZOR PRITISKA GORIVA NA COMMON RAIL GRANI MAN BOSCH OE - Sindicom<\/title>\n<meta name=\"robots\" content=\"index, follow, max-snippet:-1, max-image-preview:large, max-video-preview:-1\" \/>\n<link rel=\"canonical\" href=\"https:\/\/sindicom.hr\/en\/katalog\/senzor-pritiska-goriva-na-common-rail-grani-man-bosch-org\/\" \/>\n<meta property=\"og:locale\" content=\"en_US\" \/>\n<meta property=\"og:type\" content=\"article\" \/>\n<meta property=\"og:title\" content=\"SENZOR PRITISKA GORIVA NA COMMON RAIL GRANI MAN BOSCH OE - Sindicom\" \/>\n<meta property=\"og:url\" content=\"https:\/\/sindicom.hr\/en\/katalog\/senzor-pritiska-goriva-na-common-rail-grani-man-bosch-org\/\" \/>\n<meta property=\"og:site_name\" content=\"Sindicom\" \/>\n<meta property=\"article:publisher\" content=\"https:\/\/www.facebook.com\/Sindicom-doo-170277286366043\/\" \/>\n<meta property=\"article:modified_time\" content=\"2026-04-09T07:12:50+00:00\" \/>\n<meta property=\"og:image\" content=\"https:\/\/sindicom.hr\/wp-content\/uploads\/2022\/09\/0281002937-BOSCH.webp\" \/>\n\t<meta property=\"og:image:width\" content=\"1600\" \/>\n\t<meta property=\"og:image:height\" content=\"900\" \/>\n\t<meta property=\"og:image:type\" content=\"image\/webp\" \/>\n<meta name=\"twitter:card\" content=\"summary_large_image\" \/>\n<meta name=\"twitter:label1\" content=\"Est. reading time\" \/>\n\t<meta name=\"twitter:data1\" content=\"1 minute\" \/>\n<script type=\"application\/ld+json\" class=\"yoast-schema-graph\">{\"@context\":\"https:\/\/schema.org\",\"@graph\":[{\"@type\":\"WebPage\",\"@id\":\"https:\/\/sindicom.hr\/en\/katalog\/senzor-pritiska-goriva-na-common-rail-grani-man-bosch-org\/\",\"url\":\"https:\/\/sindicom.hr\/en\/katalog\/senzor-pritiska-goriva-na-common-rail-grani-man-bosch-org\/\",\"name\":\"SENZOR PRITISKA GORIVA NA COMMON RAIL GRANI MAN BOSCH OE - Sindicom\",\"isPartOf\":{\"@id\":\"https:\/\/sindicom.hr\/en\/#website\"},\"primaryImageOfPage\":{\"@id\":\"https:\/\/sindicom.hr\/en\/katalog\/senzor-pritiska-goriva-na-common-rail-grani-man-bosch-org\/#primaryimage\"},\"image\":{\"@id\":\"https:\/\/sindicom.hr\/en\/katalog\/senzor-pritiska-goriva-na-common-rail-grani-man-bosch-org\/#primaryimage\"},\"thumbnailUrl\":\"https:\/\/sindicom.hr\/wp-content\/uploads\/2022\/09\/0281002937-BOSCH.webp\",\"datePublished\":\"2022-09-13T18:29:46+00:00\",\"dateModified\":\"2026-04-09T07:12:50+00:00\",\"breadcrumb\":{\"@id\":\"https:\/\/sindicom.hr\/en\/katalog\/senzor-pritiska-goriva-na-common-rail-grani-man-bosch-org\/#breadcrumb\"},\"inLanguage\":\"en-US\",\"potentialAction\":[{\"@type\":\"ReadAction\",\"target\":[\"https:\/\/sindicom.hr\/en\/katalog\/senzor-pritiska-goriva-na-common-rail-grani-man-bosch-org\/\"]}]},{\"@type\":\"ImageObject\",\"inLanguage\":\"en-US\",\"@id\":\"https:\/\/sindicom.hr\/en\/katalog\/senzor-pritiska-goriva-na-common-rail-grani-man-bosch-org\/#primaryimage\",\"url\":\"https:\/\/sindicom.hr\/wp-content\/uploads\/2022\/09\/0281002937-BOSCH.webp\",\"contentUrl\":\"https:\/\/sindicom.hr\/wp-content\/uploads\/2022\/09\/0281002937-BOSCH.webp\",\"width\":1600,\"height\":900},{\"@type\":\"BreadcrumbList\",\"@id\":\"https:\/\/sindicom.hr\/en\/katalog\/senzor-pritiska-goriva-na-common-rail-grani-man-bosch-org\/#breadcrumb\",\"itemListElement\":[{\"@type\":\"ListItem\",\"position\":1,\"name\":\"Po\u010detna stranica\",\"item\":\"https:\/\/sindicom.hr\/en\/\"},{\"@type\":\"ListItem\",\"position\":2,\"name\":\"Katalog dijelova\",\"item\":\"https:\/\/sindicom.hr\/en\/catalog\/\"},{\"@type\":\"ListItem\",\"position\":3,\"name\":\"SENZOR PRITISKA GORIVA NA COMMON RAIL GRANI MAN BOSCH OE\"}]},{\"@type\":\"WebSite\",\"@id\":\"https:\/\/sindicom.hr\/en\/#website\",\"url\":\"https:\/\/sindicom.hr\/en\/\",\"name\":\"SINDICOM\",\"description\":\"Trade and repair of pneumatic brakes, air and hydraulic systems for trucks and buses\",\"publisher\":{\"@id\":\"https:\/\/sindicom.hr\/en\/#organization\"},\"potentialAction\":[{\"@type\":\"SearchAction\",\"target\":{\"@type\":\"EntryPoint\",\"urlTemplate\":\"https:\/\/sindicom.hr\/en\/?s={search_term_string}\"},\"query-input\":{\"@type\":\"PropertyValueSpecification\",\"valueRequired\":true,\"valueName\":\"search_term_string\"}}],\"inLanguage\":\"en-US\"},{\"@type\":\"Organization\",\"@id\":\"https:\/\/sindicom.hr\/en\/#organization\",\"name\":\"SINDICOM d.o.o.\",\"url\":\"https:\/\/sindicom.hr\/en\/\",\"logo\":{\"@type\":\"ImageObject\",\"inLanguage\":\"en-US\",\"@id\":\"https:\/\/sindicom.hr\/en\/#\/schema\/logo\/image\/\",\"url\":\"https:\/\/sindicom.hr\/wp-content\/uploads\/2019\/11\/sindicom_logo_veliki1.jpg.png\",\"contentUrl\":\"https:\/\/sindicom.hr\/wp-content\/uploads\/2019\/11\/sindicom_logo_veliki1.jpg.png\",\"width\":732,\"height\":706,\"caption\":\"SINDICOM d.o.o.\"},\"image\":{\"@id\":\"https:\/\/sindicom.hr\/en\/#\/schema\/logo\/image\/\"},\"sameAs\":[\"https:\/\/www.facebook.com\/Sindicom-doo-170277286366043\/\",\"https:\/\/instagram.com\/sindicomdoo\"]}]}<\/script>\n<!-- \/ Yoast SEO plugin. -->","yoast_head_json":{"title":"SENZOR PRITISKA GORIVA NA COMMON RAIL GRANI MAN BOSCH OE - Sindicom","robots":{"index":"index","follow":"follow","max-snippet":"max-snippet:-1","max-image-preview":"max-image-preview:large","max-video-preview":"max-video-preview:-1"},"canonical":"https:\/\/sindicom.hr\/en\/katalog\/senzor-pritiska-goriva-na-common-rail-grani-man-bosch-org\/","og_locale":"en_US","og_type":"article","og_title":"SENZOR PRITISKA GORIVA NA COMMON RAIL GRANI MAN BOSCH OE - Sindicom","og_url":"https:\/\/sindicom.hr\/en\/katalog\/senzor-pritiska-goriva-na-common-rail-grani-man-bosch-org\/","og_site_name":"Sindicom","article_publisher":"https:\/\/www.facebook.com\/Sindicom-doo-170277286366043\/","article_modified_time":"2026-04-09T07:12:50+00:00","og_image":[{"width":1600,"height":900,"url":"https:\/\/sindicom.hr\/wp-content\/uploads\/2022\/09\/0281002937-BOSCH.webp","type":"image\/webp"}],"twitter_card":"summary_large_image","twitter_misc":{"Est. reading time":"1 minute"},"schema":{"@context":"https:\/\/schema.org","@graph":[{"@type":"WebPage","@id":"https:\/\/sindicom.hr\/en\/katalog\/senzor-pritiska-goriva-na-common-rail-grani-man-bosch-org\/","url":"https:\/\/sindicom.hr\/en\/katalog\/senzor-pritiska-goriva-na-common-rail-grani-man-bosch-org\/","name":"SENZOR PRITISKA GORIVA NA COMMON RAIL GRANI MAN BOSCH OE - Sindicom","isPartOf":{"@id":"https:\/\/sindicom.hr\/en\/#website"},"primaryImageOfPage":{"@id":"https:\/\/sindicom.hr\/en\/katalog\/senzor-pritiska-goriva-na-common-rail-grani-man-bosch-org\/#primaryimage"},"image":{"@id":"https:\/\/sindicom.hr\/en\/katalog\/senzor-pritiska-goriva-na-common-rail-grani-man-bosch-org\/#primaryimage"},"thumbnailUrl":"https:\/\/sindicom.hr\/wp-content\/uploads\/2022\/09\/0281002937-BOSCH.webp","datePublished":"2022-09-13T18:29:46+00:00","dateModified":"2026-04-09T07:12:50+00:00","breadcrumb":{"@id":"https:\/\/sindicom.hr\/en\/katalog\/senzor-pritiska-goriva-na-common-rail-grani-man-bosch-org\/#breadcrumb"},"inLanguage":"en-US","potentialAction":[{"@type":"ReadAction","target":["https:\/\/sindicom.hr\/en\/katalog\/senzor-pritiska-goriva-na-common-rail-grani-man-bosch-org\/"]}]},{"@type":"ImageObject","inLanguage":"en-US","@id":"https:\/\/sindicom.hr\/en\/katalog\/senzor-pritiska-goriva-na-common-rail-grani-man-bosch-org\/#primaryimage","url":"https:\/\/sindicom.hr\/wp-content\/uploads\/2022\/09\/0281002937-BOSCH.webp","contentUrl":"https:\/\/sindicom.hr\/wp-content\/uploads\/2022\/09\/0281002937-BOSCH.webp","width":1600,"height":900},{"@type":"BreadcrumbList","@id":"https:\/\/sindicom.hr\/en\/katalog\/senzor-pritiska-goriva-na-common-rail-grani-man-bosch-org\/#breadcrumb","itemListElement":[{"@type":"ListItem","position":1,"name":"Po\u010detna stranica","item":"https:\/\/sindicom.hr\/en\/"},{"@type":"ListItem","position":2,"name":"Katalog dijelova","item":"https:\/\/sindicom.hr\/en\/catalog\/"},{"@type":"ListItem","position":3,"name":"SENZOR PRITISKA GORIVA NA COMMON RAIL GRANI MAN BOSCH OE"}]},{"@type":"WebSite","@id":"https:\/\/sindicom.hr\/en\/#website","url":"https:\/\/sindicom.hr\/en\/","name":"SINDICOM","description":"Trade and repair of pneumatic brakes, air and hydraulic systems for trucks and buses","publisher":{"@id":"https:\/\/sindicom.hr\/en\/#organization"},"potentialAction":[{"@type":"SearchAction","target":{"@type":"EntryPoint","urlTemplate":"https:\/\/sindicom.hr\/en\/?s={search_term_string}"},"query-input":{"@type":"PropertyValueSpecification","valueRequired":true,"valueName":"search_term_string"}}],"inLanguage":"en-US"},{"@type":"Organization","@id":"https:\/\/sindicom.hr\/en\/#organization","name":"SINDICOM d.o.o.","url":"https:\/\/sindicom.hr\/en\/","logo":{"@type":"ImageObject","inLanguage":"en-US","@id":"https:\/\/sindicom.hr\/en\/#\/schema\/logo\/image\/","url":"https:\/\/sindicom.hr\/wp-content\/uploads\/2019\/11\/sindicom_logo_veliki1.jpg.png","contentUrl":"https:\/\/sindicom.hr\/wp-content\/uploads\/2019\/11\/sindicom_logo_veliki1.jpg.png","width":732,"height":706,"caption":"SINDICOM d.o.o."},"image":{"@id":"https:\/\/sindicom.hr\/en\/#\/schema\/logo\/image\/"},"sameAs":["https:\/\/www.facebook.com\/Sindicom-doo-170277286366043\/","https:\/\/instagram.com\/sindicomdoo"]}]}},"_links":{"self":[{"href":"https:\/\/sindicom.hr\/en\/wp-json\/wp\/v2\/product\/26053","targetHints":{"allow":["GET"]}}],"collection":[{"href":"https:\/\/sindicom.hr\/en\/wp-json\/wp\/v2\/product"}],"about":[{"href":"https:\/\/sindicom.hr\/en\/wp-json\/wp\/v2\/types\/product"}],"wp:featuredmedia":[{"embeddable":true,"href":"https:\/\/sindicom.hr\/en\/wp-json\/wp\/v2\/media\/53481"}],"wp:attachment":[{"href":"https:\/\/sindicom.hr\/en\/wp-json\/wp\/v2\/media?parent=26053"}],"wp:term":[{"taxonomy":"product_brand","embeddable":true,"href":"https:\/\/sindicom.hr\/en\/wp-json\/wp\/v2\/product_brand?post=26053"},{"taxonomy":"product_cat","embeddable":true,"href":"https:\/\/sindicom.hr\/en\/wp-json\/wp\/v2\/product_cat?post=26053"},{"taxonomy":"product_tag","embeddable":true,"href":"https:\/\/sindicom.hr\/en\/wp-json\/wp\/v2\/product_tag?post=26053"}],"curies":[{"name":"wp","href":"https:\/\/api.w.org\/{rel}","templated":true}]}}