{"id":26266,"date":"2022-10-31T13:15:31","date_gmt":"2022-10-31T13:15:31","guid":{"rendered":"https:\/\/sindicom.hr\/?post_type=product&#038;p=26266"},"modified":"2025-10-27T12:10:28","modified_gmt":"2025-10-27T12:10:28","slug":"ventil-tipka-sjedala-za-brzo-spustanje-man-isringhausen-zamj","status":"publish","type":"product","link":"https:\/\/sindicom.hr\/en\/katalog\/ventil-tipka-sjedala-za-brzo-spustanje-man-isringhausen-zamj\/","title":{"rendered":"VENTIL TIPKA ZA BRZO SPU\u0160TANJE SJEDALA MAN ISRINGHAUSEN ZAMJ."},"content":{"rendered":"<p>RM-05235L ROLLING  914514-05 ISRI  914514-05 ISRINGHAUSEN  9145140500 ISRI  9145140500 ISRINGHAUSEN  914514-06 ISRI  914514-06 ISRINGHAUSEN  9369145145 ISRI  9369145145 ISRINGHAUSEN  914514-05\/00 ISRI  914514-05\/00 ISRINGHAUSEN  914514 ISRI  58100079900 MAN  58.10007-9900 MAN  81623406063 MAN  81.62340.6063 MAN  81.62340-6063 MAN  81623406064 MAN  81.62340.6064 MAN  81.62340-6064 MAN  3.98300 DT  33954 FEBI  81406063 CZM  OR-38M0021 CONVITEX  MAN driver&#8217;s seat ISRI F90\/2000 raising-lowering button (STOP)  MAN Fahrersitz ISRI F90\/2000 Hebe-Senk-Taste (STOP)  ISRI ISRINGHAUSEN Sitzverstellventil  ISRI ISRINGHAUSEN seat adjustment valve  ISRI ISRINGHAUSEN \u00fcl\u00e9s\u00e1ll\u00edt\u00f3 szelep  ISRI ISRINGHAUSEN zittingverstelklep  V\u00e1lvula de ajuste del asiento ISRINGHAUSEN  Soupape de r\u00e9glage de siege ISRI ISRINGHAUSEN  Valvola di regolazione del sedile ISRI ISRINGHAUSEN  SJEDALO. SJEDALA. SJEDI\u0160TE. SJEDI\u0160TA. SJEDELA. SJEDELO. SEAT. SEATS. SITTING. SIT. SEDE\u017d<\/p>\n","protected":false},"excerpt":{"rendered":"<p><img decoding=\"async\" class=\"alignnone size-medium wp-image-17694\" src=\"https:\/\/sindicom.hr\/wp-content\/uploads\/2020\/05\/aftermarket-300x300.png\" alt=\"\" width=\"300\" height=\"300\" srcset=\"https:\/\/sindicom.hr\/wp-content\/uploads\/2020\/05\/aftermarket-64x64.png 64w, https:\/\/sindicom.hr\/wp-content\/uploads\/2020\/05\/aftermarket-66x66.png 66w, https:\/\/sindicom.hr\/wp-content\/uploads\/2020\/05\/aftermarket-100x100.png 100w, https:\/\/sindicom.hr\/wp-content\/uploads\/2020\/05\/aftermarket-150x150.png 150w, https:\/\/sindicom.hr\/wp-content\/uploads\/2020\/05\/aftermarket-200x200.png 200w, https:\/\/sindicom.hr\/wp-content\/uploads\/2020\/05\/aftermarket.png 300w\" sizes=\"(max-width: 300px) 100vw, 300px\" \/><\/p>\n","protected":false},"featured_media":43704,"template":"","meta":{"inline_featured_image":false},"product_brand":[],"product_cat":[15,255,108,107,190],"product_tag":[],"class_list":{"0":"post-26266","1":"product","2":"type-product","3":"status-publish","4":"has-post-thumbnail","6":"product_cat-all-products","7":"product_cat-isri-rezervni-dijelovi-isrinhausen-spare-parts","8":"product_cat-man-teretna-vozila","9":"product_cat-teretna-vozila","10":"product_cat-ventili-sjedala","12":"first","13":"instock","14":"shipping-taxable","15":"purchasable","16":"product-type-simple"},"yoast_head":"<!-- This site is optimized with the Yoast SEO plugin v26.2 - https:\/\/yoast.com\/wordpress\/plugins\/seo\/ -->\n<title>VENTIL TIPKA ZA BRZO SPU\u0160TANJE SJEDALA MAN ISRINGHAUSEN ZAMJ. - Sindicom<\/title>\n<meta name=\"robots\" content=\"index, follow, max-snippet:-1, max-image-preview:large, max-video-preview:-1\" \/>\n<link rel=\"canonical\" href=\"https:\/\/sindicom.hr\/en\/katalog\/ventil-tipka-sjedala-za-brzo-spustanje-man-isringhausen-zamj\/\" \/>\n<meta property=\"og:locale\" content=\"en_US\" \/>\n<meta property=\"og:type\" content=\"article\" \/>\n<meta property=\"og:title\" content=\"VENTIL TIPKA ZA BRZO SPU\u0160TANJE SJEDALA MAN ISRINGHAUSEN ZAMJ. - Sindicom\" \/>\n<meta property=\"og:url\" content=\"https:\/\/sindicom.hr\/en\/katalog\/ventil-tipka-sjedala-za-brzo-spustanje-man-isringhausen-zamj\/\" \/>\n<meta property=\"og:site_name\" content=\"Sindicom\" \/>\n<meta property=\"article:publisher\" content=\"https:\/\/www.facebook.com\/Sindicom-doo-170277286366043\/\" \/>\n<meta property=\"article:modified_time\" content=\"2025-10-27T12:10:28+00:00\" \/>\n<meta property=\"og:image\" content=\"https:\/\/sindicom.hr\/wp-content\/uploads\/2022\/10\/RM-05235L-ROLLING.webp\" \/>\n\t<meta property=\"og:image:width\" content=\"600\" \/>\n\t<meta property=\"og:image:height\" content=\"600\" \/>\n\t<meta property=\"og:image:type\" content=\"image\/webp\" \/>\n<meta name=\"twitter:card\" content=\"summary_large_image\" \/>\n<meta name=\"twitter:label1\" content=\"Est. reading time\" \/>\n\t<meta name=\"twitter:data1\" content=\"1 minute\" \/>\n<script type=\"application\/ld+json\" class=\"yoast-schema-graph\">{\"@context\":\"https:\/\/schema.org\",\"@graph\":[{\"@type\":\"WebPage\",\"@id\":\"https:\/\/sindicom.hr\/en\/katalog\/ventil-tipka-sjedala-za-brzo-spustanje-man-isringhausen-zamj\/\",\"url\":\"https:\/\/sindicom.hr\/en\/katalog\/ventil-tipka-sjedala-za-brzo-spustanje-man-isringhausen-zamj\/\",\"name\":\"VENTIL TIPKA ZA BRZO SPU\u0160TANJE SJEDALA MAN ISRINGHAUSEN ZAMJ. - Sindicom\",\"isPartOf\":{\"@id\":\"https:\/\/sindicom.hr\/en\/#website\"},\"primaryImageOfPage\":{\"@id\":\"https:\/\/sindicom.hr\/en\/katalog\/ventil-tipka-sjedala-za-brzo-spustanje-man-isringhausen-zamj\/#primaryimage\"},\"image\":{\"@id\":\"https:\/\/sindicom.hr\/en\/katalog\/ventil-tipka-sjedala-za-brzo-spustanje-man-isringhausen-zamj\/#primaryimage\"},\"thumbnailUrl\":\"https:\/\/sindicom.hr\/wp-content\/uploads\/2022\/10\/RM-05235L-ROLLING.webp\",\"datePublished\":\"2022-10-31T13:15:31+00:00\",\"dateModified\":\"2025-10-27T12:10:28+00:00\",\"breadcrumb\":{\"@id\":\"https:\/\/sindicom.hr\/en\/katalog\/ventil-tipka-sjedala-za-brzo-spustanje-man-isringhausen-zamj\/#breadcrumb\"},\"inLanguage\":\"en-US\",\"potentialAction\":[{\"@type\":\"ReadAction\",\"target\":[\"https:\/\/sindicom.hr\/en\/katalog\/ventil-tipka-sjedala-za-brzo-spustanje-man-isringhausen-zamj\/\"]}]},{\"@type\":\"ImageObject\",\"inLanguage\":\"en-US\",\"@id\":\"https:\/\/sindicom.hr\/en\/katalog\/ventil-tipka-sjedala-za-brzo-spustanje-man-isringhausen-zamj\/#primaryimage\",\"url\":\"https:\/\/sindicom.hr\/wp-content\/uploads\/2022\/10\/RM-05235L-ROLLING.webp\",\"contentUrl\":\"https:\/\/sindicom.hr\/wp-content\/uploads\/2022\/10\/RM-05235L-ROLLING.webp\",\"width\":600,\"height\":600},{\"@type\":\"BreadcrumbList\",\"@id\":\"https:\/\/sindicom.hr\/en\/katalog\/ventil-tipka-sjedala-za-brzo-spustanje-man-isringhausen-zamj\/#breadcrumb\",\"itemListElement\":[{\"@type\":\"ListItem\",\"position\":1,\"name\":\"Po\u010detna stranica\",\"item\":\"https:\/\/sindicom.hr\/en\/\"},{\"@type\":\"ListItem\",\"position\":2,\"name\":\"Katalog dijelova\",\"item\":\"https:\/\/sindicom.hr\/en\/catalog\/\"},{\"@type\":\"ListItem\",\"position\":3,\"name\":\"VENTIL TIPKA ZA BRZO SPU\u0160TANJE SJEDALA MAN ISRINGHAUSEN ZAMJ.\"}]},{\"@type\":\"WebSite\",\"@id\":\"https:\/\/sindicom.hr\/en\/#website\",\"url\":\"https:\/\/sindicom.hr\/en\/\",\"name\":\"SINDICOM\",\"description\":\"Trade and repair of pneumatic brakes, air and hydraulic systems for trucks and buses\",\"publisher\":{\"@id\":\"https:\/\/sindicom.hr\/en\/#organization\"},\"potentialAction\":[{\"@type\":\"SearchAction\",\"target\":{\"@type\":\"EntryPoint\",\"urlTemplate\":\"https:\/\/sindicom.hr\/en\/?s={search_term_string}\"},\"query-input\":{\"@type\":\"PropertyValueSpecification\",\"valueRequired\":true,\"valueName\":\"search_term_string\"}}],\"inLanguage\":\"en-US\"},{\"@type\":\"Organization\",\"@id\":\"https:\/\/sindicom.hr\/en\/#organization\",\"name\":\"SINDICOM d.o.o.\",\"url\":\"https:\/\/sindicom.hr\/en\/\",\"logo\":{\"@type\":\"ImageObject\",\"inLanguage\":\"en-US\",\"@id\":\"https:\/\/sindicom.hr\/en\/#\/schema\/logo\/image\/\",\"url\":\"https:\/\/sindicom.hr\/wp-content\/uploads\/2019\/11\/sindicom_logo_veliki1.jpg.png\",\"contentUrl\":\"https:\/\/sindicom.hr\/wp-content\/uploads\/2019\/11\/sindicom_logo_veliki1.jpg.png\",\"width\":732,\"height\":706,\"caption\":\"SINDICOM d.o.o.\"},\"image\":{\"@id\":\"https:\/\/sindicom.hr\/en\/#\/schema\/logo\/image\/\"},\"sameAs\":[\"https:\/\/www.facebook.com\/Sindicom-doo-170277286366043\/\",\"https:\/\/instagram.com\/sindicomdoo\"]}]}<\/script>\n<!-- \/ Yoast SEO plugin. -->","yoast_head_json":{"title":"VENTIL TIPKA ZA BRZO SPU\u0160TANJE SJEDALA MAN ISRINGHAUSEN ZAMJ. - Sindicom","robots":{"index":"index","follow":"follow","max-snippet":"max-snippet:-1","max-image-preview":"max-image-preview:large","max-video-preview":"max-video-preview:-1"},"canonical":"https:\/\/sindicom.hr\/en\/katalog\/ventil-tipka-sjedala-za-brzo-spustanje-man-isringhausen-zamj\/","og_locale":"en_US","og_type":"article","og_title":"VENTIL TIPKA ZA BRZO SPU\u0160TANJE SJEDALA MAN ISRINGHAUSEN ZAMJ. - Sindicom","og_url":"https:\/\/sindicom.hr\/en\/katalog\/ventil-tipka-sjedala-za-brzo-spustanje-man-isringhausen-zamj\/","og_site_name":"Sindicom","article_publisher":"https:\/\/www.facebook.com\/Sindicom-doo-170277286366043\/","article_modified_time":"2025-10-27T12:10:28+00:00","og_image":[{"width":600,"height":600,"url":"https:\/\/sindicom.hr\/wp-content\/uploads\/2022\/10\/RM-05235L-ROLLING.webp","type":"image\/webp"}],"twitter_card":"summary_large_image","twitter_misc":{"Est. reading time":"1 minute"},"schema":{"@context":"https:\/\/schema.org","@graph":[{"@type":"WebPage","@id":"https:\/\/sindicom.hr\/en\/katalog\/ventil-tipka-sjedala-za-brzo-spustanje-man-isringhausen-zamj\/","url":"https:\/\/sindicom.hr\/en\/katalog\/ventil-tipka-sjedala-za-brzo-spustanje-man-isringhausen-zamj\/","name":"VENTIL TIPKA ZA BRZO SPU\u0160TANJE SJEDALA MAN ISRINGHAUSEN ZAMJ. - Sindicom","isPartOf":{"@id":"https:\/\/sindicom.hr\/en\/#website"},"primaryImageOfPage":{"@id":"https:\/\/sindicom.hr\/en\/katalog\/ventil-tipka-sjedala-za-brzo-spustanje-man-isringhausen-zamj\/#primaryimage"},"image":{"@id":"https:\/\/sindicom.hr\/en\/katalog\/ventil-tipka-sjedala-za-brzo-spustanje-man-isringhausen-zamj\/#primaryimage"},"thumbnailUrl":"https:\/\/sindicom.hr\/wp-content\/uploads\/2022\/10\/RM-05235L-ROLLING.webp","datePublished":"2022-10-31T13:15:31+00:00","dateModified":"2025-10-27T12:10:28+00:00","breadcrumb":{"@id":"https:\/\/sindicom.hr\/en\/katalog\/ventil-tipka-sjedala-za-brzo-spustanje-man-isringhausen-zamj\/#breadcrumb"},"inLanguage":"en-US","potentialAction":[{"@type":"ReadAction","target":["https:\/\/sindicom.hr\/en\/katalog\/ventil-tipka-sjedala-za-brzo-spustanje-man-isringhausen-zamj\/"]}]},{"@type":"ImageObject","inLanguage":"en-US","@id":"https:\/\/sindicom.hr\/en\/katalog\/ventil-tipka-sjedala-za-brzo-spustanje-man-isringhausen-zamj\/#primaryimage","url":"https:\/\/sindicom.hr\/wp-content\/uploads\/2022\/10\/RM-05235L-ROLLING.webp","contentUrl":"https:\/\/sindicom.hr\/wp-content\/uploads\/2022\/10\/RM-05235L-ROLLING.webp","width":600,"height":600},{"@type":"BreadcrumbList","@id":"https:\/\/sindicom.hr\/en\/katalog\/ventil-tipka-sjedala-za-brzo-spustanje-man-isringhausen-zamj\/#breadcrumb","itemListElement":[{"@type":"ListItem","position":1,"name":"Po\u010detna stranica","item":"https:\/\/sindicom.hr\/en\/"},{"@type":"ListItem","position":2,"name":"Katalog dijelova","item":"https:\/\/sindicom.hr\/en\/catalog\/"},{"@type":"ListItem","position":3,"name":"VENTIL TIPKA ZA BRZO SPU\u0160TANJE SJEDALA MAN ISRINGHAUSEN ZAMJ."}]},{"@type":"WebSite","@id":"https:\/\/sindicom.hr\/en\/#website","url":"https:\/\/sindicom.hr\/en\/","name":"SINDICOM","description":"Trade and repair of pneumatic brakes, air and hydraulic systems for trucks and buses","publisher":{"@id":"https:\/\/sindicom.hr\/en\/#organization"},"potentialAction":[{"@type":"SearchAction","target":{"@type":"EntryPoint","urlTemplate":"https:\/\/sindicom.hr\/en\/?s={search_term_string}"},"query-input":{"@type":"PropertyValueSpecification","valueRequired":true,"valueName":"search_term_string"}}],"inLanguage":"en-US"},{"@type":"Organization","@id":"https:\/\/sindicom.hr\/en\/#organization","name":"SINDICOM d.o.o.","url":"https:\/\/sindicom.hr\/en\/","logo":{"@type":"ImageObject","inLanguage":"en-US","@id":"https:\/\/sindicom.hr\/en\/#\/schema\/logo\/image\/","url":"https:\/\/sindicom.hr\/wp-content\/uploads\/2019\/11\/sindicom_logo_veliki1.jpg.png","contentUrl":"https:\/\/sindicom.hr\/wp-content\/uploads\/2019\/11\/sindicom_logo_veliki1.jpg.png","width":732,"height":706,"caption":"SINDICOM d.o.o."},"image":{"@id":"https:\/\/sindicom.hr\/en\/#\/schema\/logo\/image\/"},"sameAs":["https:\/\/www.facebook.com\/Sindicom-doo-170277286366043\/","https:\/\/instagram.com\/sindicomdoo"]}]}},"_links":{"self":[{"href":"https:\/\/sindicom.hr\/en\/wp-json\/wp\/v2\/product\/26266","targetHints":{"allow":["GET"]}}],"collection":[{"href":"https:\/\/sindicom.hr\/en\/wp-json\/wp\/v2\/product"}],"about":[{"href":"https:\/\/sindicom.hr\/en\/wp-json\/wp\/v2\/types\/product"}],"wp:featuredmedia":[{"embeddable":true,"href":"https:\/\/sindicom.hr\/en\/wp-json\/wp\/v2\/media\/43704"}],"wp:attachment":[{"href":"https:\/\/sindicom.hr\/en\/wp-json\/wp\/v2\/media?parent=26266"}],"wp:term":[{"taxonomy":"product_brand","embeddable":true,"href":"https:\/\/sindicom.hr\/en\/wp-json\/wp\/v2\/product_brand?post=26266"},{"taxonomy":"product_cat","embeddable":true,"href":"https:\/\/sindicom.hr\/en\/wp-json\/wp\/v2\/product_cat?post=26266"},{"taxonomy":"product_tag","embeddable":true,"href":"https:\/\/sindicom.hr\/en\/wp-json\/wp\/v2\/product_tag?post=26266"}],"curies":[{"name":"wp","href":"https:\/\/api.w.org\/{rel}","templated":true}]}}