{"id":26668,"date":"2023-03-01T14:55:51","date_gmt":"2023-03-01T14:55:51","guid":{"rendered":"https:\/\/sindicom.hr\/?post_type=product&#038;p=26668"},"modified":"2025-10-27T11:56:56","modified_gmt":"2025-10-27T11:56:56","slug":"set-za-popravak-sjedala-isri-man-daf-iveco-isringhausen-org","status":"publish","type":"product","link":"https:\/\/sindicom.hr\/en\/katalog\/set-za-popravak-sjedala-isri-man-daf-iveco-isringhausen-org\/","title":{"rendered":"SET ZA POPRAVAK SJEDALA ISRI 6800 MAN F90\/2000 DAF IVECO ISRINGHAUSEN OE"},"content":{"rendered":"<p>911147-02 ISRI  91114702 ISRI  911147-02\/00E ISRI  911147-0200E ISRI  9111470200E ISRI  91114702 ISRINGHAUSEN  911147-02 ISRINGHAUSEN  1331733 DAF  42471239 IVECO  81981816184 MAN  81.98181.6184 MAN  81.98181-6184 MAN  81 98181 6184 MAN  81981816005 MAN  81.98181-6005 MAN  81981816006 MAN  81.98181-6006 MAN  81981816037 MAN  81.98181-6037 MAN  58100063800 WINKLER  FI 4 mm x 1 mm polyuretabe tube  Seat repair kit. air tube (ISRI. cable\/hose\/pipe)  Seat repair kit ISRINGHAUSEN  Seat height regulation valve repair kit  Reparatursatz f\u00fcr Sitzh\u00f6henregulierventile  Kit de r\u00e9paration de soupape de r\u00e9gulation de hauteur de siege  Kit di riparazione della valvola di regolazione dell&#8217;altezza del sedile  SJEDALO. SJEDALA. SJEDI\u0160TE. SJEDI\u0160TA. SJEDELA. SJEDELO. SEAT. SEATS. SITTING. SIT. SEDE\u017d<\/p>\n","protected":false},"excerpt":{"rendered":"<p><img decoding=\"async\" class=\"alignnone size-medium wp-image-30783\" src=\"https:\/\/sindicom.hr\/wp-content\/uploads\/2023\/03\/isri-300x71.png\" alt=\"\" width=\"300\" height=\"71\" srcset=\"https:\/\/sindicom.hr\/wp-content\/uploads\/2023\/03\/isri-64x15.png 64w, https:\/\/sindicom.hr\/wp-content\/uploads\/2023\/03\/isri-200x47.png 200w, https:\/\/sindicom.hr\/wp-content\/uploads\/2023\/03\/isri-300x71.png 300w, https:\/\/sindicom.hr\/wp-content\/uploads\/2023\/03\/isri-400x94.png 400w, https:\/\/sindicom.hr\/wp-content\/uploads\/2023\/03\/isri.png 462w\" sizes=\"(max-width: 300px) 100vw, 300px\" \/><\/p>\n","protected":false},"featured_media":44048,"template":"","meta":{"inline_featured_image":false},"product_brand":[],"product_cat":[15,96,126,41,101,255,110,133,97,108,105,104,120,107],"product_tag":[],"class_list":{"0":"post-26668","1":"product","2":"type-product","3":"status-publish","4":"has-post-thumbnail","6":"product_cat-all-products","7":"product_cat-busevi","8":"product_cat-daf","9":"product_cat-dijelovi-sjedala-vozila","10":"product_cat-evobus","11":"product_cat-isri-rezervni-dijelovi-isrinhausen-spare-parts","12":"product_cat-iveco-teretna-vozila","13":"product_cat-leyland-daf","14":"product_cat-man","15":"product_cat-man-teretna-vozila","16":"product_cat-mercedes","17":"product_cat-neoplan","18":"product_cat-reparaturni-setovi","19":"product_cat-teretna-vozila","21":"first","22":"instock","23":"shipping-taxable","24":"purchasable","25":"product-type-simple"},"yoast_head":"<!-- This site is optimized with the Yoast SEO plugin v26.2 - https:\/\/yoast.com\/wordpress\/plugins\/seo\/ -->\n<title>SET ZA POPRAVAK SJEDALA ISRI 6800 MAN F90\/2000 DAF IVECO ISRINGHAUSEN OE - Sindicom<\/title>\n<meta name=\"robots\" content=\"index, follow, max-snippet:-1, max-image-preview:large, max-video-preview:-1\" \/>\n<link rel=\"canonical\" href=\"https:\/\/sindicom.hr\/en\/katalog\/set-za-popravak-sjedala-isri-man-daf-iveco-isringhausen-org\/\" \/>\n<meta property=\"og:locale\" content=\"en_US\" \/>\n<meta property=\"og:type\" content=\"article\" \/>\n<meta property=\"og:title\" content=\"SET ZA POPRAVAK SJEDALA ISRI 6800 MAN F90\/2000 DAF IVECO ISRINGHAUSEN OE - Sindicom\" \/>\n<meta property=\"og:url\" content=\"https:\/\/sindicom.hr\/en\/katalog\/set-za-popravak-sjedala-isri-man-daf-iveco-isringhausen-org\/\" \/>\n<meta property=\"og:site_name\" content=\"Sindicom\" \/>\n<meta property=\"article:publisher\" content=\"https:\/\/www.facebook.com\/Sindicom-doo-170277286366043\/\" \/>\n<meta property=\"article:modified_time\" content=\"2025-10-27T11:56:56+00:00\" \/>\n<meta property=\"og:image\" content=\"https:\/\/sindicom.hr\/wp-content\/uploads\/2023\/03\/911147-02-ISRI-42471239.webp\" \/>\n\t<meta property=\"og:image:width\" content=\"600\" \/>\n\t<meta property=\"og:image:height\" content=\"600\" \/>\n\t<meta property=\"og:image:type\" content=\"image\/webp\" \/>\n<meta name=\"twitter:card\" content=\"summary_large_image\" \/>\n<meta name=\"twitter:label1\" content=\"Est. reading time\" \/>\n\t<meta name=\"twitter:data1\" content=\"1 minute\" \/>\n<script type=\"application\/ld+json\" class=\"yoast-schema-graph\">{\"@context\":\"https:\/\/schema.org\",\"@graph\":[{\"@type\":\"WebPage\",\"@id\":\"https:\/\/sindicom.hr\/en\/katalog\/set-za-popravak-sjedala-isri-man-daf-iveco-isringhausen-org\/\",\"url\":\"https:\/\/sindicom.hr\/en\/katalog\/set-za-popravak-sjedala-isri-man-daf-iveco-isringhausen-org\/\",\"name\":\"SET ZA POPRAVAK SJEDALA ISRI 6800 MAN F90\/2000 DAF IVECO ISRINGHAUSEN OE - Sindicom\",\"isPartOf\":{\"@id\":\"https:\/\/sindicom.hr\/en\/#website\"},\"primaryImageOfPage\":{\"@id\":\"https:\/\/sindicom.hr\/en\/katalog\/set-za-popravak-sjedala-isri-man-daf-iveco-isringhausen-org\/#primaryimage\"},\"image\":{\"@id\":\"https:\/\/sindicom.hr\/en\/katalog\/set-za-popravak-sjedala-isri-man-daf-iveco-isringhausen-org\/#primaryimage\"},\"thumbnailUrl\":\"https:\/\/sindicom.hr\/wp-content\/uploads\/2023\/03\/911147-02-ISRI-42471239.webp\",\"datePublished\":\"2023-03-01T14:55:51+00:00\",\"dateModified\":\"2025-10-27T11:56:56+00:00\",\"breadcrumb\":{\"@id\":\"https:\/\/sindicom.hr\/en\/katalog\/set-za-popravak-sjedala-isri-man-daf-iveco-isringhausen-org\/#breadcrumb\"},\"inLanguage\":\"en-US\",\"potentialAction\":[{\"@type\":\"ReadAction\",\"target\":[\"https:\/\/sindicom.hr\/en\/katalog\/set-za-popravak-sjedala-isri-man-daf-iveco-isringhausen-org\/\"]}]},{\"@type\":\"ImageObject\",\"inLanguage\":\"en-US\",\"@id\":\"https:\/\/sindicom.hr\/en\/katalog\/set-za-popravak-sjedala-isri-man-daf-iveco-isringhausen-org\/#primaryimage\",\"url\":\"https:\/\/sindicom.hr\/wp-content\/uploads\/2023\/03\/911147-02-ISRI-42471239.webp\",\"contentUrl\":\"https:\/\/sindicom.hr\/wp-content\/uploads\/2023\/03\/911147-02-ISRI-42471239.webp\",\"width\":600,\"height\":600},{\"@type\":\"BreadcrumbList\",\"@id\":\"https:\/\/sindicom.hr\/en\/katalog\/set-za-popravak-sjedala-isri-man-daf-iveco-isringhausen-org\/#breadcrumb\",\"itemListElement\":[{\"@type\":\"ListItem\",\"position\":1,\"name\":\"Po\u010detna stranica\",\"item\":\"https:\/\/sindicom.hr\/en\/\"},{\"@type\":\"ListItem\",\"position\":2,\"name\":\"Katalog dijelova\",\"item\":\"https:\/\/sindicom.hr\/en\/catalog\/\"},{\"@type\":\"ListItem\",\"position\":3,\"name\":\"SET ZA POPRAVAK SJEDALA ISRI 6800 MAN F90\/2000 DAF IVECO ISRINGHAUSEN OE\"}]},{\"@type\":\"WebSite\",\"@id\":\"https:\/\/sindicom.hr\/en\/#website\",\"url\":\"https:\/\/sindicom.hr\/en\/\",\"name\":\"SINDICOM\",\"description\":\"Trade and repair of pneumatic brakes, air and hydraulic systems for trucks and buses\",\"publisher\":{\"@id\":\"https:\/\/sindicom.hr\/en\/#organization\"},\"potentialAction\":[{\"@type\":\"SearchAction\",\"target\":{\"@type\":\"EntryPoint\",\"urlTemplate\":\"https:\/\/sindicom.hr\/en\/?s={search_term_string}\"},\"query-input\":{\"@type\":\"PropertyValueSpecification\",\"valueRequired\":true,\"valueName\":\"search_term_string\"}}],\"inLanguage\":\"en-US\"},{\"@type\":\"Organization\",\"@id\":\"https:\/\/sindicom.hr\/en\/#organization\",\"name\":\"SINDICOM d.o.o.\",\"url\":\"https:\/\/sindicom.hr\/en\/\",\"logo\":{\"@type\":\"ImageObject\",\"inLanguage\":\"en-US\",\"@id\":\"https:\/\/sindicom.hr\/en\/#\/schema\/logo\/image\/\",\"url\":\"https:\/\/sindicom.hr\/wp-content\/uploads\/2019\/11\/sindicom_logo_veliki1.jpg.png\",\"contentUrl\":\"https:\/\/sindicom.hr\/wp-content\/uploads\/2019\/11\/sindicom_logo_veliki1.jpg.png\",\"width\":732,\"height\":706,\"caption\":\"SINDICOM d.o.o.\"},\"image\":{\"@id\":\"https:\/\/sindicom.hr\/en\/#\/schema\/logo\/image\/\"},\"sameAs\":[\"https:\/\/www.facebook.com\/Sindicom-doo-170277286366043\/\",\"https:\/\/instagram.com\/sindicomdoo\"]}]}<\/script>\n<!-- \/ Yoast SEO plugin. -->","yoast_head_json":{"title":"SET ZA POPRAVAK SJEDALA ISRI 6800 MAN F90\/2000 DAF IVECO ISRINGHAUSEN OE - Sindicom","robots":{"index":"index","follow":"follow","max-snippet":"max-snippet:-1","max-image-preview":"max-image-preview:large","max-video-preview":"max-video-preview:-1"},"canonical":"https:\/\/sindicom.hr\/en\/katalog\/set-za-popravak-sjedala-isri-man-daf-iveco-isringhausen-org\/","og_locale":"en_US","og_type":"article","og_title":"SET ZA POPRAVAK SJEDALA ISRI 6800 MAN F90\/2000 DAF IVECO ISRINGHAUSEN OE - Sindicom","og_url":"https:\/\/sindicom.hr\/en\/katalog\/set-za-popravak-sjedala-isri-man-daf-iveco-isringhausen-org\/","og_site_name":"Sindicom","article_publisher":"https:\/\/www.facebook.com\/Sindicom-doo-170277286366043\/","article_modified_time":"2025-10-27T11:56:56+00:00","og_image":[{"width":600,"height":600,"url":"https:\/\/sindicom.hr\/wp-content\/uploads\/2023\/03\/911147-02-ISRI-42471239.webp","type":"image\/webp"}],"twitter_card":"summary_large_image","twitter_misc":{"Est. reading time":"1 minute"},"schema":{"@context":"https:\/\/schema.org","@graph":[{"@type":"WebPage","@id":"https:\/\/sindicom.hr\/en\/katalog\/set-za-popravak-sjedala-isri-man-daf-iveco-isringhausen-org\/","url":"https:\/\/sindicom.hr\/en\/katalog\/set-za-popravak-sjedala-isri-man-daf-iveco-isringhausen-org\/","name":"SET ZA POPRAVAK SJEDALA ISRI 6800 MAN F90\/2000 DAF IVECO ISRINGHAUSEN OE - Sindicom","isPartOf":{"@id":"https:\/\/sindicom.hr\/en\/#website"},"primaryImageOfPage":{"@id":"https:\/\/sindicom.hr\/en\/katalog\/set-za-popravak-sjedala-isri-man-daf-iveco-isringhausen-org\/#primaryimage"},"image":{"@id":"https:\/\/sindicom.hr\/en\/katalog\/set-za-popravak-sjedala-isri-man-daf-iveco-isringhausen-org\/#primaryimage"},"thumbnailUrl":"https:\/\/sindicom.hr\/wp-content\/uploads\/2023\/03\/911147-02-ISRI-42471239.webp","datePublished":"2023-03-01T14:55:51+00:00","dateModified":"2025-10-27T11:56:56+00:00","breadcrumb":{"@id":"https:\/\/sindicom.hr\/en\/katalog\/set-za-popravak-sjedala-isri-man-daf-iveco-isringhausen-org\/#breadcrumb"},"inLanguage":"en-US","potentialAction":[{"@type":"ReadAction","target":["https:\/\/sindicom.hr\/en\/katalog\/set-za-popravak-sjedala-isri-man-daf-iveco-isringhausen-org\/"]}]},{"@type":"ImageObject","inLanguage":"en-US","@id":"https:\/\/sindicom.hr\/en\/katalog\/set-za-popravak-sjedala-isri-man-daf-iveco-isringhausen-org\/#primaryimage","url":"https:\/\/sindicom.hr\/wp-content\/uploads\/2023\/03\/911147-02-ISRI-42471239.webp","contentUrl":"https:\/\/sindicom.hr\/wp-content\/uploads\/2023\/03\/911147-02-ISRI-42471239.webp","width":600,"height":600},{"@type":"BreadcrumbList","@id":"https:\/\/sindicom.hr\/en\/katalog\/set-za-popravak-sjedala-isri-man-daf-iveco-isringhausen-org\/#breadcrumb","itemListElement":[{"@type":"ListItem","position":1,"name":"Po\u010detna stranica","item":"https:\/\/sindicom.hr\/en\/"},{"@type":"ListItem","position":2,"name":"Katalog dijelova","item":"https:\/\/sindicom.hr\/en\/catalog\/"},{"@type":"ListItem","position":3,"name":"SET ZA POPRAVAK SJEDALA ISRI 6800 MAN F90\/2000 DAF IVECO ISRINGHAUSEN OE"}]},{"@type":"WebSite","@id":"https:\/\/sindicom.hr\/en\/#website","url":"https:\/\/sindicom.hr\/en\/","name":"SINDICOM","description":"Trade and repair of pneumatic brakes, air and hydraulic systems for trucks and buses","publisher":{"@id":"https:\/\/sindicom.hr\/en\/#organization"},"potentialAction":[{"@type":"SearchAction","target":{"@type":"EntryPoint","urlTemplate":"https:\/\/sindicom.hr\/en\/?s={search_term_string}"},"query-input":{"@type":"PropertyValueSpecification","valueRequired":true,"valueName":"search_term_string"}}],"inLanguage":"en-US"},{"@type":"Organization","@id":"https:\/\/sindicom.hr\/en\/#organization","name":"SINDICOM d.o.o.","url":"https:\/\/sindicom.hr\/en\/","logo":{"@type":"ImageObject","inLanguage":"en-US","@id":"https:\/\/sindicom.hr\/en\/#\/schema\/logo\/image\/","url":"https:\/\/sindicom.hr\/wp-content\/uploads\/2019\/11\/sindicom_logo_veliki1.jpg.png","contentUrl":"https:\/\/sindicom.hr\/wp-content\/uploads\/2019\/11\/sindicom_logo_veliki1.jpg.png","width":732,"height":706,"caption":"SINDICOM d.o.o."},"image":{"@id":"https:\/\/sindicom.hr\/en\/#\/schema\/logo\/image\/"},"sameAs":["https:\/\/www.facebook.com\/Sindicom-doo-170277286366043\/","https:\/\/instagram.com\/sindicomdoo"]}]}},"_links":{"self":[{"href":"https:\/\/sindicom.hr\/en\/wp-json\/wp\/v2\/product\/26668","targetHints":{"allow":["GET"]}}],"collection":[{"href":"https:\/\/sindicom.hr\/en\/wp-json\/wp\/v2\/product"}],"about":[{"href":"https:\/\/sindicom.hr\/en\/wp-json\/wp\/v2\/types\/product"}],"wp:featuredmedia":[{"embeddable":true,"href":"https:\/\/sindicom.hr\/en\/wp-json\/wp\/v2\/media\/44048"}],"wp:attachment":[{"href":"https:\/\/sindicom.hr\/en\/wp-json\/wp\/v2\/media?parent=26668"}],"wp:term":[{"taxonomy":"product_brand","embeddable":true,"href":"https:\/\/sindicom.hr\/en\/wp-json\/wp\/v2\/product_brand?post=26668"},{"taxonomy":"product_cat","embeddable":true,"href":"https:\/\/sindicom.hr\/en\/wp-json\/wp\/v2\/product_cat?post=26668"},{"taxonomy":"product_tag","embeddable":true,"href":"https:\/\/sindicom.hr\/en\/wp-json\/wp\/v2\/product_tag?post=26668"}],"curies":[{"name":"wp","href":"https:\/\/api.w.org\/{rel}","templated":true}]}}