{"id":26830,"date":"2023-03-01T15:01:43","date_gmt":"2023-03-01T15:01:43","guid":{"rendered":"https:\/\/sindicom.hr\/?post_type=product&#038;p=26830"},"modified":"2025-10-27T12:11:22","modified_gmt":"2025-10-27T12:11:22","slug":"cijev-vode-glave-kompresora-zraka-man-tgx-tgs-knorr-oe","status":"publish","type":"product","link":"https:\/\/sindicom.hr\/en\/katalog\/cijev-vode-glave-kompresora-zraka-man-tgx-tgs-knorr-oe\/","title":{"rendered":"CIJEV VODE GLAVE KOMPRESORA ZRAKA MAN TGX TGS KNORR OE"},"content":{"rendered":"<p>51063405868 MAN  51.06340-5868 MAN  LS3907 KNORR  K071325N04 KNORR-BREMSE  K118690N00 KNORR-BREMSE  K157264N00 KNORR-BREMSE  51540007144 MAN  51540007145 MAN  51540007146 MAN  51540007147 MAN  Cooling plastic hose for compressor MAN  Coolant pipe water supply compressor MAN  K\u00fchlkunststoffschlauch f\u00fcr MAN Kompressor  K\u00fchlmittelrohrleitung Wasserversorgung Kompressor MAN  Tubo refrigerante alimentazione acqua compressore MAN  Tubo flessibile di raffreddamento in plastica per compressore MAN<\/p>\n","protected":false},"excerpt":{"rendered":"<p>51063405868 MAN 51.06340-5868 MAN LS3907 KNORR K071325N04 KNORR-BREMSE K118690N00 KNORR-BREMSE  [&#8230;]<\/p>\n","protected":false},"featured_media":0,"template":"","meta":{"inline_featured_image":false},"product_brand":[],"product_cat":[140],"product_tag":[],"class_list":{"0":"post-26830","1":"product","2":"type-product","3":"status-publish","5":"product_cat-radni-strojevi","7":"first","8":"instock","9":"shipping-taxable","10":"purchasable","11":"product-type-simple"},"yoast_head":"<!-- This site is optimized with the Yoast SEO plugin v26.2 - https:\/\/yoast.com\/wordpress\/plugins\/seo\/ -->\n<title>CIJEV VODE GLAVE KOMPRESORA ZRAKA MAN TGX TGS KNORR OE - Sindicom<\/title>\n<meta name=\"robots\" content=\"index, follow, max-snippet:-1, max-image-preview:large, max-video-preview:-1\" \/>\n<link rel=\"canonical\" href=\"https:\/\/sindicom.hr\/en\/katalog\/cijev-vode-glave-kompresora-zraka-man-tgx-tgs-knorr-oe\/\" \/>\n<meta property=\"og:locale\" content=\"en_US\" \/>\n<meta property=\"og:type\" content=\"article\" \/>\n<meta property=\"og:title\" content=\"CIJEV VODE GLAVE KOMPRESORA ZRAKA MAN TGX TGS KNORR OE - Sindicom\" \/>\n<meta property=\"og:description\" content=\"51063405868 MAN 51.06340-5868 MAN LS3907 KNORR K071325N04 KNORR-BREMSE K118690N00 KNORR-BREMSE [...]\" \/>\n<meta property=\"og:url\" content=\"https:\/\/sindicom.hr\/en\/katalog\/cijev-vode-glave-kompresora-zraka-man-tgx-tgs-knorr-oe\/\" \/>\n<meta property=\"og:site_name\" content=\"Sindicom\" \/>\n<meta property=\"article:publisher\" content=\"https:\/\/www.facebook.com\/Sindicom-doo-170277286366043\/\" \/>\n<meta property=\"article:modified_time\" content=\"2025-10-27T12:11:22+00:00\" \/>\n<meta name=\"twitter:card\" content=\"summary_large_image\" \/>\n<script type=\"application\/ld+json\" class=\"yoast-schema-graph\">{\"@context\":\"https:\/\/schema.org\",\"@graph\":[{\"@type\":\"WebPage\",\"@id\":\"https:\/\/sindicom.hr\/en\/katalog\/cijev-vode-glave-kompresora-zraka-man-tgx-tgs-knorr-oe\/\",\"url\":\"https:\/\/sindicom.hr\/en\/katalog\/cijev-vode-glave-kompresora-zraka-man-tgx-tgs-knorr-oe\/\",\"name\":\"CIJEV VODE GLAVE KOMPRESORA ZRAKA MAN TGX TGS KNORR OE - Sindicom\",\"isPartOf\":{\"@id\":\"https:\/\/sindicom.hr\/en\/#website\"},\"datePublished\":\"2023-03-01T15:01:43+00:00\",\"dateModified\":\"2025-10-27T12:11:22+00:00\",\"breadcrumb\":{\"@id\":\"https:\/\/sindicom.hr\/en\/katalog\/cijev-vode-glave-kompresora-zraka-man-tgx-tgs-knorr-oe\/#breadcrumb\"},\"inLanguage\":\"en-US\",\"potentialAction\":[{\"@type\":\"ReadAction\",\"target\":[\"https:\/\/sindicom.hr\/en\/katalog\/cijev-vode-glave-kompresora-zraka-man-tgx-tgs-knorr-oe\/\"]}]},{\"@type\":\"BreadcrumbList\",\"@id\":\"https:\/\/sindicom.hr\/en\/katalog\/cijev-vode-glave-kompresora-zraka-man-tgx-tgs-knorr-oe\/#breadcrumb\",\"itemListElement\":[{\"@type\":\"ListItem\",\"position\":1,\"name\":\"Po\u010detna stranica\",\"item\":\"https:\/\/sindicom.hr\/en\/\"},{\"@type\":\"ListItem\",\"position\":2,\"name\":\"Katalog dijelova\",\"item\":\"https:\/\/sindicom.hr\/en\/catalog\/\"},{\"@type\":\"ListItem\",\"position\":3,\"name\":\"CIJEV VODE GLAVE KOMPRESORA ZRAKA MAN TGX TGS KNORR OE\"}]},{\"@type\":\"WebSite\",\"@id\":\"https:\/\/sindicom.hr\/en\/#website\",\"url\":\"https:\/\/sindicom.hr\/en\/\",\"name\":\"SINDICOM\",\"description\":\"Trade and repair of pneumatic brakes, air and hydraulic systems for trucks and buses\",\"publisher\":{\"@id\":\"https:\/\/sindicom.hr\/en\/#organization\"},\"potentialAction\":[{\"@type\":\"SearchAction\",\"target\":{\"@type\":\"EntryPoint\",\"urlTemplate\":\"https:\/\/sindicom.hr\/en\/?s={search_term_string}\"},\"query-input\":{\"@type\":\"PropertyValueSpecification\",\"valueRequired\":true,\"valueName\":\"search_term_string\"}}],\"inLanguage\":\"en-US\"},{\"@type\":\"Organization\",\"@id\":\"https:\/\/sindicom.hr\/en\/#organization\",\"name\":\"SINDICOM d.o.o.\",\"url\":\"https:\/\/sindicom.hr\/en\/\",\"logo\":{\"@type\":\"ImageObject\",\"inLanguage\":\"en-US\",\"@id\":\"https:\/\/sindicom.hr\/en\/#\/schema\/logo\/image\/\",\"url\":\"https:\/\/sindicom.hr\/wp-content\/uploads\/2019\/11\/sindicom_logo_veliki1.jpg.png\",\"contentUrl\":\"https:\/\/sindicom.hr\/wp-content\/uploads\/2019\/11\/sindicom_logo_veliki1.jpg.png\",\"width\":732,\"height\":706,\"caption\":\"SINDICOM d.o.o.\"},\"image\":{\"@id\":\"https:\/\/sindicom.hr\/en\/#\/schema\/logo\/image\/\"},\"sameAs\":[\"https:\/\/www.facebook.com\/Sindicom-doo-170277286366043\/\",\"https:\/\/instagram.com\/sindicomdoo\"]}]}<\/script>\n<!-- \/ Yoast SEO plugin. -->","yoast_head_json":{"title":"CIJEV VODE GLAVE KOMPRESORA ZRAKA MAN TGX TGS KNORR OE - Sindicom","robots":{"index":"index","follow":"follow","max-snippet":"max-snippet:-1","max-image-preview":"max-image-preview:large","max-video-preview":"max-video-preview:-1"},"canonical":"https:\/\/sindicom.hr\/en\/katalog\/cijev-vode-glave-kompresora-zraka-man-tgx-tgs-knorr-oe\/","og_locale":"en_US","og_type":"article","og_title":"CIJEV VODE GLAVE KOMPRESORA ZRAKA MAN TGX TGS KNORR OE - Sindicom","og_description":"51063405868 MAN 51.06340-5868 MAN LS3907 KNORR K071325N04 KNORR-BREMSE K118690N00 KNORR-BREMSE [...]","og_url":"https:\/\/sindicom.hr\/en\/katalog\/cijev-vode-glave-kompresora-zraka-man-tgx-tgs-knorr-oe\/","og_site_name":"Sindicom","article_publisher":"https:\/\/www.facebook.com\/Sindicom-doo-170277286366043\/","article_modified_time":"2025-10-27T12:11:22+00:00","twitter_card":"summary_large_image","schema":{"@context":"https:\/\/schema.org","@graph":[{"@type":"WebPage","@id":"https:\/\/sindicom.hr\/en\/katalog\/cijev-vode-glave-kompresora-zraka-man-tgx-tgs-knorr-oe\/","url":"https:\/\/sindicom.hr\/en\/katalog\/cijev-vode-glave-kompresora-zraka-man-tgx-tgs-knorr-oe\/","name":"CIJEV VODE GLAVE KOMPRESORA ZRAKA MAN TGX TGS KNORR OE - Sindicom","isPartOf":{"@id":"https:\/\/sindicom.hr\/en\/#website"},"datePublished":"2023-03-01T15:01:43+00:00","dateModified":"2025-10-27T12:11:22+00:00","breadcrumb":{"@id":"https:\/\/sindicom.hr\/en\/katalog\/cijev-vode-glave-kompresora-zraka-man-tgx-tgs-knorr-oe\/#breadcrumb"},"inLanguage":"en-US","potentialAction":[{"@type":"ReadAction","target":["https:\/\/sindicom.hr\/en\/katalog\/cijev-vode-glave-kompresora-zraka-man-tgx-tgs-knorr-oe\/"]}]},{"@type":"BreadcrumbList","@id":"https:\/\/sindicom.hr\/en\/katalog\/cijev-vode-glave-kompresora-zraka-man-tgx-tgs-knorr-oe\/#breadcrumb","itemListElement":[{"@type":"ListItem","position":1,"name":"Po\u010detna stranica","item":"https:\/\/sindicom.hr\/en\/"},{"@type":"ListItem","position":2,"name":"Katalog dijelova","item":"https:\/\/sindicom.hr\/en\/catalog\/"},{"@type":"ListItem","position":3,"name":"CIJEV VODE GLAVE KOMPRESORA ZRAKA MAN TGX TGS KNORR OE"}]},{"@type":"WebSite","@id":"https:\/\/sindicom.hr\/en\/#website","url":"https:\/\/sindicom.hr\/en\/","name":"SINDICOM","description":"Trade and repair of pneumatic brakes, air and hydraulic systems for trucks and buses","publisher":{"@id":"https:\/\/sindicom.hr\/en\/#organization"},"potentialAction":[{"@type":"SearchAction","target":{"@type":"EntryPoint","urlTemplate":"https:\/\/sindicom.hr\/en\/?s={search_term_string}"},"query-input":{"@type":"PropertyValueSpecification","valueRequired":true,"valueName":"search_term_string"}}],"inLanguage":"en-US"},{"@type":"Organization","@id":"https:\/\/sindicom.hr\/en\/#organization","name":"SINDICOM d.o.o.","url":"https:\/\/sindicom.hr\/en\/","logo":{"@type":"ImageObject","inLanguage":"en-US","@id":"https:\/\/sindicom.hr\/en\/#\/schema\/logo\/image\/","url":"https:\/\/sindicom.hr\/wp-content\/uploads\/2019\/11\/sindicom_logo_veliki1.jpg.png","contentUrl":"https:\/\/sindicom.hr\/wp-content\/uploads\/2019\/11\/sindicom_logo_veliki1.jpg.png","width":732,"height":706,"caption":"SINDICOM d.o.o."},"image":{"@id":"https:\/\/sindicom.hr\/en\/#\/schema\/logo\/image\/"},"sameAs":["https:\/\/www.facebook.com\/Sindicom-doo-170277286366043\/","https:\/\/instagram.com\/sindicomdoo"]}]}},"_links":{"self":[{"href":"https:\/\/sindicom.hr\/en\/wp-json\/wp\/v2\/product\/26830","targetHints":{"allow":["GET"]}}],"collection":[{"href":"https:\/\/sindicom.hr\/en\/wp-json\/wp\/v2\/product"}],"about":[{"href":"https:\/\/sindicom.hr\/en\/wp-json\/wp\/v2\/types\/product"}],"wp:attachment":[{"href":"https:\/\/sindicom.hr\/en\/wp-json\/wp\/v2\/media?parent=26830"}],"wp:term":[{"taxonomy":"product_brand","embeddable":true,"href":"https:\/\/sindicom.hr\/en\/wp-json\/wp\/v2\/product_brand?post=26830"},{"taxonomy":"product_cat","embeddable":true,"href":"https:\/\/sindicom.hr\/en\/wp-json\/wp\/v2\/product_cat?post=26830"},{"taxonomy":"product_tag","embeddable":true,"href":"https:\/\/sindicom.hr\/en\/wp-json\/wp\/v2\/product_tag?post=26830"}],"curies":[{"name":"wp","href":"https:\/\/api.w.org\/{rel}","templated":true}]}}