{"id":26970,"date":"2023-07-05T12:26:20","date_gmt":"2023-07-05T12:26:20","guid":{"rendered":"https:\/\/sindicom.hr\/?post_type=product&#038;p=26970"},"modified":"2025-10-27T12:11:19","modified_gmt":"2025-10-27T12:11:19","slug":"set-kvacila-kompresora-zraka-sa-kucistem-man-knorr-oe","status":"publish","type":"product","link":"https:\/\/sindicom.hr\/en\/katalog\/set-kvacila-kompresora-zraka-sa-kucistem-man-knorr-oe\/","title":{"rendered":"SET KVA\u010cILA KOMPRESORA ZRAKA S KU\u010cI\u0160TEM MAN KNORR OE"},"content":{"rendered":"<p>K222937K50 KNORR  K097453K50 KNORR  K075562N05 KNORR  LS4903 KNORR  LS3907 KNORR  LS4905 KNORR  K222937K50 KNORR  K082266N00 KNORR  K082266N04 KNORR  K131441N05 KNORR  K131441N55 KNORR  K138203N05 KNORR  K052056K50 KNORR  K075562N05 KNORR  51541006053 MAN  51.54100-6053 MAN  51541006065 MAN  51.54100-6065 MAN  51541006066 MAN  51.54100-6066 MAN  51.54100-6071 MAN  51541006071 MAN  51.54000-7147 MAN  51540007147 MAN  2271849 SCANIA  Compressor Clutch Kit<\/p>\n","protected":false},"excerpt":{"rendered":"<p><img decoding=\"async\" class=\"alignnone size-medium wp-image-17705\" src=\"https:\/\/sindicom.hr\/wp-content\/uploads\/2020\/05\/knorr-bremse-300x300.png\" alt=\"\" width=\"300\" height=\"300\" srcset=\"https:\/\/sindicom.hr\/wp-content\/uploads\/2020\/05\/knorr-bremse-64x64.png 64w, https:\/\/sindicom.hr\/wp-content\/uploads\/2020\/05\/knorr-bremse-66x66.png 66w, https:\/\/sindicom.hr\/wp-content\/uploads\/2020\/05\/knorr-bremse-100x100.png 100w, https:\/\/sindicom.hr\/wp-content\/uploads\/2020\/05\/knorr-bremse-150x150.png 150w, https:\/\/sindicom.hr\/wp-content\/uploads\/2020\/05\/knorr-bremse-200x200.png 200w, https:\/\/sindicom.hr\/wp-content\/uploads\/2020\/05\/knorr-bremse.png 300w\" sizes=\"(max-width: 300px) 100vw, 300px\" \/><\/p>\n","protected":false},"featured_media":41290,"template":"","meta":{"inline_featured_image":false},"product_brand":[],"product_cat":[108,140,146,107],"product_tag":[],"class_list":{"0":"post-26970","1":"product","2":"type-product","3":"status-publish","4":"has-post-thumbnail","6":"product_cat-man-teretna-vozila","7":"product_cat-radni-strojevi","8":"product_cat-reparaturni-setovi-kompresora-zraka","9":"product_cat-teretna-vozila","11":"first","12":"instock","13":"shipping-taxable","14":"purchasable","15":"product-type-simple"},"yoast_head":"<!-- This site is optimized with the Yoast SEO plugin v26.2 - https:\/\/yoast.com\/wordpress\/plugins\/seo\/ -->\n<title>SET KVA\u010cILA KOMPRESORA ZRAKA S KU\u010cI\u0160TEM MAN KNORR OE - Sindicom<\/title>\n<meta name=\"robots\" content=\"index, follow, max-snippet:-1, max-image-preview:large, max-video-preview:-1\" \/>\n<link rel=\"canonical\" href=\"https:\/\/sindicom.hr\/en\/katalog\/set-kvacila-kompresora-zraka-sa-kucistem-man-knorr-oe\/\" \/>\n<meta property=\"og:locale\" content=\"en_US\" \/>\n<meta property=\"og:type\" content=\"article\" \/>\n<meta property=\"og:title\" content=\"SET KVA\u010cILA KOMPRESORA ZRAKA S KU\u010cI\u0160TEM MAN KNORR OE - Sindicom\" \/>\n<meta property=\"og:url\" content=\"https:\/\/sindicom.hr\/en\/katalog\/set-kvacila-kompresora-zraka-sa-kucistem-man-knorr-oe\/\" \/>\n<meta property=\"og:site_name\" content=\"Sindicom\" \/>\n<meta property=\"article:publisher\" content=\"https:\/\/www.facebook.com\/Sindicom-doo-170277286366043\/\" \/>\n<meta property=\"article:modified_time\" content=\"2025-10-27T12:11:19+00:00\" \/>\n<meta property=\"og:image\" content=\"https:\/\/sindicom.hr\/wp-content\/uploads\/2023\/07\/K222937K50-2.webp\" \/>\n\t<meta property=\"og:image:width\" content=\"600\" \/>\n\t<meta property=\"og:image:height\" content=\"600\" \/>\n\t<meta property=\"og:image:type\" content=\"image\/webp\" \/>\n<meta name=\"twitter:card\" content=\"summary_large_image\" \/>\n<meta name=\"twitter:label1\" content=\"Est. reading time\" \/>\n\t<meta name=\"twitter:data1\" content=\"1 minute\" \/>\n<script type=\"application\/ld+json\" class=\"yoast-schema-graph\">{\"@context\":\"https:\/\/schema.org\",\"@graph\":[{\"@type\":\"WebPage\",\"@id\":\"https:\/\/sindicom.hr\/en\/katalog\/set-kvacila-kompresora-zraka-sa-kucistem-man-knorr-oe\/\",\"url\":\"https:\/\/sindicom.hr\/en\/katalog\/set-kvacila-kompresora-zraka-sa-kucistem-man-knorr-oe\/\",\"name\":\"SET KVA\u010cILA KOMPRESORA ZRAKA S KU\u010cI\u0160TEM MAN KNORR OE - Sindicom\",\"isPartOf\":{\"@id\":\"https:\/\/sindicom.hr\/en\/#website\"},\"primaryImageOfPage\":{\"@id\":\"https:\/\/sindicom.hr\/en\/katalog\/set-kvacila-kompresora-zraka-sa-kucistem-man-knorr-oe\/#primaryimage\"},\"image\":{\"@id\":\"https:\/\/sindicom.hr\/en\/katalog\/set-kvacila-kompresora-zraka-sa-kucistem-man-knorr-oe\/#primaryimage\"},\"thumbnailUrl\":\"https:\/\/sindicom.hr\/wp-content\/uploads\/2023\/07\/K222937K50-2.webp\",\"datePublished\":\"2023-07-05T12:26:20+00:00\",\"dateModified\":\"2025-10-27T12:11:19+00:00\",\"breadcrumb\":{\"@id\":\"https:\/\/sindicom.hr\/en\/katalog\/set-kvacila-kompresora-zraka-sa-kucistem-man-knorr-oe\/#breadcrumb\"},\"inLanguage\":\"en-US\",\"potentialAction\":[{\"@type\":\"ReadAction\",\"target\":[\"https:\/\/sindicom.hr\/en\/katalog\/set-kvacila-kompresora-zraka-sa-kucistem-man-knorr-oe\/\"]}]},{\"@type\":\"ImageObject\",\"inLanguage\":\"en-US\",\"@id\":\"https:\/\/sindicom.hr\/en\/katalog\/set-kvacila-kompresora-zraka-sa-kucistem-man-knorr-oe\/#primaryimage\",\"url\":\"https:\/\/sindicom.hr\/wp-content\/uploads\/2023\/07\/K222937K50-2.webp\",\"contentUrl\":\"https:\/\/sindicom.hr\/wp-content\/uploads\/2023\/07\/K222937K50-2.webp\",\"width\":600,\"height\":600},{\"@type\":\"BreadcrumbList\",\"@id\":\"https:\/\/sindicom.hr\/en\/katalog\/set-kvacila-kompresora-zraka-sa-kucistem-man-knorr-oe\/#breadcrumb\",\"itemListElement\":[{\"@type\":\"ListItem\",\"position\":1,\"name\":\"Po\u010detna stranica\",\"item\":\"https:\/\/sindicom.hr\/en\/\"},{\"@type\":\"ListItem\",\"position\":2,\"name\":\"Katalog dijelova\",\"item\":\"https:\/\/sindicom.hr\/en\/catalog\/\"},{\"@type\":\"ListItem\",\"position\":3,\"name\":\"SET KVA\u010cILA KOMPRESORA ZRAKA S KU\u010cI\u0160TEM MAN KNORR OE\"}]},{\"@type\":\"WebSite\",\"@id\":\"https:\/\/sindicom.hr\/en\/#website\",\"url\":\"https:\/\/sindicom.hr\/en\/\",\"name\":\"SINDICOM\",\"description\":\"Trade and repair of pneumatic brakes, air and hydraulic systems for trucks and buses\",\"publisher\":{\"@id\":\"https:\/\/sindicom.hr\/en\/#organization\"},\"potentialAction\":[{\"@type\":\"SearchAction\",\"target\":{\"@type\":\"EntryPoint\",\"urlTemplate\":\"https:\/\/sindicom.hr\/en\/?s={search_term_string}\"},\"query-input\":{\"@type\":\"PropertyValueSpecification\",\"valueRequired\":true,\"valueName\":\"search_term_string\"}}],\"inLanguage\":\"en-US\"},{\"@type\":\"Organization\",\"@id\":\"https:\/\/sindicom.hr\/en\/#organization\",\"name\":\"SINDICOM d.o.o.\",\"url\":\"https:\/\/sindicom.hr\/en\/\",\"logo\":{\"@type\":\"ImageObject\",\"inLanguage\":\"en-US\",\"@id\":\"https:\/\/sindicom.hr\/en\/#\/schema\/logo\/image\/\",\"url\":\"https:\/\/sindicom.hr\/wp-content\/uploads\/2019\/11\/sindicom_logo_veliki1.jpg.png\",\"contentUrl\":\"https:\/\/sindicom.hr\/wp-content\/uploads\/2019\/11\/sindicom_logo_veliki1.jpg.png\",\"width\":732,\"height\":706,\"caption\":\"SINDICOM d.o.o.\"},\"image\":{\"@id\":\"https:\/\/sindicom.hr\/en\/#\/schema\/logo\/image\/\"},\"sameAs\":[\"https:\/\/www.facebook.com\/Sindicom-doo-170277286366043\/\",\"https:\/\/instagram.com\/sindicomdoo\"]}]}<\/script>\n<!-- \/ Yoast SEO plugin. -->","yoast_head_json":{"title":"SET KVA\u010cILA KOMPRESORA ZRAKA S KU\u010cI\u0160TEM MAN KNORR OE - Sindicom","robots":{"index":"index","follow":"follow","max-snippet":"max-snippet:-1","max-image-preview":"max-image-preview:large","max-video-preview":"max-video-preview:-1"},"canonical":"https:\/\/sindicom.hr\/en\/katalog\/set-kvacila-kompresora-zraka-sa-kucistem-man-knorr-oe\/","og_locale":"en_US","og_type":"article","og_title":"SET KVA\u010cILA KOMPRESORA ZRAKA S KU\u010cI\u0160TEM MAN KNORR OE - Sindicom","og_url":"https:\/\/sindicom.hr\/en\/katalog\/set-kvacila-kompresora-zraka-sa-kucistem-man-knorr-oe\/","og_site_name":"Sindicom","article_publisher":"https:\/\/www.facebook.com\/Sindicom-doo-170277286366043\/","article_modified_time":"2025-10-27T12:11:19+00:00","og_image":[{"width":600,"height":600,"url":"https:\/\/sindicom.hr\/wp-content\/uploads\/2023\/07\/K222937K50-2.webp","type":"image\/webp"}],"twitter_card":"summary_large_image","twitter_misc":{"Est. reading time":"1 minute"},"schema":{"@context":"https:\/\/schema.org","@graph":[{"@type":"WebPage","@id":"https:\/\/sindicom.hr\/en\/katalog\/set-kvacila-kompresora-zraka-sa-kucistem-man-knorr-oe\/","url":"https:\/\/sindicom.hr\/en\/katalog\/set-kvacila-kompresora-zraka-sa-kucistem-man-knorr-oe\/","name":"SET KVA\u010cILA KOMPRESORA ZRAKA S KU\u010cI\u0160TEM MAN KNORR OE - Sindicom","isPartOf":{"@id":"https:\/\/sindicom.hr\/en\/#website"},"primaryImageOfPage":{"@id":"https:\/\/sindicom.hr\/en\/katalog\/set-kvacila-kompresora-zraka-sa-kucistem-man-knorr-oe\/#primaryimage"},"image":{"@id":"https:\/\/sindicom.hr\/en\/katalog\/set-kvacila-kompresora-zraka-sa-kucistem-man-knorr-oe\/#primaryimage"},"thumbnailUrl":"https:\/\/sindicom.hr\/wp-content\/uploads\/2023\/07\/K222937K50-2.webp","datePublished":"2023-07-05T12:26:20+00:00","dateModified":"2025-10-27T12:11:19+00:00","breadcrumb":{"@id":"https:\/\/sindicom.hr\/en\/katalog\/set-kvacila-kompresora-zraka-sa-kucistem-man-knorr-oe\/#breadcrumb"},"inLanguage":"en-US","potentialAction":[{"@type":"ReadAction","target":["https:\/\/sindicom.hr\/en\/katalog\/set-kvacila-kompresora-zraka-sa-kucistem-man-knorr-oe\/"]}]},{"@type":"ImageObject","inLanguage":"en-US","@id":"https:\/\/sindicom.hr\/en\/katalog\/set-kvacila-kompresora-zraka-sa-kucistem-man-knorr-oe\/#primaryimage","url":"https:\/\/sindicom.hr\/wp-content\/uploads\/2023\/07\/K222937K50-2.webp","contentUrl":"https:\/\/sindicom.hr\/wp-content\/uploads\/2023\/07\/K222937K50-2.webp","width":600,"height":600},{"@type":"BreadcrumbList","@id":"https:\/\/sindicom.hr\/en\/katalog\/set-kvacila-kompresora-zraka-sa-kucistem-man-knorr-oe\/#breadcrumb","itemListElement":[{"@type":"ListItem","position":1,"name":"Po\u010detna stranica","item":"https:\/\/sindicom.hr\/en\/"},{"@type":"ListItem","position":2,"name":"Katalog dijelova","item":"https:\/\/sindicom.hr\/en\/catalog\/"},{"@type":"ListItem","position":3,"name":"SET KVA\u010cILA KOMPRESORA ZRAKA S KU\u010cI\u0160TEM MAN KNORR OE"}]},{"@type":"WebSite","@id":"https:\/\/sindicom.hr\/en\/#website","url":"https:\/\/sindicom.hr\/en\/","name":"SINDICOM","description":"Trade and repair of pneumatic brakes, air and hydraulic systems for trucks and buses","publisher":{"@id":"https:\/\/sindicom.hr\/en\/#organization"},"potentialAction":[{"@type":"SearchAction","target":{"@type":"EntryPoint","urlTemplate":"https:\/\/sindicom.hr\/en\/?s={search_term_string}"},"query-input":{"@type":"PropertyValueSpecification","valueRequired":true,"valueName":"search_term_string"}}],"inLanguage":"en-US"},{"@type":"Organization","@id":"https:\/\/sindicom.hr\/en\/#organization","name":"SINDICOM d.o.o.","url":"https:\/\/sindicom.hr\/en\/","logo":{"@type":"ImageObject","inLanguage":"en-US","@id":"https:\/\/sindicom.hr\/en\/#\/schema\/logo\/image\/","url":"https:\/\/sindicom.hr\/wp-content\/uploads\/2019\/11\/sindicom_logo_veliki1.jpg.png","contentUrl":"https:\/\/sindicom.hr\/wp-content\/uploads\/2019\/11\/sindicom_logo_veliki1.jpg.png","width":732,"height":706,"caption":"SINDICOM d.o.o."},"image":{"@id":"https:\/\/sindicom.hr\/en\/#\/schema\/logo\/image\/"},"sameAs":["https:\/\/www.facebook.com\/Sindicom-doo-170277286366043\/","https:\/\/instagram.com\/sindicomdoo"]}]}},"_links":{"self":[{"href":"https:\/\/sindicom.hr\/en\/wp-json\/wp\/v2\/product\/26970","targetHints":{"allow":["GET"]}}],"collection":[{"href":"https:\/\/sindicom.hr\/en\/wp-json\/wp\/v2\/product"}],"about":[{"href":"https:\/\/sindicom.hr\/en\/wp-json\/wp\/v2\/types\/product"}],"wp:featuredmedia":[{"embeddable":true,"href":"https:\/\/sindicom.hr\/en\/wp-json\/wp\/v2\/media\/41290"}],"wp:attachment":[{"href":"https:\/\/sindicom.hr\/en\/wp-json\/wp\/v2\/media?parent=26970"}],"wp:term":[{"taxonomy":"product_brand","embeddable":true,"href":"https:\/\/sindicom.hr\/en\/wp-json\/wp\/v2\/product_brand?post=26970"},{"taxonomy":"product_cat","embeddable":true,"href":"https:\/\/sindicom.hr\/en\/wp-json\/wp\/v2\/product_cat?post=26970"},{"taxonomy":"product_tag","embeddable":true,"href":"https:\/\/sindicom.hr\/en\/wp-json\/wp\/v2\/product_tag?post=26970"}],"curies":[{"name":"wp","href":"https:\/\/api.w.org\/{rel}","templated":true}]}}