{"id":27026,"date":"2023-07-05T12:26:39","date_gmt":"2023-07-05T12:26:39","guid":{"rendered":"https:\/\/sindicom.hr\/?post_type=product&#038;p=27026"},"modified":"2025-10-27T12:11:45","modified_gmt":"2025-10-27T12:11:45","slug":"nosac-kocione-celjusti-lijevi-19-5-saf-wabco-pan19-zamj","status":"publish","type":"product","link":"https:\/\/sindicom.hr\/en\/katalog\/nosac-kocione-celjusti-lijevi-19-5-saf-wabco-pan19-zamj\/","title":{"rendered":"NOSA\u010c KO\u010cIONE \u010cELJUSTI LIJEVI 19.5 SAF WABCO PAN19 ZAMJ."},"content":{"rendered":"<p>6250-03 MAY  13174173 WABCO  40195017 WABCO  40195037 WABCO  40195037R WABCO  40195001 WABCO  40195035 WABCO  6401950002 WABCO  6401950680 WABCO  6401950710 WABCO  6401950740 WABCO  6401950850 WABCO  6401950950 WABCO  4434411500 SAF  3.080.0033.00 SAF  3.080.0033.50 SAF  3 080 0033 00 SAF  3 080 0033 50 SAF  03080003300 SAF  03080003350 SAF  3080003320 SAF  03080003350 SAF  877930 DAF  20271 TTT  20516 BENEFIT  Bremssatteltr\u00e4ger  Brake caliper carrier  Supporto pinza freno  Portapinzas de freno  Remklauwdrager  Support d&#8217;\u00e9trier de frein<\/p>\n","protected":false},"excerpt":{"rendered":"<p><img decoding=\"async\" class=\"alignnone size-medium wp-image-17694\" src=\"https:\/\/sindicom.hr\/wp-content\/uploads\/2020\/05\/aftermarket-300x300.png\" alt=\"\" width=\"300\" height=\"300\" srcset=\"https:\/\/sindicom.hr\/wp-content\/uploads\/2020\/05\/aftermarket-64x64.png 64w, https:\/\/sindicom.hr\/wp-content\/uploads\/2020\/05\/aftermarket-66x66.png 66w, https:\/\/sindicom.hr\/wp-content\/uploads\/2020\/05\/aftermarket-100x100.png 100w, https:\/\/sindicom.hr\/wp-content\/uploads\/2020\/05\/aftermarket-150x150.png 150w, https:\/\/sindicom.hr\/wp-content\/uploads\/2020\/05\/aftermarket-200x200.png 200w, https:\/\/sindicom.hr\/wp-content\/uploads\/2020\/05\/aftermarket.png 300w\" sizes=\"(max-width: 300px) 100vw, 300px\" \/><\/p>\n","protected":false},"featured_media":39506,"template":"","meta":{"inline_featured_image":false},"product_brand":[],"product_cat":[15,91],"product_tag":[],"class_list":{"0":"post-27026","1":"product","2":"type-product","3":"status-publish","4":"has-post-thumbnail","6":"product_cat-all-products","7":"product_cat-nosaci-kocionih-celjusti","9":"first","10":"instock","11":"shipping-taxable","12":"purchasable","13":"product-type-simple"},"yoast_head":"<!-- This site is optimized with the Yoast SEO plugin v26.2 - https:\/\/yoast.com\/wordpress\/plugins\/seo\/ -->\n<title>NOSA\u010c KO\u010cIONE \u010cELJUSTI LIJEVI 19.5 SAF WABCO PAN19 ZAMJ. - Sindicom<\/title>\n<meta name=\"robots\" content=\"index, follow, max-snippet:-1, max-image-preview:large, max-video-preview:-1\" \/>\n<link rel=\"canonical\" href=\"https:\/\/sindicom.hr\/en\/katalog\/nosac-kocione-celjusti-lijevi-19-5-saf-wabco-pan19-zamj\/\" \/>\n<meta property=\"og:locale\" content=\"en_US\" \/>\n<meta property=\"og:type\" content=\"article\" \/>\n<meta property=\"og:title\" content=\"NOSA\u010c KO\u010cIONE \u010cELJUSTI LIJEVI 19.5 SAF WABCO PAN19 ZAMJ. - Sindicom\" \/>\n<meta property=\"og:url\" content=\"https:\/\/sindicom.hr\/en\/katalog\/nosac-kocione-celjusti-lijevi-19-5-saf-wabco-pan19-zamj\/\" \/>\n<meta property=\"og:site_name\" content=\"Sindicom\" \/>\n<meta property=\"article:publisher\" content=\"https:\/\/www.facebook.com\/Sindicom-doo-170277286366043\/\" \/>\n<meta property=\"article:modified_time\" content=\"2025-10-27T12:11:45+00:00\" \/>\n<meta property=\"og:image\" content=\"https:\/\/sindicom.hr\/wp-content\/uploads\/2023\/07\/6250-03-MAY-13174173.webp\" \/>\n\t<meta property=\"og:image:width\" content=\"600\" \/>\n\t<meta property=\"og:image:height\" content=\"600\" \/>\n\t<meta property=\"og:image:type\" content=\"image\/webp\" \/>\n<meta name=\"twitter:card\" content=\"summary_large_image\" \/>\n<meta name=\"twitter:label1\" content=\"Est. reading time\" \/>\n\t<meta name=\"twitter:data1\" content=\"1 minute\" \/>\n<script type=\"application\/ld+json\" class=\"yoast-schema-graph\">{\"@context\":\"https:\/\/schema.org\",\"@graph\":[{\"@type\":\"WebPage\",\"@id\":\"https:\/\/sindicom.hr\/en\/katalog\/nosac-kocione-celjusti-lijevi-19-5-saf-wabco-pan19-zamj\/\",\"url\":\"https:\/\/sindicom.hr\/en\/katalog\/nosac-kocione-celjusti-lijevi-19-5-saf-wabco-pan19-zamj\/\",\"name\":\"NOSA\u010c KO\u010cIONE \u010cELJUSTI LIJEVI 19.5 SAF WABCO PAN19 ZAMJ. - Sindicom\",\"isPartOf\":{\"@id\":\"https:\/\/sindicom.hr\/en\/#website\"},\"primaryImageOfPage\":{\"@id\":\"https:\/\/sindicom.hr\/en\/katalog\/nosac-kocione-celjusti-lijevi-19-5-saf-wabco-pan19-zamj\/#primaryimage\"},\"image\":{\"@id\":\"https:\/\/sindicom.hr\/en\/katalog\/nosac-kocione-celjusti-lijevi-19-5-saf-wabco-pan19-zamj\/#primaryimage\"},\"thumbnailUrl\":\"https:\/\/sindicom.hr\/wp-content\/uploads\/2023\/07\/6250-03-MAY-13174173.webp\",\"datePublished\":\"2023-07-05T12:26:39+00:00\",\"dateModified\":\"2025-10-27T12:11:45+00:00\",\"breadcrumb\":{\"@id\":\"https:\/\/sindicom.hr\/en\/katalog\/nosac-kocione-celjusti-lijevi-19-5-saf-wabco-pan19-zamj\/#breadcrumb\"},\"inLanguage\":\"en-US\",\"potentialAction\":[{\"@type\":\"ReadAction\",\"target\":[\"https:\/\/sindicom.hr\/en\/katalog\/nosac-kocione-celjusti-lijevi-19-5-saf-wabco-pan19-zamj\/\"]}]},{\"@type\":\"ImageObject\",\"inLanguage\":\"en-US\",\"@id\":\"https:\/\/sindicom.hr\/en\/katalog\/nosac-kocione-celjusti-lijevi-19-5-saf-wabco-pan19-zamj\/#primaryimage\",\"url\":\"https:\/\/sindicom.hr\/wp-content\/uploads\/2023\/07\/6250-03-MAY-13174173.webp\",\"contentUrl\":\"https:\/\/sindicom.hr\/wp-content\/uploads\/2023\/07\/6250-03-MAY-13174173.webp\",\"width\":600,\"height\":600},{\"@type\":\"BreadcrumbList\",\"@id\":\"https:\/\/sindicom.hr\/en\/katalog\/nosac-kocione-celjusti-lijevi-19-5-saf-wabco-pan19-zamj\/#breadcrumb\",\"itemListElement\":[{\"@type\":\"ListItem\",\"position\":1,\"name\":\"Po\u010detna stranica\",\"item\":\"https:\/\/sindicom.hr\/en\/\"},{\"@type\":\"ListItem\",\"position\":2,\"name\":\"Katalog dijelova\",\"item\":\"https:\/\/sindicom.hr\/en\/catalog\/\"},{\"@type\":\"ListItem\",\"position\":3,\"name\":\"NOSA\u010c KO\u010cIONE \u010cELJUSTI LIJEVI 19.5 SAF WABCO PAN19 ZAMJ.\"}]},{\"@type\":\"WebSite\",\"@id\":\"https:\/\/sindicom.hr\/en\/#website\",\"url\":\"https:\/\/sindicom.hr\/en\/\",\"name\":\"SINDICOM\",\"description\":\"Trade and repair of pneumatic brakes, air and hydraulic systems for trucks and buses\",\"publisher\":{\"@id\":\"https:\/\/sindicom.hr\/en\/#organization\"},\"potentialAction\":[{\"@type\":\"SearchAction\",\"target\":{\"@type\":\"EntryPoint\",\"urlTemplate\":\"https:\/\/sindicom.hr\/en\/?s={search_term_string}\"},\"query-input\":{\"@type\":\"PropertyValueSpecification\",\"valueRequired\":true,\"valueName\":\"search_term_string\"}}],\"inLanguage\":\"en-US\"},{\"@type\":\"Organization\",\"@id\":\"https:\/\/sindicom.hr\/en\/#organization\",\"name\":\"SINDICOM d.o.o.\",\"url\":\"https:\/\/sindicom.hr\/en\/\",\"logo\":{\"@type\":\"ImageObject\",\"inLanguage\":\"en-US\",\"@id\":\"https:\/\/sindicom.hr\/en\/#\/schema\/logo\/image\/\",\"url\":\"https:\/\/sindicom.hr\/wp-content\/uploads\/2019\/11\/sindicom_logo_veliki1.jpg.png\",\"contentUrl\":\"https:\/\/sindicom.hr\/wp-content\/uploads\/2019\/11\/sindicom_logo_veliki1.jpg.png\",\"width\":732,\"height\":706,\"caption\":\"SINDICOM d.o.o.\"},\"image\":{\"@id\":\"https:\/\/sindicom.hr\/en\/#\/schema\/logo\/image\/\"},\"sameAs\":[\"https:\/\/www.facebook.com\/Sindicom-doo-170277286366043\/\",\"https:\/\/instagram.com\/sindicomdoo\"]}]}<\/script>\n<!-- \/ Yoast SEO plugin. -->","yoast_head_json":{"title":"NOSA\u010c KO\u010cIONE \u010cELJUSTI LIJEVI 19.5 SAF WABCO PAN19 ZAMJ. - Sindicom","robots":{"index":"index","follow":"follow","max-snippet":"max-snippet:-1","max-image-preview":"max-image-preview:large","max-video-preview":"max-video-preview:-1"},"canonical":"https:\/\/sindicom.hr\/en\/katalog\/nosac-kocione-celjusti-lijevi-19-5-saf-wabco-pan19-zamj\/","og_locale":"en_US","og_type":"article","og_title":"NOSA\u010c KO\u010cIONE \u010cELJUSTI LIJEVI 19.5 SAF WABCO PAN19 ZAMJ. - Sindicom","og_url":"https:\/\/sindicom.hr\/en\/katalog\/nosac-kocione-celjusti-lijevi-19-5-saf-wabco-pan19-zamj\/","og_site_name":"Sindicom","article_publisher":"https:\/\/www.facebook.com\/Sindicom-doo-170277286366043\/","article_modified_time":"2025-10-27T12:11:45+00:00","og_image":[{"width":600,"height":600,"url":"https:\/\/sindicom.hr\/wp-content\/uploads\/2023\/07\/6250-03-MAY-13174173.webp","type":"image\/webp"}],"twitter_card":"summary_large_image","twitter_misc":{"Est. reading time":"1 minute"},"schema":{"@context":"https:\/\/schema.org","@graph":[{"@type":"WebPage","@id":"https:\/\/sindicom.hr\/en\/katalog\/nosac-kocione-celjusti-lijevi-19-5-saf-wabco-pan19-zamj\/","url":"https:\/\/sindicom.hr\/en\/katalog\/nosac-kocione-celjusti-lijevi-19-5-saf-wabco-pan19-zamj\/","name":"NOSA\u010c KO\u010cIONE \u010cELJUSTI LIJEVI 19.5 SAF WABCO PAN19 ZAMJ. - Sindicom","isPartOf":{"@id":"https:\/\/sindicom.hr\/en\/#website"},"primaryImageOfPage":{"@id":"https:\/\/sindicom.hr\/en\/katalog\/nosac-kocione-celjusti-lijevi-19-5-saf-wabco-pan19-zamj\/#primaryimage"},"image":{"@id":"https:\/\/sindicom.hr\/en\/katalog\/nosac-kocione-celjusti-lijevi-19-5-saf-wabco-pan19-zamj\/#primaryimage"},"thumbnailUrl":"https:\/\/sindicom.hr\/wp-content\/uploads\/2023\/07\/6250-03-MAY-13174173.webp","datePublished":"2023-07-05T12:26:39+00:00","dateModified":"2025-10-27T12:11:45+00:00","breadcrumb":{"@id":"https:\/\/sindicom.hr\/en\/katalog\/nosac-kocione-celjusti-lijevi-19-5-saf-wabco-pan19-zamj\/#breadcrumb"},"inLanguage":"en-US","potentialAction":[{"@type":"ReadAction","target":["https:\/\/sindicom.hr\/en\/katalog\/nosac-kocione-celjusti-lijevi-19-5-saf-wabco-pan19-zamj\/"]}]},{"@type":"ImageObject","inLanguage":"en-US","@id":"https:\/\/sindicom.hr\/en\/katalog\/nosac-kocione-celjusti-lijevi-19-5-saf-wabco-pan19-zamj\/#primaryimage","url":"https:\/\/sindicom.hr\/wp-content\/uploads\/2023\/07\/6250-03-MAY-13174173.webp","contentUrl":"https:\/\/sindicom.hr\/wp-content\/uploads\/2023\/07\/6250-03-MAY-13174173.webp","width":600,"height":600},{"@type":"BreadcrumbList","@id":"https:\/\/sindicom.hr\/en\/katalog\/nosac-kocione-celjusti-lijevi-19-5-saf-wabco-pan19-zamj\/#breadcrumb","itemListElement":[{"@type":"ListItem","position":1,"name":"Po\u010detna stranica","item":"https:\/\/sindicom.hr\/en\/"},{"@type":"ListItem","position":2,"name":"Katalog dijelova","item":"https:\/\/sindicom.hr\/en\/catalog\/"},{"@type":"ListItem","position":3,"name":"NOSA\u010c KO\u010cIONE \u010cELJUSTI LIJEVI 19.5 SAF WABCO PAN19 ZAMJ."}]},{"@type":"WebSite","@id":"https:\/\/sindicom.hr\/en\/#website","url":"https:\/\/sindicom.hr\/en\/","name":"SINDICOM","description":"Trade and repair of pneumatic brakes, air and hydraulic systems for trucks and buses","publisher":{"@id":"https:\/\/sindicom.hr\/en\/#organization"},"potentialAction":[{"@type":"SearchAction","target":{"@type":"EntryPoint","urlTemplate":"https:\/\/sindicom.hr\/en\/?s={search_term_string}"},"query-input":{"@type":"PropertyValueSpecification","valueRequired":true,"valueName":"search_term_string"}}],"inLanguage":"en-US"},{"@type":"Organization","@id":"https:\/\/sindicom.hr\/en\/#organization","name":"SINDICOM d.o.o.","url":"https:\/\/sindicom.hr\/en\/","logo":{"@type":"ImageObject","inLanguage":"en-US","@id":"https:\/\/sindicom.hr\/en\/#\/schema\/logo\/image\/","url":"https:\/\/sindicom.hr\/wp-content\/uploads\/2019\/11\/sindicom_logo_veliki1.jpg.png","contentUrl":"https:\/\/sindicom.hr\/wp-content\/uploads\/2019\/11\/sindicom_logo_veliki1.jpg.png","width":732,"height":706,"caption":"SINDICOM d.o.o."},"image":{"@id":"https:\/\/sindicom.hr\/en\/#\/schema\/logo\/image\/"},"sameAs":["https:\/\/www.facebook.com\/Sindicom-doo-170277286366043\/","https:\/\/instagram.com\/sindicomdoo"]}]}},"_links":{"self":[{"href":"https:\/\/sindicom.hr\/en\/wp-json\/wp\/v2\/product\/27026","targetHints":{"allow":["GET"]}}],"collection":[{"href":"https:\/\/sindicom.hr\/en\/wp-json\/wp\/v2\/product"}],"about":[{"href":"https:\/\/sindicom.hr\/en\/wp-json\/wp\/v2\/types\/product"}],"wp:featuredmedia":[{"embeddable":true,"href":"https:\/\/sindicom.hr\/en\/wp-json\/wp\/v2\/media\/39506"}],"wp:attachment":[{"href":"https:\/\/sindicom.hr\/en\/wp-json\/wp\/v2\/media?parent=27026"}],"wp:term":[{"taxonomy":"product_brand","embeddable":true,"href":"https:\/\/sindicom.hr\/en\/wp-json\/wp\/v2\/product_brand?post=27026"},{"taxonomy":"product_cat","embeddable":true,"href":"https:\/\/sindicom.hr\/en\/wp-json\/wp\/v2\/product_cat?post=27026"},{"taxonomy":"product_tag","embeddable":true,"href":"https:\/\/sindicom.hr\/en\/wp-json\/wp\/v2\/product_tag?post=27026"}],"curies":[{"name":"wp","href":"https:\/\/api.w.org\/{rel}","templated":true}]}}