{"id":27052,"date":"2023-07-05T12:26:46","date_gmt":"2023-07-05T12:26:46","guid":{"rendered":"https:\/\/sindicom.hr\/?post_type=product&#038;p=27052"},"modified":"2025-10-27T12:11:54","modified_gmt":"2025-10-27T12:11:54","slug":"brzoispusni-ventil-prikolice-schmitz-fliegl-m22x1-5-grau-haldex-oe","status":"publish","type":"product","link":"https:\/\/sindicom.hr\/en\/katalog\/brzoispusni-ventil-prikolice-schmitz-fliegl-m22x1-5-grau-haldex-oe\/","title":{"rendered":"BRZOISPUSNI VENTIL PRIKOLICE SCHMITZ FLIEGL M22x1.5 GRAU HALDEX OE"},"content":{"rendered":"<p>356021001 HALDEX  356001011 HALDEX  76319 HALDEX  323813 HALDEX  120233 HALDEX  190113 HALDEX  211124 HALDEX  2205960 HALDEX  10605669 HALDEX  6761 DAF  440617 FLIEGL  10827222 RENAULT  0120047 SCHMITZ  INS0120047 SCHMITZ  M80002601 FRUEHAUF  M800026-01 FRUEHAUF  Quick release valve (QRV)  Rychloup\u00ednac\u00ed ventil  Valvola di rilascio rapido  Schnellablassventil  V\u00e1lvula de liberaci\u00f3n r\u00e1pida  Valve a d\u00e9gagement rapide<\/p>\n","protected":false},"excerpt":{"rendered":"<p><img decoding=\"async\" class=\"alignnone size-medium wp-image-17704\" src=\"https:\/\/sindicom.hr\/wp-content\/uploads\/2020\/05\/haldex-300x300.png\" alt=\"\" width=\"300\" height=\"300\" srcset=\"https:\/\/sindicom.hr\/wp-content\/uploads\/2020\/05\/haldex-64x64.png 64w, https:\/\/sindicom.hr\/wp-content\/uploads\/2020\/05\/haldex-66x66.png 66w, https:\/\/sindicom.hr\/wp-content\/uploads\/2020\/05\/haldex-100x100.png 100w, https:\/\/sindicom.hr\/wp-content\/uploads\/2020\/05\/haldex-150x150.png 150w, https:\/\/sindicom.hr\/wp-content\/uploads\/2020\/05\/haldex-200x200.png 200w, https:\/\/sindicom.hr\/wp-content\/uploads\/2020\/05\/haldex.png 300w\" sizes=\"(max-width: 300px) 100vw, 300px\" \/><\/p>\n","protected":false},"featured_media":48328,"template":"","meta":{"inline_featured_image":false},"product_brand":[],"product_cat":[76,126,115,114,112,118,107],"product_tag":[],"class_list":{"0":"post-27052","1":"product","2":"type-product","3":"status-publish","4":"has-post-thumbnail","6":"product_cat-brzoispusni-ventili","7":"product_cat-daf","8":"product_cat-fliegl","9":"product_cat-prikolice","10":"product_cat-renault","11":"product_cat-schmitz","12":"product_cat-teretna-vozila","14":"first","15":"instock","16":"shipping-taxable","17":"purchasable","18":"product-type-simple"},"yoast_head":"<!-- This site is optimized with the Yoast SEO plugin v26.2 - https:\/\/yoast.com\/wordpress\/plugins\/seo\/ -->\n<title>BRZOISPUSNI VENTIL PRIKOLICE SCHMITZ FLIEGL M22x1.5 GRAU HALDEX OE - Sindicom<\/title>\n<meta name=\"robots\" content=\"index, follow, max-snippet:-1, max-image-preview:large, max-video-preview:-1\" \/>\n<link rel=\"canonical\" href=\"https:\/\/sindicom.hr\/en\/katalog\/brzoispusni-ventil-prikolice-schmitz-fliegl-m22x1-5-grau-haldex-oe\/\" \/>\n<meta property=\"og:locale\" content=\"en_US\" \/>\n<meta property=\"og:type\" content=\"article\" \/>\n<meta property=\"og:title\" content=\"BRZOISPUSNI VENTIL PRIKOLICE SCHMITZ FLIEGL M22x1.5 GRAU HALDEX OE - Sindicom\" \/>\n<meta property=\"og:url\" content=\"https:\/\/sindicom.hr\/en\/katalog\/brzoispusni-ventil-prikolice-schmitz-fliegl-m22x1-5-grau-haldex-oe\/\" \/>\n<meta property=\"og:site_name\" content=\"Sindicom\" \/>\n<meta property=\"article:publisher\" content=\"https:\/\/www.facebook.com\/Sindicom-doo-170277286366043\/\" \/>\n<meta property=\"article:modified_time\" content=\"2025-10-27T12:11:54+00:00\" \/>\n<meta property=\"og:image\" content=\"https:\/\/sindicom.hr\/wp-content\/uploads\/2023\/07\/356021001.webp\" \/>\n\t<meta property=\"og:image:width\" content=\"600\" \/>\n\t<meta property=\"og:image:height\" content=\"600\" \/>\n\t<meta property=\"og:image:type\" content=\"image\/webp\" \/>\n<meta name=\"twitter:card\" content=\"summary_large_image\" \/>\n<meta name=\"twitter:label1\" content=\"Est. reading time\" \/>\n\t<meta name=\"twitter:data1\" content=\"1 minute\" \/>\n<script type=\"application\/ld+json\" class=\"yoast-schema-graph\">{\"@context\":\"https:\/\/schema.org\",\"@graph\":[{\"@type\":\"WebPage\",\"@id\":\"https:\/\/sindicom.hr\/en\/katalog\/brzoispusni-ventil-prikolice-schmitz-fliegl-m22x1-5-grau-haldex-oe\/\",\"url\":\"https:\/\/sindicom.hr\/en\/katalog\/brzoispusni-ventil-prikolice-schmitz-fliegl-m22x1-5-grau-haldex-oe\/\",\"name\":\"BRZOISPUSNI VENTIL PRIKOLICE SCHMITZ FLIEGL M22x1.5 GRAU HALDEX OE - Sindicom\",\"isPartOf\":{\"@id\":\"https:\/\/sindicom.hr\/en\/#website\"},\"primaryImageOfPage\":{\"@id\":\"https:\/\/sindicom.hr\/en\/katalog\/brzoispusni-ventil-prikolice-schmitz-fliegl-m22x1-5-grau-haldex-oe\/#primaryimage\"},\"image\":{\"@id\":\"https:\/\/sindicom.hr\/en\/katalog\/brzoispusni-ventil-prikolice-schmitz-fliegl-m22x1-5-grau-haldex-oe\/#primaryimage\"},\"thumbnailUrl\":\"https:\/\/sindicom.hr\/wp-content\/uploads\/2023\/07\/356021001.webp\",\"datePublished\":\"2023-07-05T12:26:46+00:00\",\"dateModified\":\"2025-10-27T12:11:54+00:00\",\"breadcrumb\":{\"@id\":\"https:\/\/sindicom.hr\/en\/katalog\/brzoispusni-ventil-prikolice-schmitz-fliegl-m22x1-5-grau-haldex-oe\/#breadcrumb\"},\"inLanguage\":\"en-US\",\"potentialAction\":[{\"@type\":\"ReadAction\",\"target\":[\"https:\/\/sindicom.hr\/en\/katalog\/brzoispusni-ventil-prikolice-schmitz-fliegl-m22x1-5-grau-haldex-oe\/\"]}]},{\"@type\":\"ImageObject\",\"inLanguage\":\"en-US\",\"@id\":\"https:\/\/sindicom.hr\/en\/katalog\/brzoispusni-ventil-prikolice-schmitz-fliegl-m22x1-5-grau-haldex-oe\/#primaryimage\",\"url\":\"https:\/\/sindicom.hr\/wp-content\/uploads\/2023\/07\/356021001.webp\",\"contentUrl\":\"https:\/\/sindicom.hr\/wp-content\/uploads\/2023\/07\/356021001.webp\",\"width\":600,\"height\":600},{\"@type\":\"BreadcrumbList\",\"@id\":\"https:\/\/sindicom.hr\/en\/katalog\/brzoispusni-ventil-prikolice-schmitz-fliegl-m22x1-5-grau-haldex-oe\/#breadcrumb\",\"itemListElement\":[{\"@type\":\"ListItem\",\"position\":1,\"name\":\"Po\u010detna stranica\",\"item\":\"https:\/\/sindicom.hr\/en\/\"},{\"@type\":\"ListItem\",\"position\":2,\"name\":\"Katalog dijelova\",\"item\":\"https:\/\/sindicom.hr\/en\/catalog\/\"},{\"@type\":\"ListItem\",\"position\":3,\"name\":\"BRZOISPUSNI VENTIL PRIKOLICE SCHMITZ FLIEGL M22x1.5 GRAU HALDEX OE\"}]},{\"@type\":\"WebSite\",\"@id\":\"https:\/\/sindicom.hr\/en\/#website\",\"url\":\"https:\/\/sindicom.hr\/en\/\",\"name\":\"SINDICOM\",\"description\":\"Trade and repair of pneumatic brakes, air and hydraulic systems for trucks and buses\",\"publisher\":{\"@id\":\"https:\/\/sindicom.hr\/en\/#organization\"},\"potentialAction\":[{\"@type\":\"SearchAction\",\"target\":{\"@type\":\"EntryPoint\",\"urlTemplate\":\"https:\/\/sindicom.hr\/en\/?s={search_term_string}\"},\"query-input\":{\"@type\":\"PropertyValueSpecification\",\"valueRequired\":true,\"valueName\":\"search_term_string\"}}],\"inLanguage\":\"en-US\"},{\"@type\":\"Organization\",\"@id\":\"https:\/\/sindicom.hr\/en\/#organization\",\"name\":\"SINDICOM d.o.o.\",\"url\":\"https:\/\/sindicom.hr\/en\/\",\"logo\":{\"@type\":\"ImageObject\",\"inLanguage\":\"en-US\",\"@id\":\"https:\/\/sindicom.hr\/en\/#\/schema\/logo\/image\/\",\"url\":\"https:\/\/sindicom.hr\/wp-content\/uploads\/2019\/11\/sindicom_logo_veliki1.jpg.png\",\"contentUrl\":\"https:\/\/sindicom.hr\/wp-content\/uploads\/2019\/11\/sindicom_logo_veliki1.jpg.png\",\"width\":732,\"height\":706,\"caption\":\"SINDICOM d.o.o.\"},\"image\":{\"@id\":\"https:\/\/sindicom.hr\/en\/#\/schema\/logo\/image\/\"},\"sameAs\":[\"https:\/\/www.facebook.com\/Sindicom-doo-170277286366043\/\",\"https:\/\/instagram.com\/sindicomdoo\"]}]}<\/script>\n<!-- \/ Yoast SEO plugin. -->","yoast_head_json":{"title":"BRZOISPUSNI VENTIL PRIKOLICE SCHMITZ FLIEGL M22x1.5 GRAU HALDEX OE - Sindicom","robots":{"index":"index","follow":"follow","max-snippet":"max-snippet:-1","max-image-preview":"max-image-preview:large","max-video-preview":"max-video-preview:-1"},"canonical":"https:\/\/sindicom.hr\/en\/katalog\/brzoispusni-ventil-prikolice-schmitz-fliegl-m22x1-5-grau-haldex-oe\/","og_locale":"en_US","og_type":"article","og_title":"BRZOISPUSNI VENTIL PRIKOLICE SCHMITZ FLIEGL M22x1.5 GRAU HALDEX OE - Sindicom","og_url":"https:\/\/sindicom.hr\/en\/katalog\/brzoispusni-ventil-prikolice-schmitz-fliegl-m22x1-5-grau-haldex-oe\/","og_site_name":"Sindicom","article_publisher":"https:\/\/www.facebook.com\/Sindicom-doo-170277286366043\/","article_modified_time":"2025-10-27T12:11:54+00:00","og_image":[{"width":600,"height":600,"url":"https:\/\/sindicom.hr\/wp-content\/uploads\/2023\/07\/356021001.webp","type":"image\/webp"}],"twitter_card":"summary_large_image","twitter_misc":{"Est. reading time":"1 minute"},"schema":{"@context":"https:\/\/schema.org","@graph":[{"@type":"WebPage","@id":"https:\/\/sindicom.hr\/en\/katalog\/brzoispusni-ventil-prikolice-schmitz-fliegl-m22x1-5-grau-haldex-oe\/","url":"https:\/\/sindicom.hr\/en\/katalog\/brzoispusni-ventil-prikolice-schmitz-fliegl-m22x1-5-grau-haldex-oe\/","name":"BRZOISPUSNI VENTIL PRIKOLICE SCHMITZ FLIEGL M22x1.5 GRAU HALDEX OE - Sindicom","isPartOf":{"@id":"https:\/\/sindicom.hr\/en\/#website"},"primaryImageOfPage":{"@id":"https:\/\/sindicom.hr\/en\/katalog\/brzoispusni-ventil-prikolice-schmitz-fliegl-m22x1-5-grau-haldex-oe\/#primaryimage"},"image":{"@id":"https:\/\/sindicom.hr\/en\/katalog\/brzoispusni-ventil-prikolice-schmitz-fliegl-m22x1-5-grau-haldex-oe\/#primaryimage"},"thumbnailUrl":"https:\/\/sindicom.hr\/wp-content\/uploads\/2023\/07\/356021001.webp","datePublished":"2023-07-05T12:26:46+00:00","dateModified":"2025-10-27T12:11:54+00:00","breadcrumb":{"@id":"https:\/\/sindicom.hr\/en\/katalog\/brzoispusni-ventil-prikolice-schmitz-fliegl-m22x1-5-grau-haldex-oe\/#breadcrumb"},"inLanguage":"en-US","potentialAction":[{"@type":"ReadAction","target":["https:\/\/sindicom.hr\/en\/katalog\/brzoispusni-ventil-prikolice-schmitz-fliegl-m22x1-5-grau-haldex-oe\/"]}]},{"@type":"ImageObject","inLanguage":"en-US","@id":"https:\/\/sindicom.hr\/en\/katalog\/brzoispusni-ventil-prikolice-schmitz-fliegl-m22x1-5-grau-haldex-oe\/#primaryimage","url":"https:\/\/sindicom.hr\/wp-content\/uploads\/2023\/07\/356021001.webp","contentUrl":"https:\/\/sindicom.hr\/wp-content\/uploads\/2023\/07\/356021001.webp","width":600,"height":600},{"@type":"BreadcrumbList","@id":"https:\/\/sindicom.hr\/en\/katalog\/brzoispusni-ventil-prikolice-schmitz-fliegl-m22x1-5-grau-haldex-oe\/#breadcrumb","itemListElement":[{"@type":"ListItem","position":1,"name":"Po\u010detna stranica","item":"https:\/\/sindicom.hr\/en\/"},{"@type":"ListItem","position":2,"name":"Katalog dijelova","item":"https:\/\/sindicom.hr\/en\/catalog\/"},{"@type":"ListItem","position":3,"name":"BRZOISPUSNI VENTIL PRIKOLICE SCHMITZ FLIEGL M22x1.5 GRAU HALDEX OE"}]},{"@type":"WebSite","@id":"https:\/\/sindicom.hr\/en\/#website","url":"https:\/\/sindicom.hr\/en\/","name":"SINDICOM","description":"Trade and repair of pneumatic brakes, air and hydraulic systems for trucks and buses","publisher":{"@id":"https:\/\/sindicom.hr\/en\/#organization"},"potentialAction":[{"@type":"SearchAction","target":{"@type":"EntryPoint","urlTemplate":"https:\/\/sindicom.hr\/en\/?s={search_term_string}"},"query-input":{"@type":"PropertyValueSpecification","valueRequired":true,"valueName":"search_term_string"}}],"inLanguage":"en-US"},{"@type":"Organization","@id":"https:\/\/sindicom.hr\/en\/#organization","name":"SINDICOM d.o.o.","url":"https:\/\/sindicom.hr\/en\/","logo":{"@type":"ImageObject","inLanguage":"en-US","@id":"https:\/\/sindicom.hr\/en\/#\/schema\/logo\/image\/","url":"https:\/\/sindicom.hr\/wp-content\/uploads\/2019\/11\/sindicom_logo_veliki1.jpg.png","contentUrl":"https:\/\/sindicom.hr\/wp-content\/uploads\/2019\/11\/sindicom_logo_veliki1.jpg.png","width":732,"height":706,"caption":"SINDICOM d.o.o."},"image":{"@id":"https:\/\/sindicom.hr\/en\/#\/schema\/logo\/image\/"},"sameAs":["https:\/\/www.facebook.com\/Sindicom-doo-170277286366043\/","https:\/\/instagram.com\/sindicomdoo"]}]}},"_links":{"self":[{"href":"https:\/\/sindicom.hr\/en\/wp-json\/wp\/v2\/product\/27052","targetHints":{"allow":["GET"]}}],"collection":[{"href":"https:\/\/sindicom.hr\/en\/wp-json\/wp\/v2\/product"}],"about":[{"href":"https:\/\/sindicom.hr\/en\/wp-json\/wp\/v2\/types\/product"}],"wp:featuredmedia":[{"embeddable":true,"href":"https:\/\/sindicom.hr\/en\/wp-json\/wp\/v2\/media\/48328"}],"wp:attachment":[{"href":"https:\/\/sindicom.hr\/en\/wp-json\/wp\/v2\/media?parent=27052"}],"wp:term":[{"taxonomy":"product_brand","embeddable":true,"href":"https:\/\/sindicom.hr\/en\/wp-json\/wp\/v2\/product_brand?post=27052"},{"taxonomy":"product_cat","embeddable":true,"href":"https:\/\/sindicom.hr\/en\/wp-json\/wp\/v2\/product_cat?post=27052"},{"taxonomy":"product_tag","embeddable":true,"href":"https:\/\/sindicom.hr\/en\/wp-json\/wp\/v2\/product_tag?post=27052"}],"curies":[{"name":"wp","href":"https:\/\/api.w.org\/{rel}","templated":true}]}}