{"id":27074,"date":"2023-07-05T12:26:54","date_gmt":"2023-07-05T12:26:54","guid":{"rendered":"https:\/\/sindicom.hr\/?post_type=product&#038;p=27074"},"modified":"2025-10-27T12:12:04","modified_gmt":"2025-10-27T12:12:04","slug":"elektronika-senzor-pritiska-ebs-modulatora-e-generacija-wabco-oe","status":"publish","type":"product","link":"https:\/\/sindicom.hr\/en\/katalog\/elektronika-senzor-pritiska-ebs-modulatora-e-generacija-wabco-oe\/","title":{"rendered":"ELEKTRONIKA SENZORA PRITISKA EBS MODULATORA E GENERACIJA WABCO OE"},"content":{"rendered":"<p>4741500111 WABCO  4741500011 WABCO  4801020630 WABCO  4801020600 WABCO  4801020300 WABCO  4801020310 WABCO  4801020320 WABCO  4801020327 WABCO  4801020330 WABCO  4801020340 WABCO  4801020350 WABCO  4801020360 WABCO  4801020600 WABCO  4801020607 WABCO  4801020610 WABCO  4801020620 WABCO  10.94308 DT  BS-0013 MAY  6012358 COJALI  11.R3087 AIR FREN  474 150 011 1 WABCO  474 150 001 1 WABCO  EBS Trailer Modulator Pressure Sensors  EBS-Anh\u00e4ngermodulator-Drucksensoren  Czujniki ci\u015bnienia modulatora przyczepy EBS  Sensores de presi\u00f3n del modulador de remolque EBS  Sensori di pressione del modulatore del rimorchio EBS<\/p>\n","protected":false},"excerpt":{"rendered":"<p><img decoding=\"async\" class=\"alignnone size-medium wp-image-17720\" src=\"https:\/\/sindicom.hr\/wp-content\/uploads\/2020\/05\/wabco-300x300.png\" alt=\"\" width=\"300\" height=\"300\" srcset=\"https:\/\/sindicom.hr\/wp-content\/uploads\/2020\/05\/wabco-64x64.png 64w, https:\/\/sindicom.hr\/wp-content\/uploads\/2020\/05\/wabco-66x66.png 66w, https:\/\/sindicom.hr\/wp-content\/uploads\/2020\/05\/wabco-100x100.png 100w, https:\/\/sindicom.hr\/wp-content\/uploads\/2020\/05\/wabco-150x150.png 150w, https:\/\/sindicom.hr\/wp-content\/uploads\/2020\/05\/wabco-200x200.png 200w, https:\/\/sindicom.hr\/wp-content\/uploads\/2020\/05\/wabco.png 300w\" sizes=\"(max-width: 300px) 100vw, 300px\" \/><\/p>\n","protected":false},"featured_media":39093,"template":"","meta":{"inline_featured_image":false},"product_brand":[],"product_cat":[15,86,115,145,116,117,114,118,119,143],"product_tag":[],"class_list":{"0":"post-27074","1":"product","2":"type-product","3":"status-publish","4":"has-post-thumbnail","6":"product_cat-all-products","7":"product_cat-elektronike-ebs-a","8":"product_cat-fliegl","9":"product_cat-kassbohrer","10":"product_cat-kogel","11":"product_cat-krone","12":"product_cat-prikolice","13":"product_cat-schmitz","14":"product_cat-schwarzmuller","15":"product_cat-zorzi","17":"first","18":"instock","19":"shipping-taxable","20":"purchasable","21":"product-type-simple"},"yoast_head":"<!-- This site is optimized with the Yoast SEO plugin v26.2 - https:\/\/yoast.com\/wordpress\/plugins\/seo\/ -->\n<title>ELEKTRONIKA SENZORA PRITISKA EBS MODULATORA E GENERACIJA WABCO OE - Sindicom<\/title>\n<meta name=\"robots\" content=\"index, follow, max-snippet:-1, max-image-preview:large, max-video-preview:-1\" \/>\n<link rel=\"canonical\" href=\"https:\/\/sindicom.hr\/en\/katalog\/elektronika-senzor-pritiska-ebs-modulatora-e-generacija-wabco-oe\/\" \/>\n<meta property=\"og:locale\" content=\"en_US\" \/>\n<meta property=\"og:type\" content=\"article\" \/>\n<meta property=\"og:title\" content=\"ELEKTRONIKA SENZORA PRITISKA EBS MODULATORA E GENERACIJA WABCO OE - Sindicom\" \/>\n<meta property=\"og:url\" content=\"https:\/\/sindicom.hr\/en\/katalog\/elektronika-senzor-pritiska-ebs-modulatora-e-generacija-wabco-oe\/\" \/>\n<meta property=\"og:site_name\" content=\"Sindicom\" \/>\n<meta property=\"article:publisher\" content=\"https:\/\/www.facebook.com\/Sindicom-doo-170277286366043\/\" \/>\n<meta property=\"article:modified_time\" content=\"2025-10-27T12:12:04+00:00\" \/>\n<meta property=\"og:image\" content=\"https:\/\/sindicom.hr\/wp-content\/uploads\/2023\/07\/4741500111-WABCO.webp\" \/>\n\t<meta property=\"og:image:width\" content=\"600\" \/>\n\t<meta property=\"og:image:height\" content=\"600\" \/>\n\t<meta property=\"og:image:type\" content=\"image\/webp\" \/>\n<meta name=\"twitter:card\" content=\"summary_large_image\" \/>\n<meta name=\"twitter:label1\" content=\"Est. reading time\" \/>\n\t<meta name=\"twitter:data1\" content=\"1 minute\" \/>\n<script type=\"application\/ld+json\" class=\"yoast-schema-graph\">{\"@context\":\"https:\/\/schema.org\",\"@graph\":[{\"@type\":\"WebPage\",\"@id\":\"https:\/\/sindicom.hr\/en\/katalog\/elektronika-senzor-pritiska-ebs-modulatora-e-generacija-wabco-oe\/\",\"url\":\"https:\/\/sindicom.hr\/en\/katalog\/elektronika-senzor-pritiska-ebs-modulatora-e-generacija-wabco-oe\/\",\"name\":\"ELEKTRONIKA SENZORA PRITISKA EBS MODULATORA E GENERACIJA WABCO OE - Sindicom\",\"isPartOf\":{\"@id\":\"https:\/\/sindicom.hr\/en\/#website\"},\"primaryImageOfPage\":{\"@id\":\"https:\/\/sindicom.hr\/en\/katalog\/elektronika-senzor-pritiska-ebs-modulatora-e-generacija-wabco-oe\/#primaryimage\"},\"image\":{\"@id\":\"https:\/\/sindicom.hr\/en\/katalog\/elektronika-senzor-pritiska-ebs-modulatora-e-generacija-wabco-oe\/#primaryimage\"},\"thumbnailUrl\":\"https:\/\/sindicom.hr\/wp-content\/uploads\/2023\/07\/4741500111-WABCO.webp\",\"datePublished\":\"2023-07-05T12:26:54+00:00\",\"dateModified\":\"2025-10-27T12:12:04+00:00\",\"breadcrumb\":{\"@id\":\"https:\/\/sindicom.hr\/en\/katalog\/elektronika-senzor-pritiska-ebs-modulatora-e-generacija-wabco-oe\/#breadcrumb\"},\"inLanguage\":\"en-US\",\"potentialAction\":[{\"@type\":\"ReadAction\",\"target\":[\"https:\/\/sindicom.hr\/en\/katalog\/elektronika-senzor-pritiska-ebs-modulatora-e-generacija-wabco-oe\/\"]}]},{\"@type\":\"ImageObject\",\"inLanguage\":\"en-US\",\"@id\":\"https:\/\/sindicom.hr\/en\/katalog\/elektronika-senzor-pritiska-ebs-modulatora-e-generacija-wabco-oe\/#primaryimage\",\"url\":\"https:\/\/sindicom.hr\/wp-content\/uploads\/2023\/07\/4741500111-WABCO.webp\",\"contentUrl\":\"https:\/\/sindicom.hr\/wp-content\/uploads\/2023\/07\/4741500111-WABCO.webp\",\"width\":600,\"height\":600},{\"@type\":\"BreadcrumbList\",\"@id\":\"https:\/\/sindicom.hr\/en\/katalog\/elektronika-senzor-pritiska-ebs-modulatora-e-generacija-wabco-oe\/#breadcrumb\",\"itemListElement\":[{\"@type\":\"ListItem\",\"position\":1,\"name\":\"Po\u010detna stranica\",\"item\":\"https:\/\/sindicom.hr\/en\/\"},{\"@type\":\"ListItem\",\"position\":2,\"name\":\"Katalog dijelova\",\"item\":\"https:\/\/sindicom.hr\/en\/catalog\/\"},{\"@type\":\"ListItem\",\"position\":3,\"name\":\"ELEKTRONIKA SENZORA PRITISKA EBS MODULATORA E GENERACIJA WABCO OE\"}]},{\"@type\":\"WebSite\",\"@id\":\"https:\/\/sindicom.hr\/en\/#website\",\"url\":\"https:\/\/sindicom.hr\/en\/\",\"name\":\"SINDICOM\",\"description\":\"Trade and repair of pneumatic brakes, air and hydraulic systems for trucks and buses\",\"publisher\":{\"@id\":\"https:\/\/sindicom.hr\/en\/#organization\"},\"potentialAction\":[{\"@type\":\"SearchAction\",\"target\":{\"@type\":\"EntryPoint\",\"urlTemplate\":\"https:\/\/sindicom.hr\/en\/?s={search_term_string}\"},\"query-input\":{\"@type\":\"PropertyValueSpecification\",\"valueRequired\":true,\"valueName\":\"search_term_string\"}}],\"inLanguage\":\"en-US\"},{\"@type\":\"Organization\",\"@id\":\"https:\/\/sindicom.hr\/en\/#organization\",\"name\":\"SINDICOM d.o.o.\",\"url\":\"https:\/\/sindicom.hr\/en\/\",\"logo\":{\"@type\":\"ImageObject\",\"inLanguage\":\"en-US\",\"@id\":\"https:\/\/sindicom.hr\/en\/#\/schema\/logo\/image\/\",\"url\":\"https:\/\/sindicom.hr\/wp-content\/uploads\/2019\/11\/sindicom_logo_veliki1.jpg.png\",\"contentUrl\":\"https:\/\/sindicom.hr\/wp-content\/uploads\/2019\/11\/sindicom_logo_veliki1.jpg.png\",\"width\":732,\"height\":706,\"caption\":\"SINDICOM d.o.o.\"},\"image\":{\"@id\":\"https:\/\/sindicom.hr\/en\/#\/schema\/logo\/image\/\"},\"sameAs\":[\"https:\/\/www.facebook.com\/Sindicom-doo-170277286366043\/\",\"https:\/\/instagram.com\/sindicomdoo\"]}]}<\/script>\n<!-- \/ Yoast SEO plugin. -->","yoast_head_json":{"title":"ELEKTRONIKA SENZORA PRITISKA EBS MODULATORA E GENERACIJA WABCO OE - Sindicom","robots":{"index":"index","follow":"follow","max-snippet":"max-snippet:-1","max-image-preview":"max-image-preview:large","max-video-preview":"max-video-preview:-1"},"canonical":"https:\/\/sindicom.hr\/en\/katalog\/elektronika-senzor-pritiska-ebs-modulatora-e-generacija-wabco-oe\/","og_locale":"en_US","og_type":"article","og_title":"ELEKTRONIKA SENZORA PRITISKA EBS MODULATORA E GENERACIJA WABCO OE - Sindicom","og_url":"https:\/\/sindicom.hr\/en\/katalog\/elektronika-senzor-pritiska-ebs-modulatora-e-generacija-wabco-oe\/","og_site_name":"Sindicom","article_publisher":"https:\/\/www.facebook.com\/Sindicom-doo-170277286366043\/","article_modified_time":"2025-10-27T12:12:04+00:00","og_image":[{"width":600,"height":600,"url":"https:\/\/sindicom.hr\/wp-content\/uploads\/2023\/07\/4741500111-WABCO.webp","type":"image\/webp"}],"twitter_card":"summary_large_image","twitter_misc":{"Est. reading time":"1 minute"},"schema":{"@context":"https:\/\/schema.org","@graph":[{"@type":"WebPage","@id":"https:\/\/sindicom.hr\/en\/katalog\/elektronika-senzor-pritiska-ebs-modulatora-e-generacija-wabco-oe\/","url":"https:\/\/sindicom.hr\/en\/katalog\/elektronika-senzor-pritiska-ebs-modulatora-e-generacija-wabco-oe\/","name":"ELEKTRONIKA SENZORA PRITISKA EBS MODULATORA E GENERACIJA WABCO OE - Sindicom","isPartOf":{"@id":"https:\/\/sindicom.hr\/en\/#website"},"primaryImageOfPage":{"@id":"https:\/\/sindicom.hr\/en\/katalog\/elektronika-senzor-pritiska-ebs-modulatora-e-generacija-wabco-oe\/#primaryimage"},"image":{"@id":"https:\/\/sindicom.hr\/en\/katalog\/elektronika-senzor-pritiska-ebs-modulatora-e-generacija-wabco-oe\/#primaryimage"},"thumbnailUrl":"https:\/\/sindicom.hr\/wp-content\/uploads\/2023\/07\/4741500111-WABCO.webp","datePublished":"2023-07-05T12:26:54+00:00","dateModified":"2025-10-27T12:12:04+00:00","breadcrumb":{"@id":"https:\/\/sindicom.hr\/en\/katalog\/elektronika-senzor-pritiska-ebs-modulatora-e-generacija-wabco-oe\/#breadcrumb"},"inLanguage":"en-US","potentialAction":[{"@type":"ReadAction","target":["https:\/\/sindicom.hr\/en\/katalog\/elektronika-senzor-pritiska-ebs-modulatora-e-generacija-wabco-oe\/"]}]},{"@type":"ImageObject","inLanguage":"en-US","@id":"https:\/\/sindicom.hr\/en\/katalog\/elektronika-senzor-pritiska-ebs-modulatora-e-generacija-wabco-oe\/#primaryimage","url":"https:\/\/sindicom.hr\/wp-content\/uploads\/2023\/07\/4741500111-WABCO.webp","contentUrl":"https:\/\/sindicom.hr\/wp-content\/uploads\/2023\/07\/4741500111-WABCO.webp","width":600,"height":600},{"@type":"BreadcrumbList","@id":"https:\/\/sindicom.hr\/en\/katalog\/elektronika-senzor-pritiska-ebs-modulatora-e-generacija-wabco-oe\/#breadcrumb","itemListElement":[{"@type":"ListItem","position":1,"name":"Po\u010detna stranica","item":"https:\/\/sindicom.hr\/en\/"},{"@type":"ListItem","position":2,"name":"Katalog dijelova","item":"https:\/\/sindicom.hr\/en\/catalog\/"},{"@type":"ListItem","position":3,"name":"ELEKTRONIKA SENZORA PRITISKA EBS MODULATORA E GENERACIJA WABCO OE"}]},{"@type":"WebSite","@id":"https:\/\/sindicom.hr\/en\/#website","url":"https:\/\/sindicom.hr\/en\/","name":"SINDICOM","description":"Trade and repair of pneumatic brakes, air and hydraulic systems for trucks and buses","publisher":{"@id":"https:\/\/sindicom.hr\/en\/#organization"},"potentialAction":[{"@type":"SearchAction","target":{"@type":"EntryPoint","urlTemplate":"https:\/\/sindicom.hr\/en\/?s={search_term_string}"},"query-input":{"@type":"PropertyValueSpecification","valueRequired":true,"valueName":"search_term_string"}}],"inLanguage":"en-US"},{"@type":"Organization","@id":"https:\/\/sindicom.hr\/en\/#organization","name":"SINDICOM d.o.o.","url":"https:\/\/sindicom.hr\/en\/","logo":{"@type":"ImageObject","inLanguage":"en-US","@id":"https:\/\/sindicom.hr\/en\/#\/schema\/logo\/image\/","url":"https:\/\/sindicom.hr\/wp-content\/uploads\/2019\/11\/sindicom_logo_veliki1.jpg.png","contentUrl":"https:\/\/sindicom.hr\/wp-content\/uploads\/2019\/11\/sindicom_logo_veliki1.jpg.png","width":732,"height":706,"caption":"SINDICOM d.o.o."},"image":{"@id":"https:\/\/sindicom.hr\/en\/#\/schema\/logo\/image\/"},"sameAs":["https:\/\/www.facebook.com\/Sindicom-doo-170277286366043\/","https:\/\/instagram.com\/sindicomdoo"]}]}},"_links":{"self":[{"href":"https:\/\/sindicom.hr\/en\/wp-json\/wp\/v2\/product\/27074","targetHints":{"allow":["GET"]}}],"collection":[{"href":"https:\/\/sindicom.hr\/en\/wp-json\/wp\/v2\/product"}],"about":[{"href":"https:\/\/sindicom.hr\/en\/wp-json\/wp\/v2\/types\/product"}],"wp:featuredmedia":[{"embeddable":true,"href":"https:\/\/sindicom.hr\/en\/wp-json\/wp\/v2\/media\/39093"}],"wp:attachment":[{"href":"https:\/\/sindicom.hr\/en\/wp-json\/wp\/v2\/media?parent=27074"}],"wp:term":[{"taxonomy":"product_brand","embeddable":true,"href":"https:\/\/sindicom.hr\/en\/wp-json\/wp\/v2\/product_brand?post=27074"},{"taxonomy":"product_cat","embeddable":true,"href":"https:\/\/sindicom.hr\/en\/wp-json\/wp\/v2\/product_cat?post=27074"},{"taxonomy":"product_tag","embeddable":true,"href":"https:\/\/sindicom.hr\/en\/wp-json\/wp\/v2\/product_tag?post=27074"}],"curies":[{"name":"wp","href":"https:\/\/api.w.org\/{rel}","templated":true}]}}