{"id":27082,"date":"2023-07-05T12:26:57","date_gmt":"2023-07-05T12:26:57","guid":{"rendered":"https:\/\/sindicom.hr\/?post_type=product&#038;p=27082"},"modified":"2025-10-27T12:12:08","modified_gmt":"2025-10-27T12:12:08","slug":"set-klizaca-kocione-celjusti-opel-frontera-zamj","status":"publish","type":"product","link":"https:\/\/sindicom.hr\/en\/katalog\/set-klizaca-kocione-celjusti-opel-frontera-zamj\/","title":{"rendered":"SET KLIZA\u010cA KO\u010cIONE \u010cELJUSTI OPEL FRONTERA ZAMJ."},"content":{"rendered":"<p>D7-067C AUTOFREN  1987470642 BOSCH  0986473059 BOSCH  0986474059 BOSCH   169225 BUDWEG CALIPER  342346 BUDWEG CALIPER  342347 BUDWEG CALIPER  342528 BUDWEG CALIPER  342529 BUDWEG CALIPER  342582 BUDWEG CALIPER  342583 BUDWEG CALIPER  342678 BUDWEG CALIPER  342679 BUDWEG CALIPER  342784 BUDWEG CALIPER  342785 BUDWEG CALIPER  344464 BUDWEG CALIPER  344465 BUDWEG CALIPER  387652 BUDWEG CALIPER  387653 BUDWEG CALIPER  808008 FRENKIT  811019 FRENKIT  55101 A.B.S.  Caliper Repair Kit<\/p>\n","protected":false},"excerpt":{"rendered":"<p>D7-067C AUTOFREN 1987470642 BOSCH 0986473059 BOSCH 0986474059 BOSCH 169225 BUDWEG  [&#8230;]<\/p>\n","protected":false},"featured_media":0,"template":"","meta":{"inline_featured_image":false},"product_brand":[],"product_cat":[140],"product_tag":[],"class_list":{"0":"post-27082","1":"product","2":"type-product","3":"status-publish","5":"product_cat-radni-strojevi","7":"first","8":"instock","9":"shipping-taxable","10":"purchasable","11":"product-type-simple"},"yoast_head":"<!-- This site is optimized with the Yoast SEO plugin v26.2 - https:\/\/yoast.com\/wordpress\/plugins\/seo\/ -->\n<title>SET KLIZA\u010cA KO\u010cIONE \u010cELJUSTI OPEL FRONTERA ZAMJ. - Sindicom<\/title>\n<meta name=\"robots\" content=\"index, follow, max-snippet:-1, max-image-preview:large, max-video-preview:-1\" \/>\n<link rel=\"canonical\" href=\"https:\/\/sindicom.hr\/en\/katalog\/set-klizaca-kocione-celjusti-opel-frontera-zamj\/\" \/>\n<meta property=\"og:locale\" content=\"en_US\" \/>\n<meta property=\"og:type\" content=\"article\" \/>\n<meta property=\"og:title\" content=\"SET KLIZA\u010cA KO\u010cIONE \u010cELJUSTI OPEL FRONTERA ZAMJ. - Sindicom\" \/>\n<meta property=\"og:description\" content=\"D7-067C AUTOFREN 1987470642 BOSCH 0986473059 BOSCH 0986474059 BOSCH 169225 BUDWEG [...]\" \/>\n<meta property=\"og:url\" content=\"https:\/\/sindicom.hr\/en\/katalog\/set-klizaca-kocione-celjusti-opel-frontera-zamj\/\" \/>\n<meta property=\"og:site_name\" content=\"Sindicom\" \/>\n<meta property=\"article:publisher\" content=\"https:\/\/www.facebook.com\/Sindicom-doo-170277286366043\/\" \/>\n<meta property=\"article:modified_time\" content=\"2025-10-27T12:12:08+00:00\" \/>\n<meta name=\"twitter:card\" content=\"summary_large_image\" \/>\n<script type=\"application\/ld+json\" class=\"yoast-schema-graph\">{\"@context\":\"https:\/\/schema.org\",\"@graph\":[{\"@type\":\"WebPage\",\"@id\":\"https:\/\/sindicom.hr\/en\/katalog\/set-klizaca-kocione-celjusti-opel-frontera-zamj\/\",\"url\":\"https:\/\/sindicom.hr\/en\/katalog\/set-klizaca-kocione-celjusti-opel-frontera-zamj\/\",\"name\":\"SET KLIZA\u010cA KO\u010cIONE \u010cELJUSTI OPEL FRONTERA ZAMJ. - Sindicom\",\"isPartOf\":{\"@id\":\"https:\/\/sindicom.hr\/en\/#website\"},\"datePublished\":\"2023-07-05T12:26:57+00:00\",\"dateModified\":\"2025-10-27T12:12:08+00:00\",\"breadcrumb\":{\"@id\":\"https:\/\/sindicom.hr\/en\/katalog\/set-klizaca-kocione-celjusti-opel-frontera-zamj\/#breadcrumb\"},\"inLanguage\":\"en-US\",\"potentialAction\":[{\"@type\":\"ReadAction\",\"target\":[\"https:\/\/sindicom.hr\/en\/katalog\/set-klizaca-kocione-celjusti-opel-frontera-zamj\/\"]}]},{\"@type\":\"BreadcrumbList\",\"@id\":\"https:\/\/sindicom.hr\/en\/katalog\/set-klizaca-kocione-celjusti-opel-frontera-zamj\/#breadcrumb\",\"itemListElement\":[{\"@type\":\"ListItem\",\"position\":1,\"name\":\"Po\u010detna stranica\",\"item\":\"https:\/\/sindicom.hr\/en\/\"},{\"@type\":\"ListItem\",\"position\":2,\"name\":\"Katalog dijelova\",\"item\":\"https:\/\/sindicom.hr\/en\/catalog\/\"},{\"@type\":\"ListItem\",\"position\":3,\"name\":\"SET KLIZA\u010cA KO\u010cIONE \u010cELJUSTI OPEL FRONTERA ZAMJ.\"}]},{\"@type\":\"WebSite\",\"@id\":\"https:\/\/sindicom.hr\/en\/#website\",\"url\":\"https:\/\/sindicom.hr\/en\/\",\"name\":\"SINDICOM\",\"description\":\"Trade and repair of pneumatic brakes, air and hydraulic systems for trucks and buses\",\"publisher\":{\"@id\":\"https:\/\/sindicom.hr\/en\/#organization\"},\"potentialAction\":[{\"@type\":\"SearchAction\",\"target\":{\"@type\":\"EntryPoint\",\"urlTemplate\":\"https:\/\/sindicom.hr\/en\/?s={search_term_string}\"},\"query-input\":{\"@type\":\"PropertyValueSpecification\",\"valueRequired\":true,\"valueName\":\"search_term_string\"}}],\"inLanguage\":\"en-US\"},{\"@type\":\"Organization\",\"@id\":\"https:\/\/sindicom.hr\/en\/#organization\",\"name\":\"SINDICOM d.o.o.\",\"url\":\"https:\/\/sindicom.hr\/en\/\",\"logo\":{\"@type\":\"ImageObject\",\"inLanguage\":\"en-US\",\"@id\":\"https:\/\/sindicom.hr\/en\/#\/schema\/logo\/image\/\",\"url\":\"https:\/\/sindicom.hr\/wp-content\/uploads\/2019\/11\/sindicom_logo_veliki1.jpg.png\",\"contentUrl\":\"https:\/\/sindicom.hr\/wp-content\/uploads\/2019\/11\/sindicom_logo_veliki1.jpg.png\",\"width\":732,\"height\":706,\"caption\":\"SINDICOM d.o.o.\"},\"image\":{\"@id\":\"https:\/\/sindicom.hr\/en\/#\/schema\/logo\/image\/\"},\"sameAs\":[\"https:\/\/www.facebook.com\/Sindicom-doo-170277286366043\/\",\"https:\/\/instagram.com\/sindicomdoo\"]}]}<\/script>\n<!-- \/ Yoast SEO plugin. -->","yoast_head_json":{"title":"SET KLIZA\u010cA KO\u010cIONE \u010cELJUSTI OPEL FRONTERA ZAMJ. - Sindicom","robots":{"index":"index","follow":"follow","max-snippet":"max-snippet:-1","max-image-preview":"max-image-preview:large","max-video-preview":"max-video-preview:-1"},"canonical":"https:\/\/sindicom.hr\/en\/katalog\/set-klizaca-kocione-celjusti-opel-frontera-zamj\/","og_locale":"en_US","og_type":"article","og_title":"SET KLIZA\u010cA KO\u010cIONE \u010cELJUSTI OPEL FRONTERA ZAMJ. - Sindicom","og_description":"D7-067C AUTOFREN 1987470642 BOSCH 0986473059 BOSCH 0986474059 BOSCH 169225 BUDWEG [...]","og_url":"https:\/\/sindicom.hr\/en\/katalog\/set-klizaca-kocione-celjusti-opel-frontera-zamj\/","og_site_name":"Sindicom","article_publisher":"https:\/\/www.facebook.com\/Sindicom-doo-170277286366043\/","article_modified_time":"2025-10-27T12:12:08+00:00","twitter_card":"summary_large_image","schema":{"@context":"https:\/\/schema.org","@graph":[{"@type":"WebPage","@id":"https:\/\/sindicom.hr\/en\/katalog\/set-klizaca-kocione-celjusti-opel-frontera-zamj\/","url":"https:\/\/sindicom.hr\/en\/katalog\/set-klizaca-kocione-celjusti-opel-frontera-zamj\/","name":"SET KLIZA\u010cA KO\u010cIONE \u010cELJUSTI OPEL FRONTERA ZAMJ. - Sindicom","isPartOf":{"@id":"https:\/\/sindicom.hr\/en\/#website"},"datePublished":"2023-07-05T12:26:57+00:00","dateModified":"2025-10-27T12:12:08+00:00","breadcrumb":{"@id":"https:\/\/sindicom.hr\/en\/katalog\/set-klizaca-kocione-celjusti-opel-frontera-zamj\/#breadcrumb"},"inLanguage":"en-US","potentialAction":[{"@type":"ReadAction","target":["https:\/\/sindicom.hr\/en\/katalog\/set-klizaca-kocione-celjusti-opel-frontera-zamj\/"]}]},{"@type":"BreadcrumbList","@id":"https:\/\/sindicom.hr\/en\/katalog\/set-klizaca-kocione-celjusti-opel-frontera-zamj\/#breadcrumb","itemListElement":[{"@type":"ListItem","position":1,"name":"Po\u010detna stranica","item":"https:\/\/sindicom.hr\/en\/"},{"@type":"ListItem","position":2,"name":"Katalog dijelova","item":"https:\/\/sindicom.hr\/en\/catalog\/"},{"@type":"ListItem","position":3,"name":"SET KLIZA\u010cA KO\u010cIONE \u010cELJUSTI OPEL FRONTERA ZAMJ."}]},{"@type":"WebSite","@id":"https:\/\/sindicom.hr\/en\/#website","url":"https:\/\/sindicom.hr\/en\/","name":"SINDICOM","description":"Trade and repair of pneumatic brakes, air and hydraulic systems for trucks and buses","publisher":{"@id":"https:\/\/sindicom.hr\/en\/#organization"},"potentialAction":[{"@type":"SearchAction","target":{"@type":"EntryPoint","urlTemplate":"https:\/\/sindicom.hr\/en\/?s={search_term_string}"},"query-input":{"@type":"PropertyValueSpecification","valueRequired":true,"valueName":"search_term_string"}}],"inLanguage":"en-US"},{"@type":"Organization","@id":"https:\/\/sindicom.hr\/en\/#organization","name":"SINDICOM d.o.o.","url":"https:\/\/sindicom.hr\/en\/","logo":{"@type":"ImageObject","inLanguage":"en-US","@id":"https:\/\/sindicom.hr\/en\/#\/schema\/logo\/image\/","url":"https:\/\/sindicom.hr\/wp-content\/uploads\/2019\/11\/sindicom_logo_veliki1.jpg.png","contentUrl":"https:\/\/sindicom.hr\/wp-content\/uploads\/2019\/11\/sindicom_logo_veliki1.jpg.png","width":732,"height":706,"caption":"SINDICOM d.o.o."},"image":{"@id":"https:\/\/sindicom.hr\/en\/#\/schema\/logo\/image\/"},"sameAs":["https:\/\/www.facebook.com\/Sindicom-doo-170277286366043\/","https:\/\/instagram.com\/sindicomdoo"]}]}},"_links":{"self":[{"href":"https:\/\/sindicom.hr\/en\/wp-json\/wp\/v2\/product\/27082","targetHints":{"allow":["GET"]}}],"collection":[{"href":"https:\/\/sindicom.hr\/en\/wp-json\/wp\/v2\/product"}],"about":[{"href":"https:\/\/sindicom.hr\/en\/wp-json\/wp\/v2\/types\/product"}],"wp:attachment":[{"href":"https:\/\/sindicom.hr\/en\/wp-json\/wp\/v2\/media?parent=27082"}],"wp:term":[{"taxonomy":"product_brand","embeddable":true,"href":"https:\/\/sindicom.hr\/en\/wp-json\/wp\/v2\/product_brand?post=27082"},{"taxonomy":"product_cat","embeddable":true,"href":"https:\/\/sindicom.hr\/en\/wp-json\/wp\/v2\/product_cat?post=27082"},{"taxonomy":"product_tag","embeddable":true,"href":"https:\/\/sindicom.hr\/en\/wp-json\/wp\/v2\/product_tag?post=27082"}],"curies":[{"name":"wp","href":"https:\/\/api.w.org\/{rel}","templated":true}]}}