{"id":27195,"date":"2023-09-01T10:26:43","date_gmt":"2023-09-01T10:26:43","guid":{"rendered":"https:\/\/sindicom.hr\/?post_type=product&#038;p=27195"},"modified":"2025-10-27T12:12:20","modified_gmt":"2025-10-27T12:12:20","slug":"isusivac-zraka-8-b-8-1-b-8-5-b-m12-bez-4-m27-grijac-wabco-zamj","status":"publish","type":"product","link":"https:\/\/sindicom.hr\/en\/katalog\/isusivac-zraka-8-b-8-1-b-8-5-b-m12-bez-4-m27-grijac-wabco-zamj\/","title":{"rendered":"ISU\u0160IVA\u010c ZRAKA 8 b 8.1 b 8.5 b 8-12 b M12 BEZ 4 M27 GRIJA\u010c WABCO ZAMJ."},"content":{"rendered":"<p>35110030250 SORL  4324101020 WABCO  4324100000 WABCO  4324100070 WABCO  4324100420 WABCO  4324101010 WABCO  4324101027 WABCO  4324102010 WABCO  I92013 KNORR  II30180 KNORR  II30448 KNORR  II31478 KNORR  LA8257 KNORR  LA6200 KNORR  LA6210 KNORR  LA6212 KNORR  LA6221 KNORR  LA8225 KNORR  II30179 KNORR  LA8226 KNORR  LA8228 KNORR  II30185 KNORR  LA8234 KNORR  LA8245 KNORR  II30810 KNORR  LA8253 KNORR  LA8553 KNORR  II30448-B KNORR  K028021 KNORR  K028021N50 KNORR  LA8245-8.5 bar KNORR  1518680 DAF  1285553 DAF  235240 VDL  20235240 VDL  980829 IRISBUS  3194896 VOLVO  20399131 VOLVO  20733885 VOLVO  1186765 STEYR  1186765 BENDIX  81521026063 MAN  81521026321 MAN  81521026021 MAN  81521026023 MAN  81521026036 MAN  81521026056 MAN  81521026231 MAN  81.52102-6063 MAN  81.52102-6321 MAN  81.52102-6021 MAN  81.52102-6023 MAN  81.52102-6036 MAN  81.52102-6056 MAN  81.52102-6231 MAN  1102734000 SOLARIS  79200360457 STEYR  792.00.36.0457 STEYR  792.00.36.0240 STEYR  526031205010 STEYR  5.260.31.205.01.0 STEYR  110274830 NEOPLAN  0484460109 BOSCH  8285407000 EVOBUS  82854070000 EVOBUS  A8.285.407.000 EVOBUS  0004319415 MERCEDES  A0004319415 MERCEDES  A 000 431 94 15 MERCEDES  A0004317515 MERCEDES  A3714317015 MERCEDES  Air dryer  Luchtdroger  Lufttrockner  Secador de aire  Dessiccateur cartouche  Essiccatore d&#8217;aria Pneumatico<\/p>\n","protected":false},"excerpt":{"rendered":"<p><img decoding=\"async\" class=\"alignnone size-medium wp-image-17694\" src=\"https:\/\/sindicom.hr\/wp-content\/uploads\/2020\/05\/aftermarket-300x300.png\" alt=\"\" width=\"300\" height=\"300\" srcset=\"https:\/\/sindicom.hr\/wp-content\/uploads\/2020\/05\/aftermarket-64x64.png 64w, https:\/\/sindicom.hr\/wp-content\/uploads\/2020\/05\/aftermarket-66x66.png 66w, https:\/\/sindicom.hr\/wp-content\/uploads\/2020\/05\/aftermarket-100x100.png 100w, https:\/\/sindicom.hr\/wp-content\/uploads\/2020\/05\/aftermarket-150x150.png 150w, https:\/\/sindicom.hr\/wp-content\/uploads\/2020\/05\/aftermarket-200x200.png 200w, https:\/\/sindicom.hr\/wp-content\/uploads\/2020\/05\/aftermarket.png 300w\" sizes=\"(max-width: 300px) 100vw, 300px\" \/><\/p>\n","protected":false},"featured_media":34937,"template":"","meta":{"inline_featured_image":false},"product_brand":[],"product_cat":[15,100,96,126,101,135,33,108,97,113,105,104,102,137,107,136,111],"product_tag":[],"class_list":{"0":"post-27195","1":"product","2":"type-product","3":"status-publish","4":"has-post-thumbnail","6":"product_cat-all-products","7":"product_cat-bova-vdl","8":"product_cat-busevi","9":"product_cat-daf","10":"product_cat-evobus","11":"product_cat-irisbus","12":"product_cat-isusivaci-zraka","13":"product_cat-man-teretna-vozila","14":"product_cat-man","15":"product_cat-mercedes-teretna-vozila","16":"product_cat-mercedes","17":"product_cat-neoplan","18":"product_cat-solaris","19":"product_cat-steyr","20":"product_cat-teretna-vozila","21":"product_cat-traktori","22":"product_cat-volvo","24":"first","25":"instock","26":"shipping-taxable","27":"purchasable","28":"product-type-simple"},"yoast_head":"<!-- This site is optimized with the Yoast SEO plugin v26.2 - https:\/\/yoast.com\/wordpress\/plugins\/seo\/ -->\n<title>ISU\u0160IVA\u010c ZRAKA 8 b 8.1 b 8.5 b 8-12 b M12 BEZ 4 M27 GRIJA\u010c WABCO ZAMJ. - Sindicom<\/title>\n<meta name=\"robots\" content=\"index, follow, max-snippet:-1, max-image-preview:large, max-video-preview:-1\" \/>\n<link rel=\"canonical\" href=\"https:\/\/sindicom.hr\/en\/katalog\/isusivac-zraka-8-b-8-1-b-8-5-b-m12-bez-4-m27-grijac-wabco-zamj\/\" \/>\n<meta property=\"og:locale\" content=\"en_US\" \/>\n<meta property=\"og:type\" content=\"article\" \/>\n<meta property=\"og:title\" content=\"ISU\u0160IVA\u010c ZRAKA 8 b 8.1 b 8.5 b 8-12 b M12 BEZ 4 M27 GRIJA\u010c WABCO ZAMJ. - Sindicom\" \/>\n<meta property=\"og:url\" content=\"https:\/\/sindicom.hr\/en\/katalog\/isusivac-zraka-8-b-8-1-b-8-5-b-m12-bez-4-m27-grijac-wabco-zamj\/\" \/>\n<meta property=\"og:site_name\" content=\"Sindicom\" \/>\n<meta property=\"article:publisher\" content=\"https:\/\/www.facebook.com\/Sindicom-doo-170277286366043\/\" \/>\n<meta property=\"article:modified_time\" content=\"2025-10-27T12:12:20+00:00\" \/>\n<meta property=\"og:image\" content=\"https:\/\/sindicom.hr\/wp-content\/uploads\/2023\/09\/35110030250-SORL.webp\" \/>\n\t<meta property=\"og:image:width\" content=\"600\" \/>\n\t<meta property=\"og:image:height\" content=\"600\" \/>\n\t<meta property=\"og:image:type\" content=\"image\/webp\" \/>\n<meta name=\"twitter:card\" content=\"summary_large_image\" \/>\n<meta name=\"twitter:label1\" content=\"Est. reading time\" \/>\n\t<meta name=\"twitter:data1\" content=\"2 minutes\" \/>\n<script type=\"application\/ld+json\" class=\"yoast-schema-graph\">{\"@context\":\"https:\/\/schema.org\",\"@graph\":[{\"@type\":\"WebPage\",\"@id\":\"https:\/\/sindicom.hr\/en\/katalog\/isusivac-zraka-8-b-8-1-b-8-5-b-m12-bez-4-m27-grijac-wabco-zamj\/\",\"url\":\"https:\/\/sindicom.hr\/en\/katalog\/isusivac-zraka-8-b-8-1-b-8-5-b-m12-bez-4-m27-grijac-wabco-zamj\/\",\"name\":\"ISU\u0160IVA\u010c ZRAKA 8 b 8.1 b 8.5 b 8-12 b M12 BEZ 4 M27 GRIJA\u010c WABCO ZAMJ. - Sindicom\",\"isPartOf\":{\"@id\":\"https:\/\/sindicom.hr\/en\/#website\"},\"primaryImageOfPage\":{\"@id\":\"https:\/\/sindicom.hr\/en\/katalog\/isusivac-zraka-8-b-8-1-b-8-5-b-m12-bez-4-m27-grijac-wabco-zamj\/#primaryimage\"},\"image\":{\"@id\":\"https:\/\/sindicom.hr\/en\/katalog\/isusivac-zraka-8-b-8-1-b-8-5-b-m12-bez-4-m27-grijac-wabco-zamj\/#primaryimage\"},\"thumbnailUrl\":\"https:\/\/sindicom.hr\/wp-content\/uploads\/2023\/09\/35110030250-SORL.webp\",\"datePublished\":\"2023-09-01T10:26:43+00:00\",\"dateModified\":\"2025-10-27T12:12:20+00:00\",\"breadcrumb\":{\"@id\":\"https:\/\/sindicom.hr\/en\/katalog\/isusivac-zraka-8-b-8-1-b-8-5-b-m12-bez-4-m27-grijac-wabco-zamj\/#breadcrumb\"},\"inLanguage\":\"en-US\",\"potentialAction\":[{\"@type\":\"ReadAction\",\"target\":[\"https:\/\/sindicom.hr\/en\/katalog\/isusivac-zraka-8-b-8-1-b-8-5-b-m12-bez-4-m27-grijac-wabco-zamj\/\"]}]},{\"@type\":\"ImageObject\",\"inLanguage\":\"en-US\",\"@id\":\"https:\/\/sindicom.hr\/en\/katalog\/isusivac-zraka-8-b-8-1-b-8-5-b-m12-bez-4-m27-grijac-wabco-zamj\/#primaryimage\",\"url\":\"https:\/\/sindicom.hr\/wp-content\/uploads\/2023\/09\/35110030250-SORL.webp\",\"contentUrl\":\"https:\/\/sindicom.hr\/wp-content\/uploads\/2023\/09\/35110030250-SORL.webp\",\"width\":600,\"height\":600},{\"@type\":\"BreadcrumbList\",\"@id\":\"https:\/\/sindicom.hr\/en\/katalog\/isusivac-zraka-8-b-8-1-b-8-5-b-m12-bez-4-m27-grijac-wabco-zamj\/#breadcrumb\",\"itemListElement\":[{\"@type\":\"ListItem\",\"position\":1,\"name\":\"Po\u010detna stranica\",\"item\":\"https:\/\/sindicom.hr\/en\/\"},{\"@type\":\"ListItem\",\"position\":2,\"name\":\"Katalog dijelova\",\"item\":\"https:\/\/sindicom.hr\/en\/catalog\/\"},{\"@type\":\"ListItem\",\"position\":3,\"name\":\"ISU\u0160IVA\u010c ZRAKA 8 b 8.1 b 8.5 b 8-12 b M12 BEZ 4 M27 GRIJA\u010c WABCO ZAMJ.\"}]},{\"@type\":\"WebSite\",\"@id\":\"https:\/\/sindicom.hr\/en\/#website\",\"url\":\"https:\/\/sindicom.hr\/en\/\",\"name\":\"SINDICOM\",\"description\":\"Trade and repair of pneumatic brakes, air and hydraulic systems for trucks and buses\",\"publisher\":{\"@id\":\"https:\/\/sindicom.hr\/en\/#organization\"},\"potentialAction\":[{\"@type\":\"SearchAction\",\"target\":{\"@type\":\"EntryPoint\",\"urlTemplate\":\"https:\/\/sindicom.hr\/en\/?s={search_term_string}\"},\"query-input\":{\"@type\":\"PropertyValueSpecification\",\"valueRequired\":true,\"valueName\":\"search_term_string\"}}],\"inLanguage\":\"en-US\"},{\"@type\":\"Organization\",\"@id\":\"https:\/\/sindicom.hr\/en\/#organization\",\"name\":\"SINDICOM d.o.o.\",\"url\":\"https:\/\/sindicom.hr\/en\/\",\"logo\":{\"@type\":\"ImageObject\",\"inLanguage\":\"en-US\",\"@id\":\"https:\/\/sindicom.hr\/en\/#\/schema\/logo\/image\/\",\"url\":\"https:\/\/sindicom.hr\/wp-content\/uploads\/2019\/11\/sindicom_logo_veliki1.jpg.png\",\"contentUrl\":\"https:\/\/sindicom.hr\/wp-content\/uploads\/2019\/11\/sindicom_logo_veliki1.jpg.png\",\"width\":732,\"height\":706,\"caption\":\"SINDICOM d.o.o.\"},\"image\":{\"@id\":\"https:\/\/sindicom.hr\/en\/#\/schema\/logo\/image\/\"},\"sameAs\":[\"https:\/\/www.facebook.com\/Sindicom-doo-170277286366043\/\",\"https:\/\/instagram.com\/sindicomdoo\"]}]}<\/script>\n<!-- \/ Yoast SEO plugin. -->","yoast_head_json":{"title":"ISU\u0160IVA\u010c ZRAKA 8 b 8.1 b 8.5 b 8-12 b M12 BEZ 4 M27 GRIJA\u010c WABCO ZAMJ. - Sindicom","robots":{"index":"index","follow":"follow","max-snippet":"max-snippet:-1","max-image-preview":"max-image-preview:large","max-video-preview":"max-video-preview:-1"},"canonical":"https:\/\/sindicom.hr\/en\/katalog\/isusivac-zraka-8-b-8-1-b-8-5-b-m12-bez-4-m27-grijac-wabco-zamj\/","og_locale":"en_US","og_type":"article","og_title":"ISU\u0160IVA\u010c ZRAKA 8 b 8.1 b 8.5 b 8-12 b M12 BEZ 4 M27 GRIJA\u010c WABCO ZAMJ. - Sindicom","og_url":"https:\/\/sindicom.hr\/en\/katalog\/isusivac-zraka-8-b-8-1-b-8-5-b-m12-bez-4-m27-grijac-wabco-zamj\/","og_site_name":"Sindicom","article_publisher":"https:\/\/www.facebook.com\/Sindicom-doo-170277286366043\/","article_modified_time":"2025-10-27T12:12:20+00:00","og_image":[{"width":600,"height":600,"url":"https:\/\/sindicom.hr\/wp-content\/uploads\/2023\/09\/35110030250-SORL.webp","type":"image\/webp"}],"twitter_card":"summary_large_image","twitter_misc":{"Est. reading time":"2 minutes"},"schema":{"@context":"https:\/\/schema.org","@graph":[{"@type":"WebPage","@id":"https:\/\/sindicom.hr\/en\/katalog\/isusivac-zraka-8-b-8-1-b-8-5-b-m12-bez-4-m27-grijac-wabco-zamj\/","url":"https:\/\/sindicom.hr\/en\/katalog\/isusivac-zraka-8-b-8-1-b-8-5-b-m12-bez-4-m27-grijac-wabco-zamj\/","name":"ISU\u0160IVA\u010c ZRAKA 8 b 8.1 b 8.5 b 8-12 b M12 BEZ 4 M27 GRIJA\u010c WABCO ZAMJ. - Sindicom","isPartOf":{"@id":"https:\/\/sindicom.hr\/en\/#website"},"primaryImageOfPage":{"@id":"https:\/\/sindicom.hr\/en\/katalog\/isusivac-zraka-8-b-8-1-b-8-5-b-m12-bez-4-m27-grijac-wabco-zamj\/#primaryimage"},"image":{"@id":"https:\/\/sindicom.hr\/en\/katalog\/isusivac-zraka-8-b-8-1-b-8-5-b-m12-bez-4-m27-grijac-wabco-zamj\/#primaryimage"},"thumbnailUrl":"https:\/\/sindicom.hr\/wp-content\/uploads\/2023\/09\/35110030250-SORL.webp","datePublished":"2023-09-01T10:26:43+00:00","dateModified":"2025-10-27T12:12:20+00:00","breadcrumb":{"@id":"https:\/\/sindicom.hr\/en\/katalog\/isusivac-zraka-8-b-8-1-b-8-5-b-m12-bez-4-m27-grijac-wabco-zamj\/#breadcrumb"},"inLanguage":"en-US","potentialAction":[{"@type":"ReadAction","target":["https:\/\/sindicom.hr\/en\/katalog\/isusivac-zraka-8-b-8-1-b-8-5-b-m12-bez-4-m27-grijac-wabco-zamj\/"]}]},{"@type":"ImageObject","inLanguage":"en-US","@id":"https:\/\/sindicom.hr\/en\/katalog\/isusivac-zraka-8-b-8-1-b-8-5-b-m12-bez-4-m27-grijac-wabco-zamj\/#primaryimage","url":"https:\/\/sindicom.hr\/wp-content\/uploads\/2023\/09\/35110030250-SORL.webp","contentUrl":"https:\/\/sindicom.hr\/wp-content\/uploads\/2023\/09\/35110030250-SORL.webp","width":600,"height":600},{"@type":"BreadcrumbList","@id":"https:\/\/sindicom.hr\/en\/katalog\/isusivac-zraka-8-b-8-1-b-8-5-b-m12-bez-4-m27-grijac-wabco-zamj\/#breadcrumb","itemListElement":[{"@type":"ListItem","position":1,"name":"Po\u010detna stranica","item":"https:\/\/sindicom.hr\/en\/"},{"@type":"ListItem","position":2,"name":"Katalog dijelova","item":"https:\/\/sindicom.hr\/en\/catalog\/"},{"@type":"ListItem","position":3,"name":"ISU\u0160IVA\u010c ZRAKA 8 b 8.1 b 8.5 b 8-12 b M12 BEZ 4 M27 GRIJA\u010c WABCO ZAMJ."}]},{"@type":"WebSite","@id":"https:\/\/sindicom.hr\/en\/#website","url":"https:\/\/sindicom.hr\/en\/","name":"SINDICOM","description":"Trade and repair of pneumatic brakes, air and hydraulic systems for trucks and buses","publisher":{"@id":"https:\/\/sindicom.hr\/en\/#organization"},"potentialAction":[{"@type":"SearchAction","target":{"@type":"EntryPoint","urlTemplate":"https:\/\/sindicom.hr\/en\/?s={search_term_string}"},"query-input":{"@type":"PropertyValueSpecification","valueRequired":true,"valueName":"search_term_string"}}],"inLanguage":"en-US"},{"@type":"Organization","@id":"https:\/\/sindicom.hr\/en\/#organization","name":"SINDICOM d.o.o.","url":"https:\/\/sindicom.hr\/en\/","logo":{"@type":"ImageObject","inLanguage":"en-US","@id":"https:\/\/sindicom.hr\/en\/#\/schema\/logo\/image\/","url":"https:\/\/sindicom.hr\/wp-content\/uploads\/2019\/11\/sindicom_logo_veliki1.jpg.png","contentUrl":"https:\/\/sindicom.hr\/wp-content\/uploads\/2019\/11\/sindicom_logo_veliki1.jpg.png","width":732,"height":706,"caption":"SINDICOM d.o.o."},"image":{"@id":"https:\/\/sindicom.hr\/en\/#\/schema\/logo\/image\/"},"sameAs":["https:\/\/www.facebook.com\/Sindicom-doo-170277286366043\/","https:\/\/instagram.com\/sindicomdoo"]}]}},"_links":{"self":[{"href":"https:\/\/sindicom.hr\/en\/wp-json\/wp\/v2\/product\/27195","targetHints":{"allow":["GET"]}}],"collection":[{"href":"https:\/\/sindicom.hr\/en\/wp-json\/wp\/v2\/product"}],"about":[{"href":"https:\/\/sindicom.hr\/en\/wp-json\/wp\/v2\/types\/product"}],"wp:featuredmedia":[{"embeddable":true,"href":"https:\/\/sindicom.hr\/en\/wp-json\/wp\/v2\/media\/34937"}],"wp:attachment":[{"href":"https:\/\/sindicom.hr\/en\/wp-json\/wp\/v2\/media?parent=27195"}],"wp:term":[{"taxonomy":"product_brand","embeddable":true,"href":"https:\/\/sindicom.hr\/en\/wp-json\/wp\/v2\/product_brand?post=27195"},{"taxonomy":"product_cat","embeddable":true,"href":"https:\/\/sindicom.hr\/en\/wp-json\/wp\/v2\/product_cat?post=27195"},{"taxonomy":"product_tag","embeddable":true,"href":"https:\/\/sindicom.hr\/en\/wp-json\/wp\/v2\/product_tag?post=27195"}],"curies":[{"name":"wp","href":"https:\/\/api.w.org\/{rel}","templated":true}]}}