{"id":27403,"date":"2023-12-22T09:27:55","date_gmt":"2023-12-22T09:27:55","guid":{"rendered":"https:\/\/sindicom.hr\/?post_type=product&#038;p=27403"},"modified":"2025-10-27T11:56:55","modified_gmt":"2025-10-27T11:56:55","slug":"set-cilindra-kvacila-25-mm-mineralno-ulje-case-oe","status":"publish","type":"product","link":"https:\/\/sindicom.hr\/en\/katalog\/set-cilindra-kvacila-25-mm-mineralno-ulje-case-oe\/","title":{"rendered":"SET CILINDRA KVA\u010cILA 25 mm MINERALNO ULJE CASE OE"},"content":{"rendered":"<p>MIN36 CARLISLE  12N7602 ARGOPARTS  80327C91 CASE  67092 P4 UF 50 CASE  67092P4 UF 50 CASE  67092P4UF50 CASE  67092 P4 UF 50 LUCAS  67092P4 UF 50 LUCAS  K7044 LUCAS  86014709 NEW HOLLAND  12N7602 MCCORMICK  123129807R92 CASE  12 312 9807 R92 CASE  70802631 CASE  70802631 OEM AGCO  Traktor CASE 1 684. 691  Tractor CASE 1 684. 691  F\u00fcr Kupplungszylinder  Compatible with Case IH Tractor  Compatible with New Holland Tractor(s) TV140 (brake). TV145 (brake). TV6070 (brake)  Clutch cylinder mineral oil repair kit  Kupplungszylinder-Reparatursatz auf Mineral\u00f6lbasis  Kit di riparazione dell&#8217;olio minerale del cilindro della frizione  Kit de reparaci\u00f3n de aceite mineral para cilindro de embrague  Kit de r\u00e9paration d&#8217;huile min\u00e9rale pour cylindre d&#8217;embrayage<\/p>\n","protected":false},"excerpt":{"rendered":"<p><img decoding=\"async\" class=\"alignnone size-medium wp-image-27641\" src=\"https:\/\/sindicom.hr\/wp-content\/uploads\/2023\/12\/Case-IH-300x108.png\" alt=\"\" width=\"300\" height=\"108\" srcset=\"https:\/\/sindicom.hr\/wp-content\/uploads\/2023\/12\/Case-IH-64x23.png 64w, https:\/\/sindicom.hr\/wp-content\/uploads\/2023\/12\/Case-IH-200x72.png 200w, https:\/\/sindicom.hr\/wp-content\/uploads\/2023\/12\/Case-IH-300x108.png 300w, https:\/\/sindicom.hr\/wp-content\/uploads\/2023\/12\/Case-IH-400x144.png 400w, https:\/\/sindicom.hr\/wp-content\/uploads\/2023\/12\/Case-IH-500x180.png 500w, https:\/\/sindicom.hr\/wp-content\/uploads\/2023\/12\/Case-IH-600x216.png 600w, https:\/\/sindicom.hr\/wp-content\/uploads\/2023\/12\/Case-IH-700x252.png 700w, https:\/\/sindicom.hr\/wp-content\/uploads\/2023\/12\/Case-IH-768x277.png 768w, https:\/\/sindicom.hr\/wp-content\/uploads\/2023\/12\/Case-IH-800x288.png 800w, https:\/\/sindicom.hr\/wp-content\/uploads\/2023\/12\/Case-IH-1024x369.png 1024w, https:\/\/sindicom.hr\/wp-content\/uploads\/2023\/12\/Case-IH-1200x433.png 1200w, https:\/\/sindicom.hr\/wp-content\/uploads\/2023\/12\/Case-IH-1536x554.png 1536w, https:\/\/sindicom.hr\/wp-content\/uploads\/2023\/12\/Case-IH.png 1700w\" sizes=\"(max-width: 300px) 100vw, 300px\" \/><\/p>\n","protected":false},"featured_media":41698,"template":"","meta":{"inline_featured_image":false},"product_brand":[],"product_cat":[15,222,216,138,139,156,197,194,188,120,137,136],"product_tag":[],"class_list":{"0":"post-27403","1":"product","2":"type-product","3":"status-publish","4":"has-post-thumbnail","6":"product_cat-all-products","7":"product_cat-case","8":"product_cat-claas-traktori","9":"product_cat-deutz","10":"product_cat-fendt","11":"product_cat-john-deere","12":"product_cat-landini","13":"product_cat-massey-ferguson","14":"product_cat-new-holland","15":"product_cat-reparaturni-setovi","16":"product_cat-steyr","17":"product_cat-traktori","19":"first","20":"instock","21":"shipping-taxable","22":"purchasable","23":"product-type-simple"},"yoast_head":"<!-- This site is optimized with the Yoast SEO plugin v26.2 - https:\/\/yoast.com\/wordpress\/plugins\/seo\/ -->\n<title>SET CILINDRA KVA\u010cILA 25 mm MINERALNO ULJE CASE OE - Sindicom<\/title>\n<meta name=\"robots\" content=\"index, follow, max-snippet:-1, max-image-preview:large, max-video-preview:-1\" \/>\n<link rel=\"canonical\" href=\"https:\/\/sindicom.hr\/en\/katalog\/set-cilindra-kvacila-25-mm-mineralno-ulje-case-oe\/\" \/>\n<meta property=\"og:locale\" content=\"en_US\" \/>\n<meta property=\"og:type\" content=\"article\" \/>\n<meta property=\"og:title\" content=\"SET CILINDRA KVA\u010cILA 25 mm MINERALNO ULJE CASE OE - Sindicom\" \/>\n<meta property=\"og:url\" content=\"https:\/\/sindicom.hr\/en\/katalog\/set-cilindra-kvacila-25-mm-mineralno-ulje-case-oe\/\" \/>\n<meta property=\"og:site_name\" content=\"Sindicom\" \/>\n<meta property=\"article:publisher\" content=\"https:\/\/www.facebook.com\/Sindicom-doo-170277286366043\/\" \/>\n<meta property=\"article:modified_time\" content=\"2025-10-27T11:56:55+00:00\" \/>\n<meta property=\"og:image\" content=\"https:\/\/sindicom.hr\/wp-content\/uploads\/2023\/12\/MIN36.webp\" \/>\n\t<meta property=\"og:image:width\" content=\"600\" \/>\n\t<meta property=\"og:image:height\" content=\"600\" \/>\n\t<meta property=\"og:image:type\" content=\"image\/webp\" \/>\n<meta name=\"twitter:card\" content=\"summary_large_image\" \/>\n<meta name=\"twitter:label1\" content=\"Est. reading time\" \/>\n\t<meta name=\"twitter:data1\" content=\"1 minute\" \/>\n<script type=\"application\/ld+json\" class=\"yoast-schema-graph\">{\"@context\":\"https:\/\/schema.org\",\"@graph\":[{\"@type\":\"WebPage\",\"@id\":\"https:\/\/sindicom.hr\/en\/katalog\/set-cilindra-kvacila-25-mm-mineralno-ulje-case-oe\/\",\"url\":\"https:\/\/sindicom.hr\/en\/katalog\/set-cilindra-kvacila-25-mm-mineralno-ulje-case-oe\/\",\"name\":\"SET CILINDRA KVA\u010cILA 25 mm MINERALNO ULJE CASE OE - Sindicom\",\"isPartOf\":{\"@id\":\"https:\/\/sindicom.hr\/en\/#website\"},\"primaryImageOfPage\":{\"@id\":\"https:\/\/sindicom.hr\/en\/katalog\/set-cilindra-kvacila-25-mm-mineralno-ulje-case-oe\/#primaryimage\"},\"image\":{\"@id\":\"https:\/\/sindicom.hr\/en\/katalog\/set-cilindra-kvacila-25-mm-mineralno-ulje-case-oe\/#primaryimage\"},\"thumbnailUrl\":\"https:\/\/sindicom.hr\/wp-content\/uploads\/2023\/12\/MIN36.webp\",\"datePublished\":\"2023-12-22T09:27:55+00:00\",\"dateModified\":\"2025-10-27T11:56:55+00:00\",\"breadcrumb\":{\"@id\":\"https:\/\/sindicom.hr\/en\/katalog\/set-cilindra-kvacila-25-mm-mineralno-ulje-case-oe\/#breadcrumb\"},\"inLanguage\":\"en-US\",\"potentialAction\":[{\"@type\":\"ReadAction\",\"target\":[\"https:\/\/sindicom.hr\/en\/katalog\/set-cilindra-kvacila-25-mm-mineralno-ulje-case-oe\/\"]}]},{\"@type\":\"ImageObject\",\"inLanguage\":\"en-US\",\"@id\":\"https:\/\/sindicom.hr\/en\/katalog\/set-cilindra-kvacila-25-mm-mineralno-ulje-case-oe\/#primaryimage\",\"url\":\"https:\/\/sindicom.hr\/wp-content\/uploads\/2023\/12\/MIN36.webp\",\"contentUrl\":\"https:\/\/sindicom.hr\/wp-content\/uploads\/2023\/12\/MIN36.webp\",\"width\":600,\"height\":600},{\"@type\":\"BreadcrumbList\",\"@id\":\"https:\/\/sindicom.hr\/en\/katalog\/set-cilindra-kvacila-25-mm-mineralno-ulje-case-oe\/#breadcrumb\",\"itemListElement\":[{\"@type\":\"ListItem\",\"position\":1,\"name\":\"Po\u010detna stranica\",\"item\":\"https:\/\/sindicom.hr\/en\/\"},{\"@type\":\"ListItem\",\"position\":2,\"name\":\"Katalog dijelova\",\"item\":\"https:\/\/sindicom.hr\/en\/catalog\/\"},{\"@type\":\"ListItem\",\"position\":3,\"name\":\"SET CILINDRA KVA\u010cILA 25 mm MINERALNO ULJE CASE OE\"}]},{\"@type\":\"WebSite\",\"@id\":\"https:\/\/sindicom.hr\/en\/#website\",\"url\":\"https:\/\/sindicom.hr\/en\/\",\"name\":\"SINDICOM\",\"description\":\"Trade and repair of pneumatic brakes, air and hydraulic systems for trucks and buses\",\"publisher\":{\"@id\":\"https:\/\/sindicom.hr\/en\/#organization\"},\"potentialAction\":[{\"@type\":\"SearchAction\",\"target\":{\"@type\":\"EntryPoint\",\"urlTemplate\":\"https:\/\/sindicom.hr\/en\/?s={search_term_string}\"},\"query-input\":{\"@type\":\"PropertyValueSpecification\",\"valueRequired\":true,\"valueName\":\"search_term_string\"}}],\"inLanguage\":\"en-US\"},{\"@type\":\"Organization\",\"@id\":\"https:\/\/sindicom.hr\/en\/#organization\",\"name\":\"SINDICOM d.o.o.\",\"url\":\"https:\/\/sindicom.hr\/en\/\",\"logo\":{\"@type\":\"ImageObject\",\"inLanguage\":\"en-US\",\"@id\":\"https:\/\/sindicom.hr\/en\/#\/schema\/logo\/image\/\",\"url\":\"https:\/\/sindicom.hr\/wp-content\/uploads\/2019\/11\/sindicom_logo_veliki1.jpg.png\",\"contentUrl\":\"https:\/\/sindicom.hr\/wp-content\/uploads\/2019\/11\/sindicom_logo_veliki1.jpg.png\",\"width\":732,\"height\":706,\"caption\":\"SINDICOM d.o.o.\"},\"image\":{\"@id\":\"https:\/\/sindicom.hr\/en\/#\/schema\/logo\/image\/\"},\"sameAs\":[\"https:\/\/www.facebook.com\/Sindicom-doo-170277286366043\/\",\"https:\/\/instagram.com\/sindicomdoo\"]}]}<\/script>\n<!-- \/ Yoast SEO plugin. -->","yoast_head_json":{"title":"SET CILINDRA KVA\u010cILA 25 mm MINERALNO ULJE CASE OE - Sindicom","robots":{"index":"index","follow":"follow","max-snippet":"max-snippet:-1","max-image-preview":"max-image-preview:large","max-video-preview":"max-video-preview:-1"},"canonical":"https:\/\/sindicom.hr\/en\/katalog\/set-cilindra-kvacila-25-mm-mineralno-ulje-case-oe\/","og_locale":"en_US","og_type":"article","og_title":"SET CILINDRA KVA\u010cILA 25 mm MINERALNO ULJE CASE OE - Sindicom","og_url":"https:\/\/sindicom.hr\/en\/katalog\/set-cilindra-kvacila-25-mm-mineralno-ulje-case-oe\/","og_site_name":"Sindicom","article_publisher":"https:\/\/www.facebook.com\/Sindicom-doo-170277286366043\/","article_modified_time":"2025-10-27T11:56:55+00:00","og_image":[{"width":600,"height":600,"url":"https:\/\/sindicom.hr\/wp-content\/uploads\/2023\/12\/MIN36.webp","type":"image\/webp"}],"twitter_card":"summary_large_image","twitter_misc":{"Est. reading time":"1 minute"},"schema":{"@context":"https:\/\/schema.org","@graph":[{"@type":"WebPage","@id":"https:\/\/sindicom.hr\/en\/katalog\/set-cilindra-kvacila-25-mm-mineralno-ulje-case-oe\/","url":"https:\/\/sindicom.hr\/en\/katalog\/set-cilindra-kvacila-25-mm-mineralno-ulje-case-oe\/","name":"SET CILINDRA KVA\u010cILA 25 mm MINERALNO ULJE CASE OE - Sindicom","isPartOf":{"@id":"https:\/\/sindicom.hr\/en\/#website"},"primaryImageOfPage":{"@id":"https:\/\/sindicom.hr\/en\/katalog\/set-cilindra-kvacila-25-mm-mineralno-ulje-case-oe\/#primaryimage"},"image":{"@id":"https:\/\/sindicom.hr\/en\/katalog\/set-cilindra-kvacila-25-mm-mineralno-ulje-case-oe\/#primaryimage"},"thumbnailUrl":"https:\/\/sindicom.hr\/wp-content\/uploads\/2023\/12\/MIN36.webp","datePublished":"2023-12-22T09:27:55+00:00","dateModified":"2025-10-27T11:56:55+00:00","breadcrumb":{"@id":"https:\/\/sindicom.hr\/en\/katalog\/set-cilindra-kvacila-25-mm-mineralno-ulje-case-oe\/#breadcrumb"},"inLanguage":"en-US","potentialAction":[{"@type":"ReadAction","target":["https:\/\/sindicom.hr\/en\/katalog\/set-cilindra-kvacila-25-mm-mineralno-ulje-case-oe\/"]}]},{"@type":"ImageObject","inLanguage":"en-US","@id":"https:\/\/sindicom.hr\/en\/katalog\/set-cilindra-kvacila-25-mm-mineralno-ulje-case-oe\/#primaryimage","url":"https:\/\/sindicom.hr\/wp-content\/uploads\/2023\/12\/MIN36.webp","contentUrl":"https:\/\/sindicom.hr\/wp-content\/uploads\/2023\/12\/MIN36.webp","width":600,"height":600},{"@type":"BreadcrumbList","@id":"https:\/\/sindicom.hr\/en\/katalog\/set-cilindra-kvacila-25-mm-mineralno-ulje-case-oe\/#breadcrumb","itemListElement":[{"@type":"ListItem","position":1,"name":"Po\u010detna stranica","item":"https:\/\/sindicom.hr\/en\/"},{"@type":"ListItem","position":2,"name":"Katalog dijelova","item":"https:\/\/sindicom.hr\/en\/catalog\/"},{"@type":"ListItem","position":3,"name":"SET CILINDRA KVA\u010cILA 25 mm MINERALNO ULJE CASE OE"}]},{"@type":"WebSite","@id":"https:\/\/sindicom.hr\/en\/#website","url":"https:\/\/sindicom.hr\/en\/","name":"SINDICOM","description":"Trade and repair of pneumatic brakes, air and hydraulic systems for trucks and buses","publisher":{"@id":"https:\/\/sindicom.hr\/en\/#organization"},"potentialAction":[{"@type":"SearchAction","target":{"@type":"EntryPoint","urlTemplate":"https:\/\/sindicom.hr\/en\/?s={search_term_string}"},"query-input":{"@type":"PropertyValueSpecification","valueRequired":true,"valueName":"search_term_string"}}],"inLanguage":"en-US"},{"@type":"Organization","@id":"https:\/\/sindicom.hr\/en\/#organization","name":"SINDICOM d.o.o.","url":"https:\/\/sindicom.hr\/en\/","logo":{"@type":"ImageObject","inLanguage":"en-US","@id":"https:\/\/sindicom.hr\/en\/#\/schema\/logo\/image\/","url":"https:\/\/sindicom.hr\/wp-content\/uploads\/2019\/11\/sindicom_logo_veliki1.jpg.png","contentUrl":"https:\/\/sindicom.hr\/wp-content\/uploads\/2019\/11\/sindicom_logo_veliki1.jpg.png","width":732,"height":706,"caption":"SINDICOM d.o.o."},"image":{"@id":"https:\/\/sindicom.hr\/en\/#\/schema\/logo\/image\/"},"sameAs":["https:\/\/www.facebook.com\/Sindicom-doo-170277286366043\/","https:\/\/instagram.com\/sindicomdoo"]}]}},"_links":{"self":[{"href":"https:\/\/sindicom.hr\/en\/wp-json\/wp\/v2\/product\/27403","targetHints":{"allow":["GET"]}}],"collection":[{"href":"https:\/\/sindicom.hr\/en\/wp-json\/wp\/v2\/product"}],"about":[{"href":"https:\/\/sindicom.hr\/en\/wp-json\/wp\/v2\/types\/product"}],"wp:featuredmedia":[{"embeddable":true,"href":"https:\/\/sindicom.hr\/en\/wp-json\/wp\/v2\/media\/41698"}],"wp:attachment":[{"href":"https:\/\/sindicom.hr\/en\/wp-json\/wp\/v2\/media?parent=27403"}],"wp:term":[{"taxonomy":"product_brand","embeddable":true,"href":"https:\/\/sindicom.hr\/en\/wp-json\/wp\/v2\/product_brand?post=27403"},{"taxonomy":"product_cat","embeddable":true,"href":"https:\/\/sindicom.hr\/en\/wp-json\/wp\/v2\/product_cat?post=27403"},{"taxonomy":"product_tag","embeddable":true,"href":"https:\/\/sindicom.hr\/en\/wp-json\/wp\/v2\/product_tag?post=27403"}],"curies":[{"name":"wp","href":"https:\/\/api.w.org\/{rel}","templated":true}]}}