{"id":27412,"date":"2023-12-22T09:33:27","date_gmt":"2023-12-22T09:33:27","guid":{"rendered":"https:\/\/sindicom.hr\/?post_type=product&#038;p=27412"},"modified":"2025-10-27T12:12:08","modified_gmt":"2025-10-27T12:12:08","slug":"set-senzora-aps-apu-jedinice-scania-r-s-euro-6-wabco-oe","status":"publish","type":"product","link":"https:\/\/sindicom.hr\/en\/katalog\/set-senzora-aps-apu-jedinice-scania-r-s-euro-6-wabco-oe\/","title":{"rendered":"SET SENZORA APS APU JEDINICE FORD SCANIA R S MAN EURO 6 WABCO OE"},"content":{"rendered":"<p>9325109142 WABCO  9325109072 WABCO  9325109002 WABCO  9325102050 WABCO  9325102060 WABCO  9325102260 WABCO  9325102270 WABCO  9325103000 WABCO  9325103010 WABCO  9325103020 WABCO  9325104000 WABCO  9325108000 WABCO  9325109000 WABCO  2958113 SCANIA  2404967 SCANIA  4410465392 SENSOR WABCO  4410465362 SENSOR WABCO  APU-Drucksensormodul-Kit  APU-druksensormodulekit  APU Pressure Sensor Module kit  Kit modulo sensore di pressione APU  APU M\u00f3dulo sensor de presi\u00f3n kit  Mehrkreisschutzventil APU-Drucksensormodul-Kit  T\u00f6bbk\u00f6r\u00f6s v\u00e9d\u0151szelep APU nyom\u00e1s\u00e9rz\u00e9kel\u0151 modulk\u00e9szlet  Multiple-Circuit Protection Valve APU Pressure Sensor Module kit  Kit modulo sensore di pressione APU per valvola di protezione multicircuito<\/p>\n","protected":false},"excerpt":{"rendered":"<p><img decoding=\"async\" class=\"alignnone size-medium wp-image-17720\" src=\"https:\/\/sindicom.hr\/wp-content\/uploads\/2020\/05\/wabco-300x300.png\" alt=\"\" width=\"300\" height=\"300\" srcset=\"https:\/\/sindicom.hr\/wp-content\/uploads\/2020\/05\/wabco-64x64.png 64w, https:\/\/sindicom.hr\/wp-content\/uploads\/2020\/05\/wabco-66x66.png 66w, https:\/\/sindicom.hr\/wp-content\/uploads\/2020\/05\/wabco-100x100.png 100w, https:\/\/sindicom.hr\/wp-content\/uploads\/2020\/05\/wabco-150x150.png 150w, https:\/\/sindicom.hr\/wp-content\/uploads\/2020\/05\/wabco-200x200.png 200w, https:\/\/sindicom.hr\/wp-content\/uploads\/2020\/05\/wabco.png 300w\" sizes=\"(max-width: 300px) 100vw, 300px\" \/><\/p>\n","protected":false},"featured_media":40763,"template":"","meta":{"inline_featured_image":false},"product_brand":[],"product_cat":[15,208,120,109,191,107],"product_tag":[],"class_list":{"0":"post-27412","1":"product","2":"type-product","3":"status-publish","4":"has-post-thumbnail","6":"product_cat-all-products","7":"product_cat-ford","8":"product_cat-reparaturni-setovi","9":"product_cat-scania-teretna-vozila","10":"product_cat-senzori","11":"product_cat-teretna-vozila","13":"first","14":"instock","15":"shipping-taxable","16":"purchasable","17":"product-type-simple"},"yoast_head":"<!-- This site is optimized with the Yoast SEO plugin v26.2 - https:\/\/yoast.com\/wordpress\/plugins\/seo\/ -->\n<title>SET SENZORA APS APU JEDINICE FORD SCANIA R S MAN EURO 6 WABCO OE - Sindicom<\/title>\n<meta name=\"robots\" content=\"index, follow, max-snippet:-1, max-image-preview:large, max-video-preview:-1\" \/>\n<link rel=\"canonical\" href=\"https:\/\/sindicom.hr\/en\/katalog\/set-senzora-aps-apu-jedinice-scania-r-s-euro-6-wabco-oe\/\" \/>\n<meta property=\"og:locale\" content=\"en_US\" \/>\n<meta property=\"og:type\" content=\"article\" \/>\n<meta property=\"og:title\" content=\"SET SENZORA APS APU JEDINICE FORD SCANIA R S MAN EURO 6 WABCO OE - Sindicom\" \/>\n<meta property=\"og:url\" content=\"https:\/\/sindicom.hr\/en\/katalog\/set-senzora-aps-apu-jedinice-scania-r-s-euro-6-wabco-oe\/\" \/>\n<meta property=\"og:site_name\" content=\"Sindicom\" \/>\n<meta property=\"article:publisher\" content=\"https:\/\/www.facebook.com\/Sindicom-doo-170277286366043\/\" \/>\n<meta property=\"article:modified_time\" content=\"2025-10-27T12:12:08+00:00\" \/>\n<meta property=\"og:image\" content=\"https:\/\/sindicom.hr\/wp-content\/uploads\/2023\/12\/9325109142-WABCO.webp\" \/>\n\t<meta property=\"og:image:width\" content=\"600\" \/>\n\t<meta property=\"og:image:height\" content=\"600\" \/>\n\t<meta property=\"og:image:type\" content=\"image\/webp\" \/>\n<meta name=\"twitter:card\" content=\"summary_large_image\" \/>\n<meta name=\"twitter:label1\" content=\"Est. reading time\" \/>\n\t<meta name=\"twitter:data1\" content=\"1 minute\" \/>\n<script type=\"application\/ld+json\" class=\"yoast-schema-graph\">{\"@context\":\"https:\/\/schema.org\",\"@graph\":[{\"@type\":\"WebPage\",\"@id\":\"https:\/\/sindicom.hr\/en\/katalog\/set-senzora-aps-apu-jedinice-scania-r-s-euro-6-wabco-oe\/\",\"url\":\"https:\/\/sindicom.hr\/en\/katalog\/set-senzora-aps-apu-jedinice-scania-r-s-euro-6-wabco-oe\/\",\"name\":\"SET SENZORA APS APU JEDINICE FORD SCANIA R S MAN EURO 6 WABCO OE - Sindicom\",\"isPartOf\":{\"@id\":\"https:\/\/sindicom.hr\/en\/#website\"},\"primaryImageOfPage\":{\"@id\":\"https:\/\/sindicom.hr\/en\/katalog\/set-senzora-aps-apu-jedinice-scania-r-s-euro-6-wabco-oe\/#primaryimage\"},\"image\":{\"@id\":\"https:\/\/sindicom.hr\/en\/katalog\/set-senzora-aps-apu-jedinice-scania-r-s-euro-6-wabco-oe\/#primaryimage\"},\"thumbnailUrl\":\"https:\/\/sindicom.hr\/wp-content\/uploads\/2023\/12\/9325109142-WABCO.webp\",\"datePublished\":\"2023-12-22T09:33:27+00:00\",\"dateModified\":\"2025-10-27T12:12:08+00:00\",\"breadcrumb\":{\"@id\":\"https:\/\/sindicom.hr\/en\/katalog\/set-senzora-aps-apu-jedinice-scania-r-s-euro-6-wabco-oe\/#breadcrumb\"},\"inLanguage\":\"en-US\",\"potentialAction\":[{\"@type\":\"ReadAction\",\"target\":[\"https:\/\/sindicom.hr\/en\/katalog\/set-senzora-aps-apu-jedinice-scania-r-s-euro-6-wabco-oe\/\"]}]},{\"@type\":\"ImageObject\",\"inLanguage\":\"en-US\",\"@id\":\"https:\/\/sindicom.hr\/en\/katalog\/set-senzora-aps-apu-jedinice-scania-r-s-euro-6-wabco-oe\/#primaryimage\",\"url\":\"https:\/\/sindicom.hr\/wp-content\/uploads\/2023\/12\/9325109142-WABCO.webp\",\"contentUrl\":\"https:\/\/sindicom.hr\/wp-content\/uploads\/2023\/12\/9325109142-WABCO.webp\",\"width\":600,\"height\":600},{\"@type\":\"BreadcrumbList\",\"@id\":\"https:\/\/sindicom.hr\/en\/katalog\/set-senzora-aps-apu-jedinice-scania-r-s-euro-6-wabco-oe\/#breadcrumb\",\"itemListElement\":[{\"@type\":\"ListItem\",\"position\":1,\"name\":\"Po\u010detna stranica\",\"item\":\"https:\/\/sindicom.hr\/en\/\"},{\"@type\":\"ListItem\",\"position\":2,\"name\":\"Katalog dijelova\",\"item\":\"https:\/\/sindicom.hr\/en\/catalog\/\"},{\"@type\":\"ListItem\",\"position\":3,\"name\":\"SET SENZORA APS APU JEDINICE FORD SCANIA R S MAN EURO 6 WABCO OE\"}]},{\"@type\":\"WebSite\",\"@id\":\"https:\/\/sindicom.hr\/en\/#website\",\"url\":\"https:\/\/sindicom.hr\/en\/\",\"name\":\"SINDICOM\",\"description\":\"Trade and repair of pneumatic brakes, air and hydraulic systems for trucks and buses\",\"publisher\":{\"@id\":\"https:\/\/sindicom.hr\/en\/#organization\"},\"potentialAction\":[{\"@type\":\"SearchAction\",\"target\":{\"@type\":\"EntryPoint\",\"urlTemplate\":\"https:\/\/sindicom.hr\/en\/?s={search_term_string}\"},\"query-input\":{\"@type\":\"PropertyValueSpecification\",\"valueRequired\":true,\"valueName\":\"search_term_string\"}}],\"inLanguage\":\"en-US\"},{\"@type\":\"Organization\",\"@id\":\"https:\/\/sindicom.hr\/en\/#organization\",\"name\":\"SINDICOM d.o.o.\",\"url\":\"https:\/\/sindicom.hr\/en\/\",\"logo\":{\"@type\":\"ImageObject\",\"inLanguage\":\"en-US\",\"@id\":\"https:\/\/sindicom.hr\/en\/#\/schema\/logo\/image\/\",\"url\":\"https:\/\/sindicom.hr\/wp-content\/uploads\/2019\/11\/sindicom_logo_veliki1.jpg.png\",\"contentUrl\":\"https:\/\/sindicom.hr\/wp-content\/uploads\/2019\/11\/sindicom_logo_veliki1.jpg.png\",\"width\":732,\"height\":706,\"caption\":\"SINDICOM d.o.o.\"},\"image\":{\"@id\":\"https:\/\/sindicom.hr\/en\/#\/schema\/logo\/image\/\"},\"sameAs\":[\"https:\/\/www.facebook.com\/Sindicom-doo-170277286366043\/\",\"https:\/\/instagram.com\/sindicomdoo\"]}]}<\/script>\n<!-- \/ Yoast SEO plugin. -->","yoast_head_json":{"title":"SET SENZORA APS APU JEDINICE FORD SCANIA R S MAN EURO 6 WABCO OE - Sindicom","robots":{"index":"index","follow":"follow","max-snippet":"max-snippet:-1","max-image-preview":"max-image-preview:large","max-video-preview":"max-video-preview:-1"},"canonical":"https:\/\/sindicom.hr\/en\/katalog\/set-senzora-aps-apu-jedinice-scania-r-s-euro-6-wabco-oe\/","og_locale":"en_US","og_type":"article","og_title":"SET SENZORA APS APU JEDINICE FORD SCANIA R S MAN EURO 6 WABCO OE - Sindicom","og_url":"https:\/\/sindicom.hr\/en\/katalog\/set-senzora-aps-apu-jedinice-scania-r-s-euro-6-wabco-oe\/","og_site_name":"Sindicom","article_publisher":"https:\/\/www.facebook.com\/Sindicom-doo-170277286366043\/","article_modified_time":"2025-10-27T12:12:08+00:00","og_image":[{"width":600,"height":600,"url":"https:\/\/sindicom.hr\/wp-content\/uploads\/2023\/12\/9325109142-WABCO.webp","type":"image\/webp"}],"twitter_card":"summary_large_image","twitter_misc":{"Est. reading time":"1 minute"},"schema":{"@context":"https:\/\/schema.org","@graph":[{"@type":"WebPage","@id":"https:\/\/sindicom.hr\/en\/katalog\/set-senzora-aps-apu-jedinice-scania-r-s-euro-6-wabco-oe\/","url":"https:\/\/sindicom.hr\/en\/katalog\/set-senzora-aps-apu-jedinice-scania-r-s-euro-6-wabco-oe\/","name":"SET SENZORA APS APU JEDINICE FORD SCANIA R S MAN EURO 6 WABCO OE - Sindicom","isPartOf":{"@id":"https:\/\/sindicom.hr\/en\/#website"},"primaryImageOfPage":{"@id":"https:\/\/sindicom.hr\/en\/katalog\/set-senzora-aps-apu-jedinice-scania-r-s-euro-6-wabco-oe\/#primaryimage"},"image":{"@id":"https:\/\/sindicom.hr\/en\/katalog\/set-senzora-aps-apu-jedinice-scania-r-s-euro-6-wabco-oe\/#primaryimage"},"thumbnailUrl":"https:\/\/sindicom.hr\/wp-content\/uploads\/2023\/12\/9325109142-WABCO.webp","datePublished":"2023-12-22T09:33:27+00:00","dateModified":"2025-10-27T12:12:08+00:00","breadcrumb":{"@id":"https:\/\/sindicom.hr\/en\/katalog\/set-senzora-aps-apu-jedinice-scania-r-s-euro-6-wabco-oe\/#breadcrumb"},"inLanguage":"en-US","potentialAction":[{"@type":"ReadAction","target":["https:\/\/sindicom.hr\/en\/katalog\/set-senzora-aps-apu-jedinice-scania-r-s-euro-6-wabco-oe\/"]}]},{"@type":"ImageObject","inLanguage":"en-US","@id":"https:\/\/sindicom.hr\/en\/katalog\/set-senzora-aps-apu-jedinice-scania-r-s-euro-6-wabco-oe\/#primaryimage","url":"https:\/\/sindicom.hr\/wp-content\/uploads\/2023\/12\/9325109142-WABCO.webp","contentUrl":"https:\/\/sindicom.hr\/wp-content\/uploads\/2023\/12\/9325109142-WABCO.webp","width":600,"height":600},{"@type":"BreadcrumbList","@id":"https:\/\/sindicom.hr\/en\/katalog\/set-senzora-aps-apu-jedinice-scania-r-s-euro-6-wabco-oe\/#breadcrumb","itemListElement":[{"@type":"ListItem","position":1,"name":"Po\u010detna stranica","item":"https:\/\/sindicom.hr\/en\/"},{"@type":"ListItem","position":2,"name":"Katalog dijelova","item":"https:\/\/sindicom.hr\/en\/catalog\/"},{"@type":"ListItem","position":3,"name":"SET SENZORA APS APU JEDINICE FORD SCANIA R S MAN EURO 6 WABCO OE"}]},{"@type":"WebSite","@id":"https:\/\/sindicom.hr\/en\/#website","url":"https:\/\/sindicom.hr\/en\/","name":"SINDICOM","description":"Trade and repair of pneumatic brakes, air and hydraulic systems for trucks and buses","publisher":{"@id":"https:\/\/sindicom.hr\/en\/#organization"},"potentialAction":[{"@type":"SearchAction","target":{"@type":"EntryPoint","urlTemplate":"https:\/\/sindicom.hr\/en\/?s={search_term_string}"},"query-input":{"@type":"PropertyValueSpecification","valueRequired":true,"valueName":"search_term_string"}}],"inLanguage":"en-US"},{"@type":"Organization","@id":"https:\/\/sindicom.hr\/en\/#organization","name":"SINDICOM d.o.o.","url":"https:\/\/sindicom.hr\/en\/","logo":{"@type":"ImageObject","inLanguage":"en-US","@id":"https:\/\/sindicom.hr\/en\/#\/schema\/logo\/image\/","url":"https:\/\/sindicom.hr\/wp-content\/uploads\/2019\/11\/sindicom_logo_veliki1.jpg.png","contentUrl":"https:\/\/sindicom.hr\/wp-content\/uploads\/2019\/11\/sindicom_logo_veliki1.jpg.png","width":732,"height":706,"caption":"SINDICOM d.o.o."},"image":{"@id":"https:\/\/sindicom.hr\/en\/#\/schema\/logo\/image\/"},"sameAs":["https:\/\/www.facebook.com\/Sindicom-doo-170277286366043\/","https:\/\/instagram.com\/sindicomdoo"]}]}},"_links":{"self":[{"href":"https:\/\/sindicom.hr\/en\/wp-json\/wp\/v2\/product\/27412","targetHints":{"allow":["GET"]}}],"collection":[{"href":"https:\/\/sindicom.hr\/en\/wp-json\/wp\/v2\/product"}],"about":[{"href":"https:\/\/sindicom.hr\/en\/wp-json\/wp\/v2\/types\/product"}],"wp:featuredmedia":[{"embeddable":true,"href":"https:\/\/sindicom.hr\/en\/wp-json\/wp\/v2\/media\/40763"}],"wp:attachment":[{"href":"https:\/\/sindicom.hr\/en\/wp-json\/wp\/v2\/media?parent=27412"}],"wp:term":[{"taxonomy":"product_brand","embeddable":true,"href":"https:\/\/sindicom.hr\/en\/wp-json\/wp\/v2\/product_brand?post=27412"},{"taxonomy":"product_cat","embeddable":true,"href":"https:\/\/sindicom.hr\/en\/wp-json\/wp\/v2\/product_cat?post=27412"},{"taxonomy":"product_tag","embeddable":true,"href":"https:\/\/sindicom.hr\/en\/wp-json\/wp\/v2\/product_tag?post=27412"}],"curies":[{"name":"wp","href":"https:\/\/api.w.org\/{rel}","templated":true}]}}