{"id":27447,"date":"2023-12-22T09:33:41","date_gmt":"2023-12-22T09:33:41","guid":{"rendered":"https:\/\/sindicom.hr\/?post_type=product&#038;p=27447"},"modified":"2025-10-27T12:12:39","modified_gmt":"2025-10-27T12:12:39","slug":"evropa-ventil-sa-otkocnim-ventilom-m22-wabco-zamj","status":"publish","type":"product","link":"https:\/\/sindicom.hr\/en\/katalog\/evropa-ventil-sa-otkocnim-ventilom-m22-wabco-zamj\/","title":{"rendered":"EVROPA VENTIL S OTKO\u010cNIM VENTILOM M22x1.5 NOVI TIP WABCO ZAMJ."},"content":{"rendered":"<p>35270040040 SORL  9710027000 WABCO  9710023000 WABCO  9630010130 WABCO  9630010130+9710023000 WABCO  9710025330 WABCO  9710025337 WABCO  9710027020 WABCO  AS3000 KNORR  AS3100A KNORR  87019852 CASE  1519310 DAF  1519311R DAF  8143073 DOLL  2090079 SCANIA  053355 SCHMITZ  53355 SCHMITZ  050021 SCHMITZ  8283884000 SCHMITZ  INS0120001 SCHMITZ  DC54371 JOHN DEERE  502814801 LIEBHERR  S9710027000 KENWORTH  32939 SCHWARZMULLER  30302 SCHWARZMULLER  8-283-884-000 KASSBOHRER  TDAS9710027000 FREIGHTLINER  Anh\u00e4nger-Bremsventil  Relay Emergency Valve  Valvola rele di emergenza  Valve relais d&#8217;urgence  V\u00e1lvula rel\u00e9 de urgencia<\/p>\n","protected":false},"excerpt":{"rendered":"<p><img decoding=\"async\" class=\"alignnone size-medium wp-image-17694\" src=\"https:\/\/sindicom.hr\/wp-content\/uploads\/2020\/05\/aftermarket-300x300.png\" alt=\"\" width=\"300\" height=\"300\" srcset=\"https:\/\/sindicom.hr\/wp-content\/uploads\/2020\/05\/aftermarket-64x64.png 64w, https:\/\/sindicom.hr\/wp-content\/uploads\/2020\/05\/aftermarket-66x66.png 66w, https:\/\/sindicom.hr\/wp-content\/uploads\/2020\/05\/aftermarket-100x100.png 100w, https:\/\/sindicom.hr\/wp-content\/uploads\/2020\/05\/aftermarket-150x150.png 150w, https:\/\/sindicom.hr\/wp-content\/uploads\/2020\/05\/aftermarket-200x200.png 200w, https:\/\/sindicom.hr\/wp-content\/uploads\/2020\/05\/aftermarket.png 300w\" sizes=\"(max-width: 300px) 100vw, 300px\" \/><\/p>\n","protected":false},"featured_media":35160,"template":"","meta":{"inline_featured_image":false},"product_brand":[],"product_cat":[15,115,209,156,116,89,114,118,119,136],"product_tag":[],"class_list":{"0":"post-27447","1":"product","2":"type-product","3":"status-publish","4":"has-post-thumbnail","6":"product_cat-all-products","7":"product_cat-fliegl","8":"product_cat-fruehauf","9":"product_cat-john-deere","10":"product_cat-kogel","11":"product_cat-parkirni-otkocni-ventili-prikolice","12":"product_cat-prikolice","13":"product_cat-schmitz","14":"product_cat-schwarzmuller","15":"product_cat-traktori","17":"first","18":"instock","19":"shipping-taxable","20":"purchasable","21":"product-type-simple"},"yoast_head":"<!-- This site is optimized with the Yoast SEO plugin v26.2 - https:\/\/yoast.com\/wordpress\/plugins\/seo\/ -->\n<title>EVROPA VENTIL S OTKO\u010cNIM VENTILOM M22x1.5 NOVI TIP WABCO ZAMJ. - Sindicom<\/title>\n<meta name=\"robots\" content=\"index, follow, max-snippet:-1, max-image-preview:large, max-video-preview:-1\" \/>\n<link rel=\"canonical\" href=\"https:\/\/sindicom.hr\/en\/katalog\/evropa-ventil-sa-otkocnim-ventilom-m22-wabco-zamj\/\" \/>\n<meta property=\"og:locale\" content=\"en_US\" \/>\n<meta property=\"og:type\" content=\"article\" \/>\n<meta property=\"og:title\" content=\"EVROPA VENTIL S OTKO\u010cNIM VENTILOM M22x1.5 NOVI TIP WABCO ZAMJ. - Sindicom\" \/>\n<meta property=\"og:url\" content=\"https:\/\/sindicom.hr\/en\/katalog\/evropa-ventil-sa-otkocnim-ventilom-m22-wabco-zamj\/\" \/>\n<meta property=\"og:site_name\" content=\"Sindicom\" \/>\n<meta property=\"article:publisher\" content=\"https:\/\/www.facebook.com\/Sindicom-doo-170277286366043\/\" \/>\n<meta property=\"article:modified_time\" content=\"2025-10-27T12:12:39+00:00\" \/>\n<meta property=\"og:image\" content=\"https:\/\/sindicom.hr\/wp-content\/uploads\/2023\/12\/35270040040.webp\" \/>\n\t<meta property=\"og:image:width\" content=\"600\" \/>\n\t<meta property=\"og:image:height\" content=\"600\" \/>\n\t<meta property=\"og:image:type\" content=\"image\/webp\" \/>\n<meta name=\"twitter:card\" content=\"summary_large_image\" \/>\n<meta name=\"twitter:label1\" content=\"Est. reading time\" \/>\n\t<meta name=\"twitter:data1\" content=\"1 minute\" \/>\n<script type=\"application\/ld+json\" class=\"yoast-schema-graph\">{\"@context\":\"https:\/\/schema.org\",\"@graph\":[{\"@type\":\"WebPage\",\"@id\":\"https:\/\/sindicom.hr\/en\/katalog\/evropa-ventil-sa-otkocnim-ventilom-m22-wabco-zamj\/\",\"url\":\"https:\/\/sindicom.hr\/en\/katalog\/evropa-ventil-sa-otkocnim-ventilom-m22-wabco-zamj\/\",\"name\":\"EVROPA VENTIL S OTKO\u010cNIM VENTILOM M22x1.5 NOVI TIP WABCO ZAMJ. - Sindicom\",\"isPartOf\":{\"@id\":\"https:\/\/sindicom.hr\/en\/#website\"},\"primaryImageOfPage\":{\"@id\":\"https:\/\/sindicom.hr\/en\/katalog\/evropa-ventil-sa-otkocnim-ventilom-m22-wabco-zamj\/#primaryimage\"},\"image\":{\"@id\":\"https:\/\/sindicom.hr\/en\/katalog\/evropa-ventil-sa-otkocnim-ventilom-m22-wabco-zamj\/#primaryimage\"},\"thumbnailUrl\":\"https:\/\/sindicom.hr\/wp-content\/uploads\/2023\/12\/35270040040.webp\",\"datePublished\":\"2023-12-22T09:33:41+00:00\",\"dateModified\":\"2025-10-27T12:12:39+00:00\",\"breadcrumb\":{\"@id\":\"https:\/\/sindicom.hr\/en\/katalog\/evropa-ventil-sa-otkocnim-ventilom-m22-wabco-zamj\/#breadcrumb\"},\"inLanguage\":\"en-US\",\"potentialAction\":[{\"@type\":\"ReadAction\",\"target\":[\"https:\/\/sindicom.hr\/en\/katalog\/evropa-ventil-sa-otkocnim-ventilom-m22-wabco-zamj\/\"]}]},{\"@type\":\"ImageObject\",\"inLanguage\":\"en-US\",\"@id\":\"https:\/\/sindicom.hr\/en\/katalog\/evropa-ventil-sa-otkocnim-ventilom-m22-wabco-zamj\/#primaryimage\",\"url\":\"https:\/\/sindicom.hr\/wp-content\/uploads\/2023\/12\/35270040040.webp\",\"contentUrl\":\"https:\/\/sindicom.hr\/wp-content\/uploads\/2023\/12\/35270040040.webp\",\"width\":600,\"height\":600},{\"@type\":\"BreadcrumbList\",\"@id\":\"https:\/\/sindicom.hr\/en\/katalog\/evropa-ventil-sa-otkocnim-ventilom-m22-wabco-zamj\/#breadcrumb\",\"itemListElement\":[{\"@type\":\"ListItem\",\"position\":1,\"name\":\"Po\u010detna stranica\",\"item\":\"https:\/\/sindicom.hr\/en\/\"},{\"@type\":\"ListItem\",\"position\":2,\"name\":\"Katalog dijelova\",\"item\":\"https:\/\/sindicom.hr\/en\/catalog\/\"},{\"@type\":\"ListItem\",\"position\":3,\"name\":\"EVROPA VENTIL S OTKO\u010cNIM VENTILOM M22x1.5 NOVI TIP WABCO ZAMJ.\"}]},{\"@type\":\"WebSite\",\"@id\":\"https:\/\/sindicom.hr\/en\/#website\",\"url\":\"https:\/\/sindicom.hr\/en\/\",\"name\":\"SINDICOM\",\"description\":\"Trade and repair of pneumatic brakes, air and hydraulic systems for trucks and buses\",\"publisher\":{\"@id\":\"https:\/\/sindicom.hr\/en\/#organization\"},\"potentialAction\":[{\"@type\":\"SearchAction\",\"target\":{\"@type\":\"EntryPoint\",\"urlTemplate\":\"https:\/\/sindicom.hr\/en\/?s={search_term_string}\"},\"query-input\":{\"@type\":\"PropertyValueSpecification\",\"valueRequired\":true,\"valueName\":\"search_term_string\"}}],\"inLanguage\":\"en-US\"},{\"@type\":\"Organization\",\"@id\":\"https:\/\/sindicom.hr\/en\/#organization\",\"name\":\"SINDICOM d.o.o.\",\"url\":\"https:\/\/sindicom.hr\/en\/\",\"logo\":{\"@type\":\"ImageObject\",\"inLanguage\":\"en-US\",\"@id\":\"https:\/\/sindicom.hr\/en\/#\/schema\/logo\/image\/\",\"url\":\"https:\/\/sindicom.hr\/wp-content\/uploads\/2019\/11\/sindicom_logo_veliki1.jpg.png\",\"contentUrl\":\"https:\/\/sindicom.hr\/wp-content\/uploads\/2019\/11\/sindicom_logo_veliki1.jpg.png\",\"width\":732,\"height\":706,\"caption\":\"SINDICOM d.o.o.\"},\"image\":{\"@id\":\"https:\/\/sindicom.hr\/en\/#\/schema\/logo\/image\/\"},\"sameAs\":[\"https:\/\/www.facebook.com\/Sindicom-doo-170277286366043\/\",\"https:\/\/instagram.com\/sindicomdoo\"]}]}<\/script>\n<!-- \/ Yoast SEO plugin. -->","yoast_head_json":{"title":"EVROPA VENTIL S OTKO\u010cNIM VENTILOM M22x1.5 NOVI TIP WABCO ZAMJ. - Sindicom","robots":{"index":"index","follow":"follow","max-snippet":"max-snippet:-1","max-image-preview":"max-image-preview:large","max-video-preview":"max-video-preview:-1"},"canonical":"https:\/\/sindicom.hr\/en\/katalog\/evropa-ventil-sa-otkocnim-ventilom-m22-wabco-zamj\/","og_locale":"en_US","og_type":"article","og_title":"EVROPA VENTIL S OTKO\u010cNIM VENTILOM M22x1.5 NOVI TIP WABCO ZAMJ. - Sindicom","og_url":"https:\/\/sindicom.hr\/en\/katalog\/evropa-ventil-sa-otkocnim-ventilom-m22-wabco-zamj\/","og_site_name":"Sindicom","article_publisher":"https:\/\/www.facebook.com\/Sindicom-doo-170277286366043\/","article_modified_time":"2025-10-27T12:12:39+00:00","og_image":[{"width":600,"height":600,"url":"https:\/\/sindicom.hr\/wp-content\/uploads\/2023\/12\/35270040040.webp","type":"image\/webp"}],"twitter_card":"summary_large_image","twitter_misc":{"Est. reading time":"1 minute"},"schema":{"@context":"https:\/\/schema.org","@graph":[{"@type":"WebPage","@id":"https:\/\/sindicom.hr\/en\/katalog\/evropa-ventil-sa-otkocnim-ventilom-m22-wabco-zamj\/","url":"https:\/\/sindicom.hr\/en\/katalog\/evropa-ventil-sa-otkocnim-ventilom-m22-wabco-zamj\/","name":"EVROPA VENTIL S OTKO\u010cNIM VENTILOM M22x1.5 NOVI TIP WABCO ZAMJ. - Sindicom","isPartOf":{"@id":"https:\/\/sindicom.hr\/en\/#website"},"primaryImageOfPage":{"@id":"https:\/\/sindicom.hr\/en\/katalog\/evropa-ventil-sa-otkocnim-ventilom-m22-wabco-zamj\/#primaryimage"},"image":{"@id":"https:\/\/sindicom.hr\/en\/katalog\/evropa-ventil-sa-otkocnim-ventilom-m22-wabco-zamj\/#primaryimage"},"thumbnailUrl":"https:\/\/sindicom.hr\/wp-content\/uploads\/2023\/12\/35270040040.webp","datePublished":"2023-12-22T09:33:41+00:00","dateModified":"2025-10-27T12:12:39+00:00","breadcrumb":{"@id":"https:\/\/sindicom.hr\/en\/katalog\/evropa-ventil-sa-otkocnim-ventilom-m22-wabco-zamj\/#breadcrumb"},"inLanguage":"en-US","potentialAction":[{"@type":"ReadAction","target":["https:\/\/sindicom.hr\/en\/katalog\/evropa-ventil-sa-otkocnim-ventilom-m22-wabco-zamj\/"]}]},{"@type":"ImageObject","inLanguage":"en-US","@id":"https:\/\/sindicom.hr\/en\/katalog\/evropa-ventil-sa-otkocnim-ventilom-m22-wabco-zamj\/#primaryimage","url":"https:\/\/sindicom.hr\/wp-content\/uploads\/2023\/12\/35270040040.webp","contentUrl":"https:\/\/sindicom.hr\/wp-content\/uploads\/2023\/12\/35270040040.webp","width":600,"height":600},{"@type":"BreadcrumbList","@id":"https:\/\/sindicom.hr\/en\/katalog\/evropa-ventil-sa-otkocnim-ventilom-m22-wabco-zamj\/#breadcrumb","itemListElement":[{"@type":"ListItem","position":1,"name":"Po\u010detna stranica","item":"https:\/\/sindicom.hr\/en\/"},{"@type":"ListItem","position":2,"name":"Katalog dijelova","item":"https:\/\/sindicom.hr\/en\/catalog\/"},{"@type":"ListItem","position":3,"name":"EVROPA VENTIL S OTKO\u010cNIM VENTILOM M22x1.5 NOVI TIP WABCO ZAMJ."}]},{"@type":"WebSite","@id":"https:\/\/sindicom.hr\/en\/#website","url":"https:\/\/sindicom.hr\/en\/","name":"SINDICOM","description":"Trade and repair of pneumatic brakes, air and hydraulic systems for trucks and buses","publisher":{"@id":"https:\/\/sindicom.hr\/en\/#organization"},"potentialAction":[{"@type":"SearchAction","target":{"@type":"EntryPoint","urlTemplate":"https:\/\/sindicom.hr\/en\/?s={search_term_string}"},"query-input":{"@type":"PropertyValueSpecification","valueRequired":true,"valueName":"search_term_string"}}],"inLanguage":"en-US"},{"@type":"Organization","@id":"https:\/\/sindicom.hr\/en\/#organization","name":"SINDICOM d.o.o.","url":"https:\/\/sindicom.hr\/en\/","logo":{"@type":"ImageObject","inLanguage":"en-US","@id":"https:\/\/sindicom.hr\/en\/#\/schema\/logo\/image\/","url":"https:\/\/sindicom.hr\/wp-content\/uploads\/2019\/11\/sindicom_logo_veliki1.jpg.png","contentUrl":"https:\/\/sindicom.hr\/wp-content\/uploads\/2019\/11\/sindicom_logo_veliki1.jpg.png","width":732,"height":706,"caption":"SINDICOM d.o.o."},"image":{"@id":"https:\/\/sindicom.hr\/en\/#\/schema\/logo\/image\/"},"sameAs":["https:\/\/www.facebook.com\/Sindicom-doo-170277286366043\/","https:\/\/instagram.com\/sindicomdoo"]}]}},"_links":{"self":[{"href":"https:\/\/sindicom.hr\/en\/wp-json\/wp\/v2\/product\/27447","targetHints":{"allow":["GET"]}}],"collection":[{"href":"https:\/\/sindicom.hr\/en\/wp-json\/wp\/v2\/product"}],"about":[{"href":"https:\/\/sindicom.hr\/en\/wp-json\/wp\/v2\/types\/product"}],"wp:featuredmedia":[{"embeddable":true,"href":"https:\/\/sindicom.hr\/en\/wp-json\/wp\/v2\/media\/35160"}],"wp:attachment":[{"href":"https:\/\/sindicom.hr\/en\/wp-json\/wp\/v2\/media?parent=27447"}],"wp:term":[{"taxonomy":"product_brand","embeddable":true,"href":"https:\/\/sindicom.hr\/en\/wp-json\/wp\/v2\/product_brand?post=27447"},{"taxonomy":"product_cat","embeddable":true,"href":"https:\/\/sindicom.hr\/en\/wp-json\/wp\/v2\/product_cat?post=27447"},{"taxonomy":"product_tag","embeddable":true,"href":"https:\/\/sindicom.hr\/en\/wp-json\/wp\/v2\/product_tag?post=27447"}],"curies":[{"name":"wp","href":"https:\/\/api.w.org\/{rel}","templated":true}]}}