{"id":30459,"date":"2024-03-06T08:52:13","date_gmt":"2024-03-06T08:52:13","guid":{"rendered":"https:\/\/sindicom.hr\/?post_type=product&#038;p=30459"},"modified":"2025-10-27T12:13:33","modified_gmt":"2025-10-27T12:13:33","slug":"elektricni-upravljacki-ventil-centralnog-zakljucavanja-travego-setra-bova-vdo-oe","status":"publish","type":"product","link":"https:\/\/sindicom.hr\/en\/katalog\/elektricni-upravljacki-ventil-centralnog-zakljucavanja-travego-setra-bova-vdo-oe\/","title":{"rendered":"ELEKTRI\u010cNI UPRAVLJA\u010cKI VENTIL CENTRALNOG ZAKLJU\u010cAVANJA BUS TRAVEGO SETRA VDL BOVA VDO OE"},"content":{"rendered":"<p>A2C53397734 VDO  406405004002 VDO  406-405-004-002 VDO  406405004001 VDO  406-405-004-001 VDO  0008201908 EVOBUS  0008293501 EVOBUS  A0008201908 EVOBUS  A0008293501 EVOBUS  0008201908 MERCEDES  0008293501 MERCEDES  A0008201908 MERCEDES  A0008293501 MERCEDES  000 820 19 08 EVOBUS  000 829 35 01 EVOBUS  A000 820 19 08 EVOBUS  A000 829 35 01 EVOBUS  000 820 19 08 MERCEDES  000 829 35 01 MERCEDES  A000 820 19 08 MERCEDES  A000 829 35 01 MERCEDES  602N587 VDO  Magnetspule  Solenoid coil  Bobina del solenoide  Bobine de sol\u00e9noide  Bobina de solenoide  Solenoide spoel  M\u00e1gnesszelep tekercs  Control central locking system VDO  Steuerung Zentralverriegelung VDO  Control del sistema de cierre centralizado VDO  Controllo sistema di chiusura centralizzata VDO  Contr\u00f4le du systeme de verrouillage centralis\u00e9 VDO<\/p>\n","protected":false},"excerpt":{"rendered":"<p><img decoding=\"async\" class=\"alignnone size-medium wp-image-30460\" src=\"https:\/\/sindicom.hr\/wp-content\/uploads\/2024\/03\/VDO-300x62.png\" alt=\"\" width=\"300\" height=\"62\" srcset=\"https:\/\/sindicom.hr\/wp-content\/uploads\/2024\/03\/VDO-64x13.png 64w, https:\/\/sindicom.hr\/wp-content\/uploads\/2024\/03\/VDO-200x42.png 200w, https:\/\/sindicom.hr\/wp-content\/uploads\/2024\/03\/VDO-300x62.png 300w, https:\/\/sindicom.hr\/wp-content\/uploads\/2024\/03\/VDO-400x83.png 400w, https:\/\/sindicom.hr\/wp-content\/uploads\/2024\/03\/VDO-500x104.png 500w, https:\/\/sindicom.hr\/wp-content\/uploads\/2024\/03\/VDO-600x125.png 600w, https:\/\/sindicom.hr\/wp-content\/uploads\/2024\/03\/VDO-700x145.png 700w, https:\/\/sindicom.hr\/wp-content\/uploads\/2024\/03\/VDO-768x160.png 768w, https:\/\/sindicom.hr\/wp-content\/uploads\/2024\/03\/VDO.png 799w\" sizes=\"(max-width: 300px) 100vw, 300px\" \/><\/p>\n","protected":false},"featured_media":30463,"template":"","meta":{"inline_featured_image":false},"product_brand":[],"product_cat":[15,100,96,212,88,101,105,102,254],"product_tag":[],"class_list":{"0":"post-30459","1":"product","2":"type-product","3":"status-publish","4":"has-post-thumbnail","6":"product_cat-all-products","7":"product_cat-bova-vdl","8":"product_cat-busevi","9":"product_cat-elektromagneti-electromagnets","10":"product_cat-elektromagnetni-ventili","11":"product_cat-evobus","12":"product_cat-mercedes","13":"product_cat-solaris","14":"product_cat-travego","16":"first","17":"instock","18":"shipping-taxable","19":"purchasable","20":"product-type-simple"},"yoast_head":"<!-- This site is optimized with the Yoast SEO plugin v26.2 - https:\/\/yoast.com\/wordpress\/plugins\/seo\/ -->\n<title>ELEKTRI\u010cNI UPRAVLJA\u010cKI VENTIL CENTRALNOG ZAKLJU\u010cAVANJA BUS TRAVEGO SETRA VDL BOVA VDO OE - Sindicom<\/title>\n<meta name=\"robots\" content=\"index, follow, max-snippet:-1, max-image-preview:large, max-video-preview:-1\" \/>\n<link rel=\"canonical\" href=\"https:\/\/sindicom.hr\/en\/katalog\/elektricni-upravljacki-ventil-centralnog-zakljucavanja-travego-setra-bova-vdo-oe\/\" \/>\n<meta property=\"og:locale\" content=\"en_US\" \/>\n<meta property=\"og:type\" content=\"article\" \/>\n<meta property=\"og:title\" content=\"ELEKTRI\u010cNI UPRAVLJA\u010cKI VENTIL CENTRALNOG ZAKLJU\u010cAVANJA BUS TRAVEGO SETRA VDL BOVA VDO OE - Sindicom\" \/>\n<meta property=\"og:url\" content=\"https:\/\/sindicom.hr\/en\/katalog\/elektricni-upravljacki-ventil-centralnog-zakljucavanja-travego-setra-bova-vdo-oe\/\" \/>\n<meta property=\"og:site_name\" content=\"Sindicom\" \/>\n<meta property=\"article:publisher\" content=\"https:\/\/www.facebook.com\/Sindicom-doo-170277286366043\/\" \/>\n<meta property=\"article:modified_time\" content=\"2025-10-27T12:13:33+00:00\" \/>\n<meta property=\"og:image\" content=\"https:\/\/sindicom.hr\/wp-content\/uploads\/2024\/03\/A2C53397734.webp\" \/>\n\t<meta property=\"og:image:width\" content=\"600\" \/>\n\t<meta property=\"og:image:height\" content=\"600\" \/>\n\t<meta property=\"og:image:type\" content=\"image\/webp\" \/>\n<meta name=\"twitter:card\" content=\"summary_large_image\" \/>\n<meta name=\"twitter:label1\" content=\"Est. reading time\" \/>\n\t<meta name=\"twitter:data1\" content=\"1 minute\" \/>\n<script type=\"application\/ld+json\" class=\"yoast-schema-graph\">{\"@context\":\"https:\/\/schema.org\",\"@graph\":[{\"@type\":\"WebPage\",\"@id\":\"https:\/\/sindicom.hr\/en\/katalog\/elektricni-upravljacki-ventil-centralnog-zakljucavanja-travego-setra-bova-vdo-oe\/\",\"url\":\"https:\/\/sindicom.hr\/en\/katalog\/elektricni-upravljacki-ventil-centralnog-zakljucavanja-travego-setra-bova-vdo-oe\/\",\"name\":\"ELEKTRI\u010cNI UPRAVLJA\u010cKI VENTIL CENTRALNOG ZAKLJU\u010cAVANJA BUS TRAVEGO SETRA VDL BOVA VDO OE - Sindicom\",\"isPartOf\":{\"@id\":\"https:\/\/sindicom.hr\/en\/#website\"},\"primaryImageOfPage\":{\"@id\":\"https:\/\/sindicom.hr\/en\/katalog\/elektricni-upravljacki-ventil-centralnog-zakljucavanja-travego-setra-bova-vdo-oe\/#primaryimage\"},\"image\":{\"@id\":\"https:\/\/sindicom.hr\/en\/katalog\/elektricni-upravljacki-ventil-centralnog-zakljucavanja-travego-setra-bova-vdo-oe\/#primaryimage\"},\"thumbnailUrl\":\"https:\/\/sindicom.hr\/wp-content\/uploads\/2024\/03\/A2C53397734.webp\",\"datePublished\":\"2024-03-06T08:52:13+00:00\",\"dateModified\":\"2025-10-27T12:13:33+00:00\",\"breadcrumb\":{\"@id\":\"https:\/\/sindicom.hr\/en\/katalog\/elektricni-upravljacki-ventil-centralnog-zakljucavanja-travego-setra-bova-vdo-oe\/#breadcrumb\"},\"inLanguage\":\"en-US\",\"potentialAction\":[{\"@type\":\"ReadAction\",\"target\":[\"https:\/\/sindicom.hr\/en\/katalog\/elektricni-upravljacki-ventil-centralnog-zakljucavanja-travego-setra-bova-vdo-oe\/\"]}]},{\"@type\":\"ImageObject\",\"inLanguage\":\"en-US\",\"@id\":\"https:\/\/sindicom.hr\/en\/katalog\/elektricni-upravljacki-ventil-centralnog-zakljucavanja-travego-setra-bova-vdo-oe\/#primaryimage\",\"url\":\"https:\/\/sindicom.hr\/wp-content\/uploads\/2024\/03\/A2C53397734.webp\",\"contentUrl\":\"https:\/\/sindicom.hr\/wp-content\/uploads\/2024\/03\/A2C53397734.webp\",\"width\":600,\"height\":600},{\"@type\":\"BreadcrumbList\",\"@id\":\"https:\/\/sindicom.hr\/en\/katalog\/elektricni-upravljacki-ventil-centralnog-zakljucavanja-travego-setra-bova-vdo-oe\/#breadcrumb\",\"itemListElement\":[{\"@type\":\"ListItem\",\"position\":1,\"name\":\"Po\u010detna stranica\",\"item\":\"https:\/\/sindicom.hr\/en\/\"},{\"@type\":\"ListItem\",\"position\":2,\"name\":\"Katalog dijelova\",\"item\":\"https:\/\/sindicom.hr\/en\/catalog\/\"},{\"@type\":\"ListItem\",\"position\":3,\"name\":\"ELEKTRI\u010cNI UPRAVLJA\u010cKI VENTIL CENTRALNOG ZAKLJU\u010cAVANJA BUS TRAVEGO SETRA VDL BOVA VDO OE\"}]},{\"@type\":\"WebSite\",\"@id\":\"https:\/\/sindicom.hr\/en\/#website\",\"url\":\"https:\/\/sindicom.hr\/en\/\",\"name\":\"SINDICOM\",\"description\":\"Trade and repair of pneumatic brakes, air and hydraulic systems for trucks and buses\",\"publisher\":{\"@id\":\"https:\/\/sindicom.hr\/en\/#organization\"},\"potentialAction\":[{\"@type\":\"SearchAction\",\"target\":{\"@type\":\"EntryPoint\",\"urlTemplate\":\"https:\/\/sindicom.hr\/en\/?s={search_term_string}\"},\"query-input\":{\"@type\":\"PropertyValueSpecification\",\"valueRequired\":true,\"valueName\":\"search_term_string\"}}],\"inLanguage\":\"en-US\"},{\"@type\":\"Organization\",\"@id\":\"https:\/\/sindicom.hr\/en\/#organization\",\"name\":\"SINDICOM d.o.o.\",\"url\":\"https:\/\/sindicom.hr\/en\/\",\"logo\":{\"@type\":\"ImageObject\",\"inLanguage\":\"en-US\",\"@id\":\"https:\/\/sindicom.hr\/en\/#\/schema\/logo\/image\/\",\"url\":\"https:\/\/sindicom.hr\/wp-content\/uploads\/2019\/11\/sindicom_logo_veliki1.jpg.png\",\"contentUrl\":\"https:\/\/sindicom.hr\/wp-content\/uploads\/2019\/11\/sindicom_logo_veliki1.jpg.png\",\"width\":732,\"height\":706,\"caption\":\"SINDICOM d.o.o.\"},\"image\":{\"@id\":\"https:\/\/sindicom.hr\/en\/#\/schema\/logo\/image\/\"},\"sameAs\":[\"https:\/\/www.facebook.com\/Sindicom-doo-170277286366043\/\",\"https:\/\/instagram.com\/sindicomdoo\"]}]}<\/script>\n<!-- \/ Yoast SEO plugin. -->","yoast_head_json":{"title":"ELEKTRI\u010cNI UPRAVLJA\u010cKI VENTIL CENTRALNOG ZAKLJU\u010cAVANJA BUS TRAVEGO SETRA VDL BOVA VDO OE - Sindicom","robots":{"index":"index","follow":"follow","max-snippet":"max-snippet:-1","max-image-preview":"max-image-preview:large","max-video-preview":"max-video-preview:-1"},"canonical":"https:\/\/sindicom.hr\/en\/katalog\/elektricni-upravljacki-ventil-centralnog-zakljucavanja-travego-setra-bova-vdo-oe\/","og_locale":"en_US","og_type":"article","og_title":"ELEKTRI\u010cNI UPRAVLJA\u010cKI VENTIL CENTRALNOG ZAKLJU\u010cAVANJA BUS TRAVEGO SETRA VDL BOVA VDO OE - Sindicom","og_url":"https:\/\/sindicom.hr\/en\/katalog\/elektricni-upravljacki-ventil-centralnog-zakljucavanja-travego-setra-bova-vdo-oe\/","og_site_name":"Sindicom","article_publisher":"https:\/\/www.facebook.com\/Sindicom-doo-170277286366043\/","article_modified_time":"2025-10-27T12:13:33+00:00","og_image":[{"width":600,"height":600,"url":"https:\/\/sindicom.hr\/wp-content\/uploads\/2024\/03\/A2C53397734.webp","type":"image\/webp"}],"twitter_card":"summary_large_image","twitter_misc":{"Est. reading time":"1 minute"},"schema":{"@context":"https:\/\/schema.org","@graph":[{"@type":"WebPage","@id":"https:\/\/sindicom.hr\/en\/katalog\/elektricni-upravljacki-ventil-centralnog-zakljucavanja-travego-setra-bova-vdo-oe\/","url":"https:\/\/sindicom.hr\/en\/katalog\/elektricni-upravljacki-ventil-centralnog-zakljucavanja-travego-setra-bova-vdo-oe\/","name":"ELEKTRI\u010cNI UPRAVLJA\u010cKI VENTIL CENTRALNOG ZAKLJU\u010cAVANJA BUS TRAVEGO SETRA VDL BOVA VDO OE - Sindicom","isPartOf":{"@id":"https:\/\/sindicom.hr\/en\/#website"},"primaryImageOfPage":{"@id":"https:\/\/sindicom.hr\/en\/katalog\/elektricni-upravljacki-ventil-centralnog-zakljucavanja-travego-setra-bova-vdo-oe\/#primaryimage"},"image":{"@id":"https:\/\/sindicom.hr\/en\/katalog\/elektricni-upravljacki-ventil-centralnog-zakljucavanja-travego-setra-bova-vdo-oe\/#primaryimage"},"thumbnailUrl":"https:\/\/sindicom.hr\/wp-content\/uploads\/2024\/03\/A2C53397734.webp","datePublished":"2024-03-06T08:52:13+00:00","dateModified":"2025-10-27T12:13:33+00:00","breadcrumb":{"@id":"https:\/\/sindicom.hr\/en\/katalog\/elektricni-upravljacki-ventil-centralnog-zakljucavanja-travego-setra-bova-vdo-oe\/#breadcrumb"},"inLanguage":"en-US","potentialAction":[{"@type":"ReadAction","target":["https:\/\/sindicom.hr\/en\/katalog\/elektricni-upravljacki-ventil-centralnog-zakljucavanja-travego-setra-bova-vdo-oe\/"]}]},{"@type":"ImageObject","inLanguage":"en-US","@id":"https:\/\/sindicom.hr\/en\/katalog\/elektricni-upravljacki-ventil-centralnog-zakljucavanja-travego-setra-bova-vdo-oe\/#primaryimage","url":"https:\/\/sindicom.hr\/wp-content\/uploads\/2024\/03\/A2C53397734.webp","contentUrl":"https:\/\/sindicom.hr\/wp-content\/uploads\/2024\/03\/A2C53397734.webp","width":600,"height":600},{"@type":"BreadcrumbList","@id":"https:\/\/sindicom.hr\/en\/katalog\/elektricni-upravljacki-ventil-centralnog-zakljucavanja-travego-setra-bova-vdo-oe\/#breadcrumb","itemListElement":[{"@type":"ListItem","position":1,"name":"Po\u010detna stranica","item":"https:\/\/sindicom.hr\/en\/"},{"@type":"ListItem","position":2,"name":"Katalog dijelova","item":"https:\/\/sindicom.hr\/en\/catalog\/"},{"@type":"ListItem","position":3,"name":"ELEKTRI\u010cNI UPRAVLJA\u010cKI VENTIL CENTRALNOG ZAKLJU\u010cAVANJA BUS TRAVEGO SETRA VDL BOVA VDO OE"}]},{"@type":"WebSite","@id":"https:\/\/sindicom.hr\/en\/#website","url":"https:\/\/sindicom.hr\/en\/","name":"SINDICOM","description":"Trade and repair of pneumatic brakes, air and hydraulic systems for trucks and buses","publisher":{"@id":"https:\/\/sindicom.hr\/en\/#organization"},"potentialAction":[{"@type":"SearchAction","target":{"@type":"EntryPoint","urlTemplate":"https:\/\/sindicom.hr\/en\/?s={search_term_string}"},"query-input":{"@type":"PropertyValueSpecification","valueRequired":true,"valueName":"search_term_string"}}],"inLanguage":"en-US"},{"@type":"Organization","@id":"https:\/\/sindicom.hr\/en\/#organization","name":"SINDICOM d.o.o.","url":"https:\/\/sindicom.hr\/en\/","logo":{"@type":"ImageObject","inLanguage":"en-US","@id":"https:\/\/sindicom.hr\/en\/#\/schema\/logo\/image\/","url":"https:\/\/sindicom.hr\/wp-content\/uploads\/2019\/11\/sindicom_logo_veliki1.jpg.png","contentUrl":"https:\/\/sindicom.hr\/wp-content\/uploads\/2019\/11\/sindicom_logo_veliki1.jpg.png","width":732,"height":706,"caption":"SINDICOM d.o.o."},"image":{"@id":"https:\/\/sindicom.hr\/en\/#\/schema\/logo\/image\/"},"sameAs":["https:\/\/www.facebook.com\/Sindicom-doo-170277286366043\/","https:\/\/instagram.com\/sindicomdoo"]}]}},"_links":{"self":[{"href":"https:\/\/sindicom.hr\/en\/wp-json\/wp\/v2\/product\/30459","targetHints":{"allow":["GET"]}}],"collection":[{"href":"https:\/\/sindicom.hr\/en\/wp-json\/wp\/v2\/product"}],"about":[{"href":"https:\/\/sindicom.hr\/en\/wp-json\/wp\/v2\/types\/product"}],"wp:featuredmedia":[{"embeddable":true,"href":"https:\/\/sindicom.hr\/en\/wp-json\/wp\/v2\/media\/30463"}],"wp:attachment":[{"href":"https:\/\/sindicom.hr\/en\/wp-json\/wp\/v2\/media?parent=30459"}],"wp:term":[{"taxonomy":"product_brand","embeddable":true,"href":"https:\/\/sindicom.hr\/en\/wp-json\/wp\/v2\/product_brand?post=30459"},{"taxonomy":"product_cat","embeddable":true,"href":"https:\/\/sindicom.hr\/en\/wp-json\/wp\/v2\/product_cat?post=30459"},{"taxonomy":"product_tag","embeddable":true,"href":"https:\/\/sindicom.hr\/en\/wp-json\/wp\/v2\/product_tag?post=30459"}],"curies":[{"name":"wp","href":"https:\/\/api.w.org\/{rel}","templated":true}]}}