{"id":32821,"date":"2024-04-15T16:25:13","date_gmt":"2024-04-15T16:25:13","guid":{"rendered":"https:\/\/sindicom.hr\/?post_type=product&#038;p=32821"},"modified":"2025-10-27T12:13:01","modified_gmt":"2025-10-27T12:13:01","slug":"lezaj-lamele-kvacila-glavcine-kotaca-25x52x15-mm-fag-oe","status":"publish","type":"product","link":"https:\/\/sindicom.hr\/en\/katalog\/lezaj-lamele-kvacila-glavcine-kotaca-25x52x15-mm-fag-oe\/","title":{"rendered":"LE\u017dAJ LAMELE KVA\u010cILA GLAV\u010cINE KOTA\u010cA 25x52x15 mm FAG OE"},"content":{"rendered":"<p>62052RSC3 FAG  6205-2RS-C3 FAG  26735949 AGCO  3226 384 50 AGCO  D267 359 49 AGCO  LA11074 AGCO  180205K1S17 BELARUS  28996520 CASE  0002155170 CLAAS  6205-2RS\/C3 CLAAS  7700 027 456 CLAAS  0619995 DAF  1403938 DAF  01125568 DEUTZ  01136333 DEUTZ  01136762 DEUTZ  01179676 DEUTZ  06314603102 MAN  06314604400 MAN  06314604402 MAN  51934100016 MAN  85900013094 MAN  F716201040020 FENDT  1136333 FORD  1233489 FORD  DKN7600 FORD  1233489 GENERAL MOTORS  504077114 IVECO  916\/06000 JCB  91606000 JCB  22258X1 LANDINI  222 58 X MASSEY FERGUSON  339581X1 MASSEY FERGUSON  339 581 X1 MASSEY FERGUSON  000625406205 MERCEDES  000 625 40 6205 MERCEDES  1136 333 VOLVO  9069810425 MERCEDES  A9069810425 MERCEDES  9069810325 MERCEDES  A9069810325 MERCEDES  906 981 0325 MERCEDES  A906 981 0325 MERCEDES  34439 NEW HOLLAND  443898 NEW HOLLAND  80034439 NEW HOLLAND  80210075 NEW HOLLAND  80443898 NEW HOLLAND  181335 VOLVO  1863869039 SACHS  0167198240030 SCHAEFFLER  0938604390030 SCHAEFFLER  0949834530030 SCHAEFFLER  6205 2RSH\/C3 SKF  62052RS1\/C3 SKF  6205-2RSC3 TIMKEN  Bearing<\/p>\n","protected":false},"excerpt":{"rendered":"<p>62052RSC3 FAG 6205-2RS-C3 FAG 26735949 AGCO 3226 384 50 AGCO  [&#8230;]<\/p>\n","protected":false},"featured_media":0,"template":"","meta":{"inline_featured_image":false},"product_brand":[],"product_cat":[140],"product_tag":[],"class_list":{"0":"post-32821","1":"product","2":"type-product","3":"status-publish","5":"product_cat-radni-strojevi","7":"first","8":"instock","9":"shipping-taxable","10":"purchasable","11":"product-type-simple"},"yoast_head":"<!-- This site is optimized with the Yoast SEO plugin v26.2 - https:\/\/yoast.com\/wordpress\/plugins\/seo\/ -->\n<title>LE\u017dAJ LAMELE KVA\u010cILA GLAV\u010cINE KOTA\u010cA 25x52x15 mm FAG OE - Sindicom<\/title>\n<meta name=\"robots\" content=\"index, follow, max-snippet:-1, max-image-preview:large, max-video-preview:-1\" \/>\n<link rel=\"canonical\" href=\"https:\/\/sindicom.hr\/en\/katalog\/lezaj-lamele-kvacila-glavcine-kotaca-25x52x15-mm-fag-oe\/\" \/>\n<meta property=\"og:locale\" content=\"en_US\" \/>\n<meta property=\"og:type\" content=\"article\" \/>\n<meta property=\"og:title\" content=\"LE\u017dAJ LAMELE KVA\u010cILA GLAV\u010cINE KOTA\u010cA 25x52x15 mm FAG OE - Sindicom\" \/>\n<meta property=\"og:description\" content=\"62052RSC3 FAG 6205-2RS-C3 FAG 26735949 AGCO 3226 384 50 AGCO [...]\" \/>\n<meta property=\"og:url\" content=\"https:\/\/sindicom.hr\/en\/katalog\/lezaj-lamele-kvacila-glavcine-kotaca-25x52x15-mm-fag-oe\/\" \/>\n<meta property=\"og:site_name\" content=\"Sindicom\" \/>\n<meta property=\"article:publisher\" content=\"https:\/\/www.facebook.com\/Sindicom-doo-170277286366043\/\" \/>\n<meta property=\"article:modified_time\" content=\"2025-10-27T12:13:01+00:00\" \/>\n<meta name=\"twitter:card\" content=\"summary_large_image\" \/>\n<script type=\"application\/ld+json\" class=\"yoast-schema-graph\">{\"@context\":\"https:\/\/schema.org\",\"@graph\":[{\"@type\":\"WebPage\",\"@id\":\"https:\/\/sindicom.hr\/en\/katalog\/lezaj-lamele-kvacila-glavcine-kotaca-25x52x15-mm-fag-oe\/\",\"url\":\"https:\/\/sindicom.hr\/en\/katalog\/lezaj-lamele-kvacila-glavcine-kotaca-25x52x15-mm-fag-oe\/\",\"name\":\"LE\u017dAJ LAMELE KVA\u010cILA GLAV\u010cINE KOTA\u010cA 25x52x15 mm FAG OE - Sindicom\",\"isPartOf\":{\"@id\":\"https:\/\/sindicom.hr\/en\/#website\"},\"datePublished\":\"2024-04-15T16:25:13+00:00\",\"dateModified\":\"2025-10-27T12:13:01+00:00\",\"breadcrumb\":{\"@id\":\"https:\/\/sindicom.hr\/en\/katalog\/lezaj-lamele-kvacila-glavcine-kotaca-25x52x15-mm-fag-oe\/#breadcrumb\"},\"inLanguage\":\"en-US\",\"potentialAction\":[{\"@type\":\"ReadAction\",\"target\":[\"https:\/\/sindicom.hr\/en\/katalog\/lezaj-lamele-kvacila-glavcine-kotaca-25x52x15-mm-fag-oe\/\"]}]},{\"@type\":\"BreadcrumbList\",\"@id\":\"https:\/\/sindicom.hr\/en\/katalog\/lezaj-lamele-kvacila-glavcine-kotaca-25x52x15-mm-fag-oe\/#breadcrumb\",\"itemListElement\":[{\"@type\":\"ListItem\",\"position\":1,\"name\":\"Po\u010detna stranica\",\"item\":\"https:\/\/sindicom.hr\/en\/\"},{\"@type\":\"ListItem\",\"position\":2,\"name\":\"Katalog dijelova\",\"item\":\"https:\/\/sindicom.hr\/en\/catalog\/\"},{\"@type\":\"ListItem\",\"position\":3,\"name\":\"LE\u017dAJ LAMELE KVA\u010cILA GLAV\u010cINE KOTA\u010cA 25x52x15 mm FAG OE\"}]},{\"@type\":\"WebSite\",\"@id\":\"https:\/\/sindicom.hr\/en\/#website\",\"url\":\"https:\/\/sindicom.hr\/en\/\",\"name\":\"SINDICOM\",\"description\":\"Trade and repair of pneumatic brakes, air and hydraulic systems for trucks and buses\",\"publisher\":{\"@id\":\"https:\/\/sindicom.hr\/en\/#organization\"},\"potentialAction\":[{\"@type\":\"SearchAction\",\"target\":{\"@type\":\"EntryPoint\",\"urlTemplate\":\"https:\/\/sindicom.hr\/en\/?s={search_term_string}\"},\"query-input\":{\"@type\":\"PropertyValueSpecification\",\"valueRequired\":true,\"valueName\":\"search_term_string\"}}],\"inLanguage\":\"en-US\"},{\"@type\":\"Organization\",\"@id\":\"https:\/\/sindicom.hr\/en\/#organization\",\"name\":\"SINDICOM d.o.o.\",\"url\":\"https:\/\/sindicom.hr\/en\/\",\"logo\":{\"@type\":\"ImageObject\",\"inLanguage\":\"en-US\",\"@id\":\"https:\/\/sindicom.hr\/en\/#\/schema\/logo\/image\/\",\"url\":\"https:\/\/sindicom.hr\/wp-content\/uploads\/2019\/11\/sindicom_logo_veliki1.jpg.png\",\"contentUrl\":\"https:\/\/sindicom.hr\/wp-content\/uploads\/2019\/11\/sindicom_logo_veliki1.jpg.png\",\"width\":732,\"height\":706,\"caption\":\"SINDICOM d.o.o.\"},\"image\":{\"@id\":\"https:\/\/sindicom.hr\/en\/#\/schema\/logo\/image\/\"},\"sameAs\":[\"https:\/\/www.facebook.com\/Sindicom-doo-170277286366043\/\",\"https:\/\/instagram.com\/sindicomdoo\"]}]}<\/script>\n<!-- \/ Yoast SEO plugin. -->","yoast_head_json":{"title":"LE\u017dAJ LAMELE KVA\u010cILA GLAV\u010cINE KOTA\u010cA 25x52x15 mm FAG OE - Sindicom","robots":{"index":"index","follow":"follow","max-snippet":"max-snippet:-1","max-image-preview":"max-image-preview:large","max-video-preview":"max-video-preview:-1"},"canonical":"https:\/\/sindicom.hr\/en\/katalog\/lezaj-lamele-kvacila-glavcine-kotaca-25x52x15-mm-fag-oe\/","og_locale":"en_US","og_type":"article","og_title":"LE\u017dAJ LAMELE KVA\u010cILA GLAV\u010cINE KOTA\u010cA 25x52x15 mm FAG OE - Sindicom","og_description":"62052RSC3 FAG 6205-2RS-C3 FAG 26735949 AGCO 3226 384 50 AGCO [...]","og_url":"https:\/\/sindicom.hr\/en\/katalog\/lezaj-lamele-kvacila-glavcine-kotaca-25x52x15-mm-fag-oe\/","og_site_name":"Sindicom","article_publisher":"https:\/\/www.facebook.com\/Sindicom-doo-170277286366043\/","article_modified_time":"2025-10-27T12:13:01+00:00","twitter_card":"summary_large_image","schema":{"@context":"https:\/\/schema.org","@graph":[{"@type":"WebPage","@id":"https:\/\/sindicom.hr\/en\/katalog\/lezaj-lamele-kvacila-glavcine-kotaca-25x52x15-mm-fag-oe\/","url":"https:\/\/sindicom.hr\/en\/katalog\/lezaj-lamele-kvacila-glavcine-kotaca-25x52x15-mm-fag-oe\/","name":"LE\u017dAJ LAMELE KVA\u010cILA GLAV\u010cINE KOTA\u010cA 25x52x15 mm FAG OE - Sindicom","isPartOf":{"@id":"https:\/\/sindicom.hr\/en\/#website"},"datePublished":"2024-04-15T16:25:13+00:00","dateModified":"2025-10-27T12:13:01+00:00","breadcrumb":{"@id":"https:\/\/sindicom.hr\/en\/katalog\/lezaj-lamele-kvacila-glavcine-kotaca-25x52x15-mm-fag-oe\/#breadcrumb"},"inLanguage":"en-US","potentialAction":[{"@type":"ReadAction","target":["https:\/\/sindicom.hr\/en\/katalog\/lezaj-lamele-kvacila-glavcine-kotaca-25x52x15-mm-fag-oe\/"]}]},{"@type":"BreadcrumbList","@id":"https:\/\/sindicom.hr\/en\/katalog\/lezaj-lamele-kvacila-glavcine-kotaca-25x52x15-mm-fag-oe\/#breadcrumb","itemListElement":[{"@type":"ListItem","position":1,"name":"Po\u010detna stranica","item":"https:\/\/sindicom.hr\/en\/"},{"@type":"ListItem","position":2,"name":"Katalog dijelova","item":"https:\/\/sindicom.hr\/en\/catalog\/"},{"@type":"ListItem","position":3,"name":"LE\u017dAJ LAMELE KVA\u010cILA GLAV\u010cINE KOTA\u010cA 25x52x15 mm FAG OE"}]},{"@type":"WebSite","@id":"https:\/\/sindicom.hr\/en\/#website","url":"https:\/\/sindicom.hr\/en\/","name":"SINDICOM","description":"Trade and repair of pneumatic brakes, air and hydraulic systems for trucks and buses","publisher":{"@id":"https:\/\/sindicom.hr\/en\/#organization"},"potentialAction":[{"@type":"SearchAction","target":{"@type":"EntryPoint","urlTemplate":"https:\/\/sindicom.hr\/en\/?s={search_term_string}"},"query-input":{"@type":"PropertyValueSpecification","valueRequired":true,"valueName":"search_term_string"}}],"inLanguage":"en-US"},{"@type":"Organization","@id":"https:\/\/sindicom.hr\/en\/#organization","name":"SINDICOM d.o.o.","url":"https:\/\/sindicom.hr\/en\/","logo":{"@type":"ImageObject","inLanguage":"en-US","@id":"https:\/\/sindicom.hr\/en\/#\/schema\/logo\/image\/","url":"https:\/\/sindicom.hr\/wp-content\/uploads\/2019\/11\/sindicom_logo_veliki1.jpg.png","contentUrl":"https:\/\/sindicom.hr\/wp-content\/uploads\/2019\/11\/sindicom_logo_veliki1.jpg.png","width":732,"height":706,"caption":"SINDICOM d.o.o."},"image":{"@id":"https:\/\/sindicom.hr\/en\/#\/schema\/logo\/image\/"},"sameAs":["https:\/\/www.facebook.com\/Sindicom-doo-170277286366043\/","https:\/\/instagram.com\/sindicomdoo"]}]}},"_links":{"self":[{"href":"https:\/\/sindicom.hr\/en\/wp-json\/wp\/v2\/product\/32821","targetHints":{"allow":["GET"]}}],"collection":[{"href":"https:\/\/sindicom.hr\/en\/wp-json\/wp\/v2\/product"}],"about":[{"href":"https:\/\/sindicom.hr\/en\/wp-json\/wp\/v2\/types\/product"}],"wp:attachment":[{"href":"https:\/\/sindicom.hr\/en\/wp-json\/wp\/v2\/media?parent=32821"}],"wp:term":[{"taxonomy":"product_brand","embeddable":true,"href":"https:\/\/sindicom.hr\/en\/wp-json\/wp\/v2\/product_brand?post=32821"},{"taxonomy":"product_cat","embeddable":true,"href":"https:\/\/sindicom.hr\/en\/wp-json\/wp\/v2\/product_cat?post=32821"},{"taxonomy":"product_tag","embeddable":true,"href":"https:\/\/sindicom.hr\/en\/wp-json\/wp\/v2\/product_tag?post=32821"}],"curies":[{"name":"wp","href":"https:\/\/api.w.org\/{rel}","templated":true}]}}