{"id":32894,"date":"2024-04-15T16:28:04","date_gmt":"2024-04-15T16:28:04","guid":{"rendered":"https:\/\/sindicom.hr\/?post_type=product&#038;p=32894"},"modified":"2025-10-27T11:40:44","modified_gmt":"2025-10-27T11:40:44","slug":"evropa-ventil-prikolice-s-otkocnim-m22-wabco-oe","status":"publish","type":"product","link":"https:\/\/sindicom.hr\/en\/katalog\/evropa-ventil-prikolice-s-otkocnim-m22-wabco-oe\/","title":{"rendered":"EVROPA VENTIL PRIKOLICE S OTKO\u010cNIM VENTILOM M22x1.5 WABCO OE"},"content":{"rendered":"<p>9710025337 WABCO  9710025330 WABCO  9710025317 WABCO  9710025300 WABCO  9710021500 WABCO  9630010130 WABCO  9630010137 WABCO  AS3112 KNORR  SEB00093 KNORR  AS3000 KNORR  9710025310 WABCO  9710025317 WABCO  9710021500 WABCO  9710021507 WABCO  350026002 HALDEX  351008012 HALDEX  350026002 HALDEX  9512544 CASE  1325333 DAF  815808 DAF  815809 DAF  8.283.793.000 EVOBUS  8.283.884.000 EVOBUS  ASX 0571002 FRUEHAUF  500945018 KRONE  945018 KRONE  9453390 KRONE  5029 93301 LIEBHERR  07111.000 NEOPLAN  1935617 SCANIA  2090072 SCANIA  050021 SCHMITZ  T2004491 SCHMITZ  637206520 VAN HOOL  637206720 VAN HOOL  1325334 DAF  1325334R DAF  8998014 DOLL  8.283.884.000 EVOBUS  82838840000 EVOBUS  AZ51634 JOHN DEERE  8.283.884.000.0 KASSBOHRER  76312 KOGEL  79312 KOGEL  07115.000 NEOPLAN  2090073 SCANIA  050021 SCHMITZ  050787 SCHMITZ  50021 SCHMITZ  82838840000 SCHMITZ  30892 SCHWARZMULLER  Anh\u00e4nger-Bremsventil  Relay Emergency Valve  Valvola rele di emergenza  Valve relais d&#8217;urgence  V\u00e1lvula rel\u00e9 de urgencia<\/p>\n","protected":false},"excerpt":{"rendered":"<p><img decoding=\"async\" class=\"alignnone size-medium wp-image-17720\" src=\"https:\/\/sindicom.hr\/wp-content\/uploads\/2020\/05\/wabco-300x300.png\" alt=\"\" width=\"300\" height=\"300\" srcset=\"https:\/\/sindicom.hr\/wp-content\/uploads\/2020\/05\/wabco-64x64.png 64w, https:\/\/sindicom.hr\/wp-content\/uploads\/2020\/05\/wabco-66x66.png 66w, https:\/\/sindicom.hr\/wp-content\/uploads\/2020\/05\/wabco-100x100.png 100w, https:\/\/sindicom.hr\/wp-content\/uploads\/2020\/05\/wabco-150x150.png 150w, https:\/\/sindicom.hr\/wp-content\/uploads\/2020\/05\/wabco-200x200.png 200w, https:\/\/sindicom.hr\/wp-content\/uploads\/2020\/05\/wabco.png 300w\" sizes=\"(max-width: 300px) 100vw, 300px\" \/><\/p>\n","protected":false},"featured_media":38749,"template":"","meta":{"inline_featured_image":false},"product_brand":[],"product_cat":[15,222,156,117,141,114,234,50,140,118,119,136],"product_tag":[],"class_list":{"0":"post-32894","1":"product","2":"type-product","3":"status-publish","4":"has-post-thumbnail","6":"product_cat-all-products","7":"product_cat-case","8":"product_cat-john-deere","9":"product_cat-krone","10":"product_cat-liebherr","11":"product_cat-prikolice","12":"product_cat-prikolicni-evropa-sigurnosni-ventili-trailer-europe-safety-valves","13":"product_cat-prikolicni-ventili","14":"product_cat-radni-strojevi","15":"product_cat-schmitz","16":"product_cat-schwarzmuller","17":"product_cat-traktori","19":"first","20":"instock","21":"shipping-taxable","22":"purchasable","23":"product-type-simple"},"yoast_head":"<!-- This site is optimized with the Yoast SEO plugin v26.2 - https:\/\/yoast.com\/wordpress\/plugins\/seo\/ -->\n<title>EVROPA VENTIL PRIKOLICE S OTKO\u010cNIM VENTILOM M22x1.5 WABCO OE - Sindicom<\/title>\n<meta name=\"robots\" content=\"index, follow, max-snippet:-1, max-image-preview:large, max-video-preview:-1\" \/>\n<link rel=\"canonical\" href=\"https:\/\/sindicom.hr\/en\/katalog\/evropa-ventil-prikolice-s-otkocnim-m22-wabco-oe\/\" \/>\n<meta property=\"og:locale\" content=\"en_US\" \/>\n<meta property=\"og:type\" content=\"article\" \/>\n<meta property=\"og:title\" content=\"EVROPA VENTIL PRIKOLICE S OTKO\u010cNIM VENTILOM M22x1.5 WABCO OE - Sindicom\" \/>\n<meta property=\"og:url\" content=\"https:\/\/sindicom.hr\/en\/katalog\/evropa-ventil-prikolice-s-otkocnim-m22-wabco-oe\/\" \/>\n<meta property=\"og:site_name\" content=\"Sindicom\" \/>\n<meta property=\"article:publisher\" content=\"https:\/\/www.facebook.com\/Sindicom-doo-170277286366043\/\" \/>\n<meta property=\"article:modified_time\" content=\"2025-10-27T11:40:44+00:00\" \/>\n<meta property=\"og:image\" content=\"https:\/\/sindicom.hr\/wp-content\/uploads\/2024\/04\/9710025337.webp\" \/>\n\t<meta property=\"og:image:width\" content=\"600\" \/>\n\t<meta property=\"og:image:height\" content=\"600\" \/>\n\t<meta property=\"og:image:type\" content=\"image\/webp\" \/>\n<meta name=\"twitter:card\" content=\"summary_large_image\" \/>\n<meta name=\"twitter:label1\" content=\"Est. reading time\" \/>\n\t<meta name=\"twitter:data1\" content=\"1 minute\" \/>\n<script type=\"application\/ld+json\" class=\"yoast-schema-graph\">{\"@context\":\"https:\/\/schema.org\",\"@graph\":[{\"@type\":\"WebPage\",\"@id\":\"https:\/\/sindicom.hr\/en\/katalog\/evropa-ventil-prikolice-s-otkocnim-m22-wabco-oe\/\",\"url\":\"https:\/\/sindicom.hr\/en\/katalog\/evropa-ventil-prikolice-s-otkocnim-m22-wabco-oe\/\",\"name\":\"EVROPA VENTIL PRIKOLICE S OTKO\u010cNIM VENTILOM M22x1.5 WABCO OE - Sindicom\",\"isPartOf\":{\"@id\":\"https:\/\/sindicom.hr\/en\/#website\"},\"primaryImageOfPage\":{\"@id\":\"https:\/\/sindicom.hr\/en\/katalog\/evropa-ventil-prikolice-s-otkocnim-m22-wabco-oe\/#primaryimage\"},\"image\":{\"@id\":\"https:\/\/sindicom.hr\/en\/katalog\/evropa-ventil-prikolice-s-otkocnim-m22-wabco-oe\/#primaryimage\"},\"thumbnailUrl\":\"https:\/\/sindicom.hr\/wp-content\/uploads\/2024\/04\/9710025337.webp\",\"datePublished\":\"2024-04-15T16:28:04+00:00\",\"dateModified\":\"2025-10-27T11:40:44+00:00\",\"breadcrumb\":{\"@id\":\"https:\/\/sindicom.hr\/en\/katalog\/evropa-ventil-prikolice-s-otkocnim-m22-wabco-oe\/#breadcrumb\"},\"inLanguage\":\"en-US\",\"potentialAction\":[{\"@type\":\"ReadAction\",\"target\":[\"https:\/\/sindicom.hr\/en\/katalog\/evropa-ventil-prikolice-s-otkocnim-m22-wabco-oe\/\"]}]},{\"@type\":\"ImageObject\",\"inLanguage\":\"en-US\",\"@id\":\"https:\/\/sindicom.hr\/en\/katalog\/evropa-ventil-prikolice-s-otkocnim-m22-wabco-oe\/#primaryimage\",\"url\":\"https:\/\/sindicom.hr\/wp-content\/uploads\/2024\/04\/9710025337.webp\",\"contentUrl\":\"https:\/\/sindicom.hr\/wp-content\/uploads\/2024\/04\/9710025337.webp\",\"width\":600,\"height\":600},{\"@type\":\"BreadcrumbList\",\"@id\":\"https:\/\/sindicom.hr\/en\/katalog\/evropa-ventil-prikolice-s-otkocnim-m22-wabco-oe\/#breadcrumb\",\"itemListElement\":[{\"@type\":\"ListItem\",\"position\":1,\"name\":\"Po\u010detna stranica\",\"item\":\"https:\/\/sindicom.hr\/en\/\"},{\"@type\":\"ListItem\",\"position\":2,\"name\":\"Katalog dijelova\",\"item\":\"https:\/\/sindicom.hr\/en\/catalog\/\"},{\"@type\":\"ListItem\",\"position\":3,\"name\":\"EVROPA VENTIL PRIKOLICE S OTKO\u010cNIM M22 WABCO OE\"}]},{\"@type\":\"WebSite\",\"@id\":\"https:\/\/sindicom.hr\/en\/#website\",\"url\":\"https:\/\/sindicom.hr\/en\/\",\"name\":\"SINDICOM\",\"description\":\"Trade and repair of pneumatic brakes, air and hydraulic systems for trucks and buses\",\"publisher\":{\"@id\":\"https:\/\/sindicom.hr\/en\/#organization\"},\"potentialAction\":[{\"@type\":\"SearchAction\",\"target\":{\"@type\":\"EntryPoint\",\"urlTemplate\":\"https:\/\/sindicom.hr\/en\/?s={search_term_string}\"},\"query-input\":{\"@type\":\"PropertyValueSpecification\",\"valueRequired\":true,\"valueName\":\"search_term_string\"}}],\"inLanguage\":\"en-US\"},{\"@type\":\"Organization\",\"@id\":\"https:\/\/sindicom.hr\/en\/#organization\",\"name\":\"SINDICOM d.o.o.\",\"url\":\"https:\/\/sindicom.hr\/en\/\",\"logo\":{\"@type\":\"ImageObject\",\"inLanguage\":\"en-US\",\"@id\":\"https:\/\/sindicom.hr\/en\/#\/schema\/logo\/image\/\",\"url\":\"https:\/\/sindicom.hr\/wp-content\/uploads\/2019\/11\/sindicom_logo_veliki1.jpg.png\",\"contentUrl\":\"https:\/\/sindicom.hr\/wp-content\/uploads\/2019\/11\/sindicom_logo_veliki1.jpg.png\",\"width\":732,\"height\":706,\"caption\":\"SINDICOM d.o.o.\"},\"image\":{\"@id\":\"https:\/\/sindicom.hr\/en\/#\/schema\/logo\/image\/\"},\"sameAs\":[\"https:\/\/www.facebook.com\/Sindicom-doo-170277286366043\/\",\"https:\/\/instagram.com\/sindicomdoo\"]}]}<\/script>\n<!-- \/ Yoast SEO plugin. -->","yoast_head_json":{"title":"EVROPA VENTIL PRIKOLICE S OTKO\u010cNIM VENTILOM M22x1.5 WABCO OE - Sindicom","robots":{"index":"index","follow":"follow","max-snippet":"max-snippet:-1","max-image-preview":"max-image-preview:large","max-video-preview":"max-video-preview:-1"},"canonical":"https:\/\/sindicom.hr\/en\/katalog\/evropa-ventil-prikolice-s-otkocnim-m22-wabco-oe\/","og_locale":"en_US","og_type":"article","og_title":"EVROPA VENTIL PRIKOLICE S OTKO\u010cNIM VENTILOM M22x1.5 WABCO OE - Sindicom","og_url":"https:\/\/sindicom.hr\/en\/katalog\/evropa-ventil-prikolice-s-otkocnim-m22-wabco-oe\/","og_site_name":"Sindicom","article_publisher":"https:\/\/www.facebook.com\/Sindicom-doo-170277286366043\/","article_modified_time":"2025-10-27T11:40:44+00:00","og_image":[{"width":600,"height":600,"url":"https:\/\/sindicom.hr\/wp-content\/uploads\/2024\/04\/9710025337.webp","type":"image\/webp"}],"twitter_card":"summary_large_image","twitter_misc":{"Est. reading time":"1 minute"},"schema":{"@context":"https:\/\/schema.org","@graph":[{"@type":"WebPage","@id":"https:\/\/sindicom.hr\/en\/katalog\/evropa-ventil-prikolice-s-otkocnim-m22-wabco-oe\/","url":"https:\/\/sindicom.hr\/en\/katalog\/evropa-ventil-prikolice-s-otkocnim-m22-wabco-oe\/","name":"EVROPA VENTIL PRIKOLICE S OTKO\u010cNIM VENTILOM M22x1.5 WABCO OE - Sindicom","isPartOf":{"@id":"https:\/\/sindicom.hr\/en\/#website"},"primaryImageOfPage":{"@id":"https:\/\/sindicom.hr\/en\/katalog\/evropa-ventil-prikolice-s-otkocnim-m22-wabco-oe\/#primaryimage"},"image":{"@id":"https:\/\/sindicom.hr\/en\/katalog\/evropa-ventil-prikolice-s-otkocnim-m22-wabco-oe\/#primaryimage"},"thumbnailUrl":"https:\/\/sindicom.hr\/wp-content\/uploads\/2024\/04\/9710025337.webp","datePublished":"2024-04-15T16:28:04+00:00","dateModified":"2025-10-27T11:40:44+00:00","breadcrumb":{"@id":"https:\/\/sindicom.hr\/en\/katalog\/evropa-ventil-prikolice-s-otkocnim-m22-wabco-oe\/#breadcrumb"},"inLanguage":"en-US","potentialAction":[{"@type":"ReadAction","target":["https:\/\/sindicom.hr\/en\/katalog\/evropa-ventil-prikolice-s-otkocnim-m22-wabco-oe\/"]}]},{"@type":"ImageObject","inLanguage":"en-US","@id":"https:\/\/sindicom.hr\/en\/katalog\/evropa-ventil-prikolice-s-otkocnim-m22-wabco-oe\/#primaryimage","url":"https:\/\/sindicom.hr\/wp-content\/uploads\/2024\/04\/9710025337.webp","contentUrl":"https:\/\/sindicom.hr\/wp-content\/uploads\/2024\/04\/9710025337.webp","width":600,"height":600},{"@type":"BreadcrumbList","@id":"https:\/\/sindicom.hr\/en\/katalog\/evropa-ventil-prikolice-s-otkocnim-m22-wabco-oe\/#breadcrumb","itemListElement":[{"@type":"ListItem","position":1,"name":"Po\u010detna stranica","item":"https:\/\/sindicom.hr\/en\/"},{"@type":"ListItem","position":2,"name":"Katalog dijelova","item":"https:\/\/sindicom.hr\/en\/catalog\/"},{"@type":"ListItem","position":3,"name":"EVROPA VENTIL PRIKOLICE S OTKO\u010cNIM M22 WABCO OE"}]},{"@type":"WebSite","@id":"https:\/\/sindicom.hr\/en\/#website","url":"https:\/\/sindicom.hr\/en\/","name":"SINDICOM","description":"Trade and repair of pneumatic brakes, air and hydraulic systems for trucks and buses","publisher":{"@id":"https:\/\/sindicom.hr\/en\/#organization"},"potentialAction":[{"@type":"SearchAction","target":{"@type":"EntryPoint","urlTemplate":"https:\/\/sindicom.hr\/en\/?s={search_term_string}"},"query-input":{"@type":"PropertyValueSpecification","valueRequired":true,"valueName":"search_term_string"}}],"inLanguage":"en-US"},{"@type":"Organization","@id":"https:\/\/sindicom.hr\/en\/#organization","name":"SINDICOM d.o.o.","url":"https:\/\/sindicom.hr\/en\/","logo":{"@type":"ImageObject","inLanguage":"en-US","@id":"https:\/\/sindicom.hr\/en\/#\/schema\/logo\/image\/","url":"https:\/\/sindicom.hr\/wp-content\/uploads\/2019\/11\/sindicom_logo_veliki1.jpg.png","contentUrl":"https:\/\/sindicom.hr\/wp-content\/uploads\/2019\/11\/sindicom_logo_veliki1.jpg.png","width":732,"height":706,"caption":"SINDICOM d.o.o."},"image":{"@id":"https:\/\/sindicom.hr\/en\/#\/schema\/logo\/image\/"},"sameAs":["https:\/\/www.facebook.com\/Sindicom-doo-170277286366043\/","https:\/\/instagram.com\/sindicomdoo"]}]}},"_links":{"self":[{"href":"https:\/\/sindicom.hr\/en\/wp-json\/wp\/v2\/product\/32894","targetHints":{"allow":["GET"]}}],"collection":[{"href":"https:\/\/sindicom.hr\/en\/wp-json\/wp\/v2\/product"}],"about":[{"href":"https:\/\/sindicom.hr\/en\/wp-json\/wp\/v2\/types\/product"}],"wp:featuredmedia":[{"embeddable":true,"href":"https:\/\/sindicom.hr\/en\/wp-json\/wp\/v2\/media\/38749"}],"wp:attachment":[{"href":"https:\/\/sindicom.hr\/en\/wp-json\/wp\/v2\/media?parent=32894"}],"wp:term":[{"taxonomy":"product_brand","embeddable":true,"href":"https:\/\/sindicom.hr\/en\/wp-json\/wp\/v2\/product_brand?post=32894"},{"taxonomy":"product_cat","embeddable":true,"href":"https:\/\/sindicom.hr\/en\/wp-json\/wp\/v2\/product_cat?post=32894"},{"taxonomy":"product_tag","embeddable":true,"href":"https:\/\/sindicom.hr\/en\/wp-json\/wp\/v2\/product_tag?post=32894"}],"curies":[{"name":"wp","href":"https:\/\/api.w.org\/{rel}","templated":true}]}}