{"id":37452,"date":"2024-07-23T06:37:39","date_gmt":"2024-07-23T06:37:39","guid":{"rendered":"https:\/\/sindicom.hr\/?post_type=product&#038;p=37452"},"modified":"2025-10-27T12:14:29","modified_gmt":"2025-10-27T12:14:29","slug":"glavni-kocioni-cilindar-25-mm-atf-bosch-case-ih-new-holland-mineralno-ulje-zamj","status":"publish","type":"product","link":"https:\/\/sindicom.hr\/en\/katalog\/glavni-kocioni-cilindar-25-mm-atf-bosch-case-ih-new-holland-mineralno-ulje-zamj\/","title":{"rendered":"GLAVNI KO\u010cIONI CILINDAR 25 mm ATF MINERALNO ULJE IH NEW HOLLAND HURLIMANN CASE BOSCH CNH ZAMJ."},"content":{"rendered":"<p>VPJ8253 VAPORMATIC  87748269 CNH  84558759 CNH  87354681 CNH  68101 CNH  01L32 CNH  87354681 CASE  84558759 CASE  82006194 CASE  84558759 CASE  87748269 CASE  47125744 CASE  87748264 CASE  47125744 FORD  87354681 FORD  87354681 STEYR  24304 BOSCH  24304 ODLJEV  24304 ODLJEV BOSCH  F009D00143 BOSCH  HAM4004 AGRO  84535046 CASE  000992344 DEUTZ  00099234410 DEUTZ  1408811 BOSCH  1408811 AGRO  47132767 NEW HOLLAND  82018664 NEW HOLLAND  85805257 NEW HOLLAND  87343615 NEW HOLLAND  87354670 NEW HOLLAND  87354681 NEW HOLLAND  87398198 NEW HOLLAND  87748269 NEW HOLLAND  87354681 NEW HOLLAND  87354681 NEW HOLLAND  87748269 NEW HOLLAND  000992344 DEUTZ-FAHR  00099234410 DEUTZ-FAHR  3537810M91 MASSEY FERGUSON  3671522M91 MASSEY FERGUSON  3558716M92 MASSEY FERGUSON  VPJ8253 AGRO  VPJ8253 VAPORMATIC  Hauptbremszylinder Mineral\u00f6l  Brake master cylinder mineral oil  Olio minerale per cilindro maestro freno  Huile min\u00e9rale pour ma\u00eetre-cylindre de frein  Aceite mineral para cilindro maestro de freno  Brake master cylinder fits HURLIMANN SAME  Master brake cylinder fits CASE IH JX. JXU; NEW HOLLAND T5000. TD. TL 8045.05.370-NEF4(F4GE0454A) 08.97  Brake master cylinder fits HURLIMANN SAME NEW HOLLAND T5000. TD. TD5. TD5000. TL NEF4\/NEF4(F4GE0454A)  Brake master cylinder fits CASE IH 105 A 2WD. 105 A 4WD. 105 U. 115 A 2WD. 115 A 4WD. 115 U. 65 A. 75 A. 85 A 2WD. 85 A 4WD. 95 A 2WD. 95 A 4WD. 95 U. JX100. JX110. JX90. 1070 U. 1080 U. 1090 U  Case IH JX90 JX95 JX70 JX75 JX80  Farmall Series: 105A. 105U. 115A. 115U. 65A. 75A. 85A. 95A. 95U  Farmall JX Series: 100JX. 110JX. 70JX. 75JX. 80JX. 90JX  JX Series: JX60. JX70. JX80. JX90. JX95  JXU Series: JX105U. JX1070U. JX1080U. JX1090U. JX1100U. JX115U. JX75U. JX85U. JX95U  Luxxum Series: Luxxum 100. Luxxum 110. Luxxum 120  New Holland  T3F Series: T3.50F. T3.55F. T3.65F. T3.75F  T5 Series: T5.105. T5.115. T5.95  T5000 Series: T5030. T5040. T5050. T5060. T5070  TD4000F Series: TD4020F. TD4030F. TD4040F  TD4F Series: TD4.70F. TD4.80F. TD4.90F  TD5 Series: TD5.100. TD5.105* . TD5.110. TD5.115* . TD5.65. TD5.75* . TD5.80. TD5.85* . TD5.90. TD5.95*  TD5000 Series: TD5010. TD5020. TD5030. TD5040. TD5050  TDD Series: TD60D Plus. TD70D Plus. TD80D Plus. TD90D Plus. TD95D Plus  TDF Series: TD65F. TD75F. TD85F  TLA Series: TL100A. TL70A. TL80A. TL90A  Steyr Multi Series: 40<\/p>\n","protected":false},"excerpt":{"rendered":"<p><img decoding=\"async\" class=\"alignnone size-medium wp-image-17694\" src=\"https:\/\/sindicom.hr\/wp-content\/uploads\/2020\/05\/aftermarket-300x300.png\" alt=\"\" width=\"300\" height=\"300\" srcset=\"https:\/\/sindicom.hr\/wp-content\/uploads\/2020\/05\/aftermarket-64x64.png 64w, https:\/\/sindicom.hr\/wp-content\/uploads\/2020\/05\/aftermarket-66x66.png 66w, https:\/\/sindicom.hr\/wp-content\/uploads\/2020\/05\/aftermarket-100x100.png 100w, https:\/\/sindicom.hr\/wp-content\/uploads\/2020\/05\/aftermarket-150x150.png 150w, https:\/\/sindicom.hr\/wp-content\/uploads\/2020\/05\/aftermarket-200x200.png 200w, https:\/\/sindicom.hr\/wp-content\/uploads\/2020\/05\/aftermarket.png 300w\" sizes=\"(max-width: 300px) 100vw, 300px\" \/><\/p>\n","protected":false},"featured_media":37453,"template":"","meta":{"inline_featured_image":false},"product_brand":[],"product_cat":[15,222,216,138,239,156,194,188,252,136],"product_tag":[],"class_list":{"0":"post-37452","1":"product","2":"type-product","3":"status-publish","4":"has-post-thumbnail","6":"product_cat-all-products","7":"product_cat-case","8":"product_cat-claas-traktori","9":"product_cat-deutz","10":"product_cat-glavni-kocioni-cilindar-brake-master-cylinder","11":"product_cat-john-deere","12":"product_cat-massey-ferguson","13":"product_cat-new-holland","14":"product_cat-same","15":"product_cat-traktori","17":"first","18":"instock","19":"shipping-taxable","20":"purchasable","21":"product-type-simple"},"yoast_head":"<!-- This site is optimized with the Yoast SEO plugin v26.2 - https:\/\/yoast.com\/wordpress\/plugins\/seo\/ -->\n<title>GLAVNI KO\u010cIONI CILINDAR 25 mm ATF MINERALNO ULJE IH NEW HOLLAND HURLIMANN CASE BOSCH CNH ZAMJ. - Sindicom<\/title>\n<meta name=\"robots\" content=\"index, follow, max-snippet:-1, max-image-preview:large, max-video-preview:-1\" \/>\n<link rel=\"canonical\" href=\"https:\/\/sindicom.hr\/en\/katalog\/glavni-kocioni-cilindar-25-mm-atf-bosch-case-ih-new-holland-mineralno-ulje-zamj\/\" \/>\n<meta property=\"og:locale\" content=\"en_US\" \/>\n<meta property=\"og:type\" content=\"article\" \/>\n<meta property=\"og:title\" content=\"GLAVNI KO\u010cIONI CILINDAR 25 mm ATF MINERALNO ULJE IH NEW HOLLAND HURLIMANN CASE BOSCH CNH ZAMJ. - Sindicom\" \/>\n<meta property=\"og:url\" content=\"https:\/\/sindicom.hr\/en\/katalog\/glavni-kocioni-cilindar-25-mm-atf-bosch-case-ih-new-holland-mineralno-ulje-zamj\/\" \/>\n<meta property=\"og:site_name\" content=\"Sindicom\" \/>\n<meta property=\"article:publisher\" content=\"https:\/\/www.facebook.com\/Sindicom-doo-170277286366043\/\" \/>\n<meta property=\"article:modified_time\" content=\"2025-10-27T12:14:29+00:00\" \/>\n<meta property=\"og:image\" content=\"https:\/\/sindicom.hr\/wp-content\/uploads\/2024\/07\/VPJ8253.webp\" \/>\n\t<meta property=\"og:image:width\" content=\"600\" \/>\n\t<meta property=\"og:image:height\" content=\"600\" \/>\n\t<meta property=\"og:image:type\" content=\"image\/webp\" \/>\n<meta name=\"twitter:card\" content=\"summary_large_image\" \/>\n<meta name=\"twitter:label1\" content=\"Est. reading time\" \/>\n\t<meta name=\"twitter:data1\" content=\"3 minutes\" \/>\n<script type=\"application\/ld+json\" class=\"yoast-schema-graph\">{\"@context\":\"https:\/\/schema.org\",\"@graph\":[{\"@type\":\"WebPage\",\"@id\":\"https:\/\/sindicom.hr\/en\/katalog\/glavni-kocioni-cilindar-25-mm-atf-bosch-case-ih-new-holland-mineralno-ulje-zamj\/\",\"url\":\"https:\/\/sindicom.hr\/en\/katalog\/glavni-kocioni-cilindar-25-mm-atf-bosch-case-ih-new-holland-mineralno-ulje-zamj\/\",\"name\":\"GLAVNI KO\u010cIONI CILINDAR 25 mm ATF MINERALNO ULJE IH NEW HOLLAND HURLIMANN CASE BOSCH CNH ZAMJ. - Sindicom\",\"isPartOf\":{\"@id\":\"https:\/\/sindicom.hr\/en\/#website\"},\"primaryImageOfPage\":{\"@id\":\"https:\/\/sindicom.hr\/en\/katalog\/glavni-kocioni-cilindar-25-mm-atf-bosch-case-ih-new-holland-mineralno-ulje-zamj\/#primaryimage\"},\"image\":{\"@id\":\"https:\/\/sindicom.hr\/en\/katalog\/glavni-kocioni-cilindar-25-mm-atf-bosch-case-ih-new-holland-mineralno-ulje-zamj\/#primaryimage\"},\"thumbnailUrl\":\"https:\/\/sindicom.hr\/wp-content\/uploads\/2024\/07\/VPJ8253.webp\",\"datePublished\":\"2024-07-23T06:37:39+00:00\",\"dateModified\":\"2025-10-27T12:14:29+00:00\",\"breadcrumb\":{\"@id\":\"https:\/\/sindicom.hr\/en\/katalog\/glavni-kocioni-cilindar-25-mm-atf-bosch-case-ih-new-holland-mineralno-ulje-zamj\/#breadcrumb\"},\"inLanguage\":\"en-US\",\"potentialAction\":[{\"@type\":\"ReadAction\",\"target\":[\"https:\/\/sindicom.hr\/en\/katalog\/glavni-kocioni-cilindar-25-mm-atf-bosch-case-ih-new-holland-mineralno-ulje-zamj\/\"]}]},{\"@type\":\"ImageObject\",\"inLanguage\":\"en-US\",\"@id\":\"https:\/\/sindicom.hr\/en\/katalog\/glavni-kocioni-cilindar-25-mm-atf-bosch-case-ih-new-holland-mineralno-ulje-zamj\/#primaryimage\",\"url\":\"https:\/\/sindicom.hr\/wp-content\/uploads\/2024\/07\/VPJ8253.webp\",\"contentUrl\":\"https:\/\/sindicom.hr\/wp-content\/uploads\/2024\/07\/VPJ8253.webp\",\"width\":600,\"height\":600},{\"@type\":\"BreadcrumbList\",\"@id\":\"https:\/\/sindicom.hr\/en\/katalog\/glavni-kocioni-cilindar-25-mm-atf-bosch-case-ih-new-holland-mineralno-ulje-zamj\/#breadcrumb\",\"itemListElement\":[{\"@type\":\"ListItem\",\"position\":1,\"name\":\"Po\u010detna stranica\",\"item\":\"https:\/\/sindicom.hr\/en\/\"},{\"@type\":\"ListItem\",\"position\":2,\"name\":\"Katalog dijelova\",\"item\":\"https:\/\/sindicom.hr\/en\/catalog\/\"},{\"@type\":\"ListItem\",\"position\":3,\"name\":\"GLAVNI KO\u010cIONI CILINDAR 25 mm ATF MINERALNO ULJE IH NEW HOLLAND HURLIMANN CASE BOSCH CNH ZAMJ.\"}]},{\"@type\":\"WebSite\",\"@id\":\"https:\/\/sindicom.hr\/en\/#website\",\"url\":\"https:\/\/sindicom.hr\/en\/\",\"name\":\"SINDICOM\",\"description\":\"Trade and repair of pneumatic brakes, air and hydraulic systems for trucks and buses\",\"publisher\":{\"@id\":\"https:\/\/sindicom.hr\/en\/#organization\"},\"potentialAction\":[{\"@type\":\"SearchAction\",\"target\":{\"@type\":\"EntryPoint\",\"urlTemplate\":\"https:\/\/sindicom.hr\/en\/?s={search_term_string}\"},\"query-input\":{\"@type\":\"PropertyValueSpecification\",\"valueRequired\":true,\"valueName\":\"search_term_string\"}}],\"inLanguage\":\"en-US\"},{\"@type\":\"Organization\",\"@id\":\"https:\/\/sindicom.hr\/en\/#organization\",\"name\":\"SINDICOM d.o.o.\",\"url\":\"https:\/\/sindicom.hr\/en\/\",\"logo\":{\"@type\":\"ImageObject\",\"inLanguage\":\"en-US\",\"@id\":\"https:\/\/sindicom.hr\/en\/#\/schema\/logo\/image\/\",\"url\":\"https:\/\/sindicom.hr\/wp-content\/uploads\/2019\/11\/sindicom_logo_veliki1.jpg.png\",\"contentUrl\":\"https:\/\/sindicom.hr\/wp-content\/uploads\/2019\/11\/sindicom_logo_veliki1.jpg.png\",\"width\":732,\"height\":706,\"caption\":\"SINDICOM d.o.o.\"},\"image\":{\"@id\":\"https:\/\/sindicom.hr\/en\/#\/schema\/logo\/image\/\"},\"sameAs\":[\"https:\/\/www.facebook.com\/Sindicom-doo-170277286366043\/\",\"https:\/\/instagram.com\/sindicomdoo\"]}]}<\/script>\n<!-- \/ Yoast SEO plugin. -->","yoast_head_json":{"title":"GLAVNI KO\u010cIONI CILINDAR 25 mm ATF MINERALNO ULJE IH NEW HOLLAND HURLIMANN CASE BOSCH CNH ZAMJ. - Sindicom","robots":{"index":"index","follow":"follow","max-snippet":"max-snippet:-1","max-image-preview":"max-image-preview:large","max-video-preview":"max-video-preview:-1"},"canonical":"https:\/\/sindicom.hr\/en\/katalog\/glavni-kocioni-cilindar-25-mm-atf-bosch-case-ih-new-holland-mineralno-ulje-zamj\/","og_locale":"en_US","og_type":"article","og_title":"GLAVNI KO\u010cIONI CILINDAR 25 mm ATF MINERALNO ULJE IH NEW HOLLAND HURLIMANN CASE BOSCH CNH ZAMJ. - Sindicom","og_url":"https:\/\/sindicom.hr\/en\/katalog\/glavni-kocioni-cilindar-25-mm-atf-bosch-case-ih-new-holland-mineralno-ulje-zamj\/","og_site_name":"Sindicom","article_publisher":"https:\/\/www.facebook.com\/Sindicom-doo-170277286366043\/","article_modified_time":"2025-10-27T12:14:29+00:00","og_image":[{"width":600,"height":600,"url":"https:\/\/sindicom.hr\/wp-content\/uploads\/2024\/07\/VPJ8253.webp","type":"image\/webp"}],"twitter_card":"summary_large_image","twitter_misc":{"Est. reading time":"3 minutes"},"schema":{"@context":"https:\/\/schema.org","@graph":[{"@type":"WebPage","@id":"https:\/\/sindicom.hr\/en\/katalog\/glavni-kocioni-cilindar-25-mm-atf-bosch-case-ih-new-holland-mineralno-ulje-zamj\/","url":"https:\/\/sindicom.hr\/en\/katalog\/glavni-kocioni-cilindar-25-mm-atf-bosch-case-ih-new-holland-mineralno-ulje-zamj\/","name":"GLAVNI KO\u010cIONI CILINDAR 25 mm ATF MINERALNO ULJE IH NEW HOLLAND HURLIMANN CASE BOSCH CNH ZAMJ. - Sindicom","isPartOf":{"@id":"https:\/\/sindicom.hr\/en\/#website"},"primaryImageOfPage":{"@id":"https:\/\/sindicom.hr\/en\/katalog\/glavni-kocioni-cilindar-25-mm-atf-bosch-case-ih-new-holland-mineralno-ulje-zamj\/#primaryimage"},"image":{"@id":"https:\/\/sindicom.hr\/en\/katalog\/glavni-kocioni-cilindar-25-mm-atf-bosch-case-ih-new-holland-mineralno-ulje-zamj\/#primaryimage"},"thumbnailUrl":"https:\/\/sindicom.hr\/wp-content\/uploads\/2024\/07\/VPJ8253.webp","datePublished":"2024-07-23T06:37:39+00:00","dateModified":"2025-10-27T12:14:29+00:00","breadcrumb":{"@id":"https:\/\/sindicom.hr\/en\/katalog\/glavni-kocioni-cilindar-25-mm-atf-bosch-case-ih-new-holland-mineralno-ulje-zamj\/#breadcrumb"},"inLanguage":"en-US","potentialAction":[{"@type":"ReadAction","target":["https:\/\/sindicom.hr\/en\/katalog\/glavni-kocioni-cilindar-25-mm-atf-bosch-case-ih-new-holland-mineralno-ulje-zamj\/"]}]},{"@type":"ImageObject","inLanguage":"en-US","@id":"https:\/\/sindicom.hr\/en\/katalog\/glavni-kocioni-cilindar-25-mm-atf-bosch-case-ih-new-holland-mineralno-ulje-zamj\/#primaryimage","url":"https:\/\/sindicom.hr\/wp-content\/uploads\/2024\/07\/VPJ8253.webp","contentUrl":"https:\/\/sindicom.hr\/wp-content\/uploads\/2024\/07\/VPJ8253.webp","width":600,"height":600},{"@type":"BreadcrumbList","@id":"https:\/\/sindicom.hr\/en\/katalog\/glavni-kocioni-cilindar-25-mm-atf-bosch-case-ih-new-holland-mineralno-ulje-zamj\/#breadcrumb","itemListElement":[{"@type":"ListItem","position":1,"name":"Po\u010detna stranica","item":"https:\/\/sindicom.hr\/en\/"},{"@type":"ListItem","position":2,"name":"Katalog dijelova","item":"https:\/\/sindicom.hr\/en\/catalog\/"},{"@type":"ListItem","position":3,"name":"GLAVNI KO\u010cIONI CILINDAR 25 mm ATF MINERALNO ULJE IH NEW HOLLAND HURLIMANN CASE BOSCH CNH ZAMJ."}]},{"@type":"WebSite","@id":"https:\/\/sindicom.hr\/en\/#website","url":"https:\/\/sindicom.hr\/en\/","name":"SINDICOM","description":"Trade and repair of pneumatic brakes, air and hydraulic systems for trucks and buses","publisher":{"@id":"https:\/\/sindicom.hr\/en\/#organization"},"potentialAction":[{"@type":"SearchAction","target":{"@type":"EntryPoint","urlTemplate":"https:\/\/sindicom.hr\/en\/?s={search_term_string}"},"query-input":{"@type":"PropertyValueSpecification","valueRequired":true,"valueName":"search_term_string"}}],"inLanguage":"en-US"},{"@type":"Organization","@id":"https:\/\/sindicom.hr\/en\/#organization","name":"SINDICOM d.o.o.","url":"https:\/\/sindicom.hr\/en\/","logo":{"@type":"ImageObject","inLanguage":"en-US","@id":"https:\/\/sindicom.hr\/en\/#\/schema\/logo\/image\/","url":"https:\/\/sindicom.hr\/wp-content\/uploads\/2019\/11\/sindicom_logo_veliki1.jpg.png","contentUrl":"https:\/\/sindicom.hr\/wp-content\/uploads\/2019\/11\/sindicom_logo_veliki1.jpg.png","width":732,"height":706,"caption":"SINDICOM d.o.o."},"image":{"@id":"https:\/\/sindicom.hr\/en\/#\/schema\/logo\/image\/"},"sameAs":["https:\/\/www.facebook.com\/Sindicom-doo-170277286366043\/","https:\/\/instagram.com\/sindicomdoo"]}]}},"_links":{"self":[{"href":"https:\/\/sindicom.hr\/en\/wp-json\/wp\/v2\/product\/37452","targetHints":{"allow":["GET"]}}],"collection":[{"href":"https:\/\/sindicom.hr\/en\/wp-json\/wp\/v2\/product"}],"about":[{"href":"https:\/\/sindicom.hr\/en\/wp-json\/wp\/v2\/types\/product"}],"wp:featuredmedia":[{"embeddable":true,"href":"https:\/\/sindicom.hr\/en\/wp-json\/wp\/v2\/media\/37453"}],"wp:attachment":[{"href":"https:\/\/sindicom.hr\/en\/wp-json\/wp\/v2\/media?parent=37452"}],"wp:term":[{"taxonomy":"product_brand","embeddable":true,"href":"https:\/\/sindicom.hr\/en\/wp-json\/wp\/v2\/product_brand?post=37452"},{"taxonomy":"product_cat","embeddable":true,"href":"https:\/\/sindicom.hr\/en\/wp-json\/wp\/v2\/product_cat?post=37452"},{"taxonomy":"product_tag","embeddable":true,"href":"https:\/\/sindicom.hr\/en\/wp-json\/wp\/v2\/product_tag?post=37452"}],"curies":[{"name":"wp","href":"https:\/\/api.w.org\/{rel}","templated":true}]}}