{"id":40530,"date":"2024-10-29T13:16:14","date_gmt":"2024-10-29T13:16:14","guid":{"rendered":"https:\/\/sindicom.hr\/?post_type=product&#038;p=40530"},"modified":"2025-10-27T12:15:09","modified_gmt":"2025-10-27T12:15:09","slug":"isusivac-zraka-95-b-98-b-m12-4-grijac-m27-traktor-neoplan-solaris-dennis-wabco-zamj","status":"publish","type":"product","link":"https:\/\/sindicom.hr\/en\/katalog\/isusivac-zraka-95-b-98-b-m12-4-grijac-m27-traktor-neoplan-solaris-dennis-wabco-zamj\/","title":{"rendered":"ISU\u0160IVA\u010c ZRAKA 9.5 b 9.8 b M12 +4 GRIJA\u010c M27 TRAKTOR NEOPLAN SOLARIS DENNIS WABCO ZAMJ."},"content":{"rendered":"<p>2210112 COJALI  4324100220 WABCO  4324100270 WABCO  4324100200 WABCO  4324100207 WABCO  4324100277 WABCO  4324102510 WABCO  LA6233 KNORR  LA6228 KNORR  LA8243 KNORR  LA8544 KNORR  K017294 KNORR  II30651N00 KNORR  0484460177 KNORR  0484460177100 KNORR  1518673 DAF  390854 SCANIA  106933 IVECO  42109792 IVECO  8171695 IRISBUS  1102751140 SOLARIS  1102.751.140 SOLARIS  1102751100 SOLARIS  1102.741.100 SOLARIS  WT008559 SOLARIS  06A1062024 SOLBUS  06A1 062 024 SOLBUS  11017493 NEOPLAN  1102.751.10 NEOPLAN  S4324100200 KENWORTH  99100360005 MAN  81521026064 MAN  81521026066 MAN  81521026067 MAN  81521026069 MAN  81.52102-6064 MAN  81.52102-6066 MAN  81.52102-6067 MAN  81.52102-6069 MAN  110275100 NEOPLAN  1188107 DENNIS  1188107 DENNIS BENDIX KNORR  ETS 100876  TS10790  Air dryer tractor  Lufttrockner-Traktor  Trattore essiccatore d&#8217;aria<\/p>\n","protected":false},"excerpt":{"rendered":"<p><img decoding=\"async\" class=\"alignnone size-medium wp-image-17694\" src=\"https:\/\/sindicom.hr\/wp-content\/uploads\/2020\/05\/aftermarket-300x300.png\" alt=\"\" width=\"300\" height=\"300\" srcset=\"https:\/\/sindicom.hr\/wp-content\/uploads\/2020\/05\/aftermarket-64x64.png 64w, https:\/\/sindicom.hr\/wp-content\/uploads\/2020\/05\/aftermarket-66x66.png 66w, https:\/\/sindicom.hr\/wp-content\/uploads\/2020\/05\/aftermarket-100x100.png 100w, https:\/\/sindicom.hr\/wp-content\/uploads\/2020\/05\/aftermarket-150x150.png 150w, https:\/\/sindicom.hr\/wp-content\/uploads\/2020\/05\/aftermarket-200x200.png 200w, https:\/\/sindicom.hr\/wp-content\/uploads\/2020\/05\/aftermarket.png 300w\" sizes=\"(max-width: 300px) 100vw, 300px\" \/><\/p>\n","protected":false},"featured_media":40531,"template":"","meta":{"inline_featured_image":false},"product_brand":[],"product_cat":[15,96,222,216,126,138,139,135,33,110,156,197,108,194,113,104,188,109,137,107,136],"product_tag":[],"class_list":{"0":"post-40530","1":"product","2":"type-product","3":"status-publish","4":"has-post-thumbnail","6":"product_cat-all-products","7":"product_cat-busevi","8":"product_cat-case","9":"product_cat-claas-traktori","10":"product_cat-daf","11":"product_cat-deutz","12":"product_cat-fendt","13":"product_cat-irisbus","14":"product_cat-isusivaci-zraka","15":"product_cat-iveco-teretna-vozila","16":"product_cat-john-deere","17":"product_cat-landini","18":"product_cat-man-teretna-vozila","19":"product_cat-massey-ferguson","20":"product_cat-mercedes-teretna-vozila","21":"product_cat-neoplan","22":"product_cat-new-holland","23":"product_cat-scania-teretna-vozila","24":"product_cat-steyr","25":"product_cat-teretna-vozila","26":"product_cat-traktori","28":"first","29":"instock","30":"shipping-taxable","31":"purchasable","32":"product-type-simple"},"yoast_head":"<!-- This site is optimized with the Yoast SEO plugin v26.2 - https:\/\/yoast.com\/wordpress\/plugins\/seo\/ -->\n<title>ISU\u0160IVA\u010c ZRAKA 9.5 b 9.8 b M12 +4 GRIJA\u010c M27 TRAKTOR NEOPLAN SOLARIS DENNIS WABCO ZAMJ. - Sindicom<\/title>\n<meta name=\"robots\" content=\"index, follow, max-snippet:-1, max-image-preview:large, max-video-preview:-1\" \/>\n<link rel=\"canonical\" href=\"https:\/\/sindicom.hr\/en\/katalog\/isusivac-zraka-95-b-98-b-m12-4-grijac-m27-traktor-neoplan-solaris-dennis-wabco-zamj\/\" \/>\n<meta property=\"og:locale\" content=\"en_US\" \/>\n<meta property=\"og:type\" content=\"article\" \/>\n<meta property=\"og:title\" content=\"ISU\u0160IVA\u010c ZRAKA 9.5 b 9.8 b M12 +4 GRIJA\u010c M27 TRAKTOR NEOPLAN SOLARIS DENNIS WABCO ZAMJ. - Sindicom\" \/>\n<meta property=\"og:url\" content=\"https:\/\/sindicom.hr\/en\/katalog\/isusivac-zraka-95-b-98-b-m12-4-grijac-m27-traktor-neoplan-solaris-dennis-wabco-zamj\/\" \/>\n<meta property=\"og:site_name\" content=\"Sindicom\" \/>\n<meta property=\"article:publisher\" content=\"https:\/\/www.facebook.com\/Sindicom-doo-170277286366043\/\" \/>\n<meta property=\"article:modified_time\" content=\"2025-10-27T12:15:09+00:00\" \/>\n<meta property=\"og:image\" content=\"https:\/\/sindicom.hr\/wp-content\/uploads\/2024\/10\/2210112.webp\" \/>\n\t<meta property=\"og:image:width\" content=\"600\" \/>\n\t<meta property=\"og:image:height\" content=\"600\" \/>\n\t<meta property=\"og:image:type\" content=\"image\/webp\" \/>\n<meta name=\"twitter:card\" content=\"summary_large_image\" \/>\n<meta name=\"twitter:label1\" content=\"Est. reading time\" \/>\n\t<meta name=\"twitter:data1\" content=\"1 minute\" \/>\n<script type=\"application\/ld+json\" class=\"yoast-schema-graph\">{\"@context\":\"https:\/\/schema.org\",\"@graph\":[{\"@type\":\"WebPage\",\"@id\":\"https:\/\/sindicom.hr\/en\/katalog\/isusivac-zraka-95-b-98-b-m12-4-grijac-m27-traktor-neoplan-solaris-dennis-wabco-zamj\/\",\"url\":\"https:\/\/sindicom.hr\/en\/katalog\/isusivac-zraka-95-b-98-b-m12-4-grijac-m27-traktor-neoplan-solaris-dennis-wabco-zamj\/\",\"name\":\"ISU\u0160IVA\u010c ZRAKA 9.5 b 9.8 b M12 +4 GRIJA\u010c M27 TRAKTOR NEOPLAN SOLARIS DENNIS WABCO ZAMJ. - Sindicom\",\"isPartOf\":{\"@id\":\"https:\/\/sindicom.hr\/en\/#website\"},\"primaryImageOfPage\":{\"@id\":\"https:\/\/sindicom.hr\/en\/katalog\/isusivac-zraka-95-b-98-b-m12-4-grijac-m27-traktor-neoplan-solaris-dennis-wabco-zamj\/#primaryimage\"},\"image\":{\"@id\":\"https:\/\/sindicom.hr\/en\/katalog\/isusivac-zraka-95-b-98-b-m12-4-grijac-m27-traktor-neoplan-solaris-dennis-wabco-zamj\/#primaryimage\"},\"thumbnailUrl\":\"https:\/\/sindicom.hr\/wp-content\/uploads\/2024\/10\/2210112.webp\",\"datePublished\":\"2024-10-29T13:16:14+00:00\",\"dateModified\":\"2025-10-27T12:15:09+00:00\",\"breadcrumb\":{\"@id\":\"https:\/\/sindicom.hr\/en\/katalog\/isusivac-zraka-95-b-98-b-m12-4-grijac-m27-traktor-neoplan-solaris-dennis-wabco-zamj\/#breadcrumb\"},\"inLanguage\":\"en-US\",\"potentialAction\":[{\"@type\":\"ReadAction\",\"target\":[\"https:\/\/sindicom.hr\/en\/katalog\/isusivac-zraka-95-b-98-b-m12-4-grijac-m27-traktor-neoplan-solaris-dennis-wabco-zamj\/\"]}]},{\"@type\":\"ImageObject\",\"inLanguage\":\"en-US\",\"@id\":\"https:\/\/sindicom.hr\/en\/katalog\/isusivac-zraka-95-b-98-b-m12-4-grijac-m27-traktor-neoplan-solaris-dennis-wabco-zamj\/#primaryimage\",\"url\":\"https:\/\/sindicom.hr\/wp-content\/uploads\/2024\/10\/2210112.webp\",\"contentUrl\":\"https:\/\/sindicom.hr\/wp-content\/uploads\/2024\/10\/2210112.webp\",\"width\":600,\"height\":600},{\"@type\":\"BreadcrumbList\",\"@id\":\"https:\/\/sindicom.hr\/en\/katalog\/isusivac-zraka-95-b-98-b-m12-4-grijac-m27-traktor-neoplan-solaris-dennis-wabco-zamj\/#breadcrumb\",\"itemListElement\":[{\"@type\":\"ListItem\",\"position\":1,\"name\":\"Po\u010detna stranica\",\"item\":\"https:\/\/sindicom.hr\/en\/\"},{\"@type\":\"ListItem\",\"position\":2,\"name\":\"Katalog dijelova\",\"item\":\"https:\/\/sindicom.hr\/en\/catalog\/\"},{\"@type\":\"ListItem\",\"position\":3,\"name\":\"ISU\u0160IVA\u010c ZRAKA 9.5 b 9.8 b M12 +4 GRIJA\u010c M27 TRAKTOR NEOPLAN SOLARIS DENNIS WABCO ZAMJ.\"}]},{\"@type\":\"WebSite\",\"@id\":\"https:\/\/sindicom.hr\/en\/#website\",\"url\":\"https:\/\/sindicom.hr\/en\/\",\"name\":\"SINDICOM\",\"description\":\"Trade and repair of pneumatic brakes, air and hydraulic systems for trucks and buses\",\"publisher\":{\"@id\":\"https:\/\/sindicom.hr\/en\/#organization\"},\"potentialAction\":[{\"@type\":\"SearchAction\",\"target\":{\"@type\":\"EntryPoint\",\"urlTemplate\":\"https:\/\/sindicom.hr\/en\/?s={search_term_string}\"},\"query-input\":{\"@type\":\"PropertyValueSpecification\",\"valueRequired\":true,\"valueName\":\"search_term_string\"}}],\"inLanguage\":\"en-US\"},{\"@type\":\"Organization\",\"@id\":\"https:\/\/sindicom.hr\/en\/#organization\",\"name\":\"SINDICOM d.o.o.\",\"url\":\"https:\/\/sindicom.hr\/en\/\",\"logo\":{\"@type\":\"ImageObject\",\"inLanguage\":\"en-US\",\"@id\":\"https:\/\/sindicom.hr\/en\/#\/schema\/logo\/image\/\",\"url\":\"https:\/\/sindicom.hr\/wp-content\/uploads\/2019\/11\/sindicom_logo_veliki1.jpg.png\",\"contentUrl\":\"https:\/\/sindicom.hr\/wp-content\/uploads\/2019\/11\/sindicom_logo_veliki1.jpg.png\",\"width\":732,\"height\":706,\"caption\":\"SINDICOM d.o.o.\"},\"image\":{\"@id\":\"https:\/\/sindicom.hr\/en\/#\/schema\/logo\/image\/\"},\"sameAs\":[\"https:\/\/www.facebook.com\/Sindicom-doo-170277286366043\/\",\"https:\/\/instagram.com\/sindicomdoo\"]}]}<\/script>\n<!-- \/ Yoast SEO plugin. -->","yoast_head_json":{"title":"ISU\u0160IVA\u010c ZRAKA 9.5 b 9.8 b M12 +4 GRIJA\u010c M27 TRAKTOR NEOPLAN SOLARIS DENNIS WABCO ZAMJ. - Sindicom","robots":{"index":"index","follow":"follow","max-snippet":"max-snippet:-1","max-image-preview":"max-image-preview:large","max-video-preview":"max-video-preview:-1"},"canonical":"https:\/\/sindicom.hr\/en\/katalog\/isusivac-zraka-95-b-98-b-m12-4-grijac-m27-traktor-neoplan-solaris-dennis-wabco-zamj\/","og_locale":"en_US","og_type":"article","og_title":"ISU\u0160IVA\u010c ZRAKA 9.5 b 9.8 b M12 +4 GRIJA\u010c M27 TRAKTOR NEOPLAN SOLARIS DENNIS WABCO ZAMJ. - Sindicom","og_url":"https:\/\/sindicom.hr\/en\/katalog\/isusivac-zraka-95-b-98-b-m12-4-grijac-m27-traktor-neoplan-solaris-dennis-wabco-zamj\/","og_site_name":"Sindicom","article_publisher":"https:\/\/www.facebook.com\/Sindicom-doo-170277286366043\/","article_modified_time":"2025-10-27T12:15:09+00:00","og_image":[{"width":600,"height":600,"url":"https:\/\/sindicom.hr\/wp-content\/uploads\/2024\/10\/2210112.webp","type":"image\/webp"}],"twitter_card":"summary_large_image","twitter_misc":{"Est. reading time":"1 minute"},"schema":{"@context":"https:\/\/schema.org","@graph":[{"@type":"WebPage","@id":"https:\/\/sindicom.hr\/en\/katalog\/isusivac-zraka-95-b-98-b-m12-4-grijac-m27-traktor-neoplan-solaris-dennis-wabco-zamj\/","url":"https:\/\/sindicom.hr\/en\/katalog\/isusivac-zraka-95-b-98-b-m12-4-grijac-m27-traktor-neoplan-solaris-dennis-wabco-zamj\/","name":"ISU\u0160IVA\u010c ZRAKA 9.5 b 9.8 b M12 +4 GRIJA\u010c M27 TRAKTOR NEOPLAN SOLARIS DENNIS WABCO ZAMJ. - Sindicom","isPartOf":{"@id":"https:\/\/sindicom.hr\/en\/#website"},"primaryImageOfPage":{"@id":"https:\/\/sindicom.hr\/en\/katalog\/isusivac-zraka-95-b-98-b-m12-4-grijac-m27-traktor-neoplan-solaris-dennis-wabco-zamj\/#primaryimage"},"image":{"@id":"https:\/\/sindicom.hr\/en\/katalog\/isusivac-zraka-95-b-98-b-m12-4-grijac-m27-traktor-neoplan-solaris-dennis-wabco-zamj\/#primaryimage"},"thumbnailUrl":"https:\/\/sindicom.hr\/wp-content\/uploads\/2024\/10\/2210112.webp","datePublished":"2024-10-29T13:16:14+00:00","dateModified":"2025-10-27T12:15:09+00:00","breadcrumb":{"@id":"https:\/\/sindicom.hr\/en\/katalog\/isusivac-zraka-95-b-98-b-m12-4-grijac-m27-traktor-neoplan-solaris-dennis-wabco-zamj\/#breadcrumb"},"inLanguage":"en-US","potentialAction":[{"@type":"ReadAction","target":["https:\/\/sindicom.hr\/en\/katalog\/isusivac-zraka-95-b-98-b-m12-4-grijac-m27-traktor-neoplan-solaris-dennis-wabco-zamj\/"]}]},{"@type":"ImageObject","inLanguage":"en-US","@id":"https:\/\/sindicom.hr\/en\/katalog\/isusivac-zraka-95-b-98-b-m12-4-grijac-m27-traktor-neoplan-solaris-dennis-wabco-zamj\/#primaryimage","url":"https:\/\/sindicom.hr\/wp-content\/uploads\/2024\/10\/2210112.webp","contentUrl":"https:\/\/sindicom.hr\/wp-content\/uploads\/2024\/10\/2210112.webp","width":600,"height":600},{"@type":"BreadcrumbList","@id":"https:\/\/sindicom.hr\/en\/katalog\/isusivac-zraka-95-b-98-b-m12-4-grijac-m27-traktor-neoplan-solaris-dennis-wabco-zamj\/#breadcrumb","itemListElement":[{"@type":"ListItem","position":1,"name":"Po\u010detna stranica","item":"https:\/\/sindicom.hr\/en\/"},{"@type":"ListItem","position":2,"name":"Katalog dijelova","item":"https:\/\/sindicom.hr\/en\/catalog\/"},{"@type":"ListItem","position":3,"name":"ISU\u0160IVA\u010c ZRAKA 9.5 b 9.8 b M12 +4 GRIJA\u010c M27 TRAKTOR NEOPLAN SOLARIS DENNIS WABCO ZAMJ."}]},{"@type":"WebSite","@id":"https:\/\/sindicom.hr\/en\/#website","url":"https:\/\/sindicom.hr\/en\/","name":"SINDICOM","description":"Trade and repair of pneumatic brakes, air and hydraulic systems for trucks and buses","publisher":{"@id":"https:\/\/sindicom.hr\/en\/#organization"},"potentialAction":[{"@type":"SearchAction","target":{"@type":"EntryPoint","urlTemplate":"https:\/\/sindicom.hr\/en\/?s={search_term_string}"},"query-input":{"@type":"PropertyValueSpecification","valueRequired":true,"valueName":"search_term_string"}}],"inLanguage":"en-US"},{"@type":"Organization","@id":"https:\/\/sindicom.hr\/en\/#organization","name":"SINDICOM d.o.o.","url":"https:\/\/sindicom.hr\/en\/","logo":{"@type":"ImageObject","inLanguage":"en-US","@id":"https:\/\/sindicom.hr\/en\/#\/schema\/logo\/image\/","url":"https:\/\/sindicom.hr\/wp-content\/uploads\/2019\/11\/sindicom_logo_veliki1.jpg.png","contentUrl":"https:\/\/sindicom.hr\/wp-content\/uploads\/2019\/11\/sindicom_logo_veliki1.jpg.png","width":732,"height":706,"caption":"SINDICOM d.o.o."},"image":{"@id":"https:\/\/sindicom.hr\/en\/#\/schema\/logo\/image\/"},"sameAs":["https:\/\/www.facebook.com\/Sindicom-doo-170277286366043\/","https:\/\/instagram.com\/sindicomdoo"]}]}},"_links":{"self":[{"href":"https:\/\/sindicom.hr\/en\/wp-json\/wp\/v2\/product\/40530","targetHints":{"allow":["GET"]}}],"collection":[{"href":"https:\/\/sindicom.hr\/en\/wp-json\/wp\/v2\/product"}],"about":[{"href":"https:\/\/sindicom.hr\/en\/wp-json\/wp\/v2\/types\/product"}],"wp:featuredmedia":[{"embeddable":true,"href":"https:\/\/sindicom.hr\/en\/wp-json\/wp\/v2\/media\/40531"}],"wp:attachment":[{"href":"https:\/\/sindicom.hr\/en\/wp-json\/wp\/v2\/media?parent=40530"}],"wp:term":[{"taxonomy":"product_brand","embeddable":true,"href":"https:\/\/sindicom.hr\/en\/wp-json\/wp\/v2\/product_brand?post=40530"},{"taxonomy":"product_cat","embeddable":true,"href":"https:\/\/sindicom.hr\/en\/wp-json\/wp\/v2\/product_cat?post=40530"},{"taxonomy":"product_tag","embeddable":true,"href":"https:\/\/sindicom.hr\/en\/wp-json\/wp\/v2\/product_tag?post=40530"}],"curies":[{"name":"wp","href":"https:\/\/api.w.org\/{rel}","templated":true}]}}