{"id":41095,"date":"2024-11-13T17:55:47","date_gmt":"2024-11-13T17:55:47","guid":{"rendered":"https:\/\/sindicom.hr\/?post_type=product&#038;p=41095"},"modified":"2026-03-05T13:26:05","modified_gmt":"2026-03-05T13:26:05","slug":"sprej-za-ciscenje-i-odmascivanje-kocnica-750-ml-motip","status":"publish","type":"product","link":"https:\/\/sindicom.hr\/en\/katalog\/sprej-za-ciscenje-i-odmascivanje-kocnica-750-ml-motip\/","title":{"rendered":"SPREJ ZA \u010cI\u0160\u0106ENJE I ODMA\u0160\u0106IVANJE KO\u010cNICA 750 ml MOTIP"},"content":{"rendered":"<p>090514 MOTIP<br \/>\n090563 MOTIP<br \/>\nCART00201 CARTECHNIC<br \/>\nBrake cleaner spray<br \/>\nBremsenreiniger-Spray<\/p>\n","protected":false},"excerpt":{"rendered":"<p><img decoding=\"async\" class=\"alignnone size-medium wp-image-51303\" src=\"https:\/\/sindicom.hr\/wp-content\/uploads\/2023\/03\/motip-logo-300x200.png\" alt=\"\" width=\"300\" height=\"200\" srcset=\"https:\/\/sindicom.hr\/wp-content\/uploads\/2023\/03\/motip-logo-64x43.png 64w, https:\/\/sindicom.hr\/wp-content\/uploads\/2023\/03\/motip-logo-200x133.png 200w, https:\/\/sindicom.hr\/wp-content\/uploads\/2023\/03\/motip-logo-300x200.png 300w, https:\/\/sindicom.hr\/wp-content\/uploads\/2023\/03\/motip-logo-400x267.png 400w, https:\/\/sindicom.hr\/wp-content\/uploads\/2023\/03\/motip-logo.png 480w\" sizes=\"(max-width: 300px) 100vw, 300px\" \/><\/p>\n","protected":false},"featured_media":53095,"template":"","meta":{"inline_featured_image":false},"product_brand":[],"product_cat":[15,207],"product_tag":[],"class_list":{"0":"post-41095","1":"product","2":"type-product","3":"status-publish","4":"has-post-thumbnail","6":"product_cat-all-products","7":"product_cat-mast-ulja-kemijska-sredstvagrease-oil-chemicals","9":"first","10":"instock","11":"shipping-taxable","12":"purchasable","13":"product-type-simple"},"yoast_head":"<!-- This site is optimized with the Yoast SEO plugin v26.2 - https:\/\/yoast.com\/wordpress\/plugins\/seo\/ -->\n<title>SPREJ ZA \u010cI\u0160\u0106ENJE I ODMA\u0160\u0106IVANJE KO\u010cNICA 750 ml MOTIP - Sindicom<\/title>\n<meta name=\"robots\" content=\"index, follow, max-snippet:-1, max-image-preview:large, max-video-preview:-1\" \/>\n<link rel=\"canonical\" href=\"https:\/\/sindicom.hr\/en\/katalog\/sprej-za-ciscenje-i-odmascivanje-kocnica-750-ml-motip\/\" \/>\n<meta property=\"og:locale\" content=\"en_US\" \/>\n<meta property=\"og:type\" content=\"article\" \/>\n<meta property=\"og:title\" content=\"SPREJ ZA \u010cI\u0160\u0106ENJE I ODMA\u0160\u0106IVANJE KO\u010cNICA 750 ml MOTIP - Sindicom\" \/>\n<meta property=\"og:url\" content=\"https:\/\/sindicom.hr\/en\/katalog\/sprej-za-ciscenje-i-odmascivanje-kocnica-750-ml-motip\/\" \/>\n<meta property=\"og:site_name\" content=\"Sindicom\" \/>\n<meta property=\"article:publisher\" content=\"https:\/\/www.facebook.com\/Sindicom-doo-170277286366043\/\" \/>\n<meta property=\"article:modified_time\" content=\"2026-03-05T13:26:05+00:00\" \/>\n<meta property=\"og:image\" content=\"https:\/\/sindicom.hr\/wp-content\/uploads\/2024\/11\/090514-MOTIP.webp\" \/>\n\t<meta property=\"og:image:width\" content=\"1600\" \/>\n\t<meta property=\"og:image:height\" content=\"900\" \/>\n\t<meta property=\"og:image:type\" content=\"image\/webp\" \/>\n<meta name=\"twitter:card\" content=\"summary_large_image\" \/>\n<meta name=\"twitter:label1\" content=\"Est. reading time\" \/>\n\t<meta name=\"twitter:data1\" content=\"1 minute\" \/>\n<script type=\"application\/ld+json\" class=\"yoast-schema-graph\">{\"@context\":\"https:\/\/schema.org\",\"@graph\":[{\"@type\":\"WebPage\",\"@id\":\"https:\/\/sindicom.hr\/en\/katalog\/sprej-za-ciscenje-i-odmascivanje-kocnica-750-ml-motip\/\",\"url\":\"https:\/\/sindicom.hr\/en\/katalog\/sprej-za-ciscenje-i-odmascivanje-kocnica-750-ml-motip\/\",\"name\":\"SPREJ ZA \u010cI\u0160\u0106ENJE I ODMA\u0160\u0106IVANJE KO\u010cNICA 750 ml MOTIP - Sindicom\",\"isPartOf\":{\"@id\":\"https:\/\/sindicom.hr\/en\/#website\"},\"primaryImageOfPage\":{\"@id\":\"https:\/\/sindicom.hr\/en\/katalog\/sprej-za-ciscenje-i-odmascivanje-kocnica-750-ml-motip\/#primaryimage\"},\"image\":{\"@id\":\"https:\/\/sindicom.hr\/en\/katalog\/sprej-za-ciscenje-i-odmascivanje-kocnica-750-ml-motip\/#primaryimage\"},\"thumbnailUrl\":\"https:\/\/sindicom.hr\/wp-content\/uploads\/2024\/11\/090514-MOTIP.webp\",\"datePublished\":\"2024-11-13T17:55:47+00:00\",\"dateModified\":\"2026-03-05T13:26:05+00:00\",\"breadcrumb\":{\"@id\":\"https:\/\/sindicom.hr\/en\/katalog\/sprej-za-ciscenje-i-odmascivanje-kocnica-750-ml-motip\/#breadcrumb\"},\"inLanguage\":\"en-US\",\"potentialAction\":[{\"@type\":\"ReadAction\",\"target\":[\"https:\/\/sindicom.hr\/en\/katalog\/sprej-za-ciscenje-i-odmascivanje-kocnica-750-ml-motip\/\"]}]},{\"@type\":\"ImageObject\",\"inLanguage\":\"en-US\",\"@id\":\"https:\/\/sindicom.hr\/en\/katalog\/sprej-za-ciscenje-i-odmascivanje-kocnica-750-ml-motip\/#primaryimage\",\"url\":\"https:\/\/sindicom.hr\/wp-content\/uploads\/2024\/11\/090514-MOTIP.webp\",\"contentUrl\":\"https:\/\/sindicom.hr\/wp-content\/uploads\/2024\/11\/090514-MOTIP.webp\",\"width\":1600,\"height\":900},{\"@type\":\"BreadcrumbList\",\"@id\":\"https:\/\/sindicom.hr\/en\/katalog\/sprej-za-ciscenje-i-odmascivanje-kocnica-750-ml-motip\/#breadcrumb\",\"itemListElement\":[{\"@type\":\"ListItem\",\"position\":1,\"name\":\"Po\u010detna stranica\",\"item\":\"https:\/\/sindicom.hr\/en\/\"},{\"@type\":\"ListItem\",\"position\":2,\"name\":\"Katalog dijelova\",\"item\":\"https:\/\/sindicom.hr\/en\/catalog\/\"},{\"@type\":\"ListItem\",\"position\":3,\"name\":\"SPREJ ZA \u010cI\u0160\u0106ENJE I ODMA\u0160\u0106IVANJE KO\u010cNICA 750 ml MOTIP\"}]},{\"@type\":\"WebSite\",\"@id\":\"https:\/\/sindicom.hr\/en\/#website\",\"url\":\"https:\/\/sindicom.hr\/en\/\",\"name\":\"SINDICOM\",\"description\":\"Trade and repair of pneumatic brakes, air and hydraulic systems for trucks and buses\",\"publisher\":{\"@id\":\"https:\/\/sindicom.hr\/en\/#organization\"},\"potentialAction\":[{\"@type\":\"SearchAction\",\"target\":{\"@type\":\"EntryPoint\",\"urlTemplate\":\"https:\/\/sindicom.hr\/en\/?s={search_term_string}\"},\"query-input\":{\"@type\":\"PropertyValueSpecification\",\"valueRequired\":true,\"valueName\":\"search_term_string\"}}],\"inLanguage\":\"en-US\"},{\"@type\":\"Organization\",\"@id\":\"https:\/\/sindicom.hr\/en\/#organization\",\"name\":\"SINDICOM d.o.o.\",\"url\":\"https:\/\/sindicom.hr\/en\/\",\"logo\":{\"@type\":\"ImageObject\",\"inLanguage\":\"en-US\",\"@id\":\"https:\/\/sindicom.hr\/en\/#\/schema\/logo\/image\/\",\"url\":\"https:\/\/sindicom.hr\/wp-content\/uploads\/2019\/11\/sindicom_logo_veliki1.jpg.png\",\"contentUrl\":\"https:\/\/sindicom.hr\/wp-content\/uploads\/2019\/11\/sindicom_logo_veliki1.jpg.png\",\"width\":732,\"height\":706,\"caption\":\"SINDICOM d.o.o.\"},\"image\":{\"@id\":\"https:\/\/sindicom.hr\/en\/#\/schema\/logo\/image\/\"},\"sameAs\":[\"https:\/\/www.facebook.com\/Sindicom-doo-170277286366043\/\",\"https:\/\/instagram.com\/sindicomdoo\"]}]}<\/script>\n<!-- \/ Yoast SEO plugin. -->","yoast_head_json":{"title":"SPREJ ZA \u010cI\u0160\u0106ENJE I ODMA\u0160\u0106IVANJE KO\u010cNICA 750 ml MOTIP - Sindicom","robots":{"index":"index","follow":"follow","max-snippet":"max-snippet:-1","max-image-preview":"max-image-preview:large","max-video-preview":"max-video-preview:-1"},"canonical":"https:\/\/sindicom.hr\/en\/katalog\/sprej-za-ciscenje-i-odmascivanje-kocnica-750-ml-motip\/","og_locale":"en_US","og_type":"article","og_title":"SPREJ ZA \u010cI\u0160\u0106ENJE I ODMA\u0160\u0106IVANJE KO\u010cNICA 750 ml MOTIP - Sindicom","og_url":"https:\/\/sindicom.hr\/en\/katalog\/sprej-za-ciscenje-i-odmascivanje-kocnica-750-ml-motip\/","og_site_name":"Sindicom","article_publisher":"https:\/\/www.facebook.com\/Sindicom-doo-170277286366043\/","article_modified_time":"2026-03-05T13:26:05+00:00","og_image":[{"width":1600,"height":900,"url":"https:\/\/sindicom.hr\/wp-content\/uploads\/2024\/11\/090514-MOTIP.webp","type":"image\/webp"}],"twitter_card":"summary_large_image","twitter_misc":{"Est. reading time":"1 minute"},"schema":{"@context":"https:\/\/schema.org","@graph":[{"@type":"WebPage","@id":"https:\/\/sindicom.hr\/en\/katalog\/sprej-za-ciscenje-i-odmascivanje-kocnica-750-ml-motip\/","url":"https:\/\/sindicom.hr\/en\/katalog\/sprej-za-ciscenje-i-odmascivanje-kocnica-750-ml-motip\/","name":"SPREJ ZA \u010cI\u0160\u0106ENJE I ODMA\u0160\u0106IVANJE KO\u010cNICA 750 ml MOTIP - Sindicom","isPartOf":{"@id":"https:\/\/sindicom.hr\/en\/#website"},"primaryImageOfPage":{"@id":"https:\/\/sindicom.hr\/en\/katalog\/sprej-za-ciscenje-i-odmascivanje-kocnica-750-ml-motip\/#primaryimage"},"image":{"@id":"https:\/\/sindicom.hr\/en\/katalog\/sprej-za-ciscenje-i-odmascivanje-kocnica-750-ml-motip\/#primaryimage"},"thumbnailUrl":"https:\/\/sindicom.hr\/wp-content\/uploads\/2024\/11\/090514-MOTIP.webp","datePublished":"2024-11-13T17:55:47+00:00","dateModified":"2026-03-05T13:26:05+00:00","breadcrumb":{"@id":"https:\/\/sindicom.hr\/en\/katalog\/sprej-za-ciscenje-i-odmascivanje-kocnica-750-ml-motip\/#breadcrumb"},"inLanguage":"en-US","potentialAction":[{"@type":"ReadAction","target":["https:\/\/sindicom.hr\/en\/katalog\/sprej-za-ciscenje-i-odmascivanje-kocnica-750-ml-motip\/"]}]},{"@type":"ImageObject","inLanguage":"en-US","@id":"https:\/\/sindicom.hr\/en\/katalog\/sprej-za-ciscenje-i-odmascivanje-kocnica-750-ml-motip\/#primaryimage","url":"https:\/\/sindicom.hr\/wp-content\/uploads\/2024\/11\/090514-MOTIP.webp","contentUrl":"https:\/\/sindicom.hr\/wp-content\/uploads\/2024\/11\/090514-MOTIP.webp","width":1600,"height":900},{"@type":"BreadcrumbList","@id":"https:\/\/sindicom.hr\/en\/katalog\/sprej-za-ciscenje-i-odmascivanje-kocnica-750-ml-motip\/#breadcrumb","itemListElement":[{"@type":"ListItem","position":1,"name":"Po\u010detna stranica","item":"https:\/\/sindicom.hr\/en\/"},{"@type":"ListItem","position":2,"name":"Katalog dijelova","item":"https:\/\/sindicom.hr\/en\/catalog\/"},{"@type":"ListItem","position":3,"name":"SPREJ ZA \u010cI\u0160\u0106ENJE I ODMA\u0160\u0106IVANJE KO\u010cNICA 750 ml MOTIP"}]},{"@type":"WebSite","@id":"https:\/\/sindicom.hr\/en\/#website","url":"https:\/\/sindicom.hr\/en\/","name":"SINDICOM","description":"Trade and repair of pneumatic brakes, air and hydraulic systems for trucks and buses","publisher":{"@id":"https:\/\/sindicom.hr\/en\/#organization"},"potentialAction":[{"@type":"SearchAction","target":{"@type":"EntryPoint","urlTemplate":"https:\/\/sindicom.hr\/en\/?s={search_term_string}"},"query-input":{"@type":"PropertyValueSpecification","valueRequired":true,"valueName":"search_term_string"}}],"inLanguage":"en-US"},{"@type":"Organization","@id":"https:\/\/sindicom.hr\/en\/#organization","name":"SINDICOM d.o.o.","url":"https:\/\/sindicom.hr\/en\/","logo":{"@type":"ImageObject","inLanguage":"en-US","@id":"https:\/\/sindicom.hr\/en\/#\/schema\/logo\/image\/","url":"https:\/\/sindicom.hr\/wp-content\/uploads\/2019\/11\/sindicom_logo_veliki1.jpg.png","contentUrl":"https:\/\/sindicom.hr\/wp-content\/uploads\/2019\/11\/sindicom_logo_veliki1.jpg.png","width":732,"height":706,"caption":"SINDICOM d.o.o."},"image":{"@id":"https:\/\/sindicom.hr\/en\/#\/schema\/logo\/image\/"},"sameAs":["https:\/\/www.facebook.com\/Sindicom-doo-170277286366043\/","https:\/\/instagram.com\/sindicomdoo"]}]}},"_links":{"self":[{"href":"https:\/\/sindicom.hr\/en\/wp-json\/wp\/v2\/product\/41095","targetHints":{"allow":["GET"]}}],"collection":[{"href":"https:\/\/sindicom.hr\/en\/wp-json\/wp\/v2\/product"}],"about":[{"href":"https:\/\/sindicom.hr\/en\/wp-json\/wp\/v2\/types\/product"}],"wp:featuredmedia":[{"embeddable":true,"href":"https:\/\/sindicom.hr\/en\/wp-json\/wp\/v2\/media\/53095"}],"wp:attachment":[{"href":"https:\/\/sindicom.hr\/en\/wp-json\/wp\/v2\/media?parent=41095"}],"wp:term":[{"taxonomy":"product_brand","embeddable":true,"href":"https:\/\/sindicom.hr\/en\/wp-json\/wp\/v2\/product_brand?post=41095"},{"taxonomy":"product_cat","embeddable":true,"href":"https:\/\/sindicom.hr\/en\/wp-json\/wp\/v2\/product_cat?post=41095"},{"taxonomy":"product_tag","embeddable":true,"href":"https:\/\/sindicom.hr\/en\/wp-json\/wp\/v2\/product_tag?post=41095"}],"curies":[{"name":"wp","href":"https:\/\/api.w.org\/{rel}","templated":true}]}}