{"id":41118,"date":"2024-11-13T17:55:57","date_gmt":"2024-11-13T17:55:57","guid":{"rendered":"https:\/\/sindicom.hr\/?post_type=product&#038;p=41118"},"modified":"2025-10-27T12:14:34","modified_gmt":"2025-10-27T12:14:34","slug":"cijev-vode-glave-kompresora-zraka-man-knorr-zamj","status":"publish","type":"product","link":"https:\/\/sindicom.hr\/en\/katalog\/cijev-vode-glave-kompresora-zraka-man-knorr-zamj\/","title":{"rendered":"CIJEV VODE GLAVE KOMPRESORA ZRAKA MAN KNORR ZAMJ."},"content":{"rendered":"<p>0102015 VADEN  51063045462 MAN  51.06304-5462 MAN  51.06304.5462 MAN  51063035865 MAN  51.06303-5865 MAN  LS3907 KNORR  K082266N00 KNORR  K082266N04 KNORR  51540007146 MAN  51.54000-7146 MAN  82191 AUGER  3.82296 DT  023.353 SAMPA  02-2914 GATES  Coolant pipe M12.5X1.25X366 air compressor  Cooling plastic hose for compressor MAN  Coolant pipe water supply compressor MAN  K\u00fchlkunststoffschlauch f\u00fcr MAN Kompressor  K\u00fchlmittelrohrleitung Wasserversorgung Kompressor MAN  Tubo refrigerante alimentazione acqua compressore MAN  Tubo flessibile di raffreddamento in plastica per compressore MAN<\/p>\n","protected":false},"excerpt":{"rendered":"<p>0102015 VADEN 51063045462 MAN 51.06304-5462 MAN 51.06304.5462 MAN 51063035865 MAN  [&#8230;]<\/p>\n","protected":false},"featured_media":0,"template":"","meta":{"inline_featured_image":false},"product_brand":[],"product_cat":[140],"product_tag":[],"class_list":{"0":"post-41118","1":"product","2":"type-product","3":"status-publish","5":"product_cat-radni-strojevi","7":"first","8":"instock","9":"shipping-taxable","10":"purchasable","11":"product-type-simple"},"yoast_head":"<!-- This site is optimized with the Yoast SEO plugin v26.2 - https:\/\/yoast.com\/wordpress\/plugins\/seo\/ -->\n<title>CIJEV VODE GLAVE KOMPRESORA ZRAKA MAN KNORR ZAMJ. - Sindicom<\/title>\n<meta name=\"robots\" content=\"index, follow, max-snippet:-1, max-image-preview:large, max-video-preview:-1\" \/>\n<link rel=\"canonical\" href=\"https:\/\/sindicom.hr\/en\/katalog\/cijev-vode-glave-kompresora-zraka-man-knorr-zamj\/\" \/>\n<meta property=\"og:locale\" content=\"en_US\" \/>\n<meta property=\"og:type\" content=\"article\" \/>\n<meta property=\"og:title\" content=\"CIJEV VODE GLAVE KOMPRESORA ZRAKA MAN KNORR ZAMJ. - Sindicom\" \/>\n<meta property=\"og:description\" content=\"0102015 VADEN 51063045462 MAN 51.06304-5462 MAN 51.06304.5462 MAN 51063035865 MAN [...]\" \/>\n<meta property=\"og:url\" content=\"https:\/\/sindicom.hr\/en\/katalog\/cijev-vode-glave-kompresora-zraka-man-knorr-zamj\/\" \/>\n<meta property=\"og:site_name\" content=\"Sindicom\" \/>\n<meta property=\"article:publisher\" content=\"https:\/\/www.facebook.com\/Sindicom-doo-170277286366043\/\" \/>\n<meta property=\"article:modified_time\" content=\"2025-10-27T12:14:34+00:00\" \/>\n<meta name=\"twitter:card\" content=\"summary_large_image\" \/>\n<script type=\"application\/ld+json\" class=\"yoast-schema-graph\">{\"@context\":\"https:\/\/schema.org\",\"@graph\":[{\"@type\":\"WebPage\",\"@id\":\"https:\/\/sindicom.hr\/en\/katalog\/cijev-vode-glave-kompresora-zraka-man-knorr-zamj\/\",\"url\":\"https:\/\/sindicom.hr\/en\/katalog\/cijev-vode-glave-kompresora-zraka-man-knorr-zamj\/\",\"name\":\"CIJEV VODE GLAVE KOMPRESORA ZRAKA MAN KNORR ZAMJ. - Sindicom\",\"isPartOf\":{\"@id\":\"https:\/\/sindicom.hr\/en\/#website\"},\"datePublished\":\"2024-11-13T17:55:57+00:00\",\"dateModified\":\"2025-10-27T12:14:34+00:00\",\"breadcrumb\":{\"@id\":\"https:\/\/sindicom.hr\/en\/katalog\/cijev-vode-glave-kompresora-zraka-man-knorr-zamj\/#breadcrumb\"},\"inLanguage\":\"en-US\",\"potentialAction\":[{\"@type\":\"ReadAction\",\"target\":[\"https:\/\/sindicom.hr\/en\/katalog\/cijev-vode-glave-kompresora-zraka-man-knorr-zamj\/\"]}]},{\"@type\":\"BreadcrumbList\",\"@id\":\"https:\/\/sindicom.hr\/en\/katalog\/cijev-vode-glave-kompresora-zraka-man-knorr-zamj\/#breadcrumb\",\"itemListElement\":[{\"@type\":\"ListItem\",\"position\":1,\"name\":\"Po\u010detna stranica\",\"item\":\"https:\/\/sindicom.hr\/en\/\"},{\"@type\":\"ListItem\",\"position\":2,\"name\":\"Katalog dijelova\",\"item\":\"https:\/\/sindicom.hr\/en\/catalog\/\"},{\"@type\":\"ListItem\",\"position\":3,\"name\":\"CIJEV VODE GLAVE KOMPRESORA ZRAKA MAN KNORR ZAMJ.\"}]},{\"@type\":\"WebSite\",\"@id\":\"https:\/\/sindicom.hr\/en\/#website\",\"url\":\"https:\/\/sindicom.hr\/en\/\",\"name\":\"SINDICOM\",\"description\":\"Trade and repair of pneumatic brakes, air and hydraulic systems for trucks and buses\",\"publisher\":{\"@id\":\"https:\/\/sindicom.hr\/en\/#organization\"},\"potentialAction\":[{\"@type\":\"SearchAction\",\"target\":{\"@type\":\"EntryPoint\",\"urlTemplate\":\"https:\/\/sindicom.hr\/en\/?s={search_term_string}\"},\"query-input\":{\"@type\":\"PropertyValueSpecification\",\"valueRequired\":true,\"valueName\":\"search_term_string\"}}],\"inLanguage\":\"en-US\"},{\"@type\":\"Organization\",\"@id\":\"https:\/\/sindicom.hr\/en\/#organization\",\"name\":\"SINDICOM d.o.o.\",\"url\":\"https:\/\/sindicom.hr\/en\/\",\"logo\":{\"@type\":\"ImageObject\",\"inLanguage\":\"en-US\",\"@id\":\"https:\/\/sindicom.hr\/en\/#\/schema\/logo\/image\/\",\"url\":\"https:\/\/sindicom.hr\/wp-content\/uploads\/2019\/11\/sindicom_logo_veliki1.jpg.png\",\"contentUrl\":\"https:\/\/sindicom.hr\/wp-content\/uploads\/2019\/11\/sindicom_logo_veliki1.jpg.png\",\"width\":732,\"height\":706,\"caption\":\"SINDICOM d.o.o.\"},\"image\":{\"@id\":\"https:\/\/sindicom.hr\/en\/#\/schema\/logo\/image\/\"},\"sameAs\":[\"https:\/\/www.facebook.com\/Sindicom-doo-170277286366043\/\",\"https:\/\/instagram.com\/sindicomdoo\"]}]}<\/script>\n<!-- \/ Yoast SEO plugin. -->","yoast_head_json":{"title":"CIJEV VODE GLAVE KOMPRESORA ZRAKA MAN KNORR ZAMJ. - Sindicom","robots":{"index":"index","follow":"follow","max-snippet":"max-snippet:-1","max-image-preview":"max-image-preview:large","max-video-preview":"max-video-preview:-1"},"canonical":"https:\/\/sindicom.hr\/en\/katalog\/cijev-vode-glave-kompresora-zraka-man-knorr-zamj\/","og_locale":"en_US","og_type":"article","og_title":"CIJEV VODE GLAVE KOMPRESORA ZRAKA MAN KNORR ZAMJ. - Sindicom","og_description":"0102015 VADEN 51063045462 MAN 51.06304-5462 MAN 51.06304.5462 MAN 51063035865 MAN [...]","og_url":"https:\/\/sindicom.hr\/en\/katalog\/cijev-vode-glave-kompresora-zraka-man-knorr-zamj\/","og_site_name":"Sindicom","article_publisher":"https:\/\/www.facebook.com\/Sindicom-doo-170277286366043\/","article_modified_time":"2025-10-27T12:14:34+00:00","twitter_card":"summary_large_image","schema":{"@context":"https:\/\/schema.org","@graph":[{"@type":"WebPage","@id":"https:\/\/sindicom.hr\/en\/katalog\/cijev-vode-glave-kompresora-zraka-man-knorr-zamj\/","url":"https:\/\/sindicom.hr\/en\/katalog\/cijev-vode-glave-kompresora-zraka-man-knorr-zamj\/","name":"CIJEV VODE GLAVE KOMPRESORA ZRAKA MAN KNORR ZAMJ. - Sindicom","isPartOf":{"@id":"https:\/\/sindicom.hr\/en\/#website"},"datePublished":"2024-11-13T17:55:57+00:00","dateModified":"2025-10-27T12:14:34+00:00","breadcrumb":{"@id":"https:\/\/sindicom.hr\/en\/katalog\/cijev-vode-glave-kompresora-zraka-man-knorr-zamj\/#breadcrumb"},"inLanguage":"en-US","potentialAction":[{"@type":"ReadAction","target":["https:\/\/sindicom.hr\/en\/katalog\/cijev-vode-glave-kompresora-zraka-man-knorr-zamj\/"]}]},{"@type":"BreadcrumbList","@id":"https:\/\/sindicom.hr\/en\/katalog\/cijev-vode-glave-kompresora-zraka-man-knorr-zamj\/#breadcrumb","itemListElement":[{"@type":"ListItem","position":1,"name":"Po\u010detna stranica","item":"https:\/\/sindicom.hr\/en\/"},{"@type":"ListItem","position":2,"name":"Katalog dijelova","item":"https:\/\/sindicom.hr\/en\/catalog\/"},{"@type":"ListItem","position":3,"name":"CIJEV VODE GLAVE KOMPRESORA ZRAKA MAN KNORR ZAMJ."}]},{"@type":"WebSite","@id":"https:\/\/sindicom.hr\/en\/#website","url":"https:\/\/sindicom.hr\/en\/","name":"SINDICOM","description":"Trade and repair of pneumatic brakes, air and hydraulic systems for trucks and buses","publisher":{"@id":"https:\/\/sindicom.hr\/en\/#organization"},"potentialAction":[{"@type":"SearchAction","target":{"@type":"EntryPoint","urlTemplate":"https:\/\/sindicom.hr\/en\/?s={search_term_string}"},"query-input":{"@type":"PropertyValueSpecification","valueRequired":true,"valueName":"search_term_string"}}],"inLanguage":"en-US"},{"@type":"Organization","@id":"https:\/\/sindicom.hr\/en\/#organization","name":"SINDICOM d.o.o.","url":"https:\/\/sindicom.hr\/en\/","logo":{"@type":"ImageObject","inLanguage":"en-US","@id":"https:\/\/sindicom.hr\/en\/#\/schema\/logo\/image\/","url":"https:\/\/sindicom.hr\/wp-content\/uploads\/2019\/11\/sindicom_logo_veliki1.jpg.png","contentUrl":"https:\/\/sindicom.hr\/wp-content\/uploads\/2019\/11\/sindicom_logo_veliki1.jpg.png","width":732,"height":706,"caption":"SINDICOM d.o.o."},"image":{"@id":"https:\/\/sindicom.hr\/en\/#\/schema\/logo\/image\/"},"sameAs":["https:\/\/www.facebook.com\/Sindicom-doo-170277286366043\/","https:\/\/instagram.com\/sindicomdoo"]}]}},"_links":{"self":[{"href":"https:\/\/sindicom.hr\/en\/wp-json\/wp\/v2\/product\/41118","targetHints":{"allow":["GET"]}}],"collection":[{"href":"https:\/\/sindicom.hr\/en\/wp-json\/wp\/v2\/product"}],"about":[{"href":"https:\/\/sindicom.hr\/en\/wp-json\/wp\/v2\/types\/product"}],"wp:attachment":[{"href":"https:\/\/sindicom.hr\/en\/wp-json\/wp\/v2\/media?parent=41118"}],"wp:term":[{"taxonomy":"product_brand","embeddable":true,"href":"https:\/\/sindicom.hr\/en\/wp-json\/wp\/v2\/product_brand?post=41118"},{"taxonomy":"product_cat","embeddable":true,"href":"https:\/\/sindicom.hr\/en\/wp-json\/wp\/v2\/product_cat?post=41118"},{"taxonomy":"product_tag","embeddable":true,"href":"https:\/\/sindicom.hr\/en\/wp-json\/wp\/v2\/product_tag?post=41118"}],"curies":[{"name":"wp","href":"https:\/\/api.w.org\/{rel}","templated":true}]}}