{"id":41130,"date":"2024-11-13T17:56:03","date_gmt":"2024-11-13T17:56:03","guid":{"rendered":"https:\/\/sindicom.hr\/?post_type=product&#038;p=41130"},"modified":"2025-10-27T12:14:40","modified_gmt":"2025-10-27T12:14:40","slug":"kocione-plocice-s-nosacima-iveco-daily-eurocargo-trw-oe","status":"publish","type":"product","link":"https:\/\/sindicom.hr\/en\/katalog\/kocione-plocice-s-nosacima-iveco-daily-eurocargo-trw-oe\/","title":{"rendered":"KO\u010cIONE PLO\u010cICE S NOSA\u010cIMA IVECO DAILY EUROCARGO TRW OE"},"content":{"rendered":"<p>GDB5004 TRW  GDB5068 TRW  29122 TEXTAR  2912204 TEXTAR  29122 04 TEXTAR  2906522004T3018 TEXTAR  519601 IVECO  FCV1126 IVECO  08631550 IVECO  1906402 IVECO  1906416 IVECO  42555669 IVECO  504232819 IVECO  500086041 IVECO  2906504020 TEXTAR  2906509560 TEXTAR  301029  1906144  1906298  301029 VALEO  541662 VALEO  882233 VALEO  882234 VALEO  882235 VALEO  882237 VALEO  2906509560 JURID  2937409560 JURID  13.0460-4914.2 ATE  13.0460-4828.2 ATE  2912204960 WAGNER  WBP29122A WAGNER  510661 BENDIX  2912222004017214 BERAL  BCV29122T BERAL  BBP1660 BORG &#038; BECK  0986494257 BOSCH  0 986 494 257 BOSCH  0986TB3167 BOSCH  PA2402 BRAKE ENGINEERING  PA6025 BREMBO  82079101 TEXTAR  1906416 IVECO  42555669 IVECO  1906416 OEMPARTS  42555559 OEMPARTS  42555560 OEMPARTS  42555669 OEMPARTS  504121785 OEMPARTS  504121786 OEMPARTS  13.0460-4828.2 ATE &#8211; TEVES  13.0460-4914.2 ATE &#8211; TEVES  0986494257 BOSCH  P A6 025 BREMBO  2912204 TEXTAR  GDB5068 TRW  7.92600 DT  16598 FEBI  086.315-50 PE  Brake pads set  Brake pads repair kit  Brake pad fitting kit rear front fits IVECO DAILY IV. DAILY VI. EUROCARGO I-III. MAGIRUS; IRISBUS DAILY TOURYS<\/p>\n","protected":false},"excerpt":{"rendered":"<p>GDB5004 TRW GDB5068 TRW 29122 TEXTAR 2912204 TEXTAR 29122 04  [&#8230;]<\/p>\n","protected":false},"featured_media":0,"template":"","meta":{"inline_featured_image":false},"product_brand":[],"product_cat":[140],"product_tag":[],"class_list":{"0":"post-41130","1":"product","2":"type-product","3":"status-publish","5":"product_cat-radni-strojevi","7":"first","8":"instock","9":"shipping-taxable","10":"purchasable","11":"product-type-simple"},"yoast_head":"<!-- This site is optimized with the Yoast SEO plugin v26.2 - https:\/\/yoast.com\/wordpress\/plugins\/seo\/ -->\n<title>KO\u010cIONE PLO\u010cICE S NOSA\u010cIMA IVECO DAILY EUROCARGO TRW OE - Sindicom<\/title>\n<meta name=\"robots\" content=\"index, follow, max-snippet:-1, max-image-preview:large, max-video-preview:-1\" \/>\n<link rel=\"canonical\" href=\"https:\/\/sindicom.hr\/en\/katalog\/kocione-plocice-s-nosacima-iveco-daily-eurocargo-trw-oe\/\" \/>\n<meta property=\"og:locale\" content=\"en_US\" \/>\n<meta property=\"og:type\" content=\"article\" \/>\n<meta property=\"og:title\" content=\"KO\u010cIONE PLO\u010cICE S NOSA\u010cIMA IVECO DAILY EUROCARGO TRW OE - Sindicom\" \/>\n<meta property=\"og:description\" content=\"GDB5004 TRW GDB5068 TRW 29122 TEXTAR 2912204 TEXTAR 29122 04 [...]\" \/>\n<meta property=\"og:url\" content=\"https:\/\/sindicom.hr\/en\/katalog\/kocione-plocice-s-nosacima-iveco-daily-eurocargo-trw-oe\/\" \/>\n<meta property=\"og:site_name\" content=\"Sindicom\" \/>\n<meta property=\"article:publisher\" content=\"https:\/\/www.facebook.com\/Sindicom-doo-170277286366043\/\" \/>\n<meta property=\"article:modified_time\" content=\"2025-10-27T12:14:40+00:00\" \/>\n<meta name=\"twitter:card\" content=\"summary_large_image\" \/>\n<meta name=\"twitter:label1\" content=\"Est. reading time\" \/>\n\t<meta name=\"twitter:data1\" content=\"1 minute\" \/>\n<script type=\"application\/ld+json\" class=\"yoast-schema-graph\">{\"@context\":\"https:\/\/schema.org\",\"@graph\":[{\"@type\":\"WebPage\",\"@id\":\"https:\/\/sindicom.hr\/en\/katalog\/kocione-plocice-s-nosacima-iveco-daily-eurocargo-trw-oe\/\",\"url\":\"https:\/\/sindicom.hr\/en\/katalog\/kocione-plocice-s-nosacima-iveco-daily-eurocargo-trw-oe\/\",\"name\":\"KO\u010cIONE PLO\u010cICE S NOSA\u010cIMA IVECO DAILY EUROCARGO TRW OE - Sindicom\",\"isPartOf\":{\"@id\":\"https:\/\/sindicom.hr\/en\/#website\"},\"datePublished\":\"2024-11-13T17:56:03+00:00\",\"dateModified\":\"2025-10-27T12:14:40+00:00\",\"breadcrumb\":{\"@id\":\"https:\/\/sindicom.hr\/en\/katalog\/kocione-plocice-s-nosacima-iveco-daily-eurocargo-trw-oe\/#breadcrumb\"},\"inLanguage\":\"en-US\",\"potentialAction\":[{\"@type\":\"ReadAction\",\"target\":[\"https:\/\/sindicom.hr\/en\/katalog\/kocione-plocice-s-nosacima-iveco-daily-eurocargo-trw-oe\/\"]}]},{\"@type\":\"BreadcrumbList\",\"@id\":\"https:\/\/sindicom.hr\/en\/katalog\/kocione-plocice-s-nosacima-iveco-daily-eurocargo-trw-oe\/#breadcrumb\",\"itemListElement\":[{\"@type\":\"ListItem\",\"position\":1,\"name\":\"Po\u010detna stranica\",\"item\":\"https:\/\/sindicom.hr\/en\/\"},{\"@type\":\"ListItem\",\"position\":2,\"name\":\"Katalog dijelova\",\"item\":\"https:\/\/sindicom.hr\/en\/catalog\/\"},{\"@type\":\"ListItem\",\"position\":3,\"name\":\"KO\u010cIONE PLO\u010cICE S NOSA\u010cIMA IVECO DAILY EUROCARGO TRW OE\"}]},{\"@type\":\"WebSite\",\"@id\":\"https:\/\/sindicom.hr\/en\/#website\",\"url\":\"https:\/\/sindicom.hr\/en\/\",\"name\":\"SINDICOM\",\"description\":\"Trade and repair of pneumatic brakes, air and hydraulic systems for trucks and buses\",\"publisher\":{\"@id\":\"https:\/\/sindicom.hr\/en\/#organization\"},\"potentialAction\":[{\"@type\":\"SearchAction\",\"target\":{\"@type\":\"EntryPoint\",\"urlTemplate\":\"https:\/\/sindicom.hr\/en\/?s={search_term_string}\"},\"query-input\":{\"@type\":\"PropertyValueSpecification\",\"valueRequired\":true,\"valueName\":\"search_term_string\"}}],\"inLanguage\":\"en-US\"},{\"@type\":\"Organization\",\"@id\":\"https:\/\/sindicom.hr\/en\/#organization\",\"name\":\"SINDICOM d.o.o.\",\"url\":\"https:\/\/sindicom.hr\/en\/\",\"logo\":{\"@type\":\"ImageObject\",\"inLanguage\":\"en-US\",\"@id\":\"https:\/\/sindicom.hr\/en\/#\/schema\/logo\/image\/\",\"url\":\"https:\/\/sindicom.hr\/wp-content\/uploads\/2019\/11\/sindicom_logo_veliki1.jpg.png\",\"contentUrl\":\"https:\/\/sindicom.hr\/wp-content\/uploads\/2019\/11\/sindicom_logo_veliki1.jpg.png\",\"width\":732,\"height\":706,\"caption\":\"SINDICOM d.o.o.\"},\"image\":{\"@id\":\"https:\/\/sindicom.hr\/en\/#\/schema\/logo\/image\/\"},\"sameAs\":[\"https:\/\/www.facebook.com\/Sindicom-doo-170277286366043\/\",\"https:\/\/instagram.com\/sindicomdoo\"]}]}<\/script>\n<!-- \/ Yoast SEO plugin. -->","yoast_head_json":{"title":"KO\u010cIONE PLO\u010cICE S NOSA\u010cIMA IVECO DAILY EUROCARGO TRW OE - Sindicom","robots":{"index":"index","follow":"follow","max-snippet":"max-snippet:-1","max-image-preview":"max-image-preview:large","max-video-preview":"max-video-preview:-1"},"canonical":"https:\/\/sindicom.hr\/en\/katalog\/kocione-plocice-s-nosacima-iveco-daily-eurocargo-trw-oe\/","og_locale":"en_US","og_type":"article","og_title":"KO\u010cIONE PLO\u010cICE S NOSA\u010cIMA IVECO DAILY EUROCARGO TRW OE - Sindicom","og_description":"GDB5004 TRW GDB5068 TRW 29122 TEXTAR 2912204 TEXTAR 29122 04 [...]","og_url":"https:\/\/sindicom.hr\/en\/katalog\/kocione-plocice-s-nosacima-iveco-daily-eurocargo-trw-oe\/","og_site_name":"Sindicom","article_publisher":"https:\/\/www.facebook.com\/Sindicom-doo-170277286366043\/","article_modified_time":"2025-10-27T12:14:40+00:00","twitter_card":"summary_large_image","twitter_misc":{"Est. reading time":"1 minute"},"schema":{"@context":"https:\/\/schema.org","@graph":[{"@type":"WebPage","@id":"https:\/\/sindicom.hr\/en\/katalog\/kocione-plocice-s-nosacima-iveco-daily-eurocargo-trw-oe\/","url":"https:\/\/sindicom.hr\/en\/katalog\/kocione-plocice-s-nosacima-iveco-daily-eurocargo-trw-oe\/","name":"KO\u010cIONE PLO\u010cICE S NOSA\u010cIMA IVECO DAILY EUROCARGO TRW OE - Sindicom","isPartOf":{"@id":"https:\/\/sindicom.hr\/en\/#website"},"datePublished":"2024-11-13T17:56:03+00:00","dateModified":"2025-10-27T12:14:40+00:00","breadcrumb":{"@id":"https:\/\/sindicom.hr\/en\/katalog\/kocione-plocice-s-nosacima-iveco-daily-eurocargo-trw-oe\/#breadcrumb"},"inLanguage":"en-US","potentialAction":[{"@type":"ReadAction","target":["https:\/\/sindicom.hr\/en\/katalog\/kocione-plocice-s-nosacima-iveco-daily-eurocargo-trw-oe\/"]}]},{"@type":"BreadcrumbList","@id":"https:\/\/sindicom.hr\/en\/katalog\/kocione-plocice-s-nosacima-iveco-daily-eurocargo-trw-oe\/#breadcrumb","itemListElement":[{"@type":"ListItem","position":1,"name":"Po\u010detna stranica","item":"https:\/\/sindicom.hr\/en\/"},{"@type":"ListItem","position":2,"name":"Katalog dijelova","item":"https:\/\/sindicom.hr\/en\/catalog\/"},{"@type":"ListItem","position":3,"name":"KO\u010cIONE PLO\u010cICE S NOSA\u010cIMA IVECO DAILY EUROCARGO TRW OE"}]},{"@type":"WebSite","@id":"https:\/\/sindicom.hr\/en\/#website","url":"https:\/\/sindicom.hr\/en\/","name":"SINDICOM","description":"Trade and repair of pneumatic brakes, air and hydraulic systems for trucks and buses","publisher":{"@id":"https:\/\/sindicom.hr\/en\/#organization"},"potentialAction":[{"@type":"SearchAction","target":{"@type":"EntryPoint","urlTemplate":"https:\/\/sindicom.hr\/en\/?s={search_term_string}"},"query-input":{"@type":"PropertyValueSpecification","valueRequired":true,"valueName":"search_term_string"}}],"inLanguage":"en-US"},{"@type":"Organization","@id":"https:\/\/sindicom.hr\/en\/#organization","name":"SINDICOM d.o.o.","url":"https:\/\/sindicom.hr\/en\/","logo":{"@type":"ImageObject","inLanguage":"en-US","@id":"https:\/\/sindicom.hr\/en\/#\/schema\/logo\/image\/","url":"https:\/\/sindicom.hr\/wp-content\/uploads\/2019\/11\/sindicom_logo_veliki1.jpg.png","contentUrl":"https:\/\/sindicom.hr\/wp-content\/uploads\/2019\/11\/sindicom_logo_veliki1.jpg.png","width":732,"height":706,"caption":"SINDICOM d.o.o."},"image":{"@id":"https:\/\/sindicom.hr\/en\/#\/schema\/logo\/image\/"},"sameAs":["https:\/\/www.facebook.com\/Sindicom-doo-170277286366043\/","https:\/\/instagram.com\/sindicomdoo"]}]}},"_links":{"self":[{"href":"https:\/\/sindicom.hr\/en\/wp-json\/wp\/v2\/product\/41130","targetHints":{"allow":["GET"]}}],"collection":[{"href":"https:\/\/sindicom.hr\/en\/wp-json\/wp\/v2\/product"}],"about":[{"href":"https:\/\/sindicom.hr\/en\/wp-json\/wp\/v2\/types\/product"}],"wp:attachment":[{"href":"https:\/\/sindicom.hr\/en\/wp-json\/wp\/v2\/media?parent=41130"}],"wp:term":[{"taxonomy":"product_brand","embeddable":true,"href":"https:\/\/sindicom.hr\/en\/wp-json\/wp\/v2\/product_brand?post=41130"},{"taxonomy":"product_cat","embeddable":true,"href":"https:\/\/sindicom.hr\/en\/wp-json\/wp\/v2\/product_cat?post=41130"},{"taxonomy":"product_tag","embeddable":true,"href":"https:\/\/sindicom.hr\/en\/wp-json\/wp\/v2\/product_tag?post=41130"}],"curies":[{"name":"wp","href":"https:\/\/api.w.org\/{rel}","templated":true}]}}