{"id":41140,"date":"2024-11-13T17:56:13","date_gmt":"2024-11-13T17:56:13","guid":{"rendered":"https:\/\/sindicom.hr\/?post_type=product&#038;p=41140"},"modified":"2025-10-27T12:14:53","modified_gmt":"2025-10-27T12:14:53","slug":"guraci-kocione-celjusti-knorr-oe-2","status":"publish","type":"product","link":"https:\/\/sindicom.hr\/en\/katalog\/guraci-kocione-celjusti-knorr-oe-2\/","title":{"rendered":"GURA\u010cI KO\u010cIONE \u010cELJUSTI KNORR OE"},"content":{"rendered":"<p>K192251K50 KNORR  K001300 KNORR  K010603 KNORR  343481400 SAF  3434381400 SAF  3434.3814.00 SAF  3.434.3814.00 SAF  3 434 3814 00 SAF  K000366 KNORR  K001300 KNORR  K000366 KNORR  81508226031 MAN  81508226020 MAN  81.50822-6031 MAN  81.50822-6020 MAN  1689313 DAF  1622785 DAF  1616894 DAF  1723417 DAF  1008451 DAF  2307833 DAF  1743421 SCANIA  2121858 SCANIA  2198394 SCANIA  42541413 IVECO  42552622 IVECO  0004204282 MERCEDES  0004202382 MERCEDES  0004204082 MERCEDES  0004204982 MERCEDES  A0004204282 MERCEDES  A0004202382 MERCEDES  A0004204082 MERCEDES  A0004204982 MERCEDES  A 000 420 42 82 MERCEDES  A 000 420 23 82 MERCEDES  A 000 420 40 82 MERCEDES  A 000 420 49 82 MERCEDES  6001-02 MAY  1500 BENEFIT  3029 ALCAN  13439 TTT  6001-02 MAY  9201.001.5 5M  RS1127 CHEEFT  107432 FEBI  10678 SEM  10684 SEM  53881 AUGER  54167 AUGER  BRFR2622 BOTTO RICAMBI  6084001 COJALI  80001272 CORTECO  BC19012 DENCKERMANN  CKSK.4.2 TRUCKTECHNIC  Brake caliper repair kit<\/p>\n","protected":false},"excerpt":{"rendered":"<p>K192251K50 KNORR K001300 KNORR K010603 KNORR 343481400 SAF 3434381400 SAF  [&#8230;]<\/p>\n","protected":false},"featured_media":0,"template":"","meta":{"inline_featured_image":false},"product_brand":[],"product_cat":[140],"product_tag":[],"class_list":{"0":"post-41140","1":"product","2":"type-product","3":"status-publish","5":"product_cat-radni-strojevi","7":"first","8":"instock","9":"shipping-taxable","10":"purchasable","11":"product-type-simple"},"yoast_head":"<!-- This site is optimized with the Yoast SEO plugin v26.2 - https:\/\/yoast.com\/wordpress\/plugins\/seo\/ -->\n<title>GURA\u010cI KO\u010cIONE \u010cELJUSTI KNORR OE - Sindicom<\/title>\n<meta name=\"robots\" content=\"index, follow, max-snippet:-1, max-image-preview:large, max-video-preview:-1\" \/>\n<link rel=\"canonical\" href=\"https:\/\/sindicom.hr\/en\/katalog\/guraci-kocione-celjusti-knorr-oe-2\/\" \/>\n<meta property=\"og:locale\" content=\"en_US\" \/>\n<meta property=\"og:type\" content=\"article\" \/>\n<meta property=\"og:title\" content=\"GURA\u010cI KO\u010cIONE \u010cELJUSTI KNORR OE - Sindicom\" \/>\n<meta property=\"og:description\" content=\"K192251K50 KNORR K001300 KNORR K010603 KNORR 343481400 SAF 3434381400 SAF [...]\" \/>\n<meta property=\"og:url\" content=\"https:\/\/sindicom.hr\/en\/katalog\/guraci-kocione-celjusti-knorr-oe-2\/\" \/>\n<meta property=\"og:site_name\" content=\"Sindicom\" \/>\n<meta property=\"article:publisher\" content=\"https:\/\/www.facebook.com\/Sindicom-doo-170277286366043\/\" \/>\n<meta property=\"article:modified_time\" content=\"2025-10-27T12:14:53+00:00\" \/>\n<meta name=\"twitter:card\" content=\"summary_large_image\" \/>\n<script type=\"application\/ld+json\" class=\"yoast-schema-graph\">{\"@context\":\"https:\/\/schema.org\",\"@graph\":[{\"@type\":\"WebPage\",\"@id\":\"https:\/\/sindicom.hr\/en\/katalog\/guraci-kocione-celjusti-knorr-oe-2\/\",\"url\":\"https:\/\/sindicom.hr\/en\/katalog\/guraci-kocione-celjusti-knorr-oe-2\/\",\"name\":\"GURA\u010cI KO\u010cIONE \u010cELJUSTI KNORR OE - Sindicom\",\"isPartOf\":{\"@id\":\"https:\/\/sindicom.hr\/en\/#website\"},\"datePublished\":\"2024-11-13T17:56:13+00:00\",\"dateModified\":\"2025-10-27T12:14:53+00:00\",\"breadcrumb\":{\"@id\":\"https:\/\/sindicom.hr\/en\/katalog\/guraci-kocione-celjusti-knorr-oe-2\/#breadcrumb\"},\"inLanguage\":\"en-US\",\"potentialAction\":[{\"@type\":\"ReadAction\",\"target\":[\"https:\/\/sindicom.hr\/en\/katalog\/guraci-kocione-celjusti-knorr-oe-2\/\"]}]},{\"@type\":\"BreadcrumbList\",\"@id\":\"https:\/\/sindicom.hr\/en\/katalog\/guraci-kocione-celjusti-knorr-oe-2\/#breadcrumb\",\"itemListElement\":[{\"@type\":\"ListItem\",\"position\":1,\"name\":\"Po\u010detna stranica\",\"item\":\"https:\/\/sindicom.hr\/en\/\"},{\"@type\":\"ListItem\",\"position\":2,\"name\":\"Katalog dijelova\",\"item\":\"https:\/\/sindicom.hr\/en\/catalog\/\"},{\"@type\":\"ListItem\",\"position\":3,\"name\":\"GURA\u010cI KO\u010cIONE \u010cELJUSTI KNORR OE\"}]},{\"@type\":\"WebSite\",\"@id\":\"https:\/\/sindicom.hr\/en\/#website\",\"url\":\"https:\/\/sindicom.hr\/en\/\",\"name\":\"SINDICOM\",\"description\":\"Trade and repair of pneumatic brakes, air and hydraulic systems for trucks and buses\",\"publisher\":{\"@id\":\"https:\/\/sindicom.hr\/en\/#organization\"},\"potentialAction\":[{\"@type\":\"SearchAction\",\"target\":{\"@type\":\"EntryPoint\",\"urlTemplate\":\"https:\/\/sindicom.hr\/en\/?s={search_term_string}\"},\"query-input\":{\"@type\":\"PropertyValueSpecification\",\"valueRequired\":true,\"valueName\":\"search_term_string\"}}],\"inLanguage\":\"en-US\"},{\"@type\":\"Organization\",\"@id\":\"https:\/\/sindicom.hr\/en\/#organization\",\"name\":\"SINDICOM d.o.o.\",\"url\":\"https:\/\/sindicom.hr\/en\/\",\"logo\":{\"@type\":\"ImageObject\",\"inLanguage\":\"en-US\",\"@id\":\"https:\/\/sindicom.hr\/en\/#\/schema\/logo\/image\/\",\"url\":\"https:\/\/sindicom.hr\/wp-content\/uploads\/2019\/11\/sindicom_logo_veliki1.jpg.png\",\"contentUrl\":\"https:\/\/sindicom.hr\/wp-content\/uploads\/2019\/11\/sindicom_logo_veliki1.jpg.png\",\"width\":732,\"height\":706,\"caption\":\"SINDICOM d.o.o.\"},\"image\":{\"@id\":\"https:\/\/sindicom.hr\/en\/#\/schema\/logo\/image\/\"},\"sameAs\":[\"https:\/\/www.facebook.com\/Sindicom-doo-170277286366043\/\",\"https:\/\/instagram.com\/sindicomdoo\"]}]}<\/script>\n<!-- \/ Yoast SEO plugin. -->","yoast_head_json":{"title":"GURA\u010cI KO\u010cIONE \u010cELJUSTI KNORR OE - Sindicom","robots":{"index":"index","follow":"follow","max-snippet":"max-snippet:-1","max-image-preview":"max-image-preview:large","max-video-preview":"max-video-preview:-1"},"canonical":"https:\/\/sindicom.hr\/en\/katalog\/guraci-kocione-celjusti-knorr-oe-2\/","og_locale":"en_US","og_type":"article","og_title":"GURA\u010cI KO\u010cIONE \u010cELJUSTI KNORR OE - Sindicom","og_description":"K192251K50 KNORR K001300 KNORR K010603 KNORR 343481400 SAF 3434381400 SAF [...]","og_url":"https:\/\/sindicom.hr\/en\/katalog\/guraci-kocione-celjusti-knorr-oe-2\/","og_site_name":"Sindicom","article_publisher":"https:\/\/www.facebook.com\/Sindicom-doo-170277286366043\/","article_modified_time":"2025-10-27T12:14:53+00:00","twitter_card":"summary_large_image","schema":{"@context":"https:\/\/schema.org","@graph":[{"@type":"WebPage","@id":"https:\/\/sindicom.hr\/en\/katalog\/guraci-kocione-celjusti-knorr-oe-2\/","url":"https:\/\/sindicom.hr\/en\/katalog\/guraci-kocione-celjusti-knorr-oe-2\/","name":"GURA\u010cI KO\u010cIONE \u010cELJUSTI KNORR OE - Sindicom","isPartOf":{"@id":"https:\/\/sindicom.hr\/en\/#website"},"datePublished":"2024-11-13T17:56:13+00:00","dateModified":"2025-10-27T12:14:53+00:00","breadcrumb":{"@id":"https:\/\/sindicom.hr\/en\/katalog\/guraci-kocione-celjusti-knorr-oe-2\/#breadcrumb"},"inLanguage":"en-US","potentialAction":[{"@type":"ReadAction","target":["https:\/\/sindicom.hr\/en\/katalog\/guraci-kocione-celjusti-knorr-oe-2\/"]}]},{"@type":"BreadcrumbList","@id":"https:\/\/sindicom.hr\/en\/katalog\/guraci-kocione-celjusti-knorr-oe-2\/#breadcrumb","itemListElement":[{"@type":"ListItem","position":1,"name":"Po\u010detna stranica","item":"https:\/\/sindicom.hr\/en\/"},{"@type":"ListItem","position":2,"name":"Katalog dijelova","item":"https:\/\/sindicom.hr\/en\/catalog\/"},{"@type":"ListItem","position":3,"name":"GURA\u010cI KO\u010cIONE \u010cELJUSTI KNORR OE"}]},{"@type":"WebSite","@id":"https:\/\/sindicom.hr\/en\/#website","url":"https:\/\/sindicom.hr\/en\/","name":"SINDICOM","description":"Trade and repair of pneumatic brakes, air and hydraulic systems for trucks and buses","publisher":{"@id":"https:\/\/sindicom.hr\/en\/#organization"},"potentialAction":[{"@type":"SearchAction","target":{"@type":"EntryPoint","urlTemplate":"https:\/\/sindicom.hr\/en\/?s={search_term_string}"},"query-input":{"@type":"PropertyValueSpecification","valueRequired":true,"valueName":"search_term_string"}}],"inLanguage":"en-US"},{"@type":"Organization","@id":"https:\/\/sindicom.hr\/en\/#organization","name":"SINDICOM d.o.o.","url":"https:\/\/sindicom.hr\/en\/","logo":{"@type":"ImageObject","inLanguage":"en-US","@id":"https:\/\/sindicom.hr\/en\/#\/schema\/logo\/image\/","url":"https:\/\/sindicom.hr\/wp-content\/uploads\/2019\/11\/sindicom_logo_veliki1.jpg.png","contentUrl":"https:\/\/sindicom.hr\/wp-content\/uploads\/2019\/11\/sindicom_logo_veliki1.jpg.png","width":732,"height":706,"caption":"SINDICOM d.o.o."},"image":{"@id":"https:\/\/sindicom.hr\/en\/#\/schema\/logo\/image\/"},"sameAs":["https:\/\/www.facebook.com\/Sindicom-doo-170277286366043\/","https:\/\/instagram.com\/sindicomdoo"]}]}},"_links":{"self":[{"href":"https:\/\/sindicom.hr\/en\/wp-json\/wp\/v2\/product\/41140","targetHints":{"allow":["GET"]}}],"collection":[{"href":"https:\/\/sindicom.hr\/en\/wp-json\/wp\/v2\/product"}],"about":[{"href":"https:\/\/sindicom.hr\/en\/wp-json\/wp\/v2\/types\/product"}],"wp:attachment":[{"href":"https:\/\/sindicom.hr\/en\/wp-json\/wp\/v2\/media?parent=41140"}],"wp:term":[{"taxonomy":"product_brand","embeddable":true,"href":"https:\/\/sindicom.hr\/en\/wp-json\/wp\/v2\/product_brand?post=41140"},{"taxonomy":"product_cat","embeddable":true,"href":"https:\/\/sindicom.hr\/en\/wp-json\/wp\/v2\/product_cat?post=41140"},{"taxonomy":"product_tag","embeddable":true,"href":"https:\/\/sindicom.hr\/en\/wp-json\/wp\/v2\/product_tag?post=41140"}],"curies":[{"name":"wp","href":"https:\/\/api.w.org\/{rel}","templated":true}]}}