{"id":41862,"date":"2024-12-02T12:54:34","date_gmt":"2024-12-02T12:54:34","guid":{"rendered":"https:\/\/sindicom.hr\/?post_type=product&#038;p=41862"},"modified":"2025-10-28T14:13:00","modified_gmt":"2025-10-28T14:13:00","slug":"tipkalo-visine-sjedala-scania-4-mercedes-isri-isringhausen-zamj","status":"publish","type":"product","link":"https:\/\/sindicom.hr\/en\/katalog\/tipkalo-visine-sjedala-scania-4-mercedes-isri-isringhausen-zamj\/","title":{"rendered":"TIPKALO VISINE SJEDALA SCANIA 4 MERCEDES ISRI ISRINGHAUSEN ZAMJ."},"content":{"rendered":"<p>1.22379 DT<br \/>\n24698 ISRI<br \/>\n24698 ISRINGHAUSEN<br \/>\n1391425 SCANIA<br \/>\n00054521 SCANIA<br \/>\n0068206610 MERCEDES<br \/>\n0058206210 MERCEDES<br \/>\nA0068206610 MERCEDES<br \/>\nA0058206210 MERCEDES<br \/>\nA 006 820 66 10 MERCEDES<br \/>\nA 005 820 62 10 MERCEDES<br \/>\n62472 DT<br \/>\n06.00963 CMG<br \/>\n103515 AUGER<br \/>\n046.413 SAMPA<br \/>\nRS-02263L ROLLING<br \/>\nISRI ISRINGHAUSEN Sitzverstellventil<br \/>\nISRI ISRINGHAUSEN seat adjustment valve<br \/>\nISRI ISRINGHAUSEN \u00fcl\u00e9s\u00e1ll\u00edt\u00f3 szelep<br \/>\nISRI ISRINGHAUSEN zittingverstelklep<br \/>\nV\u00e1lvula de ajuste del asiento ISRINGHAUSEN<br \/>\nSoupape de r\u00e9glage de siege ISRI ISRINGHAUSEN<br \/>\nValvola di regolazione del sedile ISRI ISRINGHAUSEN<br \/>\nTRUCK SCANIA 94\/114\/124\/144\/164<br \/>\nDriver&#8217;s seat SWITCH MERCEDES SCANIA 94\/114\/124\/144\/164<br \/>\nSJEDALO, SJEDALA, SJEDI\u0160TE, SJEDI\u0160TA, SJEDELA, SJEDELO, SEAT, SEATS, SITTING, SIT, SEDE\u017d<\/p>\n","protected":false},"excerpt":{"rendered":"<p><img decoding=\"async\" class=\"alignnone size-medium wp-image-17694\" src=\"https:\/\/sindicom.hr\/wp-content\/uploads\/2020\/05\/aftermarket-300x300.png\" alt=\"\" width=\"300\" height=\"300\" srcset=\"https:\/\/sindicom.hr\/wp-content\/uploads\/2020\/05\/aftermarket-64x64.png 64w, https:\/\/sindicom.hr\/wp-content\/uploads\/2020\/05\/aftermarket-66x66.png 66w, https:\/\/sindicom.hr\/wp-content\/uploads\/2020\/05\/aftermarket-100x100.png 100w, https:\/\/sindicom.hr\/wp-content\/uploads\/2020\/05\/aftermarket-150x150.png 150w, https:\/\/sindicom.hr\/wp-content\/uploads\/2020\/05\/aftermarket-200x200.png 200w, https:\/\/sindicom.hr\/wp-content\/uploads\/2020\/05\/aftermarket.png 300w\" sizes=\"(max-width: 300px) 100vw, 300px\" \/><\/p>\n","protected":false},"featured_media":41863,"template":"","meta":{"inline_featured_image":false},"product_brand":[],"product_cat":[15,41,255,156,113,109,107,136,152,190],"product_tag":[],"class_list":{"0":"post-41862","1":"product","2":"type-product","3":"status-publish","4":"has-post-thumbnail","6":"product_cat-all-products","7":"product_cat-dijelovi-sjedala-vozila","8":"product_cat-isri-rezervni-dijelovi-isrinhausen-spare-parts","9":"product_cat-john-deere","10":"product_cat-mercedes-teretna-vozila","11":"product_cat-scania-teretna-vozila","12":"product_cat-teretna-vozila","13":"product_cat-traktori","14":"product_cat-ventili-osovina","15":"product_cat-ventili-sjedala","17":"first","18":"instock","19":"shipping-taxable","20":"purchasable","21":"product-type-simple"},"yoast_head":"<!-- This site is optimized with the Yoast SEO plugin v26.2 - https:\/\/yoast.com\/wordpress\/plugins\/seo\/ -->\n<title>TIPKALO VISINE SJEDALA SCANIA 4 MERCEDES ISRI ISRINGHAUSEN ZAMJ. - Sindicom<\/title>\n<meta name=\"robots\" content=\"index, follow, max-snippet:-1, max-image-preview:large, max-video-preview:-1\" \/>\n<link rel=\"canonical\" href=\"https:\/\/sindicom.hr\/en\/katalog\/tipkalo-visine-sjedala-scania-4-mercedes-isri-isringhausen-zamj\/\" \/>\n<meta property=\"og:locale\" content=\"en_US\" \/>\n<meta property=\"og:type\" content=\"article\" \/>\n<meta property=\"og:title\" content=\"TIPKALO VISINE SJEDALA SCANIA 4 MERCEDES ISRI ISRINGHAUSEN ZAMJ. - Sindicom\" \/>\n<meta property=\"og:url\" content=\"https:\/\/sindicom.hr\/en\/katalog\/tipkalo-visine-sjedala-scania-4-mercedes-isri-isringhausen-zamj\/\" \/>\n<meta property=\"og:site_name\" content=\"Sindicom\" \/>\n<meta property=\"article:publisher\" content=\"https:\/\/www.facebook.com\/Sindicom-doo-170277286366043\/\" \/>\n<meta property=\"article:modified_time\" content=\"2025-10-28T14:13:00+00:00\" \/>\n<meta property=\"og:image\" content=\"https:\/\/sindicom.hr\/wp-content\/uploads\/2024\/12\/1.22379.webp\" \/>\n\t<meta property=\"og:image:width\" content=\"600\" \/>\n\t<meta property=\"og:image:height\" content=\"600\" \/>\n\t<meta property=\"og:image:type\" content=\"image\/webp\" \/>\n<meta name=\"twitter:card\" content=\"summary_large_image\" \/>\n<meta name=\"twitter:label1\" content=\"Est. reading time\" \/>\n\t<meta name=\"twitter:data1\" content=\"1 minute\" \/>\n<script type=\"application\/ld+json\" class=\"yoast-schema-graph\">{\"@context\":\"https:\/\/schema.org\",\"@graph\":[{\"@type\":\"WebPage\",\"@id\":\"https:\/\/sindicom.hr\/en\/katalog\/tipkalo-visine-sjedala-scania-4-mercedes-isri-isringhausen-zamj\/\",\"url\":\"https:\/\/sindicom.hr\/en\/katalog\/tipkalo-visine-sjedala-scania-4-mercedes-isri-isringhausen-zamj\/\",\"name\":\"TIPKALO VISINE SJEDALA SCANIA 4 MERCEDES ISRI ISRINGHAUSEN ZAMJ. - Sindicom\",\"isPartOf\":{\"@id\":\"https:\/\/sindicom.hr\/en\/#website\"},\"primaryImageOfPage\":{\"@id\":\"https:\/\/sindicom.hr\/en\/katalog\/tipkalo-visine-sjedala-scania-4-mercedes-isri-isringhausen-zamj\/#primaryimage\"},\"image\":{\"@id\":\"https:\/\/sindicom.hr\/en\/katalog\/tipkalo-visine-sjedala-scania-4-mercedes-isri-isringhausen-zamj\/#primaryimage\"},\"thumbnailUrl\":\"https:\/\/sindicom.hr\/wp-content\/uploads\/2024\/12\/1.22379.webp\",\"datePublished\":\"2024-12-02T12:54:34+00:00\",\"dateModified\":\"2025-10-28T14:13:00+00:00\",\"breadcrumb\":{\"@id\":\"https:\/\/sindicom.hr\/en\/katalog\/tipkalo-visine-sjedala-scania-4-mercedes-isri-isringhausen-zamj\/#breadcrumb\"},\"inLanguage\":\"en-US\",\"potentialAction\":[{\"@type\":\"ReadAction\",\"target\":[\"https:\/\/sindicom.hr\/en\/katalog\/tipkalo-visine-sjedala-scania-4-mercedes-isri-isringhausen-zamj\/\"]}]},{\"@type\":\"ImageObject\",\"inLanguage\":\"en-US\",\"@id\":\"https:\/\/sindicom.hr\/en\/katalog\/tipkalo-visine-sjedala-scania-4-mercedes-isri-isringhausen-zamj\/#primaryimage\",\"url\":\"https:\/\/sindicom.hr\/wp-content\/uploads\/2024\/12\/1.22379.webp\",\"contentUrl\":\"https:\/\/sindicom.hr\/wp-content\/uploads\/2024\/12\/1.22379.webp\",\"width\":600,\"height\":600},{\"@type\":\"BreadcrumbList\",\"@id\":\"https:\/\/sindicom.hr\/en\/katalog\/tipkalo-visine-sjedala-scania-4-mercedes-isri-isringhausen-zamj\/#breadcrumb\",\"itemListElement\":[{\"@type\":\"ListItem\",\"position\":1,\"name\":\"Po\u010detna stranica\",\"item\":\"https:\/\/sindicom.hr\/en\/\"},{\"@type\":\"ListItem\",\"position\":2,\"name\":\"Katalog dijelova\",\"item\":\"https:\/\/sindicom.hr\/en\/catalog\/\"},{\"@type\":\"ListItem\",\"position\":3,\"name\":\"TIPKALO VISINE SJEDALA SCANIA 4 MERCEDES ISRI ISRINGHAUSEN ZAMJ.\"}]},{\"@type\":\"WebSite\",\"@id\":\"https:\/\/sindicom.hr\/en\/#website\",\"url\":\"https:\/\/sindicom.hr\/en\/\",\"name\":\"SINDICOM\",\"description\":\"Trade and repair of pneumatic brakes, air and hydraulic systems for trucks and buses\",\"publisher\":{\"@id\":\"https:\/\/sindicom.hr\/en\/#organization\"},\"potentialAction\":[{\"@type\":\"SearchAction\",\"target\":{\"@type\":\"EntryPoint\",\"urlTemplate\":\"https:\/\/sindicom.hr\/en\/?s={search_term_string}\"},\"query-input\":{\"@type\":\"PropertyValueSpecification\",\"valueRequired\":true,\"valueName\":\"search_term_string\"}}],\"inLanguage\":\"en-US\"},{\"@type\":\"Organization\",\"@id\":\"https:\/\/sindicom.hr\/en\/#organization\",\"name\":\"SINDICOM d.o.o.\",\"url\":\"https:\/\/sindicom.hr\/en\/\",\"logo\":{\"@type\":\"ImageObject\",\"inLanguage\":\"en-US\",\"@id\":\"https:\/\/sindicom.hr\/en\/#\/schema\/logo\/image\/\",\"url\":\"https:\/\/sindicom.hr\/wp-content\/uploads\/2019\/11\/sindicom_logo_veliki1.jpg.png\",\"contentUrl\":\"https:\/\/sindicom.hr\/wp-content\/uploads\/2019\/11\/sindicom_logo_veliki1.jpg.png\",\"width\":732,\"height\":706,\"caption\":\"SINDICOM d.o.o.\"},\"image\":{\"@id\":\"https:\/\/sindicom.hr\/en\/#\/schema\/logo\/image\/\"},\"sameAs\":[\"https:\/\/www.facebook.com\/Sindicom-doo-170277286366043\/\",\"https:\/\/instagram.com\/sindicomdoo\"]}]}<\/script>\n<!-- \/ Yoast SEO plugin. -->","yoast_head_json":{"title":"TIPKALO VISINE SJEDALA SCANIA 4 MERCEDES ISRI ISRINGHAUSEN ZAMJ. - Sindicom","robots":{"index":"index","follow":"follow","max-snippet":"max-snippet:-1","max-image-preview":"max-image-preview:large","max-video-preview":"max-video-preview:-1"},"canonical":"https:\/\/sindicom.hr\/en\/katalog\/tipkalo-visine-sjedala-scania-4-mercedes-isri-isringhausen-zamj\/","og_locale":"en_US","og_type":"article","og_title":"TIPKALO VISINE SJEDALA SCANIA 4 MERCEDES ISRI ISRINGHAUSEN ZAMJ. - Sindicom","og_url":"https:\/\/sindicom.hr\/en\/katalog\/tipkalo-visine-sjedala-scania-4-mercedes-isri-isringhausen-zamj\/","og_site_name":"Sindicom","article_publisher":"https:\/\/www.facebook.com\/Sindicom-doo-170277286366043\/","article_modified_time":"2025-10-28T14:13:00+00:00","og_image":[{"width":600,"height":600,"url":"https:\/\/sindicom.hr\/wp-content\/uploads\/2024\/12\/1.22379.webp","type":"image\/webp"}],"twitter_card":"summary_large_image","twitter_misc":{"Est. reading time":"1 minute"},"schema":{"@context":"https:\/\/schema.org","@graph":[{"@type":"WebPage","@id":"https:\/\/sindicom.hr\/en\/katalog\/tipkalo-visine-sjedala-scania-4-mercedes-isri-isringhausen-zamj\/","url":"https:\/\/sindicom.hr\/en\/katalog\/tipkalo-visine-sjedala-scania-4-mercedes-isri-isringhausen-zamj\/","name":"TIPKALO VISINE SJEDALA SCANIA 4 MERCEDES ISRI ISRINGHAUSEN ZAMJ. - Sindicom","isPartOf":{"@id":"https:\/\/sindicom.hr\/en\/#website"},"primaryImageOfPage":{"@id":"https:\/\/sindicom.hr\/en\/katalog\/tipkalo-visine-sjedala-scania-4-mercedes-isri-isringhausen-zamj\/#primaryimage"},"image":{"@id":"https:\/\/sindicom.hr\/en\/katalog\/tipkalo-visine-sjedala-scania-4-mercedes-isri-isringhausen-zamj\/#primaryimage"},"thumbnailUrl":"https:\/\/sindicom.hr\/wp-content\/uploads\/2024\/12\/1.22379.webp","datePublished":"2024-12-02T12:54:34+00:00","dateModified":"2025-10-28T14:13:00+00:00","breadcrumb":{"@id":"https:\/\/sindicom.hr\/en\/katalog\/tipkalo-visine-sjedala-scania-4-mercedes-isri-isringhausen-zamj\/#breadcrumb"},"inLanguage":"en-US","potentialAction":[{"@type":"ReadAction","target":["https:\/\/sindicom.hr\/en\/katalog\/tipkalo-visine-sjedala-scania-4-mercedes-isri-isringhausen-zamj\/"]}]},{"@type":"ImageObject","inLanguage":"en-US","@id":"https:\/\/sindicom.hr\/en\/katalog\/tipkalo-visine-sjedala-scania-4-mercedes-isri-isringhausen-zamj\/#primaryimage","url":"https:\/\/sindicom.hr\/wp-content\/uploads\/2024\/12\/1.22379.webp","contentUrl":"https:\/\/sindicom.hr\/wp-content\/uploads\/2024\/12\/1.22379.webp","width":600,"height":600},{"@type":"BreadcrumbList","@id":"https:\/\/sindicom.hr\/en\/katalog\/tipkalo-visine-sjedala-scania-4-mercedes-isri-isringhausen-zamj\/#breadcrumb","itemListElement":[{"@type":"ListItem","position":1,"name":"Po\u010detna stranica","item":"https:\/\/sindicom.hr\/en\/"},{"@type":"ListItem","position":2,"name":"Katalog dijelova","item":"https:\/\/sindicom.hr\/en\/catalog\/"},{"@type":"ListItem","position":3,"name":"TIPKALO VISINE SJEDALA SCANIA 4 MERCEDES ISRI ISRINGHAUSEN ZAMJ."}]},{"@type":"WebSite","@id":"https:\/\/sindicom.hr\/en\/#website","url":"https:\/\/sindicom.hr\/en\/","name":"SINDICOM","description":"Trade and repair of pneumatic brakes, air and hydraulic systems for trucks and buses","publisher":{"@id":"https:\/\/sindicom.hr\/en\/#organization"},"potentialAction":[{"@type":"SearchAction","target":{"@type":"EntryPoint","urlTemplate":"https:\/\/sindicom.hr\/en\/?s={search_term_string}"},"query-input":{"@type":"PropertyValueSpecification","valueRequired":true,"valueName":"search_term_string"}}],"inLanguage":"en-US"},{"@type":"Organization","@id":"https:\/\/sindicom.hr\/en\/#organization","name":"SINDICOM d.o.o.","url":"https:\/\/sindicom.hr\/en\/","logo":{"@type":"ImageObject","inLanguage":"en-US","@id":"https:\/\/sindicom.hr\/en\/#\/schema\/logo\/image\/","url":"https:\/\/sindicom.hr\/wp-content\/uploads\/2019\/11\/sindicom_logo_veliki1.jpg.png","contentUrl":"https:\/\/sindicom.hr\/wp-content\/uploads\/2019\/11\/sindicom_logo_veliki1.jpg.png","width":732,"height":706,"caption":"SINDICOM d.o.o."},"image":{"@id":"https:\/\/sindicom.hr\/en\/#\/schema\/logo\/image\/"},"sameAs":["https:\/\/www.facebook.com\/Sindicom-doo-170277286366043\/","https:\/\/instagram.com\/sindicomdoo"]}]}},"_links":{"self":[{"href":"https:\/\/sindicom.hr\/en\/wp-json\/wp\/v2\/product\/41862","targetHints":{"allow":["GET"]}}],"collection":[{"href":"https:\/\/sindicom.hr\/en\/wp-json\/wp\/v2\/product"}],"about":[{"href":"https:\/\/sindicom.hr\/en\/wp-json\/wp\/v2\/types\/product"}],"wp:featuredmedia":[{"embeddable":true,"href":"https:\/\/sindicom.hr\/en\/wp-json\/wp\/v2\/media\/41863"}],"wp:attachment":[{"href":"https:\/\/sindicom.hr\/en\/wp-json\/wp\/v2\/media?parent=41862"}],"wp:term":[{"taxonomy":"product_brand","embeddable":true,"href":"https:\/\/sindicom.hr\/en\/wp-json\/wp\/v2\/product_brand?post=41862"},{"taxonomy":"product_cat","embeddable":true,"href":"https:\/\/sindicom.hr\/en\/wp-json\/wp\/v2\/product_cat?post=41862"},{"taxonomy":"product_tag","embeddable":true,"href":"https:\/\/sindicom.hr\/en\/wp-json\/wp\/v2\/product_tag?post=41862"}],"curies":[{"name":"wp","href":"https:\/\/api.w.org\/{rel}","templated":true}]}}