{"id":44861,"date":"2025-03-11T08:14:14","date_gmt":"2025-03-11T08:14:14","guid":{"rendered":"https:\/\/sindicom.hr\/?post_type=product&#038;p=44861"},"modified":"2025-10-27T12:15:53","modified_gmt":"2025-10-27T12:15:53","slug":"prikolicni-ventil-jednopolne-instalacije-traktora-wabco-zamj","status":"publish","type":"product","link":"https:\/\/sindicom.hr\/en\/katalog\/prikolicni-ventil-jednopolne-instalacije-traktora-wabco-zamj\/","title":{"rendered":"PRIKOLI\u010cNI VENTIL JEDNOPOLNE INSTALACIJE TRAKTORA WABCO ZAMJ."},"content":{"rendered":"<p>2226100 COJALI  4710030200 WABCO  4710030207 WABCO  4710050200 WABCO  5213010200 PPT  351006011 HALDEX  351006021 HALDEX  351006001 HALDEX  350001101 HALDEX  351 006 001 HALDEX  10W283000 CRAVER ITALY  5213015300-KOMPLETNI SA RU\u010cKOM PPT  350020201-KOMPLETNI SA RU\u010cKOM HALDEX  4710037000-KOMPLETNI SA RU\u010cKOM PPT WABCO  AS6101 KNORR  3532 O&#038;K  720185 DAF  0720185 DAF  3425120 IVECO  03425120 IVECO  202053 SCANIA  2090048 SCANIA  2101001 KEMPF  08726200 TEREX  49033840 TEREX  087 262 00 TEREX  490 338 40 TEREX  605251000 BENELU  8283979000 EVOBUS  8.283.979.000 EVOBUS  0004312213 EVOBUS  A0004312213 EVOBUS  49033840 KOMATSU  5000100598 RENAULT  81523019078 MAN  81.52301-9078 MAN  8283979000 EVOBUS  8.283.979.000 EVOBUS  A8.283.979.000 EVOBUS  0004312213 MERCEDES  A0004312213 MERCEDES  A 000 431 22 13 MERCEDES  S4710030200 KENWORTH  A71519M70A10 FRUEHAUF  Anh\u00e4nger-Bremsventil  Relay Emergency Valve  Valvola rele di emergenza<\/p>\n","protected":false},"excerpt":{"rendered":"<p><img decoding=\"async\" class=\"alignnone size-medium wp-image-17694\" src=\"https:\/\/sindicom.hr\/wp-content\/uploads\/2020\/05\/aftermarket-300x300.png\" alt=\"\" width=\"300\" height=\"300\" srcset=\"https:\/\/sindicom.hr\/wp-content\/uploads\/2020\/05\/aftermarket-64x64.png 64w, https:\/\/sindicom.hr\/wp-content\/uploads\/2020\/05\/aftermarket-66x66.png 66w, https:\/\/sindicom.hr\/wp-content\/uploads\/2020\/05\/aftermarket-100x100.png 100w, https:\/\/sindicom.hr\/wp-content\/uploads\/2020\/05\/aftermarket-150x150.png 150w, https:\/\/sindicom.hr\/wp-content\/uploads\/2020\/05\/aftermarket-200x200.png 200w, https:\/\/sindicom.hr\/wp-content\/uploads\/2020\/05\/aftermarket.png 300w\" sizes=\"(max-width: 300px) 100vw, 300px\" \/><\/p>\n","protected":false},"featured_media":44862,"template":"","meta":{"inline_featured_image":false},"product_brand":[],"product_cat":[15,126,110,203,140,109,107,225],"product_tag":[],"class_list":{"0":"post-44861","1":"product","2":"type-product","3":"status-publish","4":"has-post-thumbnail","6":"product_cat-all-products","7":"product_cat-daf","8":"product_cat-iveco-teretna-vozila","9":"product_cat-komatsu","10":"product_cat-radni-strojevi","11":"product_cat-scania-teretna-vozila","12":"product_cat-teretna-vozila","13":"product_cat-terex","15":"first","16":"instock","17":"shipping-taxable","18":"purchasable","19":"product-type-simple"},"yoast_head":"<!-- This site is optimized with the Yoast SEO plugin v26.2 - https:\/\/yoast.com\/wordpress\/plugins\/seo\/ -->\n<title>PRIKOLI\u010cNI VENTIL JEDNOPOLNE INSTALACIJE TRAKTORA WABCO ZAMJ. - Sindicom<\/title>\n<meta name=\"robots\" content=\"index, follow, max-snippet:-1, max-image-preview:large, max-video-preview:-1\" \/>\n<link rel=\"canonical\" href=\"https:\/\/sindicom.hr\/en\/katalog\/prikolicni-ventil-jednopolne-instalacije-traktora-wabco-zamj\/\" \/>\n<meta property=\"og:locale\" content=\"en_US\" \/>\n<meta property=\"og:type\" content=\"article\" \/>\n<meta property=\"og:title\" content=\"PRIKOLI\u010cNI VENTIL JEDNOPOLNE INSTALACIJE TRAKTORA WABCO ZAMJ. - Sindicom\" \/>\n<meta property=\"og:url\" content=\"https:\/\/sindicom.hr\/en\/katalog\/prikolicni-ventil-jednopolne-instalacije-traktora-wabco-zamj\/\" \/>\n<meta property=\"og:site_name\" content=\"Sindicom\" \/>\n<meta property=\"article:publisher\" content=\"https:\/\/www.facebook.com\/Sindicom-doo-170277286366043\/\" \/>\n<meta property=\"article:modified_time\" content=\"2025-10-27T12:15:53+00:00\" \/>\n<meta property=\"og:image\" content=\"https:\/\/sindicom.hr\/wp-content\/uploads\/2025\/03\/2226100.webp\" \/>\n\t<meta property=\"og:image:width\" content=\"600\" \/>\n\t<meta property=\"og:image:height\" content=\"600\" \/>\n\t<meta property=\"og:image:type\" content=\"image\/webp\" \/>\n<meta name=\"twitter:card\" content=\"summary_large_image\" \/>\n<meta name=\"twitter:label1\" content=\"Est. reading time\" \/>\n\t<meta name=\"twitter:data1\" content=\"1 minute\" \/>\n<script type=\"application\/ld+json\" class=\"yoast-schema-graph\">{\"@context\":\"https:\/\/schema.org\",\"@graph\":[{\"@type\":\"WebPage\",\"@id\":\"https:\/\/sindicom.hr\/en\/katalog\/prikolicni-ventil-jednopolne-instalacije-traktora-wabco-zamj\/\",\"url\":\"https:\/\/sindicom.hr\/en\/katalog\/prikolicni-ventil-jednopolne-instalacije-traktora-wabco-zamj\/\",\"name\":\"PRIKOLI\u010cNI VENTIL JEDNOPOLNE INSTALACIJE TRAKTORA WABCO ZAMJ. - Sindicom\",\"isPartOf\":{\"@id\":\"https:\/\/sindicom.hr\/en\/#website\"},\"primaryImageOfPage\":{\"@id\":\"https:\/\/sindicom.hr\/en\/katalog\/prikolicni-ventil-jednopolne-instalacije-traktora-wabco-zamj\/#primaryimage\"},\"image\":{\"@id\":\"https:\/\/sindicom.hr\/en\/katalog\/prikolicni-ventil-jednopolne-instalacije-traktora-wabco-zamj\/#primaryimage\"},\"thumbnailUrl\":\"https:\/\/sindicom.hr\/wp-content\/uploads\/2025\/03\/2226100.webp\",\"datePublished\":\"2025-03-11T08:14:14+00:00\",\"dateModified\":\"2025-10-27T12:15:53+00:00\",\"breadcrumb\":{\"@id\":\"https:\/\/sindicom.hr\/en\/katalog\/prikolicni-ventil-jednopolne-instalacije-traktora-wabco-zamj\/#breadcrumb\"},\"inLanguage\":\"en-US\",\"potentialAction\":[{\"@type\":\"ReadAction\",\"target\":[\"https:\/\/sindicom.hr\/en\/katalog\/prikolicni-ventil-jednopolne-instalacije-traktora-wabco-zamj\/\"]}]},{\"@type\":\"ImageObject\",\"inLanguage\":\"en-US\",\"@id\":\"https:\/\/sindicom.hr\/en\/katalog\/prikolicni-ventil-jednopolne-instalacije-traktora-wabco-zamj\/#primaryimage\",\"url\":\"https:\/\/sindicom.hr\/wp-content\/uploads\/2025\/03\/2226100.webp\",\"contentUrl\":\"https:\/\/sindicom.hr\/wp-content\/uploads\/2025\/03\/2226100.webp\",\"width\":600,\"height\":600},{\"@type\":\"BreadcrumbList\",\"@id\":\"https:\/\/sindicom.hr\/en\/katalog\/prikolicni-ventil-jednopolne-instalacije-traktora-wabco-zamj\/#breadcrumb\",\"itemListElement\":[{\"@type\":\"ListItem\",\"position\":1,\"name\":\"Po\u010detna stranica\",\"item\":\"https:\/\/sindicom.hr\/en\/\"},{\"@type\":\"ListItem\",\"position\":2,\"name\":\"Katalog dijelova\",\"item\":\"https:\/\/sindicom.hr\/en\/catalog\/\"},{\"@type\":\"ListItem\",\"position\":3,\"name\":\"PRIKOLI\u010cNI VENTIL JEDNOPOLNE INSTALACIJE TRAKTORA WABCO ZAMJ.\"}]},{\"@type\":\"WebSite\",\"@id\":\"https:\/\/sindicom.hr\/en\/#website\",\"url\":\"https:\/\/sindicom.hr\/en\/\",\"name\":\"SINDICOM\",\"description\":\"Trade and repair of pneumatic brakes, air and hydraulic systems for trucks and buses\",\"publisher\":{\"@id\":\"https:\/\/sindicom.hr\/en\/#organization\"},\"potentialAction\":[{\"@type\":\"SearchAction\",\"target\":{\"@type\":\"EntryPoint\",\"urlTemplate\":\"https:\/\/sindicom.hr\/en\/?s={search_term_string}\"},\"query-input\":{\"@type\":\"PropertyValueSpecification\",\"valueRequired\":true,\"valueName\":\"search_term_string\"}}],\"inLanguage\":\"en-US\"},{\"@type\":\"Organization\",\"@id\":\"https:\/\/sindicom.hr\/en\/#organization\",\"name\":\"SINDICOM d.o.o.\",\"url\":\"https:\/\/sindicom.hr\/en\/\",\"logo\":{\"@type\":\"ImageObject\",\"inLanguage\":\"en-US\",\"@id\":\"https:\/\/sindicom.hr\/en\/#\/schema\/logo\/image\/\",\"url\":\"https:\/\/sindicom.hr\/wp-content\/uploads\/2019\/11\/sindicom_logo_veliki1.jpg.png\",\"contentUrl\":\"https:\/\/sindicom.hr\/wp-content\/uploads\/2019\/11\/sindicom_logo_veliki1.jpg.png\",\"width\":732,\"height\":706,\"caption\":\"SINDICOM d.o.o.\"},\"image\":{\"@id\":\"https:\/\/sindicom.hr\/en\/#\/schema\/logo\/image\/\"},\"sameAs\":[\"https:\/\/www.facebook.com\/Sindicom-doo-170277286366043\/\",\"https:\/\/instagram.com\/sindicomdoo\"]}]}<\/script>\n<!-- \/ Yoast SEO plugin. -->","yoast_head_json":{"title":"PRIKOLI\u010cNI VENTIL JEDNOPOLNE INSTALACIJE TRAKTORA WABCO ZAMJ. - Sindicom","robots":{"index":"index","follow":"follow","max-snippet":"max-snippet:-1","max-image-preview":"max-image-preview:large","max-video-preview":"max-video-preview:-1"},"canonical":"https:\/\/sindicom.hr\/en\/katalog\/prikolicni-ventil-jednopolne-instalacije-traktora-wabco-zamj\/","og_locale":"en_US","og_type":"article","og_title":"PRIKOLI\u010cNI VENTIL JEDNOPOLNE INSTALACIJE TRAKTORA WABCO ZAMJ. - Sindicom","og_url":"https:\/\/sindicom.hr\/en\/katalog\/prikolicni-ventil-jednopolne-instalacije-traktora-wabco-zamj\/","og_site_name":"Sindicom","article_publisher":"https:\/\/www.facebook.com\/Sindicom-doo-170277286366043\/","article_modified_time":"2025-10-27T12:15:53+00:00","og_image":[{"width":600,"height":600,"url":"https:\/\/sindicom.hr\/wp-content\/uploads\/2025\/03\/2226100.webp","type":"image\/webp"}],"twitter_card":"summary_large_image","twitter_misc":{"Est. reading time":"1 minute"},"schema":{"@context":"https:\/\/schema.org","@graph":[{"@type":"WebPage","@id":"https:\/\/sindicom.hr\/en\/katalog\/prikolicni-ventil-jednopolne-instalacije-traktora-wabco-zamj\/","url":"https:\/\/sindicom.hr\/en\/katalog\/prikolicni-ventil-jednopolne-instalacije-traktora-wabco-zamj\/","name":"PRIKOLI\u010cNI VENTIL JEDNOPOLNE INSTALACIJE TRAKTORA WABCO ZAMJ. - Sindicom","isPartOf":{"@id":"https:\/\/sindicom.hr\/en\/#website"},"primaryImageOfPage":{"@id":"https:\/\/sindicom.hr\/en\/katalog\/prikolicni-ventil-jednopolne-instalacije-traktora-wabco-zamj\/#primaryimage"},"image":{"@id":"https:\/\/sindicom.hr\/en\/katalog\/prikolicni-ventil-jednopolne-instalacije-traktora-wabco-zamj\/#primaryimage"},"thumbnailUrl":"https:\/\/sindicom.hr\/wp-content\/uploads\/2025\/03\/2226100.webp","datePublished":"2025-03-11T08:14:14+00:00","dateModified":"2025-10-27T12:15:53+00:00","breadcrumb":{"@id":"https:\/\/sindicom.hr\/en\/katalog\/prikolicni-ventil-jednopolne-instalacije-traktora-wabco-zamj\/#breadcrumb"},"inLanguage":"en-US","potentialAction":[{"@type":"ReadAction","target":["https:\/\/sindicom.hr\/en\/katalog\/prikolicni-ventil-jednopolne-instalacije-traktora-wabco-zamj\/"]}]},{"@type":"ImageObject","inLanguage":"en-US","@id":"https:\/\/sindicom.hr\/en\/katalog\/prikolicni-ventil-jednopolne-instalacije-traktora-wabco-zamj\/#primaryimage","url":"https:\/\/sindicom.hr\/wp-content\/uploads\/2025\/03\/2226100.webp","contentUrl":"https:\/\/sindicom.hr\/wp-content\/uploads\/2025\/03\/2226100.webp","width":600,"height":600},{"@type":"BreadcrumbList","@id":"https:\/\/sindicom.hr\/en\/katalog\/prikolicni-ventil-jednopolne-instalacije-traktora-wabco-zamj\/#breadcrumb","itemListElement":[{"@type":"ListItem","position":1,"name":"Po\u010detna stranica","item":"https:\/\/sindicom.hr\/en\/"},{"@type":"ListItem","position":2,"name":"Katalog dijelova","item":"https:\/\/sindicom.hr\/en\/catalog\/"},{"@type":"ListItem","position":3,"name":"PRIKOLI\u010cNI VENTIL JEDNOPOLNE INSTALACIJE TRAKTORA WABCO ZAMJ."}]},{"@type":"WebSite","@id":"https:\/\/sindicom.hr\/en\/#website","url":"https:\/\/sindicom.hr\/en\/","name":"SINDICOM","description":"Trade and repair of pneumatic brakes, air and hydraulic systems for trucks and buses","publisher":{"@id":"https:\/\/sindicom.hr\/en\/#organization"},"potentialAction":[{"@type":"SearchAction","target":{"@type":"EntryPoint","urlTemplate":"https:\/\/sindicom.hr\/en\/?s={search_term_string}"},"query-input":{"@type":"PropertyValueSpecification","valueRequired":true,"valueName":"search_term_string"}}],"inLanguage":"en-US"},{"@type":"Organization","@id":"https:\/\/sindicom.hr\/en\/#organization","name":"SINDICOM d.o.o.","url":"https:\/\/sindicom.hr\/en\/","logo":{"@type":"ImageObject","inLanguage":"en-US","@id":"https:\/\/sindicom.hr\/en\/#\/schema\/logo\/image\/","url":"https:\/\/sindicom.hr\/wp-content\/uploads\/2019\/11\/sindicom_logo_veliki1.jpg.png","contentUrl":"https:\/\/sindicom.hr\/wp-content\/uploads\/2019\/11\/sindicom_logo_veliki1.jpg.png","width":732,"height":706,"caption":"SINDICOM d.o.o."},"image":{"@id":"https:\/\/sindicom.hr\/en\/#\/schema\/logo\/image\/"},"sameAs":["https:\/\/www.facebook.com\/Sindicom-doo-170277286366043\/","https:\/\/instagram.com\/sindicomdoo"]}]}},"_links":{"self":[{"href":"https:\/\/sindicom.hr\/en\/wp-json\/wp\/v2\/product\/44861","targetHints":{"allow":["GET"]}}],"collection":[{"href":"https:\/\/sindicom.hr\/en\/wp-json\/wp\/v2\/product"}],"about":[{"href":"https:\/\/sindicom.hr\/en\/wp-json\/wp\/v2\/types\/product"}],"wp:featuredmedia":[{"embeddable":true,"href":"https:\/\/sindicom.hr\/en\/wp-json\/wp\/v2\/media\/44862"}],"wp:attachment":[{"href":"https:\/\/sindicom.hr\/en\/wp-json\/wp\/v2\/media?parent=44861"}],"wp:term":[{"taxonomy":"product_brand","embeddable":true,"href":"https:\/\/sindicom.hr\/en\/wp-json\/wp\/v2\/product_brand?post=44861"},{"taxonomy":"product_cat","embeddable":true,"href":"https:\/\/sindicom.hr\/en\/wp-json\/wp\/v2\/product_cat?post=44861"},{"taxonomy":"product_tag","embeddable":true,"href":"https:\/\/sindicom.hr\/en\/wp-json\/wp\/v2\/product_tag?post=44861"}],"curies":[{"name":"wp","href":"https:\/\/api.w.org\/{rel}","templated":true}]}}