{"id":45172,"date":"2025-03-18T07:14:47","date_gmt":"2025-03-18T07:14:47","guid":{"rendered":"https:\/\/sindicom.hr\/?post_type=product&#038;p=45172"},"modified":"2025-10-27T12:15:54","modified_gmt":"2025-10-27T12:15:54","slug":"nosac-prikolice-s-postoljem-desni-650-430-mm-jost-oe","status":"publish","type":"product","link":"https:\/\/sindicom.hr\/en\/katalog\/nosac-prikolice-s-postoljem-desni-650-430-mm-jost-oe\/","title":{"rendered":"NOSA\u010c PRIKOLICE S POSTOLJEM DESNI CD1062 650\/430 mm JOST OE"},"content":{"rendered":"<p>CD1062700R JOST  CD 1062700R JOST  CD1062 JOST  CD 1062 JOST  240802 JOST  70488178 JOST  240802 70488178 JOST  CD1062700R J.O.S.T.  Height: 650 mm  Extended length: 430 mm  Hublast\/lifting cap. [t]: 10 t  Pruflast\/test load: 12 t  Installation page: right  Typ: M.o.d.u.l CD 1062  Installation plate: bottom  Base type: flat  Sattelauflieger-St\u00fctzen  Semi-trailer landing gear Modul  Carrello di atterraggio per semirimorchi  Trailer carrier with stand  Anh\u00e4ngertr\u00e4ger mit St\u00e4nder  Porta rimorchio con supporto<\/p>\n","protected":false},"excerpt":{"rendered":"<p><img decoding=\"async\" class=\"alignnone size-medium wp-image-40043\" src=\"https:\/\/sindicom.hr\/wp-content\/uploads\/2024\/10\/124212421242124212421242-300x167.png\" alt=\"\" width=\"300\" height=\"167\" srcset=\"https:\/\/sindicom.hr\/wp-content\/uploads\/2024\/10\/124212421242124212421242-64x36.png 64w, https:\/\/sindicom.hr\/wp-content\/uploads\/2024\/10\/124212421242124212421242-200x111.png 200w, https:\/\/sindicom.hr\/wp-content\/uploads\/2024\/10\/124212421242124212421242-300x167.png 300w, https:\/\/sindicom.hr\/wp-content\/uploads\/2024\/10\/124212421242124212421242-400x222.png 400w, https:\/\/sindicom.hr\/wp-content\/uploads\/2024\/10\/124212421242124212421242-500x278.png 500w, https:\/\/sindicom.hr\/wp-content\/uploads\/2024\/10\/124212421242124212421242-600x333.png 600w, https:\/\/sindicom.hr\/wp-content\/uploads\/2024\/10\/124212421242124212421242-700x389.png 700w, https:\/\/sindicom.hr\/wp-content\/uploads\/2024\/10\/124212421242124212421242-768x427.png 768w, https:\/\/sindicom.hr\/wp-content\/uploads\/2024\/10\/124212421242124212421242-800x444.png 800w, https:\/\/sindicom.hr\/wp-content\/uploads\/2024\/10\/124212421242124212421242.png 900w\" sizes=\"(max-width: 300px) 100vw, 300px\" \/><\/p>\n","protected":false},"featured_media":45173,"template":"","meta":{"inline_featured_image":false},"product_brand":[],"product_cat":[15,233,201,204,265,266,115,209,250,145,116,117,251,248,114,118,119,143],"product_tag":[],"class_list":{"0":"post-45172","1":"product","2":"type-product","3":"status-publish","4":"has-post-thumbnail","6":"product_cat-all-products","7":"product_cat-carpi","8":"product_cat-doll","9":"product_cat-faun","10":"product_cat-feber","11":"product_cat-feldbinder","12":"product_cat-fliegl","13":"product_cat-fruehauf","14":"product_cat-goldhofer","15":"product_cat-kassbohrer","16":"product_cat-kogel","17":"product_cat-krone","18":"product_cat-langendorf","19":"product_cat-menci","20":"product_cat-prikolice","21":"product_cat-schmitz","22":"product_cat-schwarzmuller","23":"product_cat-zorzi","25":"first","26":"instock","27":"shipping-taxable","28":"purchasable","29":"product-type-simple"},"yoast_head":"<!-- This site is optimized with the Yoast SEO plugin v26.2 - https:\/\/yoast.com\/wordpress\/plugins\/seo\/ -->\n<title>NOSA\u010c PRIKOLICE S POSTOLJEM DESNI CD1062 650\/430 mm JOST OE - Sindicom<\/title>\n<meta name=\"robots\" content=\"index, follow, max-snippet:-1, max-image-preview:large, max-video-preview:-1\" \/>\n<link rel=\"canonical\" href=\"https:\/\/sindicom.hr\/en\/katalog\/nosac-prikolice-s-postoljem-desni-650-430-mm-jost-oe\/\" \/>\n<meta property=\"og:locale\" content=\"en_US\" \/>\n<meta property=\"og:type\" content=\"article\" \/>\n<meta property=\"og:title\" content=\"NOSA\u010c PRIKOLICE S POSTOLJEM DESNI CD1062 650\/430 mm JOST OE - Sindicom\" \/>\n<meta property=\"og:url\" content=\"https:\/\/sindicom.hr\/en\/katalog\/nosac-prikolice-s-postoljem-desni-650-430-mm-jost-oe\/\" \/>\n<meta property=\"og:site_name\" content=\"Sindicom\" \/>\n<meta property=\"article:publisher\" content=\"https:\/\/www.facebook.com\/Sindicom-doo-170277286366043\/\" \/>\n<meta property=\"article:modified_time\" content=\"2025-10-27T12:15:54+00:00\" \/>\n<meta property=\"og:image\" content=\"https:\/\/sindicom.hr\/wp-content\/uploads\/2025\/03\/CD1062700R.webp\" \/>\n\t<meta property=\"og:image:width\" content=\"600\" \/>\n\t<meta property=\"og:image:height\" content=\"600\" \/>\n\t<meta property=\"og:image:type\" content=\"image\/webp\" \/>\n<meta name=\"twitter:card\" content=\"summary_large_image\" \/>\n<meta name=\"twitter:label1\" content=\"Est. reading time\" \/>\n\t<meta name=\"twitter:data1\" content=\"1 minute\" \/>\n<script type=\"application\/ld+json\" class=\"yoast-schema-graph\">{\"@context\":\"https:\/\/schema.org\",\"@graph\":[{\"@type\":\"WebPage\",\"@id\":\"https:\/\/sindicom.hr\/en\/katalog\/nosac-prikolice-s-postoljem-desni-650-430-mm-jost-oe\/\",\"url\":\"https:\/\/sindicom.hr\/en\/katalog\/nosac-prikolice-s-postoljem-desni-650-430-mm-jost-oe\/\",\"name\":\"NOSA\u010c PRIKOLICE S POSTOLJEM DESNI CD1062 650\/430 mm JOST OE - Sindicom\",\"isPartOf\":{\"@id\":\"https:\/\/sindicom.hr\/en\/#website\"},\"primaryImageOfPage\":{\"@id\":\"https:\/\/sindicom.hr\/en\/katalog\/nosac-prikolice-s-postoljem-desni-650-430-mm-jost-oe\/#primaryimage\"},\"image\":{\"@id\":\"https:\/\/sindicom.hr\/en\/katalog\/nosac-prikolice-s-postoljem-desni-650-430-mm-jost-oe\/#primaryimage\"},\"thumbnailUrl\":\"https:\/\/sindicom.hr\/wp-content\/uploads\/2025\/03\/CD1062700R.webp\",\"datePublished\":\"2025-03-18T07:14:47+00:00\",\"dateModified\":\"2025-10-27T12:15:54+00:00\",\"breadcrumb\":{\"@id\":\"https:\/\/sindicom.hr\/en\/katalog\/nosac-prikolice-s-postoljem-desni-650-430-mm-jost-oe\/#breadcrumb\"},\"inLanguage\":\"en-US\",\"potentialAction\":[{\"@type\":\"ReadAction\",\"target\":[\"https:\/\/sindicom.hr\/en\/katalog\/nosac-prikolice-s-postoljem-desni-650-430-mm-jost-oe\/\"]}]},{\"@type\":\"ImageObject\",\"inLanguage\":\"en-US\",\"@id\":\"https:\/\/sindicom.hr\/en\/katalog\/nosac-prikolice-s-postoljem-desni-650-430-mm-jost-oe\/#primaryimage\",\"url\":\"https:\/\/sindicom.hr\/wp-content\/uploads\/2025\/03\/CD1062700R.webp\",\"contentUrl\":\"https:\/\/sindicom.hr\/wp-content\/uploads\/2025\/03\/CD1062700R.webp\",\"width\":600,\"height\":600},{\"@type\":\"BreadcrumbList\",\"@id\":\"https:\/\/sindicom.hr\/en\/katalog\/nosac-prikolice-s-postoljem-desni-650-430-mm-jost-oe\/#breadcrumb\",\"itemListElement\":[{\"@type\":\"ListItem\",\"position\":1,\"name\":\"Po\u010detna stranica\",\"item\":\"https:\/\/sindicom.hr\/en\/\"},{\"@type\":\"ListItem\",\"position\":2,\"name\":\"Katalog dijelova\",\"item\":\"https:\/\/sindicom.hr\/en\/catalog\/\"},{\"@type\":\"ListItem\",\"position\":3,\"name\":\"NOSA\u010c PRIKOLICE S POSTOLJEM DESNI CD1062 650\/430 mm JOST OE\"}]},{\"@type\":\"WebSite\",\"@id\":\"https:\/\/sindicom.hr\/en\/#website\",\"url\":\"https:\/\/sindicom.hr\/en\/\",\"name\":\"SINDICOM\",\"description\":\"Trade and repair of pneumatic brakes, air and hydraulic systems for trucks and buses\",\"publisher\":{\"@id\":\"https:\/\/sindicom.hr\/en\/#organization\"},\"potentialAction\":[{\"@type\":\"SearchAction\",\"target\":{\"@type\":\"EntryPoint\",\"urlTemplate\":\"https:\/\/sindicom.hr\/en\/?s={search_term_string}\"},\"query-input\":{\"@type\":\"PropertyValueSpecification\",\"valueRequired\":true,\"valueName\":\"search_term_string\"}}],\"inLanguage\":\"en-US\"},{\"@type\":\"Organization\",\"@id\":\"https:\/\/sindicom.hr\/en\/#organization\",\"name\":\"SINDICOM d.o.o.\",\"url\":\"https:\/\/sindicom.hr\/en\/\",\"logo\":{\"@type\":\"ImageObject\",\"inLanguage\":\"en-US\",\"@id\":\"https:\/\/sindicom.hr\/en\/#\/schema\/logo\/image\/\",\"url\":\"https:\/\/sindicom.hr\/wp-content\/uploads\/2019\/11\/sindicom_logo_veliki1.jpg.png\",\"contentUrl\":\"https:\/\/sindicom.hr\/wp-content\/uploads\/2019\/11\/sindicom_logo_veliki1.jpg.png\",\"width\":732,\"height\":706,\"caption\":\"SINDICOM d.o.o.\"},\"image\":{\"@id\":\"https:\/\/sindicom.hr\/en\/#\/schema\/logo\/image\/\"},\"sameAs\":[\"https:\/\/www.facebook.com\/Sindicom-doo-170277286366043\/\",\"https:\/\/instagram.com\/sindicomdoo\"]}]}<\/script>\n<!-- \/ Yoast SEO plugin. -->","yoast_head_json":{"title":"NOSA\u010c PRIKOLICE S POSTOLJEM DESNI CD1062 650\/430 mm JOST OE - Sindicom","robots":{"index":"index","follow":"follow","max-snippet":"max-snippet:-1","max-image-preview":"max-image-preview:large","max-video-preview":"max-video-preview:-1"},"canonical":"https:\/\/sindicom.hr\/en\/katalog\/nosac-prikolice-s-postoljem-desni-650-430-mm-jost-oe\/","og_locale":"en_US","og_type":"article","og_title":"NOSA\u010c PRIKOLICE S POSTOLJEM DESNI CD1062 650\/430 mm JOST OE - Sindicom","og_url":"https:\/\/sindicom.hr\/en\/katalog\/nosac-prikolice-s-postoljem-desni-650-430-mm-jost-oe\/","og_site_name":"Sindicom","article_publisher":"https:\/\/www.facebook.com\/Sindicom-doo-170277286366043\/","article_modified_time":"2025-10-27T12:15:54+00:00","og_image":[{"width":600,"height":600,"url":"https:\/\/sindicom.hr\/wp-content\/uploads\/2025\/03\/CD1062700R.webp","type":"image\/webp"}],"twitter_card":"summary_large_image","twitter_misc":{"Est. reading time":"1 minute"},"schema":{"@context":"https:\/\/schema.org","@graph":[{"@type":"WebPage","@id":"https:\/\/sindicom.hr\/en\/katalog\/nosac-prikolice-s-postoljem-desni-650-430-mm-jost-oe\/","url":"https:\/\/sindicom.hr\/en\/katalog\/nosac-prikolice-s-postoljem-desni-650-430-mm-jost-oe\/","name":"NOSA\u010c PRIKOLICE S POSTOLJEM DESNI CD1062 650\/430 mm JOST OE - Sindicom","isPartOf":{"@id":"https:\/\/sindicom.hr\/en\/#website"},"primaryImageOfPage":{"@id":"https:\/\/sindicom.hr\/en\/katalog\/nosac-prikolice-s-postoljem-desni-650-430-mm-jost-oe\/#primaryimage"},"image":{"@id":"https:\/\/sindicom.hr\/en\/katalog\/nosac-prikolice-s-postoljem-desni-650-430-mm-jost-oe\/#primaryimage"},"thumbnailUrl":"https:\/\/sindicom.hr\/wp-content\/uploads\/2025\/03\/CD1062700R.webp","datePublished":"2025-03-18T07:14:47+00:00","dateModified":"2025-10-27T12:15:54+00:00","breadcrumb":{"@id":"https:\/\/sindicom.hr\/en\/katalog\/nosac-prikolice-s-postoljem-desni-650-430-mm-jost-oe\/#breadcrumb"},"inLanguage":"en-US","potentialAction":[{"@type":"ReadAction","target":["https:\/\/sindicom.hr\/en\/katalog\/nosac-prikolice-s-postoljem-desni-650-430-mm-jost-oe\/"]}]},{"@type":"ImageObject","inLanguage":"en-US","@id":"https:\/\/sindicom.hr\/en\/katalog\/nosac-prikolice-s-postoljem-desni-650-430-mm-jost-oe\/#primaryimage","url":"https:\/\/sindicom.hr\/wp-content\/uploads\/2025\/03\/CD1062700R.webp","contentUrl":"https:\/\/sindicom.hr\/wp-content\/uploads\/2025\/03\/CD1062700R.webp","width":600,"height":600},{"@type":"BreadcrumbList","@id":"https:\/\/sindicom.hr\/en\/katalog\/nosac-prikolice-s-postoljem-desni-650-430-mm-jost-oe\/#breadcrumb","itemListElement":[{"@type":"ListItem","position":1,"name":"Po\u010detna stranica","item":"https:\/\/sindicom.hr\/en\/"},{"@type":"ListItem","position":2,"name":"Katalog dijelova","item":"https:\/\/sindicom.hr\/en\/catalog\/"},{"@type":"ListItem","position":3,"name":"NOSA\u010c PRIKOLICE S POSTOLJEM DESNI CD1062 650\/430 mm JOST OE"}]},{"@type":"WebSite","@id":"https:\/\/sindicom.hr\/en\/#website","url":"https:\/\/sindicom.hr\/en\/","name":"SINDICOM","description":"Trade and repair of pneumatic brakes, air and hydraulic systems for trucks and buses","publisher":{"@id":"https:\/\/sindicom.hr\/en\/#organization"},"potentialAction":[{"@type":"SearchAction","target":{"@type":"EntryPoint","urlTemplate":"https:\/\/sindicom.hr\/en\/?s={search_term_string}"},"query-input":{"@type":"PropertyValueSpecification","valueRequired":true,"valueName":"search_term_string"}}],"inLanguage":"en-US"},{"@type":"Organization","@id":"https:\/\/sindicom.hr\/en\/#organization","name":"SINDICOM d.o.o.","url":"https:\/\/sindicom.hr\/en\/","logo":{"@type":"ImageObject","inLanguage":"en-US","@id":"https:\/\/sindicom.hr\/en\/#\/schema\/logo\/image\/","url":"https:\/\/sindicom.hr\/wp-content\/uploads\/2019\/11\/sindicom_logo_veliki1.jpg.png","contentUrl":"https:\/\/sindicom.hr\/wp-content\/uploads\/2019\/11\/sindicom_logo_veliki1.jpg.png","width":732,"height":706,"caption":"SINDICOM d.o.o."},"image":{"@id":"https:\/\/sindicom.hr\/en\/#\/schema\/logo\/image\/"},"sameAs":["https:\/\/www.facebook.com\/Sindicom-doo-170277286366043\/","https:\/\/instagram.com\/sindicomdoo"]}]}},"_links":{"self":[{"href":"https:\/\/sindicom.hr\/en\/wp-json\/wp\/v2\/product\/45172","targetHints":{"allow":["GET"]}}],"collection":[{"href":"https:\/\/sindicom.hr\/en\/wp-json\/wp\/v2\/product"}],"about":[{"href":"https:\/\/sindicom.hr\/en\/wp-json\/wp\/v2\/types\/product"}],"wp:featuredmedia":[{"embeddable":true,"href":"https:\/\/sindicom.hr\/en\/wp-json\/wp\/v2\/media\/45173"}],"wp:attachment":[{"href":"https:\/\/sindicom.hr\/en\/wp-json\/wp\/v2\/media?parent=45172"}],"wp:term":[{"taxonomy":"product_brand","embeddable":true,"href":"https:\/\/sindicom.hr\/en\/wp-json\/wp\/v2\/product_brand?post=45172"},{"taxonomy":"product_cat","embeddable":true,"href":"https:\/\/sindicom.hr\/en\/wp-json\/wp\/v2\/product_cat?post=45172"},{"taxonomy":"product_tag","embeddable":true,"href":"https:\/\/sindicom.hr\/en\/wp-json\/wp\/v2\/product_tag?post=45172"}],"curies":[{"name":"wp","href":"https:\/\/api.w.org\/{rel}","templated":true}]}}