{"id":45548,"date":"2025-03-27T14:14:49","date_gmt":"2025-03-27T14:14:49","guid":{"rendered":"https:\/\/sindicom.hr\/?post_type=product&#038;p=45548"},"modified":"2025-10-27T12:15:56","modified_gmt":"2025-10-27T12:15:56","slug":"ventil-rucne-kocnice-man-provia","status":"publish","type":"product","link":"https:\/\/sindicom.hr\/en\/katalog\/ventil-rucne-kocnice-man-provia\/","title":{"rendered":"VENTIL RU\u010cNE KO\u010cNICE MAN PROVIA OE"},"content":{"rendered":"<p>PRO6450030 PROVIA  9617231180 WABCO  9617230190+\u010cEP WABCO  DPM92BK+\u010cEP KNORR  9617231120 WABCO  9617231240 WABCO  9617231187 WABCO  9617231247 WABCO  9617230370 WABCO  9617230377 WABCO  9617231360 WABCO  DPM90C KNORR  DPM90B KNORR  DPM92B KNORR  DPM90CN KNORR  DPM90BK KNORR  DPM92BK KNORR  DPM90CK KNORR  DPM90CKN KNORR  DPM90BKN KNORR  K153289 KNORR  K153289N00 KNORR  K153289N50 KNORR  K153293N50 KNORR  1518237 DAF  81523156208 MAN  81523156185 MAN  81523156171 MAN  81523156156 MAN  81523156171 MAN  81523156173 MAN  81523156181 MAN  81523159156 MAN  81523156150 MAN  81523156153 MAN  81523156169 MAN  81523156185 MAN  81523156186 MAN  81523156188 MAN  81523156149 MAN  81523156189 MAN  81523156210 MAN  81523156188 MAN  81523156189 NEOPLAN  81.52315-6208 MAN  81.52315-6185 MAN  81.52315-6171 MAN  81.52315-6156 MAN  81.52315-6171 MAN  81.52315-6173 MAN  81.52315-6181 MAN  81.52315-9156 MAN  81.52315-6150 MAN  81.52315-6153 MAN  81.52315-6169 MAN  81.52315-6185 MAN  81.52315-6186 MAN  81.52315-6188 MAN  81.52315-6149 MAN  81.52315-6189 MAN  81.52315-6210 MAN  81.52315-6188 MAN TGL  81.52315-6189 NEOPLAN  81523156156 NEOPLAN  81.52315-6156 NEOPLAN  7422593349 RENAULT  7422593349 RENAULT  78568 AUGER  2224535 COJALI  PRO6450030 PROVIA  Hand brake valve  Handbremsventil  Valvola freno a mano  Parking brake valve  V\u00e1lvula de freno de mano  MAN E2000. F2000. L2000. M 2000 L. M 2000 M. TGA. TGL I. TGM I. TGS I. TGX I<\/p>\n","protected":false},"excerpt":{"rendered":"<p><img decoding=\"async\" class=\"alignnone size-medium wp-image-17712\" src=\"https:\/\/sindicom.hr\/wp-content\/uploads\/2020\/05\/provia-300x300.png\" alt=\"\" width=\"300\" height=\"300\" srcset=\"https:\/\/sindicom.hr\/wp-content\/uploads\/2020\/05\/provia-64x64.png 64w, https:\/\/sindicom.hr\/wp-content\/uploads\/2020\/05\/provia-66x66.png 66w, https:\/\/sindicom.hr\/wp-content\/uploads\/2020\/05\/provia-100x100.png 100w, https:\/\/sindicom.hr\/wp-content\/uploads\/2020\/05\/provia-150x150.png 150w, https:\/\/sindicom.hr\/wp-content\/uploads\/2020\/05\/provia-200x200.png 200w, https:\/\/sindicom.hr\/wp-content\/uploads\/2020\/05\/provia.png 300w\" sizes=\"(max-width: 300px) 100vw, 300px\" \/><\/p>\n","protected":false},"featured_media":45550,"template":"","meta":{"inline_featured_image":false},"product_brand":[],"product_cat":[96,108,104,112,107,70],"product_tag":[],"class_list":{"0":"post-45548","1":"product","2":"type-product","3":"status-publish","4":"has-post-thumbnail","6":"product_cat-busevi","7":"product_cat-man-teretna-vozila","8":"product_cat-neoplan","9":"product_cat-renault","10":"product_cat-teretna-vozila","11":"product_cat-ventili-rucne-kocnice","13":"first","14":"instock","15":"shipping-taxable","16":"purchasable","17":"product-type-simple"},"yoast_head":"<!-- This site is optimized with the Yoast SEO plugin v26.2 - https:\/\/yoast.com\/wordpress\/plugins\/seo\/ -->\n<title>VENTIL RU\u010cNE KO\u010cNICE MAN PROVIA OE - Sindicom<\/title>\n<meta name=\"robots\" content=\"index, follow, max-snippet:-1, max-image-preview:large, max-video-preview:-1\" \/>\n<link rel=\"canonical\" href=\"https:\/\/sindicom.hr\/en\/katalog\/ventil-rucne-kocnice-man-provia\/\" \/>\n<meta property=\"og:locale\" content=\"en_US\" \/>\n<meta property=\"og:type\" content=\"article\" \/>\n<meta property=\"og:title\" content=\"VENTIL RU\u010cNE KO\u010cNICE MAN PROVIA OE - Sindicom\" \/>\n<meta property=\"og:url\" content=\"https:\/\/sindicom.hr\/en\/katalog\/ventil-rucne-kocnice-man-provia\/\" \/>\n<meta property=\"og:site_name\" content=\"Sindicom\" \/>\n<meta property=\"article:publisher\" content=\"https:\/\/www.facebook.com\/Sindicom-doo-170277286366043\/\" \/>\n<meta property=\"article:modified_time\" content=\"2025-10-27T12:15:56+00:00\" \/>\n<meta property=\"og:image\" content=\"https:\/\/sindicom.hr\/wp-content\/uploads\/2025\/03\/PRO6450030.webp\" \/>\n\t<meta property=\"og:image:width\" content=\"600\" \/>\n\t<meta property=\"og:image:height\" content=\"600\" \/>\n\t<meta property=\"og:image:type\" content=\"image\/webp\" \/>\n<meta name=\"twitter:card\" content=\"summary_large_image\" \/>\n<meta name=\"twitter:label1\" content=\"Est. reading time\" \/>\n\t<meta name=\"twitter:data1\" content=\"1 minute\" \/>\n<script type=\"application\/ld+json\" class=\"yoast-schema-graph\">{\"@context\":\"https:\/\/schema.org\",\"@graph\":[{\"@type\":\"WebPage\",\"@id\":\"https:\/\/sindicom.hr\/en\/katalog\/ventil-rucne-kocnice-man-provia\/\",\"url\":\"https:\/\/sindicom.hr\/en\/katalog\/ventil-rucne-kocnice-man-provia\/\",\"name\":\"VENTIL RU\u010cNE KO\u010cNICE MAN PROVIA OE - Sindicom\",\"isPartOf\":{\"@id\":\"https:\/\/sindicom.hr\/en\/#website\"},\"primaryImageOfPage\":{\"@id\":\"https:\/\/sindicom.hr\/en\/katalog\/ventil-rucne-kocnice-man-provia\/#primaryimage\"},\"image\":{\"@id\":\"https:\/\/sindicom.hr\/en\/katalog\/ventil-rucne-kocnice-man-provia\/#primaryimage\"},\"thumbnailUrl\":\"https:\/\/sindicom.hr\/wp-content\/uploads\/2025\/03\/PRO6450030.webp\",\"datePublished\":\"2025-03-27T14:14:49+00:00\",\"dateModified\":\"2025-10-27T12:15:56+00:00\",\"breadcrumb\":{\"@id\":\"https:\/\/sindicom.hr\/en\/katalog\/ventil-rucne-kocnice-man-provia\/#breadcrumb\"},\"inLanguage\":\"en-US\",\"potentialAction\":[{\"@type\":\"ReadAction\",\"target\":[\"https:\/\/sindicom.hr\/en\/katalog\/ventil-rucne-kocnice-man-provia\/\"]}]},{\"@type\":\"ImageObject\",\"inLanguage\":\"en-US\",\"@id\":\"https:\/\/sindicom.hr\/en\/katalog\/ventil-rucne-kocnice-man-provia\/#primaryimage\",\"url\":\"https:\/\/sindicom.hr\/wp-content\/uploads\/2025\/03\/PRO6450030.webp\",\"contentUrl\":\"https:\/\/sindicom.hr\/wp-content\/uploads\/2025\/03\/PRO6450030.webp\",\"width\":600,\"height\":600},{\"@type\":\"BreadcrumbList\",\"@id\":\"https:\/\/sindicom.hr\/en\/katalog\/ventil-rucne-kocnice-man-provia\/#breadcrumb\",\"itemListElement\":[{\"@type\":\"ListItem\",\"position\":1,\"name\":\"Po\u010detna stranica\",\"item\":\"https:\/\/sindicom.hr\/en\/\"},{\"@type\":\"ListItem\",\"position\":2,\"name\":\"Katalog dijelova\",\"item\":\"https:\/\/sindicom.hr\/en\/catalog\/\"},{\"@type\":\"ListItem\",\"position\":3,\"name\":\"VENTIL RU\u010cNE KO\u010cNICE MAN PROVIA OE\"}]},{\"@type\":\"WebSite\",\"@id\":\"https:\/\/sindicom.hr\/en\/#website\",\"url\":\"https:\/\/sindicom.hr\/en\/\",\"name\":\"SINDICOM\",\"description\":\"Trade and repair of pneumatic brakes, air and hydraulic systems for trucks and buses\",\"publisher\":{\"@id\":\"https:\/\/sindicom.hr\/en\/#organization\"},\"potentialAction\":[{\"@type\":\"SearchAction\",\"target\":{\"@type\":\"EntryPoint\",\"urlTemplate\":\"https:\/\/sindicom.hr\/en\/?s={search_term_string}\"},\"query-input\":{\"@type\":\"PropertyValueSpecification\",\"valueRequired\":true,\"valueName\":\"search_term_string\"}}],\"inLanguage\":\"en-US\"},{\"@type\":\"Organization\",\"@id\":\"https:\/\/sindicom.hr\/en\/#organization\",\"name\":\"SINDICOM d.o.o.\",\"url\":\"https:\/\/sindicom.hr\/en\/\",\"logo\":{\"@type\":\"ImageObject\",\"inLanguage\":\"en-US\",\"@id\":\"https:\/\/sindicom.hr\/en\/#\/schema\/logo\/image\/\",\"url\":\"https:\/\/sindicom.hr\/wp-content\/uploads\/2019\/11\/sindicom_logo_veliki1.jpg.png\",\"contentUrl\":\"https:\/\/sindicom.hr\/wp-content\/uploads\/2019\/11\/sindicom_logo_veliki1.jpg.png\",\"width\":732,\"height\":706,\"caption\":\"SINDICOM d.o.o.\"},\"image\":{\"@id\":\"https:\/\/sindicom.hr\/en\/#\/schema\/logo\/image\/\"},\"sameAs\":[\"https:\/\/www.facebook.com\/Sindicom-doo-170277286366043\/\",\"https:\/\/instagram.com\/sindicomdoo\"]}]}<\/script>\n<!-- \/ Yoast SEO plugin. -->","yoast_head_json":{"title":"VENTIL RU\u010cNE KO\u010cNICE MAN PROVIA OE - Sindicom","robots":{"index":"index","follow":"follow","max-snippet":"max-snippet:-1","max-image-preview":"max-image-preview:large","max-video-preview":"max-video-preview:-1"},"canonical":"https:\/\/sindicom.hr\/en\/katalog\/ventil-rucne-kocnice-man-provia\/","og_locale":"en_US","og_type":"article","og_title":"VENTIL RU\u010cNE KO\u010cNICE MAN PROVIA OE - Sindicom","og_url":"https:\/\/sindicom.hr\/en\/katalog\/ventil-rucne-kocnice-man-provia\/","og_site_name":"Sindicom","article_publisher":"https:\/\/www.facebook.com\/Sindicom-doo-170277286366043\/","article_modified_time":"2025-10-27T12:15:56+00:00","og_image":[{"width":600,"height":600,"url":"https:\/\/sindicom.hr\/wp-content\/uploads\/2025\/03\/PRO6450030.webp","type":"image\/webp"}],"twitter_card":"summary_large_image","twitter_misc":{"Est. reading time":"1 minute"},"schema":{"@context":"https:\/\/schema.org","@graph":[{"@type":"WebPage","@id":"https:\/\/sindicom.hr\/en\/katalog\/ventil-rucne-kocnice-man-provia\/","url":"https:\/\/sindicom.hr\/en\/katalog\/ventil-rucne-kocnice-man-provia\/","name":"VENTIL RU\u010cNE KO\u010cNICE MAN PROVIA OE - Sindicom","isPartOf":{"@id":"https:\/\/sindicom.hr\/en\/#website"},"primaryImageOfPage":{"@id":"https:\/\/sindicom.hr\/en\/katalog\/ventil-rucne-kocnice-man-provia\/#primaryimage"},"image":{"@id":"https:\/\/sindicom.hr\/en\/katalog\/ventil-rucne-kocnice-man-provia\/#primaryimage"},"thumbnailUrl":"https:\/\/sindicom.hr\/wp-content\/uploads\/2025\/03\/PRO6450030.webp","datePublished":"2025-03-27T14:14:49+00:00","dateModified":"2025-10-27T12:15:56+00:00","breadcrumb":{"@id":"https:\/\/sindicom.hr\/en\/katalog\/ventil-rucne-kocnice-man-provia\/#breadcrumb"},"inLanguage":"en-US","potentialAction":[{"@type":"ReadAction","target":["https:\/\/sindicom.hr\/en\/katalog\/ventil-rucne-kocnice-man-provia\/"]}]},{"@type":"ImageObject","inLanguage":"en-US","@id":"https:\/\/sindicom.hr\/en\/katalog\/ventil-rucne-kocnice-man-provia\/#primaryimage","url":"https:\/\/sindicom.hr\/wp-content\/uploads\/2025\/03\/PRO6450030.webp","contentUrl":"https:\/\/sindicom.hr\/wp-content\/uploads\/2025\/03\/PRO6450030.webp","width":600,"height":600},{"@type":"BreadcrumbList","@id":"https:\/\/sindicom.hr\/en\/katalog\/ventil-rucne-kocnice-man-provia\/#breadcrumb","itemListElement":[{"@type":"ListItem","position":1,"name":"Po\u010detna stranica","item":"https:\/\/sindicom.hr\/en\/"},{"@type":"ListItem","position":2,"name":"Katalog dijelova","item":"https:\/\/sindicom.hr\/en\/catalog\/"},{"@type":"ListItem","position":3,"name":"VENTIL RU\u010cNE KO\u010cNICE MAN PROVIA OE"}]},{"@type":"WebSite","@id":"https:\/\/sindicom.hr\/en\/#website","url":"https:\/\/sindicom.hr\/en\/","name":"SINDICOM","description":"Trade and repair of pneumatic brakes, air and hydraulic systems for trucks and buses","publisher":{"@id":"https:\/\/sindicom.hr\/en\/#organization"},"potentialAction":[{"@type":"SearchAction","target":{"@type":"EntryPoint","urlTemplate":"https:\/\/sindicom.hr\/en\/?s={search_term_string}"},"query-input":{"@type":"PropertyValueSpecification","valueRequired":true,"valueName":"search_term_string"}}],"inLanguage":"en-US"},{"@type":"Organization","@id":"https:\/\/sindicom.hr\/en\/#organization","name":"SINDICOM d.o.o.","url":"https:\/\/sindicom.hr\/en\/","logo":{"@type":"ImageObject","inLanguage":"en-US","@id":"https:\/\/sindicom.hr\/en\/#\/schema\/logo\/image\/","url":"https:\/\/sindicom.hr\/wp-content\/uploads\/2019\/11\/sindicom_logo_veliki1.jpg.png","contentUrl":"https:\/\/sindicom.hr\/wp-content\/uploads\/2019\/11\/sindicom_logo_veliki1.jpg.png","width":732,"height":706,"caption":"SINDICOM d.o.o."},"image":{"@id":"https:\/\/sindicom.hr\/en\/#\/schema\/logo\/image\/"},"sameAs":["https:\/\/www.facebook.com\/Sindicom-doo-170277286366043\/","https:\/\/instagram.com\/sindicomdoo"]}]}},"_links":{"self":[{"href":"https:\/\/sindicom.hr\/en\/wp-json\/wp\/v2\/product\/45548","targetHints":{"allow":["GET"]}}],"collection":[{"href":"https:\/\/sindicom.hr\/en\/wp-json\/wp\/v2\/product"}],"about":[{"href":"https:\/\/sindicom.hr\/en\/wp-json\/wp\/v2\/types\/product"}],"wp:featuredmedia":[{"embeddable":true,"href":"https:\/\/sindicom.hr\/en\/wp-json\/wp\/v2\/media\/45550"}],"wp:attachment":[{"href":"https:\/\/sindicom.hr\/en\/wp-json\/wp\/v2\/media?parent=45548"}],"wp:term":[{"taxonomy":"product_brand","embeddable":true,"href":"https:\/\/sindicom.hr\/en\/wp-json\/wp\/v2\/product_brand?post=45548"},{"taxonomy":"product_cat","embeddable":true,"href":"https:\/\/sindicom.hr\/en\/wp-json\/wp\/v2\/product_cat?post=45548"},{"taxonomy":"product_tag","embeddable":true,"href":"https:\/\/sindicom.hr\/en\/wp-json\/wp\/v2\/product_tag?post=45548"}],"curies":[{"name":"wp","href":"https:\/\/api.w.org\/{rel}","templated":true}]}}