{"id":45677,"date":"2025-03-31T12:54:31","date_gmt":"2025-03-31T12:54:31","guid":{"rendered":"https:\/\/sindicom.hr\/?post_type=product&#038;p=45677"},"modified":"2025-10-27T12:15:57","modified_gmt":"2025-10-27T12:15:57","slug":"tipka-ventil-otvaranja-vratiju-emergency-cobus-masats-oe","status":"publish","type":"product","link":"https:\/\/sindicom.hr\/en\/katalog\/tipka-ventil-otvaranja-vratiju-emergency-cobus-masats-oe\/","title":{"rendered":"TIPKA VENTIL OTVARANJA VRATIJU (EMERGENCY BUTTON) COBUS MASATS OE"},"content":{"rendered":"<p>22013MAP MASATS  22013 MAP MASATS  22013MAP COBUS MASATS  2700722 MASATS  22306B00 SPOJNICA MASATS  22306B00 COUPLING MASATS  22306B00 SAFETY VALVE MASATS  22306B00 SIGURNOSNI VENTIL MASATS  Safety door opening valve button Cobus  Cobus Sicherheits-T\u00fcr\u00f6ffnungsventilknopf  Bouton d&#8217;ouverture de porte de s\u00e9curit\u00e9 Cobus  Pulsante valvola apertura porta di sicurezza Cobus  Przycisk zaworu otwieraj\u0105cego drzwi bezpiecze\u0144stwa Cobus<\/p>\n","protected":false},"excerpt":{"rendered":"<p><img decoding=\"async\" class=\"alignnone size-medium wp-image-20867\" src=\"https:\/\/sindicom.hr\/wp-content\/uploads\/2020\/05\/Masats-300x300.png\" alt=\"\" width=\"300\" height=\"300\" srcset=\"https:\/\/sindicom.hr\/wp-content\/uploads\/2020\/05\/Masats-64x64.png 64w, https:\/\/sindicom.hr\/wp-content\/uploads\/2020\/05\/Masats-66x66.png 66w, https:\/\/sindicom.hr\/wp-content\/uploads\/2020\/05\/Masats-100x100.png 100w, https:\/\/sindicom.hr\/wp-content\/uploads\/2020\/05\/Masats-150x150.png 150w, https:\/\/sindicom.hr\/wp-content\/uploads\/2020\/05\/Masats-200x200.png 200w, https:\/\/sindicom.hr\/wp-content\/uploads\/2020\/05\/Masats.png 300w\" sizes=\"(max-width: 300px) 100vw, 300px\" \/><\/p>\n","protected":false},"featured_media":45679,"template":"","meta":{"inline_featured_image":false},"product_brand":[],"product_cat":[15,96,276,186,183],"product_tag":[],"class_list":{"0":"post-45677","1":"product","2":"type-product","3":"status-publish","4":"has-post-thumbnail","6":"product_cat-all-products","7":"product_cat-busevi","8":"product_cat-cobus","9":"product_cat-ventili-vrata","10":"product_cat-zracni-ventili","12":"first","13":"instock","14":"shipping-taxable","15":"purchasable","16":"product-type-simple"},"yoast_head":"<!-- This site is optimized with the Yoast SEO plugin v26.2 - https:\/\/yoast.com\/wordpress\/plugins\/seo\/ -->\n<title>TIPKA VENTIL OTVARANJA VRATIJU (EMERGENCY BUTTON) COBUS MASATS OE - Sindicom<\/title>\n<meta name=\"robots\" content=\"index, follow, max-snippet:-1, max-image-preview:large, max-video-preview:-1\" \/>\n<link rel=\"canonical\" href=\"https:\/\/sindicom.hr\/en\/katalog\/tipka-ventil-otvaranja-vratiju-emergency-cobus-masats-oe\/\" \/>\n<meta property=\"og:locale\" content=\"en_US\" \/>\n<meta property=\"og:type\" content=\"article\" \/>\n<meta property=\"og:title\" content=\"TIPKA VENTIL OTVARANJA VRATIJU (EMERGENCY BUTTON) COBUS MASATS OE - Sindicom\" \/>\n<meta property=\"og:url\" content=\"https:\/\/sindicom.hr\/en\/katalog\/tipka-ventil-otvaranja-vratiju-emergency-cobus-masats-oe\/\" \/>\n<meta property=\"og:site_name\" content=\"Sindicom\" \/>\n<meta property=\"article:publisher\" content=\"https:\/\/www.facebook.com\/Sindicom-doo-170277286366043\/\" \/>\n<meta property=\"article:modified_time\" content=\"2025-10-27T12:15:57+00:00\" \/>\n<meta property=\"og:image\" content=\"https:\/\/sindicom.hr\/wp-content\/uploads\/2025\/03\/22013MAP.webp\" \/>\n\t<meta property=\"og:image:width\" content=\"600\" \/>\n\t<meta property=\"og:image:height\" content=\"600\" \/>\n\t<meta property=\"og:image:type\" content=\"image\/webp\" \/>\n<meta name=\"twitter:card\" content=\"summary_large_image\" \/>\n<meta name=\"twitter:label1\" content=\"Est. reading time\" \/>\n\t<meta name=\"twitter:data1\" content=\"1 minute\" \/>\n<script type=\"application\/ld+json\" class=\"yoast-schema-graph\">{\"@context\":\"https:\/\/schema.org\",\"@graph\":[{\"@type\":\"WebPage\",\"@id\":\"https:\/\/sindicom.hr\/en\/katalog\/tipka-ventil-otvaranja-vratiju-emergency-cobus-masats-oe\/\",\"url\":\"https:\/\/sindicom.hr\/en\/katalog\/tipka-ventil-otvaranja-vratiju-emergency-cobus-masats-oe\/\",\"name\":\"TIPKA VENTIL OTVARANJA VRATIJU (EMERGENCY BUTTON) COBUS MASATS OE - Sindicom\",\"isPartOf\":{\"@id\":\"https:\/\/sindicom.hr\/en\/#website\"},\"primaryImageOfPage\":{\"@id\":\"https:\/\/sindicom.hr\/en\/katalog\/tipka-ventil-otvaranja-vratiju-emergency-cobus-masats-oe\/#primaryimage\"},\"image\":{\"@id\":\"https:\/\/sindicom.hr\/en\/katalog\/tipka-ventil-otvaranja-vratiju-emergency-cobus-masats-oe\/#primaryimage\"},\"thumbnailUrl\":\"https:\/\/sindicom.hr\/wp-content\/uploads\/2025\/03\/22013MAP.webp\",\"datePublished\":\"2025-03-31T12:54:31+00:00\",\"dateModified\":\"2025-10-27T12:15:57+00:00\",\"breadcrumb\":{\"@id\":\"https:\/\/sindicom.hr\/en\/katalog\/tipka-ventil-otvaranja-vratiju-emergency-cobus-masats-oe\/#breadcrumb\"},\"inLanguage\":\"en-US\",\"potentialAction\":[{\"@type\":\"ReadAction\",\"target\":[\"https:\/\/sindicom.hr\/en\/katalog\/tipka-ventil-otvaranja-vratiju-emergency-cobus-masats-oe\/\"]}]},{\"@type\":\"ImageObject\",\"inLanguage\":\"en-US\",\"@id\":\"https:\/\/sindicom.hr\/en\/katalog\/tipka-ventil-otvaranja-vratiju-emergency-cobus-masats-oe\/#primaryimage\",\"url\":\"https:\/\/sindicom.hr\/wp-content\/uploads\/2025\/03\/22013MAP.webp\",\"contentUrl\":\"https:\/\/sindicom.hr\/wp-content\/uploads\/2025\/03\/22013MAP.webp\",\"width\":600,\"height\":600},{\"@type\":\"BreadcrumbList\",\"@id\":\"https:\/\/sindicom.hr\/en\/katalog\/tipka-ventil-otvaranja-vratiju-emergency-cobus-masats-oe\/#breadcrumb\",\"itemListElement\":[{\"@type\":\"ListItem\",\"position\":1,\"name\":\"Po\u010detna stranica\",\"item\":\"https:\/\/sindicom.hr\/en\/\"},{\"@type\":\"ListItem\",\"position\":2,\"name\":\"Katalog dijelova\",\"item\":\"https:\/\/sindicom.hr\/en\/catalog\/\"},{\"@type\":\"ListItem\",\"position\":3,\"name\":\"TIPKA VENTIL OTVARANJA VRATIJU (EMERGENCY BUTTON) COBUS MASATS OE\"}]},{\"@type\":\"WebSite\",\"@id\":\"https:\/\/sindicom.hr\/en\/#website\",\"url\":\"https:\/\/sindicom.hr\/en\/\",\"name\":\"SINDICOM\",\"description\":\"Trade and repair of pneumatic brakes, air and hydraulic systems for trucks and buses\",\"publisher\":{\"@id\":\"https:\/\/sindicom.hr\/en\/#organization\"},\"potentialAction\":[{\"@type\":\"SearchAction\",\"target\":{\"@type\":\"EntryPoint\",\"urlTemplate\":\"https:\/\/sindicom.hr\/en\/?s={search_term_string}\"},\"query-input\":{\"@type\":\"PropertyValueSpecification\",\"valueRequired\":true,\"valueName\":\"search_term_string\"}}],\"inLanguage\":\"en-US\"},{\"@type\":\"Organization\",\"@id\":\"https:\/\/sindicom.hr\/en\/#organization\",\"name\":\"SINDICOM d.o.o.\",\"url\":\"https:\/\/sindicom.hr\/en\/\",\"logo\":{\"@type\":\"ImageObject\",\"inLanguage\":\"en-US\",\"@id\":\"https:\/\/sindicom.hr\/en\/#\/schema\/logo\/image\/\",\"url\":\"https:\/\/sindicom.hr\/wp-content\/uploads\/2019\/11\/sindicom_logo_veliki1.jpg.png\",\"contentUrl\":\"https:\/\/sindicom.hr\/wp-content\/uploads\/2019\/11\/sindicom_logo_veliki1.jpg.png\",\"width\":732,\"height\":706,\"caption\":\"SINDICOM d.o.o.\"},\"image\":{\"@id\":\"https:\/\/sindicom.hr\/en\/#\/schema\/logo\/image\/\"},\"sameAs\":[\"https:\/\/www.facebook.com\/Sindicom-doo-170277286366043\/\",\"https:\/\/instagram.com\/sindicomdoo\"]}]}<\/script>\n<!-- \/ Yoast SEO plugin. -->","yoast_head_json":{"title":"TIPKA VENTIL OTVARANJA VRATIJU (EMERGENCY BUTTON) COBUS MASATS OE - Sindicom","robots":{"index":"index","follow":"follow","max-snippet":"max-snippet:-1","max-image-preview":"max-image-preview:large","max-video-preview":"max-video-preview:-1"},"canonical":"https:\/\/sindicom.hr\/en\/katalog\/tipka-ventil-otvaranja-vratiju-emergency-cobus-masats-oe\/","og_locale":"en_US","og_type":"article","og_title":"TIPKA VENTIL OTVARANJA VRATIJU (EMERGENCY BUTTON) COBUS MASATS OE - Sindicom","og_url":"https:\/\/sindicom.hr\/en\/katalog\/tipka-ventil-otvaranja-vratiju-emergency-cobus-masats-oe\/","og_site_name":"Sindicom","article_publisher":"https:\/\/www.facebook.com\/Sindicom-doo-170277286366043\/","article_modified_time":"2025-10-27T12:15:57+00:00","og_image":[{"width":600,"height":600,"url":"https:\/\/sindicom.hr\/wp-content\/uploads\/2025\/03\/22013MAP.webp","type":"image\/webp"}],"twitter_card":"summary_large_image","twitter_misc":{"Est. reading time":"1 minute"},"schema":{"@context":"https:\/\/schema.org","@graph":[{"@type":"WebPage","@id":"https:\/\/sindicom.hr\/en\/katalog\/tipka-ventil-otvaranja-vratiju-emergency-cobus-masats-oe\/","url":"https:\/\/sindicom.hr\/en\/katalog\/tipka-ventil-otvaranja-vratiju-emergency-cobus-masats-oe\/","name":"TIPKA VENTIL OTVARANJA VRATIJU (EMERGENCY BUTTON) COBUS MASATS OE - Sindicom","isPartOf":{"@id":"https:\/\/sindicom.hr\/en\/#website"},"primaryImageOfPage":{"@id":"https:\/\/sindicom.hr\/en\/katalog\/tipka-ventil-otvaranja-vratiju-emergency-cobus-masats-oe\/#primaryimage"},"image":{"@id":"https:\/\/sindicom.hr\/en\/katalog\/tipka-ventil-otvaranja-vratiju-emergency-cobus-masats-oe\/#primaryimage"},"thumbnailUrl":"https:\/\/sindicom.hr\/wp-content\/uploads\/2025\/03\/22013MAP.webp","datePublished":"2025-03-31T12:54:31+00:00","dateModified":"2025-10-27T12:15:57+00:00","breadcrumb":{"@id":"https:\/\/sindicom.hr\/en\/katalog\/tipka-ventil-otvaranja-vratiju-emergency-cobus-masats-oe\/#breadcrumb"},"inLanguage":"en-US","potentialAction":[{"@type":"ReadAction","target":["https:\/\/sindicom.hr\/en\/katalog\/tipka-ventil-otvaranja-vratiju-emergency-cobus-masats-oe\/"]}]},{"@type":"ImageObject","inLanguage":"en-US","@id":"https:\/\/sindicom.hr\/en\/katalog\/tipka-ventil-otvaranja-vratiju-emergency-cobus-masats-oe\/#primaryimage","url":"https:\/\/sindicom.hr\/wp-content\/uploads\/2025\/03\/22013MAP.webp","contentUrl":"https:\/\/sindicom.hr\/wp-content\/uploads\/2025\/03\/22013MAP.webp","width":600,"height":600},{"@type":"BreadcrumbList","@id":"https:\/\/sindicom.hr\/en\/katalog\/tipka-ventil-otvaranja-vratiju-emergency-cobus-masats-oe\/#breadcrumb","itemListElement":[{"@type":"ListItem","position":1,"name":"Po\u010detna stranica","item":"https:\/\/sindicom.hr\/en\/"},{"@type":"ListItem","position":2,"name":"Katalog dijelova","item":"https:\/\/sindicom.hr\/en\/catalog\/"},{"@type":"ListItem","position":3,"name":"TIPKA VENTIL OTVARANJA VRATIJU (EMERGENCY BUTTON) COBUS MASATS OE"}]},{"@type":"WebSite","@id":"https:\/\/sindicom.hr\/en\/#website","url":"https:\/\/sindicom.hr\/en\/","name":"SINDICOM","description":"Trade and repair of pneumatic brakes, air and hydraulic systems for trucks and buses","publisher":{"@id":"https:\/\/sindicom.hr\/en\/#organization"},"potentialAction":[{"@type":"SearchAction","target":{"@type":"EntryPoint","urlTemplate":"https:\/\/sindicom.hr\/en\/?s={search_term_string}"},"query-input":{"@type":"PropertyValueSpecification","valueRequired":true,"valueName":"search_term_string"}}],"inLanguage":"en-US"},{"@type":"Organization","@id":"https:\/\/sindicom.hr\/en\/#organization","name":"SINDICOM d.o.o.","url":"https:\/\/sindicom.hr\/en\/","logo":{"@type":"ImageObject","inLanguage":"en-US","@id":"https:\/\/sindicom.hr\/en\/#\/schema\/logo\/image\/","url":"https:\/\/sindicom.hr\/wp-content\/uploads\/2019\/11\/sindicom_logo_veliki1.jpg.png","contentUrl":"https:\/\/sindicom.hr\/wp-content\/uploads\/2019\/11\/sindicom_logo_veliki1.jpg.png","width":732,"height":706,"caption":"SINDICOM d.o.o."},"image":{"@id":"https:\/\/sindicom.hr\/en\/#\/schema\/logo\/image\/"},"sameAs":["https:\/\/www.facebook.com\/Sindicom-doo-170277286366043\/","https:\/\/instagram.com\/sindicomdoo"]}]}},"_links":{"self":[{"href":"https:\/\/sindicom.hr\/en\/wp-json\/wp\/v2\/product\/45677","targetHints":{"allow":["GET"]}}],"collection":[{"href":"https:\/\/sindicom.hr\/en\/wp-json\/wp\/v2\/product"}],"about":[{"href":"https:\/\/sindicom.hr\/en\/wp-json\/wp\/v2\/types\/product"}],"wp:featuredmedia":[{"embeddable":true,"href":"https:\/\/sindicom.hr\/en\/wp-json\/wp\/v2\/media\/45679"}],"wp:attachment":[{"href":"https:\/\/sindicom.hr\/en\/wp-json\/wp\/v2\/media?parent=45677"}],"wp:term":[{"taxonomy":"product_brand","embeddable":true,"href":"https:\/\/sindicom.hr\/en\/wp-json\/wp\/v2\/product_brand?post=45677"},{"taxonomy":"product_cat","embeddable":true,"href":"https:\/\/sindicom.hr\/en\/wp-json\/wp\/v2\/product_cat?post=45677"},{"taxonomy":"product_tag","embeddable":true,"href":"https:\/\/sindicom.hr\/en\/wp-json\/wp\/v2\/product_tag?post=45677"}],"curies":[{"name":"wp","href":"https:\/\/api.w.org\/{rel}","templated":true}]}}