{"id":46106,"date":"2025-04-14T10:15:37","date_gmt":"2025-04-14T10:15:37","guid":{"rendered":"https:\/\/sindicom.hr\/?post_type=product&#038;p=46106"},"modified":"2025-10-27T12:16:01","modified_gmt":"2025-10-27T12:16:01","slug":"sklop-isusivaca-zraka-ec-apu-iveco-stralis-s-way-2019-wabco-oe","status":"publish","type":"product","link":"https:\/\/sindicom.hr\/en\/katalog\/sklop-isusivaca-zraka-ec-apu-iveco-stralis-s-way-2019-wabco-oe\/","title":{"rendered":"SKLOP ISU\u0160IVA\u010cA ZRAKA EC-APU IVECO STRALIS S-WAY 2019- WABCO OE"},"content":{"rendered":"<p>9325050330 WABCO  4324260020+9347050310 WABCO  4324260020 AIR DRYER WABCO  4324260320 AIR DRYER WABCO  4324260020 ISU\u0160IVA\u010c WABCO  4324260320 ISU\u0160IVA\u010c WABCO  9347050310 \u0160ESTEROKRU\u017dNI WABCO  9347050310 MULTIPLE CIRCUIT VALVE WABCO  9325050040 WABCO  9325050340 WABCO  9325050030 WABCO  9347050320+4324260020 WABCO  9325050340=9325050040 WABCO  4324260020 WABCO  4324260320 WABCO  9347050320 WABCO  9347050320 \u0160ESTEROKRU\u017dNI WABCO  9345050062 \u0160ESTEROKRU\u017dNI WABCO  9345050062 Multiple-Circuit Protection Valve  9345050062 MULTIPLE CIRCUIT VALVE WABCO  4346120550 SIGURNOSNI 14.5 b WABCO  4346120550 SEFETY VALVE 14.5 b WABCO  9325050040 EC-APU WABCO  5802223718 EC-APU WABCO  9325050002 PRESSURE SENSOR MODULE WABCO  2992261 CATRIDGE IVECO  5802223716 IVECO  5802223718 IVECO  Electronic Air Processing Unit (ECAPU\/ ECAD)  Elektronische Luftaufbereitungseinheit (ECAPU\/ ECAD)  Unita elettronica di trattamento dell&#8217;aria (ECAPU\/ ECAD)  Unit\u00e9 \u00e9lectronique de traitement d&#8217;air (ECAPU\/ECAD)<\/p>\n","protected":false},"excerpt":{"rendered":"<p><img decoding=\"async\" class=\"alignnone size-medium wp-image-17720\" src=\"https:\/\/sindicom.hr\/wp-content\/uploads\/2020\/05\/wabco-300x300.png\" alt=\"\" width=\"300\" height=\"300\" srcset=\"https:\/\/sindicom.hr\/wp-content\/uploads\/2020\/05\/wabco-64x64.png 64w, https:\/\/sindicom.hr\/wp-content\/uploads\/2020\/05\/wabco-66x66.png 66w, https:\/\/sindicom.hr\/wp-content\/uploads\/2020\/05\/wabco-100x100.png 100w, https:\/\/sindicom.hr\/wp-content\/uploads\/2020\/05\/wabco-150x150.png 150w, https:\/\/sindicom.hr\/wp-content\/uploads\/2020\/05\/wabco-200x200.png 200w, https:\/\/sindicom.hr\/wp-content\/uploads\/2020\/05\/wabco.png 300w\" sizes=\"(max-width: 300px) 100vw, 300px\" \/><\/p>\n","protected":false},"featured_media":46115,"template":"","meta":{"inline_featured_image":false},"product_brand":[],"product_cat":[33,110,34,107],"product_tag":[],"class_list":{"0":"post-46106","1":"product","2":"type-product","3":"status-publish","4":"has-post-thumbnail","6":"product_cat-isusivaci-zraka","7":"product_cat-iveco-teretna-vozila","8":"product_cat-jedinice-za-obradu-zraka","9":"product_cat-teretna-vozila","11":"first","12":"instock","13":"shipping-taxable","14":"purchasable","15":"product-type-simple"},"yoast_head":"<!-- This site is optimized with the Yoast SEO plugin v26.2 - https:\/\/yoast.com\/wordpress\/plugins\/seo\/ -->\n<title>SKLOP ISU\u0160IVA\u010cA ZRAKA EC-APU IVECO STRALIS S-WAY 2019- WABCO OE - Sindicom<\/title>\n<meta name=\"robots\" content=\"index, follow, max-snippet:-1, max-image-preview:large, max-video-preview:-1\" \/>\n<link rel=\"canonical\" href=\"https:\/\/sindicom.hr\/en\/katalog\/sklop-isusivaca-zraka-ec-apu-iveco-stralis-s-way-2019-wabco-oe\/\" \/>\n<meta property=\"og:locale\" content=\"en_US\" \/>\n<meta property=\"og:type\" content=\"article\" \/>\n<meta property=\"og:title\" content=\"SKLOP ISU\u0160IVA\u010cA ZRAKA EC-APU IVECO STRALIS S-WAY 2019- WABCO OE - Sindicom\" \/>\n<meta property=\"og:url\" content=\"https:\/\/sindicom.hr\/en\/katalog\/sklop-isusivaca-zraka-ec-apu-iveco-stralis-s-way-2019-wabco-oe\/\" \/>\n<meta property=\"og:site_name\" content=\"Sindicom\" \/>\n<meta property=\"article:publisher\" content=\"https:\/\/www.facebook.com\/Sindicom-doo-170277286366043\/\" \/>\n<meta property=\"article:modified_time\" content=\"2025-10-27T12:16:01+00:00\" \/>\n<meta property=\"og:image\" content=\"https:\/\/sindicom.hr\/wp-content\/uploads\/2025\/04\/9325050330.webp\" \/>\n\t<meta property=\"og:image:width\" content=\"600\" \/>\n\t<meta property=\"og:image:height\" content=\"600\" \/>\n\t<meta property=\"og:image:type\" content=\"image\/webp\" \/>\n<meta name=\"twitter:card\" content=\"summary_large_image\" \/>\n<meta name=\"twitter:label1\" content=\"Est. reading time\" \/>\n\t<meta name=\"twitter:data1\" content=\"1 minute\" \/>\n<script type=\"application\/ld+json\" class=\"yoast-schema-graph\">{\"@context\":\"https:\/\/schema.org\",\"@graph\":[{\"@type\":\"WebPage\",\"@id\":\"https:\/\/sindicom.hr\/en\/katalog\/sklop-isusivaca-zraka-ec-apu-iveco-stralis-s-way-2019-wabco-oe\/\",\"url\":\"https:\/\/sindicom.hr\/en\/katalog\/sklop-isusivaca-zraka-ec-apu-iveco-stralis-s-way-2019-wabco-oe\/\",\"name\":\"SKLOP ISU\u0160IVA\u010cA ZRAKA EC-APU IVECO STRALIS S-WAY 2019- WABCO OE - Sindicom\",\"isPartOf\":{\"@id\":\"https:\/\/sindicom.hr\/en\/#website\"},\"primaryImageOfPage\":{\"@id\":\"https:\/\/sindicom.hr\/en\/katalog\/sklop-isusivaca-zraka-ec-apu-iveco-stralis-s-way-2019-wabco-oe\/#primaryimage\"},\"image\":{\"@id\":\"https:\/\/sindicom.hr\/en\/katalog\/sklop-isusivaca-zraka-ec-apu-iveco-stralis-s-way-2019-wabco-oe\/#primaryimage\"},\"thumbnailUrl\":\"https:\/\/sindicom.hr\/wp-content\/uploads\/2025\/04\/9325050330.webp\",\"datePublished\":\"2025-04-14T10:15:37+00:00\",\"dateModified\":\"2025-10-27T12:16:01+00:00\",\"breadcrumb\":{\"@id\":\"https:\/\/sindicom.hr\/en\/katalog\/sklop-isusivaca-zraka-ec-apu-iveco-stralis-s-way-2019-wabco-oe\/#breadcrumb\"},\"inLanguage\":\"en-US\",\"potentialAction\":[{\"@type\":\"ReadAction\",\"target\":[\"https:\/\/sindicom.hr\/en\/katalog\/sklop-isusivaca-zraka-ec-apu-iveco-stralis-s-way-2019-wabco-oe\/\"]}]},{\"@type\":\"ImageObject\",\"inLanguage\":\"en-US\",\"@id\":\"https:\/\/sindicom.hr\/en\/katalog\/sklop-isusivaca-zraka-ec-apu-iveco-stralis-s-way-2019-wabco-oe\/#primaryimage\",\"url\":\"https:\/\/sindicom.hr\/wp-content\/uploads\/2025\/04\/9325050330.webp\",\"contentUrl\":\"https:\/\/sindicom.hr\/wp-content\/uploads\/2025\/04\/9325050330.webp\",\"width\":600,\"height\":600},{\"@type\":\"BreadcrumbList\",\"@id\":\"https:\/\/sindicom.hr\/en\/katalog\/sklop-isusivaca-zraka-ec-apu-iveco-stralis-s-way-2019-wabco-oe\/#breadcrumb\",\"itemListElement\":[{\"@type\":\"ListItem\",\"position\":1,\"name\":\"Po\u010detna stranica\",\"item\":\"https:\/\/sindicom.hr\/en\/\"},{\"@type\":\"ListItem\",\"position\":2,\"name\":\"Katalog dijelova\",\"item\":\"https:\/\/sindicom.hr\/en\/catalog\/\"},{\"@type\":\"ListItem\",\"position\":3,\"name\":\"SKLOP ISU\u0160IVA\u010cA ZRAKA EC-APU IVECO STRALIS S-WAY 2019- WABCO OE\"}]},{\"@type\":\"WebSite\",\"@id\":\"https:\/\/sindicom.hr\/en\/#website\",\"url\":\"https:\/\/sindicom.hr\/en\/\",\"name\":\"SINDICOM\",\"description\":\"Trade and repair of pneumatic brakes, air and hydraulic systems for trucks and buses\",\"publisher\":{\"@id\":\"https:\/\/sindicom.hr\/en\/#organization\"},\"potentialAction\":[{\"@type\":\"SearchAction\",\"target\":{\"@type\":\"EntryPoint\",\"urlTemplate\":\"https:\/\/sindicom.hr\/en\/?s={search_term_string}\"},\"query-input\":{\"@type\":\"PropertyValueSpecification\",\"valueRequired\":true,\"valueName\":\"search_term_string\"}}],\"inLanguage\":\"en-US\"},{\"@type\":\"Organization\",\"@id\":\"https:\/\/sindicom.hr\/en\/#organization\",\"name\":\"SINDICOM d.o.o.\",\"url\":\"https:\/\/sindicom.hr\/en\/\",\"logo\":{\"@type\":\"ImageObject\",\"inLanguage\":\"en-US\",\"@id\":\"https:\/\/sindicom.hr\/en\/#\/schema\/logo\/image\/\",\"url\":\"https:\/\/sindicom.hr\/wp-content\/uploads\/2019\/11\/sindicom_logo_veliki1.jpg.png\",\"contentUrl\":\"https:\/\/sindicom.hr\/wp-content\/uploads\/2019\/11\/sindicom_logo_veliki1.jpg.png\",\"width\":732,\"height\":706,\"caption\":\"SINDICOM d.o.o.\"},\"image\":{\"@id\":\"https:\/\/sindicom.hr\/en\/#\/schema\/logo\/image\/\"},\"sameAs\":[\"https:\/\/www.facebook.com\/Sindicom-doo-170277286366043\/\",\"https:\/\/instagram.com\/sindicomdoo\"]}]}<\/script>\n<!-- \/ Yoast SEO plugin. -->","yoast_head_json":{"title":"SKLOP ISU\u0160IVA\u010cA ZRAKA EC-APU IVECO STRALIS S-WAY 2019- WABCO OE - Sindicom","robots":{"index":"index","follow":"follow","max-snippet":"max-snippet:-1","max-image-preview":"max-image-preview:large","max-video-preview":"max-video-preview:-1"},"canonical":"https:\/\/sindicom.hr\/en\/katalog\/sklop-isusivaca-zraka-ec-apu-iveco-stralis-s-way-2019-wabco-oe\/","og_locale":"en_US","og_type":"article","og_title":"SKLOP ISU\u0160IVA\u010cA ZRAKA EC-APU IVECO STRALIS S-WAY 2019- WABCO OE - Sindicom","og_url":"https:\/\/sindicom.hr\/en\/katalog\/sklop-isusivaca-zraka-ec-apu-iveco-stralis-s-way-2019-wabco-oe\/","og_site_name":"Sindicom","article_publisher":"https:\/\/www.facebook.com\/Sindicom-doo-170277286366043\/","article_modified_time":"2025-10-27T12:16:01+00:00","og_image":[{"width":600,"height":600,"url":"https:\/\/sindicom.hr\/wp-content\/uploads\/2025\/04\/9325050330.webp","type":"image\/webp"}],"twitter_card":"summary_large_image","twitter_misc":{"Est. reading time":"1 minute"},"schema":{"@context":"https:\/\/schema.org","@graph":[{"@type":"WebPage","@id":"https:\/\/sindicom.hr\/en\/katalog\/sklop-isusivaca-zraka-ec-apu-iveco-stralis-s-way-2019-wabco-oe\/","url":"https:\/\/sindicom.hr\/en\/katalog\/sklop-isusivaca-zraka-ec-apu-iveco-stralis-s-way-2019-wabco-oe\/","name":"SKLOP ISU\u0160IVA\u010cA ZRAKA EC-APU IVECO STRALIS S-WAY 2019- WABCO OE - Sindicom","isPartOf":{"@id":"https:\/\/sindicom.hr\/en\/#website"},"primaryImageOfPage":{"@id":"https:\/\/sindicom.hr\/en\/katalog\/sklop-isusivaca-zraka-ec-apu-iveco-stralis-s-way-2019-wabco-oe\/#primaryimage"},"image":{"@id":"https:\/\/sindicom.hr\/en\/katalog\/sklop-isusivaca-zraka-ec-apu-iveco-stralis-s-way-2019-wabco-oe\/#primaryimage"},"thumbnailUrl":"https:\/\/sindicom.hr\/wp-content\/uploads\/2025\/04\/9325050330.webp","datePublished":"2025-04-14T10:15:37+00:00","dateModified":"2025-10-27T12:16:01+00:00","breadcrumb":{"@id":"https:\/\/sindicom.hr\/en\/katalog\/sklop-isusivaca-zraka-ec-apu-iveco-stralis-s-way-2019-wabco-oe\/#breadcrumb"},"inLanguage":"en-US","potentialAction":[{"@type":"ReadAction","target":["https:\/\/sindicom.hr\/en\/katalog\/sklop-isusivaca-zraka-ec-apu-iveco-stralis-s-way-2019-wabco-oe\/"]}]},{"@type":"ImageObject","inLanguage":"en-US","@id":"https:\/\/sindicom.hr\/en\/katalog\/sklop-isusivaca-zraka-ec-apu-iveco-stralis-s-way-2019-wabco-oe\/#primaryimage","url":"https:\/\/sindicom.hr\/wp-content\/uploads\/2025\/04\/9325050330.webp","contentUrl":"https:\/\/sindicom.hr\/wp-content\/uploads\/2025\/04\/9325050330.webp","width":600,"height":600},{"@type":"BreadcrumbList","@id":"https:\/\/sindicom.hr\/en\/katalog\/sklop-isusivaca-zraka-ec-apu-iveco-stralis-s-way-2019-wabco-oe\/#breadcrumb","itemListElement":[{"@type":"ListItem","position":1,"name":"Po\u010detna stranica","item":"https:\/\/sindicom.hr\/en\/"},{"@type":"ListItem","position":2,"name":"Katalog dijelova","item":"https:\/\/sindicom.hr\/en\/catalog\/"},{"@type":"ListItem","position":3,"name":"SKLOP ISU\u0160IVA\u010cA ZRAKA EC-APU IVECO STRALIS S-WAY 2019- WABCO OE"}]},{"@type":"WebSite","@id":"https:\/\/sindicom.hr\/en\/#website","url":"https:\/\/sindicom.hr\/en\/","name":"SINDICOM","description":"Trade and repair of pneumatic brakes, air and hydraulic systems for trucks and buses","publisher":{"@id":"https:\/\/sindicom.hr\/en\/#organization"},"potentialAction":[{"@type":"SearchAction","target":{"@type":"EntryPoint","urlTemplate":"https:\/\/sindicom.hr\/en\/?s={search_term_string}"},"query-input":{"@type":"PropertyValueSpecification","valueRequired":true,"valueName":"search_term_string"}}],"inLanguage":"en-US"},{"@type":"Organization","@id":"https:\/\/sindicom.hr\/en\/#organization","name":"SINDICOM d.o.o.","url":"https:\/\/sindicom.hr\/en\/","logo":{"@type":"ImageObject","inLanguage":"en-US","@id":"https:\/\/sindicom.hr\/en\/#\/schema\/logo\/image\/","url":"https:\/\/sindicom.hr\/wp-content\/uploads\/2019\/11\/sindicom_logo_veliki1.jpg.png","contentUrl":"https:\/\/sindicom.hr\/wp-content\/uploads\/2019\/11\/sindicom_logo_veliki1.jpg.png","width":732,"height":706,"caption":"SINDICOM d.o.o."},"image":{"@id":"https:\/\/sindicom.hr\/en\/#\/schema\/logo\/image\/"},"sameAs":["https:\/\/www.facebook.com\/Sindicom-doo-170277286366043\/","https:\/\/instagram.com\/sindicomdoo"]}]}},"_links":{"self":[{"href":"https:\/\/sindicom.hr\/en\/wp-json\/wp\/v2\/product\/46106","targetHints":{"allow":["GET"]}}],"collection":[{"href":"https:\/\/sindicom.hr\/en\/wp-json\/wp\/v2\/product"}],"about":[{"href":"https:\/\/sindicom.hr\/en\/wp-json\/wp\/v2\/types\/product"}],"wp:featuredmedia":[{"embeddable":true,"href":"https:\/\/sindicom.hr\/en\/wp-json\/wp\/v2\/media\/46115"}],"wp:attachment":[{"href":"https:\/\/sindicom.hr\/en\/wp-json\/wp\/v2\/media?parent=46106"}],"wp:term":[{"taxonomy":"product_brand","embeddable":true,"href":"https:\/\/sindicom.hr\/en\/wp-json\/wp\/v2\/product_brand?post=46106"},{"taxonomy":"product_cat","embeddable":true,"href":"https:\/\/sindicom.hr\/en\/wp-json\/wp\/v2\/product_cat?post=46106"},{"taxonomy":"product_tag","embeddable":true,"href":"https:\/\/sindicom.hr\/en\/wp-json\/wp\/v2\/product_tag?post=46106"}],"curies":[{"name":"wp","href":"https:\/\/api.w.org\/{rel}","templated":true}]}}