{"id":46773,"date":"2025-05-06T09:18:53","date_gmt":"2025-05-06T09:18:53","guid":{"rendered":"https:\/\/sindicom.hr\/?post_type=product&#038;p=46773"},"modified":"2026-03-04T14:34:04","modified_gmt":"2026-03-04T14:34:04","slug":"tipke-podesavanja-polozaja-visine-sjedala-bus-isri-6800-338-6800-337-isringhausen-oe","status":"publish","type":"product","link":"https:\/\/sindicom.hr\/en\/katalog\/tipke-podesavanja-polozaja-visine-sjedala-bus-isri-6800-338-6800-337-isringhausen-oe\/","title":{"rendered":"TIPKE PODE\u0160AVANJA POLO\u017dAJA\/VISINE SJEDALA BUS ISRI 6800\/338 6800\/337 ISRINGHAUSEN OE"},"content":{"rendered":"<p>29074-02\/04E ISRI<br \/>\n2907402\/04E ISRI<br \/>\n290740204E ISRI<br \/>\n29074-0204E ISRI<br \/>\n29074-02\/04E ISRINGHAUSEN<br \/>\n2907402\/04E ISRINGHAUSEN<br \/>\n290740204E ISRINGHAUSEN<br \/>\n29074-0204E ISRINGHAUSEN<br \/>\n29073-02\/04E ISRI<br \/>\n2907302\/04E ISRI<br \/>\n29073-0204E ISRI<br \/>\n29073-02\/04E ISRINGHAUSEN<br \/>\n2907302\/04E ISRINGHAUSEN<br \/>\n29073-0204E ISRINGHAUSEN<br \/>\n29073-02 ISRI<br \/>\n29074-02 ISRI<br \/>\n2501170117 SOLARIS<br \/>\n2501.170.117 SOLARIS<br \/>\n2501-170-117 SOLARIS<br \/>\n0009107738 MERCEDES<br \/>\nA0009107738 MERCEDES<br \/>\nA 0009107738 MERCEDES<br \/>\nA 000 910 77 38 MERCEDES<br \/>\n85106153<br \/>\n81623986047 MAN<br \/>\n81623986067 MAN<br \/>\n81623986069 MAN<br \/>\n81623986070 MAN<br \/>\n81623986093 MAN<br \/>\n81623986094 MAN<br \/>\n81.62398-6047 MAN<br \/>\n81.62398-6067 MAN<br \/>\n81.62398-6069 MAN<br \/>\n81.62398-6070 MAN<br \/>\n81.62398-6093 MAN<br \/>\n81.62398-6094 MAN<br \/>\n81623986047 NEOPLAN<br \/>\n81623986067 NEOPLAN<br \/>\n81623986069 NEOPLAN<br \/>\n81623986070 NEOPLAN<br \/>\n81623986093 NEOPLAN<br \/>\n81623986094 NEOPLAN<br \/>\n58100043800 WINKLER<br \/>\n58100098800 WINKLER<br \/>\nSeat height adjustment button<br \/>\nKnopf zur Sitzh\u00f6henverstellung<br \/>\nPulsante di regolazione dell&#8217;altezza del sedile<br \/>\nISRI ISRINGHAUSEN Sitzverstellventil<br \/>\nISRI ISRINGHAUSEN seat adjustment valve<br \/>\nISRI ISRINGHAUSEN \u00fcl\u00e9s\u00e1ll\u00edt\u00f3 szelep<br \/>\nISRI ISRINGHAUSEN zittingverstelklep<br \/>\nV\u00e1lvula de ajuste del asiento ISRINGHAUSEN<br \/>\nSoupape de r\u00e9glage de siege ISRI ISRINGHAUSEN<br \/>\nValvola di regolazione del sedile ISRI ISRINGHAUSEN<br \/>\nSJEDALO, SJEDALA, SJEDI\u0160TE, SJEDI\u0160TA, SJEDELA, SJEDELO, SEAT, SEATS, SITTING, SIT, SEDE\u017d<br \/>\nSOLARIS 2501-170-117, 2501.170.117, 2501170117<\/p>\n","protected":false},"excerpt":{"rendered":"<p><img decoding=\"async\" class=\"alignnone size-medium wp-image-30783\" src=\"https:\/\/sindicom.hr\/wp-content\/uploads\/2023\/03\/isri-300x71.png\" alt=\"\" width=\"300\" height=\"71\" srcset=\"https:\/\/sindicom.hr\/wp-content\/uploads\/2023\/03\/isri-64x15.png 64w, https:\/\/sindicom.hr\/wp-content\/uploads\/2023\/03\/isri-200x47.png 200w, https:\/\/sindicom.hr\/wp-content\/uploads\/2023\/03\/isri-300x71.png 300w, https:\/\/sindicom.hr\/wp-content\/uploads\/2023\/03\/isri-400x94.png 400w, https:\/\/sindicom.hr\/wp-content\/uploads\/2023\/03\/isri.png 462w\" sizes=\"(max-width: 300px) 100vw, 300px\" \/><\/p>\n","protected":false},"featured_media":46774,"template":"","meta":{"inline_featured_image":false},"product_brand":[],"product_cat":[15,96,41,255,108,113,104,278,120,102,107,190],"product_tag":[],"class_list":{"0":"post-46773","1":"product","2":"type-product","3":"status-publish","4":"has-post-thumbnail","6":"product_cat-all-products","7":"product_cat-busevi","8":"product_cat-dijelovi-sjedala-vozila","9":"product_cat-isri-rezervni-dijelovi-isrinhausen-spare-parts","10":"product_cat-man-teretna-vozila","11":"product_cat-mercedes-teretna-vozila","12":"product_cat-neoplan","13":"product_cat-ostali-rezervni-dijelovi-other-spare-parts-andere-ersatzteile-altri-ricambi","14":"product_cat-reparaturni-setovi","15":"product_cat-solaris","16":"product_cat-teretna-vozila","17":"product_cat-ventili-sjedala","19":"first","20":"instock","21":"shipping-taxable","22":"purchasable","23":"product-type-simple"},"yoast_head":"<!-- This site is optimized with the Yoast SEO plugin v26.2 - https:\/\/yoast.com\/wordpress\/plugins\/seo\/ -->\n<title>TIPKE PODE\u0160AVANJA POLO\u017dAJA\/VISINE SJEDALA BUS ISRI 6800\/338 6800\/337 ISRINGHAUSEN OE - Sindicom<\/title>\n<meta name=\"robots\" content=\"index, follow, max-snippet:-1, max-image-preview:large, max-video-preview:-1\" \/>\n<link rel=\"canonical\" href=\"https:\/\/sindicom.hr\/en\/katalog\/tipke-podesavanja-polozaja-visine-sjedala-bus-isri-6800-338-6800-337-isringhausen-oe\/\" \/>\n<meta property=\"og:locale\" content=\"en_US\" \/>\n<meta property=\"og:type\" content=\"article\" \/>\n<meta property=\"og:title\" content=\"TIPKE PODE\u0160AVANJA POLO\u017dAJA\/VISINE SJEDALA BUS ISRI 6800\/338 6800\/337 ISRINGHAUSEN OE - Sindicom\" \/>\n<meta property=\"og:url\" content=\"https:\/\/sindicom.hr\/en\/katalog\/tipke-podesavanja-polozaja-visine-sjedala-bus-isri-6800-338-6800-337-isringhausen-oe\/\" \/>\n<meta property=\"og:site_name\" content=\"Sindicom\" \/>\n<meta property=\"article:publisher\" content=\"https:\/\/www.facebook.com\/Sindicom-doo-170277286366043\/\" \/>\n<meta property=\"article:modified_time\" content=\"2026-03-04T14:34:04+00:00\" \/>\n<meta property=\"og:image\" content=\"https:\/\/sindicom.hr\/wp-content\/uploads\/2025\/05\/29074-02-04E.webp\" \/>\n\t<meta property=\"og:image:width\" content=\"600\" \/>\n\t<meta property=\"og:image:height\" content=\"600\" \/>\n\t<meta property=\"og:image:type\" content=\"image\/webp\" \/>\n<meta name=\"twitter:card\" content=\"summary_large_image\" \/>\n<meta name=\"twitter:label1\" content=\"Est. reading time\" \/>\n\t<meta name=\"twitter:data1\" content=\"2 minutes\" \/>\n<script type=\"application\/ld+json\" class=\"yoast-schema-graph\">{\"@context\":\"https:\/\/schema.org\",\"@graph\":[{\"@type\":\"WebPage\",\"@id\":\"https:\/\/sindicom.hr\/en\/katalog\/tipke-podesavanja-polozaja-visine-sjedala-bus-isri-6800-338-6800-337-isringhausen-oe\/\",\"url\":\"https:\/\/sindicom.hr\/en\/katalog\/tipke-podesavanja-polozaja-visine-sjedala-bus-isri-6800-338-6800-337-isringhausen-oe\/\",\"name\":\"TIPKE PODE\u0160AVANJA POLO\u017dAJA\/VISINE SJEDALA BUS ISRI 6800\/338 6800\/337 ISRINGHAUSEN OE - Sindicom\",\"isPartOf\":{\"@id\":\"https:\/\/sindicom.hr\/en\/#website\"},\"primaryImageOfPage\":{\"@id\":\"https:\/\/sindicom.hr\/en\/katalog\/tipke-podesavanja-polozaja-visine-sjedala-bus-isri-6800-338-6800-337-isringhausen-oe\/#primaryimage\"},\"image\":{\"@id\":\"https:\/\/sindicom.hr\/en\/katalog\/tipke-podesavanja-polozaja-visine-sjedala-bus-isri-6800-338-6800-337-isringhausen-oe\/#primaryimage\"},\"thumbnailUrl\":\"https:\/\/sindicom.hr\/wp-content\/uploads\/2025\/05\/29074-02-04E.webp\",\"datePublished\":\"2025-05-06T09:18:53+00:00\",\"dateModified\":\"2026-03-04T14:34:04+00:00\",\"breadcrumb\":{\"@id\":\"https:\/\/sindicom.hr\/en\/katalog\/tipke-podesavanja-polozaja-visine-sjedala-bus-isri-6800-338-6800-337-isringhausen-oe\/#breadcrumb\"},\"inLanguage\":\"en-US\",\"potentialAction\":[{\"@type\":\"ReadAction\",\"target\":[\"https:\/\/sindicom.hr\/en\/katalog\/tipke-podesavanja-polozaja-visine-sjedala-bus-isri-6800-338-6800-337-isringhausen-oe\/\"]}]},{\"@type\":\"ImageObject\",\"inLanguage\":\"en-US\",\"@id\":\"https:\/\/sindicom.hr\/en\/katalog\/tipke-podesavanja-polozaja-visine-sjedala-bus-isri-6800-338-6800-337-isringhausen-oe\/#primaryimage\",\"url\":\"https:\/\/sindicom.hr\/wp-content\/uploads\/2025\/05\/29074-02-04E.webp\",\"contentUrl\":\"https:\/\/sindicom.hr\/wp-content\/uploads\/2025\/05\/29074-02-04E.webp\",\"width\":600,\"height\":600},{\"@type\":\"BreadcrumbList\",\"@id\":\"https:\/\/sindicom.hr\/en\/katalog\/tipke-podesavanja-polozaja-visine-sjedala-bus-isri-6800-338-6800-337-isringhausen-oe\/#breadcrumb\",\"itemListElement\":[{\"@type\":\"ListItem\",\"position\":1,\"name\":\"Po\u010detna stranica\",\"item\":\"https:\/\/sindicom.hr\/en\/\"},{\"@type\":\"ListItem\",\"position\":2,\"name\":\"Katalog dijelova\",\"item\":\"https:\/\/sindicom.hr\/en\/catalog\/\"},{\"@type\":\"ListItem\",\"position\":3,\"name\":\"TIPKE PODE\u0160AVANJA POLO\u017dAJA\/VISINE SJEDALA BUS ISRI 6800\/338 6800\/337 ISRINGHAUSEN OE\"}]},{\"@type\":\"WebSite\",\"@id\":\"https:\/\/sindicom.hr\/en\/#website\",\"url\":\"https:\/\/sindicom.hr\/en\/\",\"name\":\"SINDICOM\",\"description\":\"Trade and repair of pneumatic brakes, air and hydraulic systems for trucks and buses\",\"publisher\":{\"@id\":\"https:\/\/sindicom.hr\/en\/#organization\"},\"potentialAction\":[{\"@type\":\"SearchAction\",\"target\":{\"@type\":\"EntryPoint\",\"urlTemplate\":\"https:\/\/sindicom.hr\/en\/?s={search_term_string}\"},\"query-input\":{\"@type\":\"PropertyValueSpecification\",\"valueRequired\":true,\"valueName\":\"search_term_string\"}}],\"inLanguage\":\"en-US\"},{\"@type\":\"Organization\",\"@id\":\"https:\/\/sindicom.hr\/en\/#organization\",\"name\":\"SINDICOM d.o.o.\",\"url\":\"https:\/\/sindicom.hr\/en\/\",\"logo\":{\"@type\":\"ImageObject\",\"inLanguage\":\"en-US\",\"@id\":\"https:\/\/sindicom.hr\/en\/#\/schema\/logo\/image\/\",\"url\":\"https:\/\/sindicom.hr\/wp-content\/uploads\/2019\/11\/sindicom_logo_veliki1.jpg.png\",\"contentUrl\":\"https:\/\/sindicom.hr\/wp-content\/uploads\/2019\/11\/sindicom_logo_veliki1.jpg.png\",\"width\":732,\"height\":706,\"caption\":\"SINDICOM d.o.o.\"},\"image\":{\"@id\":\"https:\/\/sindicom.hr\/en\/#\/schema\/logo\/image\/\"},\"sameAs\":[\"https:\/\/www.facebook.com\/Sindicom-doo-170277286366043\/\",\"https:\/\/instagram.com\/sindicomdoo\"]}]}<\/script>\n<!-- \/ Yoast SEO plugin. -->","yoast_head_json":{"title":"TIPKE PODE\u0160AVANJA POLO\u017dAJA\/VISINE SJEDALA BUS ISRI 6800\/338 6800\/337 ISRINGHAUSEN OE - Sindicom","robots":{"index":"index","follow":"follow","max-snippet":"max-snippet:-1","max-image-preview":"max-image-preview:large","max-video-preview":"max-video-preview:-1"},"canonical":"https:\/\/sindicom.hr\/en\/katalog\/tipke-podesavanja-polozaja-visine-sjedala-bus-isri-6800-338-6800-337-isringhausen-oe\/","og_locale":"en_US","og_type":"article","og_title":"TIPKE PODE\u0160AVANJA POLO\u017dAJA\/VISINE SJEDALA BUS ISRI 6800\/338 6800\/337 ISRINGHAUSEN OE - Sindicom","og_url":"https:\/\/sindicom.hr\/en\/katalog\/tipke-podesavanja-polozaja-visine-sjedala-bus-isri-6800-338-6800-337-isringhausen-oe\/","og_site_name":"Sindicom","article_publisher":"https:\/\/www.facebook.com\/Sindicom-doo-170277286366043\/","article_modified_time":"2026-03-04T14:34:04+00:00","og_image":[{"width":600,"height":600,"url":"https:\/\/sindicom.hr\/wp-content\/uploads\/2025\/05\/29074-02-04E.webp","type":"image\/webp"}],"twitter_card":"summary_large_image","twitter_misc":{"Est. reading time":"2 minutes"},"schema":{"@context":"https:\/\/schema.org","@graph":[{"@type":"WebPage","@id":"https:\/\/sindicom.hr\/en\/katalog\/tipke-podesavanja-polozaja-visine-sjedala-bus-isri-6800-338-6800-337-isringhausen-oe\/","url":"https:\/\/sindicom.hr\/en\/katalog\/tipke-podesavanja-polozaja-visine-sjedala-bus-isri-6800-338-6800-337-isringhausen-oe\/","name":"TIPKE PODE\u0160AVANJA POLO\u017dAJA\/VISINE SJEDALA BUS ISRI 6800\/338 6800\/337 ISRINGHAUSEN OE - Sindicom","isPartOf":{"@id":"https:\/\/sindicom.hr\/en\/#website"},"primaryImageOfPage":{"@id":"https:\/\/sindicom.hr\/en\/katalog\/tipke-podesavanja-polozaja-visine-sjedala-bus-isri-6800-338-6800-337-isringhausen-oe\/#primaryimage"},"image":{"@id":"https:\/\/sindicom.hr\/en\/katalog\/tipke-podesavanja-polozaja-visine-sjedala-bus-isri-6800-338-6800-337-isringhausen-oe\/#primaryimage"},"thumbnailUrl":"https:\/\/sindicom.hr\/wp-content\/uploads\/2025\/05\/29074-02-04E.webp","datePublished":"2025-05-06T09:18:53+00:00","dateModified":"2026-03-04T14:34:04+00:00","breadcrumb":{"@id":"https:\/\/sindicom.hr\/en\/katalog\/tipke-podesavanja-polozaja-visine-sjedala-bus-isri-6800-338-6800-337-isringhausen-oe\/#breadcrumb"},"inLanguage":"en-US","potentialAction":[{"@type":"ReadAction","target":["https:\/\/sindicom.hr\/en\/katalog\/tipke-podesavanja-polozaja-visine-sjedala-bus-isri-6800-338-6800-337-isringhausen-oe\/"]}]},{"@type":"ImageObject","inLanguage":"en-US","@id":"https:\/\/sindicom.hr\/en\/katalog\/tipke-podesavanja-polozaja-visine-sjedala-bus-isri-6800-338-6800-337-isringhausen-oe\/#primaryimage","url":"https:\/\/sindicom.hr\/wp-content\/uploads\/2025\/05\/29074-02-04E.webp","contentUrl":"https:\/\/sindicom.hr\/wp-content\/uploads\/2025\/05\/29074-02-04E.webp","width":600,"height":600},{"@type":"BreadcrumbList","@id":"https:\/\/sindicom.hr\/en\/katalog\/tipke-podesavanja-polozaja-visine-sjedala-bus-isri-6800-338-6800-337-isringhausen-oe\/#breadcrumb","itemListElement":[{"@type":"ListItem","position":1,"name":"Po\u010detna stranica","item":"https:\/\/sindicom.hr\/en\/"},{"@type":"ListItem","position":2,"name":"Katalog dijelova","item":"https:\/\/sindicom.hr\/en\/catalog\/"},{"@type":"ListItem","position":3,"name":"TIPKE PODE\u0160AVANJA POLO\u017dAJA\/VISINE SJEDALA BUS ISRI 6800\/338 6800\/337 ISRINGHAUSEN OE"}]},{"@type":"WebSite","@id":"https:\/\/sindicom.hr\/en\/#website","url":"https:\/\/sindicom.hr\/en\/","name":"SINDICOM","description":"Trade and repair of pneumatic brakes, air and hydraulic systems for trucks and buses","publisher":{"@id":"https:\/\/sindicom.hr\/en\/#organization"},"potentialAction":[{"@type":"SearchAction","target":{"@type":"EntryPoint","urlTemplate":"https:\/\/sindicom.hr\/en\/?s={search_term_string}"},"query-input":{"@type":"PropertyValueSpecification","valueRequired":true,"valueName":"search_term_string"}}],"inLanguage":"en-US"},{"@type":"Organization","@id":"https:\/\/sindicom.hr\/en\/#organization","name":"SINDICOM d.o.o.","url":"https:\/\/sindicom.hr\/en\/","logo":{"@type":"ImageObject","inLanguage":"en-US","@id":"https:\/\/sindicom.hr\/en\/#\/schema\/logo\/image\/","url":"https:\/\/sindicom.hr\/wp-content\/uploads\/2019\/11\/sindicom_logo_veliki1.jpg.png","contentUrl":"https:\/\/sindicom.hr\/wp-content\/uploads\/2019\/11\/sindicom_logo_veliki1.jpg.png","width":732,"height":706,"caption":"SINDICOM d.o.o."},"image":{"@id":"https:\/\/sindicom.hr\/en\/#\/schema\/logo\/image\/"},"sameAs":["https:\/\/www.facebook.com\/Sindicom-doo-170277286366043\/","https:\/\/instagram.com\/sindicomdoo"]}]}},"_links":{"self":[{"href":"https:\/\/sindicom.hr\/en\/wp-json\/wp\/v2\/product\/46773","targetHints":{"allow":["GET"]}}],"collection":[{"href":"https:\/\/sindicom.hr\/en\/wp-json\/wp\/v2\/product"}],"about":[{"href":"https:\/\/sindicom.hr\/en\/wp-json\/wp\/v2\/types\/product"}],"wp:featuredmedia":[{"embeddable":true,"href":"https:\/\/sindicom.hr\/en\/wp-json\/wp\/v2\/media\/46774"}],"wp:attachment":[{"href":"https:\/\/sindicom.hr\/en\/wp-json\/wp\/v2\/media?parent=46773"}],"wp:term":[{"taxonomy":"product_brand","embeddable":true,"href":"https:\/\/sindicom.hr\/en\/wp-json\/wp\/v2\/product_brand?post=46773"},{"taxonomy":"product_cat","embeddable":true,"href":"https:\/\/sindicom.hr\/en\/wp-json\/wp\/v2\/product_cat?post=46773"},{"taxonomy":"product_tag","embeddable":true,"href":"https:\/\/sindicom.hr\/en\/wp-json\/wp\/v2\/product_tag?post=46773"}],"curies":[{"name":"wp","href":"https:\/\/api.w.org\/{rel}","templated":true}]}}