{"id":47101,"date":"2025-05-15T12:09:48","date_gmt":"2025-05-15T12:09:48","guid":{"rendered":"https:\/\/sindicom.hr\/?post_type=product&#038;p=47101"},"modified":"2025-10-27T12:16:11","modified_gmt":"2025-10-27T12:16:11","slug":"elektromagnet-zavojnica-24v-grijanja-kabine-thermo-300-044-webasto-oe","status":"publish","type":"product","link":"https:\/\/sindicom.hr\/en\/katalog\/elektromagnet-zavojnica-24v-grijanja-kabine-thermo-300-044-webasto-oe\/","title":{"rendered":"ELEKTROMAGNET ZAVOJNICA 24V DC 9W GRIJANJA KABINE Thermo 300.044 WEBASTO OE"},"content":{"rendered":"<p>1319616A WEBASTO  2710806B VALEO  11117507A WEBASTO  2710806B WEBASTO  1319616A WEBASTO  29313A WEBASTO  29313D WEBASTO  584 000 088 00 WINKLER  81779046013 MAN  81779736025 MAN  81.77904.6013 MAN  81.77973.6025 MAN  81.77904-6013 MAN  81.77973-6025 MAN  1802293130 SOLARIS  1802.293.130 SOLARIS  1802 293 130 SOLARIS  0048208810 MERCEDES  A0048208810 MERCEDES  004 820 88 10 MERCEDES  A 004 820 88 10 MERCEDES  500024622 WEBASTO  84413287760 WEBASTO  CH9040025 WEBASTO  KS11117507A WEBASTO  A0168202410 WEBASTO  58400008800 WEBASTO  Magnetspule  Solenoid coil 24V 9W  Bobina del solenoide  Bobine de sol\u00e9noide  Bobina de solenoide  Solenoide spoel  M\u00e1gnesszelep tekercs  Parking heating magnetic coil  Parking heating solenoid coil  Magnetspule der Standheizung  Bobina magnetica per riscaldamento di parcheggio  Bobina solenoide per riscaldamento di parcheggio  Bobina magn\u00e9tica de la calefacci\u00f3n de estacionamiento  Bobina solenoide de la calefacci\u00f3n de estacionamiento  Bobine magn\u00e9tique de chauffage de stationnement  Bobine sol\u00e9noide de chauffage de stationnement<\/p>\n","protected":false},"excerpt":{"rendered":"<p><img decoding=\"async\" class=\"alignnone size-medium wp-image-47106\" src=\"https:\/\/sindicom.hr\/wp-content\/uploads\/2025\/05\/1319616A-WEBASTO-300x70.png\" alt=\"\" width=\"300\" height=\"70\" srcset=\"https:\/\/sindicom.hr\/wp-content\/uploads\/2025\/05\/1319616A-WEBASTO-64x15.png 64w, https:\/\/sindicom.hr\/wp-content\/uploads\/2025\/05\/1319616A-WEBASTO-200x47.png 200w, https:\/\/sindicom.hr\/wp-content\/uploads\/2025\/05\/1319616A-WEBASTO-300x70.png 300w, https:\/\/sindicom.hr\/wp-content\/uploads\/2025\/05\/1319616A-WEBASTO-400x93.png 400w, https:\/\/sindicom.hr\/wp-content\/uploads\/2025\/05\/1319616A-WEBASTO-500x117.png 500w, https:\/\/sindicom.hr\/wp-content\/uploads\/2025\/05\/1319616A-WEBASTO-600x140.png 600w, https:\/\/sindicom.hr\/wp-content\/uploads\/2025\/05\/1319616A-WEBASTO-700x164.png 700w, https:\/\/sindicom.hr\/wp-content\/uploads\/2025\/05\/1319616A-WEBASTO-768x179.png 768w, https:\/\/sindicom.hr\/wp-content\/uploads\/2025\/05\/1319616A-WEBASTO-800x187.png 800w, https:\/\/sindicom.hr\/wp-content\/uploads\/2025\/05\/1319616A-WEBASTO-1024x239.png 1024w, https:\/\/sindicom.hr\/wp-content\/uploads\/2025\/05\/1319616A-WEBASTO-1200x280.png 1200w, https:\/\/sindicom.hr\/wp-content\/uploads\/2025\/05\/1319616A-WEBASTO-1536x359.png 1536w\" sizes=\"(max-width: 300px) 100vw, 300px\" \/><\/p>\n","protected":false},"featured_media":47102,"template":"","meta":{"inline_featured_image":false},"product_brand":[],"product_cat":[96,212,108,113,130,102,107,199],"product_tag":[],"class_list":{"0":"post-47101","1":"product","2":"type-product","3":"status-publish","4":"has-post-thumbnail","6":"product_cat-busevi","7":"product_cat-elektromagneti-electromagnets","8":"product_cat-man-teretna-vozila","9":"product_cat-mercedes-teretna-vozila","10":"product_cat-naslovna","11":"product_cat-solaris","12":"product_cat-teretna-vozila","13":"product_cat-webasto","15":"first","16":"instock","17":"shipping-taxable","18":"purchasable","19":"product-type-simple"},"yoast_head":"<!-- This site is optimized with the Yoast SEO plugin v26.2 - https:\/\/yoast.com\/wordpress\/plugins\/seo\/ -->\n<title>ELEKTROMAGNET ZAVOJNICA 24V DC 9W GRIJANJA KABINE Thermo 300.044 WEBASTO OE - Sindicom<\/title>\n<meta name=\"robots\" content=\"index, follow, max-snippet:-1, max-image-preview:large, max-video-preview:-1\" \/>\n<link rel=\"canonical\" href=\"https:\/\/sindicom.hr\/en\/katalog\/elektromagnet-zavojnica-24v-grijanja-kabine-thermo-300-044-webasto-oe\/\" \/>\n<meta property=\"og:locale\" content=\"en_US\" \/>\n<meta property=\"og:type\" content=\"article\" \/>\n<meta property=\"og:title\" content=\"ELEKTROMAGNET ZAVOJNICA 24V DC 9W GRIJANJA KABINE Thermo 300.044 WEBASTO OE - Sindicom\" \/>\n<meta property=\"og:url\" content=\"https:\/\/sindicom.hr\/en\/katalog\/elektromagnet-zavojnica-24v-grijanja-kabine-thermo-300-044-webasto-oe\/\" \/>\n<meta property=\"og:site_name\" content=\"Sindicom\" \/>\n<meta property=\"article:publisher\" content=\"https:\/\/www.facebook.com\/Sindicom-doo-170277286366043\/\" \/>\n<meta property=\"article:modified_time\" content=\"2025-10-27T12:16:11+00:00\" \/>\n<meta property=\"og:image\" content=\"https:\/\/sindicom.hr\/wp-content\/uploads\/2025\/05\/1319616A.webp\" \/>\n\t<meta property=\"og:image:width\" content=\"600\" \/>\n\t<meta property=\"og:image:height\" content=\"600\" \/>\n\t<meta property=\"og:image:type\" content=\"image\/webp\" \/>\n<meta name=\"twitter:card\" content=\"summary_large_image\" \/>\n<meta name=\"twitter:label1\" content=\"Est. reading time\" \/>\n\t<meta name=\"twitter:data1\" content=\"1 minute\" \/>\n<script type=\"application\/ld+json\" class=\"yoast-schema-graph\">{\"@context\":\"https:\/\/schema.org\",\"@graph\":[{\"@type\":\"WebPage\",\"@id\":\"https:\/\/sindicom.hr\/en\/katalog\/elektromagnet-zavojnica-24v-grijanja-kabine-thermo-300-044-webasto-oe\/\",\"url\":\"https:\/\/sindicom.hr\/en\/katalog\/elektromagnet-zavojnica-24v-grijanja-kabine-thermo-300-044-webasto-oe\/\",\"name\":\"ELEKTROMAGNET ZAVOJNICA 24V DC 9W GRIJANJA KABINE Thermo 300.044 WEBASTO OE - Sindicom\",\"isPartOf\":{\"@id\":\"https:\/\/sindicom.hr\/en\/#website\"},\"primaryImageOfPage\":{\"@id\":\"https:\/\/sindicom.hr\/en\/katalog\/elektromagnet-zavojnica-24v-grijanja-kabine-thermo-300-044-webasto-oe\/#primaryimage\"},\"image\":{\"@id\":\"https:\/\/sindicom.hr\/en\/katalog\/elektromagnet-zavojnica-24v-grijanja-kabine-thermo-300-044-webasto-oe\/#primaryimage\"},\"thumbnailUrl\":\"https:\/\/sindicom.hr\/wp-content\/uploads\/2025\/05\/1319616A.webp\",\"datePublished\":\"2025-05-15T12:09:48+00:00\",\"dateModified\":\"2025-10-27T12:16:11+00:00\",\"breadcrumb\":{\"@id\":\"https:\/\/sindicom.hr\/en\/katalog\/elektromagnet-zavojnica-24v-grijanja-kabine-thermo-300-044-webasto-oe\/#breadcrumb\"},\"inLanguage\":\"en-US\",\"potentialAction\":[{\"@type\":\"ReadAction\",\"target\":[\"https:\/\/sindicom.hr\/en\/katalog\/elektromagnet-zavojnica-24v-grijanja-kabine-thermo-300-044-webasto-oe\/\"]}]},{\"@type\":\"ImageObject\",\"inLanguage\":\"en-US\",\"@id\":\"https:\/\/sindicom.hr\/en\/katalog\/elektromagnet-zavojnica-24v-grijanja-kabine-thermo-300-044-webasto-oe\/#primaryimage\",\"url\":\"https:\/\/sindicom.hr\/wp-content\/uploads\/2025\/05\/1319616A.webp\",\"contentUrl\":\"https:\/\/sindicom.hr\/wp-content\/uploads\/2025\/05\/1319616A.webp\",\"width\":600,\"height\":600},{\"@type\":\"BreadcrumbList\",\"@id\":\"https:\/\/sindicom.hr\/en\/katalog\/elektromagnet-zavojnica-24v-grijanja-kabine-thermo-300-044-webasto-oe\/#breadcrumb\",\"itemListElement\":[{\"@type\":\"ListItem\",\"position\":1,\"name\":\"Po\u010detna stranica\",\"item\":\"https:\/\/sindicom.hr\/en\/\"},{\"@type\":\"ListItem\",\"position\":2,\"name\":\"Katalog dijelova\",\"item\":\"https:\/\/sindicom.hr\/en\/catalog\/\"},{\"@type\":\"ListItem\",\"position\":3,\"name\":\"ELEKTROMAGNET ZAVOJNICA 24V DC 9W GRIJANJA KABINE Thermo 300.044 WEBASTO OE\"}]},{\"@type\":\"WebSite\",\"@id\":\"https:\/\/sindicom.hr\/en\/#website\",\"url\":\"https:\/\/sindicom.hr\/en\/\",\"name\":\"SINDICOM\",\"description\":\"Trade and repair of pneumatic brakes, air and hydraulic systems for trucks and buses\",\"publisher\":{\"@id\":\"https:\/\/sindicom.hr\/en\/#organization\"},\"potentialAction\":[{\"@type\":\"SearchAction\",\"target\":{\"@type\":\"EntryPoint\",\"urlTemplate\":\"https:\/\/sindicom.hr\/en\/?s={search_term_string}\"},\"query-input\":{\"@type\":\"PropertyValueSpecification\",\"valueRequired\":true,\"valueName\":\"search_term_string\"}}],\"inLanguage\":\"en-US\"},{\"@type\":\"Organization\",\"@id\":\"https:\/\/sindicom.hr\/en\/#organization\",\"name\":\"SINDICOM d.o.o.\",\"url\":\"https:\/\/sindicom.hr\/en\/\",\"logo\":{\"@type\":\"ImageObject\",\"inLanguage\":\"en-US\",\"@id\":\"https:\/\/sindicom.hr\/en\/#\/schema\/logo\/image\/\",\"url\":\"https:\/\/sindicom.hr\/wp-content\/uploads\/2019\/11\/sindicom_logo_veliki1.jpg.png\",\"contentUrl\":\"https:\/\/sindicom.hr\/wp-content\/uploads\/2019\/11\/sindicom_logo_veliki1.jpg.png\",\"width\":732,\"height\":706,\"caption\":\"SINDICOM d.o.o.\"},\"image\":{\"@id\":\"https:\/\/sindicom.hr\/en\/#\/schema\/logo\/image\/\"},\"sameAs\":[\"https:\/\/www.facebook.com\/Sindicom-doo-170277286366043\/\",\"https:\/\/instagram.com\/sindicomdoo\"]}]}<\/script>\n<!-- \/ Yoast SEO plugin. -->","yoast_head_json":{"title":"ELEKTROMAGNET ZAVOJNICA 24V DC 9W GRIJANJA KABINE Thermo 300.044 WEBASTO OE - Sindicom","robots":{"index":"index","follow":"follow","max-snippet":"max-snippet:-1","max-image-preview":"max-image-preview:large","max-video-preview":"max-video-preview:-1"},"canonical":"https:\/\/sindicom.hr\/en\/katalog\/elektromagnet-zavojnica-24v-grijanja-kabine-thermo-300-044-webasto-oe\/","og_locale":"en_US","og_type":"article","og_title":"ELEKTROMAGNET ZAVOJNICA 24V DC 9W GRIJANJA KABINE Thermo 300.044 WEBASTO OE - Sindicom","og_url":"https:\/\/sindicom.hr\/en\/katalog\/elektromagnet-zavojnica-24v-grijanja-kabine-thermo-300-044-webasto-oe\/","og_site_name":"Sindicom","article_publisher":"https:\/\/www.facebook.com\/Sindicom-doo-170277286366043\/","article_modified_time":"2025-10-27T12:16:11+00:00","og_image":[{"width":600,"height":600,"url":"https:\/\/sindicom.hr\/wp-content\/uploads\/2025\/05\/1319616A.webp","type":"image\/webp"}],"twitter_card":"summary_large_image","twitter_misc":{"Est. reading time":"1 minute"},"schema":{"@context":"https:\/\/schema.org","@graph":[{"@type":"WebPage","@id":"https:\/\/sindicom.hr\/en\/katalog\/elektromagnet-zavojnica-24v-grijanja-kabine-thermo-300-044-webasto-oe\/","url":"https:\/\/sindicom.hr\/en\/katalog\/elektromagnet-zavojnica-24v-grijanja-kabine-thermo-300-044-webasto-oe\/","name":"ELEKTROMAGNET ZAVOJNICA 24V DC 9W GRIJANJA KABINE Thermo 300.044 WEBASTO OE - Sindicom","isPartOf":{"@id":"https:\/\/sindicom.hr\/en\/#website"},"primaryImageOfPage":{"@id":"https:\/\/sindicom.hr\/en\/katalog\/elektromagnet-zavojnica-24v-grijanja-kabine-thermo-300-044-webasto-oe\/#primaryimage"},"image":{"@id":"https:\/\/sindicom.hr\/en\/katalog\/elektromagnet-zavojnica-24v-grijanja-kabine-thermo-300-044-webasto-oe\/#primaryimage"},"thumbnailUrl":"https:\/\/sindicom.hr\/wp-content\/uploads\/2025\/05\/1319616A.webp","datePublished":"2025-05-15T12:09:48+00:00","dateModified":"2025-10-27T12:16:11+00:00","breadcrumb":{"@id":"https:\/\/sindicom.hr\/en\/katalog\/elektromagnet-zavojnica-24v-grijanja-kabine-thermo-300-044-webasto-oe\/#breadcrumb"},"inLanguage":"en-US","potentialAction":[{"@type":"ReadAction","target":["https:\/\/sindicom.hr\/en\/katalog\/elektromagnet-zavojnica-24v-grijanja-kabine-thermo-300-044-webasto-oe\/"]}]},{"@type":"ImageObject","inLanguage":"en-US","@id":"https:\/\/sindicom.hr\/en\/katalog\/elektromagnet-zavojnica-24v-grijanja-kabine-thermo-300-044-webasto-oe\/#primaryimage","url":"https:\/\/sindicom.hr\/wp-content\/uploads\/2025\/05\/1319616A.webp","contentUrl":"https:\/\/sindicom.hr\/wp-content\/uploads\/2025\/05\/1319616A.webp","width":600,"height":600},{"@type":"BreadcrumbList","@id":"https:\/\/sindicom.hr\/en\/katalog\/elektromagnet-zavojnica-24v-grijanja-kabine-thermo-300-044-webasto-oe\/#breadcrumb","itemListElement":[{"@type":"ListItem","position":1,"name":"Po\u010detna stranica","item":"https:\/\/sindicom.hr\/en\/"},{"@type":"ListItem","position":2,"name":"Katalog dijelova","item":"https:\/\/sindicom.hr\/en\/catalog\/"},{"@type":"ListItem","position":3,"name":"ELEKTROMAGNET ZAVOJNICA 24V DC 9W GRIJANJA KABINE Thermo 300.044 WEBASTO OE"}]},{"@type":"WebSite","@id":"https:\/\/sindicom.hr\/en\/#website","url":"https:\/\/sindicom.hr\/en\/","name":"SINDICOM","description":"Trade and repair of pneumatic brakes, air and hydraulic systems for trucks and buses","publisher":{"@id":"https:\/\/sindicom.hr\/en\/#organization"},"potentialAction":[{"@type":"SearchAction","target":{"@type":"EntryPoint","urlTemplate":"https:\/\/sindicom.hr\/en\/?s={search_term_string}"},"query-input":{"@type":"PropertyValueSpecification","valueRequired":true,"valueName":"search_term_string"}}],"inLanguage":"en-US"},{"@type":"Organization","@id":"https:\/\/sindicom.hr\/en\/#organization","name":"SINDICOM d.o.o.","url":"https:\/\/sindicom.hr\/en\/","logo":{"@type":"ImageObject","inLanguage":"en-US","@id":"https:\/\/sindicom.hr\/en\/#\/schema\/logo\/image\/","url":"https:\/\/sindicom.hr\/wp-content\/uploads\/2019\/11\/sindicom_logo_veliki1.jpg.png","contentUrl":"https:\/\/sindicom.hr\/wp-content\/uploads\/2019\/11\/sindicom_logo_veliki1.jpg.png","width":732,"height":706,"caption":"SINDICOM d.o.o."},"image":{"@id":"https:\/\/sindicom.hr\/en\/#\/schema\/logo\/image\/"},"sameAs":["https:\/\/www.facebook.com\/Sindicom-doo-170277286366043\/","https:\/\/instagram.com\/sindicomdoo"]}]}},"_links":{"self":[{"href":"https:\/\/sindicom.hr\/en\/wp-json\/wp\/v2\/product\/47101","targetHints":{"allow":["GET"]}}],"collection":[{"href":"https:\/\/sindicom.hr\/en\/wp-json\/wp\/v2\/product"}],"about":[{"href":"https:\/\/sindicom.hr\/en\/wp-json\/wp\/v2\/types\/product"}],"wp:featuredmedia":[{"embeddable":true,"href":"https:\/\/sindicom.hr\/en\/wp-json\/wp\/v2\/media\/47102"}],"wp:attachment":[{"href":"https:\/\/sindicom.hr\/en\/wp-json\/wp\/v2\/media?parent=47101"}],"wp:term":[{"taxonomy":"product_brand","embeddable":true,"href":"https:\/\/sindicom.hr\/en\/wp-json\/wp\/v2\/product_brand?post=47101"},{"taxonomy":"product_cat","embeddable":true,"href":"https:\/\/sindicom.hr\/en\/wp-json\/wp\/v2\/product_cat?post=47101"},{"taxonomy":"product_tag","embeddable":true,"href":"https:\/\/sindicom.hr\/en\/wp-json\/wp\/v2\/product_tag?post=47101"}],"curies":[{"name":"wp","href":"https:\/\/api.w.org\/{rel}","templated":true}]}}